{"id":81644,"date":"2026-04-25T16:05:28","date_gmt":"2026-04-25T13:05:28","guid":{"rendered":"https:\/\/stafit.ee\/toode\/t-sark-ri%d1%81olong-c3-1-1-hv-oran\/"},"modified":"2026-04-26T12:17:00","modified_gmt":"2026-04-26T09:17:00","slug":"t-sark-ri%d1%81olong-c3-1-1-hv-oran","status":"publish","type":"product","link":"https:\/\/stafit.ee\/ru\/tovar\/t-sark-ri%d1%81olong-c3-1-1-hv-oran\/","title":{"rendered":"T-s\u00e4rk RI\u0421OLONG &#8212; C3 1\/1 HV oran"},"content":{"rendered":"","protected":false},"excerpt":{"rendered":"","protected":false},"featured_media":0,"template":"","meta":[],"pwb-brand":[],"product_brand":[],"product_cat":[1008],"product_tag":[],"class_list":{"0":"post-81644","1":"product","2":"type-product","3":"status-publish","5":"product_cat-hi-vis-t-sargid-polod","7":"first","8":"instock","9":"taxable","10":"shipping-taxable","11":"purchasable","12":"product-type-variable"},"yoast_head":"<!-- This site is optimized with the Yoast SEO plugin v27.0 - https:\/\/yoast.com\/product\/yoast-seo-wordpress\/ -->\n<title>T-s\u00e4rk RI\u0421OLONG - C3 1\/1 HV oran - Stafit O\u00dc<\/title>\n<meta name=\"robots\" content=\"index, follow, max-snippet:-1, max-image-preview:large, max-video-preview:-1\" \/>\n<link rel=\"canonical\" href=\"https:\/\/stafit.ee\/toode\/t-sark-ri\u0441olong-c3-1-1-hv-oran\/\" \/>\n<meta property=\"og:locale\" content=\"ru_RU\" \/>\n<meta property=\"og:type\" content=\"article\" \/>\n<meta property=\"og:title\" content=\"T-s\u00e4rk RI\u0421OLONG - C3 1\/1 HV oran - Stafit O\u00dc\" \/>\n<meta property=\"og:url\" content=\"https:\/\/stafit.ee\/toode\/t-sark-ri\u0441olong-c3-1-1-hv-oran\/\" \/>\n<meta property=\"og:site_name\" content=\"Stafit O\u00dc\" \/>\n<meta property=\"article:modified_time\" content=\"2026-04-26T09:17:00+00:00\" \/>\n<meta name=\"twitter:card\" content=\"summary_large_image\" \/>\n<script type=\"application\/ld+json\" class=\"yoast-schema-graph\">{\"@context\":\"https:\/\/schema.org\",\"@graph\":[{\"@type\":\"WebPage\",\"@id\":\"https:\/\/stafit.ee\/toode\/t-sark-ri%d1%81olong-c3-1-1-hv-oran\/\",\"url\":\"https:\/\/stafit.ee\/toode\/t-sark-ri%d1%81olong-c3-1-1-hv-oran\/\",\"name\":\"T-s\u00e4rk RI\u0421OLONG - C3 1\/1 HV oran - Stafit O\u00dc\",\"isPartOf\":{\"@id\":\"https:\/\/stafit.ee\/#website\"},\"datePublished\":\"2026-04-25T13:05:28+00:00\",\"dateModified\":\"2026-04-26T09:17:00+00:00\",\"breadcrumb\":{\"@id\":\"https:\/\/stafit.ee\/toode\/t-sark-ri%d1%81olong-c3-1-1-hv-oran\/#breadcrumb\"},\"inLanguage\":\"ru-RU\",\"potentialAction\":[{\"@type\":\"ReadAction\",\"target\":[\"https:\/\/stafit.ee\/toode\/t-sark-ri%d1%81olong-c3-1-1-hv-oran\/\"]}]},{\"@type\":\"BreadcrumbList\",\"@id\":\"https:\/\/stafit.ee\/toode\/t-sark-ri%d1%81olong-c3-1-1-hv-oran\/#breadcrumb\",\"itemListElement\":[{\"@type\":\"ListItem\",\"position\":1,\"name\":\"Home\",\"item\":\"https:\/\/stafit.ee\/ru\/\"},{\"@type\":\"ListItem\",\"position\":2,\"name\":\"\u041c\u0430\u0433\u0430\u0437\u0438\u043d\",\"item\":\"https:\/\/stafit.ee\/ru\/pood\/\"},{\"@type\":\"ListItem\",\"position\":3,\"name\":\"T-s\u00e4rk RI\u0421OLONG &#8211; C3 1\/1 HV oran\"}]},{\"@type\":\"WebSite\",\"@id\":\"https:\/\/stafit.ee\/#website\",\"url\":\"https:\/\/stafit.ee\/\",\"name\":\"Stafit O\u00dc\",\"description\":\"T\u00f6\u00f6riete ja ohutusvahendite jae ja hulgim\u00fc\u00fck\",\"potentialAction\":[{\"@type\":\"SearchAction\",\"target\":{\"@type\":\"EntryPoint\",\"urlTemplate\":\"https:\/\/stafit.ee\/?s={search_term_string}\"},\"query-input\":{\"@type\":\"PropertyValueSpecification\",\"valueRequired\":true,\"valueName\":\"search_term_string\"}}],\"inLanguage\":\"ru-RU\"}]}<\/script>\n<!-- \/ Yoast SEO plugin. -->","yoast_head_json":{"title":"T-s\u00e4rk RI\u0421OLONG - C3 1\/1 HV oran - Stafit O\u00dc","robots":{"index":"index","follow":"follow","max-snippet":"max-snippet:-1","max-image-preview":"max-image-preview:large","max-video-preview":"max-video-preview:-1"},"canonical":"https:\/\/stafit.ee\/toode\/t-sark-ri\u0441olong-c3-1-1-hv-oran\/","og_locale":"ru_RU","og_type":"article","og_title":"T-s\u00e4rk RI\u0421OLONG - C3 1\/1 HV oran - Stafit O\u00dc","og_url":"https:\/\/stafit.ee\/toode\/t-sark-ri\u0441olong-c3-1-1-hv-oran\/","og_site_name":"Stafit O\u00dc","article_modified_time":"2026-04-26T09:17:00+00:00","twitter_card":"summary_large_image","schema":{"@context":"https:\/\/schema.org","@graph":[{"@type":"WebPage","@id":"https:\/\/stafit.ee\/toode\/t-sark-ri%d1%81olong-c3-1-1-hv-oran\/","url":"https:\/\/stafit.ee\/toode\/t-sark-ri%d1%81olong-c3-1-1-hv-oran\/","name":"T-s\u00e4rk RI\u0421OLONG - C3 1\/1 HV oran - Stafit O\u00dc","isPartOf":{"@id":"https:\/\/stafit.ee\/#website"},"datePublished":"2026-04-25T13:05:28+00:00","dateModified":"2026-04-26T09:17:00+00:00","breadcrumb":{"@id":"https:\/\/stafit.ee\/toode\/t-sark-ri%d1%81olong-c3-1-1-hv-oran\/#breadcrumb"},"inLanguage":"ru-RU","potentialAction":[{"@type":"ReadAction","target":["https:\/\/stafit.ee\/toode\/t-sark-ri%d1%81olong-c3-1-1-hv-oran\/"]}]},{"@type":"BreadcrumbList","@id":"https:\/\/stafit.ee\/toode\/t-sark-ri%d1%81olong-c3-1-1-hv-oran\/#breadcrumb","itemListElement":[{"@type":"ListItem","position":1,"name":"Home","item":"https:\/\/stafit.ee\/ru\/"},{"@type":"ListItem","position":2,"name":"\u041c\u0430\u0433\u0430\u0437\u0438\u043d","item":"https:\/\/stafit.ee\/ru\/pood\/"},{"@type":"ListItem","position":3,"name":"T-s\u00e4rk RI\u0421OLONG &#8211; C3 1\/1 HV oran"}]},{"@type":"WebSite","@id":"https:\/\/stafit.ee\/#website","url":"https:\/\/stafit.ee\/","name":"Stafit O\u00dc","description":"T\u00f6\u00f6riete ja ohutusvahendite jae ja hulgim\u00fc\u00fck","potentialAction":[{"@type":"SearchAction","target":{"@type":"EntryPoint","urlTemplate":"https:\/\/stafit.ee\/?s={search_term_string}"},"query-input":{"@type":"PropertyValueSpecification","valueRequired":true,"valueName":"search_term_string"}}],"inLanguage":"ru-RU"}]}},"brands":[],"_links":{"self":[{"href":"https:\/\/stafit.ee\/ru\/wp-json\/wp\/v2\/product\/81644","targetHints":{"allow":["GET"]}}],"collection":[{"href":"https:\/\/stafit.ee\/ru\/wp-json\/wp\/v2\/product"}],"about":[{"href":"https:\/\/stafit.ee\/ru\/wp-json\/wp\/v2\/types\/product"}],"wp:attachment":[{"href":"https:\/\/stafit.ee\/ru\/wp-json\/wp\/v2\/media?parent=81644"}],"wp:term":[{"taxonomy":"pwb-brand","embeddable":true,"href":"https:\/\/stafit.ee\/ru\/wp-json\/wp\/v2\/pwb-brand?post=81644"},{"taxonomy":"product_brand","embeddable":true,"href":"https:\/\/stafit.ee\/ru\/wp-json\/wp\/v2\/product_brand?post=81644"},{"taxonomy":"product_cat","embeddable":true,"href":"https:\/\/stafit.ee\/ru\/wp-json\/wp\/v2\/product_cat?post=81644"},{"taxonomy":"product_tag","embeddable":true,"href":"https:\/\/stafit.ee\/ru\/wp-json\/wp\/v2\/product_tag?post=81644"}],"curies":[{"name":"wp","href":"https:\/\/api.w.org\/{rel}","templated":true}]}}