{"id":81630,"date":"2026-04-22T16:05:02","date_gmt":"2026-04-22T13:05:02","guid":{"rendered":"https:\/\/stafit.ee\/toode\/pusa-fenixplus-c1-must-kol-k-ga\/"},"modified":"2026-04-27T15:33:48","modified_gmt":"2026-04-27T12:33:48","slug":"pusa-fenixplus-c1-must-kol-k-ga","status":"publish","type":"product","link":"https:\/\/stafit.ee\/tovar\/pusa-fenixplus-c1-must-kol-k-ga\/","title":{"rendered":"Pusa Fenixplus -C1 must\/kol k-ga"},"content":{"rendered":"<p>Soe, mugav ja veniv dressipluus aktiivseks t\u00f6\u00f6ks jahedates tingimustes.<\/p>\n<p><strong>Kangas<\/strong><br \/>\nP\u00f5hikangas: 79% puuvill, 16% pol\u00fcester, 5% elastaan, 360 g\/m\u00b2<br \/>\nLisakangas: 100% pol\u00fcester, 290 g\/m\u00b2<\/p>\n<p><strong>Kanga omadused<\/strong><br \/>\nSoe, hingav ja elastne kangas.<br \/>\nNiiskust eemale juhtiv pol\u00fcester aitab hoida naha kuivana.<br \/>\nPuuvill aitab s\u00e4ilitada kehasoojust.<br \/>\nPol\u00fcesterpaneelid lisavad vastupidavust ja kuivavad kiiresti.<\/p>\n<p><strong>Omadused<\/strong><br \/>\n1.klassi k\u00f5rgn\u00e4htav disain.<br \/>\nSoe ja hingav kangasegu.<br \/>\nElastne materjal tagab parema liikumisvabaduse.<br \/>\nK\u00f5rgem krae koos kapuutsiga pakub lisakaitset.<br \/>\nT\u00e4ispikk eesmine t\u00f5mblukk.<br \/>\nKaks lukuga k\u00fcljetaskut.<br \/>\nElastsed mansetid mugavaks kandmiseks.<br \/>\nM\u00f5eldud meestele, kuid sobib ka naistele.<\/p>\n","protected":false},"excerpt":{"rendered":"<p>Soe, mugav ja veniv dressipluus aktiivseks t\u00f6\u00f6ks jahedates tingimustes. Kangas P\u00f5hikangas: 79% puuvill, 16% pol\u00fcester, 5% elastaan, 360 g\/m\u00b2 Lisakangas: 100% pol\u00fcester, 290 g\/m\u00b2 Kanga omadused Soe, hingav ja elastne kangas. Niiskust eemale juhtiv pol\u00fcester aitab hoida naha kuivana. Puuvill aitab s\u00e4ilitada kehasoojust. Pol\u00fcesterpaneelid lisavad vastupidavust ja kuivavad kiiresti. Omadused 1.klassi k\u00f5rgn\u00e4htav disain. Soe ja&#8230;<\/p>\n","protected":false},"featured_media":81657,"template":"","meta":[],"pwb-brand":[329],"product_brand":[],"product_cat":[1013],"product_tag":[],"class_list":{"0":"post-81630","1":"product","2":"type-product","3":"status-publish","4":"has-post-thumbnail","6":"pwb-brand-saugima","7":"product_cat-hi-vis-pusad","9":"first","10":"instock","11":"taxable","12":"shipping-taxable","13":"purchasable","14":"product-type-variable"},"yoast_head":"<!-- This site is optimized with the Yoast SEO plugin v27.0 - https:\/\/yoast.com\/product\/yoast-seo-wordpress\/ -->\n<title>Pusa Fenixplus -C1 must\/kol k-ga - Stafit O\u00dc<\/title>\n<meta name=\"robots\" content=\"index, follow, max-snippet:-1, max-image-preview:large, max-video-preview:-1\" \/>\n<link rel=\"canonical\" href=\"https:\/\/stafit.ee\/toode\/pusa-fenixplus-c1-must-kol-k-ga\/\" \/>\n<meta property=\"og:locale\" content=\"ru_RU\" \/>\n<meta property=\"og:type\" content=\"article\" \/>\n<meta property=\"og:title\" content=\"Pusa Fenixplus -C1 must\/kol k-ga - Stafit O\u00dc\" \/>\n<meta property=\"og:description\" content=\"Soe, mugav ja veniv dressipluus aktiivseks t\u00f6\u00f6ks jahedates tingimustes. Kangas P\u00f5hikangas: 79% puuvill, 16% pol\u00fcester, 5% elastaan, 360 g\/m\u00b2 Lisakangas: 100% pol\u00fcester, 290 g\/m\u00b2 Kanga omadused Soe, hingav ja elastne kangas. Niiskust eemale juhtiv pol\u00fcester aitab hoida naha kuivana. Puuvill aitab s\u00e4ilitada kehasoojust. Pol\u00fcesterpaneelid lisavad vastupidavust ja kuivavad kiiresti. Omadused 1.klassi k\u00f5rgn\u00e4htav disain. Soe ja...\" \/>\n<meta property=\"og:url\" content=\"https:\/\/stafit.ee\/toode\/pusa-fenixplus-c1-must-kol-k-ga\/\" \/>\n<meta property=\"og:site_name\" content=\"Stafit O\u00dc\" \/>\n<meta property=\"article:modified_time\" content=\"2026-04-27T12:33:48+00:00\" \/>\n<meta property=\"og:image\" content=\"https:\/\/stafit.ee\/wp-content\/uploads\/2026\/04\/Fenixplus-1.jpg\" \/>\n\t<meta property=\"og:image:width\" content=\"1000\" \/>\n\t<meta property=\"og:image:height\" content=\"1000\" \/>\n\t<meta property=\"og:image:type\" content=\"image\/jpeg\" \/>\n<meta name=\"twitter:card\" content=\"summary_large_image\" \/>\n<meta name=\"twitter:label1\" content=\"\u041f\u0440\u0438\u043c\u0435\u0440\u043d\u043e\u0435 \u0432\u0440\u0435\u043c\u044f \u0434\u043b\u044f \u0447\u0442\u0435\u043d\u0438\u044f\" \/>\n\t<meta name=\"twitter:data1\" content=\"1 \u043c\u0438\u043d\u0443\u0442\u0430\" \/>\n<script type=\"application\/ld+json\" class=\"yoast-schema-graph\">{\"@context\":\"https:\/\/schema.org\",\"@graph\":[{\"@type\":\"WebPage\",\"@id\":\"https:\/\/stafit.ee\/toode\/pusa-fenixplus-c1-must-kol-k-ga\/\",\"url\":\"https:\/\/stafit.ee\/toode\/pusa-fenixplus-c1-must-kol-k-ga\/\",\"name\":\"Pusa Fenixplus -C1 must\/kol k-ga - Stafit O\u00dc\",\"isPartOf\":{\"@id\":\"https:\/\/stafit.ee\/#website\"},\"primaryImageOfPage\":{\"@id\":\"https:\/\/stafit.ee\/toode\/pusa-fenixplus-c1-must-kol-k-ga\/#primaryimage\"},\"image\":{\"@id\":\"https:\/\/stafit.ee\/toode\/pusa-fenixplus-c1-must-kol-k-ga\/#primaryimage\"},\"thumbnailUrl\":\"https:\/\/stafit.ee\/wp-content\/uploads\/2026\/04\/Fenixplus-1.jpg\",\"datePublished\":\"2026-04-22T13:05:02+00:00\",\"dateModified\":\"2026-04-27T12:33:48+00:00\",\"breadcrumb\":{\"@id\":\"https:\/\/stafit.ee\/toode\/pusa-fenixplus-c1-must-kol-k-ga\/#breadcrumb\"},\"inLanguage\":\"ru-RU\",\"potentialAction\":[{\"@type\":\"ReadAction\",\"target\":[\"https:\/\/stafit.ee\/toode\/pusa-fenixplus-c1-must-kol-k-ga\/\"]}]},{\"@type\":\"ImageObject\",\"inLanguage\":\"ru-RU\",\"@id\":\"https:\/\/stafit.ee\/toode\/pusa-fenixplus-c1-must-kol-k-ga\/#primaryimage\",\"url\":\"https:\/\/stafit.ee\/wp-content\/uploads\/2026\/04\/Fenixplus-1.jpg\",\"contentUrl\":\"https:\/\/stafit.ee\/wp-content\/uploads\/2026\/04\/Fenixplus-1.jpg\",\"width\":1000,\"height\":1000},{\"@type\":\"BreadcrumbList\",\"@id\":\"https:\/\/stafit.ee\/toode\/pusa-fenixplus-c1-must-kol-k-ga\/#breadcrumb\",\"itemListElement\":[{\"@type\":\"ListItem\",\"position\":1,\"name\":\"Home\",\"item\":\"https:\/\/stafit.ee\/ru\/\"},{\"@type\":\"ListItem\",\"position\":2,\"name\":\"\u041c\u0430\u0433\u0430\u0437\u0438\u043d\",\"item\":\"https:\/\/stafit.ee\/ru\/pood\/\"},{\"@type\":\"ListItem\",\"position\":3,\"name\":\"Pusa Fenixplus -C1 must\/kol k-ga\"}]},{\"@type\":\"WebSite\",\"@id\":\"https:\/\/stafit.ee\/#website\",\"url\":\"https:\/\/stafit.ee\/\",\"name\":\"Stafit O\u00dc\",\"description\":\"T\u00f6\u00f6riete ja ohutusvahendite jae ja hulgim\u00fc\u00fck\",\"potentialAction\":[{\"@type\":\"SearchAction\",\"target\":{\"@type\":\"EntryPoint\",\"urlTemplate\":\"https:\/\/stafit.ee\/?s={search_term_string}\"},\"query-input\":{\"@type\":\"PropertyValueSpecification\",\"valueRequired\":true,\"valueName\":\"search_term_string\"}}],\"inLanguage\":\"ru-RU\"}]}<\/script>\n<!-- \/ Yoast SEO plugin. -->","yoast_head_json":{"title":"Pusa Fenixplus -C1 must\/kol k-ga - Stafit O\u00dc","robots":{"index":"index","follow":"follow","max-snippet":"max-snippet:-1","max-image-preview":"max-image-preview:large","max-video-preview":"max-video-preview:-1"},"canonical":"https:\/\/stafit.ee\/toode\/pusa-fenixplus-c1-must-kol-k-ga\/","og_locale":"ru_RU","og_type":"article","og_title":"Pusa Fenixplus -C1 must\/kol k-ga - Stafit O\u00dc","og_description":"Soe, mugav ja veniv dressipluus aktiivseks t\u00f6\u00f6ks jahedates tingimustes. Kangas P\u00f5hikangas: 79% puuvill, 16% pol\u00fcester, 5% elastaan, 360 g\/m\u00b2 Lisakangas: 100% pol\u00fcester, 290 g\/m\u00b2 Kanga omadused Soe, hingav ja elastne kangas. Niiskust eemale juhtiv pol\u00fcester aitab hoida naha kuivana. Puuvill aitab s\u00e4ilitada kehasoojust. Pol\u00fcesterpaneelid lisavad vastupidavust ja kuivavad kiiresti. Omadused 1.klassi k\u00f5rgn\u00e4htav disain. Soe ja...","og_url":"https:\/\/stafit.ee\/toode\/pusa-fenixplus-c1-must-kol-k-ga\/","og_site_name":"Stafit O\u00dc","article_modified_time":"2026-04-27T12:33:48+00:00","og_image":[{"width":1000,"height":1000,"url":"https:\/\/stafit.ee\/wp-content\/uploads\/2026\/04\/Fenixplus-1.jpg","type":"image\/jpeg"}],"twitter_card":"summary_large_image","twitter_misc":{"\u041f\u0440\u0438\u043c\u0435\u0440\u043d\u043e\u0435 \u0432\u0440\u0435\u043c\u044f \u0434\u043b\u044f \u0447\u0442\u0435\u043d\u0438\u044f":"1 \u043c\u0438\u043d\u0443\u0442\u0430"},"schema":{"@context":"https:\/\/schema.org","@graph":[{"@type":"WebPage","@id":"https:\/\/stafit.ee\/toode\/pusa-fenixplus-c1-must-kol-k-ga\/","url":"https:\/\/stafit.ee\/toode\/pusa-fenixplus-c1-must-kol-k-ga\/","name":"Pusa Fenixplus -C1 must\/kol k-ga - Stafit O\u00dc","isPartOf":{"@id":"https:\/\/stafit.ee\/#website"},"primaryImageOfPage":{"@id":"https:\/\/stafit.ee\/toode\/pusa-fenixplus-c1-must-kol-k-ga\/#primaryimage"},"image":{"@id":"https:\/\/stafit.ee\/toode\/pusa-fenixplus-c1-must-kol-k-ga\/#primaryimage"},"thumbnailUrl":"https:\/\/stafit.ee\/wp-content\/uploads\/2026\/04\/Fenixplus-1.jpg","datePublished":"2026-04-22T13:05:02+00:00","dateModified":"2026-04-27T12:33:48+00:00","breadcrumb":{"@id":"https:\/\/stafit.ee\/toode\/pusa-fenixplus-c1-must-kol-k-ga\/#breadcrumb"},"inLanguage":"ru-RU","potentialAction":[{"@type":"ReadAction","target":["https:\/\/stafit.ee\/toode\/pusa-fenixplus-c1-must-kol-k-ga\/"]}]},{"@type":"ImageObject","inLanguage":"ru-RU","@id":"https:\/\/stafit.ee\/toode\/pusa-fenixplus-c1-must-kol-k-ga\/#primaryimage","url":"https:\/\/stafit.ee\/wp-content\/uploads\/2026\/04\/Fenixplus-1.jpg","contentUrl":"https:\/\/stafit.ee\/wp-content\/uploads\/2026\/04\/Fenixplus-1.jpg","width":1000,"height":1000},{"@type":"BreadcrumbList","@id":"https:\/\/stafit.ee\/toode\/pusa-fenixplus-c1-must-kol-k-ga\/#breadcrumb","itemListElement":[{"@type":"ListItem","position":1,"name":"Home","item":"https:\/\/stafit.ee\/ru\/"},{"@type":"ListItem","position":2,"name":"\u041c\u0430\u0433\u0430\u0437\u0438\u043d","item":"https:\/\/stafit.ee\/ru\/pood\/"},{"@type":"ListItem","position":3,"name":"Pusa Fenixplus -C1 must\/kol k-ga"}]},{"@type":"WebSite","@id":"https:\/\/stafit.ee\/#website","url":"https:\/\/stafit.ee\/","name":"Stafit O\u00dc","description":"T\u00f6\u00f6riete ja ohutusvahendite jae ja hulgim\u00fc\u00fck","potentialAction":[{"@type":"SearchAction","target":{"@type":"EntryPoint","urlTemplate":"https:\/\/stafit.ee\/?s={search_term_string}"},"query-input":{"@type":"PropertyValueSpecification","valueRequired":true,"valueName":"search_term_string"}}],"inLanguage":"ru-RU"}]}},"brands":[{"id":329,"name":"Saugima","slug":"saugima"}],"_links":{"self":[{"href":"https:\/\/stafit.ee\/ru\/wp-json\/wp\/v2\/product\/81630","targetHints":{"allow":["GET"]}}],"collection":[{"href":"https:\/\/stafit.ee\/ru\/wp-json\/wp\/v2\/product"}],"about":[{"href":"https:\/\/stafit.ee\/ru\/wp-json\/wp\/v2\/types\/product"}],"wp:featuredmedia":[{"embeddable":true,"href":"https:\/\/stafit.ee\/ru\/wp-json\/wp\/v2\/media\/81657"}],"wp:attachment":[{"href":"https:\/\/stafit.ee\/ru\/wp-json\/wp\/v2\/media?parent=81630"}],"wp:term":[{"taxonomy":"pwb-brand","embeddable":true,"href":"https:\/\/stafit.ee\/ru\/wp-json\/wp\/v2\/pwb-brand?post=81630"},{"taxonomy":"product_brand","embeddable":true,"href":"https:\/\/stafit.ee\/ru\/wp-json\/wp\/v2\/product_brand?post=81630"},{"taxonomy":"product_cat","embeddable":true,"href":"https:\/\/stafit.ee\/ru\/wp-json\/wp\/v2\/product_cat?post=81630"},{"taxonomy":"product_tag","embeddable":true,"href":"https:\/\/stafit.ee\/ru\/wp-json\/wp\/v2\/product_tag?post=81630"}],"curies":[{"name":"wp","href":"https:\/\/api.w.org\/{rel}","templated":true}]}}