{"id":77357,"date":"2025-10-24T14:06:57","date_gmt":"2025-10-24T11:06:57","guid":{"rendered":"https:\/\/stafit.ee\/toode\/toosaapad-ultrite-go\/"},"modified":"2026-04-08T18:24:55","modified_gmt":"2026-04-08T15:24:55","slug":"toosaapad-ultrite-go","status":"publish","type":"product","link":"https:\/\/stafit.ee\/ru\/tovar\/toosaapad-ultrite-go\/","title":{"rendered":"T\u00f6\u00f6saapad ULTRITE Go"},"content":{"rendered":"","protected":false},"excerpt":{"rendered":"","protected":false},"featured_media":77399,"template":"","meta":[],"pwb-brand":[],"product_brand":[],"product_cat":[855],"product_tag":[],"class_list":{"0":"post-77357","1":"product","2":"type-product","3":"status-publish","4":"has-post-thumbnail","6":"product_cat-too-ja-vabaaja-jalatsid","8":"first","9":"instock","10":"taxable","11":"shipping-taxable","12":"purchasable","13":"product-type-variable"},"yoast_head":"<!-- This site is optimized with the Yoast SEO plugin v27.0 - https:\/\/yoast.com\/product\/yoast-seo-wordpress\/ -->\n<title>T\u00f6\u00f6saapad ULTRITE Go - Stafit O\u00dc<\/title>\n<meta name=\"robots\" content=\"index, follow, max-snippet:-1, max-image-preview:large, max-video-preview:-1\" \/>\n<link rel=\"canonical\" href=\"https:\/\/stafit.ee\/toode\/toosaapad-ultrite-go\/\" \/>\n<meta property=\"og:locale\" content=\"ru_RU\" \/>\n<meta property=\"og:type\" content=\"article\" \/>\n<meta property=\"og:title\" content=\"T\u00f6\u00f6saapad ULTRITE Go - Stafit O\u00dc\" \/>\n<meta property=\"og:url\" content=\"https:\/\/stafit.ee\/toode\/toosaapad-ultrite-go\/\" \/>\n<meta property=\"og:site_name\" content=\"Stafit O\u00dc\" \/>\n<meta property=\"article:modified_time\" content=\"2026-04-08T15:24:55+00:00\" \/>\n<meta property=\"og:image\" content=\"https:\/\/stafit.ee\/wp-content\/uploads\/2025\/10\/G3435-1.webp\" \/>\n\t<meta property=\"og:image:width\" content=\"720\" \/>\n\t<meta property=\"og:image:height\" content=\"883\" \/>\n\t<meta property=\"og:image:type\" content=\"image\/webp\" \/>\n<meta name=\"twitter:card\" content=\"summary_large_image\" \/>\n<meta name=\"twitter:label1\" content=\"\u041f\u0440\u0438\u043c\u0435\u0440\u043d\u043e\u0435 \u0432\u0440\u0435\u043c\u044f \u0434\u043b\u044f \u0447\u0442\u0435\u043d\u0438\u044f\" \/>\n\t<meta name=\"twitter:data1\" content=\"1 \u043c\u0438\u043d\u0443\u0442\u0430\" \/>\n<script type=\"application\/ld+json\" class=\"yoast-schema-graph\">{\"@context\":\"https:\/\/schema.org\",\"@graph\":[{\"@type\":\"WebPage\",\"@id\":\"https:\/\/stafit.ee\/toode\/toosaapad-ultrite-go\/\",\"url\":\"https:\/\/stafit.ee\/toode\/toosaapad-ultrite-go\/\",\"name\":\"T\u00f6\u00f6saapad ULTRITE Go - Stafit O\u00dc\",\"isPartOf\":{\"@id\":\"https:\/\/stafit.ee\/#website\"},\"primaryImageOfPage\":{\"@id\":\"https:\/\/stafit.ee\/toode\/toosaapad-ultrite-go\/#primaryimage\"},\"image\":{\"@id\":\"https:\/\/stafit.ee\/toode\/toosaapad-ultrite-go\/#primaryimage\"},\"thumbnailUrl\":\"https:\/\/stafit.ee\/wp-content\/uploads\/2025\/10\/G3435-1.webp\",\"datePublished\":\"2025-10-24T11:06:57+00:00\",\"dateModified\":\"2026-04-08T15:24:55+00:00\",\"breadcrumb\":{\"@id\":\"https:\/\/stafit.ee\/toode\/toosaapad-ultrite-go\/#breadcrumb\"},\"inLanguage\":\"ru-RU\",\"potentialAction\":[{\"@type\":\"ReadAction\",\"target\":[\"https:\/\/stafit.ee\/toode\/toosaapad-ultrite-go\/\"]}]},{\"@type\":\"ImageObject\",\"inLanguage\":\"ru-RU\",\"@id\":\"https:\/\/stafit.ee\/toode\/toosaapad-ultrite-go\/#primaryimage\",\"url\":\"https:\/\/stafit.ee\/wp-content\/uploads\/2025\/10\/G3435-1.webp\",\"contentUrl\":\"https:\/\/stafit.ee\/wp-content\/uploads\/2025\/10\/G3435-1.webp\",\"width\":720,\"height\":883},{\"@type\":\"BreadcrumbList\",\"@id\":\"https:\/\/stafit.ee\/toode\/toosaapad-ultrite-go\/#breadcrumb\",\"itemListElement\":[{\"@type\":\"ListItem\",\"position\":1,\"name\":\"Home\",\"item\":\"https:\/\/stafit.ee\/ru\/\"},{\"@type\":\"ListItem\",\"position\":2,\"name\":\"\u041c\u0430\u0433\u0430\u0437\u0438\u043d\",\"item\":\"https:\/\/stafit.ee\/ru\/pood\/\"},{\"@type\":\"ListItem\",\"position\":3,\"name\":\"T\u00f6\u00f6saapad ULTRITE Go\"}]},{\"@type\":\"WebSite\",\"@id\":\"https:\/\/stafit.ee\/#website\",\"url\":\"https:\/\/stafit.ee\/\",\"name\":\"Stafit O\u00dc\",\"description\":\"T\u00f6\u00f6riete ja ohutusvahendite jae ja hulgim\u00fc\u00fck\",\"potentialAction\":[{\"@type\":\"SearchAction\",\"target\":{\"@type\":\"EntryPoint\",\"urlTemplate\":\"https:\/\/stafit.ee\/?s={search_term_string}\"},\"query-input\":{\"@type\":\"PropertyValueSpecification\",\"valueRequired\":true,\"valueName\":\"search_term_string\"}}],\"inLanguage\":\"ru-RU\"}]}<\/script>\n<!-- \/ Yoast SEO plugin. -->","yoast_head_json":{"title":"T\u00f6\u00f6saapad ULTRITE Go - Stafit O\u00dc","robots":{"index":"index","follow":"follow","max-snippet":"max-snippet:-1","max-image-preview":"max-image-preview:large","max-video-preview":"max-video-preview:-1"},"canonical":"https:\/\/stafit.ee\/toode\/toosaapad-ultrite-go\/","og_locale":"ru_RU","og_type":"article","og_title":"T\u00f6\u00f6saapad ULTRITE Go - Stafit O\u00dc","og_url":"https:\/\/stafit.ee\/toode\/toosaapad-ultrite-go\/","og_site_name":"Stafit O\u00dc","article_modified_time":"2026-04-08T15:24:55+00:00","og_image":[{"width":720,"height":883,"url":"https:\/\/stafit.ee\/wp-content\/uploads\/2025\/10\/G3435-1.webp","type":"image\/webp"}],"twitter_card":"summary_large_image","twitter_misc":{"\u041f\u0440\u0438\u043c\u0435\u0440\u043d\u043e\u0435 \u0432\u0440\u0435\u043c\u044f \u0434\u043b\u044f \u0447\u0442\u0435\u043d\u0438\u044f":"1 \u043c\u0438\u043d\u0443\u0442\u0430"},"schema":{"@context":"https:\/\/schema.org","@graph":[{"@type":"WebPage","@id":"https:\/\/stafit.ee\/toode\/toosaapad-ultrite-go\/","url":"https:\/\/stafit.ee\/toode\/toosaapad-ultrite-go\/","name":"T\u00f6\u00f6saapad ULTRITE Go - Stafit O\u00dc","isPartOf":{"@id":"https:\/\/stafit.ee\/#website"},"primaryImageOfPage":{"@id":"https:\/\/stafit.ee\/toode\/toosaapad-ultrite-go\/#primaryimage"},"image":{"@id":"https:\/\/stafit.ee\/toode\/toosaapad-ultrite-go\/#primaryimage"},"thumbnailUrl":"https:\/\/stafit.ee\/wp-content\/uploads\/2025\/10\/G3435-1.webp","datePublished":"2025-10-24T11:06:57+00:00","dateModified":"2026-04-08T15:24:55+00:00","breadcrumb":{"@id":"https:\/\/stafit.ee\/toode\/toosaapad-ultrite-go\/#breadcrumb"},"inLanguage":"ru-RU","potentialAction":[{"@type":"ReadAction","target":["https:\/\/stafit.ee\/toode\/toosaapad-ultrite-go\/"]}]},{"@type":"ImageObject","inLanguage":"ru-RU","@id":"https:\/\/stafit.ee\/toode\/toosaapad-ultrite-go\/#primaryimage","url":"https:\/\/stafit.ee\/wp-content\/uploads\/2025\/10\/G3435-1.webp","contentUrl":"https:\/\/stafit.ee\/wp-content\/uploads\/2025\/10\/G3435-1.webp","width":720,"height":883},{"@type":"BreadcrumbList","@id":"https:\/\/stafit.ee\/toode\/toosaapad-ultrite-go\/#breadcrumb","itemListElement":[{"@type":"ListItem","position":1,"name":"Home","item":"https:\/\/stafit.ee\/ru\/"},{"@type":"ListItem","position":2,"name":"\u041c\u0430\u0433\u0430\u0437\u0438\u043d","item":"https:\/\/stafit.ee\/ru\/pood\/"},{"@type":"ListItem","position":3,"name":"T\u00f6\u00f6saapad ULTRITE Go"}]},{"@type":"WebSite","@id":"https:\/\/stafit.ee\/#website","url":"https:\/\/stafit.ee\/","name":"Stafit O\u00dc","description":"T\u00f6\u00f6riete ja ohutusvahendite jae ja hulgim\u00fc\u00fck","potentialAction":[{"@type":"SearchAction","target":{"@type":"EntryPoint","urlTemplate":"https:\/\/stafit.ee\/?s={search_term_string}"},"query-input":{"@type":"PropertyValueSpecification","valueRequired":true,"valueName":"search_term_string"}}],"inLanguage":"ru-RU"}]}},"brands":[],"_links":{"self":[{"href":"https:\/\/stafit.ee\/ru\/wp-json\/wp\/v2\/product\/77357","targetHints":{"allow":["GET"]}}],"collection":[{"href":"https:\/\/stafit.ee\/ru\/wp-json\/wp\/v2\/product"}],"about":[{"href":"https:\/\/stafit.ee\/ru\/wp-json\/wp\/v2\/types\/product"}],"wp:featuredmedia":[{"embeddable":true,"href":"https:\/\/stafit.ee\/ru\/wp-json\/wp\/v2\/media\/77399"}],"wp:attachment":[{"href":"https:\/\/stafit.ee\/ru\/wp-json\/wp\/v2\/media?parent=77357"}],"wp:term":[{"taxonomy":"pwb-brand","embeddable":true,"href":"https:\/\/stafit.ee\/ru\/wp-json\/wp\/v2\/pwb-brand?post=77357"},{"taxonomy":"product_brand","embeddable":true,"href":"https:\/\/stafit.ee\/ru\/wp-json\/wp\/v2\/product_brand?post=77357"},{"taxonomy":"product_cat","embeddable":true,"href":"https:\/\/stafit.ee\/ru\/wp-json\/wp\/v2\/product_cat?post=77357"},{"taxonomy":"product_tag","embeddable":true,"href":"https:\/\/stafit.ee\/ru\/wp-json\/wp\/v2\/product_tag?post=77357"}],"curies":[{"name":"wp","href":"https:\/\/api.w.org\/{rel}","templated":true}]}}