{"id":77238,"date":"2025-10-14T14:04:53","date_gmt":"2025-10-14T11:04:53","guid":{"rendered":"https:\/\/stafit.ee\/toode\/%d1%88%d1%82%d0%b0%d0%bd%d1%8b-exner-%d0%b1%d0%be%d1%80%d0%b4%d0%be%d0%b2%d1%8b%d0%b5\/"},"modified":"2026-04-08T18:21:09","modified_gmt":"2026-04-08T15:21:09","slug":"%d1%88%d1%82%d0%b0%d0%bd%d1%8b-exner-%d0%b1%d0%be%d1%80%d0%b4%d0%be%d0%b2%d1%8b%d0%b5","status":"publish","type":"product","link":"https:\/\/stafit.ee\/ru\/tovar\/%d1%88%d1%82%d0%b0%d0%bd%d1%8b-exner-%d0%b1%d0%be%d1%80%d0%b4%d0%be%d0%b2%d1%8b%d0%b5\/","title":{"rendered":"\u0428\u0442\u0430\u043d\u044b EXNER \u0431\u043e\u0440\u0434\u043e\u0432\u044b\u0435"},"content":{"rendered":"<ul>\n<li>\u0418\u0437\u0433\u043e\u0442\u043e\u0432\u043b\u0435\u043d\u044b \u0438\u0437 \u0442\u043e\u043d\u043a\u043e\u0439, \u0434\u044b\u0448\u0430\u0449\u0435\u0439 \u0438 \u0442\u044f\u043d\u0443\u0449\u0435\u0439\u0441\u044f \u0442\u043a\u0430\u043d\u0438;<\/li>\n<li>\u044d\u043b\u0430\u0441\u0442\u0438\u0447\u043d\u044b\u0439 \u043f\u043e\u044f\u0441 \u0441\u043e \u0448\u043d\u0443\u0440\u043a\u043e\u043c;<\/li>\n<li>\u0434\u0432\u0430 \u0431\u043e\u043a\u043e\u0432\u044b\u0445 \u043a\u0430\u0440\u043c\u0430\u043d\u0430;<\/li>\n<li>\u0434\u0432\u0430 \u043d\u0430\u0431\u0435\u0434\u0440\u0435\u043d\u043d\u044b\u0445 \u043a\u0430\u0440\u043c\u0430\u043d\u0430;<\/li>\n<li>\u0434\u0432\u0430 \u0437\u0430\u0434\u043d\u0438\u0445 \u043a\u0430\u0440\u043c\u0430\u043d\u0430;<\/li>\n<li>\u0431\u043e\u043a\u043e\u0432\u044b\u0435 \u0440\u0430\u0437\u0440\u0435\u0437\u044b \u0432\u043d\u0438\u0437\u0443 \u0448\u0442\u0430\u043d\u0438\u043d.<\/li>\n<\/ul>\n<p>\u041c\u0430\u0442\u0435\u0440\u0438\u0430\u043b: 96% \u043f\u0435\u0440\u0435\u0440\u0430\u0431\u043e\u0442\u0430\u043d\u043d\u044b\u0439 \u043f\u043e\u043b\u0438\u044d\u0441\u0442\u0435\u0440, 4% \u0441\u043f\u0430\u043d\u0434\u0435\u043a\u0441.<\/p>\n","protected":false},"excerpt":{"rendered":"<p>\u0418\u0437\u0433\u043e\u0442\u043e\u0432\u043b\u0435\u043d\u044b \u0438\u0437 \u0442\u043e\u043d\u043a\u043e\u0439, \u0434\u044b\u0448\u0430\u0449\u0435\u0439 \u0438 \u0442\u044f\u043d\u0443\u0449\u0435\u0439\u0441\u044f \u0442\u043a\u0430\u043d\u0438; \u044d\u043b\u0430\u0441\u0442\u0438\u0447\u043d\u044b\u0439 \u043f\u043e\u044f\u0441 \u0441\u043e \u0448\u043d\u0443\u0440\u043a\u043e\u043c; \u0434\u0432\u0430 \u0431\u043e\u043a\u043e\u0432\u044b\u0445 \u043a\u0430\u0440\u043c\u0430\u043d\u0430; \u0434\u0432\u0430 \u043d\u0430\u0431\u0435\u0434\u0440\u0435\u043d\u043d\u044b\u0445 \u043a\u0430\u0440\u043c\u0430\u043d\u0430; \u0434\u0432\u0430 \u0437\u0430\u0434\u043d\u0438\u0445 \u043a\u0430\u0440\u043c\u0430\u043d\u0430; \u0431\u043e\u043a\u043e\u0432\u044b\u0435 \u0440\u0430\u0437\u0440\u0435\u0437\u044b \u0432\u043d\u0438\u0437\u0443 \u0448\u0442\u0430\u043d\u0438\u043d. \u041c\u0430\u0442\u0435\u0440\u0438\u0430\u043b: 96% \u043f\u0435\u0440\u0435\u0440\u0430\u0431\u043e\u0442\u0430\u043d\u043d\u044b\u0439 \u043f\u043e\u043b\u0438\u044d\u0441\u0442\u0435\u0440, 4% \u0441\u043f\u0430\u043d\u0434\u0435\u043a\u0441.<\/p>\n","protected":false},"featured_media":77222,"template":"","meta":[],"pwb-brand":[325],"product_brand":[],"product_cat":[582],"product_tag":[],"class_list":{"0":"post-77238","1":"product","2":"type-product","3":"status-publish","4":"has-post-thumbnail","6":"pwb-brand-exner","7":"product_cat-582","9":"first","10":"outofstock","11":"taxable","12":"shipping-taxable","13":"product-type-variable"},"yoast_head":"<!-- This site is optimized with the Yoast SEO plugin v27.0 - https:\/\/yoast.com\/product\/yoast-seo-wordpress\/ -->\n<title>\u0428\u0442\u0430\u043d\u044b EXNER \u0431\u043e\u0440\u0434\u043e\u0432\u044b\u0435 - Stafit O\u00dc<\/title>\n<meta name=\"robots\" content=\"index, follow, max-snippet:-1, max-image-preview:large, max-video-preview:-1\" \/>\n<link rel=\"canonical\" href=\"https:\/\/stafit.ee\/ru\/tovar\/\u0448\u0442\u0430\u043d\u044b-exner-\u0431\u043e\u0440\u0434\u043e\u0432\u044b\u0435\/\" \/>\n<meta property=\"og:locale\" content=\"ru_RU\" \/>\n<meta property=\"og:type\" content=\"article\" \/>\n<meta property=\"og:title\" content=\"\u0428\u0442\u0430\u043d\u044b EXNER \u0431\u043e\u0440\u0434\u043e\u0432\u044b\u0435 - Stafit O\u00dc\" \/>\n<meta property=\"og:description\" content=\"\u0418\u0437\u0433\u043e\u0442\u043e\u0432\u043b\u0435\u043d\u044b \u0438\u0437 \u0442\u043e\u043d\u043a\u043e\u0439, \u0434\u044b\u0448\u0430\u0449\u0435\u0439 \u0438 \u0442\u044f\u043d\u0443\u0449\u0435\u0439\u0441\u044f \u0442\u043a\u0430\u043d\u0438; \u044d\u043b\u0430\u0441\u0442\u0438\u0447\u043d\u044b\u0439 \u043f\u043e\u044f\u0441 \u0441\u043e \u0448\u043d\u0443\u0440\u043a\u043e\u043c; \u0434\u0432\u0430 \u0431\u043e\u043a\u043e\u0432\u044b\u0445 \u043a\u0430\u0440\u043c\u0430\u043d\u0430; \u0434\u0432\u0430 \u043d\u0430\u0431\u0435\u0434\u0440\u0435\u043d\u043d\u044b\u0445 \u043a\u0430\u0440\u043c\u0430\u043d\u0430; \u0434\u0432\u0430 \u0437\u0430\u0434\u043d\u0438\u0445 \u043a\u0430\u0440\u043c\u0430\u043d\u0430; \u0431\u043e\u043a\u043e\u0432\u044b\u0435 \u0440\u0430\u0437\u0440\u0435\u0437\u044b \u0432\u043d\u0438\u0437\u0443 \u0448\u0442\u0430\u043d\u0438\u043d. \u041c\u0430\u0442\u0435\u0440\u0438\u0430\u043b: 96% \u043f\u0435\u0440\u0435\u0440\u0430\u0431\u043e\u0442\u0430\u043d\u043d\u044b\u0439 \u043f\u043e\u043b\u0438\u044d\u0441\u0442\u0435\u0440, 4% \u0441\u043f\u0430\u043d\u0434\u0435\u043a\u0441.\" \/>\n<meta property=\"og:url\" content=\"https:\/\/stafit.ee\/ru\/tovar\/\u0448\u0442\u0430\u043d\u044b-exner-\u0431\u043e\u0440\u0434\u043e\u0432\u044b\u0435\/\" \/>\n<meta property=\"og:site_name\" content=\"Stafit O\u00dc\" \/>\n<meta property=\"article:modified_time\" content=\"2026-04-08T15:21:09+00:00\" \/>\n<meta property=\"og:image\" content=\"https:\/\/stafit.ee\/wp-content\/uploads\/2025\/10\/7057450-1.jpg\" \/>\n\t<meta property=\"og:image:width\" content=\"1000\" \/>\n\t<meta property=\"og:image:height\" content=\"1000\" \/>\n\t<meta property=\"og:image:type\" content=\"image\/jpeg\" \/>\n<meta name=\"twitter:card\" content=\"summary_large_image\" \/>\n<script type=\"application\/ld+json\" class=\"yoast-schema-graph\">{\"@context\":\"https:\/\/schema.org\",\"@graph\":[{\"@type\":\"WebPage\",\"@id\":\"https:\/\/stafit.ee\/ru\/tovar\/%d1%88%d1%82%d0%b0%d0%bd%d1%8b-exner-%d0%b1%d0%be%d1%80%d0%b4%d0%be%d0%b2%d1%8b%d0%b5\/\",\"url\":\"https:\/\/stafit.ee\/ru\/tovar\/%d1%88%d1%82%d0%b0%d0%bd%d1%8b-exner-%d0%b1%d0%be%d1%80%d0%b4%d0%be%d0%b2%d1%8b%d0%b5\/\",\"name\":\"\u0428\u0442\u0430\u043d\u044b EXNER \u0431\u043e\u0440\u0434\u043e\u0432\u044b\u0435 - Stafit O\u00dc\",\"isPartOf\":{\"@id\":\"https:\/\/stafit.ee\/#website\"},\"primaryImageOfPage\":{\"@id\":\"https:\/\/stafit.ee\/ru\/tovar\/%d1%88%d1%82%d0%b0%d0%bd%d1%8b-exner-%d0%b1%d0%be%d1%80%d0%b4%d0%be%d0%b2%d1%8b%d0%b5\/#primaryimage\"},\"image\":{\"@id\":\"https:\/\/stafit.ee\/ru\/tovar\/%d1%88%d1%82%d0%b0%d0%bd%d1%8b-exner-%d0%b1%d0%be%d1%80%d0%b4%d0%be%d0%b2%d1%8b%d0%b5\/#primaryimage\"},\"thumbnailUrl\":\"https:\/\/stafit.ee\/wp-content\/uploads\/2025\/10\/7057450-1.jpg\",\"datePublished\":\"2025-10-14T11:04:53+00:00\",\"dateModified\":\"2026-04-08T15:21:09+00:00\",\"breadcrumb\":{\"@id\":\"https:\/\/stafit.ee\/ru\/tovar\/%d1%88%d1%82%d0%b0%d0%bd%d1%8b-exner-%d0%b1%d0%be%d1%80%d0%b4%d0%be%d0%b2%d1%8b%d0%b5\/#breadcrumb\"},\"inLanguage\":\"ru-RU\",\"potentialAction\":[{\"@type\":\"ReadAction\",\"target\":[\"https:\/\/stafit.ee\/ru\/tovar\/%d1%88%d1%82%d0%b0%d0%bd%d1%8b-exner-%d0%b1%d0%be%d1%80%d0%b4%d0%be%d0%b2%d1%8b%d0%b5\/\"]}]},{\"@type\":\"ImageObject\",\"inLanguage\":\"ru-RU\",\"@id\":\"https:\/\/stafit.ee\/ru\/tovar\/%d1%88%d1%82%d0%b0%d0%bd%d1%8b-exner-%d0%b1%d0%be%d1%80%d0%b4%d0%be%d0%b2%d1%8b%d0%b5\/#primaryimage\",\"url\":\"https:\/\/stafit.ee\/wp-content\/uploads\/2025\/10\/7057450-1.jpg\",\"contentUrl\":\"https:\/\/stafit.ee\/wp-content\/uploads\/2025\/10\/7057450-1.jpg\",\"width\":1000,\"height\":1000},{\"@type\":\"BreadcrumbList\",\"@id\":\"https:\/\/stafit.ee\/ru\/tovar\/%d1%88%d1%82%d0%b0%d0%bd%d1%8b-exner-%d0%b1%d0%be%d1%80%d0%b4%d0%be%d0%b2%d1%8b%d0%b5\/#breadcrumb\",\"itemListElement\":[{\"@type\":\"ListItem\",\"position\":1,\"name\":\"Home\",\"item\":\"https:\/\/stafit.ee\/ru\/\"},{\"@type\":\"ListItem\",\"position\":2,\"name\":\"\u041c\u0430\u0433\u0430\u0437\u0438\u043d\",\"item\":\"https:\/\/stafit.ee\/ru\/pood\/\"},{\"@type\":\"ListItem\",\"position\":3,\"name\":\"\u0428\u0442\u0430\u043d\u044b EXNER \u0431\u043e\u0440\u0434\u043e\u0432\u044b\u0435\"}]},{\"@type\":\"WebSite\",\"@id\":\"https:\/\/stafit.ee\/#website\",\"url\":\"https:\/\/stafit.ee\/\",\"name\":\"Stafit O\u00dc\",\"description\":\"T\u00f6\u00f6riete ja ohutusvahendite jae ja hulgim\u00fc\u00fck\",\"potentialAction\":[{\"@type\":\"SearchAction\",\"target\":{\"@type\":\"EntryPoint\",\"urlTemplate\":\"https:\/\/stafit.ee\/?s={search_term_string}\"},\"query-input\":{\"@type\":\"PropertyValueSpecification\",\"valueRequired\":true,\"valueName\":\"search_term_string\"}}],\"inLanguage\":\"ru-RU\"}]}<\/script>\n<!-- \/ Yoast SEO plugin. -->","yoast_head_json":{"title":"\u0428\u0442\u0430\u043d\u044b EXNER \u0431\u043e\u0440\u0434\u043e\u0432\u044b\u0435 - Stafit O\u00dc","robots":{"index":"index","follow":"follow","max-snippet":"max-snippet:-1","max-image-preview":"max-image-preview:large","max-video-preview":"max-video-preview:-1"},"canonical":"https:\/\/stafit.ee\/ru\/tovar\/\u0448\u0442\u0430\u043d\u044b-exner-\u0431\u043e\u0440\u0434\u043e\u0432\u044b\u0435\/","og_locale":"ru_RU","og_type":"article","og_title":"\u0428\u0442\u0430\u043d\u044b EXNER \u0431\u043e\u0440\u0434\u043e\u0432\u044b\u0435 - Stafit O\u00dc","og_description":"\u0418\u0437\u0433\u043e\u0442\u043e\u0432\u043b\u0435\u043d\u044b \u0438\u0437 \u0442\u043e\u043d\u043a\u043e\u0439, \u0434\u044b\u0448\u0430\u0449\u0435\u0439 \u0438 \u0442\u044f\u043d\u0443\u0449\u0435\u0439\u0441\u044f \u0442\u043a\u0430\u043d\u0438; \u044d\u043b\u0430\u0441\u0442\u0438\u0447\u043d\u044b\u0439 \u043f\u043e\u044f\u0441 \u0441\u043e \u0448\u043d\u0443\u0440\u043a\u043e\u043c; \u0434\u0432\u0430 \u0431\u043e\u043a\u043e\u0432\u044b\u0445 \u043a\u0430\u0440\u043c\u0430\u043d\u0430; \u0434\u0432\u0430 \u043d\u0430\u0431\u0435\u0434\u0440\u0435\u043d\u043d\u044b\u0445 \u043a\u0430\u0440\u043c\u0430\u043d\u0430; \u0434\u0432\u0430 \u0437\u0430\u0434\u043d\u0438\u0445 \u043a\u0430\u0440\u043c\u0430\u043d\u0430; \u0431\u043e\u043a\u043e\u0432\u044b\u0435 \u0440\u0430\u0437\u0440\u0435\u0437\u044b \u0432\u043d\u0438\u0437\u0443 \u0448\u0442\u0430\u043d\u0438\u043d. \u041c\u0430\u0442\u0435\u0440\u0438\u0430\u043b: 96% \u043f\u0435\u0440\u0435\u0440\u0430\u0431\u043e\u0442\u0430\u043d\u043d\u044b\u0439 \u043f\u043e\u043b\u0438\u044d\u0441\u0442\u0435\u0440, 4% \u0441\u043f\u0430\u043d\u0434\u0435\u043a\u0441.","og_url":"https:\/\/stafit.ee\/ru\/tovar\/\u0448\u0442\u0430\u043d\u044b-exner-\u0431\u043e\u0440\u0434\u043e\u0432\u044b\u0435\/","og_site_name":"Stafit O\u00dc","article_modified_time":"2026-04-08T15:21:09+00:00","og_image":[{"width":1000,"height":1000,"url":"https:\/\/stafit.ee\/wp-content\/uploads\/2025\/10\/7057450-1.jpg","type":"image\/jpeg"}],"twitter_card":"summary_large_image","schema":{"@context":"https:\/\/schema.org","@graph":[{"@type":"WebPage","@id":"https:\/\/stafit.ee\/ru\/tovar\/%d1%88%d1%82%d0%b0%d0%bd%d1%8b-exner-%d0%b1%d0%be%d1%80%d0%b4%d0%be%d0%b2%d1%8b%d0%b5\/","url":"https:\/\/stafit.ee\/ru\/tovar\/%d1%88%d1%82%d0%b0%d0%bd%d1%8b-exner-%d0%b1%d0%be%d1%80%d0%b4%d0%be%d0%b2%d1%8b%d0%b5\/","name":"\u0428\u0442\u0430\u043d\u044b EXNER \u0431\u043e\u0440\u0434\u043e\u0432\u044b\u0435 - Stafit O\u00dc","isPartOf":{"@id":"https:\/\/stafit.ee\/#website"},"primaryImageOfPage":{"@id":"https:\/\/stafit.ee\/ru\/tovar\/%d1%88%d1%82%d0%b0%d0%bd%d1%8b-exner-%d0%b1%d0%be%d1%80%d0%b4%d0%be%d0%b2%d1%8b%d0%b5\/#primaryimage"},"image":{"@id":"https:\/\/stafit.ee\/ru\/tovar\/%d1%88%d1%82%d0%b0%d0%bd%d1%8b-exner-%d0%b1%d0%be%d1%80%d0%b4%d0%be%d0%b2%d1%8b%d0%b5\/#primaryimage"},"thumbnailUrl":"https:\/\/stafit.ee\/wp-content\/uploads\/2025\/10\/7057450-1.jpg","datePublished":"2025-10-14T11:04:53+00:00","dateModified":"2026-04-08T15:21:09+00:00","breadcrumb":{"@id":"https:\/\/stafit.ee\/ru\/tovar\/%d1%88%d1%82%d0%b0%d0%bd%d1%8b-exner-%d0%b1%d0%be%d1%80%d0%b4%d0%be%d0%b2%d1%8b%d0%b5\/#breadcrumb"},"inLanguage":"ru-RU","potentialAction":[{"@type":"ReadAction","target":["https:\/\/stafit.ee\/ru\/tovar\/%d1%88%d1%82%d0%b0%d0%bd%d1%8b-exner-%d0%b1%d0%be%d1%80%d0%b4%d0%be%d0%b2%d1%8b%d0%b5\/"]}]},{"@type":"ImageObject","inLanguage":"ru-RU","@id":"https:\/\/stafit.ee\/ru\/tovar\/%d1%88%d1%82%d0%b0%d0%bd%d1%8b-exner-%d0%b1%d0%be%d1%80%d0%b4%d0%be%d0%b2%d1%8b%d0%b5\/#primaryimage","url":"https:\/\/stafit.ee\/wp-content\/uploads\/2025\/10\/7057450-1.jpg","contentUrl":"https:\/\/stafit.ee\/wp-content\/uploads\/2025\/10\/7057450-1.jpg","width":1000,"height":1000},{"@type":"BreadcrumbList","@id":"https:\/\/stafit.ee\/ru\/tovar\/%d1%88%d1%82%d0%b0%d0%bd%d1%8b-exner-%d0%b1%d0%be%d1%80%d0%b4%d0%be%d0%b2%d1%8b%d0%b5\/#breadcrumb","itemListElement":[{"@type":"ListItem","position":1,"name":"Home","item":"https:\/\/stafit.ee\/ru\/"},{"@type":"ListItem","position":2,"name":"\u041c\u0430\u0433\u0430\u0437\u0438\u043d","item":"https:\/\/stafit.ee\/ru\/pood\/"},{"@type":"ListItem","position":3,"name":"\u0428\u0442\u0430\u043d\u044b EXNER \u0431\u043e\u0440\u0434\u043e\u0432\u044b\u0435"}]},{"@type":"WebSite","@id":"https:\/\/stafit.ee\/#website","url":"https:\/\/stafit.ee\/","name":"Stafit O\u00dc","description":"T\u00f6\u00f6riete ja ohutusvahendite jae ja hulgim\u00fc\u00fck","potentialAction":[{"@type":"SearchAction","target":{"@type":"EntryPoint","urlTemplate":"https:\/\/stafit.ee\/?s={search_term_string}"},"query-input":{"@type":"PropertyValueSpecification","valueRequired":true,"valueName":"search_term_string"}}],"inLanguage":"ru-RU"}]}},"brands":[{"id":325,"name":"Exner","slug":"exner"}],"_links":{"self":[{"href":"https:\/\/stafit.ee\/ru\/wp-json\/wp\/v2\/product\/77238","targetHints":{"allow":["GET"]}}],"collection":[{"href":"https:\/\/stafit.ee\/ru\/wp-json\/wp\/v2\/product"}],"about":[{"href":"https:\/\/stafit.ee\/ru\/wp-json\/wp\/v2\/types\/product"}],"wp:featuredmedia":[{"embeddable":true,"href":"https:\/\/stafit.ee\/ru\/wp-json\/wp\/v2\/media\/77222"}],"wp:attachment":[{"href":"https:\/\/stafit.ee\/ru\/wp-json\/wp\/v2\/media?parent=77238"}],"wp:term":[{"taxonomy":"pwb-brand","embeddable":true,"href":"https:\/\/stafit.ee\/ru\/wp-json\/wp\/v2\/pwb-brand?post=77238"},{"taxonomy":"product_brand","embeddable":true,"href":"https:\/\/stafit.ee\/ru\/wp-json\/wp\/v2\/product_brand?post=77238"},{"taxonomy":"product_cat","embeddable":true,"href":"https:\/\/stafit.ee\/ru\/wp-json\/wp\/v2\/product_cat?post=77238"},{"taxonomy":"product_tag","embeddable":true,"href":"https:\/\/stafit.ee\/ru\/wp-json\/wp\/v2\/product_tag?post=77238"}],"curies":[{"name":"wp","href":"https:\/\/api.w.org\/{rel}","templated":true}]}}