{"id":75580,"date":"2025-04-30T12:06:24","date_gmt":"2025-04-30T09:06:24","guid":{"rendered":"https:\/\/stafit.ee\/toode\/%d0%bf%d0%be%d1%80%d0%b5%d0%b7%d0%be%d1%81%d1%82%d0%be%d0%b9%d0%ba%d0%b8%d0%b5-%d0%bf%d0%b5%d1%80%d1%87%d0%b0%d1%82%d0%ba%d0%b8-%d0%bf%d1%83-%d0%ba%d0%b0%d1%82%d0%b5%d0%b3%d0%be%d1%80%d0%b8%d0%b8-b\/"},"modified":"2026-04-08T18:18:20","modified_gmt":"2026-04-08T15:18:20","slug":"%d0%bf%d0%be%d1%80%d0%b5%d0%b7%d0%be%d1%81%d1%82%d0%be%d0%b9%d0%ba%d0%b8%d0%b5-%d0%bf%d0%b5%d1%80%d1%87%d0%b0%d1%82%d0%ba%d0%b8-%d0%bf%d1%83-%d0%ba%d0%b0%d1%82%d0%b5%d0%b3%d0%be%d1%80%d0%b8%d0%b8-b","status":"publish","type":"product","link":"https:\/\/stafit.ee\/ru\/tovar\/%d0%bf%d0%be%d1%80%d0%b5%d0%b7%d0%be%d1%81%d1%82%d0%be%d0%b9%d0%ba%d0%b8%d0%b5-%d0%bf%d0%b5%d1%80%d1%87%d0%b0%d1%82%d0%ba%d0%b8-%d0%bf%d1%83-%d0%ba%d0%b0%d1%82%d0%b5%d0%b3%d0%be%d1%80%d0%b8%d0%b8-b\/","title":{"rendered":"\u041f\u043e\u0440\u0435\u0437\u043e\u0441\u0442\u043e\u0439\u043a\u0438\u0435 \u043f\u0435\u0440\u0447\u0430\u0442\u043a\u0438 \u041f\u0423 \u043a\u0430\u0442\u0435\u0433\u043e\u0440\u0438\u0438 B"},"content":{"rendered":"<p>\u041f\u0440\u043e\u0447\u043d\u044b\u0435 \u043f\u0435\u0440\u0447\u0430\u0442\u043a\u0438, \u043e\u0431\u0435\u0441\u043f\u0435\u0447\u0438\u0432\u0430\u044e\u0449\u0438\u0435 \u043d\u0430\u0434\u0451\u0436\u043d\u0443\u044e \u0437\u0430\u0449\u0438\u0442\u0443 \u043e\u0442 \u043f\u043e\u0440\u0435\u0437\u043e\u0432 (\u0443\u0440\u043e\u0432\u0435\u043d\u044c B) \u0438 \u043e\u0442\u043b\u0438\u0447\u043d\u0443\u044e \u0447\u0443\u0432\u0441\u0442\u0432\u0438\u0442\u0435\u043b\u044c\u043d\u043e\u0441\u0442\u044c \u0431\u043b\u0430\u0433\u043e\u0434\u0430\u0440\u044f \u043b\u0451\u0433\u043a\u043e\u0439 \u0431\u0435\u0441\u0448\u043e\u0432\u043d\u043e\u0439 \u043a\u043e\u043d\u0441\u0442\u0440\u0443\u043a\u0446\u0438\u0438 \u0438 \u0433\u0438\u0431\u043a\u043e\u043c\u0443 \u043f\u043e\u043b\u0438\u0443\u0440\u0435\u0442\u0430\u043d\u043e\u0432\u043e\u043c\u0443 \u043f\u043e\u043a\u0440\u044b\u0442\u0438\u044e.<\/p>\n<p>\u0421\u0442\u0430\u043d\u0434\u0430\u0440\u0442: EN 388: 4X31B<br \/>\n\u0417\u0430\u0449\u0438\u0442\u0430 \u043e\u0442 \u043f\u043e\u0440\u0435\u0437\u043e\u0432: \u0423\u0440\u043e\u0432\u0435\u043d\u044c B (\u0432 \u0441\u043e\u043e\u0442\u0432\u0435\u0442\u0441\u0442\u0432\u0438\u0438 \u0441 EN ISO 13997)<br \/>\n\u041c\u0430\u0442\u0435\u0440\u0438\u0430\u043b \u043f\u043e\u0434\u043a\u043b\u0430\u0434\u043a\u0438: 65% \u043f\u043e\u043b\u0438\u044d\u0441\u0442\u0435\u0440, 18% \u0441\u0442\u0435\u043a\u043b\u043e\u0432\u043e\u043b\u043e\u043a\u043d\u043e, 17% \u044d\u043b\u0430\u0441\u0442\u0430\u043d<br \/>\n\u041f\u043e\u043a\u0440\u044b\u0442\u0438\u0435: \u041f\u043e\u043b\u0438\u0443\u0440\u0435\u0442\u0430\u043d<br \/>\n\u0411\u0435\u0441\u0448\u043e\u0432\u043d\u0430\u044f \u0432\u044f\u0437\u043a\u0430, 13-\u044b\u0439 \u043a\u0430\u043b\u0438\u0431\u0440<\/p>\n","protected":false},"excerpt":{"rendered":"<p>\u041f\u0440\u043e\u0447\u043d\u044b\u0435 \u043f\u0435\u0440\u0447\u0430\u0442\u043a\u0438, \u043e\u0431\u0435\u0441\u043f\u0435\u0447\u0438\u0432\u0430\u044e\u0449\u0438\u0435 \u043d\u0430\u0434\u0451\u0436\u043d\u0443\u044e \u0437\u0430\u0449\u0438\u0442\u0443 \u043e\u0442 \u043f\u043e\u0440\u0435\u0437\u043e\u0432 (\u0443\u0440\u043e\u0432\u0435\u043d\u044c B) \u0438 \u043e\u0442\u043b\u0438\u0447\u043d\u0443\u044e \u0447\u0443\u0432\u0441\u0442\u0432\u0438\u0442\u0435\u043b\u044c\u043d\u043e\u0441\u0442\u044c \u0431\u043b\u0430\u0433\u043e\u0434\u0430\u0440\u044f \u043b\u0451\u0433\u043a\u043e\u0439 \u0431\u0435\u0441\u0448\u043e\u0432\u043d\u043e\u0439 \u043a\u043e\u043d\u0441\u0442\u0440\u0443\u043a\u0446\u0438\u0438 \u0438 \u0433\u0438\u0431\u043a\u043e\u043c\u0443 \u043f\u043e\u043b\u0438\u0443\u0440\u0435\u0442\u0430\u043d\u043e\u0432\u043e\u043c\u0443 \u043f\u043e\u043a\u0440\u044b\u0442\u0438\u044e. \u0421\u0442\u0430\u043d\u0434\u0430\u0440\u0442: EN 388: 4X31B \u0417\u0430\u0449\u0438\u0442\u0430 \u043e\u0442 \u043f\u043e\u0440\u0435\u0437\u043e\u0432: \u0423\u0440\u043e\u0432\u0435\u043d\u044c B (\u0432 \u0441\u043e\u043e\u0442\u0432\u0435\u0442\u0441\u0442\u0432\u0438\u0438 \u0441 EN ISO 13997) \u041c\u0430\u0442\u0435\u0440\u0438\u0430\u043b \u043f\u043e\u0434\u043a\u043b\u0430\u0434\u043a\u0438: 65% \u043f\u043e\u043b\u0438\u044d\u0441\u0442\u0435\u0440, 18% \u0441\u0442\u0435\u043a\u043b\u043e\u0432\u043e\u043b\u043e\u043a\u043d\u043e, 17% \u044d\u043b\u0430\u0441\u0442\u0430\u043d \u041f\u043e\u043a\u0440\u044b\u0442\u0438\u0435: \u041f\u043e\u043b\u0438\u0443\u0440\u0435\u0442\u0430\u043d \u0411\u0435\u0441\u0448\u043e\u0432\u043d\u0430\u044f \u0432\u044f\u0437\u043a\u0430, 13-\u044b\u0439 \u043a\u0430\u043b\u0438\u0431\u0440<\/p>\n","protected":false},"featured_media":75572,"template":"","meta":[],"pwb-brand":[],"product_brand":[],"product_cat":[831],"product_tag":[],"class_list":{"0":"post-75580","1":"product","2":"type-product","3":"status-publish","4":"has-post-thumbnail","6":"product_cat-831","8":"first","9":"instock","10":"taxable","11":"shipping-taxable","12":"purchasable","13":"product-type-variable"},"yoast_head":"<!-- This site is optimized with the Yoast SEO plugin v27.0 - https:\/\/yoast.com\/product\/yoast-seo-wordpress\/ -->\n<title>\u041f\u043e\u0440\u0435\u0437\u043e\u0441\u0442\u043e\u0439\u043a\u0438\u0435 \u043f\u0435\u0440\u0447\u0430\u0442\u043a\u0438 \u041f\u0423 \u043a\u0430\u0442\u0435\u0433\u043e\u0440\u0438\u0438 B - Stafit O\u00dc<\/title>\n<meta name=\"robots\" content=\"index, follow, max-snippet:-1, max-image-preview:large, max-video-preview:-1\" \/>\n<link rel=\"canonical\" href=\"https:\/\/stafit.ee\/ru\/tovar\/\u043f\u043e\u0440\u0435\u0437\u043e\u0441\u0442\u043e\u0439\u043a\u0438\u0435-\u043f\u0435\u0440\u0447\u0430\u0442\u043a\u0438-\u043f\u0443-\u043a\u0430\u0442\u0435\u0433\u043e\u0440\u0438\u0438-b\/\" \/>\n<meta property=\"og:locale\" content=\"ru_RU\" \/>\n<meta property=\"og:type\" content=\"article\" \/>\n<meta property=\"og:title\" content=\"\u041f\u043e\u0440\u0435\u0437\u043e\u0441\u0442\u043e\u0439\u043a\u0438\u0435 \u043f\u0435\u0440\u0447\u0430\u0442\u043a\u0438 \u041f\u0423 \u043a\u0430\u0442\u0435\u0433\u043e\u0440\u0438\u0438 B - Stafit O\u00dc\" \/>\n<meta property=\"og:description\" content=\"\u041f\u0440\u043e\u0447\u043d\u044b\u0435 \u043f\u0435\u0440\u0447\u0430\u0442\u043a\u0438, \u043e\u0431\u0435\u0441\u043f\u0435\u0447\u0438\u0432\u0430\u044e\u0449\u0438\u0435 \u043d\u0430\u0434\u0451\u0436\u043d\u0443\u044e \u0437\u0430\u0449\u0438\u0442\u0443 \u043e\u0442 \u043f\u043e\u0440\u0435\u0437\u043e\u0432 (\u0443\u0440\u043e\u0432\u0435\u043d\u044c B) \u0438 \u043e\u0442\u043b\u0438\u0447\u043d\u0443\u044e \u0447\u0443\u0432\u0441\u0442\u0432\u0438\u0442\u0435\u043b\u044c\u043d\u043e\u0441\u0442\u044c \u0431\u043b\u0430\u0433\u043e\u0434\u0430\u0440\u044f \u043b\u0451\u0433\u043a\u043e\u0439 \u0431\u0435\u0441\u0448\u043e\u0432\u043d\u043e\u0439 \u043a\u043e\u043d\u0441\u0442\u0440\u0443\u043a\u0446\u0438\u0438 \u0438 \u0433\u0438\u0431\u043a\u043e\u043c\u0443 \u043f\u043e\u043b\u0438\u0443\u0440\u0435\u0442\u0430\u043d\u043e\u0432\u043e\u043c\u0443 \u043f\u043e\u043a\u0440\u044b\u0442\u0438\u044e. \u0421\u0442\u0430\u043d\u0434\u0430\u0440\u0442: EN 388: 4X31B \u0417\u0430\u0449\u0438\u0442\u0430 \u043e\u0442 \u043f\u043e\u0440\u0435\u0437\u043e\u0432: \u0423\u0440\u043e\u0432\u0435\u043d\u044c B (\u0432 \u0441\u043e\u043e\u0442\u0432\u0435\u0442\u0441\u0442\u0432\u0438\u0438 \u0441 EN ISO 13997) \u041c\u0430\u0442\u0435\u0440\u0438\u0430\u043b \u043f\u043e\u0434\u043a\u043b\u0430\u0434\u043a\u0438: 65% \u043f\u043e\u043b\u0438\u044d\u0441\u0442\u0435\u0440, 18% \u0441\u0442\u0435\u043a\u043b\u043e\u0432\u043e\u043b\u043e\u043a\u043d\u043e, 17% \u044d\u043b\u0430\u0441\u0442\u0430\u043d \u041f\u043e\u043a\u0440\u044b\u0442\u0438\u0435: \u041f\u043e\u043b\u0438\u0443\u0440\u0435\u0442\u0430\u043d \u0411\u0435\u0441\u0448\u043e\u0432\u043d\u0430\u044f \u0432\u044f\u0437\u043a\u0430, 13-\u044b\u0439 \u043a\u0430\u043b\u0438\u0431\u0440\" \/>\n<meta property=\"og:url\" content=\"https:\/\/stafit.ee\/ru\/tovar\/\u043f\u043e\u0440\u0435\u0437\u043e\u0441\u0442\u043e\u0439\u043a\u0438\u0435-\u043f\u0435\u0440\u0447\u0430\u0442\u043a\u0438-\u043f\u0443-\u043a\u0430\u0442\u0435\u0433\u043e\u0440\u0438\u0438-b\/\" \/>\n<meta property=\"og:site_name\" content=\"Stafit O\u00dc\" \/>\n<meta property=\"article:modified_time\" content=\"2026-04-08T15:18:20+00:00\" \/>\n<meta property=\"og:image\" content=\"https:\/\/stafit.ee\/wp-content\/uploads\/2025\/04\/0809-1.jpg\" \/>\n\t<meta property=\"og:image:width\" content=\"1000\" \/>\n\t<meta property=\"og:image:height\" content=\"1000\" \/>\n\t<meta property=\"og:image:type\" content=\"image\/jpeg\" \/>\n<meta name=\"twitter:card\" content=\"summary_large_image\" \/>\n<script type=\"application\/ld+json\" class=\"yoast-schema-graph\">{\"@context\":\"https:\/\/schema.org\",\"@graph\":[{\"@type\":\"WebPage\",\"@id\":\"https:\/\/stafit.ee\/ru\/tovar\/%d0%bf%d0%be%d1%80%d0%b5%d0%b7%d0%be%d1%81%d1%82%d0%be%d0%b9%d0%ba%d0%b8%d0%b5-%d0%bf%d0%b5%d1%80%d1%87%d0%b0%d1%82%d0%ba%d0%b8-%d0%bf%d1%83-%d0%ba%d0%b0%d1%82%d0%b5%d0%b3%d0%be%d1%80%d0%b8%d0%b8-b\/\",\"url\":\"https:\/\/stafit.ee\/ru\/tovar\/%d0%bf%d0%be%d1%80%d0%b5%d0%b7%d0%be%d1%81%d1%82%d0%be%d0%b9%d0%ba%d0%b8%d0%b5-%d0%bf%d0%b5%d1%80%d1%87%d0%b0%d1%82%d0%ba%d0%b8-%d0%bf%d1%83-%d0%ba%d0%b0%d1%82%d0%b5%d0%b3%d0%be%d1%80%d0%b8%d0%b8-b\/\",\"name\":\"\u041f\u043e\u0440\u0435\u0437\u043e\u0441\u0442\u043e\u0439\u043a\u0438\u0435 \u043f\u0435\u0440\u0447\u0430\u0442\u043a\u0438 \u041f\u0423 \u043a\u0430\u0442\u0435\u0433\u043e\u0440\u0438\u0438 B - Stafit O\u00dc\",\"isPartOf\":{\"@id\":\"https:\/\/stafit.ee\/#website\"},\"primaryImageOfPage\":{\"@id\":\"https:\/\/stafit.ee\/ru\/tovar\/%d0%bf%d0%be%d1%80%d0%b5%d0%b7%d0%be%d1%81%d1%82%d0%be%d0%b9%d0%ba%d0%b8%d0%b5-%d0%bf%d0%b5%d1%80%d1%87%d0%b0%d1%82%d0%ba%d0%b8-%d0%bf%d1%83-%d0%ba%d0%b0%d1%82%d0%b5%d0%b3%d0%be%d1%80%d0%b8%d0%b8-b\/#primaryimage\"},\"image\":{\"@id\":\"https:\/\/stafit.ee\/ru\/tovar\/%d0%bf%d0%be%d1%80%d0%b5%d0%b7%d0%be%d1%81%d1%82%d0%be%d0%b9%d0%ba%d0%b8%d0%b5-%d0%bf%d0%b5%d1%80%d1%87%d0%b0%d1%82%d0%ba%d0%b8-%d0%bf%d1%83-%d0%ba%d0%b0%d1%82%d0%b5%d0%b3%d0%be%d1%80%d0%b8%d0%b8-b\/#primaryimage\"},\"thumbnailUrl\":\"https:\/\/stafit.ee\/wp-content\/uploads\/2025\/04\/0809-1.jpg\",\"datePublished\":\"2025-04-30T09:06:24+00:00\",\"dateModified\":\"2026-04-08T15:18:20+00:00\",\"breadcrumb\":{\"@id\":\"https:\/\/stafit.ee\/ru\/tovar\/%d0%bf%d0%be%d1%80%d0%b5%d0%b7%d0%be%d1%81%d1%82%d0%be%d0%b9%d0%ba%d0%b8%d0%b5-%d0%bf%d0%b5%d1%80%d1%87%d0%b0%d1%82%d0%ba%d0%b8-%d0%bf%d1%83-%d0%ba%d0%b0%d1%82%d0%b5%d0%b3%d0%be%d1%80%d0%b8%d0%b8-b\/#breadcrumb\"},\"inLanguage\":\"ru-RU\",\"potentialAction\":[{\"@type\":\"ReadAction\",\"target\":[\"https:\/\/stafit.ee\/ru\/tovar\/%d0%bf%d0%be%d1%80%d0%b5%d0%b7%d0%be%d1%81%d1%82%d0%be%d0%b9%d0%ba%d0%b8%d0%b5-%d0%bf%d0%b5%d1%80%d1%87%d0%b0%d1%82%d0%ba%d0%b8-%d0%bf%d1%83-%d0%ba%d0%b0%d1%82%d0%b5%d0%b3%d0%be%d1%80%d0%b8%d0%b8-b\/\"]}]},{\"@type\":\"ImageObject\",\"inLanguage\":\"ru-RU\",\"@id\":\"https:\/\/stafit.ee\/ru\/tovar\/%d0%bf%d0%be%d1%80%d0%b5%d0%b7%d0%be%d1%81%d1%82%d0%be%d0%b9%d0%ba%d0%b8%d0%b5-%d0%bf%d0%b5%d1%80%d1%87%d0%b0%d1%82%d0%ba%d0%b8-%d0%bf%d1%83-%d0%ba%d0%b0%d1%82%d0%b5%d0%b3%d0%be%d1%80%d0%b8%d0%b8-b\/#primaryimage\",\"url\":\"https:\/\/stafit.ee\/wp-content\/uploads\/2025\/04\/0809-1.jpg\",\"contentUrl\":\"https:\/\/stafit.ee\/wp-content\/uploads\/2025\/04\/0809-1.jpg\",\"width\":1000,\"height\":1000},{\"@type\":\"BreadcrumbList\",\"@id\":\"https:\/\/stafit.ee\/ru\/tovar\/%d0%bf%d0%be%d1%80%d0%b5%d0%b7%d0%be%d1%81%d1%82%d0%be%d0%b9%d0%ba%d0%b8%d0%b5-%d0%bf%d0%b5%d1%80%d1%87%d0%b0%d1%82%d0%ba%d0%b8-%d0%bf%d1%83-%d0%ba%d0%b0%d1%82%d0%b5%d0%b3%d0%be%d1%80%d0%b8%d0%b8-b\/#breadcrumb\",\"itemListElement\":[{\"@type\":\"ListItem\",\"position\":1,\"name\":\"Home\",\"item\":\"https:\/\/stafit.ee\/ru\/\"},{\"@type\":\"ListItem\",\"position\":2,\"name\":\"\u041c\u0430\u0433\u0430\u0437\u0438\u043d\",\"item\":\"https:\/\/stafit.ee\/ru\/pood\/\"},{\"@type\":\"ListItem\",\"position\":3,\"name\":\"\u041f\u043e\u0440\u0435\u0437\u043e\u0441\u0442\u043e\u0439\u043a\u0438\u0435 \u043f\u0435\u0440\u0447\u0430\u0442\u043a\u0438 \u041f\u0423 \u043a\u0430\u0442\u0435\u0433\u043e\u0440\u0438\u0438 B\"}]},{\"@type\":\"WebSite\",\"@id\":\"https:\/\/stafit.ee\/#website\",\"url\":\"https:\/\/stafit.ee\/\",\"name\":\"Stafit O\u00dc\",\"description\":\"T\u00f6\u00f6riete ja ohutusvahendite jae ja hulgim\u00fc\u00fck\",\"potentialAction\":[{\"@type\":\"SearchAction\",\"target\":{\"@type\":\"EntryPoint\",\"urlTemplate\":\"https:\/\/stafit.ee\/?s={search_term_string}\"},\"query-input\":{\"@type\":\"PropertyValueSpecification\",\"valueRequired\":true,\"valueName\":\"search_term_string\"}}],\"inLanguage\":\"ru-RU\"}]}<\/script>\n<!-- \/ Yoast SEO plugin. -->","yoast_head_json":{"title":"\u041f\u043e\u0440\u0435\u0437\u043e\u0441\u0442\u043e\u0439\u043a\u0438\u0435 \u043f\u0435\u0440\u0447\u0430\u0442\u043a\u0438 \u041f\u0423 \u043a\u0430\u0442\u0435\u0433\u043e\u0440\u0438\u0438 B - Stafit O\u00dc","robots":{"index":"index","follow":"follow","max-snippet":"max-snippet:-1","max-image-preview":"max-image-preview:large","max-video-preview":"max-video-preview:-1"},"canonical":"https:\/\/stafit.ee\/ru\/tovar\/\u043f\u043e\u0440\u0435\u0437\u043e\u0441\u0442\u043e\u0439\u043a\u0438\u0435-\u043f\u0435\u0440\u0447\u0430\u0442\u043a\u0438-\u043f\u0443-\u043a\u0430\u0442\u0435\u0433\u043e\u0440\u0438\u0438-b\/","og_locale":"ru_RU","og_type":"article","og_title":"\u041f\u043e\u0440\u0435\u0437\u043e\u0441\u0442\u043e\u0439\u043a\u0438\u0435 \u043f\u0435\u0440\u0447\u0430\u0442\u043a\u0438 \u041f\u0423 \u043a\u0430\u0442\u0435\u0433\u043e\u0440\u0438\u0438 B - Stafit O\u00dc","og_description":"\u041f\u0440\u043e\u0447\u043d\u044b\u0435 \u043f\u0435\u0440\u0447\u0430\u0442\u043a\u0438, \u043e\u0431\u0435\u0441\u043f\u0435\u0447\u0438\u0432\u0430\u044e\u0449\u0438\u0435 \u043d\u0430\u0434\u0451\u0436\u043d\u0443\u044e \u0437\u0430\u0449\u0438\u0442\u0443 \u043e\u0442 \u043f\u043e\u0440\u0435\u0437\u043e\u0432 (\u0443\u0440\u043e\u0432\u0435\u043d\u044c B) \u0438 \u043e\u0442\u043b\u0438\u0447\u043d\u0443\u044e \u0447\u0443\u0432\u0441\u0442\u0432\u0438\u0442\u0435\u043b\u044c\u043d\u043e\u0441\u0442\u044c \u0431\u043b\u0430\u0433\u043e\u0434\u0430\u0440\u044f \u043b\u0451\u0433\u043a\u043e\u0439 \u0431\u0435\u0441\u0448\u043e\u0432\u043d\u043e\u0439 \u043a\u043e\u043d\u0441\u0442\u0440\u0443\u043a\u0446\u0438\u0438 \u0438 \u0433\u0438\u0431\u043a\u043e\u043c\u0443 \u043f\u043e\u043b\u0438\u0443\u0440\u0435\u0442\u0430\u043d\u043e\u0432\u043e\u043c\u0443 \u043f\u043e\u043a\u0440\u044b\u0442\u0438\u044e. \u0421\u0442\u0430\u043d\u0434\u0430\u0440\u0442: EN 388: 4X31B \u0417\u0430\u0449\u0438\u0442\u0430 \u043e\u0442 \u043f\u043e\u0440\u0435\u0437\u043e\u0432: \u0423\u0440\u043e\u0432\u0435\u043d\u044c B (\u0432 \u0441\u043e\u043e\u0442\u0432\u0435\u0442\u0441\u0442\u0432\u0438\u0438 \u0441 EN ISO 13997) \u041c\u0430\u0442\u0435\u0440\u0438\u0430\u043b \u043f\u043e\u0434\u043a\u043b\u0430\u0434\u043a\u0438: 65% \u043f\u043e\u043b\u0438\u044d\u0441\u0442\u0435\u0440, 18% \u0441\u0442\u0435\u043a\u043b\u043e\u0432\u043e\u043b\u043e\u043a\u043d\u043e, 17% \u044d\u043b\u0430\u0441\u0442\u0430\u043d \u041f\u043e\u043a\u0440\u044b\u0442\u0438\u0435: \u041f\u043e\u043b\u0438\u0443\u0440\u0435\u0442\u0430\u043d \u0411\u0435\u0441\u0448\u043e\u0432\u043d\u0430\u044f \u0432\u044f\u0437\u043a\u0430, 13-\u044b\u0439 \u043a\u0430\u043b\u0438\u0431\u0440","og_url":"https:\/\/stafit.ee\/ru\/tovar\/\u043f\u043e\u0440\u0435\u0437\u043e\u0441\u0442\u043e\u0439\u043a\u0438\u0435-\u043f\u0435\u0440\u0447\u0430\u0442\u043a\u0438-\u043f\u0443-\u043a\u0430\u0442\u0435\u0433\u043e\u0440\u0438\u0438-b\/","og_site_name":"Stafit O\u00dc","article_modified_time":"2026-04-08T15:18:20+00:00","og_image":[{"width":1000,"height":1000,"url":"https:\/\/stafit.ee\/wp-content\/uploads\/2025\/04\/0809-1.jpg","type":"image\/jpeg"}],"twitter_card":"summary_large_image","schema":{"@context":"https:\/\/schema.org","@graph":[{"@type":"WebPage","@id":"https:\/\/stafit.ee\/ru\/tovar\/%d0%bf%d0%be%d1%80%d0%b5%d0%b7%d0%be%d1%81%d1%82%d0%be%d0%b9%d0%ba%d0%b8%d0%b5-%d0%bf%d0%b5%d1%80%d1%87%d0%b0%d1%82%d0%ba%d0%b8-%d0%bf%d1%83-%d0%ba%d0%b0%d1%82%d0%b5%d0%b3%d0%be%d1%80%d0%b8%d0%b8-b\/","url":"https:\/\/stafit.ee\/ru\/tovar\/%d0%bf%d0%be%d1%80%d0%b5%d0%b7%d0%be%d1%81%d1%82%d0%be%d0%b9%d0%ba%d0%b8%d0%b5-%d0%bf%d0%b5%d1%80%d1%87%d0%b0%d1%82%d0%ba%d0%b8-%d0%bf%d1%83-%d0%ba%d0%b0%d1%82%d0%b5%d0%b3%d0%be%d1%80%d0%b8%d0%b8-b\/","name":"\u041f\u043e\u0440\u0435\u0437\u043e\u0441\u0442\u043e\u0439\u043a\u0438\u0435 \u043f\u0435\u0440\u0447\u0430\u0442\u043a\u0438 \u041f\u0423 \u043a\u0430\u0442\u0435\u0433\u043e\u0440\u0438\u0438 B - Stafit O\u00dc","isPartOf":{"@id":"https:\/\/stafit.ee\/#website"},"primaryImageOfPage":{"@id":"https:\/\/stafit.ee\/ru\/tovar\/%d0%bf%d0%be%d1%80%d0%b5%d0%b7%d0%be%d1%81%d1%82%d0%be%d0%b9%d0%ba%d0%b8%d0%b5-%d0%bf%d0%b5%d1%80%d1%87%d0%b0%d1%82%d0%ba%d0%b8-%d0%bf%d1%83-%d0%ba%d0%b0%d1%82%d0%b5%d0%b3%d0%be%d1%80%d0%b8%d0%b8-b\/#primaryimage"},"image":{"@id":"https:\/\/stafit.ee\/ru\/tovar\/%d0%bf%d0%be%d1%80%d0%b5%d0%b7%d0%be%d1%81%d1%82%d0%be%d0%b9%d0%ba%d0%b8%d0%b5-%d0%bf%d0%b5%d1%80%d1%87%d0%b0%d1%82%d0%ba%d0%b8-%d0%bf%d1%83-%d0%ba%d0%b0%d1%82%d0%b5%d0%b3%d0%be%d1%80%d0%b8%d0%b8-b\/#primaryimage"},"thumbnailUrl":"https:\/\/stafit.ee\/wp-content\/uploads\/2025\/04\/0809-1.jpg","datePublished":"2025-04-30T09:06:24+00:00","dateModified":"2026-04-08T15:18:20+00:00","breadcrumb":{"@id":"https:\/\/stafit.ee\/ru\/tovar\/%d0%bf%d0%be%d1%80%d0%b5%d0%b7%d0%be%d1%81%d1%82%d0%be%d0%b9%d0%ba%d0%b8%d0%b5-%d0%bf%d0%b5%d1%80%d1%87%d0%b0%d1%82%d0%ba%d0%b8-%d0%bf%d1%83-%d0%ba%d0%b0%d1%82%d0%b5%d0%b3%d0%be%d1%80%d0%b8%d0%b8-b\/#breadcrumb"},"inLanguage":"ru-RU","potentialAction":[{"@type":"ReadAction","target":["https:\/\/stafit.ee\/ru\/tovar\/%d0%bf%d0%be%d1%80%d0%b5%d0%b7%d0%be%d1%81%d1%82%d0%be%d0%b9%d0%ba%d0%b8%d0%b5-%d0%bf%d0%b5%d1%80%d1%87%d0%b0%d1%82%d0%ba%d0%b8-%d0%bf%d1%83-%d0%ba%d0%b0%d1%82%d0%b5%d0%b3%d0%be%d1%80%d0%b8%d0%b8-b\/"]}]},{"@type":"ImageObject","inLanguage":"ru-RU","@id":"https:\/\/stafit.ee\/ru\/tovar\/%d0%bf%d0%be%d1%80%d0%b5%d0%b7%d0%be%d1%81%d1%82%d0%be%d0%b9%d0%ba%d0%b8%d0%b5-%d0%bf%d0%b5%d1%80%d1%87%d0%b0%d1%82%d0%ba%d0%b8-%d0%bf%d1%83-%d0%ba%d0%b0%d1%82%d0%b5%d0%b3%d0%be%d1%80%d0%b8%d0%b8-b\/#primaryimage","url":"https:\/\/stafit.ee\/wp-content\/uploads\/2025\/04\/0809-1.jpg","contentUrl":"https:\/\/stafit.ee\/wp-content\/uploads\/2025\/04\/0809-1.jpg","width":1000,"height":1000},{"@type":"BreadcrumbList","@id":"https:\/\/stafit.ee\/ru\/tovar\/%d0%bf%d0%be%d1%80%d0%b5%d0%b7%d0%be%d1%81%d1%82%d0%be%d0%b9%d0%ba%d0%b8%d0%b5-%d0%bf%d0%b5%d1%80%d1%87%d0%b0%d1%82%d0%ba%d0%b8-%d0%bf%d1%83-%d0%ba%d0%b0%d1%82%d0%b5%d0%b3%d0%be%d1%80%d0%b8%d0%b8-b\/#breadcrumb","itemListElement":[{"@type":"ListItem","position":1,"name":"Home","item":"https:\/\/stafit.ee\/ru\/"},{"@type":"ListItem","position":2,"name":"\u041c\u0430\u0433\u0430\u0437\u0438\u043d","item":"https:\/\/stafit.ee\/ru\/pood\/"},{"@type":"ListItem","position":3,"name":"\u041f\u043e\u0440\u0435\u0437\u043e\u0441\u0442\u043e\u0439\u043a\u0438\u0435 \u043f\u0435\u0440\u0447\u0430\u0442\u043a\u0438 \u041f\u0423 \u043a\u0430\u0442\u0435\u0433\u043e\u0440\u0438\u0438 B"}]},{"@type":"WebSite","@id":"https:\/\/stafit.ee\/#website","url":"https:\/\/stafit.ee\/","name":"Stafit O\u00dc","description":"T\u00f6\u00f6riete ja ohutusvahendite jae ja hulgim\u00fc\u00fck","potentialAction":[{"@type":"SearchAction","target":{"@type":"EntryPoint","urlTemplate":"https:\/\/stafit.ee\/?s={search_term_string}"},"query-input":{"@type":"PropertyValueSpecification","valueRequired":true,"valueName":"search_term_string"}}],"inLanguage":"ru-RU"}]}},"brands":[],"_links":{"self":[{"href":"https:\/\/stafit.ee\/ru\/wp-json\/wp\/v2\/product\/75580","targetHints":{"allow":["GET"]}}],"collection":[{"href":"https:\/\/stafit.ee\/ru\/wp-json\/wp\/v2\/product"}],"about":[{"href":"https:\/\/stafit.ee\/ru\/wp-json\/wp\/v2\/types\/product"}],"wp:featuredmedia":[{"embeddable":true,"href":"https:\/\/stafit.ee\/ru\/wp-json\/wp\/v2\/media\/75572"}],"wp:attachment":[{"href":"https:\/\/stafit.ee\/ru\/wp-json\/wp\/v2\/media?parent=75580"}],"wp:term":[{"taxonomy":"pwb-brand","embeddable":true,"href":"https:\/\/stafit.ee\/ru\/wp-json\/wp\/v2\/pwb-brand?post=75580"},{"taxonomy":"product_brand","embeddable":true,"href":"https:\/\/stafit.ee\/ru\/wp-json\/wp\/v2\/product_brand?post=75580"},{"taxonomy":"product_cat","embeddable":true,"href":"https:\/\/stafit.ee\/ru\/wp-json\/wp\/v2\/product_cat?post=75580"},{"taxonomy":"product_tag","embeddable":true,"href":"https:\/\/stafit.ee\/ru\/wp-json\/wp\/v2\/product_tag?post=75580"}],"curies":[{"name":"wp","href":"https:\/\/api.w.org\/{rel}","templated":true}]}}