{"id":7308,"date":"2020-10-09T15:58:24","date_gmt":"2020-10-09T13:58:24","guid":{"rendered":"https:\/\/stafit.ee\/toode\/%d0%b1%d1%80%d1%8e%d0%ba%d0%b8-%d1%83%d0%bd%d0%b8%d1%81%d0%b5%d0%ba%d1%81-%d0%b1%d0%b5%d0%bb%d1%8b%d0%b5-107-01\/"},"modified":"2026-04-08T18:21:30","modified_gmt":"2026-04-08T15:21:30","slug":"%d0%b1%d1%80%d1%8e%d0%ba%d0%b8-%d1%83%d0%bd%d0%b8%d1%81%d0%b5%d0%ba%d1%81-%d0%b1%d0%b5%d0%bb%d1%8b%d0%b5-107-01","status":"publish","type":"product","link":"https:\/\/stafit.ee\/ru\/tovar\/%d0%b1%d1%80%d1%8e%d0%ba%d0%b8-%d1%83%d0%bd%d0%b8%d1%81%d0%b5%d0%ba%d1%81-%d0%b1%d0%b5%d0%bb%d1%8b%d0%b5-107-01\/","title":{"rendered":"\u0411\u0440\u044e\u043a\u0438 \u0443\u043d\u0438\u0441\u0435\u043a\u0441 \u0431\u0435\u043b\u044b\u0435"},"content":{"rendered":"<ul>\n<li>50% \u0445\u043b\u043e\u043f\u043e\u043a\/50% \u043f\u043e\u043b\u0438\u044d\u0441\u0442\u0435\u0440, 210 \u0433\/\u043c\u00b2<\/li>\n<li>\u043c\u0443\u0436\u0441\u043a\u0438\u0435 \u0438 \u0436\u0435\u043d\u0441\u043a\u0438\u0435 \u0431\u0440\u044e\u043a\u0438<\/li>\n<li>\u043f\u043e\u044f\u0441 \u043d\u0430 \u0440\u0435\u0437\u0438\u043d\u043a\u0435<\/li>\n<li>\u0431\u0435\u0437 \u043a\u0430\u0440\u043c\u0430\u043d\u043e\u0432<\/li>\n<\/ul>\n","protected":false},"excerpt":{"rendered":"<p>50% \u0445\u043b\u043e\u043f\u043e\u043a\/50% \u043f\u043e\u043b\u0438\u044d\u0441\u0442\u0435\u0440, 210 \u0433\/\u043c\u00b2 \u043c\u0443\u0436\u0441\u043a\u0438\u0435 \u0438 \u0436\u0435\u043d\u0441\u043a\u0438\u0435 \u0431\u0440\u044e\u043a\u0438 \u043f\u043e\u044f\u0441 \u043d\u0430 \u0440\u0435\u0437\u0438\u043d\u043a\u0435 \u0431\u0435\u0437 \u043a\u0430\u0440\u043c\u0430\u043d\u043e\u0432<\/p>\n","protected":false},"featured_media":7368,"template":"","meta":[],"pwb-brand":[327],"product_brand":[],"product_cat":[582],"product_tag":[],"class_list":{"0":"post-7308","1":"product","2":"type-product","3":"status-publish","4":"has-post-thumbnail","6":"pwb-brand-leiber","7":"product_cat-582","9":"first","10":"instock","11":"taxable","12":"shipping-taxable","13":"purchasable","14":"product-type-variable"},"yoast_head":"<!-- This site is optimized with the Yoast SEO plugin v27.0 - https:\/\/yoast.com\/product\/yoast-seo-wordpress\/ -->\n<title>\u0411\u0440\u044e\u043a\u0438 \u0443\u043d\u0438\u0441\u0435\u043a\u0441 \u0431\u0435\u043b\u044b\u0435 - Stafit O\u00dc<\/title>\n<meta name=\"robots\" content=\"index, follow, max-snippet:-1, max-image-preview:large, max-video-preview:-1\" \/>\n<link rel=\"canonical\" href=\"https:\/\/stafit.ee\/ru\/tovar\/\u0431\u0440\u044e\u043a\u0438-\u0443\u043d\u0438\u0441\u0435\u043a\u0441-\u0431\u0435\u043b\u044b\u0435-107-01\/\" \/>\n<meta property=\"og:locale\" content=\"ru_RU\" \/>\n<meta property=\"og:type\" content=\"article\" \/>\n<meta property=\"og:title\" content=\"\u0411\u0440\u044e\u043a\u0438 \u0443\u043d\u0438\u0441\u0435\u043a\u0441 \u0431\u0435\u043b\u044b\u0435 - Stafit O\u00dc\" \/>\n<meta property=\"og:description\" content=\"50% \u0445\u043b\u043e\u043f\u043e\u043a\/50% \u043f\u043e\u043b\u0438\u044d\u0441\u0442\u0435\u0440, 210 \u0433\/\u043c\u00b2 \u043c\u0443\u0436\u0441\u043a\u0438\u0435 \u0438 \u0436\u0435\u043d\u0441\u043a\u0438\u0435 \u0431\u0440\u044e\u043a\u0438 \u043f\u043e\u044f\u0441 \u043d\u0430 \u0440\u0435\u0437\u0438\u043d\u043a\u0435 \u0431\u0435\u0437 \u043a\u0430\u0440\u043c\u0430\u043d\u043e\u0432\" \/>\n<meta property=\"og:url\" content=\"https:\/\/stafit.ee\/ru\/tovar\/\u0431\u0440\u044e\u043a\u0438-\u0443\u043d\u0438\u0441\u0435\u043a\u0441-\u0431\u0435\u043b\u044b\u0435-107-01\/\" \/>\n<meta property=\"og:site_name\" content=\"Stafit O\u00dc\" \/>\n<meta property=\"article:modified_time\" content=\"2026-04-08T15:21:30+00:00\" \/>\n<meta name=\"twitter:card\" content=\"summary_large_image\" \/>\n<script type=\"application\/ld+json\" class=\"yoast-schema-graph\">{\"@context\":\"https:\/\/schema.org\",\"@graph\":[{\"@type\":\"WebPage\",\"@id\":\"https:\/\/stafit.ee\/ru\/tovar\/%d0%b1%d1%80%d1%8e%d0%ba%d0%b8-%d1%83%d0%bd%d0%b8%d1%81%d0%b5%d0%ba%d1%81-%d0%b1%d0%b5%d0%bb%d1%8b%d0%b5-107-01\/\",\"url\":\"https:\/\/stafit.ee\/ru\/tovar\/%d0%b1%d1%80%d1%8e%d0%ba%d0%b8-%d1%83%d0%bd%d0%b8%d1%81%d0%b5%d0%ba%d1%81-%d0%b1%d0%b5%d0%bb%d1%8b%d0%b5-107-01\/\",\"name\":\"\u0411\u0440\u044e\u043a\u0438 \u0443\u043d\u0438\u0441\u0435\u043a\u0441 \u0431\u0435\u043b\u044b\u0435 - Stafit O\u00dc\",\"isPartOf\":{\"@id\":\"https:\/\/stafit.ee\/#website\"},\"primaryImageOfPage\":{\"@id\":\"https:\/\/stafit.ee\/ru\/tovar\/%d0%b1%d1%80%d1%8e%d0%ba%d0%b8-%d1%83%d0%bd%d0%b8%d1%81%d0%b5%d0%ba%d1%81-%d0%b1%d0%b5%d0%bb%d1%8b%d0%b5-107-01\/#primaryimage\"},\"image\":{\"@id\":\"https:\/\/stafit.ee\/ru\/tovar\/%d0%b1%d1%80%d1%8e%d0%ba%d0%b8-%d1%83%d0%bd%d0%b8%d1%81%d0%b5%d0%ba%d1%81-%d0%b1%d0%b5%d0%bb%d1%8b%d0%b5-107-01\/#primaryimage\"},\"thumbnailUrl\":\"https:\/\/stafit.ee\/wp-content\/uploads\/2020\/10\/107.jpg\",\"datePublished\":\"2020-10-09T13:58:24+00:00\",\"dateModified\":\"2026-04-08T15:21:30+00:00\",\"breadcrumb\":{\"@id\":\"https:\/\/stafit.ee\/ru\/tovar\/%d0%b1%d1%80%d1%8e%d0%ba%d0%b8-%d1%83%d0%bd%d0%b8%d1%81%d0%b5%d0%ba%d1%81-%d0%b1%d0%b5%d0%bb%d1%8b%d0%b5-107-01\/#breadcrumb\"},\"inLanguage\":\"ru-RU\",\"potentialAction\":[{\"@type\":\"ReadAction\",\"target\":[\"https:\/\/stafit.ee\/ru\/tovar\/%d0%b1%d1%80%d1%8e%d0%ba%d0%b8-%d1%83%d0%bd%d0%b8%d1%81%d0%b5%d0%ba%d1%81-%d0%b1%d0%b5%d0%bb%d1%8b%d0%b5-107-01\/\"]}]},{\"@type\":\"ImageObject\",\"inLanguage\":\"ru-RU\",\"@id\":\"https:\/\/stafit.ee\/ru\/tovar\/%d0%b1%d1%80%d1%8e%d0%ba%d0%b8-%d1%83%d0%bd%d0%b8%d1%81%d0%b5%d0%ba%d1%81-%d0%b1%d0%b5%d0%bb%d1%8b%d0%b5-107-01\/#primaryimage\",\"url\":\"https:\/\/stafit.ee\/wp-content\/uploads\/2020\/10\/107.jpg\",\"contentUrl\":\"https:\/\/stafit.ee\/wp-content\/uploads\/2020\/10\/107.jpg\",\"width\":1024,\"height\":1024},{\"@type\":\"BreadcrumbList\",\"@id\":\"https:\/\/stafit.ee\/ru\/tovar\/%d0%b1%d1%80%d1%8e%d0%ba%d0%b8-%d1%83%d0%bd%d0%b8%d1%81%d0%b5%d0%ba%d1%81-%d0%b1%d0%b5%d0%bb%d1%8b%d0%b5-107-01\/#breadcrumb\",\"itemListElement\":[{\"@type\":\"ListItem\",\"position\":1,\"name\":\"Home\",\"item\":\"https:\/\/stafit.ee\/ru\/\"},{\"@type\":\"ListItem\",\"position\":2,\"name\":\"\u041c\u0430\u0433\u0430\u0437\u0438\u043d\",\"item\":\"https:\/\/stafit.ee\/ru\/pood\/\"},{\"@type\":\"ListItem\",\"position\":3,\"name\":\"\u0411\u0440\u044e\u043a\u0438 \u0443\u043d\u0438\u0441\u0435\u043a\u0441 \u0431\u0435\u043b\u044b\u0435\"}]},{\"@type\":\"WebSite\",\"@id\":\"https:\/\/stafit.ee\/#website\",\"url\":\"https:\/\/stafit.ee\/\",\"name\":\"Stafit O\u00dc\",\"description\":\"T\u00f6\u00f6riete ja ohutusvahendite jae ja hulgim\u00fc\u00fck\",\"potentialAction\":[{\"@type\":\"SearchAction\",\"target\":{\"@type\":\"EntryPoint\",\"urlTemplate\":\"https:\/\/stafit.ee\/?s={search_term_string}\"},\"query-input\":{\"@type\":\"PropertyValueSpecification\",\"valueRequired\":true,\"valueName\":\"search_term_string\"}}],\"inLanguage\":\"ru-RU\"}]}<\/script>\n<!-- \/ Yoast SEO plugin. -->","yoast_head_json":{"title":"\u0411\u0440\u044e\u043a\u0438 \u0443\u043d\u0438\u0441\u0435\u043a\u0441 \u0431\u0435\u043b\u044b\u0435 - Stafit O\u00dc","robots":{"index":"index","follow":"follow","max-snippet":"max-snippet:-1","max-image-preview":"max-image-preview:large","max-video-preview":"max-video-preview:-1"},"canonical":"https:\/\/stafit.ee\/ru\/tovar\/\u0431\u0440\u044e\u043a\u0438-\u0443\u043d\u0438\u0441\u0435\u043a\u0441-\u0431\u0435\u043b\u044b\u0435-107-01\/","og_locale":"ru_RU","og_type":"article","og_title":"\u0411\u0440\u044e\u043a\u0438 \u0443\u043d\u0438\u0441\u0435\u043a\u0441 \u0431\u0435\u043b\u044b\u0435 - Stafit O\u00dc","og_description":"50% \u0445\u043b\u043e\u043f\u043e\u043a\/50% \u043f\u043e\u043b\u0438\u044d\u0441\u0442\u0435\u0440, 210 \u0433\/\u043c\u00b2 \u043c\u0443\u0436\u0441\u043a\u0438\u0435 \u0438 \u0436\u0435\u043d\u0441\u043a\u0438\u0435 \u0431\u0440\u044e\u043a\u0438 \u043f\u043e\u044f\u0441 \u043d\u0430 \u0440\u0435\u0437\u0438\u043d\u043a\u0435 \u0431\u0435\u0437 \u043a\u0430\u0440\u043c\u0430\u043d\u043e\u0432","og_url":"https:\/\/stafit.ee\/ru\/tovar\/\u0431\u0440\u044e\u043a\u0438-\u0443\u043d\u0438\u0441\u0435\u043a\u0441-\u0431\u0435\u043b\u044b\u0435-107-01\/","og_site_name":"Stafit O\u00dc","article_modified_time":"2026-04-08T15:21:30+00:00","twitter_card":"summary_large_image","schema":{"@context":"https:\/\/schema.org","@graph":[{"@type":"WebPage","@id":"https:\/\/stafit.ee\/ru\/tovar\/%d0%b1%d1%80%d1%8e%d0%ba%d0%b8-%d1%83%d0%bd%d0%b8%d1%81%d0%b5%d0%ba%d1%81-%d0%b1%d0%b5%d0%bb%d1%8b%d0%b5-107-01\/","url":"https:\/\/stafit.ee\/ru\/tovar\/%d0%b1%d1%80%d1%8e%d0%ba%d0%b8-%d1%83%d0%bd%d0%b8%d1%81%d0%b5%d0%ba%d1%81-%d0%b1%d0%b5%d0%bb%d1%8b%d0%b5-107-01\/","name":"\u0411\u0440\u044e\u043a\u0438 \u0443\u043d\u0438\u0441\u0435\u043a\u0441 \u0431\u0435\u043b\u044b\u0435 - Stafit O\u00dc","isPartOf":{"@id":"https:\/\/stafit.ee\/#website"},"primaryImageOfPage":{"@id":"https:\/\/stafit.ee\/ru\/tovar\/%d0%b1%d1%80%d1%8e%d0%ba%d0%b8-%d1%83%d0%bd%d0%b8%d1%81%d0%b5%d0%ba%d1%81-%d0%b1%d0%b5%d0%bb%d1%8b%d0%b5-107-01\/#primaryimage"},"image":{"@id":"https:\/\/stafit.ee\/ru\/tovar\/%d0%b1%d1%80%d1%8e%d0%ba%d0%b8-%d1%83%d0%bd%d0%b8%d1%81%d0%b5%d0%ba%d1%81-%d0%b1%d0%b5%d0%bb%d1%8b%d0%b5-107-01\/#primaryimage"},"thumbnailUrl":"https:\/\/stafit.ee\/wp-content\/uploads\/2020\/10\/107.jpg","datePublished":"2020-10-09T13:58:24+00:00","dateModified":"2026-04-08T15:21:30+00:00","breadcrumb":{"@id":"https:\/\/stafit.ee\/ru\/tovar\/%d0%b1%d1%80%d1%8e%d0%ba%d0%b8-%d1%83%d0%bd%d0%b8%d1%81%d0%b5%d0%ba%d1%81-%d0%b1%d0%b5%d0%bb%d1%8b%d0%b5-107-01\/#breadcrumb"},"inLanguage":"ru-RU","potentialAction":[{"@type":"ReadAction","target":["https:\/\/stafit.ee\/ru\/tovar\/%d0%b1%d1%80%d1%8e%d0%ba%d0%b8-%d1%83%d0%bd%d0%b8%d1%81%d0%b5%d0%ba%d1%81-%d0%b1%d0%b5%d0%bb%d1%8b%d0%b5-107-01\/"]}]},{"@type":"ImageObject","inLanguage":"ru-RU","@id":"https:\/\/stafit.ee\/ru\/tovar\/%d0%b1%d1%80%d1%8e%d0%ba%d0%b8-%d1%83%d0%bd%d0%b8%d1%81%d0%b5%d0%ba%d1%81-%d0%b1%d0%b5%d0%bb%d1%8b%d0%b5-107-01\/#primaryimage","url":"https:\/\/stafit.ee\/wp-content\/uploads\/2020\/10\/107.jpg","contentUrl":"https:\/\/stafit.ee\/wp-content\/uploads\/2020\/10\/107.jpg","width":1024,"height":1024},{"@type":"BreadcrumbList","@id":"https:\/\/stafit.ee\/ru\/tovar\/%d0%b1%d1%80%d1%8e%d0%ba%d0%b8-%d1%83%d0%bd%d0%b8%d1%81%d0%b5%d0%ba%d1%81-%d0%b1%d0%b5%d0%bb%d1%8b%d0%b5-107-01\/#breadcrumb","itemListElement":[{"@type":"ListItem","position":1,"name":"Home","item":"https:\/\/stafit.ee\/ru\/"},{"@type":"ListItem","position":2,"name":"\u041c\u0430\u0433\u0430\u0437\u0438\u043d","item":"https:\/\/stafit.ee\/ru\/pood\/"},{"@type":"ListItem","position":3,"name":"\u0411\u0440\u044e\u043a\u0438 \u0443\u043d\u0438\u0441\u0435\u043a\u0441 \u0431\u0435\u043b\u044b\u0435"}]},{"@type":"WebSite","@id":"https:\/\/stafit.ee\/#website","url":"https:\/\/stafit.ee\/","name":"Stafit O\u00dc","description":"T\u00f6\u00f6riete ja ohutusvahendite jae ja hulgim\u00fc\u00fck","potentialAction":[{"@type":"SearchAction","target":{"@type":"EntryPoint","urlTemplate":"https:\/\/stafit.ee\/?s={search_term_string}"},"query-input":{"@type":"PropertyValueSpecification","valueRequired":true,"valueName":"search_term_string"}}],"inLanguage":"ru-RU"}]}},"brands":[{"id":327,"name":"Leiber","slug":"leiber"}],"_links":{"self":[{"href":"https:\/\/stafit.ee\/ru\/wp-json\/wp\/v2\/product\/7308","targetHints":{"allow":["GET"]}}],"collection":[{"href":"https:\/\/stafit.ee\/ru\/wp-json\/wp\/v2\/product"}],"about":[{"href":"https:\/\/stafit.ee\/ru\/wp-json\/wp\/v2\/types\/product"}],"wp:featuredmedia":[{"embeddable":true,"href":"https:\/\/stafit.ee\/ru\/wp-json\/wp\/v2\/media\/7368"}],"wp:attachment":[{"href":"https:\/\/stafit.ee\/ru\/wp-json\/wp\/v2\/media?parent=7308"}],"wp:term":[{"taxonomy":"pwb-brand","embeddable":true,"href":"https:\/\/stafit.ee\/ru\/wp-json\/wp\/v2\/pwb-brand?post=7308"},{"taxonomy":"product_brand","embeddable":true,"href":"https:\/\/stafit.ee\/ru\/wp-json\/wp\/v2\/product_brand?post=7308"},{"taxonomy":"product_cat","embeddable":true,"href":"https:\/\/stafit.ee\/ru\/wp-json\/wp\/v2\/product_cat?post=7308"},{"taxonomy":"product_tag","embeddable":true,"href":"https:\/\/stafit.ee\/ru\/wp-json\/wp\/v2\/product_tag?post=7308"}],"curies":[{"name":"wp","href":"https:\/\/api.w.org\/{rel}","templated":true}]}}