{"id":72774,"date":"2025-03-07T12:05:55","date_gmt":"2025-03-07T10:05:55","guid":{"rendered":"https:\/\/stafit.ee\/toode\/%d0%bc%d1%83%d0%b6%d1%81%d0%ba%d0%be%d0%b9-%d0%bf%d0%be%d0%b2%d0%b0%d1%80%d1%81%d0%ba%d0%be%d0%b9-%d0%ba%d0%b8%d1%82%d0%b5%d0%bb%d1%8c-adriano-%d1%87%d1%91%d1%80%d0%bd%d1%8b%d0%b9\/"},"modified":"2026-04-08T18:18:41","modified_gmt":"2026-04-08T15:18:41","slug":"%d0%bc%d1%83%d0%b6%d1%81%d0%ba%d0%be%d0%b9-%d0%bf%d0%be%d0%b2%d0%b0%d1%80%d1%81%d0%ba%d0%be%d0%b9-%d0%ba%d0%b8%d1%82%d0%b5%d0%bb%d1%8c-adriano-%d1%87%d1%91%d1%80%d0%bd%d1%8b%d0%b9","status":"publish","type":"product","link":"https:\/\/stafit.ee\/ru\/tovar\/%d0%bc%d1%83%d0%b6%d1%81%d0%ba%d0%be%d0%b9-%d0%bf%d0%be%d0%b2%d0%b0%d1%80%d1%81%d0%ba%d0%be%d0%b9-%d0%ba%d0%b8%d1%82%d0%b5%d0%bb%d1%8c-adriano-%d1%87%d1%91%d1%80%d0%bd%d1%8b%d0%b9\/","title":{"rendered":"\u041c\u0443\u0436\u0441\u043a\u043e\u0439 \u043f\u043e\u0432\u0430\u0440\u0441\u043a\u043e\u0439 \u043a\u0438\u0442\u0435\u043b\u044c ADRIANO \u0447\u0451\u0440\u043d\u044b\u0439"},"content":{"rendered":"<p>\u0422\u043a\u0430\u043d\u044c: 65% \u043f\u043e\u043b\u0438\u044d\u0441\u0442\u0435\u0440, 35% \u0445\u043b\u043e\u043f\u043e\u043a, 200 \u0433\/\u043c\u00b2.<\/p>\n<p>\u0414\u043b\u0438\u043d\u043d\u044b\u0435 \u0440\u0443\u043a\u0430\u0432\u0430<br \/>\nC\u044a\u0451\u043c\u043d\u044b\u0435 \u043f\u0443\u0433\u043e\u0432\u0438\u0446\u044b<br \/>\n\u041a\u0430\u0440\u043c\u0430\u043d \u0434\u043b\u044f \u0440\u0443\u0447\u043a\u0438 \u043d\u0430 \u043b\u0435\u0432\u043e\u043c \u0440\u0443\u043a\u0430\u0432\u0435<br \/>\n\u041f\u0440\u0438\u0442\u0430\u043b\u0435\u043d\u043d\u044b\u0439 \u043a\u0440\u043e\u0439<\/p>\n","protected":false},"excerpt":{"rendered":"<p>\u0422\u043a\u0430\u043d\u044c: 65% \u043f\u043e\u043b\u0438\u044d\u0441\u0442\u0435\u0440, 35% \u0445\u043b\u043e\u043f\u043e\u043a, 200 \u0433\/\u043c\u00b2. \u0414\u043b\u0438\u043d\u043d\u044b\u0435 \u0440\u0443\u043a\u0430\u0432\u0430 C\u044a\u0451\u043c\u043d\u044b\u0435 \u043f\u0443\u0433\u043e\u0432\u0438\u0446\u044b \u041a\u0430\u0440\u043c\u0430\u043d \u0434\u043b\u044f \u0440\u0443\u0447\u043a\u0438 \u043d\u0430 \u043b\u0435\u0432\u043e\u043c \u0440\u0443\u043a\u0430\u0432\u0435 \u041f\u0440\u0438\u0442\u0430\u043b\u0435\u043d\u043d\u044b\u0439 \u043a\u0440\u043e\u0439<\/p>\n","protected":false},"featured_media":72756,"template":"","meta":[],"pwb-brand":[],"product_brand":[],"product_cat":[568],"product_tag":[],"class_list":{"0":"post-72774","1":"product","2":"type-product","3":"status-publish","4":"has-post-thumbnail","6":"product_cat-568","8":"first","9":"instock","10":"taxable","11":"shipping-taxable","12":"purchasable","13":"product-type-variable"},"yoast_head":"<!-- This site is optimized with the Yoast SEO plugin v27.0 - https:\/\/yoast.com\/product\/yoast-seo-wordpress\/ -->\n<title>\u041c\u0443\u0436\u0441\u043a\u043e\u0439 \u043f\u043e\u0432\u0430\u0440\u0441\u043a\u043e\u0439 \u043a\u0438\u0442\u0435\u043b\u044c ADRIANO \u0447\u0451\u0440\u043d\u044b\u0439 - Stafit O\u00dc<\/title>\n<meta name=\"robots\" content=\"index, follow, max-snippet:-1, max-image-preview:large, max-video-preview:-1\" \/>\n<link rel=\"canonical\" href=\"https:\/\/stafit.ee\/ru\/tovar\/\u043c\u0443\u0436\u0441\u043a\u043e\u0439-\u043f\u043e\u0432\u0430\u0440\u0441\u043a\u043e\u0439-\u043a\u0438\u0442\u0435\u043b\u044c-adriano-\u0447\u0451\u0440\u043d\u044b\u0439\/\" \/>\n<meta property=\"og:locale\" content=\"ru_RU\" \/>\n<meta property=\"og:type\" content=\"article\" \/>\n<meta property=\"og:title\" content=\"\u041c\u0443\u0436\u0441\u043a\u043e\u0439 \u043f\u043e\u0432\u0430\u0440\u0441\u043a\u043e\u0439 \u043a\u0438\u0442\u0435\u043b\u044c ADRIANO \u0447\u0451\u0440\u043d\u044b\u0439 - Stafit O\u00dc\" \/>\n<meta property=\"og:description\" content=\"\u0422\u043a\u0430\u043d\u044c: 65% \u043f\u043e\u043b\u0438\u044d\u0441\u0442\u0435\u0440, 35% \u0445\u043b\u043e\u043f\u043e\u043a, 200 \u0433\/\u043c\u00b2. \u0414\u043b\u0438\u043d\u043d\u044b\u0435 \u0440\u0443\u043a\u0430\u0432\u0430 C\u044a\u0451\u043c\u043d\u044b\u0435 \u043f\u0443\u0433\u043e\u0432\u0438\u0446\u044b \u041a\u0430\u0440\u043c\u0430\u043d \u0434\u043b\u044f \u0440\u0443\u0447\u043a\u0438 \u043d\u0430 \u043b\u0435\u0432\u043e\u043c \u0440\u0443\u043a\u0430\u0432\u0435 \u041f\u0440\u0438\u0442\u0430\u043b\u0435\u043d\u043d\u044b\u0439 \u043a\u0440\u043e\u0439\" \/>\n<meta property=\"og:url\" content=\"https:\/\/stafit.ee\/ru\/tovar\/\u043c\u0443\u0436\u0441\u043a\u043e\u0439-\u043f\u043e\u0432\u0430\u0440\u0441\u043a\u043e\u0439-\u043a\u0438\u0442\u0435\u043b\u044c-adriano-\u0447\u0451\u0440\u043d\u044b\u0439\/\" \/>\n<meta property=\"og:site_name\" content=\"Stafit O\u00dc\" \/>\n<meta property=\"article:modified_time\" content=\"2026-04-08T15:18:41+00:00\" \/>\n<meta property=\"og:image\" content=\"https:\/\/stafit.ee\/wp-content\/uploads\/2025\/03\/Q8G00184-01.jpg\" \/>\n\t<meta property=\"og:image:width\" content=\"1200\" \/>\n\t<meta property=\"og:image:height\" content=\"1200\" \/>\n\t<meta property=\"og:image:type\" content=\"image\/jpeg\" \/>\n<meta name=\"twitter:card\" content=\"summary_large_image\" \/>\n<script type=\"application\/ld+json\" class=\"yoast-schema-graph\">{\"@context\":\"https:\/\/schema.org\",\"@graph\":[{\"@type\":\"WebPage\",\"@id\":\"https:\/\/stafit.ee\/ru\/tovar\/%d0%bc%d1%83%d0%b6%d1%81%d0%ba%d0%be%d0%b9-%d0%bf%d0%be%d0%b2%d0%b0%d1%80%d1%81%d0%ba%d0%be%d0%b9-%d0%ba%d0%b8%d1%82%d0%b5%d0%bb%d1%8c-adriano-%d1%87%d1%91%d1%80%d0%bd%d1%8b%d0%b9\/\",\"url\":\"https:\/\/stafit.ee\/ru\/tovar\/%d0%bc%d1%83%d0%b6%d1%81%d0%ba%d0%be%d0%b9-%d0%bf%d0%be%d0%b2%d0%b0%d1%80%d1%81%d0%ba%d0%be%d0%b9-%d0%ba%d0%b8%d1%82%d0%b5%d0%bb%d1%8c-adriano-%d1%87%d1%91%d1%80%d0%bd%d1%8b%d0%b9\/\",\"name\":\"\u041c\u0443\u0436\u0441\u043a\u043e\u0439 \u043f\u043e\u0432\u0430\u0440\u0441\u043a\u043e\u0439 \u043a\u0438\u0442\u0435\u043b\u044c ADRIANO \u0447\u0451\u0440\u043d\u044b\u0439 - Stafit O\u00dc\",\"isPartOf\":{\"@id\":\"https:\/\/stafit.ee\/#website\"},\"primaryImageOfPage\":{\"@id\":\"https:\/\/stafit.ee\/ru\/tovar\/%d0%bc%d1%83%d0%b6%d1%81%d0%ba%d0%be%d0%b9-%d0%bf%d0%be%d0%b2%d0%b0%d1%80%d1%81%d0%ba%d0%be%d0%b9-%d0%ba%d0%b8%d1%82%d0%b5%d0%bb%d1%8c-adriano-%d1%87%d1%91%d1%80%d0%bd%d1%8b%d0%b9\/#primaryimage\"},\"image\":{\"@id\":\"https:\/\/stafit.ee\/ru\/tovar\/%d0%bc%d1%83%d0%b6%d1%81%d0%ba%d0%be%d0%b9-%d0%bf%d0%be%d0%b2%d0%b0%d1%80%d1%81%d0%ba%d0%be%d0%b9-%d0%ba%d0%b8%d1%82%d0%b5%d0%bb%d1%8c-adriano-%d1%87%d1%91%d1%80%d0%bd%d1%8b%d0%b9\/#primaryimage\"},\"thumbnailUrl\":\"https:\/\/stafit.ee\/wp-content\/uploads\/2025\/03\/Q8G00184-01.jpg\",\"datePublished\":\"2025-03-07T10:05:55+00:00\",\"dateModified\":\"2026-04-08T15:18:41+00:00\",\"breadcrumb\":{\"@id\":\"https:\/\/stafit.ee\/ru\/tovar\/%d0%bc%d1%83%d0%b6%d1%81%d0%ba%d0%be%d0%b9-%d0%bf%d0%be%d0%b2%d0%b0%d1%80%d1%81%d0%ba%d0%be%d0%b9-%d0%ba%d0%b8%d1%82%d0%b5%d0%bb%d1%8c-adriano-%d1%87%d1%91%d1%80%d0%bd%d1%8b%d0%b9\/#breadcrumb\"},\"inLanguage\":\"ru-RU\",\"potentialAction\":[{\"@type\":\"ReadAction\",\"target\":[\"https:\/\/stafit.ee\/ru\/tovar\/%d0%bc%d1%83%d0%b6%d1%81%d0%ba%d0%be%d0%b9-%d0%bf%d0%be%d0%b2%d0%b0%d1%80%d1%81%d0%ba%d0%be%d0%b9-%d0%ba%d0%b8%d1%82%d0%b5%d0%bb%d1%8c-adriano-%d1%87%d1%91%d1%80%d0%bd%d1%8b%d0%b9\/\"]}]},{\"@type\":\"ImageObject\",\"inLanguage\":\"ru-RU\",\"@id\":\"https:\/\/stafit.ee\/ru\/tovar\/%d0%bc%d1%83%d0%b6%d1%81%d0%ba%d0%be%d0%b9-%d0%bf%d0%be%d0%b2%d0%b0%d1%80%d1%81%d0%ba%d0%be%d0%b9-%d0%ba%d0%b8%d1%82%d0%b5%d0%bb%d1%8c-adriano-%d1%87%d1%91%d1%80%d0%bd%d1%8b%d0%b9\/#primaryimage\",\"url\":\"https:\/\/stafit.ee\/wp-content\/uploads\/2025\/03\/Q8G00184-01.jpg\",\"contentUrl\":\"https:\/\/stafit.ee\/wp-content\/uploads\/2025\/03\/Q8G00184-01.jpg\",\"width\":1200,\"height\":1200},{\"@type\":\"BreadcrumbList\",\"@id\":\"https:\/\/stafit.ee\/ru\/tovar\/%d0%bc%d1%83%d0%b6%d1%81%d0%ba%d0%be%d0%b9-%d0%bf%d0%be%d0%b2%d0%b0%d1%80%d1%81%d0%ba%d0%be%d0%b9-%d0%ba%d0%b8%d1%82%d0%b5%d0%bb%d1%8c-adriano-%d1%87%d1%91%d1%80%d0%bd%d1%8b%d0%b9\/#breadcrumb\",\"itemListElement\":[{\"@type\":\"ListItem\",\"position\":1,\"name\":\"Home\",\"item\":\"https:\/\/stafit.ee\/ru\/\"},{\"@type\":\"ListItem\",\"position\":2,\"name\":\"\u041c\u0430\u0433\u0430\u0437\u0438\u043d\",\"item\":\"https:\/\/stafit.ee\/ru\/pood\/\"},{\"@type\":\"ListItem\",\"position\":3,\"name\":\"\u041c\u0443\u0436\u0441\u043a\u043e\u0439 \u043f\u043e\u0432\u0430\u0440\u0441\u043a\u043e\u0439 \u043a\u0438\u0442\u0435\u043b\u044c ADRIANO \u0447\u0451\u0440\u043d\u044b\u0439\"}]},{\"@type\":\"WebSite\",\"@id\":\"https:\/\/stafit.ee\/#website\",\"url\":\"https:\/\/stafit.ee\/\",\"name\":\"Stafit O\u00dc\",\"description\":\"T\u00f6\u00f6riete ja ohutusvahendite jae ja hulgim\u00fc\u00fck\",\"potentialAction\":[{\"@type\":\"SearchAction\",\"target\":{\"@type\":\"EntryPoint\",\"urlTemplate\":\"https:\/\/stafit.ee\/?s={search_term_string}\"},\"query-input\":{\"@type\":\"PropertyValueSpecification\",\"valueRequired\":true,\"valueName\":\"search_term_string\"}}],\"inLanguage\":\"ru-RU\"}]}<\/script>\n<!-- \/ Yoast SEO plugin. -->","yoast_head_json":{"title":"\u041c\u0443\u0436\u0441\u043a\u043e\u0439 \u043f\u043e\u0432\u0430\u0440\u0441\u043a\u043e\u0439 \u043a\u0438\u0442\u0435\u043b\u044c ADRIANO \u0447\u0451\u0440\u043d\u044b\u0439 - Stafit O\u00dc","robots":{"index":"index","follow":"follow","max-snippet":"max-snippet:-1","max-image-preview":"max-image-preview:large","max-video-preview":"max-video-preview:-1"},"canonical":"https:\/\/stafit.ee\/ru\/tovar\/\u043c\u0443\u0436\u0441\u043a\u043e\u0439-\u043f\u043e\u0432\u0430\u0440\u0441\u043a\u043e\u0439-\u043a\u0438\u0442\u0435\u043b\u044c-adriano-\u0447\u0451\u0440\u043d\u044b\u0439\/","og_locale":"ru_RU","og_type":"article","og_title":"\u041c\u0443\u0436\u0441\u043a\u043e\u0439 \u043f\u043e\u0432\u0430\u0440\u0441\u043a\u043e\u0439 \u043a\u0438\u0442\u0435\u043b\u044c ADRIANO \u0447\u0451\u0440\u043d\u044b\u0439 - Stafit O\u00dc","og_description":"\u0422\u043a\u0430\u043d\u044c: 65% \u043f\u043e\u043b\u0438\u044d\u0441\u0442\u0435\u0440, 35% \u0445\u043b\u043e\u043f\u043e\u043a, 200 \u0433\/\u043c\u00b2. \u0414\u043b\u0438\u043d\u043d\u044b\u0435 \u0440\u0443\u043a\u0430\u0432\u0430 C\u044a\u0451\u043c\u043d\u044b\u0435 \u043f\u0443\u0433\u043e\u0432\u0438\u0446\u044b \u041a\u0430\u0440\u043c\u0430\u043d \u0434\u043b\u044f \u0440\u0443\u0447\u043a\u0438 \u043d\u0430 \u043b\u0435\u0432\u043e\u043c \u0440\u0443\u043a\u0430\u0432\u0435 \u041f\u0440\u0438\u0442\u0430\u043b\u0435\u043d\u043d\u044b\u0439 \u043a\u0440\u043e\u0439","og_url":"https:\/\/stafit.ee\/ru\/tovar\/\u043c\u0443\u0436\u0441\u043a\u043e\u0439-\u043f\u043e\u0432\u0430\u0440\u0441\u043a\u043e\u0439-\u043a\u0438\u0442\u0435\u043b\u044c-adriano-\u0447\u0451\u0440\u043d\u044b\u0439\/","og_site_name":"Stafit O\u00dc","article_modified_time":"2026-04-08T15:18:41+00:00","og_image":[{"width":1200,"height":1200,"url":"https:\/\/stafit.ee\/wp-content\/uploads\/2025\/03\/Q8G00184-01.jpg","type":"image\/jpeg"}],"twitter_card":"summary_large_image","schema":{"@context":"https:\/\/schema.org","@graph":[{"@type":"WebPage","@id":"https:\/\/stafit.ee\/ru\/tovar\/%d0%bc%d1%83%d0%b6%d1%81%d0%ba%d0%be%d0%b9-%d0%bf%d0%be%d0%b2%d0%b0%d1%80%d1%81%d0%ba%d0%be%d0%b9-%d0%ba%d0%b8%d1%82%d0%b5%d0%bb%d1%8c-adriano-%d1%87%d1%91%d1%80%d0%bd%d1%8b%d0%b9\/","url":"https:\/\/stafit.ee\/ru\/tovar\/%d0%bc%d1%83%d0%b6%d1%81%d0%ba%d0%be%d0%b9-%d0%bf%d0%be%d0%b2%d0%b0%d1%80%d1%81%d0%ba%d0%be%d0%b9-%d0%ba%d0%b8%d1%82%d0%b5%d0%bb%d1%8c-adriano-%d1%87%d1%91%d1%80%d0%bd%d1%8b%d0%b9\/","name":"\u041c\u0443\u0436\u0441\u043a\u043e\u0439 \u043f\u043e\u0432\u0430\u0440\u0441\u043a\u043e\u0439 \u043a\u0438\u0442\u0435\u043b\u044c ADRIANO \u0447\u0451\u0440\u043d\u044b\u0439 - Stafit O\u00dc","isPartOf":{"@id":"https:\/\/stafit.ee\/#website"},"primaryImageOfPage":{"@id":"https:\/\/stafit.ee\/ru\/tovar\/%d0%bc%d1%83%d0%b6%d1%81%d0%ba%d0%be%d0%b9-%d0%bf%d0%be%d0%b2%d0%b0%d1%80%d1%81%d0%ba%d0%be%d0%b9-%d0%ba%d0%b8%d1%82%d0%b5%d0%bb%d1%8c-adriano-%d1%87%d1%91%d1%80%d0%bd%d1%8b%d0%b9\/#primaryimage"},"image":{"@id":"https:\/\/stafit.ee\/ru\/tovar\/%d0%bc%d1%83%d0%b6%d1%81%d0%ba%d0%be%d0%b9-%d0%bf%d0%be%d0%b2%d0%b0%d1%80%d1%81%d0%ba%d0%be%d0%b9-%d0%ba%d0%b8%d1%82%d0%b5%d0%bb%d1%8c-adriano-%d1%87%d1%91%d1%80%d0%bd%d1%8b%d0%b9\/#primaryimage"},"thumbnailUrl":"https:\/\/stafit.ee\/wp-content\/uploads\/2025\/03\/Q8G00184-01.jpg","datePublished":"2025-03-07T10:05:55+00:00","dateModified":"2026-04-08T15:18:41+00:00","breadcrumb":{"@id":"https:\/\/stafit.ee\/ru\/tovar\/%d0%bc%d1%83%d0%b6%d1%81%d0%ba%d0%be%d0%b9-%d0%bf%d0%be%d0%b2%d0%b0%d1%80%d1%81%d0%ba%d0%be%d0%b9-%d0%ba%d0%b8%d1%82%d0%b5%d0%bb%d1%8c-adriano-%d1%87%d1%91%d1%80%d0%bd%d1%8b%d0%b9\/#breadcrumb"},"inLanguage":"ru-RU","potentialAction":[{"@type":"ReadAction","target":["https:\/\/stafit.ee\/ru\/tovar\/%d0%bc%d1%83%d0%b6%d1%81%d0%ba%d0%be%d0%b9-%d0%bf%d0%be%d0%b2%d0%b0%d1%80%d1%81%d0%ba%d0%be%d0%b9-%d0%ba%d0%b8%d1%82%d0%b5%d0%bb%d1%8c-adriano-%d1%87%d1%91%d1%80%d0%bd%d1%8b%d0%b9\/"]}]},{"@type":"ImageObject","inLanguage":"ru-RU","@id":"https:\/\/stafit.ee\/ru\/tovar\/%d0%bc%d1%83%d0%b6%d1%81%d0%ba%d0%be%d0%b9-%d0%bf%d0%be%d0%b2%d0%b0%d1%80%d1%81%d0%ba%d0%be%d0%b9-%d0%ba%d0%b8%d1%82%d0%b5%d0%bb%d1%8c-adriano-%d1%87%d1%91%d1%80%d0%bd%d1%8b%d0%b9\/#primaryimage","url":"https:\/\/stafit.ee\/wp-content\/uploads\/2025\/03\/Q8G00184-01.jpg","contentUrl":"https:\/\/stafit.ee\/wp-content\/uploads\/2025\/03\/Q8G00184-01.jpg","width":1200,"height":1200},{"@type":"BreadcrumbList","@id":"https:\/\/stafit.ee\/ru\/tovar\/%d0%bc%d1%83%d0%b6%d1%81%d0%ba%d0%be%d0%b9-%d0%bf%d0%be%d0%b2%d0%b0%d1%80%d1%81%d0%ba%d0%be%d0%b9-%d0%ba%d0%b8%d1%82%d0%b5%d0%bb%d1%8c-adriano-%d1%87%d1%91%d1%80%d0%bd%d1%8b%d0%b9\/#breadcrumb","itemListElement":[{"@type":"ListItem","position":1,"name":"Home","item":"https:\/\/stafit.ee\/ru\/"},{"@type":"ListItem","position":2,"name":"\u041c\u0430\u0433\u0430\u0437\u0438\u043d","item":"https:\/\/stafit.ee\/ru\/pood\/"},{"@type":"ListItem","position":3,"name":"\u041c\u0443\u0436\u0441\u043a\u043e\u0439 \u043f\u043e\u0432\u0430\u0440\u0441\u043a\u043e\u0439 \u043a\u0438\u0442\u0435\u043b\u044c ADRIANO \u0447\u0451\u0440\u043d\u044b\u0439"}]},{"@type":"WebSite","@id":"https:\/\/stafit.ee\/#website","url":"https:\/\/stafit.ee\/","name":"Stafit O\u00dc","description":"T\u00f6\u00f6riete ja ohutusvahendite jae ja hulgim\u00fc\u00fck","potentialAction":[{"@type":"SearchAction","target":{"@type":"EntryPoint","urlTemplate":"https:\/\/stafit.ee\/?s={search_term_string}"},"query-input":{"@type":"PropertyValueSpecification","valueRequired":true,"valueName":"search_term_string"}}],"inLanguage":"ru-RU"}]}},"brands":[],"_links":{"self":[{"href":"https:\/\/stafit.ee\/ru\/wp-json\/wp\/v2\/product\/72774","targetHints":{"allow":["GET"]}}],"collection":[{"href":"https:\/\/stafit.ee\/ru\/wp-json\/wp\/v2\/product"}],"about":[{"href":"https:\/\/stafit.ee\/ru\/wp-json\/wp\/v2\/types\/product"}],"wp:featuredmedia":[{"embeddable":true,"href":"https:\/\/stafit.ee\/ru\/wp-json\/wp\/v2\/media\/72756"}],"wp:attachment":[{"href":"https:\/\/stafit.ee\/ru\/wp-json\/wp\/v2\/media?parent=72774"}],"wp:term":[{"taxonomy":"pwb-brand","embeddable":true,"href":"https:\/\/stafit.ee\/ru\/wp-json\/wp\/v2\/pwb-brand?post=72774"},{"taxonomy":"product_brand","embeddable":true,"href":"https:\/\/stafit.ee\/ru\/wp-json\/wp\/v2\/product_brand?post=72774"},{"taxonomy":"product_cat","embeddable":true,"href":"https:\/\/stafit.ee\/ru\/wp-json\/wp\/v2\/product_cat?post=72774"},{"taxonomy":"product_tag","embeddable":true,"href":"https:\/\/stafit.ee\/ru\/wp-json\/wp\/v2\/product_tag?post=72774"}],"curies":[{"name":"wp","href":"https:\/\/api.w.org\/{rel}","templated":true}]}}