{"id":72440,"date":"2025-02-21T12:05:59","date_gmt":"2025-02-21T10:05:59","guid":{"rendered":"https:\/\/stafit.ee\/toode\/%d0%bc%d0%bd%d0%be%d0%b3%d0%be%d1%84%d1%83%d0%bd%d0%ba%d1%86%d0%b8%d0%be%d0%bd%d0%b0%d0%bb%d1%8c%d0%bd%d1%8b%d0%b5-%d0%b1%d0%be%d0%ba%d0%be%d1%80%d0%b5%d0%b7%d1%8b-5%d0%b21-hogert-200-%d0%bc%d0%bc\/"},"modified":"2026-04-08T18:18:35","modified_gmt":"2026-04-08T15:18:35","slug":"%d0%bc%d0%bd%d0%be%d0%b3%d0%be%d1%84%d1%83%d0%bd%d0%ba%d1%86%d0%b8%d0%be%d0%bd%d0%b0%d0%bb%d1%8c%d0%bd%d1%8b%d0%b5-%d0%b1%d0%be%d0%ba%d0%be%d1%80%d0%b5%d0%b7%d1%8b-5%d0%b21-hogert-200-%d0%bc%d0%bc","status":"publish","type":"product","link":"https:\/\/stafit.ee\/ru\/tovar\/%d0%bc%d0%bd%d0%be%d0%b3%d0%be%d1%84%d1%83%d0%bd%d0%ba%d1%86%d0%b8%d0%be%d0%bd%d0%b0%d0%bb%d1%8c%d0%bd%d1%8b%d0%b5-%d0%b1%d0%be%d0%ba%d0%be%d1%80%d0%b5%d0%b7%d1%8b-5%d0%b21-hogert-200-%d0%bc%d0%bc\/","title":{"rendered":"\u041c\u043d\u043e\u0433\u043e\u0444\u0443\u043d\u043a\u0446\u0438\u043e\u043d\u0430\u043b\u044c\u043d\u044b\u0435 \u0431\u043e\u043a\u043e\u0440\u0435\u0437\u044b 5\u04321 H\u00f6gert 165 \u043c\u043c"},"content":{"rendered":"<p data-start=\"0\" data-end=\"434\">\u0423\u043d\u0438\u0432\u0435\u0440\u0441\u0430\u043b\u044c\u043d\u044b\u0439 \u0438\u043d\u0441\u0442\u0440\u0443\u043c\u0435\u043d\u0442 5 \u0432 1 \u0434\u043b\u044f \u0443\u0434\u043e\u0431\u043d\u043e\u0439 \u0438 \u0431\u044b\u0441\u0442\u0440\u043e\u0439 \u0440\u0430\u0431\u043e\u0442\u044b. \u041e\u043d \u0441\u043e\u0447\u0435\u0442\u0430\u0435\u0442 \u0432 \u0441\u0435\u0431\u0435 \u0444\u0443\u043d\u043a\u0446\u0438\u0438 \u0440\u0435\u0437\u043a\u0438, \u043e\u0431\u0436\u0438\u043c\u0430, \u0441\u0440\u0435\u0437\u0430\u043d\u0438\u044f, \u0437\u0430\u0447\u0438\u0441\u0442\u043a\u0438 \u0438 \u043c\u043e\u043d\u0442\u0430\u0436\u0430 \u043a\u043b\u0435\u043c\u043c. \u041e\u0441\u0442\u0440\u043e\u0435 \u043b\u0435\u0437\u0432\u0438\u0435 \u0440\u0435\u0436\u0435\u0442 \u043f\u0440\u043e\u0432\u043e\u043b\u043e\u043a\u0443 \u0434\u043e 13 \u043c\u043c \u0432 \u0434\u0438\u0430\u043c\u0435\u0442\u0440\u0435, \u0430 \u0441\u043f\u0435\u0446\u0438\u0430\u043b\u044c\u043d\u043e\u0435 \u043e\u0442\u0432\u0435\u0440\u0441\u0442\u0438\u0435 \u0443\u0441\u043a\u043e\u0440\u044f\u0435\u0442 \u0437\u0430\u0447\u0438\u0441\u0442\u043a\u0443 \u043f\u0440\u043e\u0432\u043e\u0434\u043e\u0432. \u0418\u043d\u0441\u0442\u0440\u0443\u043c\u0435\u043d\u0442 \u0432\u044b\u043f\u043e\u043b\u043d\u0435\u043d \u0438\u0437 \u0445\u0440\u043e\u043c-\u0432\u0430\u043d\u0430\u0434\u0438\u0435\u0432\u043e\u0439 \u0441\u0442\u0430\u043b\u0438 \u0441 \u0432\u044b\u0441\u043e\u043a\u043e\u0439 \u0442\u0432\u0435\u0440\u0434\u043e\u0441\u0442\u044c\u044e, \u0447\u0442\u043e \u043e\u0431\u0435\u0441\u043f\u0435\u0447\u0438\u0432\u0430\u0435\u0442 \u0434\u043e\u043b\u0433\u043e\u0432\u0435\u0447\u043d\u043e\u0441\u0442\u044c \u0438 \u0442\u043e\u0447\u043d\u043e\u0441\u0442\u044c. \u042d\u0440\u0433\u043e\u043d\u043e\u043c\u0438\u0447\u043d\u044b\u0435 \u0440\u0443\u043a\u043e\u044f\u0442\u043a\u0438 \u0438\u0437 \u0422\u041f\u0423 \u043c\u0430\u0442\u0435\u0440\u0438\u0430\u043b\u0430 \u043e\u0431\u0435\u0441\u043f\u0435\u0447\u0438\u0432\u0430\u044e\u0442 \u043a\u043e\u043c\u0444\u043e\u0440\u0442 \u043f\u0440\u0438 \u0434\u043b\u0438\u0442\u0435\u043b\u044c\u043d\u043e\u0439 \u0440\u0430\u0431\u043e\u0442\u0435.<\/p>\n<p data-start=\"436\" data-end=\"455\"><strong data-start=\"436\" data-end=\"455\">\u0425\u0430\u0440\u0430\u043a\u0442\u0435\u0440\u0438\u0441\u0442\u0438\u043a\u0438:<\/strong><\/p>\n<ul data-start=\"456\" data-end=\"652\" data-is-last-node=\"\" data-is-only-node=\"\">\n<li data-start=\"456\" data-end=\"476\">\u041e\u0431\u0436\u0438\u043c: 0,5-2,5 \u043c\u043c\u00b2<\/li>\n<li data-start=\"477\" data-end=\"524\">\u0422\u0432\u0435\u0440\u0434\u043e\u0441\u0442\u044c \u0433\u0443\u0431\u043e\u043a: 43-48 HRC, \u043b\u0435\u0437\u0432\u0438\u0439: 58-63 HRC<\/li>\n<li data-start=\"525\" data-end=\"563\">\u041c\u0430\u0442\u0435\u0440\u0438\u0430\u043b: \u0441\u0442\u0430\u043b\u044c CRV 60, \u0440\u0443\u043a\u043e\u044f\u0442\u043a\u0438 \u0422\u041f\u042d<\/li>\n<li data-start=\"564\" data-end=\"594\">\u0414\u043b\u0438\u043d\u0430: 165 \u043c\u043c, \u0448\u0438\u0440\u0438\u043d\u0430: 50 \u043c\u043c<\/li>\n<li data-start=\"595\" data-end=\"652\" data-is-last-node=\"\">\u0424\u0443\u043d\u043a\u0446\u0438\u0438: \u0440\u0435\u0437\u043a\u0430, \u043e\u0431\u0436\u0438\u043c, \u0441\u0440\u0435\u0437\u0430\u043d\u0438\u0435, \u0437\u0430\u0447\u0438\u0441\u0442\u043a\u0430, \u043c\u043e\u043d\u0442\u0430\u0436 \u043a\u043b\u0435\u043c\u043c<\/li>\n<\/ul>\n","protected":false},"excerpt":{"rendered":"<p>\u0423\u043d\u0438\u0432\u0435\u0440\u0441\u0430\u043b\u044c\u043d\u044b\u0439 \u0438\u043d\u0441\u0442\u0440\u0443\u043c\u0435\u043d\u0442 5 \u0432 1 \u0434\u043b\u044f \u0443\u0434\u043e\u0431\u043d\u043e\u0439 \u0438 \u0431\u044b\u0441\u0442\u0440\u043e\u0439 \u0440\u0430\u0431\u043e\u0442\u044b. \u041e\u043d \u0441\u043e\u0447\u0435\u0442\u0430\u0435\u0442 \u0432 \u0441\u0435\u0431\u0435 \u0444\u0443\u043d\u043a\u0446\u0438\u0438 \u0440\u0435\u0437\u043a\u0438, \u043e\u0431\u0436\u0438\u043c\u0430, \u0441\u0440\u0435\u0437\u0430\u043d\u0438\u044f, \u0437\u0430\u0447\u0438\u0441\u0442\u043a\u0438 \u0438 \u043c\u043e\u043d\u0442\u0430\u0436\u0430 \u043a\u043b\u0435\u043c\u043c. \u041e\u0441\u0442\u0440\u043e\u0435 \u043b\u0435\u0437\u0432\u0438\u0435 \u0440\u0435\u0436\u0435\u0442 \u043f\u0440\u043e\u0432\u043e\u043b\u043e\u043a\u0443 \u0434\u043e 13 \u043c\u043c \u0432 \u0434\u0438\u0430\u043c\u0435\u0442\u0440\u0435, \u0430 \u0441\u043f\u0435\u0446\u0438\u0430\u043b\u044c\u043d\u043e\u0435 \u043e\u0442\u0432\u0435\u0440\u0441\u0442\u0438\u0435 \u0443\u0441\u043a\u043e\u0440\u044f\u0435\u0442 \u0437\u0430\u0447\u0438\u0441\u0442\u043a\u0443 \u043f\u0440\u043e\u0432\u043e\u0434\u043e\u0432. \u0418\u043d\u0441\u0442\u0440\u0443\u043c\u0435\u043d\u0442 \u0432\u044b\u043f\u043e\u043b\u043d\u0435\u043d \u0438\u0437 \u0445\u0440\u043e\u043c-\u0432\u0430\u043d\u0430\u0434\u0438\u0435\u0432\u043e\u0439 \u0441\u0442\u0430\u043b\u0438 \u0441 \u0432\u044b\u0441\u043e\u043a\u043e\u0439 \u0442\u0432\u0435\u0440\u0434\u043e\u0441\u0442\u044c\u044e, \u0447\u0442\u043e \u043e\u0431\u0435\u0441\u043f\u0435\u0447\u0438\u0432\u0430\u0435\u0442 \u0434\u043e\u043b\u0433\u043e\u0432\u0435\u0447\u043d\u043e\u0441\u0442\u044c \u0438 \u0442\u043e\u0447\u043d\u043e\u0441\u0442\u044c. \u042d\u0440\u0433\u043e\u043d\u043e\u043c\u0438\u0447\u043d\u044b\u0435 \u0440\u0443\u043a\u043e\u044f\u0442\u043a\u0438 \u0438\u0437 \u0422\u041f\u0423 \u043c\u0430\u0442\u0435\u0440\u0438\u0430\u043b\u0430&#8230;<\/p>\n","protected":false},"featured_media":72351,"template":"","meta":[],"pwb-brand":[],"product_brand":[],"product_cat":[2326],"product_tag":[],"class_list":{"0":"post-72440","1":"product","2":"type-product","3":"status-publish","4":"has-post-thumbnail","6":"product_cat-2326","8":"first","9":"instock","10":"taxable","11":"shipping-taxable","12":"purchasable","13":"product-type-simple"},"yoast_head":"<!-- This site is optimized with the Yoast SEO plugin v27.0 - https:\/\/yoast.com\/product\/yoast-seo-wordpress\/ -->\n<title>\u041c\u043d\u043e\u0433\u043e\u0444\u0443\u043d\u043a\u0446\u0438\u043e\u043d\u0430\u043b\u044c\u043d\u044b\u0435 \u0431\u043e\u043a\u043e\u0440\u0435\u0437\u044b 5\u04321 H\u00f6gert 165 \u043c\u043c - Stafit O\u00dc<\/title>\n<meta name=\"robots\" content=\"index, follow, max-snippet:-1, max-image-preview:large, max-video-preview:-1\" \/>\n<link rel=\"canonical\" href=\"https:\/\/stafit.ee\/ru\/tovar\/\u043c\u043d\u043e\u0433\u043e\u0444\u0443\u043d\u043a\u0446\u0438\u043e\u043d\u0430\u043b\u044c\u043d\u044b\u0435-\u0431\u043e\u043a\u043e\u0440\u0435\u0437\u044b-5\u04321-hogert-200-\u043c\u043c\/\" \/>\n<meta property=\"og:locale\" content=\"ru_RU\" \/>\n<meta property=\"og:type\" content=\"article\" \/>\n<meta property=\"og:title\" content=\"\u041c\u043d\u043e\u0433\u043e\u0444\u0443\u043d\u043a\u0446\u0438\u043e\u043d\u0430\u043b\u044c\u043d\u044b\u0435 \u0431\u043e\u043a\u043e\u0440\u0435\u0437\u044b 5\u04321 H\u00f6gert 165 \u043c\u043c - Stafit O\u00dc\" \/>\n<meta property=\"og:description\" content=\"\u0423\u043d\u0438\u0432\u0435\u0440\u0441\u0430\u043b\u044c\u043d\u044b\u0439 \u0438\u043d\u0441\u0442\u0440\u0443\u043c\u0435\u043d\u0442 5 \u0432 1 \u0434\u043b\u044f \u0443\u0434\u043e\u0431\u043d\u043e\u0439 \u0438 \u0431\u044b\u0441\u0442\u0440\u043e\u0439 \u0440\u0430\u0431\u043e\u0442\u044b. \u041e\u043d \u0441\u043e\u0447\u0435\u0442\u0430\u0435\u0442 \u0432 \u0441\u0435\u0431\u0435 \u0444\u0443\u043d\u043a\u0446\u0438\u0438 \u0440\u0435\u0437\u043a\u0438, \u043e\u0431\u0436\u0438\u043c\u0430, \u0441\u0440\u0435\u0437\u0430\u043d\u0438\u044f, \u0437\u0430\u0447\u0438\u0441\u0442\u043a\u0438 \u0438 \u043c\u043e\u043d\u0442\u0430\u0436\u0430 \u043a\u043b\u0435\u043c\u043c. \u041e\u0441\u0442\u0440\u043e\u0435 \u043b\u0435\u0437\u0432\u0438\u0435 \u0440\u0435\u0436\u0435\u0442 \u043f\u0440\u043e\u0432\u043e\u043b\u043e\u043a\u0443 \u0434\u043e 13 \u043c\u043c \u0432 \u0434\u0438\u0430\u043c\u0435\u0442\u0440\u0435, \u0430 \u0441\u043f\u0435\u0446\u0438\u0430\u043b\u044c\u043d\u043e\u0435 \u043e\u0442\u0432\u0435\u0440\u0441\u0442\u0438\u0435 \u0443\u0441\u043a\u043e\u0440\u044f\u0435\u0442 \u0437\u0430\u0447\u0438\u0441\u0442\u043a\u0443 \u043f\u0440\u043e\u0432\u043e\u0434\u043e\u0432. \u0418\u043d\u0441\u0442\u0440\u0443\u043c\u0435\u043d\u0442 \u0432\u044b\u043f\u043e\u043b\u043d\u0435\u043d \u0438\u0437 \u0445\u0440\u043e\u043c-\u0432\u0430\u043d\u0430\u0434\u0438\u0435\u0432\u043e\u0439 \u0441\u0442\u0430\u043b\u0438 \u0441 \u0432\u044b\u0441\u043e\u043a\u043e\u0439 \u0442\u0432\u0435\u0440\u0434\u043e\u0441\u0442\u044c\u044e, \u0447\u0442\u043e \u043e\u0431\u0435\u0441\u043f\u0435\u0447\u0438\u0432\u0430\u0435\u0442 \u0434\u043e\u043b\u0433\u043e\u0432\u0435\u0447\u043d\u043e\u0441\u0442\u044c \u0438 \u0442\u043e\u0447\u043d\u043e\u0441\u0442\u044c. \u042d\u0440\u0433\u043e\u043d\u043e\u043c\u0438\u0447\u043d\u044b\u0435 \u0440\u0443\u043a\u043e\u044f\u0442\u043a\u0438 \u0438\u0437 \u0422\u041f\u0423 \u043c\u0430\u0442\u0435\u0440\u0438\u0430\u043b\u0430...\" \/>\n<meta property=\"og:url\" content=\"https:\/\/stafit.ee\/ru\/tovar\/\u043c\u043d\u043e\u0433\u043e\u0444\u0443\u043d\u043a\u0446\u0438\u043e\u043d\u0430\u043b\u044c\u043d\u044b\u0435-\u0431\u043e\u043a\u043e\u0440\u0435\u0437\u044b-5\u04321-hogert-200-\u043c\u043c\/\" \/>\n<meta property=\"og:site_name\" content=\"Stafit O\u00dc\" \/>\n<meta property=\"article:modified_time\" content=\"2026-04-08T15:18:35+00:00\" \/>\n<meta property=\"og:image\" content=\"https:\/\/stafit.ee\/wp-content\/uploads\/2025\/02\/HT1P246-1.jpg\" \/>\n\t<meta property=\"og:image:width\" content=\"1200\" \/>\n\t<meta property=\"og:image:height\" content=\"1200\" \/>\n\t<meta property=\"og:image:type\" content=\"image\/jpeg\" \/>\n<meta name=\"twitter:card\" content=\"summary_large_image\" \/>\n<script type=\"application\/ld+json\" class=\"yoast-schema-graph\">{\"@context\":\"https:\/\/schema.org\",\"@graph\":[{\"@type\":\"WebPage\",\"@id\":\"https:\/\/stafit.ee\/ru\/tovar\/%d0%bc%d0%bd%d0%be%d0%b3%d0%be%d1%84%d1%83%d0%bd%d0%ba%d1%86%d0%b8%d0%be%d0%bd%d0%b0%d0%bb%d1%8c%d0%bd%d1%8b%d0%b5-%d0%b1%d0%be%d0%ba%d0%be%d1%80%d0%b5%d0%b7%d1%8b-5%d0%b21-hogert-200-%d0%bc%d0%bc\/\",\"url\":\"https:\/\/stafit.ee\/ru\/tovar\/%d0%bc%d0%bd%d0%be%d0%b3%d0%be%d1%84%d1%83%d0%bd%d0%ba%d1%86%d0%b8%d0%be%d0%bd%d0%b0%d0%bb%d1%8c%d0%bd%d1%8b%d0%b5-%d0%b1%d0%be%d0%ba%d0%be%d1%80%d0%b5%d0%b7%d1%8b-5%d0%b21-hogert-200-%d0%bc%d0%bc\/\",\"name\":\"\u041c\u043d\u043e\u0433\u043e\u0444\u0443\u043d\u043a\u0446\u0438\u043e\u043d\u0430\u043b\u044c\u043d\u044b\u0435 \u0431\u043e\u043a\u043e\u0440\u0435\u0437\u044b 5\u04321 H\u00f6gert 165 \u043c\u043c - Stafit O\u00dc\",\"isPartOf\":{\"@id\":\"https:\/\/stafit.ee\/#website\"},\"primaryImageOfPage\":{\"@id\":\"https:\/\/stafit.ee\/ru\/tovar\/%d0%bc%d0%bd%d0%be%d0%b3%d0%be%d1%84%d1%83%d0%bd%d0%ba%d1%86%d0%b8%d0%be%d0%bd%d0%b0%d0%bb%d1%8c%d0%bd%d1%8b%d0%b5-%d0%b1%d0%be%d0%ba%d0%be%d1%80%d0%b5%d0%b7%d1%8b-5%d0%b21-hogert-200-%d0%bc%d0%bc\/#primaryimage\"},\"image\":{\"@id\":\"https:\/\/stafit.ee\/ru\/tovar\/%d0%bc%d0%bd%d0%be%d0%b3%d0%be%d1%84%d1%83%d0%bd%d0%ba%d1%86%d0%b8%d0%be%d0%bd%d0%b0%d0%bb%d1%8c%d0%bd%d1%8b%d0%b5-%d0%b1%d0%be%d0%ba%d0%be%d1%80%d0%b5%d0%b7%d1%8b-5%d0%b21-hogert-200-%d0%bc%d0%bc\/#primaryimage\"},\"thumbnailUrl\":\"https:\/\/stafit.ee\/wp-content\/uploads\/2025\/02\/HT1P246-1.jpg\",\"datePublished\":\"2025-02-21T10:05:59+00:00\",\"dateModified\":\"2026-04-08T15:18:35+00:00\",\"breadcrumb\":{\"@id\":\"https:\/\/stafit.ee\/ru\/tovar\/%d0%bc%d0%bd%d0%be%d0%b3%d0%be%d1%84%d1%83%d0%bd%d0%ba%d1%86%d0%b8%d0%be%d0%bd%d0%b0%d0%bb%d1%8c%d0%bd%d1%8b%d0%b5-%d0%b1%d0%be%d0%ba%d0%be%d1%80%d0%b5%d0%b7%d1%8b-5%d0%b21-hogert-200-%d0%bc%d0%bc\/#breadcrumb\"},\"inLanguage\":\"ru-RU\",\"potentialAction\":[{\"@type\":\"ReadAction\",\"target\":[\"https:\/\/stafit.ee\/ru\/tovar\/%d0%bc%d0%bd%d0%be%d0%b3%d0%be%d1%84%d1%83%d0%bd%d0%ba%d1%86%d0%b8%d0%be%d0%bd%d0%b0%d0%bb%d1%8c%d0%bd%d1%8b%d0%b5-%d0%b1%d0%be%d0%ba%d0%be%d1%80%d0%b5%d0%b7%d1%8b-5%d0%b21-hogert-200-%d0%bc%d0%bc\/\"]}]},{\"@type\":\"ImageObject\",\"inLanguage\":\"ru-RU\",\"@id\":\"https:\/\/stafit.ee\/ru\/tovar\/%d0%bc%d0%bd%d0%be%d0%b3%d0%be%d1%84%d1%83%d0%bd%d0%ba%d1%86%d0%b8%d0%be%d0%bd%d0%b0%d0%bb%d1%8c%d0%bd%d1%8b%d0%b5-%d0%b1%d0%be%d0%ba%d0%be%d1%80%d0%b5%d0%b7%d1%8b-5%d0%b21-hogert-200-%d0%bc%d0%bc\/#primaryimage\",\"url\":\"https:\/\/stafit.ee\/wp-content\/uploads\/2025\/02\/HT1P246-1.jpg\",\"contentUrl\":\"https:\/\/stafit.ee\/wp-content\/uploads\/2025\/02\/HT1P246-1.jpg\",\"width\":1200,\"height\":1200},{\"@type\":\"BreadcrumbList\",\"@id\":\"https:\/\/stafit.ee\/ru\/tovar\/%d0%bc%d0%bd%d0%be%d0%b3%d0%be%d1%84%d1%83%d0%bd%d0%ba%d1%86%d0%b8%d0%be%d0%bd%d0%b0%d0%bb%d1%8c%d0%bd%d1%8b%d0%b5-%d0%b1%d0%be%d0%ba%d0%be%d1%80%d0%b5%d0%b7%d1%8b-5%d0%b21-hogert-200-%d0%bc%d0%bc\/#breadcrumb\",\"itemListElement\":[{\"@type\":\"ListItem\",\"position\":1,\"name\":\"Home\",\"item\":\"https:\/\/stafit.ee\/ru\/\"},{\"@type\":\"ListItem\",\"position\":2,\"name\":\"\u041c\u0430\u0433\u0430\u0437\u0438\u043d\",\"item\":\"https:\/\/stafit.ee\/ru\/pood\/\"},{\"@type\":\"ListItem\",\"position\":3,\"name\":\"\u041c\u043d\u043e\u0433\u043e\u0444\u0443\u043d\u043a\u0446\u0438\u043e\u043d\u0430\u043b\u044c\u043d\u044b\u0435 \u0431\u043e\u043a\u043e\u0440\u0435\u0437\u044b 5\u04321 H\u00f6gert 165 \u043c\u043c\"}]},{\"@type\":\"WebSite\",\"@id\":\"https:\/\/stafit.ee\/#website\",\"url\":\"https:\/\/stafit.ee\/\",\"name\":\"Stafit O\u00dc\",\"description\":\"T\u00f6\u00f6riete ja ohutusvahendite jae ja hulgim\u00fc\u00fck\",\"potentialAction\":[{\"@type\":\"SearchAction\",\"target\":{\"@type\":\"EntryPoint\",\"urlTemplate\":\"https:\/\/stafit.ee\/?s={search_term_string}\"},\"query-input\":{\"@type\":\"PropertyValueSpecification\",\"valueRequired\":true,\"valueName\":\"search_term_string\"}}],\"inLanguage\":\"ru-RU\"}]}<\/script>\n<!-- \/ Yoast SEO plugin. -->","yoast_head_json":{"title":"\u041c\u043d\u043e\u0433\u043e\u0444\u0443\u043d\u043a\u0446\u0438\u043e\u043d\u0430\u043b\u044c\u043d\u044b\u0435 \u0431\u043e\u043a\u043e\u0440\u0435\u0437\u044b 5\u04321 H\u00f6gert 165 \u043c\u043c - Stafit O\u00dc","robots":{"index":"index","follow":"follow","max-snippet":"max-snippet:-1","max-image-preview":"max-image-preview:large","max-video-preview":"max-video-preview:-1"},"canonical":"https:\/\/stafit.ee\/ru\/tovar\/\u043c\u043d\u043e\u0433\u043e\u0444\u0443\u043d\u043a\u0446\u0438\u043e\u043d\u0430\u043b\u044c\u043d\u044b\u0435-\u0431\u043e\u043a\u043e\u0440\u0435\u0437\u044b-5\u04321-hogert-200-\u043c\u043c\/","og_locale":"ru_RU","og_type":"article","og_title":"\u041c\u043d\u043e\u0433\u043e\u0444\u0443\u043d\u043a\u0446\u0438\u043e\u043d\u0430\u043b\u044c\u043d\u044b\u0435 \u0431\u043e\u043a\u043e\u0440\u0435\u0437\u044b 5\u04321 H\u00f6gert 165 \u043c\u043c - Stafit O\u00dc","og_description":"\u0423\u043d\u0438\u0432\u0435\u0440\u0441\u0430\u043b\u044c\u043d\u044b\u0439 \u0438\u043d\u0441\u0442\u0440\u0443\u043c\u0435\u043d\u0442 5 \u0432 1 \u0434\u043b\u044f \u0443\u0434\u043e\u0431\u043d\u043e\u0439 \u0438 \u0431\u044b\u0441\u0442\u0440\u043e\u0439 \u0440\u0430\u0431\u043e\u0442\u044b. \u041e\u043d \u0441\u043e\u0447\u0435\u0442\u0430\u0435\u0442 \u0432 \u0441\u0435\u0431\u0435 \u0444\u0443\u043d\u043a\u0446\u0438\u0438 \u0440\u0435\u0437\u043a\u0438, \u043e\u0431\u0436\u0438\u043c\u0430, \u0441\u0440\u0435\u0437\u0430\u043d\u0438\u044f, \u0437\u0430\u0447\u0438\u0441\u0442\u043a\u0438 \u0438 \u043c\u043e\u043d\u0442\u0430\u0436\u0430 \u043a\u043b\u0435\u043c\u043c. \u041e\u0441\u0442\u0440\u043e\u0435 \u043b\u0435\u0437\u0432\u0438\u0435 \u0440\u0435\u0436\u0435\u0442 \u043f\u0440\u043e\u0432\u043e\u043b\u043e\u043a\u0443 \u0434\u043e 13 \u043c\u043c \u0432 \u0434\u0438\u0430\u043c\u0435\u0442\u0440\u0435, \u0430 \u0441\u043f\u0435\u0446\u0438\u0430\u043b\u044c\u043d\u043e\u0435 \u043e\u0442\u0432\u0435\u0440\u0441\u0442\u0438\u0435 \u0443\u0441\u043a\u043e\u0440\u044f\u0435\u0442 \u0437\u0430\u0447\u0438\u0441\u0442\u043a\u0443 \u043f\u0440\u043e\u0432\u043e\u0434\u043e\u0432. \u0418\u043d\u0441\u0442\u0440\u0443\u043c\u0435\u043d\u0442 \u0432\u044b\u043f\u043e\u043b\u043d\u0435\u043d \u0438\u0437 \u0445\u0440\u043e\u043c-\u0432\u0430\u043d\u0430\u0434\u0438\u0435\u0432\u043e\u0439 \u0441\u0442\u0430\u043b\u0438 \u0441 \u0432\u044b\u0441\u043e\u043a\u043e\u0439 \u0442\u0432\u0435\u0440\u0434\u043e\u0441\u0442\u044c\u044e, \u0447\u0442\u043e \u043e\u0431\u0435\u0441\u043f\u0435\u0447\u0438\u0432\u0430\u0435\u0442 \u0434\u043e\u043b\u0433\u043e\u0432\u0435\u0447\u043d\u043e\u0441\u0442\u044c \u0438 \u0442\u043e\u0447\u043d\u043e\u0441\u0442\u044c. \u042d\u0440\u0433\u043e\u043d\u043e\u043c\u0438\u0447\u043d\u044b\u0435 \u0440\u0443\u043a\u043e\u044f\u0442\u043a\u0438 \u0438\u0437 \u0422\u041f\u0423 \u043c\u0430\u0442\u0435\u0440\u0438\u0430\u043b\u0430...","og_url":"https:\/\/stafit.ee\/ru\/tovar\/\u043c\u043d\u043e\u0433\u043e\u0444\u0443\u043d\u043a\u0446\u0438\u043e\u043d\u0430\u043b\u044c\u043d\u044b\u0435-\u0431\u043e\u043a\u043e\u0440\u0435\u0437\u044b-5\u04321-hogert-200-\u043c\u043c\/","og_site_name":"Stafit O\u00dc","article_modified_time":"2026-04-08T15:18:35+00:00","og_image":[{"width":1200,"height":1200,"url":"https:\/\/stafit.ee\/wp-content\/uploads\/2025\/02\/HT1P246-1.jpg","type":"image\/jpeg"}],"twitter_card":"summary_large_image","schema":{"@context":"https:\/\/schema.org","@graph":[{"@type":"WebPage","@id":"https:\/\/stafit.ee\/ru\/tovar\/%d0%bc%d0%bd%d0%be%d0%b3%d0%be%d1%84%d1%83%d0%bd%d0%ba%d1%86%d0%b8%d0%be%d0%bd%d0%b0%d0%bb%d1%8c%d0%bd%d1%8b%d0%b5-%d0%b1%d0%be%d0%ba%d0%be%d1%80%d0%b5%d0%b7%d1%8b-5%d0%b21-hogert-200-%d0%bc%d0%bc\/","url":"https:\/\/stafit.ee\/ru\/tovar\/%d0%bc%d0%bd%d0%be%d0%b3%d0%be%d1%84%d1%83%d0%bd%d0%ba%d1%86%d0%b8%d0%be%d0%bd%d0%b0%d0%bb%d1%8c%d0%bd%d1%8b%d0%b5-%d0%b1%d0%be%d0%ba%d0%be%d1%80%d0%b5%d0%b7%d1%8b-5%d0%b21-hogert-200-%d0%bc%d0%bc\/","name":"\u041c\u043d\u043e\u0433\u043e\u0444\u0443\u043d\u043a\u0446\u0438\u043e\u043d\u0430\u043b\u044c\u043d\u044b\u0435 \u0431\u043e\u043a\u043e\u0440\u0435\u0437\u044b 5\u04321 H\u00f6gert 165 \u043c\u043c - Stafit O\u00dc","isPartOf":{"@id":"https:\/\/stafit.ee\/#website"},"primaryImageOfPage":{"@id":"https:\/\/stafit.ee\/ru\/tovar\/%d0%bc%d0%bd%d0%be%d0%b3%d0%be%d1%84%d1%83%d0%bd%d0%ba%d1%86%d0%b8%d0%be%d0%bd%d0%b0%d0%bb%d1%8c%d0%bd%d1%8b%d0%b5-%d0%b1%d0%be%d0%ba%d0%be%d1%80%d0%b5%d0%b7%d1%8b-5%d0%b21-hogert-200-%d0%bc%d0%bc\/#primaryimage"},"image":{"@id":"https:\/\/stafit.ee\/ru\/tovar\/%d0%bc%d0%bd%d0%be%d0%b3%d0%be%d1%84%d1%83%d0%bd%d0%ba%d1%86%d0%b8%d0%be%d0%bd%d0%b0%d0%bb%d1%8c%d0%bd%d1%8b%d0%b5-%d0%b1%d0%be%d0%ba%d0%be%d1%80%d0%b5%d0%b7%d1%8b-5%d0%b21-hogert-200-%d0%bc%d0%bc\/#primaryimage"},"thumbnailUrl":"https:\/\/stafit.ee\/wp-content\/uploads\/2025\/02\/HT1P246-1.jpg","datePublished":"2025-02-21T10:05:59+00:00","dateModified":"2026-04-08T15:18:35+00:00","breadcrumb":{"@id":"https:\/\/stafit.ee\/ru\/tovar\/%d0%bc%d0%bd%d0%be%d0%b3%d0%be%d1%84%d1%83%d0%bd%d0%ba%d1%86%d0%b8%d0%be%d0%bd%d0%b0%d0%bb%d1%8c%d0%bd%d1%8b%d0%b5-%d0%b1%d0%be%d0%ba%d0%be%d1%80%d0%b5%d0%b7%d1%8b-5%d0%b21-hogert-200-%d0%bc%d0%bc\/#breadcrumb"},"inLanguage":"ru-RU","potentialAction":[{"@type":"ReadAction","target":["https:\/\/stafit.ee\/ru\/tovar\/%d0%bc%d0%bd%d0%be%d0%b3%d0%be%d1%84%d1%83%d0%bd%d0%ba%d1%86%d0%b8%d0%be%d0%bd%d0%b0%d0%bb%d1%8c%d0%bd%d1%8b%d0%b5-%d0%b1%d0%be%d0%ba%d0%be%d1%80%d0%b5%d0%b7%d1%8b-5%d0%b21-hogert-200-%d0%bc%d0%bc\/"]}]},{"@type":"ImageObject","inLanguage":"ru-RU","@id":"https:\/\/stafit.ee\/ru\/tovar\/%d0%bc%d0%bd%d0%be%d0%b3%d0%be%d1%84%d1%83%d0%bd%d0%ba%d1%86%d0%b8%d0%be%d0%bd%d0%b0%d0%bb%d1%8c%d0%bd%d1%8b%d0%b5-%d0%b1%d0%be%d0%ba%d0%be%d1%80%d0%b5%d0%b7%d1%8b-5%d0%b21-hogert-200-%d0%bc%d0%bc\/#primaryimage","url":"https:\/\/stafit.ee\/wp-content\/uploads\/2025\/02\/HT1P246-1.jpg","contentUrl":"https:\/\/stafit.ee\/wp-content\/uploads\/2025\/02\/HT1P246-1.jpg","width":1200,"height":1200},{"@type":"BreadcrumbList","@id":"https:\/\/stafit.ee\/ru\/tovar\/%d0%bc%d0%bd%d0%be%d0%b3%d0%be%d1%84%d1%83%d0%bd%d0%ba%d1%86%d0%b8%d0%be%d0%bd%d0%b0%d0%bb%d1%8c%d0%bd%d1%8b%d0%b5-%d0%b1%d0%be%d0%ba%d0%be%d1%80%d0%b5%d0%b7%d1%8b-5%d0%b21-hogert-200-%d0%bc%d0%bc\/#breadcrumb","itemListElement":[{"@type":"ListItem","position":1,"name":"Home","item":"https:\/\/stafit.ee\/ru\/"},{"@type":"ListItem","position":2,"name":"\u041c\u0430\u0433\u0430\u0437\u0438\u043d","item":"https:\/\/stafit.ee\/ru\/pood\/"},{"@type":"ListItem","position":3,"name":"\u041c\u043d\u043e\u0433\u043e\u0444\u0443\u043d\u043a\u0446\u0438\u043e\u043d\u0430\u043b\u044c\u043d\u044b\u0435 \u0431\u043e\u043a\u043e\u0440\u0435\u0437\u044b 5\u04321 H\u00f6gert 165 \u043c\u043c"}]},{"@type":"WebSite","@id":"https:\/\/stafit.ee\/#website","url":"https:\/\/stafit.ee\/","name":"Stafit O\u00dc","description":"T\u00f6\u00f6riete ja ohutusvahendite jae ja hulgim\u00fc\u00fck","potentialAction":[{"@type":"SearchAction","target":{"@type":"EntryPoint","urlTemplate":"https:\/\/stafit.ee\/?s={search_term_string}"},"query-input":{"@type":"PropertyValueSpecification","valueRequired":true,"valueName":"search_term_string"}}],"inLanguage":"ru-RU"}]}},"brands":[],"_links":{"self":[{"href":"https:\/\/stafit.ee\/ru\/wp-json\/wp\/v2\/product\/72440","targetHints":{"allow":["GET"]}}],"collection":[{"href":"https:\/\/stafit.ee\/ru\/wp-json\/wp\/v2\/product"}],"about":[{"href":"https:\/\/stafit.ee\/ru\/wp-json\/wp\/v2\/types\/product"}],"wp:featuredmedia":[{"embeddable":true,"href":"https:\/\/stafit.ee\/ru\/wp-json\/wp\/v2\/media\/72351"}],"wp:attachment":[{"href":"https:\/\/stafit.ee\/ru\/wp-json\/wp\/v2\/media?parent=72440"}],"wp:term":[{"taxonomy":"pwb-brand","embeddable":true,"href":"https:\/\/stafit.ee\/ru\/wp-json\/wp\/v2\/pwb-brand?post=72440"},{"taxonomy":"product_brand","embeddable":true,"href":"https:\/\/stafit.ee\/ru\/wp-json\/wp\/v2\/product_brand?post=72440"},{"taxonomy":"product_cat","embeddable":true,"href":"https:\/\/stafit.ee\/ru\/wp-json\/wp\/v2\/product_cat?post=72440"},{"taxonomy":"product_tag","embeddable":true,"href":"https:\/\/stafit.ee\/ru\/wp-json\/wp\/v2\/product_tag?post=72440"}],"curies":[{"name":"wp","href":"https:\/\/api.w.org\/{rel}","templated":true}]}}