{"id":69562,"date":"2024-12-04T18:09:39","date_gmt":"2024-12-04T16:09:39","guid":{"rendered":"https:\/\/stafit.ee\/toode\/%d1%80%d0%b0%d0%b1%d0%be%d1%87%d0%b8%d0%b5-%d1%88%d0%be%d1%80%d1%82%d1%8b-dassy-manilla-%d1%87%d1%91%d1%80%d0%bd%d1%8b%d0%b5-%d0%b6%d1%91%d0%bb%d1%82%d1%8b%d0%b5\/"},"modified":"2026-04-08T18:22:56","modified_gmt":"2026-04-08T15:22:56","slug":"%d1%80%d0%b0%d0%b1%d0%be%d1%87%d0%b8%d0%b5-%d1%88%d0%be%d1%80%d1%82%d1%8b-dassy-manilla-%d1%87%d1%91%d1%80%d0%bd%d1%8b%d0%b5-%d0%b6%d1%91%d0%bb%d1%82%d1%8b%d0%b5","status":"publish","type":"product","link":"https:\/\/stafit.ee\/ru\/tovar\/%d1%80%d0%b0%d0%b1%d0%be%d1%87%d0%b8%d0%b5-%d1%88%d0%be%d1%80%d1%82%d1%8b-dassy-manilla-%d1%87%d1%91%d1%80%d0%bd%d1%8b%d0%b5-%d0%b6%d1%91%d0%bb%d1%82%d1%8b%d0%b5\/","title":{"rendered":"\u0420\u0430\u0431\u043e\u0447\u0438\u0435 \u0448\u043e\u0440\u0442\u044b DASSY MANILLA \u0447\u0451\u0440\u043d\u044b\u0435\/\u0436\u0451\u043b\u0442\u044b\u0435"},"content":{"rendered":"<p>2 \u043f\u0435\u0440\u0435\u0434\u043d\u0438\u0445 \u043a\u0430\u0440\u043c\u0430\u043d\u0430;<br \/>\n\u043e\u0442\u043a\u0440\u044b\u0442\u044b\u0439 \u0437\u0430\u0434\u043d\u0438\u0439 \u043a\u0430\u0440\u043c\u0430\u043d;<br \/>\n\u0437\u0430\u0434\u043d\u0438\u0439 \u043a\u0430\u0440\u043c\u0430\u043d \u043d\u0430 \u043c\u043e\u043b\u043d\u0438\u0438;<br \/>\n2 \u043d\u0430\u0431\u0435\u0434\u0440\u0435\u043d\u043d\u044b\u0445 \u043a\u0430\u0440\u043c\u0430\u043d\u0430;<br \/>\n\u0434\u0435\u0440\u0436\u0430\u0442\u0435\u043b\u044c \u0434\u043b\u044f \u0440\u0443\u0447\u043a\u0438;<br \/>\n\u043a\u0430\u0440\u043c\u0430\u043d \u0434\u043b\u044f \u043b\u0438\u043d\u0435\u0439\u043a\u0438;<br \/>\n\u043a\u0430\u0440\u043c\u0430\u043d \u0434\u043b\u044f \u043d\u043e\u0436\u0430;<br \/>\nD-\u043e\u0431\u0440\u0430\u0437\u043d\u043e\u0435 \u043a\u043e\u043b\u044c\u0446\u043e;<br \/>\n\u043f\u043e\u0442\u0430\u0439\u043d\u043e\u0439 \u043a\u0430\u0440\u043c\u0430\u043d \u043d\u0430 \u043c\u043e\u043b\u043d\u0438\u0438;<br \/>\n\u0440\u0435\u0433\u0443\u043b\u0438\u0440\u0443\u0435\u043c\u044b\u0439 \u0441 \u043f\u043e\u043c\u043e\u0449\u044c\u044e \u044d\u043b\u0430\u0441\u0442\u0438\u0447\u043d\u043e\u0439 \u0440\u0435\u0437\u0438\u043d\u043a\u0438 \u043f\u043e\u044f\u0441;<br \/>\n\u0437\u0430\u043d\u0438\u0436\u0435\u043d\u043d\u0430\u044f \u0442\u0430\u043b\u0438\u044f;<br \/>\n\u0442\u0440\u043e\u0439\u043d\u0430\u044f \u0441\u0442\u0440\u043e\u0447\u043a\u0430;<br \/>\n\u0437\u0430\u0443\u0436\u0435\u043d\u043d\u044b\u0439 \u043a\u0440\u043e\u0439;<br \/>\n\u043a\u043e\u043d\u0442\u0440\u0430\u0441\u0442\u043d\u044b\u0435 \u0448\u0432\u044b;<br \/>\n\u0444\u043b\u0443\u043e\u0440\u0435\u0441\u0446\u0435\u043d\u0442\u043d\u044b\u0435 \u0432\u0441\u0442\u0430\u0432\u043a\u0438;<br \/>\n\u0441\u0432\u0435\u0442\u043e\u043e\u0442\u0440\u0430\u0436\u0430\u044e\u0449\u0438\u0439 \u043a\u0430\u043d\u0442 \u043d\u0430 \u043a\u0430\u0440\u043c\u0430\u043d\u0430\u0445 \u0448\u0442\u0430\u043d\u0438\u043d;<br \/>\n\u0442\u044f\u043d\u0443\u0449\u0438\u0435\u0441\u044f \u0432 4 \u043d\u0430\u043f\u0440\u0430\u0432\u043b\u0435\u043d\u0438\u044f\u0445 \u0432\u0441\u0442\u0430\u0432\u043a\u0438 \u043c\u0435\u0436\u0434\u0443 \u043d\u043e\u0433.<\/p>\n<p><strong>\u041c\u0430\u0442\u0435\u0440\u0438\u0430\u043b 1:<\/strong>\u00a065% \u043f\u043e\u043b\u0438\u044d\u0441\u0442\u0435\u0440, 35% \u0445\u043b\u043e\u043f\u043e\u043a, 245 \u0433\/\u043c\u00b2, \u043c\u0435\u0445\u0430\u043d\u0438\u0447\u0435\u0441\u043a\u0430\u044f \u0442\u043a\u0430\u043d\u044c \u0441\u0442\u0440\u0435\u0442\u0447<br \/>\n\u043d\u0430\u043a\u043e\u043b\u0435\u043d\u043d\u0438\u043a\u0438: \u043d\u0435\u0439\u043b\u043e\u043d Cordura\u00aeStretch<br \/>\n\u0443\u0441\u0438\u043b\u0435\u043d\u0438\u0435: \u043d\u0435\u0439\u043b\u043e\u043d Cordura\u00ae.<br \/>\n<strong>\u041c\u0430\u0442\u0435\u0440\u0438\u0430\u043b 2:<\/strong>\u00a0\u0442\u043a\u0430\u043d\u044c HiVis<br \/>\n70% \u043f\u043e\u043b\u0438\u044d\u0441\u0442\u0435\u0440, 28% \u0445\u043b\u043e\u043f\u043e\u043a, 2% \u044d\u043b\u0430\u0441\u0442\u0430\u043d, 270 \u0433\/\u043c\u00b2.<br \/>\n<strong>\u041c\u0430\u0442\u0435\u0440\u0438\u0430\u043b 3:<\/strong>\u00a0\u0432\u0441\u0442\u0430\u0432\u043a\u0438 Cordura\u00ae, \u0442\u044f\u043d\u0443\u0449\u0438\u0435\u0441\u044f \u0432 \u0447\u0435\u0442\u044b\u0440\u0435\u0445 \u043d\u0430\u043f\u0440\u0430\u0432\u043b\u0435\u043d\u0438\u044f\u0445<br \/>\n88% \u043f\u043e\u043b\u0438\u0430\u043c\u0438\u0434, 12% \u044d\u043b\u0430\u0441\u0442\u0430\u043d, 260 \u0433\/\u043c\u00b2.<\/p>\n<p>\u041d\u0435 \u0441\u0435\u0440\u0442\u0438\u0444\u0438\u0446\u0438\u0440\u043e\u0432\u0430\u043d\u044b \u0432 \u0441\u043e\u043e\u0442\u0432\u0435\u0442\u0441\u0442\u0432\u0438\u0438 \u0441 EN ISO 20471.<\/p>\n","protected":false},"excerpt":{"rendered":"<p>2 \u043f\u0435\u0440\u0435\u0434\u043d\u0438\u0445 \u043a\u0430\u0440\u043c\u0430\u043d\u0430; \u043e\u0442\u043a\u0440\u044b\u0442\u044b\u0439 \u0437\u0430\u0434\u043d\u0438\u0439 \u043a\u0430\u0440\u043c\u0430\u043d; \u0437\u0430\u0434\u043d\u0438\u0439 \u043a\u0430\u0440\u043c\u0430\u043d \u043d\u0430 \u043c\u043e\u043b\u043d\u0438\u0438; 2 \u043d\u0430\u0431\u0435\u0434\u0440\u0435\u043d\u043d\u044b\u0445 \u043a\u0430\u0440\u043c\u0430\u043d\u0430; \u0434\u0435\u0440\u0436\u0430\u0442\u0435\u043b\u044c \u0434\u043b\u044f \u0440\u0443\u0447\u043a\u0438; \u043a\u0430\u0440\u043c\u0430\u043d \u0434\u043b\u044f \u043b\u0438\u043d\u0435\u0439\u043a\u0438; \u043a\u0430\u0440\u043c\u0430\u043d \u0434\u043b\u044f \u043d\u043e\u0436\u0430; D-\u043e\u0431\u0440\u0430\u0437\u043d\u043e\u0435 \u043a\u043e\u043b\u044c\u0446\u043e; \u043f\u043e\u0442\u0430\u0439\u043d\u043e\u0439 \u043a\u0430\u0440\u043c\u0430\u043d \u043d\u0430 \u043c\u043e\u043b\u043d\u0438\u0438; \u0440\u0435\u0433\u0443\u043b\u0438\u0440\u0443\u0435\u043c\u044b\u0439 \u0441 \u043f\u043e\u043c\u043e\u0449\u044c\u044e \u044d\u043b\u0430\u0441\u0442\u0438\u0447\u043d\u043e\u0439 \u0440\u0435\u0437\u0438\u043d\u043a\u0438 \u043f\u043e\u044f\u0441; \u0437\u0430\u043d\u0438\u0436\u0435\u043d\u043d\u0430\u044f \u0442\u0430\u043b\u0438\u044f; \u0442\u0440\u043e\u0439\u043d\u0430\u044f \u0441\u0442\u0440\u043e\u0447\u043a\u0430; \u0437\u0430\u0443\u0436\u0435\u043d\u043d\u044b\u0439 \u043a\u0440\u043e\u0439; \u043a\u043e\u043d\u0442\u0440\u0430\u0441\u0442\u043d\u044b\u0435 \u0448\u0432\u044b; \u0444\u043b\u0443\u043e\u0440\u0435\u0441\u0446\u0435\u043d\u0442\u043d\u044b\u0435 \u0432\u0441\u0442\u0430\u0432\u043a\u0438; \u0441\u0432\u0435\u0442\u043e\u043e\u0442\u0440\u0430\u0436\u0430\u044e\u0449\u0438\u0439 \u043a\u0430\u043d\u0442 \u043d\u0430 \u043a\u0430\u0440\u043c\u0430\u043d\u0430\u0445 \u0448\u0442\u0430\u043d\u0438\u043d; \u0442\u044f\u043d\u0443\u0449\u0438\u0435\u0441\u044f \u0432 4 \u043d\u0430\u043f\u0440\u0430\u0432\u043b\u0435\u043d\u0438\u044f\u0445 \u0432\u0441\u0442\u0430\u0432\u043a\u0438 \u043c\u0435\u0436\u0434\u0443&#8230;<\/p>\n","protected":false},"featured_media":69545,"template":"","meta":[],"pwb-brand":[242],"product_brand":[],"product_cat":[535],"product_tag":[],"class_list":{"0":"post-69562","1":"product","2":"type-product","3":"status-publish","4":"has-post-thumbnail","6":"pwb-brand-dassy","7":"product_cat--ru","9":"first","10":"instock","11":"taxable","12":"shipping-taxable","13":"purchasable","14":"product-type-variable"},"yoast_head":"<!-- This site is optimized with the Yoast SEO plugin v27.0 - https:\/\/yoast.com\/product\/yoast-seo-wordpress\/ -->\n<title>\u0420\u0430\u0431\u043e\u0447\u0438\u0435 \u0448\u043e\u0440\u0442\u044b DASSY MANILLA \u0447\u0451\u0440\u043d\u044b\u0435\/\u0436\u0451\u043b\u0442\u044b\u0435 - Stafit O\u00dc<\/title>\n<meta name=\"robots\" content=\"index, follow, max-snippet:-1, max-image-preview:large, max-video-preview:-1\" \/>\n<link rel=\"canonical\" href=\"https:\/\/stafit.ee\/ru\/tovar\/\u0440\u0430\u0431\u043e\u0447\u0438\u0435-\u0448\u043e\u0440\u0442\u044b-dassy-manilla-\u0447\u0451\u0440\u043d\u044b\u0435-\u0436\u0451\u043b\u0442\u044b\u0435\/\" \/>\n<meta property=\"og:locale\" content=\"ru_RU\" \/>\n<meta property=\"og:type\" content=\"article\" \/>\n<meta property=\"og:title\" content=\"\u0420\u0430\u0431\u043e\u0447\u0438\u0435 \u0448\u043e\u0440\u0442\u044b DASSY MANILLA \u0447\u0451\u0440\u043d\u044b\u0435\/\u0436\u0451\u043b\u0442\u044b\u0435 - Stafit O\u00dc\" \/>\n<meta property=\"og:description\" content=\"2 \u043f\u0435\u0440\u0435\u0434\u043d\u0438\u0445 \u043a\u0430\u0440\u043c\u0430\u043d\u0430; \u043e\u0442\u043a\u0440\u044b\u0442\u044b\u0439 \u0437\u0430\u0434\u043d\u0438\u0439 \u043a\u0430\u0440\u043c\u0430\u043d; \u0437\u0430\u0434\u043d\u0438\u0439 \u043a\u0430\u0440\u043c\u0430\u043d \u043d\u0430 \u043c\u043e\u043b\u043d\u0438\u0438; 2 \u043d\u0430\u0431\u0435\u0434\u0440\u0435\u043d\u043d\u044b\u0445 \u043a\u0430\u0440\u043c\u0430\u043d\u0430; \u0434\u0435\u0440\u0436\u0430\u0442\u0435\u043b\u044c \u0434\u043b\u044f \u0440\u0443\u0447\u043a\u0438; \u043a\u0430\u0440\u043c\u0430\u043d \u0434\u043b\u044f \u043b\u0438\u043d\u0435\u0439\u043a\u0438; \u043a\u0430\u0440\u043c\u0430\u043d \u0434\u043b\u044f \u043d\u043e\u0436\u0430; D-\u043e\u0431\u0440\u0430\u0437\u043d\u043e\u0435 \u043a\u043e\u043b\u044c\u0446\u043e; \u043f\u043e\u0442\u0430\u0439\u043d\u043e\u0439 \u043a\u0430\u0440\u043c\u0430\u043d \u043d\u0430 \u043c\u043e\u043b\u043d\u0438\u0438; \u0440\u0435\u0433\u0443\u043b\u0438\u0440\u0443\u0435\u043c\u044b\u0439 \u0441 \u043f\u043e\u043c\u043e\u0449\u044c\u044e \u044d\u043b\u0430\u0441\u0442\u0438\u0447\u043d\u043e\u0439 \u0440\u0435\u0437\u0438\u043d\u043a\u0438 \u043f\u043e\u044f\u0441; \u0437\u0430\u043d\u0438\u0436\u0435\u043d\u043d\u0430\u044f \u0442\u0430\u043b\u0438\u044f; \u0442\u0440\u043e\u0439\u043d\u0430\u044f \u0441\u0442\u0440\u043e\u0447\u043a\u0430; \u0437\u0430\u0443\u0436\u0435\u043d\u043d\u044b\u0439 \u043a\u0440\u043e\u0439; \u043a\u043e\u043d\u0442\u0440\u0430\u0441\u0442\u043d\u044b\u0435 \u0448\u0432\u044b; \u0444\u043b\u0443\u043e\u0440\u0435\u0441\u0446\u0435\u043d\u0442\u043d\u044b\u0435 \u0432\u0441\u0442\u0430\u0432\u043a\u0438; \u0441\u0432\u0435\u0442\u043e\u043e\u0442\u0440\u0430\u0436\u0430\u044e\u0449\u0438\u0439 \u043a\u0430\u043d\u0442 \u043d\u0430 \u043a\u0430\u0440\u043c\u0430\u043d\u0430\u0445 \u0448\u0442\u0430\u043d\u0438\u043d; \u0442\u044f\u043d\u0443\u0449\u0438\u0435\u0441\u044f \u0432 4 \u043d\u0430\u043f\u0440\u0430\u0432\u043b\u0435\u043d\u0438\u044f\u0445 \u0432\u0441\u0442\u0430\u0432\u043a\u0438 \u043c\u0435\u0436\u0434\u0443...\" \/>\n<meta property=\"og:url\" content=\"https:\/\/stafit.ee\/ru\/tovar\/\u0440\u0430\u0431\u043e\u0447\u0438\u0435-\u0448\u043e\u0440\u0442\u044b-dassy-manilla-\u0447\u0451\u0440\u043d\u044b\u0435-\u0436\u0451\u043b\u0442\u044b\u0435\/\" \/>\n<meta property=\"og:site_name\" content=\"Stafit O\u00dc\" \/>\n<meta property=\"article:modified_time\" content=\"2026-04-08T15:22:56+00:00\" \/>\n<meta property=\"og:image\" content=\"https:\/\/stafit.ee\/wp-content\/uploads\/2024\/12\/color_front-manilla-logix-zwart-fluo-geel.jpg\" \/>\n\t<meta property=\"og:image:width\" content=\"2000\" \/>\n\t<meta property=\"og:image:height\" content=\"2396\" \/>\n\t<meta property=\"og:image:type\" content=\"image\/jpeg\" \/>\n<meta name=\"twitter:card\" content=\"summary_large_image\" \/>\n<script type=\"application\/ld+json\" class=\"yoast-schema-graph\">{\"@context\":\"https:\/\/schema.org\",\"@graph\":[{\"@type\":\"WebPage\",\"@id\":\"https:\/\/stafit.ee\/ru\/tovar\/%d1%80%d0%b0%d0%b1%d0%be%d1%87%d0%b8%d0%b5-%d1%88%d0%be%d1%80%d1%82%d1%8b-dassy-manilla-%d1%87%d1%91%d1%80%d0%bd%d1%8b%d0%b5-%d0%b6%d1%91%d0%bb%d1%82%d1%8b%d0%b5\/\",\"url\":\"https:\/\/stafit.ee\/ru\/tovar\/%d1%80%d0%b0%d0%b1%d0%be%d1%87%d0%b8%d0%b5-%d1%88%d0%be%d1%80%d1%82%d1%8b-dassy-manilla-%d1%87%d1%91%d1%80%d0%bd%d1%8b%d0%b5-%d0%b6%d1%91%d0%bb%d1%82%d1%8b%d0%b5\/\",\"name\":\"\u0420\u0430\u0431\u043e\u0447\u0438\u0435 \u0448\u043e\u0440\u0442\u044b DASSY MANILLA \u0447\u0451\u0440\u043d\u044b\u0435\/\u0436\u0451\u043b\u0442\u044b\u0435 - Stafit O\u00dc\",\"isPartOf\":{\"@id\":\"https:\/\/stafit.ee\/#website\"},\"primaryImageOfPage\":{\"@id\":\"https:\/\/stafit.ee\/ru\/tovar\/%d1%80%d0%b0%d0%b1%d0%be%d1%87%d0%b8%d0%b5-%d1%88%d0%be%d1%80%d1%82%d1%8b-dassy-manilla-%d1%87%d1%91%d1%80%d0%bd%d1%8b%d0%b5-%d0%b6%d1%91%d0%bb%d1%82%d1%8b%d0%b5\/#primaryimage\"},\"image\":{\"@id\":\"https:\/\/stafit.ee\/ru\/tovar\/%d1%80%d0%b0%d0%b1%d0%be%d1%87%d0%b8%d0%b5-%d1%88%d0%be%d1%80%d1%82%d1%8b-dassy-manilla-%d1%87%d1%91%d1%80%d0%bd%d1%8b%d0%b5-%d0%b6%d1%91%d0%bb%d1%82%d1%8b%d0%b5\/#primaryimage\"},\"thumbnailUrl\":\"https:\/\/stafit.ee\/wp-content\/uploads\/2024\/12\/color_front-manilla-logix-zwart-fluo-geel.jpg\",\"datePublished\":\"2024-12-04T16:09:39+00:00\",\"dateModified\":\"2026-04-08T15:22:56+00:00\",\"breadcrumb\":{\"@id\":\"https:\/\/stafit.ee\/ru\/tovar\/%d1%80%d0%b0%d0%b1%d0%be%d1%87%d0%b8%d0%b5-%d1%88%d0%be%d1%80%d1%82%d1%8b-dassy-manilla-%d1%87%d1%91%d1%80%d0%bd%d1%8b%d0%b5-%d0%b6%d1%91%d0%bb%d1%82%d1%8b%d0%b5\/#breadcrumb\"},\"inLanguage\":\"ru-RU\",\"potentialAction\":[{\"@type\":\"ReadAction\",\"target\":[\"https:\/\/stafit.ee\/ru\/tovar\/%d1%80%d0%b0%d0%b1%d0%be%d1%87%d0%b8%d0%b5-%d1%88%d0%be%d1%80%d1%82%d1%8b-dassy-manilla-%d1%87%d1%91%d1%80%d0%bd%d1%8b%d0%b5-%d0%b6%d1%91%d0%bb%d1%82%d1%8b%d0%b5\/\"]}]},{\"@type\":\"ImageObject\",\"inLanguage\":\"ru-RU\",\"@id\":\"https:\/\/stafit.ee\/ru\/tovar\/%d1%80%d0%b0%d0%b1%d0%be%d1%87%d0%b8%d0%b5-%d1%88%d0%be%d1%80%d1%82%d1%8b-dassy-manilla-%d1%87%d1%91%d1%80%d0%bd%d1%8b%d0%b5-%d0%b6%d1%91%d0%bb%d1%82%d1%8b%d0%b5\/#primaryimage\",\"url\":\"https:\/\/stafit.ee\/wp-content\/uploads\/2024\/12\/color_front-manilla-logix-zwart-fluo-geel.jpg\",\"contentUrl\":\"https:\/\/stafit.ee\/wp-content\/uploads\/2024\/12\/color_front-manilla-logix-zwart-fluo-geel.jpg\",\"width\":2000,\"height\":2396},{\"@type\":\"BreadcrumbList\",\"@id\":\"https:\/\/stafit.ee\/ru\/tovar\/%d1%80%d0%b0%d0%b1%d0%be%d1%87%d0%b8%d0%b5-%d1%88%d0%be%d1%80%d1%82%d1%8b-dassy-manilla-%d1%87%d1%91%d1%80%d0%bd%d1%8b%d0%b5-%d0%b6%d1%91%d0%bb%d1%82%d1%8b%d0%b5\/#breadcrumb\",\"itemListElement\":[{\"@type\":\"ListItem\",\"position\":1,\"name\":\"Home\",\"item\":\"https:\/\/stafit.ee\/ru\/\"},{\"@type\":\"ListItem\",\"position\":2,\"name\":\"\u041c\u0430\u0433\u0430\u0437\u0438\u043d\",\"item\":\"https:\/\/stafit.ee\/ru\/pood\/\"},{\"@type\":\"ListItem\",\"position\":3,\"name\":\"\u0420\u0430\u0431\u043e\u0447\u0438\u0435 \u0448\u043e\u0440\u0442\u044b DASSY MANILLA \u0447\u0451\u0440\u043d\u044b\u0435\/\u0436\u0451\u043b\u0442\u044b\u0435\"}]},{\"@type\":\"WebSite\",\"@id\":\"https:\/\/stafit.ee\/#website\",\"url\":\"https:\/\/stafit.ee\/\",\"name\":\"Stafit O\u00dc\",\"description\":\"T\u00f6\u00f6riete ja ohutusvahendite jae ja hulgim\u00fc\u00fck\",\"potentialAction\":[{\"@type\":\"SearchAction\",\"target\":{\"@type\":\"EntryPoint\",\"urlTemplate\":\"https:\/\/stafit.ee\/?s={search_term_string}\"},\"query-input\":{\"@type\":\"PropertyValueSpecification\",\"valueRequired\":true,\"valueName\":\"search_term_string\"}}],\"inLanguage\":\"ru-RU\"}]}<\/script>\n<!-- \/ Yoast SEO plugin. -->","yoast_head_json":{"title":"\u0420\u0430\u0431\u043e\u0447\u0438\u0435 \u0448\u043e\u0440\u0442\u044b DASSY MANILLA \u0447\u0451\u0440\u043d\u044b\u0435\/\u0436\u0451\u043b\u0442\u044b\u0435 - Stafit O\u00dc","robots":{"index":"index","follow":"follow","max-snippet":"max-snippet:-1","max-image-preview":"max-image-preview:large","max-video-preview":"max-video-preview:-1"},"canonical":"https:\/\/stafit.ee\/ru\/tovar\/\u0440\u0430\u0431\u043e\u0447\u0438\u0435-\u0448\u043e\u0440\u0442\u044b-dassy-manilla-\u0447\u0451\u0440\u043d\u044b\u0435-\u0436\u0451\u043b\u0442\u044b\u0435\/","og_locale":"ru_RU","og_type":"article","og_title":"\u0420\u0430\u0431\u043e\u0447\u0438\u0435 \u0448\u043e\u0440\u0442\u044b DASSY MANILLA \u0447\u0451\u0440\u043d\u044b\u0435\/\u0436\u0451\u043b\u0442\u044b\u0435 - Stafit O\u00dc","og_description":"2 \u043f\u0435\u0440\u0435\u0434\u043d\u0438\u0445 \u043a\u0430\u0440\u043c\u0430\u043d\u0430; \u043e\u0442\u043a\u0440\u044b\u0442\u044b\u0439 \u0437\u0430\u0434\u043d\u0438\u0439 \u043a\u0430\u0440\u043c\u0430\u043d; \u0437\u0430\u0434\u043d\u0438\u0439 \u043a\u0430\u0440\u043c\u0430\u043d \u043d\u0430 \u043c\u043e\u043b\u043d\u0438\u0438; 2 \u043d\u0430\u0431\u0435\u0434\u0440\u0435\u043d\u043d\u044b\u0445 \u043a\u0430\u0440\u043c\u0430\u043d\u0430; \u0434\u0435\u0440\u0436\u0430\u0442\u0435\u043b\u044c \u0434\u043b\u044f \u0440\u0443\u0447\u043a\u0438; \u043a\u0430\u0440\u043c\u0430\u043d \u0434\u043b\u044f \u043b\u0438\u043d\u0435\u0439\u043a\u0438; \u043a\u0430\u0440\u043c\u0430\u043d \u0434\u043b\u044f \u043d\u043e\u0436\u0430; D-\u043e\u0431\u0440\u0430\u0437\u043d\u043e\u0435 \u043a\u043e\u043b\u044c\u0446\u043e; \u043f\u043e\u0442\u0430\u0439\u043d\u043e\u0439 \u043a\u0430\u0440\u043c\u0430\u043d \u043d\u0430 \u043c\u043e\u043b\u043d\u0438\u0438; \u0440\u0435\u0433\u0443\u043b\u0438\u0440\u0443\u0435\u043c\u044b\u0439 \u0441 \u043f\u043e\u043c\u043e\u0449\u044c\u044e \u044d\u043b\u0430\u0441\u0442\u0438\u0447\u043d\u043e\u0439 \u0440\u0435\u0437\u0438\u043d\u043a\u0438 \u043f\u043e\u044f\u0441; \u0437\u0430\u043d\u0438\u0436\u0435\u043d\u043d\u0430\u044f \u0442\u0430\u043b\u0438\u044f; \u0442\u0440\u043e\u0439\u043d\u0430\u044f \u0441\u0442\u0440\u043e\u0447\u043a\u0430; \u0437\u0430\u0443\u0436\u0435\u043d\u043d\u044b\u0439 \u043a\u0440\u043e\u0439; \u043a\u043e\u043d\u0442\u0440\u0430\u0441\u0442\u043d\u044b\u0435 \u0448\u0432\u044b; \u0444\u043b\u0443\u043e\u0440\u0435\u0441\u0446\u0435\u043d\u0442\u043d\u044b\u0435 \u0432\u0441\u0442\u0430\u0432\u043a\u0438; \u0441\u0432\u0435\u0442\u043e\u043e\u0442\u0440\u0430\u0436\u0430\u044e\u0449\u0438\u0439 \u043a\u0430\u043d\u0442 \u043d\u0430 \u043a\u0430\u0440\u043c\u0430\u043d\u0430\u0445 \u0448\u0442\u0430\u043d\u0438\u043d; \u0442\u044f\u043d\u0443\u0449\u0438\u0435\u0441\u044f \u0432 4 \u043d\u0430\u043f\u0440\u0430\u0432\u043b\u0435\u043d\u0438\u044f\u0445 \u0432\u0441\u0442\u0430\u0432\u043a\u0438 \u043c\u0435\u0436\u0434\u0443...","og_url":"https:\/\/stafit.ee\/ru\/tovar\/\u0440\u0430\u0431\u043e\u0447\u0438\u0435-\u0448\u043e\u0440\u0442\u044b-dassy-manilla-\u0447\u0451\u0440\u043d\u044b\u0435-\u0436\u0451\u043b\u0442\u044b\u0435\/","og_site_name":"Stafit O\u00dc","article_modified_time":"2026-04-08T15:22:56+00:00","og_image":[{"width":2000,"height":2396,"url":"https:\/\/stafit.ee\/wp-content\/uploads\/2024\/12\/color_front-manilla-logix-zwart-fluo-geel.jpg","type":"image\/jpeg"}],"twitter_card":"summary_large_image","schema":{"@context":"https:\/\/schema.org","@graph":[{"@type":"WebPage","@id":"https:\/\/stafit.ee\/ru\/tovar\/%d1%80%d0%b0%d0%b1%d0%be%d1%87%d0%b8%d0%b5-%d1%88%d0%be%d1%80%d1%82%d1%8b-dassy-manilla-%d1%87%d1%91%d1%80%d0%bd%d1%8b%d0%b5-%d0%b6%d1%91%d0%bb%d1%82%d1%8b%d0%b5\/","url":"https:\/\/stafit.ee\/ru\/tovar\/%d1%80%d0%b0%d0%b1%d0%be%d1%87%d0%b8%d0%b5-%d1%88%d0%be%d1%80%d1%82%d1%8b-dassy-manilla-%d1%87%d1%91%d1%80%d0%bd%d1%8b%d0%b5-%d0%b6%d1%91%d0%bb%d1%82%d1%8b%d0%b5\/","name":"\u0420\u0430\u0431\u043e\u0447\u0438\u0435 \u0448\u043e\u0440\u0442\u044b DASSY MANILLA \u0447\u0451\u0440\u043d\u044b\u0435\/\u0436\u0451\u043b\u0442\u044b\u0435 - Stafit O\u00dc","isPartOf":{"@id":"https:\/\/stafit.ee\/#website"},"primaryImageOfPage":{"@id":"https:\/\/stafit.ee\/ru\/tovar\/%d1%80%d0%b0%d0%b1%d0%be%d1%87%d0%b8%d0%b5-%d1%88%d0%be%d1%80%d1%82%d1%8b-dassy-manilla-%d1%87%d1%91%d1%80%d0%bd%d1%8b%d0%b5-%d0%b6%d1%91%d0%bb%d1%82%d1%8b%d0%b5\/#primaryimage"},"image":{"@id":"https:\/\/stafit.ee\/ru\/tovar\/%d1%80%d0%b0%d0%b1%d0%be%d1%87%d0%b8%d0%b5-%d1%88%d0%be%d1%80%d1%82%d1%8b-dassy-manilla-%d1%87%d1%91%d1%80%d0%bd%d1%8b%d0%b5-%d0%b6%d1%91%d0%bb%d1%82%d1%8b%d0%b5\/#primaryimage"},"thumbnailUrl":"https:\/\/stafit.ee\/wp-content\/uploads\/2024\/12\/color_front-manilla-logix-zwart-fluo-geel.jpg","datePublished":"2024-12-04T16:09:39+00:00","dateModified":"2026-04-08T15:22:56+00:00","breadcrumb":{"@id":"https:\/\/stafit.ee\/ru\/tovar\/%d1%80%d0%b0%d0%b1%d0%be%d1%87%d0%b8%d0%b5-%d1%88%d0%be%d1%80%d1%82%d1%8b-dassy-manilla-%d1%87%d1%91%d1%80%d0%bd%d1%8b%d0%b5-%d0%b6%d1%91%d0%bb%d1%82%d1%8b%d0%b5\/#breadcrumb"},"inLanguage":"ru-RU","potentialAction":[{"@type":"ReadAction","target":["https:\/\/stafit.ee\/ru\/tovar\/%d1%80%d0%b0%d0%b1%d0%be%d1%87%d0%b8%d0%b5-%d1%88%d0%be%d1%80%d1%82%d1%8b-dassy-manilla-%d1%87%d1%91%d1%80%d0%bd%d1%8b%d0%b5-%d0%b6%d1%91%d0%bb%d1%82%d1%8b%d0%b5\/"]}]},{"@type":"ImageObject","inLanguage":"ru-RU","@id":"https:\/\/stafit.ee\/ru\/tovar\/%d1%80%d0%b0%d0%b1%d0%be%d1%87%d0%b8%d0%b5-%d1%88%d0%be%d1%80%d1%82%d1%8b-dassy-manilla-%d1%87%d1%91%d1%80%d0%bd%d1%8b%d0%b5-%d0%b6%d1%91%d0%bb%d1%82%d1%8b%d0%b5\/#primaryimage","url":"https:\/\/stafit.ee\/wp-content\/uploads\/2024\/12\/color_front-manilla-logix-zwart-fluo-geel.jpg","contentUrl":"https:\/\/stafit.ee\/wp-content\/uploads\/2024\/12\/color_front-manilla-logix-zwart-fluo-geel.jpg","width":2000,"height":2396},{"@type":"BreadcrumbList","@id":"https:\/\/stafit.ee\/ru\/tovar\/%d1%80%d0%b0%d0%b1%d0%be%d1%87%d0%b8%d0%b5-%d1%88%d0%be%d1%80%d1%82%d1%8b-dassy-manilla-%d1%87%d1%91%d1%80%d0%bd%d1%8b%d0%b5-%d0%b6%d1%91%d0%bb%d1%82%d1%8b%d0%b5\/#breadcrumb","itemListElement":[{"@type":"ListItem","position":1,"name":"Home","item":"https:\/\/stafit.ee\/ru\/"},{"@type":"ListItem","position":2,"name":"\u041c\u0430\u0433\u0430\u0437\u0438\u043d","item":"https:\/\/stafit.ee\/ru\/pood\/"},{"@type":"ListItem","position":3,"name":"\u0420\u0430\u0431\u043e\u0447\u0438\u0435 \u0448\u043e\u0440\u0442\u044b DASSY MANILLA \u0447\u0451\u0440\u043d\u044b\u0435\/\u0436\u0451\u043b\u0442\u044b\u0435"}]},{"@type":"WebSite","@id":"https:\/\/stafit.ee\/#website","url":"https:\/\/stafit.ee\/","name":"Stafit O\u00dc","description":"T\u00f6\u00f6riete ja ohutusvahendite jae ja hulgim\u00fc\u00fck","potentialAction":[{"@type":"SearchAction","target":{"@type":"EntryPoint","urlTemplate":"https:\/\/stafit.ee\/?s={search_term_string}"},"query-input":{"@type":"PropertyValueSpecification","valueRequired":true,"valueName":"search_term_string"}}],"inLanguage":"ru-RU"}]}},"brands":[{"id":242,"name":"Dassy","slug":"dassy"}],"_links":{"self":[{"href":"https:\/\/stafit.ee\/ru\/wp-json\/wp\/v2\/product\/69562","targetHints":{"allow":["GET"]}}],"collection":[{"href":"https:\/\/stafit.ee\/ru\/wp-json\/wp\/v2\/product"}],"about":[{"href":"https:\/\/stafit.ee\/ru\/wp-json\/wp\/v2\/types\/product"}],"wp:featuredmedia":[{"embeddable":true,"href":"https:\/\/stafit.ee\/ru\/wp-json\/wp\/v2\/media\/69545"}],"wp:attachment":[{"href":"https:\/\/stafit.ee\/ru\/wp-json\/wp\/v2\/media?parent=69562"}],"wp:term":[{"taxonomy":"pwb-brand","embeddable":true,"href":"https:\/\/stafit.ee\/ru\/wp-json\/wp\/v2\/pwb-brand?post=69562"},{"taxonomy":"product_brand","embeddable":true,"href":"https:\/\/stafit.ee\/ru\/wp-json\/wp\/v2\/product_brand?post=69562"},{"taxonomy":"product_cat","embeddable":true,"href":"https:\/\/stafit.ee\/ru\/wp-json\/wp\/v2\/product_cat?post=69562"},{"taxonomy":"product_tag","embeddable":true,"href":"https:\/\/stafit.ee\/ru\/wp-json\/wp\/v2\/product_tag?post=69562"}],"curies":[{"name":"wp","href":"https:\/\/api.w.org\/{rel}","templated":true}]}}