{"id":69363,"date":"2024-11-28T16:13:45","date_gmt":"2024-11-28T14:13:45","guid":{"rendered":"https:\/\/stafit.ee\/toode\/%d0%b7%d0%b0%d1%89%d0%b8%d1%82%d0%bd%d1%8b%d0%b5-%d1%82%d1%83%d1%84%d0%bb%d0%b8-flow-%d1%81%d0%b5%d1%80%d1%8b%d0%b5-s3s-fo-sr-esd\/"},"modified":"2026-04-08T18:26:06","modified_gmt":"2026-04-08T15:26:06","slug":"%d0%b7%d0%b0%d1%89%d0%b8%d1%82%d0%bd%d1%8b%d0%b5-%d1%82%d1%83%d1%84%d0%bb%d0%b8-flow-%d1%81%d0%b5%d1%80%d1%8b%d0%b5-s3s-fo-sr-esd","status":"publish","type":"product","link":"https:\/\/stafit.ee\/ru\/tovar\/%d0%b7%d0%b0%d1%89%d0%b8%d1%82%d0%bd%d1%8b%d0%b5-%d1%82%d1%83%d1%84%d0%bb%d0%b8-flow-%d1%81%d0%b5%d1%80%d1%8b%d0%b5-s3s-fo-sr-esd\/","title":{"rendered":"\u0417\u0430\u0449\u0438\u0442\u043d\u044b\u0435 \u0442\u0443\u0444\u043b\u0438 FLOW \u0441\u0435\u0440\u044b\u0435 S3S FO SR ESD"},"content":{"rendered":"<p><strong>\u041e\u0411\u0420\u0410\u0417\u0415\u0426<\/strong>.<br \/>\n\u041e\u0441\u0442\u0430\u043b\u044c\u043d\u044b\u0435 \u0440\u0430\u0437\u043c\u0435\u0440\u044b (35-49) \u0434\u043e\u0441\u0442\u0443\u043f\u043d\u044b \u043f\u043e \u043f\u0440\u0435\u0434\u0437\u0430\u043a\u0430\u0437\u0443.<\/p>\n<p>EN ISO 20345:2022 S3S FO ESD SR<\/p>\n","protected":false},"excerpt":{"rendered":"<p>\u041e\u0411\u0420\u0410\u0417\u0415\u0426. \u041e\u0441\u0442\u0430\u043b\u044c\u043d\u044b\u0435 \u0440\u0430\u0437\u043c\u0435\u0440\u044b (35-49) \u0434\u043e\u0441\u0442\u0443\u043f\u043d\u044b \u043f\u043e \u043f\u0440\u0435\u0434\u0437\u0430\u043a\u0430\u0437\u0443. EN ISO 20345:2022 S3S FO ESD SR<\/p>\n","protected":false},"featured_media":69351,"template":"","meta":[],"pwb-brand":[2411],"product_brand":[],"product_cat":[555],"product_tag":[],"class_list":{"0":"post-69363","1":"product","2":"type-product","3":"status-publish","4":"has-post-thumbnail","6":"pwb-brand-aboutblu","7":"product_cat---s1-s1p-s2-s3","9":"first","10":"instock","11":"taxable","12":"shipping-taxable","13":"purchasable","14":"product-type-variable"},"yoast_head":"<!-- This site is optimized with the Yoast SEO plugin v27.0 - https:\/\/yoast.com\/product\/yoast-seo-wordpress\/ -->\n<title>\u0417\u0430\u0449\u0438\u0442\u043d\u044b\u0435 \u0442\u0443\u0444\u043b\u0438 FLOW \u0441\u0435\u0440\u044b\u0435 S3S FO SR ESD - Stafit O\u00dc<\/title>\n<meta name=\"robots\" content=\"index, follow, max-snippet:-1, max-image-preview:large, max-video-preview:-1\" \/>\n<link rel=\"canonical\" href=\"https:\/\/stafit.ee\/ru\/tovar\/\u0437\u0430\u0449\u0438\u0442\u043d\u044b\u0435-\u0442\u0443\u0444\u043b\u0438-flow-\u0441\u0435\u0440\u044b\u0435-s3s-fo-sr-esd\/\" \/>\n<meta property=\"og:locale\" content=\"ru_RU\" \/>\n<meta property=\"og:type\" content=\"article\" \/>\n<meta property=\"og:title\" content=\"\u0417\u0430\u0449\u0438\u0442\u043d\u044b\u0435 \u0442\u0443\u0444\u043b\u0438 FLOW \u0441\u0435\u0440\u044b\u0435 S3S FO SR ESD - Stafit O\u00dc\" \/>\n<meta property=\"og:description\" content=\"\u041e\u0411\u0420\u0410\u0417\u0415\u0426. \u041e\u0441\u0442\u0430\u043b\u044c\u043d\u044b\u0435 \u0440\u0430\u0437\u043c\u0435\u0440\u044b (35-49) \u0434\u043e\u0441\u0442\u0443\u043f\u043d\u044b \u043f\u043e \u043f\u0440\u0435\u0434\u0437\u0430\u043a\u0430\u0437\u0443. EN ISO 20345:2022 S3S FO ESD SR\" \/>\n<meta property=\"og:url\" content=\"https:\/\/stafit.ee\/ru\/tovar\/\u0437\u0430\u0449\u0438\u0442\u043d\u044b\u0435-\u0442\u0443\u0444\u043b\u0438-flow-\u0441\u0435\u0440\u044b\u0435-s3s-fo-sr-esd\/\" \/>\n<meta property=\"og:site_name\" content=\"Stafit O\u00dc\" \/>\n<meta property=\"article:modified_time\" content=\"2026-04-08T15:26:06+00:00\" \/>\n<meta property=\"og:image\" content=\"https:\/\/stafit.ee\/wp-content\/uploads\/2024\/11\/Flow-grey-low-1.jpg\" \/>\n\t<meta property=\"og:image:width\" content=\"1000\" \/>\n\t<meta property=\"og:image:height\" content=\"1000\" \/>\n\t<meta property=\"og:image:type\" content=\"image\/jpeg\" \/>\n<meta name=\"twitter:card\" content=\"summary_large_image\" \/>\n<script type=\"application\/ld+json\" class=\"yoast-schema-graph\">{\"@context\":\"https:\/\/schema.org\",\"@graph\":[{\"@type\":\"WebPage\",\"@id\":\"https:\/\/stafit.ee\/ru\/tovar\/%d0%b7%d0%b0%d1%89%d0%b8%d1%82%d0%bd%d1%8b%d0%b5-%d1%82%d1%83%d1%84%d0%bb%d0%b8-flow-%d1%81%d0%b5%d1%80%d1%8b%d0%b5-s3s-fo-sr-esd\/\",\"url\":\"https:\/\/stafit.ee\/ru\/tovar\/%d0%b7%d0%b0%d1%89%d0%b8%d1%82%d0%bd%d1%8b%d0%b5-%d1%82%d1%83%d1%84%d0%bb%d0%b8-flow-%d1%81%d0%b5%d1%80%d1%8b%d0%b5-s3s-fo-sr-esd\/\",\"name\":\"\u0417\u0430\u0449\u0438\u0442\u043d\u044b\u0435 \u0442\u0443\u0444\u043b\u0438 FLOW \u0441\u0435\u0440\u044b\u0435 S3S FO SR ESD - Stafit O\u00dc\",\"isPartOf\":{\"@id\":\"https:\/\/stafit.ee\/#website\"},\"primaryImageOfPage\":{\"@id\":\"https:\/\/stafit.ee\/ru\/tovar\/%d0%b7%d0%b0%d1%89%d0%b8%d1%82%d0%bd%d1%8b%d0%b5-%d1%82%d1%83%d1%84%d0%bb%d0%b8-flow-%d1%81%d0%b5%d1%80%d1%8b%d0%b5-s3s-fo-sr-esd\/#primaryimage\"},\"image\":{\"@id\":\"https:\/\/stafit.ee\/ru\/tovar\/%d0%b7%d0%b0%d1%89%d0%b8%d1%82%d0%bd%d1%8b%d0%b5-%d1%82%d1%83%d1%84%d0%bb%d0%b8-flow-%d1%81%d0%b5%d1%80%d1%8b%d0%b5-s3s-fo-sr-esd\/#primaryimage\"},\"thumbnailUrl\":\"https:\/\/stafit.ee\/wp-content\/uploads\/2024\/11\/Flow-grey-low-1.jpg\",\"datePublished\":\"2024-11-28T14:13:45+00:00\",\"dateModified\":\"2026-04-08T15:26:06+00:00\",\"breadcrumb\":{\"@id\":\"https:\/\/stafit.ee\/ru\/tovar\/%d0%b7%d0%b0%d1%89%d0%b8%d1%82%d0%bd%d1%8b%d0%b5-%d1%82%d1%83%d1%84%d0%bb%d0%b8-flow-%d1%81%d0%b5%d1%80%d1%8b%d0%b5-s3s-fo-sr-esd\/#breadcrumb\"},\"inLanguage\":\"ru-RU\",\"potentialAction\":[{\"@type\":\"ReadAction\",\"target\":[\"https:\/\/stafit.ee\/ru\/tovar\/%d0%b7%d0%b0%d1%89%d0%b8%d1%82%d0%bd%d1%8b%d0%b5-%d1%82%d1%83%d1%84%d0%bb%d0%b8-flow-%d1%81%d0%b5%d1%80%d1%8b%d0%b5-s3s-fo-sr-esd\/\"]}]},{\"@type\":\"ImageObject\",\"inLanguage\":\"ru-RU\",\"@id\":\"https:\/\/stafit.ee\/ru\/tovar\/%d0%b7%d0%b0%d1%89%d0%b8%d1%82%d0%bd%d1%8b%d0%b5-%d1%82%d1%83%d1%84%d0%bb%d0%b8-flow-%d1%81%d0%b5%d1%80%d1%8b%d0%b5-s3s-fo-sr-esd\/#primaryimage\",\"url\":\"https:\/\/stafit.ee\/wp-content\/uploads\/2024\/11\/Flow-grey-low-1.jpg\",\"contentUrl\":\"https:\/\/stafit.ee\/wp-content\/uploads\/2024\/11\/Flow-grey-low-1.jpg\",\"width\":1000,\"height\":1000},{\"@type\":\"BreadcrumbList\",\"@id\":\"https:\/\/stafit.ee\/ru\/tovar\/%d0%b7%d0%b0%d1%89%d0%b8%d1%82%d0%bd%d1%8b%d0%b5-%d1%82%d1%83%d1%84%d0%bb%d0%b8-flow-%d1%81%d0%b5%d1%80%d1%8b%d0%b5-s3s-fo-sr-esd\/#breadcrumb\",\"itemListElement\":[{\"@type\":\"ListItem\",\"position\":1,\"name\":\"Home\",\"item\":\"https:\/\/stafit.ee\/ru\/\"},{\"@type\":\"ListItem\",\"position\":2,\"name\":\"\u041c\u0430\u0433\u0430\u0437\u0438\u043d\",\"item\":\"https:\/\/stafit.ee\/ru\/pood\/\"},{\"@type\":\"ListItem\",\"position\":3,\"name\":\"\u0417\u0430\u0449\u0438\u0442\u043d\u044b\u0435 \u0442\u0443\u0444\u043b\u0438 FLOW \u0441\u0435\u0440\u044b\u0435 S3S FO SR ESD\"}]},{\"@type\":\"WebSite\",\"@id\":\"https:\/\/stafit.ee\/#website\",\"url\":\"https:\/\/stafit.ee\/\",\"name\":\"Stafit O\u00dc\",\"description\":\"T\u00f6\u00f6riete ja ohutusvahendite jae ja hulgim\u00fc\u00fck\",\"potentialAction\":[{\"@type\":\"SearchAction\",\"target\":{\"@type\":\"EntryPoint\",\"urlTemplate\":\"https:\/\/stafit.ee\/?s={search_term_string}\"},\"query-input\":{\"@type\":\"PropertyValueSpecification\",\"valueRequired\":true,\"valueName\":\"search_term_string\"}}],\"inLanguage\":\"ru-RU\"}]}<\/script>\n<!-- \/ Yoast SEO plugin. -->","yoast_head_json":{"title":"\u0417\u0430\u0449\u0438\u0442\u043d\u044b\u0435 \u0442\u0443\u0444\u043b\u0438 FLOW \u0441\u0435\u0440\u044b\u0435 S3S FO SR ESD - Stafit O\u00dc","robots":{"index":"index","follow":"follow","max-snippet":"max-snippet:-1","max-image-preview":"max-image-preview:large","max-video-preview":"max-video-preview:-1"},"canonical":"https:\/\/stafit.ee\/ru\/tovar\/\u0437\u0430\u0449\u0438\u0442\u043d\u044b\u0435-\u0442\u0443\u0444\u043b\u0438-flow-\u0441\u0435\u0440\u044b\u0435-s3s-fo-sr-esd\/","og_locale":"ru_RU","og_type":"article","og_title":"\u0417\u0430\u0449\u0438\u0442\u043d\u044b\u0435 \u0442\u0443\u0444\u043b\u0438 FLOW \u0441\u0435\u0440\u044b\u0435 S3S FO SR ESD - Stafit O\u00dc","og_description":"\u041e\u0411\u0420\u0410\u0417\u0415\u0426. \u041e\u0441\u0442\u0430\u043b\u044c\u043d\u044b\u0435 \u0440\u0430\u0437\u043c\u0435\u0440\u044b (35-49) \u0434\u043e\u0441\u0442\u0443\u043f\u043d\u044b \u043f\u043e \u043f\u0440\u0435\u0434\u0437\u0430\u043a\u0430\u0437\u0443. EN ISO 20345:2022 S3S FO ESD SR","og_url":"https:\/\/stafit.ee\/ru\/tovar\/\u0437\u0430\u0449\u0438\u0442\u043d\u044b\u0435-\u0442\u0443\u0444\u043b\u0438-flow-\u0441\u0435\u0440\u044b\u0435-s3s-fo-sr-esd\/","og_site_name":"Stafit O\u00dc","article_modified_time":"2026-04-08T15:26:06+00:00","og_image":[{"width":1000,"height":1000,"url":"https:\/\/stafit.ee\/wp-content\/uploads\/2024\/11\/Flow-grey-low-1.jpg","type":"image\/jpeg"}],"twitter_card":"summary_large_image","schema":{"@context":"https:\/\/schema.org","@graph":[{"@type":"WebPage","@id":"https:\/\/stafit.ee\/ru\/tovar\/%d0%b7%d0%b0%d1%89%d0%b8%d1%82%d0%bd%d1%8b%d0%b5-%d1%82%d1%83%d1%84%d0%bb%d0%b8-flow-%d1%81%d0%b5%d1%80%d1%8b%d0%b5-s3s-fo-sr-esd\/","url":"https:\/\/stafit.ee\/ru\/tovar\/%d0%b7%d0%b0%d1%89%d0%b8%d1%82%d0%bd%d1%8b%d0%b5-%d1%82%d1%83%d1%84%d0%bb%d0%b8-flow-%d1%81%d0%b5%d1%80%d1%8b%d0%b5-s3s-fo-sr-esd\/","name":"\u0417\u0430\u0449\u0438\u0442\u043d\u044b\u0435 \u0442\u0443\u0444\u043b\u0438 FLOW \u0441\u0435\u0440\u044b\u0435 S3S FO SR ESD - Stafit O\u00dc","isPartOf":{"@id":"https:\/\/stafit.ee\/#website"},"primaryImageOfPage":{"@id":"https:\/\/stafit.ee\/ru\/tovar\/%d0%b7%d0%b0%d1%89%d0%b8%d1%82%d0%bd%d1%8b%d0%b5-%d1%82%d1%83%d1%84%d0%bb%d0%b8-flow-%d1%81%d0%b5%d1%80%d1%8b%d0%b5-s3s-fo-sr-esd\/#primaryimage"},"image":{"@id":"https:\/\/stafit.ee\/ru\/tovar\/%d0%b7%d0%b0%d1%89%d0%b8%d1%82%d0%bd%d1%8b%d0%b5-%d1%82%d1%83%d1%84%d0%bb%d0%b8-flow-%d1%81%d0%b5%d1%80%d1%8b%d0%b5-s3s-fo-sr-esd\/#primaryimage"},"thumbnailUrl":"https:\/\/stafit.ee\/wp-content\/uploads\/2024\/11\/Flow-grey-low-1.jpg","datePublished":"2024-11-28T14:13:45+00:00","dateModified":"2026-04-08T15:26:06+00:00","breadcrumb":{"@id":"https:\/\/stafit.ee\/ru\/tovar\/%d0%b7%d0%b0%d1%89%d0%b8%d1%82%d0%bd%d1%8b%d0%b5-%d1%82%d1%83%d1%84%d0%bb%d0%b8-flow-%d1%81%d0%b5%d1%80%d1%8b%d0%b5-s3s-fo-sr-esd\/#breadcrumb"},"inLanguage":"ru-RU","potentialAction":[{"@type":"ReadAction","target":["https:\/\/stafit.ee\/ru\/tovar\/%d0%b7%d0%b0%d1%89%d0%b8%d1%82%d0%bd%d1%8b%d0%b5-%d1%82%d1%83%d1%84%d0%bb%d0%b8-flow-%d1%81%d0%b5%d1%80%d1%8b%d0%b5-s3s-fo-sr-esd\/"]}]},{"@type":"ImageObject","inLanguage":"ru-RU","@id":"https:\/\/stafit.ee\/ru\/tovar\/%d0%b7%d0%b0%d1%89%d0%b8%d1%82%d0%bd%d1%8b%d0%b5-%d1%82%d1%83%d1%84%d0%bb%d0%b8-flow-%d1%81%d0%b5%d1%80%d1%8b%d0%b5-s3s-fo-sr-esd\/#primaryimage","url":"https:\/\/stafit.ee\/wp-content\/uploads\/2024\/11\/Flow-grey-low-1.jpg","contentUrl":"https:\/\/stafit.ee\/wp-content\/uploads\/2024\/11\/Flow-grey-low-1.jpg","width":1000,"height":1000},{"@type":"BreadcrumbList","@id":"https:\/\/stafit.ee\/ru\/tovar\/%d0%b7%d0%b0%d1%89%d0%b8%d1%82%d0%bd%d1%8b%d0%b5-%d1%82%d1%83%d1%84%d0%bb%d0%b8-flow-%d1%81%d0%b5%d1%80%d1%8b%d0%b5-s3s-fo-sr-esd\/#breadcrumb","itemListElement":[{"@type":"ListItem","position":1,"name":"Home","item":"https:\/\/stafit.ee\/ru\/"},{"@type":"ListItem","position":2,"name":"\u041c\u0430\u0433\u0430\u0437\u0438\u043d","item":"https:\/\/stafit.ee\/ru\/pood\/"},{"@type":"ListItem","position":3,"name":"\u0417\u0430\u0449\u0438\u0442\u043d\u044b\u0435 \u0442\u0443\u0444\u043b\u0438 FLOW \u0441\u0435\u0440\u044b\u0435 S3S FO SR ESD"}]},{"@type":"WebSite","@id":"https:\/\/stafit.ee\/#website","url":"https:\/\/stafit.ee\/","name":"Stafit O\u00dc","description":"T\u00f6\u00f6riete ja ohutusvahendite jae ja hulgim\u00fc\u00fck","potentialAction":[{"@type":"SearchAction","target":{"@type":"EntryPoint","urlTemplate":"https:\/\/stafit.ee\/?s={search_term_string}"},"query-input":{"@type":"PropertyValueSpecification","valueRequired":true,"valueName":"search_term_string"}}],"inLanguage":"ru-RU"}]}},"brands":[{"id":2411,"name":"Aboutblu","slug":"aboutblu"}],"_links":{"self":[{"href":"https:\/\/stafit.ee\/ru\/wp-json\/wp\/v2\/product\/69363","targetHints":{"allow":["GET"]}}],"collection":[{"href":"https:\/\/stafit.ee\/ru\/wp-json\/wp\/v2\/product"}],"about":[{"href":"https:\/\/stafit.ee\/ru\/wp-json\/wp\/v2\/types\/product"}],"wp:featuredmedia":[{"embeddable":true,"href":"https:\/\/stafit.ee\/ru\/wp-json\/wp\/v2\/media\/69351"}],"wp:attachment":[{"href":"https:\/\/stafit.ee\/ru\/wp-json\/wp\/v2\/media?parent=69363"}],"wp:term":[{"taxonomy":"pwb-brand","embeddable":true,"href":"https:\/\/stafit.ee\/ru\/wp-json\/wp\/v2\/pwb-brand?post=69363"},{"taxonomy":"product_brand","embeddable":true,"href":"https:\/\/stafit.ee\/ru\/wp-json\/wp\/v2\/product_brand?post=69363"},{"taxonomy":"product_cat","embeddable":true,"href":"https:\/\/stafit.ee\/ru\/wp-json\/wp\/v2\/product_cat?post=69363"},{"taxonomy":"product_tag","embeddable":true,"href":"https:\/\/stafit.ee\/ru\/wp-json\/wp\/v2\/product_tag?post=69363"}],"curies":[{"name":"wp","href":"https:\/\/api.w.org\/{rel}","templated":true}]}}