{"id":68786,"date":"2024-10-10T12:17:14","date_gmt":"2024-10-10T09:17:14","guid":{"rendered":"https:\/\/stafit.ee\/toode\/%d1%83%d0%bd%d0%b8%d1%81%d0%b5%d0%ba%d1%81-%d0%b1%d0%bb%d1%83%d0%b7%d0%be%d0%bd-1-2-%d0%b1%d0%b5%d0%bb%d1%8b%d0%b9-%d0%b3%d0%be%d0%bb%d1%83%d0%b1%d0%be%d0%b9\/"},"modified":"2026-04-08T18:27:51","modified_gmt":"2026-04-08T15:27:51","slug":"%d1%83%d0%bd%d0%b8%d1%81%d0%b5%d0%ba%d1%81-%d0%b1%d0%bb%d1%83%d0%b7%d0%be%d0%bd-1-2-%d0%b1%d0%b5%d0%bb%d1%8b%d0%b9-%d0%b3%d0%be%d0%bb%d1%83%d0%b1%d0%be%d0%b9","status":"publish","type":"product","link":"https:\/\/stafit.ee\/ru\/tovar\/%d1%83%d0%bd%d0%b8%d1%81%d0%b5%d0%ba%d1%81-%d0%b1%d0%bb%d1%83%d0%b7%d0%be%d0%bd-1-2-%d0%b1%d0%b5%d0%bb%d1%8b%d0%b9-%d0%b3%d0%be%d0%bb%d1%83%d0%b1%d0%be%d0%b9\/","title":{"rendered":"\u0423\u043d\u0438\u0441\u0435\u043a\u0441 \u0431\u043b\u0443\u0437\u043e\u043d 1\/2 \u0431\u0435\u043b\u044b\u0439\/\u0433\u043e\u043b\u0443\u0431\u043e\u0439"},"content":{"rendered":"<p>\u041c\u0430\u0442\u0435\u0440\u0438\u0430\u043b: 50% \u0445\u043b\u043e\u043f\u043e\u043a, 50% \u043f\u043e\u043b\u0438\u044d\u0441\u0442\u0435\u0440, 175 \u0433\/\u043c\u00b2.<\/p>\n<p>V-\u043e\u0431\u0440\u0430\u0437\u043d\u044b\u0439 \u0432\u044b\u0440\u0435\u0437.<br \/>\n2 \u0431\u043e\u043a\u043e\u0432\u044b\u0445 \u043a\u0430\u0440\u043c\u0430\u043d\u0430.<br \/>\n\u0420\u0430\u0437\u0440\u0435\u0437\u044b \u043f\u043e \u0431\u043e\u043a\u0430\u043c.<br \/>\n\u0414\u043b\u0438\u043d\u0430 \u0441\u043f\u0438\u043d\u044b (\u0440\u0430\u0437\u043c\u0435\u0440 M): 74 \u0441\u043c.<\/p>\n","protected":false},"excerpt":{"rendered":"<p>\u041c\u0430\u0442\u0435\u0440\u0438\u0430\u043b: 50% \u0445\u043b\u043e\u043f\u043e\u043a, 50% \u043f\u043e\u043b\u0438\u044d\u0441\u0442\u0435\u0440, 175 \u0433\/\u043c\u00b2. V-\u043e\u0431\u0440\u0430\u0437\u043d\u044b\u0439 \u0432\u044b\u0440\u0435\u0437. 2 \u0431\u043e\u043a\u043e\u0432\u044b\u0445 \u043a\u0430\u0440\u043c\u0430\u043d\u0430. \u0420\u0430\u0437\u0440\u0435\u0437\u044b \u043f\u043e \u0431\u043e\u043a\u0430\u043c. \u0414\u043b\u0438\u043d\u0430 \u0441\u043f\u0438\u043d\u044b (\u0440\u0430\u0437\u043c\u0435\u0440 M): 74 \u0441\u043c.<\/p>\n","protected":false},"featured_media":68154,"template":"","meta":[],"pwb-brand":[325],"product_brand":[],"product_cat":[570],"product_tag":[],"class_list":{"0":"post-68786","1":"product","2":"type-product","3":"status-publish","4":"has-post-thumbnail","6":"pwb-brand-exner","7":"product_cat-570","9":"first","10":"instock","11":"taxable","12":"shipping-taxable","13":"purchasable","14":"product-type-variable"},"yoast_head":"<!-- This site is optimized with the Yoast SEO plugin v27.0 - https:\/\/yoast.com\/product\/yoast-seo-wordpress\/ -->\n<title>\u0423\u043d\u0438\u0441\u0435\u043a\u0441 \u0431\u043b\u0443\u0437\u043e\u043d 1\/2 \u0431\u0435\u043b\u044b\u0439\/\u0433\u043e\u043b\u0443\u0431\u043e\u0439 - Stafit O\u00dc<\/title>\n<meta name=\"robots\" content=\"index, follow, max-snippet:-1, max-image-preview:large, max-video-preview:-1\" \/>\n<link rel=\"canonical\" href=\"https:\/\/stafit.ee\/ru\/tovar\/\u0443\u043d\u0438\u0441\u0435\u043a\u0441-\u0431\u043b\u0443\u0437\u043e\u043d-1-2-\u0431\u0435\u043b\u044b\u0439-\u0433\u043e\u043b\u0443\u0431\u043e\u0439\/\" \/>\n<meta property=\"og:locale\" content=\"ru_RU\" \/>\n<meta property=\"og:type\" content=\"article\" \/>\n<meta property=\"og:title\" content=\"\u0423\u043d\u0438\u0441\u0435\u043a\u0441 \u0431\u043b\u0443\u0437\u043e\u043d 1\/2 \u0431\u0435\u043b\u044b\u0439\/\u0433\u043e\u043b\u0443\u0431\u043e\u0439 - Stafit O\u00dc\" \/>\n<meta property=\"og:description\" content=\"\u041c\u0430\u0442\u0435\u0440\u0438\u0430\u043b: 50% \u0445\u043b\u043e\u043f\u043e\u043a, 50% \u043f\u043e\u043b\u0438\u044d\u0441\u0442\u0435\u0440, 175 \u0433\/\u043c\u00b2. V-\u043e\u0431\u0440\u0430\u0437\u043d\u044b\u0439 \u0432\u044b\u0440\u0435\u0437. 2 \u0431\u043e\u043a\u043e\u0432\u044b\u0445 \u043a\u0430\u0440\u043c\u0430\u043d\u0430. \u0420\u0430\u0437\u0440\u0435\u0437\u044b \u043f\u043e \u0431\u043e\u043a\u0430\u043c. \u0414\u043b\u0438\u043d\u0430 \u0441\u043f\u0438\u043d\u044b (\u0440\u0430\u0437\u043c\u0435\u0440 M): 74 \u0441\u043c.\" \/>\n<meta property=\"og:url\" content=\"https:\/\/stafit.ee\/ru\/tovar\/\u0443\u043d\u0438\u0441\u0435\u043a\u0441-\u0431\u043b\u0443\u0437\u043e\u043d-1-2-\u0431\u0435\u043b\u044b\u0439-\u0433\u043e\u043b\u0443\u0431\u043e\u0439\/\" \/>\n<meta property=\"og:site_name\" content=\"Stafit O\u00dc\" \/>\n<meta property=\"article:modified_time\" content=\"2026-04-08T15:27:51+00:00\" \/>\n<meta property=\"og:image\" content=\"https:\/\/stafit.ee\/wp-content\/uploads\/2024\/10\/2827534.jpg\" \/>\n\t<meta property=\"og:image:width\" content=\"1100\" \/>\n\t<meta property=\"og:image:height\" content=\"1100\" \/>\n\t<meta property=\"og:image:type\" content=\"image\/jpeg\" \/>\n<meta name=\"twitter:card\" content=\"summary_large_image\" \/>\n<script type=\"application\/ld+json\" class=\"yoast-schema-graph\">{\"@context\":\"https:\/\/schema.org\",\"@graph\":[{\"@type\":\"WebPage\",\"@id\":\"https:\/\/stafit.ee\/ru\/tovar\/%d1%83%d0%bd%d0%b8%d1%81%d0%b5%d0%ba%d1%81-%d0%b1%d0%bb%d1%83%d0%b7%d0%be%d0%bd-1-2-%d0%b1%d0%b5%d0%bb%d1%8b%d0%b9-%d0%b3%d0%be%d0%bb%d1%83%d0%b1%d0%be%d0%b9\/\",\"url\":\"https:\/\/stafit.ee\/ru\/tovar\/%d1%83%d0%bd%d0%b8%d1%81%d0%b5%d0%ba%d1%81-%d0%b1%d0%bb%d1%83%d0%b7%d0%be%d0%bd-1-2-%d0%b1%d0%b5%d0%bb%d1%8b%d0%b9-%d0%b3%d0%be%d0%bb%d1%83%d0%b1%d0%be%d0%b9\/\",\"name\":\"\u0423\u043d\u0438\u0441\u0435\u043a\u0441 \u0431\u043b\u0443\u0437\u043e\u043d 1\/2 \u0431\u0435\u043b\u044b\u0439\/\u0433\u043e\u043b\u0443\u0431\u043e\u0439 - Stafit O\u00dc\",\"isPartOf\":{\"@id\":\"https:\/\/stafit.ee\/#website\"},\"primaryImageOfPage\":{\"@id\":\"https:\/\/stafit.ee\/ru\/tovar\/%d1%83%d0%bd%d0%b8%d1%81%d0%b5%d0%ba%d1%81-%d0%b1%d0%bb%d1%83%d0%b7%d0%be%d0%bd-1-2-%d0%b1%d0%b5%d0%bb%d1%8b%d0%b9-%d0%b3%d0%be%d0%bb%d1%83%d0%b1%d0%be%d0%b9\/#primaryimage\"},\"image\":{\"@id\":\"https:\/\/stafit.ee\/ru\/tovar\/%d1%83%d0%bd%d0%b8%d1%81%d0%b5%d0%ba%d1%81-%d0%b1%d0%bb%d1%83%d0%b7%d0%be%d0%bd-1-2-%d0%b1%d0%b5%d0%bb%d1%8b%d0%b9-%d0%b3%d0%be%d0%bb%d1%83%d0%b1%d0%be%d0%b9\/#primaryimage\"},\"thumbnailUrl\":\"https:\/\/stafit.ee\/wp-content\/uploads\/2024\/10\/2827534.jpg\",\"datePublished\":\"2024-10-10T09:17:14+00:00\",\"dateModified\":\"2026-04-08T15:27:51+00:00\",\"breadcrumb\":{\"@id\":\"https:\/\/stafit.ee\/ru\/tovar\/%d1%83%d0%bd%d0%b8%d1%81%d0%b5%d0%ba%d1%81-%d0%b1%d0%bb%d1%83%d0%b7%d0%be%d0%bd-1-2-%d0%b1%d0%b5%d0%bb%d1%8b%d0%b9-%d0%b3%d0%be%d0%bb%d1%83%d0%b1%d0%be%d0%b9\/#breadcrumb\"},\"inLanguage\":\"ru-RU\",\"potentialAction\":[{\"@type\":\"ReadAction\",\"target\":[\"https:\/\/stafit.ee\/ru\/tovar\/%d1%83%d0%bd%d0%b8%d1%81%d0%b5%d0%ba%d1%81-%d0%b1%d0%bb%d1%83%d0%b7%d0%be%d0%bd-1-2-%d0%b1%d0%b5%d0%bb%d1%8b%d0%b9-%d0%b3%d0%be%d0%bb%d1%83%d0%b1%d0%be%d0%b9\/\"]}]},{\"@type\":\"ImageObject\",\"inLanguage\":\"ru-RU\",\"@id\":\"https:\/\/stafit.ee\/ru\/tovar\/%d1%83%d0%bd%d0%b8%d1%81%d0%b5%d0%ba%d1%81-%d0%b1%d0%bb%d1%83%d0%b7%d0%be%d0%bd-1-2-%d0%b1%d0%b5%d0%bb%d1%8b%d0%b9-%d0%b3%d0%be%d0%bb%d1%83%d0%b1%d0%be%d0%b9\/#primaryimage\",\"url\":\"https:\/\/stafit.ee\/wp-content\/uploads\/2024\/10\/2827534.jpg\",\"contentUrl\":\"https:\/\/stafit.ee\/wp-content\/uploads\/2024\/10\/2827534.jpg\",\"width\":1100,\"height\":1100},{\"@type\":\"BreadcrumbList\",\"@id\":\"https:\/\/stafit.ee\/ru\/tovar\/%d1%83%d0%bd%d0%b8%d1%81%d0%b5%d0%ba%d1%81-%d0%b1%d0%bb%d1%83%d0%b7%d0%be%d0%bd-1-2-%d0%b1%d0%b5%d0%bb%d1%8b%d0%b9-%d0%b3%d0%be%d0%bb%d1%83%d0%b1%d0%be%d0%b9\/#breadcrumb\",\"itemListElement\":[{\"@type\":\"ListItem\",\"position\":1,\"name\":\"Home\",\"item\":\"https:\/\/stafit.ee\/ru\/\"},{\"@type\":\"ListItem\",\"position\":2,\"name\":\"\u041c\u0430\u0433\u0430\u0437\u0438\u043d\",\"item\":\"https:\/\/stafit.ee\/ru\/pood\/\"},{\"@type\":\"ListItem\",\"position\":3,\"name\":\"\u0423\u043d\u0438\u0441\u0435\u043a\u0441 \u0431\u043b\u0443\u0437\u043e\u043d 1\/2 \u0431\u0435\u043b\u044b\u0439\/\u0433\u043e\u043b\u0443\u0431\u043e\u0439\"}]},{\"@type\":\"WebSite\",\"@id\":\"https:\/\/stafit.ee\/#website\",\"url\":\"https:\/\/stafit.ee\/\",\"name\":\"Stafit O\u00dc\",\"description\":\"T\u00f6\u00f6riete ja ohutusvahendite jae ja hulgim\u00fc\u00fck\",\"potentialAction\":[{\"@type\":\"SearchAction\",\"target\":{\"@type\":\"EntryPoint\",\"urlTemplate\":\"https:\/\/stafit.ee\/?s={search_term_string}\"},\"query-input\":{\"@type\":\"PropertyValueSpecification\",\"valueRequired\":true,\"valueName\":\"search_term_string\"}}],\"inLanguage\":\"ru-RU\"}]}<\/script>\n<!-- \/ Yoast SEO plugin. -->","yoast_head_json":{"title":"\u0423\u043d\u0438\u0441\u0435\u043a\u0441 \u0431\u043b\u0443\u0437\u043e\u043d 1\/2 \u0431\u0435\u043b\u044b\u0439\/\u0433\u043e\u043b\u0443\u0431\u043e\u0439 - Stafit O\u00dc","robots":{"index":"index","follow":"follow","max-snippet":"max-snippet:-1","max-image-preview":"max-image-preview:large","max-video-preview":"max-video-preview:-1"},"canonical":"https:\/\/stafit.ee\/ru\/tovar\/\u0443\u043d\u0438\u0441\u0435\u043a\u0441-\u0431\u043b\u0443\u0437\u043e\u043d-1-2-\u0431\u0435\u043b\u044b\u0439-\u0433\u043e\u043b\u0443\u0431\u043e\u0439\/","og_locale":"ru_RU","og_type":"article","og_title":"\u0423\u043d\u0438\u0441\u0435\u043a\u0441 \u0431\u043b\u0443\u0437\u043e\u043d 1\/2 \u0431\u0435\u043b\u044b\u0439\/\u0433\u043e\u043b\u0443\u0431\u043e\u0439 - Stafit O\u00dc","og_description":"\u041c\u0430\u0442\u0435\u0440\u0438\u0430\u043b: 50% \u0445\u043b\u043e\u043f\u043e\u043a, 50% \u043f\u043e\u043b\u0438\u044d\u0441\u0442\u0435\u0440, 175 \u0433\/\u043c\u00b2. V-\u043e\u0431\u0440\u0430\u0437\u043d\u044b\u0439 \u0432\u044b\u0440\u0435\u0437. 2 \u0431\u043e\u043a\u043e\u0432\u044b\u0445 \u043a\u0430\u0440\u043c\u0430\u043d\u0430. \u0420\u0430\u0437\u0440\u0435\u0437\u044b \u043f\u043e \u0431\u043e\u043a\u0430\u043c. \u0414\u043b\u0438\u043d\u0430 \u0441\u043f\u0438\u043d\u044b (\u0440\u0430\u0437\u043c\u0435\u0440 M): 74 \u0441\u043c.","og_url":"https:\/\/stafit.ee\/ru\/tovar\/\u0443\u043d\u0438\u0441\u0435\u043a\u0441-\u0431\u043b\u0443\u0437\u043e\u043d-1-2-\u0431\u0435\u043b\u044b\u0439-\u0433\u043e\u043b\u0443\u0431\u043e\u0439\/","og_site_name":"Stafit O\u00dc","article_modified_time":"2026-04-08T15:27:51+00:00","og_image":[{"width":1100,"height":1100,"url":"https:\/\/stafit.ee\/wp-content\/uploads\/2024\/10\/2827534.jpg","type":"image\/jpeg"}],"twitter_card":"summary_large_image","schema":{"@context":"https:\/\/schema.org","@graph":[{"@type":"WebPage","@id":"https:\/\/stafit.ee\/ru\/tovar\/%d1%83%d0%bd%d0%b8%d1%81%d0%b5%d0%ba%d1%81-%d0%b1%d0%bb%d1%83%d0%b7%d0%be%d0%bd-1-2-%d0%b1%d0%b5%d0%bb%d1%8b%d0%b9-%d0%b3%d0%be%d0%bb%d1%83%d0%b1%d0%be%d0%b9\/","url":"https:\/\/stafit.ee\/ru\/tovar\/%d1%83%d0%bd%d0%b8%d1%81%d0%b5%d0%ba%d1%81-%d0%b1%d0%bb%d1%83%d0%b7%d0%be%d0%bd-1-2-%d0%b1%d0%b5%d0%bb%d1%8b%d0%b9-%d0%b3%d0%be%d0%bb%d1%83%d0%b1%d0%be%d0%b9\/","name":"\u0423\u043d\u0438\u0441\u0435\u043a\u0441 \u0431\u043b\u0443\u0437\u043e\u043d 1\/2 \u0431\u0435\u043b\u044b\u0439\/\u0433\u043e\u043b\u0443\u0431\u043e\u0439 - Stafit O\u00dc","isPartOf":{"@id":"https:\/\/stafit.ee\/#website"},"primaryImageOfPage":{"@id":"https:\/\/stafit.ee\/ru\/tovar\/%d1%83%d0%bd%d0%b8%d1%81%d0%b5%d0%ba%d1%81-%d0%b1%d0%bb%d1%83%d0%b7%d0%be%d0%bd-1-2-%d0%b1%d0%b5%d0%bb%d1%8b%d0%b9-%d0%b3%d0%be%d0%bb%d1%83%d0%b1%d0%be%d0%b9\/#primaryimage"},"image":{"@id":"https:\/\/stafit.ee\/ru\/tovar\/%d1%83%d0%bd%d0%b8%d1%81%d0%b5%d0%ba%d1%81-%d0%b1%d0%bb%d1%83%d0%b7%d0%be%d0%bd-1-2-%d0%b1%d0%b5%d0%bb%d1%8b%d0%b9-%d0%b3%d0%be%d0%bb%d1%83%d0%b1%d0%be%d0%b9\/#primaryimage"},"thumbnailUrl":"https:\/\/stafit.ee\/wp-content\/uploads\/2024\/10\/2827534.jpg","datePublished":"2024-10-10T09:17:14+00:00","dateModified":"2026-04-08T15:27:51+00:00","breadcrumb":{"@id":"https:\/\/stafit.ee\/ru\/tovar\/%d1%83%d0%bd%d0%b8%d1%81%d0%b5%d0%ba%d1%81-%d0%b1%d0%bb%d1%83%d0%b7%d0%be%d0%bd-1-2-%d0%b1%d0%b5%d0%bb%d1%8b%d0%b9-%d0%b3%d0%be%d0%bb%d1%83%d0%b1%d0%be%d0%b9\/#breadcrumb"},"inLanguage":"ru-RU","potentialAction":[{"@type":"ReadAction","target":["https:\/\/stafit.ee\/ru\/tovar\/%d1%83%d0%bd%d0%b8%d1%81%d0%b5%d0%ba%d1%81-%d0%b1%d0%bb%d1%83%d0%b7%d0%be%d0%bd-1-2-%d0%b1%d0%b5%d0%bb%d1%8b%d0%b9-%d0%b3%d0%be%d0%bb%d1%83%d0%b1%d0%be%d0%b9\/"]}]},{"@type":"ImageObject","inLanguage":"ru-RU","@id":"https:\/\/stafit.ee\/ru\/tovar\/%d1%83%d0%bd%d0%b8%d1%81%d0%b5%d0%ba%d1%81-%d0%b1%d0%bb%d1%83%d0%b7%d0%be%d0%bd-1-2-%d0%b1%d0%b5%d0%bb%d1%8b%d0%b9-%d0%b3%d0%be%d0%bb%d1%83%d0%b1%d0%be%d0%b9\/#primaryimage","url":"https:\/\/stafit.ee\/wp-content\/uploads\/2024\/10\/2827534.jpg","contentUrl":"https:\/\/stafit.ee\/wp-content\/uploads\/2024\/10\/2827534.jpg","width":1100,"height":1100},{"@type":"BreadcrumbList","@id":"https:\/\/stafit.ee\/ru\/tovar\/%d1%83%d0%bd%d0%b8%d1%81%d0%b5%d0%ba%d1%81-%d0%b1%d0%bb%d1%83%d0%b7%d0%be%d0%bd-1-2-%d0%b1%d0%b5%d0%bb%d1%8b%d0%b9-%d0%b3%d0%be%d0%bb%d1%83%d0%b1%d0%be%d0%b9\/#breadcrumb","itemListElement":[{"@type":"ListItem","position":1,"name":"Home","item":"https:\/\/stafit.ee\/ru\/"},{"@type":"ListItem","position":2,"name":"\u041c\u0430\u0433\u0430\u0437\u0438\u043d","item":"https:\/\/stafit.ee\/ru\/pood\/"},{"@type":"ListItem","position":3,"name":"\u0423\u043d\u0438\u0441\u0435\u043a\u0441 \u0431\u043b\u0443\u0437\u043e\u043d 1\/2 \u0431\u0435\u043b\u044b\u0439\/\u0433\u043e\u043b\u0443\u0431\u043e\u0439"}]},{"@type":"WebSite","@id":"https:\/\/stafit.ee\/#website","url":"https:\/\/stafit.ee\/","name":"Stafit O\u00dc","description":"T\u00f6\u00f6riete ja ohutusvahendite jae ja hulgim\u00fc\u00fck","potentialAction":[{"@type":"SearchAction","target":{"@type":"EntryPoint","urlTemplate":"https:\/\/stafit.ee\/?s={search_term_string}"},"query-input":{"@type":"PropertyValueSpecification","valueRequired":true,"valueName":"search_term_string"}}],"inLanguage":"ru-RU"}]}},"brands":[{"id":325,"name":"Exner","slug":"exner"}],"_links":{"self":[{"href":"https:\/\/stafit.ee\/ru\/wp-json\/wp\/v2\/product\/68786","targetHints":{"allow":["GET"]}}],"collection":[{"href":"https:\/\/stafit.ee\/ru\/wp-json\/wp\/v2\/product"}],"about":[{"href":"https:\/\/stafit.ee\/ru\/wp-json\/wp\/v2\/types\/product"}],"wp:featuredmedia":[{"embeddable":true,"href":"https:\/\/stafit.ee\/ru\/wp-json\/wp\/v2\/media\/68154"}],"wp:attachment":[{"href":"https:\/\/stafit.ee\/ru\/wp-json\/wp\/v2\/media?parent=68786"}],"wp:term":[{"taxonomy":"pwb-brand","embeddable":true,"href":"https:\/\/stafit.ee\/ru\/wp-json\/wp\/v2\/pwb-brand?post=68786"},{"taxonomy":"product_brand","embeddable":true,"href":"https:\/\/stafit.ee\/ru\/wp-json\/wp\/v2\/product_brand?post=68786"},{"taxonomy":"product_cat","embeddable":true,"href":"https:\/\/stafit.ee\/ru\/wp-json\/wp\/v2\/product_cat?post=68786"},{"taxonomy":"product_tag","embeddable":true,"href":"https:\/\/stafit.ee\/ru\/wp-json\/wp\/v2\/product_tag?post=68786"}],"curies":[{"name":"wp","href":"https:\/\/api.w.org\/{rel}","templated":true}]}}