{"id":68010,"date":"2024-10-04T12:08:34","date_gmt":"2024-10-04T09:08:34","guid":{"rendered":"https:\/\/stafit.ee\/toode\/%d0%b7%d0%b8%d0%bc%d0%bd%d1%8f%d1%8f-%d0%bf%d0%b0%d1%80%d0%ba%d0%b0-comfort-neo\/"},"modified":"2026-04-08T18:20:26","modified_gmt":"2026-04-08T15:20:26","slug":"%d0%b7%d0%b8%d0%bc%d0%bd%d1%8f%d1%8f-%d0%bf%d0%b0%d1%80%d0%ba%d0%b0-comfort-neo","status":"publish","type":"product","link":"https:\/\/stafit.ee\/ru\/tovar\/%d0%b7%d0%b8%d0%bc%d0%bd%d1%8f%d1%8f-%d0%bf%d0%b0%d1%80%d0%ba%d0%b0-comfort-neo\/","title":{"rendered":"\u0417\u0438\u043c\u043d\u044f\u044f \u043f\u0430\u0440\u043a\u0430 COMFORT NEO"},"content":{"rendered":"<p>\u041c\u0430\u0442\u0435\u0440\u0438\u0430\u043b: 96% \u043f\u043e\u043b\u0438\u044d\u0441\u0442\u0435\u0440, 4% \u0441\u043f\u0430\u043d\u0434\u0435\u043a\u0441, 320 \u0433\/\u043c\u00b2.<\/p>\n<ul>\n<li>\u0418\u0434\u0435\u0430\u043b\u044c\u043d\u043e \u043f\u043e\u0434\u0445\u043e\u0434\u0438\u0442 \u0434\u043b\u044f \u0445\u043e\u043b\u043e\u0434\u043d\u043e\u0439 \u043f\u043e\u0433\u043e\u0434\u044b;<\/li>\n<li>\u0443\u0442\u0435\u043f\u043b\u0435\u043d\u0430 \u0444\u043b\u0438\u0441\u043e\u043c;<\/li>\n<li>\u043c\u043e\u043b\u043d\u0438\u044f \u0432\u043e \u0432\u0441\u044e \u0434\u043b\u0438\u043d\u0443 \u0441 \u0432\u0435\u0442\u0440\u043e\u0437\u0430\u0449\u0438\u0442\u043d\u043e\u0439 \u043f\u043b\u0430\u043d\u043a\u043e\u0439;<\/li>\n<li>\u0440\u0435\u0433\u0443\u043b\u0438\u0440\u0443\u0435\u043c\u044b\u0439 \u0438 \u043e\u0442\u0441\u0442\u0451\u0433\u0438\u0432\u0430\u044e\u0449\u0438\u0439\u0441\u044f \u043a\u0430\u043f\u044e\u0448\u043e\u043d;<\/li>\n<li>\u0434\u0432\u0430 \u0431\u043e\u043a\u043e\u0432\u044b\u0445 \u043a\u0430\u0440\u043c\u0430\u043d\u0430 \u0438 \u043e\u0434\u0438\u043d \u043d\u0430\u0433\u0440\u0443\u0434\u043d\u044b\u0439 \u043a\u0430\u0440\u043c\u0430\u043d, \u0432\u0441\u0435 \u0437\u0430\u0441\u0442\u0451\u0433\u0438\u0432\u0430\u044e\u0442\u0441\u044f \u043d\u0430 \u043c\u043e\u043b\u043d\u0438\u044e;<\/li>\n<li>\u0434\u0432\u0430 \u0432\u043d\u0443\u0442\u0440\u0435\u043d\u043d\u0438\u0445 \u043a\u0430\u0440\u043c\u0430\u043d\u0430 \u043d\u0430 \u043c\u043e\u043b\u043d\u0438\u0438;<\/li>\n<li>\u0440\u0435\u0433\u0443\u043b\u0438\u0440\u0443\u0435\u043c\u044b\u0439 \u043d\u0438\u0437 \u043a\u0443\u0440\u0442\u043a\u0438 \u0441 \u0443\u0434\u043b\u0438\u043d\u0435\u043d\u043d\u043e\u0439 \u0441\u043f\u0438\u043d\u043a\u043e\u0439;<\/li>\n<li>\u0432\u0435\u043d\u0442\u0438\u043b\u044f\u0446\u0438\u043e\u043d\u043d\u044b\u0435 \u043e\u0442\u0432\u0435\u0440\u0441\u0442\u0438\u044f \u043f\u043e\u0434 \u043c\u044b\u0448\u043a\u0430\u043c\u0438 \u043d\u0430 \u043c\u043e\u043b\u043d\u0438\u0438;<\/li>\n<li>\u044d\u043b\u0430\u0441\u0442\u0438\u0447\u043d\u044b\u0435 \u043c\u0430\u043d\u0436\u0435\u0442\u044b \u043d\u0430 \u0440\u0443\u043a\u0430\u0432\u0430\u0445 \u0441 \u043e\u0442\u0432\u0435\u0440\u0441\u0442\u0438\u0435\u043c \u0434\u043b\u044f \u0431\u043e\u043b\u044c\u0448\u043e\u0433\u043e \u043f\u0430\u043b\u044c\u0446\u0430;<\/li>\n<li>\u0440\u0435\u0433\u0443\u043b\u0438\u0440\u0443\u0435\u043c\u044b\u0435 \u043c\u0430\u043d\u0436\u0435\u0442\u044b \u0440\u0443\u043a\u0430\u0432\u043e\u0432 \u043d\u0430 \u043b\u0438\u043f\u0443\u0447\u043a\u0435;<\/li>\n<li>\u043a\u043e\u043d\u0442\u0440\u0430\u0441\u0442\u043d\u044b\u0435 Hi-Vis \u0432\u0441\u0442\u0430\u0432\u043a\u0438;<\/li>\n<li>\u0441\u0435\u0433\u043c\u0435\u043d\u0442\u0438\u0440\u043e\u0432\u0430\u043d\u043d\u044b\u0435 \u0441\u0432\u0435\u0442\u043e\u043e\u0442\u0440\u0430\u0436\u0430\u044e\u0449\u0438\u0435 \u043b\u0435\u043d\u0442\u044b \u0448\u0438\u0440\u0438\u043d\u043e\u0439 5 \u0441\u043c;<\/li>\n<li>\u043d\u0438\u0437 \u043a\u0443\u0440\u0442\u043a\u0438, \u043a\u0440\u0430\u044f \u0440\u0443\u043a\u0430\u0432\u043e\u0432 \u0438 \u043b\u043e\u043a\u0442\u0438 \u0443\u0441\u0438\u043b\u0435\u043d\u044b \u0440\u0438\u043f\u0441\u0442\u043e\u043f \u0442\u043a\u0430\u043d\u044c\u044e;<\/li>\n<li>\u0432\u043e\u0434\u043e\u043d\u0435\u043f\u0440\u043e\u043d\u0438\u0446\u0430\u0435\u043c\u043e\u0441\u0442\u044c 8000 \u043c\u043c.<\/li>\n<\/ul>\n","protected":false},"excerpt":{"rendered":"<p>\u041c\u0430\u0442\u0435\u0440\u0438\u0430\u043b: 96% \u043f\u043e\u043b\u0438\u044d\u0441\u0442\u0435\u0440, 4% \u0441\u043f\u0430\u043d\u0434\u0435\u043a\u0441, 320 \u0433\/\u043c\u00b2. \u0418\u0434\u0435\u0430\u043b\u044c\u043d\u043e \u043f\u043e\u0434\u0445\u043e\u0434\u0438\u0442 \u0434\u043b\u044f \u0445\u043e\u043b\u043e\u0434\u043d\u043e\u0439 \u043f\u043e\u0433\u043e\u0434\u044b; \u0443\u0442\u0435\u043f\u043b\u0435\u043d\u0430 \u0444\u043b\u0438\u0441\u043e\u043c; \u043c\u043e\u043b\u043d\u0438\u044f \u0432\u043e \u0432\u0441\u044e \u0434\u043b\u0438\u043d\u0443 \u0441 \u0432\u0435\u0442\u0440\u043e\u0437\u0430\u0449\u0438\u0442\u043d\u043e\u0439 \u043f\u043b\u0430\u043d\u043a\u043e\u0439; \u0440\u0435\u0433\u0443\u043b\u0438\u0440\u0443\u0435\u043c\u044b\u0439 \u0438 \u043e\u0442\u0441\u0442\u0451\u0433\u0438\u0432\u0430\u044e\u0449\u0438\u0439\u0441\u044f \u043a\u0430\u043f\u044e\u0448\u043e\u043d; \u0434\u0432\u0430 \u0431\u043e\u043a\u043e\u0432\u044b\u0445 \u043a\u0430\u0440\u043c\u0430\u043d\u0430 \u0438 \u043e\u0434\u0438\u043d \u043d\u0430\u0433\u0440\u0443\u0434\u043d\u044b\u0439 \u043a\u0430\u0440\u043c\u0430\u043d, \u0432\u0441\u0435 \u0437\u0430\u0441\u0442\u0451\u0433\u0438\u0432\u0430\u044e\u0442\u0441\u044f \u043d\u0430 \u043c\u043e\u043b\u043d\u0438\u044e; \u0434\u0432\u0430 \u0432\u043d\u0443\u0442\u0440\u0435\u043d\u043d\u0438\u0445 \u043a\u0430\u0440\u043c\u0430\u043d\u0430 \u043d\u0430 \u043c\u043e\u043b\u043d\u0438\u0438; \u0440\u0435\u0433\u0443\u043b\u0438\u0440\u0443\u0435\u043c\u044b\u0439 \u043d\u0438\u0437 \u043a\u0443\u0440\u0442\u043a\u0438 \u0441 \u0443\u0434\u043b\u0438\u043d\u0435\u043d\u043d\u043e\u0439 \u0441\u043f\u0438\u043d\u043a\u043e\u0439; \u0432\u0435\u043d\u0442\u0438\u043b\u044f\u0446\u0438\u043e\u043d\u043d\u044b\u0435 \u043e\u0442\u0432\u0435\u0440\u0441\u0442\u0438\u044f \u043f\u043e\u0434 \u043c\u044b\u0448\u043a\u0430\u043c\u0438 \u043d\u0430 \u043c\u043e\u043b\u043d\u0438\u0438; \u044d\u043b\u0430\u0441\u0442\u0438\u0447\u043d\u044b\u0435 \u043c\u0430\u043d\u0436\u0435\u0442\u044b&#8230;<\/p>\n","protected":false},"featured_media":67977,"template":"","meta":[],"pwb-brand":[332],"product_brand":[],"product_cat":[869],"product_tag":[],"class_list":{"0":"post-68010","1":"product","2":"type-product","3":"status-publish","4":"has-post-thumbnail","6":"pwb-brand-sara-workwear","7":"product_cat-869","9":"first","10":"instock","11":"taxable","12":"shipping-taxable","13":"purchasable","14":"product-type-variable"},"yoast_head":"<!-- This site is optimized with the Yoast SEO plugin v27.0 - https:\/\/yoast.com\/product\/yoast-seo-wordpress\/ -->\n<title>\u0417\u0438\u043c\u043d\u044f\u044f \u043f\u0430\u0440\u043a\u0430 COMFORT NEO - Stafit O\u00dc<\/title>\n<meta name=\"robots\" content=\"index, follow, max-snippet:-1, max-image-preview:large, max-video-preview:-1\" \/>\n<link rel=\"canonical\" href=\"https:\/\/stafit.ee\/ru\/tovar\/\u0437\u0438\u043c\u043d\u044f\u044f-\u043f\u0430\u0440\u043a\u0430-comfort-neo\/\" \/>\n<meta property=\"og:locale\" content=\"ru_RU\" \/>\n<meta property=\"og:type\" content=\"article\" \/>\n<meta property=\"og:title\" content=\"\u0417\u0438\u043c\u043d\u044f\u044f \u043f\u0430\u0440\u043a\u0430 COMFORT NEO - Stafit O\u00dc\" \/>\n<meta property=\"og:description\" content=\"\u041c\u0430\u0442\u0435\u0440\u0438\u0430\u043b: 96% \u043f\u043e\u043b\u0438\u044d\u0441\u0442\u0435\u0440, 4% \u0441\u043f\u0430\u043d\u0434\u0435\u043a\u0441, 320 \u0433\/\u043c\u00b2. \u0418\u0434\u0435\u0430\u043b\u044c\u043d\u043e \u043f\u043e\u0434\u0445\u043e\u0434\u0438\u0442 \u0434\u043b\u044f \u0445\u043e\u043b\u043e\u0434\u043d\u043e\u0439 \u043f\u043e\u0433\u043e\u0434\u044b; \u0443\u0442\u0435\u043f\u043b\u0435\u043d\u0430 \u0444\u043b\u0438\u0441\u043e\u043c; \u043c\u043e\u043b\u043d\u0438\u044f \u0432\u043e \u0432\u0441\u044e \u0434\u043b\u0438\u043d\u0443 \u0441 \u0432\u0435\u0442\u0440\u043e\u0437\u0430\u0449\u0438\u0442\u043d\u043e\u0439 \u043f\u043b\u0430\u043d\u043a\u043e\u0439; \u0440\u0435\u0433\u0443\u043b\u0438\u0440\u0443\u0435\u043c\u044b\u0439 \u0438 \u043e\u0442\u0441\u0442\u0451\u0433\u0438\u0432\u0430\u044e\u0449\u0438\u0439\u0441\u044f \u043a\u0430\u043f\u044e\u0448\u043e\u043d; \u0434\u0432\u0430 \u0431\u043e\u043a\u043e\u0432\u044b\u0445 \u043a\u0430\u0440\u043c\u0430\u043d\u0430 \u0438 \u043e\u0434\u0438\u043d \u043d\u0430\u0433\u0440\u0443\u0434\u043d\u044b\u0439 \u043a\u0430\u0440\u043c\u0430\u043d, \u0432\u0441\u0435 \u0437\u0430\u0441\u0442\u0451\u0433\u0438\u0432\u0430\u044e\u0442\u0441\u044f \u043d\u0430 \u043c\u043e\u043b\u043d\u0438\u044e; \u0434\u0432\u0430 \u0432\u043d\u0443\u0442\u0440\u0435\u043d\u043d\u0438\u0445 \u043a\u0430\u0440\u043c\u0430\u043d\u0430 \u043d\u0430 \u043c\u043e\u043b\u043d\u0438\u0438; \u0440\u0435\u0433\u0443\u043b\u0438\u0440\u0443\u0435\u043c\u044b\u0439 \u043d\u0438\u0437 \u043a\u0443\u0440\u0442\u043a\u0438 \u0441 \u0443\u0434\u043b\u0438\u043d\u0435\u043d\u043d\u043e\u0439 \u0441\u043f\u0438\u043d\u043a\u043e\u0439; \u0432\u0435\u043d\u0442\u0438\u043b\u044f\u0446\u0438\u043e\u043d\u043d\u044b\u0435 \u043e\u0442\u0432\u0435\u0440\u0441\u0442\u0438\u044f \u043f\u043e\u0434 \u043c\u044b\u0448\u043a\u0430\u043c\u0438 \u043d\u0430 \u043c\u043e\u043b\u043d\u0438\u0438; \u044d\u043b\u0430\u0441\u0442\u0438\u0447\u043d\u044b\u0435 \u043c\u0430\u043d\u0436\u0435\u0442\u044b...\" \/>\n<meta property=\"og:url\" content=\"https:\/\/stafit.ee\/ru\/tovar\/\u0437\u0438\u043c\u043d\u044f\u044f-\u043f\u0430\u0440\u043a\u0430-comfort-neo\/\" \/>\n<meta property=\"og:site_name\" content=\"Stafit O\u00dc\" \/>\n<meta property=\"article:modified_time\" content=\"2026-04-08T15:20:26+00:00\" \/>\n<meta property=\"og:image\" content=\"https:\/\/stafit.ee\/wp-content\/uploads\/2024\/10\/Comfort-Neo-winter-parka-1.jpg\" \/>\n\t<meta property=\"og:image:width\" content=\"1200\" \/>\n\t<meta property=\"og:image:height\" content=\"1200\" \/>\n\t<meta property=\"og:image:type\" content=\"image\/jpeg\" \/>\n<meta name=\"twitter:card\" content=\"summary_large_image\" \/>\n<script type=\"application\/ld+json\" class=\"yoast-schema-graph\">{\"@context\":\"https:\/\/schema.org\",\"@graph\":[{\"@type\":\"WebPage\",\"@id\":\"https:\/\/stafit.ee\/ru\/tovar\/%d0%b7%d0%b8%d0%bc%d0%bd%d1%8f%d1%8f-%d0%bf%d0%b0%d1%80%d0%ba%d0%b0-comfort-neo\/\",\"url\":\"https:\/\/stafit.ee\/ru\/tovar\/%d0%b7%d0%b8%d0%bc%d0%bd%d1%8f%d1%8f-%d0%bf%d0%b0%d1%80%d0%ba%d0%b0-comfort-neo\/\",\"name\":\"\u0417\u0438\u043c\u043d\u044f\u044f \u043f\u0430\u0440\u043a\u0430 COMFORT NEO - Stafit O\u00dc\",\"isPartOf\":{\"@id\":\"https:\/\/stafit.ee\/#website\"},\"primaryImageOfPage\":{\"@id\":\"https:\/\/stafit.ee\/ru\/tovar\/%d0%b7%d0%b8%d0%bc%d0%bd%d1%8f%d1%8f-%d0%bf%d0%b0%d1%80%d0%ba%d0%b0-comfort-neo\/#primaryimage\"},\"image\":{\"@id\":\"https:\/\/stafit.ee\/ru\/tovar\/%d0%b7%d0%b8%d0%bc%d0%bd%d1%8f%d1%8f-%d0%bf%d0%b0%d1%80%d0%ba%d0%b0-comfort-neo\/#primaryimage\"},\"thumbnailUrl\":\"https:\/\/stafit.ee\/wp-content\/uploads\/2024\/10\/Comfort-Neo-winter-parka-1.jpg\",\"datePublished\":\"2024-10-04T09:08:34+00:00\",\"dateModified\":\"2026-04-08T15:20:26+00:00\",\"breadcrumb\":{\"@id\":\"https:\/\/stafit.ee\/ru\/tovar\/%d0%b7%d0%b8%d0%bc%d0%bd%d1%8f%d1%8f-%d0%bf%d0%b0%d1%80%d0%ba%d0%b0-comfort-neo\/#breadcrumb\"},\"inLanguage\":\"ru-RU\",\"potentialAction\":[{\"@type\":\"ReadAction\",\"target\":[\"https:\/\/stafit.ee\/ru\/tovar\/%d0%b7%d0%b8%d0%bc%d0%bd%d1%8f%d1%8f-%d0%bf%d0%b0%d1%80%d0%ba%d0%b0-comfort-neo\/\"]}]},{\"@type\":\"ImageObject\",\"inLanguage\":\"ru-RU\",\"@id\":\"https:\/\/stafit.ee\/ru\/tovar\/%d0%b7%d0%b8%d0%bc%d0%bd%d1%8f%d1%8f-%d0%bf%d0%b0%d1%80%d0%ba%d0%b0-comfort-neo\/#primaryimage\",\"url\":\"https:\/\/stafit.ee\/wp-content\/uploads\/2024\/10\/Comfort-Neo-winter-parka-1.jpg\",\"contentUrl\":\"https:\/\/stafit.ee\/wp-content\/uploads\/2024\/10\/Comfort-Neo-winter-parka-1.jpg\",\"width\":1200,\"height\":1200},{\"@type\":\"BreadcrumbList\",\"@id\":\"https:\/\/stafit.ee\/ru\/tovar\/%d0%b7%d0%b8%d0%bc%d0%bd%d1%8f%d1%8f-%d0%bf%d0%b0%d1%80%d0%ba%d0%b0-comfort-neo\/#breadcrumb\",\"itemListElement\":[{\"@type\":\"ListItem\",\"position\":1,\"name\":\"Home\",\"item\":\"https:\/\/stafit.ee\/ru\/\"},{\"@type\":\"ListItem\",\"position\":2,\"name\":\"\u041c\u0430\u0433\u0430\u0437\u0438\u043d\",\"item\":\"https:\/\/stafit.ee\/ru\/pood\/\"},{\"@type\":\"ListItem\",\"position\":3,\"name\":\"\u0417\u0438\u043c\u043d\u044f\u044f \u043f\u0430\u0440\u043a\u0430 COMFORT NEO\"}]},{\"@type\":\"WebSite\",\"@id\":\"https:\/\/stafit.ee\/#website\",\"url\":\"https:\/\/stafit.ee\/\",\"name\":\"Stafit O\u00dc\",\"description\":\"T\u00f6\u00f6riete ja ohutusvahendite jae ja hulgim\u00fc\u00fck\",\"potentialAction\":[{\"@type\":\"SearchAction\",\"target\":{\"@type\":\"EntryPoint\",\"urlTemplate\":\"https:\/\/stafit.ee\/?s={search_term_string}\"},\"query-input\":{\"@type\":\"PropertyValueSpecification\",\"valueRequired\":true,\"valueName\":\"search_term_string\"}}],\"inLanguage\":\"ru-RU\"}]}<\/script>\n<!-- \/ Yoast SEO plugin. -->","yoast_head_json":{"title":"\u0417\u0438\u043c\u043d\u044f\u044f \u043f\u0430\u0440\u043a\u0430 COMFORT NEO - Stafit O\u00dc","robots":{"index":"index","follow":"follow","max-snippet":"max-snippet:-1","max-image-preview":"max-image-preview:large","max-video-preview":"max-video-preview:-1"},"canonical":"https:\/\/stafit.ee\/ru\/tovar\/\u0437\u0438\u043c\u043d\u044f\u044f-\u043f\u0430\u0440\u043a\u0430-comfort-neo\/","og_locale":"ru_RU","og_type":"article","og_title":"\u0417\u0438\u043c\u043d\u044f\u044f \u043f\u0430\u0440\u043a\u0430 COMFORT NEO - Stafit O\u00dc","og_description":"\u041c\u0430\u0442\u0435\u0440\u0438\u0430\u043b: 96% \u043f\u043e\u043b\u0438\u044d\u0441\u0442\u0435\u0440, 4% \u0441\u043f\u0430\u043d\u0434\u0435\u043a\u0441, 320 \u0433\/\u043c\u00b2. \u0418\u0434\u0435\u0430\u043b\u044c\u043d\u043e \u043f\u043e\u0434\u0445\u043e\u0434\u0438\u0442 \u0434\u043b\u044f \u0445\u043e\u043b\u043e\u0434\u043d\u043e\u0439 \u043f\u043e\u0433\u043e\u0434\u044b; \u0443\u0442\u0435\u043f\u043b\u0435\u043d\u0430 \u0444\u043b\u0438\u0441\u043e\u043c; \u043c\u043e\u043b\u043d\u0438\u044f \u0432\u043e \u0432\u0441\u044e \u0434\u043b\u0438\u043d\u0443 \u0441 \u0432\u0435\u0442\u0440\u043e\u0437\u0430\u0449\u0438\u0442\u043d\u043e\u0439 \u043f\u043b\u0430\u043d\u043a\u043e\u0439; \u0440\u0435\u0433\u0443\u043b\u0438\u0440\u0443\u0435\u043c\u044b\u0439 \u0438 \u043e\u0442\u0441\u0442\u0451\u0433\u0438\u0432\u0430\u044e\u0449\u0438\u0439\u0441\u044f \u043a\u0430\u043f\u044e\u0448\u043e\u043d; \u0434\u0432\u0430 \u0431\u043e\u043a\u043e\u0432\u044b\u0445 \u043a\u0430\u0440\u043c\u0430\u043d\u0430 \u0438 \u043e\u0434\u0438\u043d \u043d\u0430\u0433\u0440\u0443\u0434\u043d\u044b\u0439 \u043a\u0430\u0440\u043c\u0430\u043d, \u0432\u0441\u0435 \u0437\u0430\u0441\u0442\u0451\u0433\u0438\u0432\u0430\u044e\u0442\u0441\u044f \u043d\u0430 \u043c\u043e\u043b\u043d\u0438\u044e; \u0434\u0432\u0430 \u0432\u043d\u0443\u0442\u0440\u0435\u043d\u043d\u0438\u0445 \u043a\u0430\u0440\u043c\u0430\u043d\u0430 \u043d\u0430 \u043c\u043e\u043b\u043d\u0438\u0438; \u0440\u0435\u0433\u0443\u043b\u0438\u0440\u0443\u0435\u043c\u044b\u0439 \u043d\u0438\u0437 \u043a\u0443\u0440\u0442\u043a\u0438 \u0441 \u0443\u0434\u043b\u0438\u043d\u0435\u043d\u043d\u043e\u0439 \u0441\u043f\u0438\u043d\u043a\u043e\u0439; \u0432\u0435\u043d\u0442\u0438\u043b\u044f\u0446\u0438\u043e\u043d\u043d\u044b\u0435 \u043e\u0442\u0432\u0435\u0440\u0441\u0442\u0438\u044f \u043f\u043e\u0434 \u043c\u044b\u0448\u043a\u0430\u043c\u0438 \u043d\u0430 \u043c\u043e\u043b\u043d\u0438\u0438; \u044d\u043b\u0430\u0441\u0442\u0438\u0447\u043d\u044b\u0435 \u043c\u0430\u043d\u0436\u0435\u0442\u044b...","og_url":"https:\/\/stafit.ee\/ru\/tovar\/\u0437\u0438\u043c\u043d\u044f\u044f-\u043f\u0430\u0440\u043a\u0430-comfort-neo\/","og_site_name":"Stafit O\u00dc","article_modified_time":"2026-04-08T15:20:26+00:00","og_image":[{"width":1200,"height":1200,"url":"https:\/\/stafit.ee\/wp-content\/uploads\/2024\/10\/Comfort-Neo-winter-parka-1.jpg","type":"image\/jpeg"}],"twitter_card":"summary_large_image","schema":{"@context":"https:\/\/schema.org","@graph":[{"@type":"WebPage","@id":"https:\/\/stafit.ee\/ru\/tovar\/%d0%b7%d0%b8%d0%bc%d0%bd%d1%8f%d1%8f-%d0%bf%d0%b0%d1%80%d0%ba%d0%b0-comfort-neo\/","url":"https:\/\/stafit.ee\/ru\/tovar\/%d0%b7%d0%b8%d0%bc%d0%bd%d1%8f%d1%8f-%d0%bf%d0%b0%d1%80%d0%ba%d0%b0-comfort-neo\/","name":"\u0417\u0438\u043c\u043d\u044f\u044f \u043f\u0430\u0440\u043a\u0430 COMFORT NEO - Stafit O\u00dc","isPartOf":{"@id":"https:\/\/stafit.ee\/#website"},"primaryImageOfPage":{"@id":"https:\/\/stafit.ee\/ru\/tovar\/%d0%b7%d0%b8%d0%bc%d0%bd%d1%8f%d1%8f-%d0%bf%d0%b0%d1%80%d0%ba%d0%b0-comfort-neo\/#primaryimage"},"image":{"@id":"https:\/\/stafit.ee\/ru\/tovar\/%d0%b7%d0%b8%d0%bc%d0%bd%d1%8f%d1%8f-%d0%bf%d0%b0%d1%80%d0%ba%d0%b0-comfort-neo\/#primaryimage"},"thumbnailUrl":"https:\/\/stafit.ee\/wp-content\/uploads\/2024\/10\/Comfort-Neo-winter-parka-1.jpg","datePublished":"2024-10-04T09:08:34+00:00","dateModified":"2026-04-08T15:20:26+00:00","breadcrumb":{"@id":"https:\/\/stafit.ee\/ru\/tovar\/%d0%b7%d0%b8%d0%bc%d0%bd%d1%8f%d1%8f-%d0%bf%d0%b0%d1%80%d0%ba%d0%b0-comfort-neo\/#breadcrumb"},"inLanguage":"ru-RU","potentialAction":[{"@type":"ReadAction","target":["https:\/\/stafit.ee\/ru\/tovar\/%d0%b7%d0%b8%d0%bc%d0%bd%d1%8f%d1%8f-%d0%bf%d0%b0%d1%80%d0%ba%d0%b0-comfort-neo\/"]}]},{"@type":"ImageObject","inLanguage":"ru-RU","@id":"https:\/\/stafit.ee\/ru\/tovar\/%d0%b7%d0%b8%d0%bc%d0%bd%d1%8f%d1%8f-%d0%bf%d0%b0%d1%80%d0%ba%d0%b0-comfort-neo\/#primaryimage","url":"https:\/\/stafit.ee\/wp-content\/uploads\/2024\/10\/Comfort-Neo-winter-parka-1.jpg","contentUrl":"https:\/\/stafit.ee\/wp-content\/uploads\/2024\/10\/Comfort-Neo-winter-parka-1.jpg","width":1200,"height":1200},{"@type":"BreadcrumbList","@id":"https:\/\/stafit.ee\/ru\/tovar\/%d0%b7%d0%b8%d0%bc%d0%bd%d1%8f%d1%8f-%d0%bf%d0%b0%d1%80%d0%ba%d0%b0-comfort-neo\/#breadcrumb","itemListElement":[{"@type":"ListItem","position":1,"name":"Home","item":"https:\/\/stafit.ee\/ru\/"},{"@type":"ListItem","position":2,"name":"\u041c\u0430\u0433\u0430\u0437\u0438\u043d","item":"https:\/\/stafit.ee\/ru\/pood\/"},{"@type":"ListItem","position":3,"name":"\u0417\u0438\u043c\u043d\u044f\u044f \u043f\u0430\u0440\u043a\u0430 COMFORT NEO"}]},{"@type":"WebSite","@id":"https:\/\/stafit.ee\/#website","url":"https:\/\/stafit.ee\/","name":"Stafit O\u00dc","description":"T\u00f6\u00f6riete ja ohutusvahendite jae ja hulgim\u00fc\u00fck","potentialAction":[{"@type":"SearchAction","target":{"@type":"EntryPoint","urlTemplate":"https:\/\/stafit.ee\/?s={search_term_string}"},"query-input":{"@type":"PropertyValueSpecification","valueRequired":true,"valueName":"search_term_string"}}],"inLanguage":"ru-RU"}]}},"brands":[{"id":332,"name":"Sara workwear","slug":"sara-workwear"}],"_links":{"self":[{"href":"https:\/\/stafit.ee\/ru\/wp-json\/wp\/v2\/product\/68010","targetHints":{"allow":["GET"]}}],"collection":[{"href":"https:\/\/stafit.ee\/ru\/wp-json\/wp\/v2\/product"}],"about":[{"href":"https:\/\/stafit.ee\/ru\/wp-json\/wp\/v2\/types\/product"}],"wp:featuredmedia":[{"embeddable":true,"href":"https:\/\/stafit.ee\/ru\/wp-json\/wp\/v2\/media\/67977"}],"wp:attachment":[{"href":"https:\/\/stafit.ee\/ru\/wp-json\/wp\/v2\/media?parent=68010"}],"wp:term":[{"taxonomy":"pwb-brand","embeddable":true,"href":"https:\/\/stafit.ee\/ru\/wp-json\/wp\/v2\/pwb-brand?post=68010"},{"taxonomy":"product_brand","embeddable":true,"href":"https:\/\/stafit.ee\/ru\/wp-json\/wp\/v2\/product_brand?post=68010"},{"taxonomy":"product_cat","embeddable":true,"href":"https:\/\/stafit.ee\/ru\/wp-json\/wp\/v2\/product_cat?post=68010"},{"taxonomy":"product_tag","embeddable":true,"href":"https:\/\/stafit.ee\/ru\/wp-json\/wp\/v2\/product_tag?post=68010"}],"curies":[{"name":"wp","href":"https:\/\/api.w.org\/{rel}","templated":true}]}}