{"id":66392,"date":"2024-07-03T14:16:15","date_gmt":"2024-07-03T11:16:15","guid":{"rendered":"https:\/\/stafit.ee\/toode\/dassy-phoenix-%d0%b1%d1%80%d1%8e%d0%ba%d0%b8-%d0%b2%d1%8b%d1%81%d0%be%d0%ba%d0%be%d0%b9-%d0%b2%d0%b8%d0%b4%d0%b8%d0%bc%d0%be%d1%81%d1%82%d0%b8-%d1%81%d0%b8%d0%bd%d0%b8%d0%b9-hi-vis-%d0%b6%d1%91%d0%bb\/"},"modified":"2026-04-08T18:29:15","modified_gmt":"2026-04-08T15:29:15","slug":"dassy-phoenix-%d0%b1%d1%80%d1%8e%d0%ba%d0%b8-%d0%b2%d1%8b%d1%81%d0%be%d0%ba%d0%be%d0%b9-%d0%b2%d0%b8%d0%b4%d0%b8%d0%bc%d0%be%d1%81%d1%82%d0%b8-%d1%81%d0%b8%d0%bd%d0%b8%d0%b9-hi-vis-%d0%b6%d1%91%d0%bb","status":"publish","type":"product","link":"https:\/\/stafit.ee\/ru\/tovar\/dassy-phoenix-%d0%b1%d1%80%d1%8e%d0%ba%d0%b8-%d0%b2%d1%8b%d1%81%d0%be%d0%ba%d0%be%d0%b9-%d0%b2%d0%b8%d0%b4%d0%b8%d0%bc%d0%be%d1%81%d1%82%d0%b8-%d1%81%d0%b8%d0%bd%d0%b8%d0%b9-hi-vis-%d0%b6%d1%91%d0%bb\/","title":{"rendered":"DASSY PHOENIX \u0431\u0440\u044e\u043a\u0438 \u0432\u044b\u0441\u043e\u043a\u043e\u0439 \u0432\u0438\u0434\u0438\u043c\u043e\u0441\u0442\u0438 \u0441\u0438\u043d\u0438\u0439\/Hi-Vis \u0436\u0451\u043b\u0442\u044b\u0439"},"content":{"rendered":"<ul>\n<li><span lang=\"et-EE\">6<\/span>5% \u043f\u043e\u043b\u0438\u044d\u0441\u0442\u0435\u0440\/35% \u0445\u043b\u043e\u043f\u043e\u043a, +\/-300 \u0433\/\u043c<span lang=\"ru-RU\">\u00b2;<\/span><br \/>\nHiVis \u043c\u0430\u0442\u0435\u0440\u0438\u0430\u043b: 60% \u043f\u043e\u043b\u0438\u044d\u0441\u0442\u0435\u0440\/40% \u0445\u043b\u043e\u043f\u043e\u043a, +\/-290 \u0433\/\u043c<span lang=\"ru-RU\">\u00b2<\/span><span lang=\"et-EE\">.<\/span><\/li>\n<li><span lang=\"ru-RU\">\u0423<\/span>\u0441\u0438\u043b\u0435\u043d\u043d\u044b\u0435 \u043c\u0430\u0442\u0435\u0440\u0438\u0430\u043b\u043e\u043c Cordura\u00ae \u043a\u0430\u0440\u043c\u0430\u043d\u044b<\/li>\n<li>2 \u043f\u0435\u0440\u0435\u0434\u043d\u0438\u0445 \u043a\u0430\u0440\u043c\u0430\u043d\u0430<\/li>\n<li>\u0437\u0430\u0434\u043d\u0438\u0439 \u043a\u0430\u0440\u043c\u0430\u043d \u0441 \u043a\u043b\u0430\u043f\u0430\u043d\u043e\u043c<\/li>\n<li>\u043e\u0442\u043a\u0440\u044b\u0442\u044b\u0439 \u0437\u0430\u0434\u043d\u0438\u0439 \u043a\u0430\u0440\u043c\u0430\u043d<\/li>\n<li>\u043d\u0430\u0431\u0435\u0434\u0440\u0435\u043d\u043d\u044b\u0439 \u043a\u0430\u0440\u043c\u0430\u043d<\/li>\n<li>\u0434\u0435\u0440\u0436\u0430\u0442\u0435\u043b\u044c \u0434\u043b\u044f \u0440\u0443\u0447\u043a\u0438<\/li>\n<li>\u043a\u0430\u0440\u043c\u0430\u043d \u0434\u043b\u044f \u043b\u0438\u043d\u0435\u0439\u043a\u0438<\/li>\n<li>\u043a\u0430\u0440\u043c\u0430\u043d \u0434\u043b\u044f \u043d\u043e\u0436\u0430<\/li>\n<li>\u043a\u0430\u0440\u043c\u0430\u043d \u0434\u043b\u044f \u043c\u043e\u0431\u0438\u043b\u044c\u043d\u043e\u0433\u043e \u0442\u0435\u043b\u0435\u0444\u043e\u043d\u0430<\/li>\n<li>\u043f\u043e\u0442\u0430\u0439\u043d\u043e\u0439 \u043a\u0430\u0440\u043c\u0430\u043d \u043d\u0430 \u043c\u043e\u043b\u043d\u0438\u0438<\/li>\n<li>\u0441\u0432\u0435\u0442\u043e\u043e\u0442\u0440\u0430\u0436\u0430\u044e\u0449\u0438\u0435 \u043b\u0435\u043d\u0442\u044b 70 \u043c\u043c<\/li>\n<li>\u0440\u0435\u0433\u0443\u043b\u0438\u0440\u0443\u0435\u043c\u044b\u0439 \u0441\u0437\u0430\u0434\u0438 \u043f\u043e\u044f\u0441<\/li>\n<li>\u0441\u0442\u0430\u043d\u0434\u0430\u0440\u0442\u043d\u044b\u0439 \u043f\u043e\u043a\u0440\u043e\u0439<\/li>\n<li>\u0441\u0442\u0430\u043d\u0434\u0430\u0440\u0442\u043d\u044b\u0439 \u043e\u0431\u044a\u0451\u043c \u0442\u0430\u043b\u0438\u0438<\/li>\n<li>\u0442\u0440\u043e\u0439\u043d\u0430\u044f \u0441\u0442\u0440\u043e\u0447\u043a\u0430<\/li>\n<li>\u043a\u043e\u043d\u0442\u0440\u0430\u0441\u0442\u043d\u044b\u0435 \u0448\u0432\u044b<\/li>\n<li>\u0437\u0430\u043f\u0430\u0441 \u0434\u043b\u044f \u0443\u0434\u043b\u0438\u043d\u0435\u043d\u0438\u044f 5 \u0441\u043c<\/li>\n<\/ul>\n","protected":false},"excerpt":{"rendered":"<p>65% \u043f\u043e\u043b\u0438\u044d\u0441\u0442\u0435\u0440\/35% \u0445\u043b\u043e\u043f\u043e\u043a, +\/-300 \u0433\/\u043c\u00b2; HiVis \u043c\u0430\u0442\u0435\u0440\u0438\u0430\u043b: 60% \u043f\u043e\u043b\u0438\u044d\u0441\u0442\u0435\u0440\/40% \u0445\u043b\u043e\u043f\u043e\u043a, +\/-290 \u0433\/\u043c\u00b2. \u0423\u0441\u0438\u043b\u0435\u043d\u043d\u044b\u0435 \u043c\u0430\u0442\u0435\u0440\u0438\u0430\u043b\u043e\u043c Cordura\u00ae \u043a\u0430\u0440\u043c\u0430\u043d\u044b 2 \u043f\u0435\u0440\u0435\u0434\u043d\u0438\u0445 \u043a\u0430\u0440\u043c\u0430\u043d\u0430 \u0437\u0430\u0434\u043d\u0438\u0439 \u043a\u0430\u0440\u043c\u0430\u043d \u0441 \u043a\u043b\u0430\u043f\u0430\u043d\u043e\u043c \u043e\u0442\u043a\u0440\u044b\u0442\u044b\u0439 \u0437\u0430\u0434\u043d\u0438\u0439 \u043a\u0430\u0440\u043c\u0430\u043d \u043d\u0430\u0431\u0435\u0434\u0440\u0435\u043d\u043d\u044b\u0439 \u043a\u0430\u0440\u043c\u0430\u043d \u0434\u0435\u0440\u0436\u0430\u0442\u0435\u043b\u044c \u0434\u043b\u044f \u0440\u0443\u0447\u043a\u0438 \u043a\u0430\u0440\u043c\u0430\u043d \u0434\u043b\u044f \u043b\u0438\u043d\u0435\u0439\u043a\u0438 \u043a\u0430\u0440\u043c\u0430\u043d \u0434\u043b\u044f \u043d\u043e\u0436\u0430 \u043a\u0430\u0440\u043c\u0430\u043d \u0434\u043b\u044f \u043c\u043e\u0431\u0438\u043b\u044c\u043d\u043e\u0433\u043e \u0442\u0435\u043b\u0435\u0444\u043e\u043d\u0430 \u043f\u043e\u0442\u0430\u0439\u043d\u043e\u0439 \u043a\u0430\u0440\u043c\u0430\u043d \u043d\u0430 \u043c\u043e\u043b\u043d\u0438\u0438 \u0441\u0432\u0435\u0442\u043e\u043e\u0442\u0440\u0430\u0436\u0430\u044e\u0449\u0438\u0435 \u043b\u0435\u043d\u0442\u044b 70 \u043c\u043c \u0440\u0435\u0433\u0443\u043b\u0438\u0440\u0443\u0435\u043c\u044b\u0439 \u0441\u0437\u0430\u0434\u0438 \u043f\u043e\u044f\u0441 \u0441\u0442\u0430\u043d\u0434\u0430\u0440\u0442\u043d\u044b\u0439 \u043f\u043e\u043a\u0440\u043e\u0439 \u0441\u0442\u0430\u043d\u0434\u0430\u0440\u0442\u043d\u044b\u0439&#8230;<\/p>\n","protected":false},"featured_media":66381,"template":"","meta":[],"pwb-brand":[242],"product_brand":[],"product_cat":[2383,942],"product_tag":[],"class_list":{"0":"post-66392","1":"product","2":"type-product","3":"status-publish","4":"has-post-thumbnail","6":"pwb-brand-dassy","7":"product_cat-outlet-ru","8":"product_cat-942","10":"first","11":"instock","12":"taxable","13":"shipping-taxable","14":"purchasable","15":"product-type-variable"},"yoast_head":"<!-- This site is optimized with the Yoast SEO plugin v27.0 - https:\/\/yoast.com\/product\/yoast-seo-wordpress\/ -->\n<title>DASSY PHOENIX \u0431\u0440\u044e\u043a\u0438 \u0432\u044b\u0441\u043e\u043a\u043e\u0439 \u0432\u0438\u0434\u0438\u043c\u043e\u0441\u0442\u0438 \u0441\u0438\u043d\u0438\u0439\/Hi-Vis \u0436\u0451\u043b\u0442\u044b\u0439 - Stafit O\u00dc<\/title>\n<meta name=\"robots\" content=\"index, follow, max-snippet:-1, max-image-preview:large, max-video-preview:-1\" \/>\n<link rel=\"canonical\" href=\"https:\/\/stafit.ee\/ru\/tovar\/dassy-phoenix-\u0431\u0440\u044e\u043a\u0438-\u0432\u044b\u0441\u043e\u043a\u043e\u0439-\u0432\u0438\u0434\u0438\u043c\u043e\u0441\u0442\u0438-\u0441\u0438\u043d\u0438\u0439-hi-vis-\u0436\u0451\u043b\/\" \/>\n<meta property=\"og:locale\" content=\"ru_RU\" \/>\n<meta property=\"og:type\" content=\"article\" \/>\n<meta property=\"og:title\" content=\"DASSY PHOENIX \u0431\u0440\u044e\u043a\u0438 \u0432\u044b\u0441\u043e\u043a\u043e\u0439 \u0432\u0438\u0434\u0438\u043c\u043e\u0441\u0442\u0438 \u0441\u0438\u043d\u0438\u0439\/Hi-Vis \u0436\u0451\u043b\u0442\u044b\u0439 - Stafit O\u00dc\" \/>\n<meta property=\"og:description\" content=\"65% \u043f\u043e\u043b\u0438\u044d\u0441\u0442\u0435\u0440\/35% \u0445\u043b\u043e\u043f\u043e\u043a, +\/-300 \u0433\/\u043c\u00b2; HiVis \u043c\u0430\u0442\u0435\u0440\u0438\u0430\u043b: 60% \u043f\u043e\u043b\u0438\u044d\u0441\u0442\u0435\u0440\/40% \u0445\u043b\u043e\u043f\u043e\u043a, +\/-290 \u0433\/\u043c\u00b2. \u0423\u0441\u0438\u043b\u0435\u043d\u043d\u044b\u0435 \u043c\u0430\u0442\u0435\u0440\u0438\u0430\u043b\u043e\u043c Cordura\u00ae \u043a\u0430\u0440\u043c\u0430\u043d\u044b 2 \u043f\u0435\u0440\u0435\u0434\u043d\u0438\u0445 \u043a\u0430\u0440\u043c\u0430\u043d\u0430 \u0437\u0430\u0434\u043d\u0438\u0439 \u043a\u0430\u0440\u043c\u0430\u043d \u0441 \u043a\u043b\u0430\u043f\u0430\u043d\u043e\u043c \u043e\u0442\u043a\u0440\u044b\u0442\u044b\u0439 \u0437\u0430\u0434\u043d\u0438\u0439 \u043a\u0430\u0440\u043c\u0430\u043d \u043d\u0430\u0431\u0435\u0434\u0440\u0435\u043d\u043d\u044b\u0439 \u043a\u0430\u0440\u043c\u0430\u043d \u0434\u0435\u0440\u0436\u0430\u0442\u0435\u043b\u044c \u0434\u043b\u044f \u0440\u0443\u0447\u043a\u0438 \u043a\u0430\u0440\u043c\u0430\u043d \u0434\u043b\u044f \u043b\u0438\u043d\u0435\u0439\u043a\u0438 \u043a\u0430\u0440\u043c\u0430\u043d \u0434\u043b\u044f \u043d\u043e\u0436\u0430 \u043a\u0430\u0440\u043c\u0430\u043d \u0434\u043b\u044f \u043c\u043e\u0431\u0438\u043b\u044c\u043d\u043e\u0433\u043e \u0442\u0435\u043b\u0435\u0444\u043e\u043d\u0430 \u043f\u043e\u0442\u0430\u0439\u043d\u043e\u0439 \u043a\u0430\u0440\u043c\u0430\u043d \u043d\u0430 \u043c\u043e\u043b\u043d\u0438\u0438 \u0441\u0432\u0435\u0442\u043e\u043e\u0442\u0440\u0430\u0436\u0430\u044e\u0449\u0438\u0435 \u043b\u0435\u043d\u0442\u044b 70 \u043c\u043c \u0440\u0435\u0433\u0443\u043b\u0438\u0440\u0443\u0435\u043c\u044b\u0439 \u0441\u0437\u0430\u0434\u0438 \u043f\u043e\u044f\u0441 \u0441\u0442\u0430\u043d\u0434\u0430\u0440\u0442\u043d\u044b\u0439 \u043f\u043e\u043a\u0440\u043e\u0439 \u0441\u0442\u0430\u043d\u0434\u0430\u0440\u0442\u043d\u044b\u0439...\" \/>\n<meta property=\"og:url\" content=\"https:\/\/stafit.ee\/ru\/tovar\/dassy-phoenix-\u0431\u0440\u044e\u043a\u0438-\u0432\u044b\u0441\u043e\u043a\u043e\u0439-\u0432\u0438\u0434\u0438\u043c\u043e\u0441\u0442\u0438-\u0441\u0438\u043d\u0438\u0439-hi-vis-\u0436\u0451\u043b\/\" \/>\n<meta property=\"og:site_name\" content=\"Stafit O\u00dc\" \/>\n<meta property=\"article:modified_time\" content=\"2026-04-08T15:29:15+00:00\" \/>\n<meta property=\"og:image\" content=\"https:\/\/stafit.ee\/wp-content\/uploads\/2024\/07\/phoenix-blue-yellow-1.jpg\" \/>\n\t<meta property=\"og:image:width\" content=\"2000\" \/>\n\t<meta property=\"og:image:height\" content=\"2000\" \/>\n\t<meta property=\"og:image:type\" content=\"image\/jpeg\" \/>\n<meta name=\"twitter:card\" content=\"summary_large_image\" \/>\n<script type=\"application\/ld+json\" class=\"yoast-schema-graph\">{\"@context\":\"https:\/\/schema.org\",\"@graph\":[{\"@type\":\"WebPage\",\"@id\":\"https:\/\/stafit.ee\/ru\/tovar\/dassy-phoenix-%d0%b1%d1%80%d1%8e%d0%ba%d0%b8-%d0%b2%d1%8b%d1%81%d0%be%d0%ba%d0%be%d0%b9-%d0%b2%d0%b8%d0%b4%d0%b8%d0%bc%d0%be%d1%81%d1%82%d0%b8-%d1%81%d0%b8%d0%bd%d0%b8%d0%b9-hi-vis-%d0%b6%d1%91%d0%bb\/\",\"url\":\"https:\/\/stafit.ee\/ru\/tovar\/dassy-phoenix-%d0%b1%d1%80%d1%8e%d0%ba%d0%b8-%d0%b2%d1%8b%d1%81%d0%be%d0%ba%d0%be%d0%b9-%d0%b2%d0%b8%d0%b4%d0%b8%d0%bc%d0%be%d1%81%d1%82%d0%b8-%d1%81%d0%b8%d0%bd%d0%b8%d0%b9-hi-vis-%d0%b6%d1%91%d0%bb\/\",\"name\":\"DASSY PHOENIX \u0431\u0440\u044e\u043a\u0438 \u0432\u044b\u0441\u043e\u043a\u043e\u0439 \u0432\u0438\u0434\u0438\u043c\u043e\u0441\u0442\u0438 \u0441\u0438\u043d\u0438\u0439\/Hi-Vis \u0436\u0451\u043b\u0442\u044b\u0439 - Stafit O\u00dc\",\"isPartOf\":{\"@id\":\"https:\/\/stafit.ee\/#website\"},\"primaryImageOfPage\":{\"@id\":\"https:\/\/stafit.ee\/ru\/tovar\/dassy-phoenix-%d0%b1%d1%80%d1%8e%d0%ba%d0%b8-%d0%b2%d1%8b%d1%81%d0%be%d0%ba%d0%be%d0%b9-%d0%b2%d0%b8%d0%b4%d0%b8%d0%bc%d0%be%d1%81%d1%82%d0%b8-%d1%81%d0%b8%d0%bd%d0%b8%d0%b9-hi-vis-%d0%b6%d1%91%d0%bb\/#primaryimage\"},\"image\":{\"@id\":\"https:\/\/stafit.ee\/ru\/tovar\/dassy-phoenix-%d0%b1%d1%80%d1%8e%d0%ba%d0%b8-%d0%b2%d1%8b%d1%81%d0%be%d0%ba%d0%be%d0%b9-%d0%b2%d0%b8%d0%b4%d0%b8%d0%bc%d0%be%d1%81%d1%82%d0%b8-%d1%81%d0%b8%d0%bd%d0%b8%d0%b9-hi-vis-%d0%b6%d1%91%d0%bb\/#primaryimage\"},\"thumbnailUrl\":\"https:\/\/stafit.ee\/wp-content\/uploads\/2024\/07\/phoenix-blue-yellow-1.jpg\",\"datePublished\":\"2024-07-03T11:16:15+00:00\",\"dateModified\":\"2026-04-08T15:29:15+00:00\",\"breadcrumb\":{\"@id\":\"https:\/\/stafit.ee\/ru\/tovar\/dassy-phoenix-%d0%b1%d1%80%d1%8e%d0%ba%d0%b8-%d0%b2%d1%8b%d1%81%d0%be%d0%ba%d0%be%d0%b9-%d0%b2%d0%b8%d0%b4%d0%b8%d0%bc%d0%be%d1%81%d1%82%d0%b8-%d1%81%d0%b8%d0%bd%d0%b8%d0%b9-hi-vis-%d0%b6%d1%91%d0%bb\/#breadcrumb\"},\"inLanguage\":\"ru-RU\",\"potentialAction\":[{\"@type\":\"ReadAction\",\"target\":[\"https:\/\/stafit.ee\/ru\/tovar\/dassy-phoenix-%d0%b1%d1%80%d1%8e%d0%ba%d0%b8-%d0%b2%d1%8b%d1%81%d0%be%d0%ba%d0%be%d0%b9-%d0%b2%d0%b8%d0%b4%d0%b8%d0%bc%d0%be%d1%81%d1%82%d0%b8-%d1%81%d0%b8%d0%bd%d0%b8%d0%b9-hi-vis-%d0%b6%d1%91%d0%bb\/\"]}]},{\"@type\":\"ImageObject\",\"inLanguage\":\"ru-RU\",\"@id\":\"https:\/\/stafit.ee\/ru\/tovar\/dassy-phoenix-%d0%b1%d1%80%d1%8e%d0%ba%d0%b8-%d0%b2%d1%8b%d1%81%d0%be%d0%ba%d0%be%d0%b9-%d0%b2%d0%b8%d0%b4%d0%b8%d0%bc%d0%be%d1%81%d1%82%d0%b8-%d1%81%d0%b8%d0%bd%d0%b8%d0%b9-hi-vis-%d0%b6%d1%91%d0%bb\/#primaryimage\",\"url\":\"https:\/\/stafit.ee\/wp-content\/uploads\/2024\/07\/phoenix-blue-yellow-1.jpg\",\"contentUrl\":\"https:\/\/stafit.ee\/wp-content\/uploads\/2024\/07\/phoenix-blue-yellow-1.jpg\",\"width\":2000,\"height\":2000},{\"@type\":\"BreadcrumbList\",\"@id\":\"https:\/\/stafit.ee\/ru\/tovar\/dassy-phoenix-%d0%b1%d1%80%d1%8e%d0%ba%d0%b8-%d0%b2%d1%8b%d1%81%d0%be%d0%ba%d0%be%d0%b9-%d0%b2%d0%b8%d0%b4%d0%b8%d0%bc%d0%be%d1%81%d1%82%d0%b8-%d1%81%d0%b8%d0%bd%d0%b8%d0%b9-hi-vis-%d0%b6%d1%91%d0%bb\/#breadcrumb\",\"itemListElement\":[{\"@type\":\"ListItem\",\"position\":1,\"name\":\"Home\",\"item\":\"https:\/\/stafit.ee\/ru\/\"},{\"@type\":\"ListItem\",\"position\":2,\"name\":\"\u041c\u0430\u0433\u0430\u0437\u0438\u043d\",\"item\":\"https:\/\/stafit.ee\/ru\/pood\/\"},{\"@type\":\"ListItem\",\"position\":3,\"name\":\"DASSY PHOENIX \u0431\u0440\u044e\u043a\u0438 \u0432\u044b\u0441\u043e\u043a\u043e\u0439 \u0432\u0438\u0434\u0438\u043c\u043e\u0441\u0442\u0438 \u0441\u0438\u043d\u0438\u0439\/Hi-Vis \u0436\u0451\u043b\u0442\u044b\u0439\"}]},{\"@type\":\"WebSite\",\"@id\":\"https:\/\/stafit.ee\/#website\",\"url\":\"https:\/\/stafit.ee\/\",\"name\":\"Stafit O\u00dc\",\"description\":\"T\u00f6\u00f6riete ja ohutusvahendite jae ja hulgim\u00fc\u00fck\",\"potentialAction\":[{\"@type\":\"SearchAction\",\"target\":{\"@type\":\"EntryPoint\",\"urlTemplate\":\"https:\/\/stafit.ee\/?s={search_term_string}\"},\"query-input\":{\"@type\":\"PropertyValueSpecification\",\"valueRequired\":true,\"valueName\":\"search_term_string\"}}],\"inLanguage\":\"ru-RU\"}]}<\/script>\n<!-- \/ Yoast SEO plugin. -->","yoast_head_json":{"title":"DASSY PHOENIX \u0431\u0440\u044e\u043a\u0438 \u0432\u044b\u0441\u043e\u043a\u043e\u0439 \u0432\u0438\u0434\u0438\u043c\u043e\u0441\u0442\u0438 \u0441\u0438\u043d\u0438\u0439\/Hi-Vis \u0436\u0451\u043b\u0442\u044b\u0439 - Stafit O\u00dc","robots":{"index":"index","follow":"follow","max-snippet":"max-snippet:-1","max-image-preview":"max-image-preview:large","max-video-preview":"max-video-preview:-1"},"canonical":"https:\/\/stafit.ee\/ru\/tovar\/dassy-phoenix-\u0431\u0440\u044e\u043a\u0438-\u0432\u044b\u0441\u043e\u043a\u043e\u0439-\u0432\u0438\u0434\u0438\u043c\u043e\u0441\u0442\u0438-\u0441\u0438\u043d\u0438\u0439-hi-vis-\u0436\u0451\u043b\/","og_locale":"ru_RU","og_type":"article","og_title":"DASSY PHOENIX \u0431\u0440\u044e\u043a\u0438 \u0432\u044b\u0441\u043e\u043a\u043e\u0439 \u0432\u0438\u0434\u0438\u043c\u043e\u0441\u0442\u0438 \u0441\u0438\u043d\u0438\u0439\/Hi-Vis \u0436\u0451\u043b\u0442\u044b\u0439 - Stafit O\u00dc","og_description":"65% \u043f\u043e\u043b\u0438\u044d\u0441\u0442\u0435\u0440\/35% \u0445\u043b\u043e\u043f\u043e\u043a, +\/-300 \u0433\/\u043c\u00b2; HiVis \u043c\u0430\u0442\u0435\u0440\u0438\u0430\u043b: 60% \u043f\u043e\u043b\u0438\u044d\u0441\u0442\u0435\u0440\/40% \u0445\u043b\u043e\u043f\u043e\u043a, +\/-290 \u0433\/\u043c\u00b2. \u0423\u0441\u0438\u043b\u0435\u043d\u043d\u044b\u0435 \u043c\u0430\u0442\u0435\u0440\u0438\u0430\u043b\u043e\u043c Cordura\u00ae \u043a\u0430\u0440\u043c\u0430\u043d\u044b 2 \u043f\u0435\u0440\u0435\u0434\u043d\u0438\u0445 \u043a\u0430\u0440\u043c\u0430\u043d\u0430 \u0437\u0430\u0434\u043d\u0438\u0439 \u043a\u0430\u0440\u043c\u0430\u043d \u0441 \u043a\u043b\u0430\u043f\u0430\u043d\u043e\u043c \u043e\u0442\u043a\u0440\u044b\u0442\u044b\u0439 \u0437\u0430\u0434\u043d\u0438\u0439 \u043a\u0430\u0440\u043c\u0430\u043d \u043d\u0430\u0431\u0435\u0434\u0440\u0435\u043d\u043d\u044b\u0439 \u043a\u0430\u0440\u043c\u0430\u043d \u0434\u0435\u0440\u0436\u0430\u0442\u0435\u043b\u044c \u0434\u043b\u044f \u0440\u0443\u0447\u043a\u0438 \u043a\u0430\u0440\u043c\u0430\u043d \u0434\u043b\u044f \u043b\u0438\u043d\u0435\u0439\u043a\u0438 \u043a\u0430\u0440\u043c\u0430\u043d \u0434\u043b\u044f \u043d\u043e\u0436\u0430 \u043a\u0430\u0440\u043c\u0430\u043d \u0434\u043b\u044f \u043c\u043e\u0431\u0438\u043b\u044c\u043d\u043e\u0433\u043e \u0442\u0435\u043b\u0435\u0444\u043e\u043d\u0430 \u043f\u043e\u0442\u0430\u0439\u043d\u043e\u0439 \u043a\u0430\u0440\u043c\u0430\u043d \u043d\u0430 \u043c\u043e\u043b\u043d\u0438\u0438 \u0441\u0432\u0435\u0442\u043e\u043e\u0442\u0440\u0430\u0436\u0430\u044e\u0449\u0438\u0435 \u043b\u0435\u043d\u0442\u044b 70 \u043c\u043c \u0440\u0435\u0433\u0443\u043b\u0438\u0440\u0443\u0435\u043c\u044b\u0439 \u0441\u0437\u0430\u0434\u0438 \u043f\u043e\u044f\u0441 \u0441\u0442\u0430\u043d\u0434\u0430\u0440\u0442\u043d\u044b\u0439 \u043f\u043e\u043a\u0440\u043e\u0439 \u0441\u0442\u0430\u043d\u0434\u0430\u0440\u0442\u043d\u044b\u0439...","og_url":"https:\/\/stafit.ee\/ru\/tovar\/dassy-phoenix-\u0431\u0440\u044e\u043a\u0438-\u0432\u044b\u0441\u043e\u043a\u043e\u0439-\u0432\u0438\u0434\u0438\u043c\u043e\u0441\u0442\u0438-\u0441\u0438\u043d\u0438\u0439-hi-vis-\u0436\u0451\u043b\/","og_site_name":"Stafit O\u00dc","article_modified_time":"2026-04-08T15:29:15+00:00","og_image":[{"width":2000,"height":2000,"url":"https:\/\/stafit.ee\/wp-content\/uploads\/2024\/07\/phoenix-blue-yellow-1.jpg","type":"image\/jpeg"}],"twitter_card":"summary_large_image","schema":{"@context":"https:\/\/schema.org","@graph":[{"@type":"WebPage","@id":"https:\/\/stafit.ee\/ru\/tovar\/dassy-phoenix-%d0%b1%d1%80%d1%8e%d0%ba%d0%b8-%d0%b2%d1%8b%d1%81%d0%be%d0%ba%d0%be%d0%b9-%d0%b2%d0%b8%d0%b4%d0%b8%d0%bc%d0%be%d1%81%d1%82%d0%b8-%d1%81%d0%b8%d0%bd%d0%b8%d0%b9-hi-vis-%d0%b6%d1%91%d0%bb\/","url":"https:\/\/stafit.ee\/ru\/tovar\/dassy-phoenix-%d0%b1%d1%80%d1%8e%d0%ba%d0%b8-%d0%b2%d1%8b%d1%81%d0%be%d0%ba%d0%be%d0%b9-%d0%b2%d0%b8%d0%b4%d0%b8%d0%bc%d0%be%d1%81%d1%82%d0%b8-%d1%81%d0%b8%d0%bd%d0%b8%d0%b9-hi-vis-%d0%b6%d1%91%d0%bb\/","name":"DASSY PHOENIX \u0431\u0440\u044e\u043a\u0438 \u0432\u044b\u0441\u043e\u043a\u043e\u0439 \u0432\u0438\u0434\u0438\u043c\u043e\u0441\u0442\u0438 \u0441\u0438\u043d\u0438\u0439\/Hi-Vis \u0436\u0451\u043b\u0442\u044b\u0439 - Stafit O\u00dc","isPartOf":{"@id":"https:\/\/stafit.ee\/#website"},"primaryImageOfPage":{"@id":"https:\/\/stafit.ee\/ru\/tovar\/dassy-phoenix-%d0%b1%d1%80%d1%8e%d0%ba%d0%b8-%d0%b2%d1%8b%d1%81%d0%be%d0%ba%d0%be%d0%b9-%d0%b2%d0%b8%d0%b4%d0%b8%d0%bc%d0%be%d1%81%d1%82%d0%b8-%d1%81%d0%b8%d0%bd%d0%b8%d0%b9-hi-vis-%d0%b6%d1%91%d0%bb\/#primaryimage"},"image":{"@id":"https:\/\/stafit.ee\/ru\/tovar\/dassy-phoenix-%d0%b1%d1%80%d1%8e%d0%ba%d0%b8-%d0%b2%d1%8b%d1%81%d0%be%d0%ba%d0%be%d0%b9-%d0%b2%d0%b8%d0%b4%d0%b8%d0%bc%d0%be%d1%81%d1%82%d0%b8-%d1%81%d0%b8%d0%bd%d0%b8%d0%b9-hi-vis-%d0%b6%d1%91%d0%bb\/#primaryimage"},"thumbnailUrl":"https:\/\/stafit.ee\/wp-content\/uploads\/2024\/07\/phoenix-blue-yellow-1.jpg","datePublished":"2024-07-03T11:16:15+00:00","dateModified":"2026-04-08T15:29:15+00:00","breadcrumb":{"@id":"https:\/\/stafit.ee\/ru\/tovar\/dassy-phoenix-%d0%b1%d1%80%d1%8e%d0%ba%d0%b8-%d0%b2%d1%8b%d1%81%d0%be%d0%ba%d0%be%d0%b9-%d0%b2%d0%b8%d0%b4%d0%b8%d0%bc%d0%be%d1%81%d1%82%d0%b8-%d1%81%d0%b8%d0%bd%d0%b8%d0%b9-hi-vis-%d0%b6%d1%91%d0%bb\/#breadcrumb"},"inLanguage":"ru-RU","potentialAction":[{"@type":"ReadAction","target":["https:\/\/stafit.ee\/ru\/tovar\/dassy-phoenix-%d0%b1%d1%80%d1%8e%d0%ba%d0%b8-%d0%b2%d1%8b%d1%81%d0%be%d0%ba%d0%be%d0%b9-%d0%b2%d0%b8%d0%b4%d0%b8%d0%bc%d0%be%d1%81%d1%82%d0%b8-%d1%81%d0%b8%d0%bd%d0%b8%d0%b9-hi-vis-%d0%b6%d1%91%d0%bb\/"]}]},{"@type":"ImageObject","inLanguage":"ru-RU","@id":"https:\/\/stafit.ee\/ru\/tovar\/dassy-phoenix-%d0%b1%d1%80%d1%8e%d0%ba%d0%b8-%d0%b2%d1%8b%d1%81%d0%be%d0%ba%d0%be%d0%b9-%d0%b2%d0%b8%d0%b4%d0%b8%d0%bc%d0%be%d1%81%d1%82%d0%b8-%d1%81%d0%b8%d0%bd%d0%b8%d0%b9-hi-vis-%d0%b6%d1%91%d0%bb\/#primaryimage","url":"https:\/\/stafit.ee\/wp-content\/uploads\/2024\/07\/phoenix-blue-yellow-1.jpg","contentUrl":"https:\/\/stafit.ee\/wp-content\/uploads\/2024\/07\/phoenix-blue-yellow-1.jpg","width":2000,"height":2000},{"@type":"BreadcrumbList","@id":"https:\/\/stafit.ee\/ru\/tovar\/dassy-phoenix-%d0%b1%d1%80%d1%8e%d0%ba%d0%b8-%d0%b2%d1%8b%d1%81%d0%be%d0%ba%d0%be%d0%b9-%d0%b2%d0%b8%d0%b4%d0%b8%d0%bc%d0%be%d1%81%d1%82%d0%b8-%d1%81%d0%b8%d0%bd%d0%b8%d0%b9-hi-vis-%d0%b6%d1%91%d0%bb\/#breadcrumb","itemListElement":[{"@type":"ListItem","position":1,"name":"Home","item":"https:\/\/stafit.ee\/ru\/"},{"@type":"ListItem","position":2,"name":"\u041c\u0430\u0433\u0430\u0437\u0438\u043d","item":"https:\/\/stafit.ee\/ru\/pood\/"},{"@type":"ListItem","position":3,"name":"DASSY PHOENIX \u0431\u0440\u044e\u043a\u0438 \u0432\u044b\u0441\u043e\u043a\u043e\u0439 \u0432\u0438\u0434\u0438\u043c\u043e\u0441\u0442\u0438 \u0441\u0438\u043d\u0438\u0439\/Hi-Vis \u0436\u0451\u043b\u0442\u044b\u0439"}]},{"@type":"WebSite","@id":"https:\/\/stafit.ee\/#website","url":"https:\/\/stafit.ee\/","name":"Stafit O\u00dc","description":"T\u00f6\u00f6riete ja ohutusvahendite jae ja hulgim\u00fc\u00fck","potentialAction":[{"@type":"SearchAction","target":{"@type":"EntryPoint","urlTemplate":"https:\/\/stafit.ee\/?s={search_term_string}"},"query-input":{"@type":"PropertyValueSpecification","valueRequired":true,"valueName":"search_term_string"}}],"inLanguage":"ru-RU"}]}},"brands":[{"id":242,"name":"Dassy","slug":"dassy"}],"_links":{"self":[{"href":"https:\/\/stafit.ee\/ru\/wp-json\/wp\/v2\/product\/66392","targetHints":{"allow":["GET"]}}],"collection":[{"href":"https:\/\/stafit.ee\/ru\/wp-json\/wp\/v2\/product"}],"about":[{"href":"https:\/\/stafit.ee\/ru\/wp-json\/wp\/v2\/types\/product"}],"wp:featuredmedia":[{"embeddable":true,"href":"https:\/\/stafit.ee\/ru\/wp-json\/wp\/v2\/media\/66381"}],"wp:attachment":[{"href":"https:\/\/stafit.ee\/ru\/wp-json\/wp\/v2\/media?parent=66392"}],"wp:term":[{"taxonomy":"pwb-brand","embeddable":true,"href":"https:\/\/stafit.ee\/ru\/wp-json\/wp\/v2\/pwb-brand?post=66392"},{"taxonomy":"product_brand","embeddable":true,"href":"https:\/\/stafit.ee\/ru\/wp-json\/wp\/v2\/product_brand?post=66392"},{"taxonomy":"product_cat","embeddable":true,"href":"https:\/\/stafit.ee\/ru\/wp-json\/wp\/v2\/product_cat?post=66392"},{"taxonomy":"product_tag","embeddable":true,"href":"https:\/\/stafit.ee\/ru\/wp-json\/wp\/v2\/product_tag?post=66392"}],"curies":[{"name":"wp","href":"https:\/\/api.w.org\/{rel}","templated":true}]}}