{"id":64201,"date":"2024-03-18T12:04:24","date_gmt":"2024-03-18T10:04:24","guid":{"rendered":"https:\/\/stafit.ee\/toode\/%d0%bd%d0%b0%d1%83%d1%88%d0%bd%d0%b8%d0%ba%d0%b8-%d0%bd%d0%b0-%d0%ba%d0%b0%d1%81%d0%ba%d1%83-peltor-optime-iii\/"},"modified":"2026-04-08T18:17:49","modified_gmt":"2026-04-08T15:17:49","slug":"%d0%bd%d0%b0%d1%83%d1%88%d0%bd%d0%b8%d0%ba%d0%b8-%d0%bd%d0%b0-%d0%ba%d0%b0%d1%81%d0%ba%d1%83-peltor-optime-iii","status":"publish","type":"product","link":"https:\/\/stafit.ee\/ru\/tovar\/%d0%bd%d0%b0%d1%83%d1%88%d0%bd%d0%b8%d0%ba%d0%b8-%d0%bd%d0%b0-%d0%ba%d0%b0%d1%81%d0%ba%d1%83-peltor-optime-iii\/","title":{"rendered":"\u041d\u0430\u0443\u0448\u043d\u0438\u043a\u0438 \u043d\u0430 \u043a\u0430\u0441\u043a\u0443 Peltor OPTIME III"},"content":{"rendered":"<p>\u041f\u0440\u043e\u0442\u0438\u0432\u043e\u0448\u0443\u043c\u043d\u044b\u0435 \u043d\u0430\u0443\u0448\u043d\u0438\u043a\u0438 Peltor Optime III \u0441 \u043a\u0440\u0435\u043f\u043b\u0435\u043d\u0438\u0435\u043c \u043d\u0430 \u043a\u0430\u0441\u043a\u0443 \u043f\u0440\u0435\u0434\u043d\u0430\u0437\u043d\u0430\u0447\u0435\u043d\u044b \u0434\u043b\u044f \u0438\u0441\u043f\u043e\u043b\u044c\u0437\u043e\u0432\u0430\u043d\u0438\u044f \u0432 \u043c\u0435\u0441\u0442\u0430\u0445 \u0441 \u044d\u043a\u0441\u0442\u0440\u0435\u043c\u0430\u043b\u044c\u043d\u043e \u0432\u044b\u0441\u043e\u043a\u0438\u043c \u0443\u0440\u043e\u0432\u043d\u0435\u043c \u043f\u0440\u043e\u043c\u044b\u0448\u043b\u0435\u043d\u043d\u043e\u0433\u043e \u0448\u0443\u043c\u0430 (94-114 \u0434\u0411). \u042d\u0444\u0444\u0435\u043a\u0442\u0438\u0432\u043d\u044b \u043a\u0430\u043a \u043f\u0440\u0438 \u0432\u044b\u0441\u043e\u043a\u043e\u0447\u0430\u0441\u0442\u043e\u0442\u043d\u043e\u043c, \u0442\u0430\u043a \u0438 \u043f\u0440\u0438 \u043d\u0438\u0437\u043a\u043e\u0447\u0430\u0441\u0442\u043e\u0442\u043d\u043e\u043c \u0448\u0443\u043c\u0435. \u0421\u043d\u0438\u0436\u0430\u044e\u0442 \u0443\u0440\u043e\u0432\u0435\u043d\u044c \u0448\u0443\u043c\u0430 \u0434\u043e 34 \u0434\u0411.<br \/>\n\u0414\u0430\u043d\u043d\u0430\u044f \u043c\u043e\u0434\u0435\u043b\u044c \u043e\u0431\u0435\u0441\u043f\u0435\u0447\u0438\u0432\u0430\u0435\u0442 \u043d\u0430\u0434\u0435\u0436\u043d\u0443\u044e \u0438 \u0441\u0442\u0430\u0431\u0438\u043b\u044c\u043d\u0443\u044e \u0437\u0430\u0449\u0438\u0442\u0443 \u043e\u0440\u0433\u0430\u043d\u043e\u0432 \u0441\u043b\u0443\u0445\u0430 \u043f\u043e\u043b\u044c\u0437\u043e\u0432\u0430\u0442\u0435\u043b\u044f \u0437\u0430 \u0441\u0447\u0435\u0442 \u0443\u043d\u0438\u043a\u0430\u043b\u044c\u043d\u043e\u0439 \u043a\u043e\u043d\u0441\u0442\u0440\u0443\u043a\u0446\u0438\u0438 \u043e\u0433\u043e\u043b\u043e\u0432\u044c\u044f \u0438\u0437 \u043d\u0430\u043f\u0440\u044f\u0436\u0435\u043d\u043d\u043e\u0439 \u0441\u0442\u0430\u043b\u0438, \u043a\u043e\u0442\u043e\u0440\u0430\u044f \u0440\u0430\u0432\u043d\u043e\u043c\u0435\u0440\u043d\u043e \u0440\u0430\u0441\u043f\u0440\u0435\u0434\u0435\u043b\u044f\u0435\u0442 \u0434\u0430\u0432\u043b\u0435\u043d\u0438\u0435 \u0438 \u043e\u0431\u0435\u0441\u043f\u0435\u0447\u0438\u0432\u0430\u0435\u0442 \u043f\u043b\u043e\u0442\u043d\u043e\u0435, \u043a\u043e\u043c\u0444\u043e\u0440\u0442\u043d\u043e\u0435 \u0438 \u0441\u0442\u0430\u0431\u0438\u043b\u044c\u043d\u043e\u0435 \u043f\u0440\u0438\u043b\u0435\u0433\u0430\u043d\u0438\u0435 \u043d\u0430\u0443\u0448\u043d\u0438\u043a\u043e\u0432 \u0432\u043e \u0432\u0440\u0435\u043c\u044f \u0438\u0445 \u0438\u0441\u043f\u043e\u043b\u044c\u0437\u043e\u0432\u0430\u043d\u0438\u044f. \u041f\u0440\u0438 \u044d\u0442\u043e\u043c \u044d\u0444\u0444\u0435\u043a\u0442\u0438\u0432\u043d\u043e\u0441\u0442\u044c \u043d\u0430\u0443\u0448\u043d\u0438\u043a\u043e\u0432 \u043e\u0431\u0443\u0441\u043b\u043e\u0432\u043b\u0435\u043d\u0430 \u043f\u0440\u0438\u043c\u0435\u043d\u0435\u043d\u0438\u0435\u043c \u0442\u0435\u0445\u043d\u043e\u043b\u043e\u0433\u0438\u0438 \u0434\u0432\u043e\u0439\u043d\u043e\u0433\u043e \u043a\u043e\u0440\u043f\u0443\u0441\u0430 \u0447\u0430\u0448\u0435\u043a, \u043a\u043e\u0442\u043e\u0440\u0430\u044f \u0441\u0432\u043e\u0434\u0438\u0442 \u043a \u043c\u0438\u043d\u0438\u043c\u0443\u043c\u0443 \u0440\u0435\u0437\u043e\u043d\u0430\u043d\u0441 \u0432\u043d\u0443\u0442\u0440\u0438 \u043f\u043e\u043b\u043e\u0441\u0442\u0438 \u0438 \u043e\u0431\u0435\u0441\u043f\u0435\u0447\u0438\u0432\u0430\u0435\u0442 \u043c\u0430\u043a\u0441\u0438\u043c\u0430\u043b\u044c\u043d\u043e\u0435 \u043f\u043e\u0434\u0430\u0432\u043b\u0435\u043d\u0438\u0435 \u043d\u0438\u0437\u043a\u043e\u0447\u0430\u0441\u0442\u043e\u0442\u043d\u044b\u0445 \u0448\u0443\u043c\u043e\u0432.<\/p>\n<ul>\n<li>\u041f\u043e\u0434\u0445\u043e\u0434\u044f\u0442 \u0434\u043b\u044f \u0438\u0441\u043f\u043e\u043b\u044c\u0437\u043e\u0432\u0430\u043d\u0438\u044f \u0441 \u0431\u043e\u043b\u044c\u0448\u0438\u043d\u0441\u0442\u0432\u043e\u043c \u043f\u0440\u043e\u043c\u044b\u0448\u043b\u0435\u043d\u043d\u044b\u0445 \u043a\u0430\u0441\u043e\u043a.<\/li>\n<li>\u0427\u0430\u0448\u043a\u0438 \u043d\u0430\u0443\u0448\u043d\u0438\u043a\u043e\u0432 \u0432\u044b\u043f\u043e\u043b\u043d\u0435\u043d\u044b \u0438\u0437 \u043f\u0440\u043e\u0447\u043d\u043e\u0433\u043e ABS-\u043f\u043b\u0430\u0441\u0442\u0438\u043a\u0430, \u0443\u0441\u0442\u043e\u0439\u0447\u0438\u0432\u043e\u0433\u043e \u043a \u0432\u043e\u0437\u0434\u0435\u0439\u0441\u0442\u0432\u0438\u044e \u0442\u0435\u043c\u043f\u0435\u0440\u0430\u0442\u0443\u0440 \u0438 \u0423\u0424 \u043b\u0443\u0447\u0435\u0439.<\/li>\n<li>\u0417\u043d\u0430\u0447\u0438\u0442\u0435\u043b\u044c\u043d\u0430\u044f \u0433\u043b\u0443\u0431\u0438\u043d\u0430 \u0432\u043d\u0443\u0442\u0440\u0435\u043d\u043d\u0435\u0439 \u043f\u043e\u043b\u043e\u0441\u0442\u0438 \u0447\u0430\u0448\u0435\u043a \u0434\u0435\u043b\u0430\u0435\u0442 \u0438\u0445 \u0443\u0434\u043e\u0431\u043d\u044b\u043c\u0438 \u0438 \u043a\u043e\u043c\u0444\u043e\u0440\u0442\u043d\u044b\u043c\u0438 \u0434\u043b\u044f \u0443\u0445\u0430, \u043f\u0440\u0435\u043f\u044f\u0442\u0441\u0442\u0432\u0443\u044f \u0447\u0440\u0435\u0437\u043c\u0435\u0440\u043d\u043e\u043c\u0443 \u043f\u043e\u0432\u044b\u0448\u0435\u043d\u0438\u044e \u0442\u0435\u043c\u043f\u0435\u0440\u0430\u0442\u0443\u0440\u044b \u0438 \u043d\u0430\u043a\u043e\u043f\u043b\u0435\u043d\u0438\u044e \u0432\u043b\u0430\u0433\u0438.<\/li>\n<li>\u0428\u0438\u0440\u043e\u043a\u0438\u0435 \u043c\u044f\u0433\u043a\u0438\u0435 \u0432\u0430\u043b\u0438\u043a\u0438 \u043e\u0441\u043b\u0430\u0431\u0435\u0432\u0430\u044e\u0442 \u043a\u043e\u043d\u0442\u0430\u043a\u0442\u043d\u043e\u0435 \u0434\u0430\u0432\u043b\u0435\u043d\u0438\u0435 \u0432\u043e\u043a\u0440\u0443\u0433 \u0443\u0445\u0430, \u0441\u043e\u0437\u0434\u0430\u0432\u0430\u044f \u043e\u0449\u0443\u0449\u0435\u043d\u0438\u0435 \u043a\u043e\u043c\u0444\u043e\u0440\u0442\u0430 \u043f\u0440\u0438 \u0434\u043e\u0441\u0442\u0430\u0442\u043e\u0447\u043d\u043e \u043f\u043b\u043e\u0442\u043d\u043e\u043c \u043f\u0440\u0438\u043b\u0435\u0433\u0430\u043d\u0438\u0438.<\/li>\n<li>\u0412\u043e\u0437\u043c\u043e\u0436\u043d\u043e\u0441\u0442\u044c \u0441\u043c\u0435\u043d\u044b \u043e\u0431\u0442\u044e\u0440\u0430\u0442\u043e\u0440\u043e\u0432.<\/li>\n<li>\u041e\u0431\u0435\u0441\u043f\u0435\u0447\u0438\u0432\u0430\u044e\u0442 \u0443\u0434\u043e\u0431\u0441\u0442\u0432\u043e, \u0434\u043e\u043b\u0433\u043e\u0432\u0435\u0447\u043d\u043e\u0441\u0442\u044c \u0438 \u044d\u0444\u0444\u0435\u043a\u0442\u0438\u0432\u043d\u043e\u0441\u0442\u044c \u0432 \u0442\u0435\u0447\u0435\u043d\u0438\u0435 \u0432\u0441\u0435\u0433\u043e \u0441\u0440\u043e\u043a\u0430 \u0438\u0441\u043f\u043e\u043b\u044c\u0437\u043e\u0432\u0430\u043d\u0438\u044f.<\/li>\n<li>\u0421\u043e\u0432\u043c\u0435\u0441\u0442\u0438\u043c\u044b \u0441 \u0434\u0440\u0443\u0433\u0438\u043c\u0438 \u0441\u0440\u0435\u0434\u0441\u0442\u0432\u0430\u043c\u0438 \u0438\u043d\u0434\u0438\u0432\u0438\u0434\u0443\u0430\u043b\u044c\u043d\u043e\u0439 \u0437\u0430\u0449\u0438\u0442\u044b 3M (\u043e\u0447\u043a\u0438, \u0440\u0435\u0441\u043f\u0438\u0440\u0430\u0442\u043e\u0440\u044b, \u043f\u043e\u043b\u0443\u043c\u0430\u0441\u043a\u0438 \u0441\u043e \u0441\u043c\u0435\u043d\u043d\u044b\u043c\u0438 \u0444\u0438\u043b\u044c\u0442\u0440\u0430\u043c\u0438 \u0438 \u0442.\u0434).<\/li>\n<\/ul>\n<p>SNR 34 \u0434\u0411<br \/>\nEN 352-3 \u2013 \u041d\u0430\u0443\u0448\u043d\u0438\u043a\u0438 \u0434\u043b\u044f \u0437\u0430\u0449\u0438\u0442\u043d\u044b\u0445 \u043a\u0430\u0441\u043e\u043a<\/p>\n<p>&nbsp;<\/p>\n","protected":false},"excerpt":{"rendered":"<p>\u041f\u0440\u043e\u0442\u0438\u0432\u043e\u0448\u0443\u043c\u043d\u044b\u0435 \u043d\u0430\u0443\u0448\u043d\u0438\u043a\u0438 Peltor Optime III \u0441 \u043a\u0440\u0435\u043f\u043b\u0435\u043d\u0438\u0435\u043c \u043d\u0430 \u043a\u0430\u0441\u043a\u0443 \u043f\u0440\u0435\u0434\u043d\u0430\u0437\u043d\u0430\u0447\u0435\u043d\u044b \u0434\u043b\u044f \u0438\u0441\u043f\u043e\u043b\u044c\u0437\u043e\u0432\u0430\u043d\u0438\u044f \u0432 \u043c\u0435\u0441\u0442\u0430\u0445 \u0441 \u044d\u043a\u0441\u0442\u0440\u0435\u043c\u0430\u043b\u044c\u043d\u043e \u0432\u044b\u0441\u043e\u043a\u0438\u043c \u0443\u0440\u043e\u0432\u043d\u0435\u043c \u043f\u0440\u043e\u043c\u044b\u0448\u043b\u0435\u043d\u043d\u043e\u0433\u043e \u0448\u0443\u043c\u0430 (94-114 \u0434\u0411). \u042d\u0444\u0444\u0435\u043a\u0442\u0438\u0432\u043d\u044b \u043a\u0430\u043a \u043f\u0440\u0438 \u0432\u044b\u0441\u043e\u043a\u043e\u0447\u0430\u0441\u0442\u043e\u0442\u043d\u043e\u043c, \u0442\u0430\u043a \u0438 \u043f\u0440\u0438 \u043d\u0438\u0437\u043a\u043e\u0447\u0430\u0441\u0442\u043e\u0442\u043d\u043e\u043c \u0448\u0443\u043c\u0435. \u0421\u043d\u0438\u0436\u0430\u044e\u0442 \u0443\u0440\u043e\u0432\u0435\u043d\u044c \u0448\u0443\u043c\u0430 \u0434\u043e 34 \u0434\u0411. \u0414\u0430\u043d\u043d\u0430\u044f \u043c\u043e\u0434\u0435\u043b\u044c \u043e\u0431\u0435\u0441\u043f\u0435\u0447\u0438\u0432\u0430\u0435\u0442 \u043d\u0430\u0434\u0435\u0436\u043d\u0443\u044e \u0438 \u0441\u0442\u0430\u0431\u0438\u043b\u044c\u043d\u0443\u044e \u0437\u0430\u0449\u0438\u0442\u0443 \u043e\u0440\u0433\u0430\u043d\u043e\u0432 \u0441\u043b\u0443\u0445\u0430 \u043f\u043e\u043b\u044c\u0437\u043e\u0432\u0430\u0442\u0435\u043b\u044f \u0437\u0430 \u0441\u0447\u0435\u0442 \u0443\u043d\u0438\u043a\u0430\u043b\u044c\u043d\u043e\u0439 \u043a\u043e\u043d\u0441\u0442\u0440\u0443\u043a\u0446\u0438\u0438 \u043e\u0433\u043e\u043b\u043e\u0432\u044c\u044f \u0438\u0437 \u043d\u0430\u043f\u0440\u044f\u0436\u0435\u043d\u043d\u043e\u0439 \u0441\u0442\u0430\u043b\u0438,&#8230;<\/p>\n","protected":false},"featured_media":63267,"template":"","meta":[],"pwb-brand":[],"product_brand":[],"product_cat":[1266],"product_tag":[],"class_list":{"0":"post-64201","1":"product","2":"type-product","3":"status-publish","4":"has-post-thumbnail","6":"product_cat-1266","8":"first","9":"instock","10":"taxable","11":"shipping-taxable","12":"purchasable","13":"product-type-simple"},"yoast_head":"<!-- This site is optimized with the Yoast SEO plugin v27.0 - https:\/\/yoast.com\/product\/yoast-seo-wordpress\/ -->\n<title>\u041d\u0430\u0443\u0448\u043d\u0438\u043a\u0438 \u043d\u0430 \u043a\u0430\u0441\u043a\u0443 Peltor OPTIME III - Stafit O\u00dc<\/title>\n<meta name=\"robots\" content=\"index, follow, max-snippet:-1, max-image-preview:large, max-video-preview:-1\" \/>\n<link rel=\"canonical\" href=\"https:\/\/stafit.ee\/ru\/tovar\/\u043d\u0430\u0443\u0448\u043d\u0438\u043a\u0438-\u043d\u0430-\u043a\u0430\u0441\u043a\u0443-peltor-optime-iii\/\" \/>\n<meta property=\"og:locale\" content=\"ru_RU\" \/>\n<meta property=\"og:type\" content=\"article\" \/>\n<meta property=\"og:title\" content=\"\u041d\u0430\u0443\u0448\u043d\u0438\u043a\u0438 \u043d\u0430 \u043a\u0430\u0441\u043a\u0443 Peltor OPTIME III - Stafit O\u00dc\" \/>\n<meta property=\"og:description\" content=\"\u041f\u0440\u043e\u0442\u0438\u0432\u043e\u0448\u0443\u043c\u043d\u044b\u0435 \u043d\u0430\u0443\u0448\u043d\u0438\u043a\u0438 Peltor Optime III \u0441 \u043a\u0440\u0435\u043f\u043b\u0435\u043d\u0438\u0435\u043c \u043d\u0430 \u043a\u0430\u0441\u043a\u0443 \u043f\u0440\u0435\u0434\u043d\u0430\u0437\u043d\u0430\u0447\u0435\u043d\u044b \u0434\u043b\u044f \u0438\u0441\u043f\u043e\u043b\u044c\u0437\u043e\u0432\u0430\u043d\u0438\u044f \u0432 \u043c\u0435\u0441\u0442\u0430\u0445 \u0441 \u044d\u043a\u0441\u0442\u0440\u0435\u043c\u0430\u043b\u044c\u043d\u043e \u0432\u044b\u0441\u043e\u043a\u0438\u043c \u0443\u0440\u043e\u0432\u043d\u0435\u043c \u043f\u0440\u043e\u043c\u044b\u0448\u043b\u0435\u043d\u043d\u043e\u0433\u043e \u0448\u0443\u043c\u0430 (94-114 \u0434\u0411). \u042d\u0444\u0444\u0435\u043a\u0442\u0438\u0432\u043d\u044b \u043a\u0430\u043a \u043f\u0440\u0438 \u0432\u044b\u0441\u043e\u043a\u043e\u0447\u0430\u0441\u0442\u043e\u0442\u043d\u043e\u043c, \u0442\u0430\u043a \u0438 \u043f\u0440\u0438 \u043d\u0438\u0437\u043a\u043e\u0447\u0430\u0441\u0442\u043e\u0442\u043d\u043e\u043c \u0448\u0443\u043c\u0435. \u0421\u043d\u0438\u0436\u0430\u044e\u0442 \u0443\u0440\u043e\u0432\u0435\u043d\u044c \u0448\u0443\u043c\u0430 \u0434\u043e 34 \u0434\u0411. \u0414\u0430\u043d\u043d\u0430\u044f \u043c\u043e\u0434\u0435\u043b\u044c \u043e\u0431\u0435\u0441\u043f\u0435\u0447\u0438\u0432\u0430\u0435\u0442 \u043d\u0430\u0434\u0435\u0436\u043d\u0443\u044e \u0438 \u0441\u0442\u0430\u0431\u0438\u043b\u044c\u043d\u0443\u044e \u0437\u0430\u0449\u0438\u0442\u0443 \u043e\u0440\u0433\u0430\u043d\u043e\u0432 \u0441\u043b\u0443\u0445\u0430 \u043f\u043e\u043b\u044c\u0437\u043e\u0432\u0430\u0442\u0435\u043b\u044f \u0437\u0430 \u0441\u0447\u0435\u0442 \u0443\u043d\u0438\u043a\u0430\u043b\u044c\u043d\u043e\u0439 \u043a\u043e\u043d\u0441\u0442\u0440\u0443\u043a\u0446\u0438\u0438 \u043e\u0433\u043e\u043b\u043e\u0432\u044c\u044f \u0438\u0437 \u043d\u0430\u043f\u0440\u044f\u0436\u0435\u043d\u043d\u043e\u0439 \u0441\u0442\u0430\u043b\u0438,...\" \/>\n<meta property=\"og:url\" content=\"https:\/\/stafit.ee\/ru\/tovar\/\u043d\u0430\u0443\u0448\u043d\u0438\u043a\u0438-\u043d\u0430-\u043a\u0430\u0441\u043a\u0443-peltor-optime-iii\/\" \/>\n<meta property=\"og:site_name\" content=\"Stafit O\u00dc\" \/>\n<meta property=\"article:modified_time\" content=\"2026-04-08T15:17:49+00:00\" \/>\n<meta property=\"og:image\" content=\"https:\/\/stafit.ee\/wp-content\/uploads\/2024\/03\/H540P3E.jpg\" \/>\n\t<meta property=\"og:image:width\" content=\"1200\" \/>\n\t<meta property=\"og:image:height\" content=\"1200\" \/>\n\t<meta property=\"og:image:type\" content=\"image\/jpeg\" \/>\n<meta name=\"twitter:card\" content=\"summary_large_image\" \/>\n<script type=\"application\/ld+json\" class=\"yoast-schema-graph\">{\"@context\":\"https:\/\/schema.org\",\"@graph\":[{\"@type\":\"WebPage\",\"@id\":\"https:\/\/stafit.ee\/ru\/tovar\/%d0%bd%d0%b0%d1%83%d1%88%d0%bd%d0%b8%d0%ba%d0%b8-%d0%bd%d0%b0-%d0%ba%d0%b0%d1%81%d0%ba%d1%83-peltor-optime-iii\/\",\"url\":\"https:\/\/stafit.ee\/ru\/tovar\/%d0%bd%d0%b0%d1%83%d1%88%d0%bd%d0%b8%d0%ba%d0%b8-%d0%bd%d0%b0-%d0%ba%d0%b0%d1%81%d0%ba%d1%83-peltor-optime-iii\/\",\"name\":\"\u041d\u0430\u0443\u0448\u043d\u0438\u043a\u0438 \u043d\u0430 \u043a\u0430\u0441\u043a\u0443 Peltor OPTIME III - Stafit O\u00dc\",\"isPartOf\":{\"@id\":\"https:\/\/stafit.ee\/#website\"},\"primaryImageOfPage\":{\"@id\":\"https:\/\/stafit.ee\/ru\/tovar\/%d0%bd%d0%b0%d1%83%d1%88%d0%bd%d0%b8%d0%ba%d0%b8-%d0%bd%d0%b0-%d0%ba%d0%b0%d1%81%d0%ba%d1%83-peltor-optime-iii\/#primaryimage\"},\"image\":{\"@id\":\"https:\/\/stafit.ee\/ru\/tovar\/%d0%bd%d0%b0%d1%83%d1%88%d0%bd%d0%b8%d0%ba%d0%b8-%d0%bd%d0%b0-%d0%ba%d0%b0%d1%81%d0%ba%d1%83-peltor-optime-iii\/#primaryimage\"},\"thumbnailUrl\":\"https:\/\/stafit.ee\/wp-content\/uploads\/2024\/03\/H540P3E.jpg\",\"datePublished\":\"2024-03-18T10:04:24+00:00\",\"dateModified\":\"2026-04-08T15:17:49+00:00\",\"breadcrumb\":{\"@id\":\"https:\/\/stafit.ee\/ru\/tovar\/%d0%bd%d0%b0%d1%83%d1%88%d0%bd%d0%b8%d0%ba%d0%b8-%d0%bd%d0%b0-%d0%ba%d0%b0%d1%81%d0%ba%d1%83-peltor-optime-iii\/#breadcrumb\"},\"inLanguage\":\"ru-RU\",\"potentialAction\":[{\"@type\":\"ReadAction\",\"target\":[\"https:\/\/stafit.ee\/ru\/tovar\/%d0%bd%d0%b0%d1%83%d1%88%d0%bd%d0%b8%d0%ba%d0%b8-%d0%bd%d0%b0-%d0%ba%d0%b0%d1%81%d0%ba%d1%83-peltor-optime-iii\/\"]}]},{\"@type\":\"ImageObject\",\"inLanguage\":\"ru-RU\",\"@id\":\"https:\/\/stafit.ee\/ru\/tovar\/%d0%bd%d0%b0%d1%83%d1%88%d0%bd%d0%b8%d0%ba%d0%b8-%d0%bd%d0%b0-%d0%ba%d0%b0%d1%81%d0%ba%d1%83-peltor-optime-iii\/#primaryimage\",\"url\":\"https:\/\/stafit.ee\/wp-content\/uploads\/2024\/03\/H540P3E.jpg\",\"contentUrl\":\"https:\/\/stafit.ee\/wp-content\/uploads\/2024\/03\/H540P3E.jpg\",\"width\":1200,\"height\":1200},{\"@type\":\"BreadcrumbList\",\"@id\":\"https:\/\/stafit.ee\/ru\/tovar\/%d0%bd%d0%b0%d1%83%d1%88%d0%bd%d0%b8%d0%ba%d0%b8-%d0%bd%d0%b0-%d0%ba%d0%b0%d1%81%d0%ba%d1%83-peltor-optime-iii\/#breadcrumb\",\"itemListElement\":[{\"@type\":\"ListItem\",\"position\":1,\"name\":\"Home\",\"item\":\"https:\/\/stafit.ee\/ru\/\"},{\"@type\":\"ListItem\",\"position\":2,\"name\":\"\u041c\u0430\u0433\u0430\u0437\u0438\u043d\",\"item\":\"https:\/\/stafit.ee\/ru\/pood\/\"},{\"@type\":\"ListItem\",\"position\":3,\"name\":\"\u041d\u0430\u0443\u0448\u043d\u0438\u043a\u0438 \u043d\u0430 \u043a\u0430\u0441\u043a\u0443 Peltor OPTIME III\"}]},{\"@type\":\"WebSite\",\"@id\":\"https:\/\/stafit.ee\/#website\",\"url\":\"https:\/\/stafit.ee\/\",\"name\":\"Stafit O\u00dc\",\"description\":\"T\u00f6\u00f6riete ja ohutusvahendite jae ja hulgim\u00fc\u00fck\",\"potentialAction\":[{\"@type\":\"SearchAction\",\"target\":{\"@type\":\"EntryPoint\",\"urlTemplate\":\"https:\/\/stafit.ee\/?s={search_term_string}\"},\"query-input\":{\"@type\":\"PropertyValueSpecification\",\"valueRequired\":true,\"valueName\":\"search_term_string\"}}],\"inLanguage\":\"ru-RU\"}]}<\/script>\n<!-- \/ Yoast SEO plugin. -->","yoast_head_json":{"title":"\u041d\u0430\u0443\u0448\u043d\u0438\u043a\u0438 \u043d\u0430 \u043a\u0430\u0441\u043a\u0443 Peltor OPTIME III - Stafit O\u00dc","robots":{"index":"index","follow":"follow","max-snippet":"max-snippet:-1","max-image-preview":"max-image-preview:large","max-video-preview":"max-video-preview:-1"},"canonical":"https:\/\/stafit.ee\/ru\/tovar\/\u043d\u0430\u0443\u0448\u043d\u0438\u043a\u0438-\u043d\u0430-\u043a\u0430\u0441\u043a\u0443-peltor-optime-iii\/","og_locale":"ru_RU","og_type":"article","og_title":"\u041d\u0430\u0443\u0448\u043d\u0438\u043a\u0438 \u043d\u0430 \u043a\u0430\u0441\u043a\u0443 Peltor OPTIME III - Stafit O\u00dc","og_description":"\u041f\u0440\u043e\u0442\u0438\u0432\u043e\u0448\u0443\u043c\u043d\u044b\u0435 \u043d\u0430\u0443\u0448\u043d\u0438\u043a\u0438 Peltor Optime III \u0441 \u043a\u0440\u0435\u043f\u043b\u0435\u043d\u0438\u0435\u043c \u043d\u0430 \u043a\u0430\u0441\u043a\u0443 \u043f\u0440\u0435\u0434\u043d\u0430\u0437\u043d\u0430\u0447\u0435\u043d\u044b \u0434\u043b\u044f \u0438\u0441\u043f\u043e\u043b\u044c\u0437\u043e\u0432\u0430\u043d\u0438\u044f \u0432 \u043c\u0435\u0441\u0442\u0430\u0445 \u0441 \u044d\u043a\u0441\u0442\u0440\u0435\u043c\u0430\u043b\u044c\u043d\u043e \u0432\u044b\u0441\u043e\u043a\u0438\u043c \u0443\u0440\u043e\u0432\u043d\u0435\u043c \u043f\u0440\u043e\u043c\u044b\u0448\u043b\u0435\u043d\u043d\u043e\u0433\u043e \u0448\u0443\u043c\u0430 (94-114 \u0434\u0411). \u042d\u0444\u0444\u0435\u043a\u0442\u0438\u0432\u043d\u044b \u043a\u0430\u043a \u043f\u0440\u0438 \u0432\u044b\u0441\u043e\u043a\u043e\u0447\u0430\u0441\u0442\u043e\u0442\u043d\u043e\u043c, \u0442\u0430\u043a \u0438 \u043f\u0440\u0438 \u043d\u0438\u0437\u043a\u043e\u0447\u0430\u0441\u0442\u043e\u0442\u043d\u043e\u043c \u0448\u0443\u043c\u0435. \u0421\u043d\u0438\u0436\u0430\u044e\u0442 \u0443\u0440\u043e\u0432\u0435\u043d\u044c \u0448\u0443\u043c\u0430 \u0434\u043e 34 \u0434\u0411. \u0414\u0430\u043d\u043d\u0430\u044f \u043c\u043e\u0434\u0435\u043b\u044c \u043e\u0431\u0435\u0441\u043f\u0435\u0447\u0438\u0432\u0430\u0435\u0442 \u043d\u0430\u0434\u0435\u0436\u043d\u0443\u044e \u0438 \u0441\u0442\u0430\u0431\u0438\u043b\u044c\u043d\u0443\u044e \u0437\u0430\u0449\u0438\u0442\u0443 \u043e\u0440\u0433\u0430\u043d\u043e\u0432 \u0441\u043b\u0443\u0445\u0430 \u043f\u043e\u043b\u044c\u0437\u043e\u0432\u0430\u0442\u0435\u043b\u044f \u0437\u0430 \u0441\u0447\u0435\u0442 \u0443\u043d\u0438\u043a\u0430\u043b\u044c\u043d\u043e\u0439 \u043a\u043e\u043d\u0441\u0442\u0440\u0443\u043a\u0446\u0438\u0438 \u043e\u0433\u043e\u043b\u043e\u0432\u044c\u044f \u0438\u0437 \u043d\u0430\u043f\u0440\u044f\u0436\u0435\u043d\u043d\u043e\u0439 \u0441\u0442\u0430\u043b\u0438,...","og_url":"https:\/\/stafit.ee\/ru\/tovar\/\u043d\u0430\u0443\u0448\u043d\u0438\u043a\u0438-\u043d\u0430-\u043a\u0430\u0441\u043a\u0443-peltor-optime-iii\/","og_site_name":"Stafit O\u00dc","article_modified_time":"2026-04-08T15:17:49+00:00","og_image":[{"width":1200,"height":1200,"url":"https:\/\/stafit.ee\/wp-content\/uploads\/2024\/03\/H540P3E.jpg","type":"image\/jpeg"}],"twitter_card":"summary_large_image","schema":{"@context":"https:\/\/schema.org","@graph":[{"@type":"WebPage","@id":"https:\/\/stafit.ee\/ru\/tovar\/%d0%bd%d0%b0%d1%83%d1%88%d0%bd%d0%b8%d0%ba%d0%b8-%d0%bd%d0%b0-%d0%ba%d0%b0%d1%81%d0%ba%d1%83-peltor-optime-iii\/","url":"https:\/\/stafit.ee\/ru\/tovar\/%d0%bd%d0%b0%d1%83%d1%88%d0%bd%d0%b8%d0%ba%d0%b8-%d0%bd%d0%b0-%d0%ba%d0%b0%d1%81%d0%ba%d1%83-peltor-optime-iii\/","name":"\u041d\u0430\u0443\u0448\u043d\u0438\u043a\u0438 \u043d\u0430 \u043a\u0430\u0441\u043a\u0443 Peltor OPTIME III - Stafit O\u00dc","isPartOf":{"@id":"https:\/\/stafit.ee\/#website"},"primaryImageOfPage":{"@id":"https:\/\/stafit.ee\/ru\/tovar\/%d0%bd%d0%b0%d1%83%d1%88%d0%bd%d0%b8%d0%ba%d0%b8-%d0%bd%d0%b0-%d0%ba%d0%b0%d1%81%d0%ba%d1%83-peltor-optime-iii\/#primaryimage"},"image":{"@id":"https:\/\/stafit.ee\/ru\/tovar\/%d0%bd%d0%b0%d1%83%d1%88%d0%bd%d0%b8%d0%ba%d0%b8-%d0%bd%d0%b0-%d0%ba%d0%b0%d1%81%d0%ba%d1%83-peltor-optime-iii\/#primaryimage"},"thumbnailUrl":"https:\/\/stafit.ee\/wp-content\/uploads\/2024\/03\/H540P3E.jpg","datePublished":"2024-03-18T10:04:24+00:00","dateModified":"2026-04-08T15:17:49+00:00","breadcrumb":{"@id":"https:\/\/stafit.ee\/ru\/tovar\/%d0%bd%d0%b0%d1%83%d1%88%d0%bd%d0%b8%d0%ba%d0%b8-%d0%bd%d0%b0-%d0%ba%d0%b0%d1%81%d0%ba%d1%83-peltor-optime-iii\/#breadcrumb"},"inLanguage":"ru-RU","potentialAction":[{"@type":"ReadAction","target":["https:\/\/stafit.ee\/ru\/tovar\/%d0%bd%d0%b0%d1%83%d1%88%d0%bd%d0%b8%d0%ba%d0%b8-%d0%bd%d0%b0-%d0%ba%d0%b0%d1%81%d0%ba%d1%83-peltor-optime-iii\/"]}]},{"@type":"ImageObject","inLanguage":"ru-RU","@id":"https:\/\/stafit.ee\/ru\/tovar\/%d0%bd%d0%b0%d1%83%d1%88%d0%bd%d0%b8%d0%ba%d0%b8-%d0%bd%d0%b0-%d0%ba%d0%b0%d1%81%d0%ba%d1%83-peltor-optime-iii\/#primaryimage","url":"https:\/\/stafit.ee\/wp-content\/uploads\/2024\/03\/H540P3E.jpg","contentUrl":"https:\/\/stafit.ee\/wp-content\/uploads\/2024\/03\/H540P3E.jpg","width":1200,"height":1200},{"@type":"BreadcrumbList","@id":"https:\/\/stafit.ee\/ru\/tovar\/%d0%bd%d0%b0%d1%83%d1%88%d0%bd%d0%b8%d0%ba%d0%b8-%d0%bd%d0%b0-%d0%ba%d0%b0%d1%81%d0%ba%d1%83-peltor-optime-iii\/#breadcrumb","itemListElement":[{"@type":"ListItem","position":1,"name":"Home","item":"https:\/\/stafit.ee\/ru\/"},{"@type":"ListItem","position":2,"name":"\u041c\u0430\u0433\u0430\u0437\u0438\u043d","item":"https:\/\/stafit.ee\/ru\/pood\/"},{"@type":"ListItem","position":3,"name":"\u041d\u0430\u0443\u0448\u043d\u0438\u043a\u0438 \u043d\u0430 \u043a\u0430\u0441\u043a\u0443 Peltor OPTIME III"}]},{"@type":"WebSite","@id":"https:\/\/stafit.ee\/#website","url":"https:\/\/stafit.ee\/","name":"Stafit O\u00dc","description":"T\u00f6\u00f6riete ja ohutusvahendite jae ja hulgim\u00fc\u00fck","potentialAction":[{"@type":"SearchAction","target":{"@type":"EntryPoint","urlTemplate":"https:\/\/stafit.ee\/?s={search_term_string}"},"query-input":{"@type":"PropertyValueSpecification","valueRequired":true,"valueName":"search_term_string"}}],"inLanguage":"ru-RU"}]}},"brands":[],"_links":{"self":[{"href":"https:\/\/stafit.ee\/ru\/wp-json\/wp\/v2\/product\/64201","targetHints":{"allow":["GET"]}}],"collection":[{"href":"https:\/\/stafit.ee\/ru\/wp-json\/wp\/v2\/product"}],"about":[{"href":"https:\/\/stafit.ee\/ru\/wp-json\/wp\/v2\/types\/product"}],"wp:featuredmedia":[{"embeddable":true,"href":"https:\/\/stafit.ee\/ru\/wp-json\/wp\/v2\/media\/63267"}],"wp:attachment":[{"href":"https:\/\/stafit.ee\/ru\/wp-json\/wp\/v2\/media?parent=64201"}],"wp:term":[{"taxonomy":"pwb-brand","embeddable":true,"href":"https:\/\/stafit.ee\/ru\/wp-json\/wp\/v2\/pwb-brand?post=64201"},{"taxonomy":"product_brand","embeddable":true,"href":"https:\/\/stafit.ee\/ru\/wp-json\/wp\/v2\/product_brand?post=64201"},{"taxonomy":"product_cat","embeddable":true,"href":"https:\/\/stafit.ee\/ru\/wp-json\/wp\/v2\/product_cat?post=64201"},{"taxonomy":"product_tag","embeddable":true,"href":"https:\/\/stafit.ee\/ru\/wp-json\/wp\/v2\/product_tag?post=64201"}],"curies":[{"name":"wp","href":"https:\/\/api.w.org\/{rel}","templated":true}]}}