{"id":64186,"date":"2024-03-21T16:01:48","date_gmt":"2024-03-21T14:01:48","guid":{"rendered":"https:\/\/stafit.ee\/toode\/%d1%84%d0%bb%d0%b8%d1%81%d0%be%d0%b2%d0%b0%d1%8f-%d0%ba%d1%83%d1%80%d1%82%d0%ba%d0%b0-aland-hi-vis-%d0%b6%d1%91%d0%bb%d1%82%d0%b0%d1%8f\/"},"modified":"2026-04-08T18:14:50","modified_gmt":"2026-04-08T15:14:50","slug":"%d1%84%d0%bb%d0%b8%d1%81%d0%be%d0%b2%d0%b0%d1%8f-%d0%ba%d1%83%d1%80%d1%82%d0%ba%d0%b0-aland-hi-vis-%d0%b6%d1%91%d0%bb%d1%82%d0%b0%d1%8f","status":"publish","type":"product","link":"https:\/\/stafit.ee\/ru\/tovar\/%d1%84%d0%bb%d0%b8%d1%81%d0%be%d0%b2%d0%b0%d1%8f-%d0%ba%d1%83%d1%80%d1%82%d0%ba%d0%b0-aland-hi-vis-%d0%b6%d1%91%d0%bb%d1%82%d0%b0%d1%8f\/","title":{"rendered":"\u0424\u043b\u0438\u0441\u043e\u0432\u0430\u044f \u043a\u0443\u0440\u0442\u043a\u0430 ALAND Hi-Vis \u0436\u0451\u043b\u0442\u0430\u044f"},"content":{"rendered":"<p>\u041c\u0430\u0442\u0435\u0440\u0438\u0430\u043b: 100% \u043f\u043e\u043b\u0438\u044d\u0441\u0442\u0435\u0440, 290 \u0433\/\u043c\u00b2;<br \/>\n2 \u0431\u043e\u043a\u043e\u0432\u044b\u0445 \u043a\u0430\u0440\u043c\u0430\u043d\u0430;<br \/>\n\u0440\u0435\u0437\u0438\u043d\u043a\u0430 \u043d\u0430 \u0440\u0443\u043a\u0430\u0432\u0430\u0445;<br \/>\n\u0440\u0435\u0433\u0443\u043b\u0438\u0440\u0443\u0435\u043c\u044b\u0439 \u0441 \u043f\u043e\u043c\u043e\u0449\u044c\u044e \u044d\u043b\u0430\u0441\u0442\u0438\u0447\u043d\u043e\u0439 \u0440\u0435\u0437\u0438\u043d\u043a\u0438 \u043d\u0438\u0436\u043d\u0438\u0439 \u043a\u0440\u0430\u0439 \u043a\u0443\u0440\u0442\u043a\u0438;<br \/>\n\u0443\u0434\u043b\u0438\u043d\u0435\u043d\u043d\u0430\u044f \u0441\u043f\u0438\u043d\u0430.<\/p>\n<p>EN ISO 20471 \u043a\u043b\u0430\u0441\u0441 3<\/p>\n","protected":false},"excerpt":{"rendered":"<p>\u041c\u0430\u0442\u0435\u0440\u0438\u0430\u043b: 100% \u043f\u043e\u043b\u0438\u044d\u0441\u0442\u0435\u0440, 290 \u0433\/\u043c\u00b2; 2 \u0431\u043e\u043a\u043e\u0432\u044b\u0445 \u043a\u0430\u0440\u043c\u0430\u043d\u0430; \u0440\u0435\u0437\u0438\u043d\u043a\u0430 \u043d\u0430 \u0440\u0443\u043a\u0430\u0432\u0430\u0445; \u0440\u0435\u0433\u0443\u043b\u0438\u0440\u0443\u0435\u043c\u044b\u0439 \u0441 \u043f\u043e\u043c\u043e\u0449\u044c\u044e \u044d\u043b\u0430\u0441\u0442\u0438\u0447\u043d\u043e\u0439 \u0440\u0435\u0437\u0438\u043d\u043a\u0438 \u043d\u0438\u0436\u043d\u0438\u0439 \u043a\u0440\u0430\u0439 \u043a\u0443\u0440\u0442\u043a\u0438; \u0443\u0434\u043b\u0438\u043d\u0435\u043d\u043d\u0430\u044f \u0441\u043f\u0438\u043d\u0430. EN ISO 20471 \u043a\u043b\u0430\u0441\u0441 3<\/p>\n","protected":false},"featured_media":63479,"template":"","meta":[],"pwb-brand":[],"product_brand":[],"product_cat":[976],"product_tag":[],"class_list":{"0":"post-64186","1":"product","2":"type-product","3":"status-publish","4":"has-post-thumbnail","6":"product_cat-976","8":"first","9":"instock","10":"taxable","11":"shipping-taxable","12":"purchasable","13":"product-type-variable"},"yoast_head":"<!-- This site is optimized with the Yoast SEO plugin v27.0 - https:\/\/yoast.com\/product\/yoast-seo-wordpress\/ -->\n<title>\u0424\u043b\u0438\u0441\u043e\u0432\u0430\u044f \u043a\u0443\u0440\u0442\u043a\u0430 ALAND Hi-Vis \u0436\u0451\u043b\u0442\u0430\u044f - Stafit O\u00dc<\/title>\n<meta name=\"robots\" content=\"index, follow, max-snippet:-1, max-image-preview:large, max-video-preview:-1\" \/>\n<link rel=\"canonical\" href=\"https:\/\/stafit.ee\/ru\/tovar\/\u0444\u043b\u0438\u0441\u043e\u0432\u0430\u044f-\u043a\u0443\u0440\u0442\u043a\u0430-aland-hi-vis-\u0436\u0451\u043b\u0442\u0430\u044f\/\" \/>\n<meta property=\"og:locale\" content=\"ru_RU\" \/>\n<meta property=\"og:type\" content=\"article\" \/>\n<meta property=\"og:title\" content=\"\u0424\u043b\u0438\u0441\u043e\u0432\u0430\u044f \u043a\u0443\u0440\u0442\u043a\u0430 ALAND Hi-Vis \u0436\u0451\u043b\u0442\u0430\u044f - Stafit O\u00dc\" \/>\n<meta property=\"og:description\" content=\"\u041c\u0430\u0442\u0435\u0440\u0438\u0430\u043b: 100% \u043f\u043e\u043b\u0438\u044d\u0441\u0442\u0435\u0440, 290 \u0433\/\u043c\u00b2; 2 \u0431\u043e\u043a\u043e\u0432\u044b\u0445 \u043a\u0430\u0440\u043c\u0430\u043d\u0430; \u0440\u0435\u0437\u0438\u043d\u043a\u0430 \u043d\u0430 \u0440\u0443\u043a\u0430\u0432\u0430\u0445; \u0440\u0435\u0433\u0443\u043b\u0438\u0440\u0443\u0435\u043c\u044b\u0439 \u0441 \u043f\u043e\u043c\u043e\u0449\u044c\u044e \u044d\u043b\u0430\u0441\u0442\u0438\u0447\u043d\u043e\u0439 \u0440\u0435\u0437\u0438\u043d\u043a\u0438 \u043d\u0438\u0436\u043d\u0438\u0439 \u043a\u0440\u0430\u0439 \u043a\u0443\u0440\u0442\u043a\u0438; \u0443\u0434\u043b\u0438\u043d\u0435\u043d\u043d\u0430\u044f \u0441\u043f\u0438\u043d\u0430. EN ISO 20471 \u043a\u043b\u0430\u0441\u0441 3\" \/>\n<meta property=\"og:url\" content=\"https:\/\/stafit.ee\/ru\/tovar\/\u0444\u043b\u0438\u0441\u043e\u0432\u0430\u044f-\u043a\u0443\u0440\u0442\u043a\u0430-aland-hi-vis-\u0436\u0451\u043b\u0442\u0430\u044f\/\" \/>\n<meta property=\"og:site_name\" content=\"Stafit O\u00dc\" \/>\n<meta property=\"article:modified_time\" content=\"2026-04-08T15:14:50+00:00\" \/>\n<meta property=\"og:image\" content=\"https:\/\/stafit.ee\/wp-content\/uploads\/2024\/03\/HT5K376-1.jpg\" \/>\n\t<meta property=\"og:image:width\" content=\"1000\" \/>\n\t<meta property=\"og:image:height\" content=\"1000\" \/>\n\t<meta property=\"og:image:type\" content=\"image\/jpeg\" \/>\n<meta name=\"twitter:card\" content=\"summary_large_image\" \/>\n<script type=\"application\/ld+json\" class=\"yoast-schema-graph\">{\"@context\":\"https:\/\/schema.org\",\"@graph\":[{\"@type\":\"WebPage\",\"@id\":\"https:\/\/stafit.ee\/ru\/tovar\/%d1%84%d0%bb%d0%b8%d1%81%d0%be%d0%b2%d0%b0%d1%8f-%d0%ba%d1%83%d1%80%d1%82%d0%ba%d0%b0-aland-hi-vis-%d0%b6%d1%91%d0%bb%d1%82%d0%b0%d1%8f\/\",\"url\":\"https:\/\/stafit.ee\/ru\/tovar\/%d1%84%d0%bb%d0%b8%d1%81%d0%be%d0%b2%d0%b0%d1%8f-%d0%ba%d1%83%d1%80%d1%82%d0%ba%d0%b0-aland-hi-vis-%d0%b6%d1%91%d0%bb%d1%82%d0%b0%d1%8f\/\",\"name\":\"\u0424\u043b\u0438\u0441\u043e\u0432\u0430\u044f \u043a\u0443\u0440\u0442\u043a\u0430 ALAND Hi-Vis \u0436\u0451\u043b\u0442\u0430\u044f - Stafit O\u00dc\",\"isPartOf\":{\"@id\":\"https:\/\/stafit.ee\/#website\"},\"primaryImageOfPage\":{\"@id\":\"https:\/\/stafit.ee\/ru\/tovar\/%d1%84%d0%bb%d0%b8%d1%81%d0%be%d0%b2%d0%b0%d1%8f-%d0%ba%d1%83%d1%80%d1%82%d0%ba%d0%b0-aland-hi-vis-%d0%b6%d1%91%d0%bb%d1%82%d0%b0%d1%8f\/#primaryimage\"},\"image\":{\"@id\":\"https:\/\/stafit.ee\/ru\/tovar\/%d1%84%d0%bb%d0%b8%d1%81%d0%be%d0%b2%d0%b0%d1%8f-%d0%ba%d1%83%d1%80%d1%82%d0%ba%d0%b0-aland-hi-vis-%d0%b6%d1%91%d0%bb%d1%82%d0%b0%d1%8f\/#primaryimage\"},\"thumbnailUrl\":\"https:\/\/stafit.ee\/wp-content\/uploads\/2024\/03\/HT5K376-1.jpg\",\"datePublished\":\"2024-03-21T14:01:48+00:00\",\"dateModified\":\"2026-04-08T15:14:50+00:00\",\"breadcrumb\":{\"@id\":\"https:\/\/stafit.ee\/ru\/tovar\/%d1%84%d0%bb%d0%b8%d1%81%d0%be%d0%b2%d0%b0%d1%8f-%d0%ba%d1%83%d1%80%d1%82%d0%ba%d0%b0-aland-hi-vis-%d0%b6%d1%91%d0%bb%d1%82%d0%b0%d1%8f\/#breadcrumb\"},\"inLanguage\":\"ru-RU\",\"potentialAction\":[{\"@type\":\"ReadAction\",\"target\":[\"https:\/\/stafit.ee\/ru\/tovar\/%d1%84%d0%bb%d0%b8%d1%81%d0%be%d0%b2%d0%b0%d1%8f-%d0%ba%d1%83%d1%80%d1%82%d0%ba%d0%b0-aland-hi-vis-%d0%b6%d1%91%d0%bb%d1%82%d0%b0%d1%8f\/\"]}]},{\"@type\":\"ImageObject\",\"inLanguage\":\"ru-RU\",\"@id\":\"https:\/\/stafit.ee\/ru\/tovar\/%d1%84%d0%bb%d0%b8%d1%81%d0%be%d0%b2%d0%b0%d1%8f-%d0%ba%d1%83%d1%80%d1%82%d0%ba%d0%b0-aland-hi-vis-%d0%b6%d1%91%d0%bb%d1%82%d0%b0%d1%8f\/#primaryimage\",\"url\":\"https:\/\/stafit.ee\/wp-content\/uploads\/2024\/03\/HT5K376-1.jpg\",\"contentUrl\":\"https:\/\/stafit.ee\/wp-content\/uploads\/2024\/03\/HT5K376-1.jpg\",\"width\":1000,\"height\":1000},{\"@type\":\"BreadcrumbList\",\"@id\":\"https:\/\/stafit.ee\/ru\/tovar\/%d1%84%d0%bb%d0%b8%d1%81%d0%be%d0%b2%d0%b0%d1%8f-%d0%ba%d1%83%d1%80%d1%82%d0%ba%d0%b0-aland-hi-vis-%d0%b6%d1%91%d0%bb%d1%82%d0%b0%d1%8f\/#breadcrumb\",\"itemListElement\":[{\"@type\":\"ListItem\",\"position\":1,\"name\":\"Home\",\"item\":\"https:\/\/stafit.ee\/ru\/\"},{\"@type\":\"ListItem\",\"position\":2,\"name\":\"\u041c\u0430\u0433\u0430\u0437\u0438\u043d\",\"item\":\"https:\/\/stafit.ee\/ru\/pood\/\"},{\"@type\":\"ListItem\",\"position\":3,\"name\":\"\u0424\u043b\u0438\u0441\u043e\u0432\u0430\u044f \u043a\u0443\u0440\u0442\u043a\u0430 ALAND Hi-Vis \u0436\u0451\u043b\u0442\u0430\u044f\"}]},{\"@type\":\"WebSite\",\"@id\":\"https:\/\/stafit.ee\/#website\",\"url\":\"https:\/\/stafit.ee\/\",\"name\":\"Stafit O\u00dc\",\"description\":\"T\u00f6\u00f6riete ja ohutusvahendite jae ja hulgim\u00fc\u00fck\",\"potentialAction\":[{\"@type\":\"SearchAction\",\"target\":{\"@type\":\"EntryPoint\",\"urlTemplate\":\"https:\/\/stafit.ee\/?s={search_term_string}\"},\"query-input\":{\"@type\":\"PropertyValueSpecification\",\"valueRequired\":true,\"valueName\":\"search_term_string\"}}],\"inLanguage\":\"ru-RU\"}]}<\/script>\n<!-- \/ Yoast SEO plugin. -->","yoast_head_json":{"title":"\u0424\u043b\u0438\u0441\u043e\u0432\u0430\u044f \u043a\u0443\u0440\u0442\u043a\u0430 ALAND Hi-Vis \u0436\u0451\u043b\u0442\u0430\u044f - Stafit O\u00dc","robots":{"index":"index","follow":"follow","max-snippet":"max-snippet:-1","max-image-preview":"max-image-preview:large","max-video-preview":"max-video-preview:-1"},"canonical":"https:\/\/stafit.ee\/ru\/tovar\/\u0444\u043b\u0438\u0441\u043e\u0432\u0430\u044f-\u043a\u0443\u0440\u0442\u043a\u0430-aland-hi-vis-\u0436\u0451\u043b\u0442\u0430\u044f\/","og_locale":"ru_RU","og_type":"article","og_title":"\u0424\u043b\u0438\u0441\u043e\u0432\u0430\u044f \u043a\u0443\u0440\u0442\u043a\u0430 ALAND Hi-Vis \u0436\u0451\u043b\u0442\u0430\u044f - Stafit O\u00dc","og_description":"\u041c\u0430\u0442\u0435\u0440\u0438\u0430\u043b: 100% \u043f\u043e\u043b\u0438\u044d\u0441\u0442\u0435\u0440, 290 \u0433\/\u043c\u00b2; 2 \u0431\u043e\u043a\u043e\u0432\u044b\u0445 \u043a\u0430\u0440\u043c\u0430\u043d\u0430; \u0440\u0435\u0437\u0438\u043d\u043a\u0430 \u043d\u0430 \u0440\u0443\u043a\u0430\u0432\u0430\u0445; \u0440\u0435\u0433\u0443\u043b\u0438\u0440\u0443\u0435\u043c\u044b\u0439 \u0441 \u043f\u043e\u043c\u043e\u0449\u044c\u044e \u044d\u043b\u0430\u0441\u0442\u0438\u0447\u043d\u043e\u0439 \u0440\u0435\u0437\u0438\u043d\u043a\u0438 \u043d\u0438\u0436\u043d\u0438\u0439 \u043a\u0440\u0430\u0439 \u043a\u0443\u0440\u0442\u043a\u0438; \u0443\u0434\u043b\u0438\u043d\u0435\u043d\u043d\u0430\u044f \u0441\u043f\u0438\u043d\u0430. EN ISO 20471 \u043a\u043b\u0430\u0441\u0441 3","og_url":"https:\/\/stafit.ee\/ru\/tovar\/\u0444\u043b\u0438\u0441\u043e\u0432\u0430\u044f-\u043a\u0443\u0440\u0442\u043a\u0430-aland-hi-vis-\u0436\u0451\u043b\u0442\u0430\u044f\/","og_site_name":"Stafit O\u00dc","article_modified_time":"2026-04-08T15:14:50+00:00","og_image":[{"width":1000,"height":1000,"url":"https:\/\/stafit.ee\/wp-content\/uploads\/2024\/03\/HT5K376-1.jpg","type":"image\/jpeg"}],"twitter_card":"summary_large_image","schema":{"@context":"https:\/\/schema.org","@graph":[{"@type":"WebPage","@id":"https:\/\/stafit.ee\/ru\/tovar\/%d1%84%d0%bb%d0%b8%d1%81%d0%be%d0%b2%d0%b0%d1%8f-%d0%ba%d1%83%d1%80%d1%82%d0%ba%d0%b0-aland-hi-vis-%d0%b6%d1%91%d0%bb%d1%82%d0%b0%d1%8f\/","url":"https:\/\/stafit.ee\/ru\/tovar\/%d1%84%d0%bb%d0%b8%d1%81%d0%be%d0%b2%d0%b0%d1%8f-%d0%ba%d1%83%d1%80%d1%82%d0%ba%d0%b0-aland-hi-vis-%d0%b6%d1%91%d0%bb%d1%82%d0%b0%d1%8f\/","name":"\u0424\u043b\u0438\u0441\u043e\u0432\u0430\u044f \u043a\u0443\u0440\u0442\u043a\u0430 ALAND Hi-Vis \u0436\u0451\u043b\u0442\u0430\u044f - Stafit O\u00dc","isPartOf":{"@id":"https:\/\/stafit.ee\/#website"},"primaryImageOfPage":{"@id":"https:\/\/stafit.ee\/ru\/tovar\/%d1%84%d0%bb%d0%b8%d1%81%d0%be%d0%b2%d0%b0%d1%8f-%d0%ba%d1%83%d1%80%d1%82%d0%ba%d0%b0-aland-hi-vis-%d0%b6%d1%91%d0%bb%d1%82%d0%b0%d1%8f\/#primaryimage"},"image":{"@id":"https:\/\/stafit.ee\/ru\/tovar\/%d1%84%d0%bb%d0%b8%d1%81%d0%be%d0%b2%d0%b0%d1%8f-%d0%ba%d1%83%d1%80%d1%82%d0%ba%d0%b0-aland-hi-vis-%d0%b6%d1%91%d0%bb%d1%82%d0%b0%d1%8f\/#primaryimage"},"thumbnailUrl":"https:\/\/stafit.ee\/wp-content\/uploads\/2024\/03\/HT5K376-1.jpg","datePublished":"2024-03-21T14:01:48+00:00","dateModified":"2026-04-08T15:14:50+00:00","breadcrumb":{"@id":"https:\/\/stafit.ee\/ru\/tovar\/%d1%84%d0%bb%d0%b8%d1%81%d0%be%d0%b2%d0%b0%d1%8f-%d0%ba%d1%83%d1%80%d1%82%d0%ba%d0%b0-aland-hi-vis-%d0%b6%d1%91%d0%bb%d1%82%d0%b0%d1%8f\/#breadcrumb"},"inLanguage":"ru-RU","potentialAction":[{"@type":"ReadAction","target":["https:\/\/stafit.ee\/ru\/tovar\/%d1%84%d0%bb%d0%b8%d1%81%d0%be%d0%b2%d0%b0%d1%8f-%d0%ba%d1%83%d1%80%d1%82%d0%ba%d0%b0-aland-hi-vis-%d0%b6%d1%91%d0%bb%d1%82%d0%b0%d1%8f\/"]}]},{"@type":"ImageObject","inLanguage":"ru-RU","@id":"https:\/\/stafit.ee\/ru\/tovar\/%d1%84%d0%bb%d0%b8%d1%81%d0%be%d0%b2%d0%b0%d1%8f-%d0%ba%d1%83%d1%80%d1%82%d0%ba%d0%b0-aland-hi-vis-%d0%b6%d1%91%d0%bb%d1%82%d0%b0%d1%8f\/#primaryimage","url":"https:\/\/stafit.ee\/wp-content\/uploads\/2024\/03\/HT5K376-1.jpg","contentUrl":"https:\/\/stafit.ee\/wp-content\/uploads\/2024\/03\/HT5K376-1.jpg","width":1000,"height":1000},{"@type":"BreadcrumbList","@id":"https:\/\/stafit.ee\/ru\/tovar\/%d1%84%d0%bb%d0%b8%d1%81%d0%be%d0%b2%d0%b0%d1%8f-%d0%ba%d1%83%d1%80%d1%82%d0%ba%d0%b0-aland-hi-vis-%d0%b6%d1%91%d0%bb%d1%82%d0%b0%d1%8f\/#breadcrumb","itemListElement":[{"@type":"ListItem","position":1,"name":"Home","item":"https:\/\/stafit.ee\/ru\/"},{"@type":"ListItem","position":2,"name":"\u041c\u0430\u0433\u0430\u0437\u0438\u043d","item":"https:\/\/stafit.ee\/ru\/pood\/"},{"@type":"ListItem","position":3,"name":"\u0424\u043b\u0438\u0441\u043e\u0432\u0430\u044f \u043a\u0443\u0440\u0442\u043a\u0430 ALAND Hi-Vis \u0436\u0451\u043b\u0442\u0430\u044f"}]},{"@type":"WebSite","@id":"https:\/\/stafit.ee\/#website","url":"https:\/\/stafit.ee\/","name":"Stafit O\u00dc","description":"T\u00f6\u00f6riete ja ohutusvahendite jae ja hulgim\u00fc\u00fck","potentialAction":[{"@type":"SearchAction","target":{"@type":"EntryPoint","urlTemplate":"https:\/\/stafit.ee\/?s={search_term_string}"},"query-input":{"@type":"PropertyValueSpecification","valueRequired":true,"valueName":"search_term_string"}}],"inLanguage":"ru-RU"}]}},"brands":[],"_links":{"self":[{"href":"https:\/\/stafit.ee\/ru\/wp-json\/wp\/v2\/product\/64186","targetHints":{"allow":["GET"]}}],"collection":[{"href":"https:\/\/stafit.ee\/ru\/wp-json\/wp\/v2\/product"}],"about":[{"href":"https:\/\/stafit.ee\/ru\/wp-json\/wp\/v2\/types\/product"}],"wp:featuredmedia":[{"embeddable":true,"href":"https:\/\/stafit.ee\/ru\/wp-json\/wp\/v2\/media\/63479"}],"wp:attachment":[{"href":"https:\/\/stafit.ee\/ru\/wp-json\/wp\/v2\/media?parent=64186"}],"wp:term":[{"taxonomy":"pwb-brand","embeddable":true,"href":"https:\/\/stafit.ee\/ru\/wp-json\/wp\/v2\/pwb-brand?post=64186"},{"taxonomy":"product_brand","embeddable":true,"href":"https:\/\/stafit.ee\/ru\/wp-json\/wp\/v2\/product_brand?post=64186"},{"taxonomy":"product_cat","embeddable":true,"href":"https:\/\/stafit.ee\/ru\/wp-json\/wp\/v2\/product_cat?post=64186"},{"taxonomy":"product_tag","embeddable":true,"href":"https:\/\/stafit.ee\/ru\/wp-json\/wp\/v2\/product_tag?post=64186"}],"curies":[{"name":"wp","href":"https:\/\/api.w.org\/{rel}","templated":true}]}}