{"id":63886,"date":"2024-04-08T14:07:29","date_gmt":"2024-04-08T11:07:29","guid":{"rendered":"https:\/\/stafit.ee\/toode\/pica-big-ink-xl-%d0%bc%d0%b0%d1%80%d0%ba%d0%b5%d1%80-%d1%87%d1%91%d1%80%d0%bd%d1%8b%d0%b9\/"},"modified":"2026-04-08T18:20:25","modified_gmt":"2026-04-08T15:20:25","slug":"pica-big-ink-xl-%d0%bc%d0%b0%d1%80%d0%ba%d0%b5%d1%80-%d1%87%d1%91%d1%80%d0%bd%d1%8b%d0%b9","status":"publish","type":"product","link":"https:\/\/stafit.ee\/ru\/tovar\/pica-big-ink-xl-%d0%bc%d0%b0%d1%80%d0%ba%d0%b5%d1%80-%d1%87%d1%91%d1%80%d0%bd%d1%8b%d0%b9\/","title":{"rendered":"Pica Big Ink XL \u043c\u0430\u0440\u043a\u0435\u0440 \u0447\u0451\u0440\u043d\u044b\u0439"},"content":{"rendered":"<ul>\n<li>\u0421\u0442\u0440\u043e\u0438\u0442\u0435\u043b\u044c\u043d\u044b\u0439 \u043f\u0435\u0440\u043c\u0430\u043d\u0435\u043d\u0442\u043d\u044b\u0439 \u043c\u0430\u0440\u043a\u0435\u0440 \u0434\u043b\u044f \u0433\u043b\u0443\u0431\u043e\u043a\u0438\u0445 \u043e\u0442\u0432\u0435\u0440\u0441\u0442\u0438\u0439 (\u0447\u0451\u0440\u043d\u044b\u0439).<br \/>\n\u0421\u043e\u0447\u0435\u0442\u0430\u0435\u0442 \u043f\u0440\u043e\u0447\u043d\u0443\u044e \u0438 \u043a\u043e\u043d\u0442\u0440\u0430\u0441\u0442\u043d\u0443\u044e \u043c\u0430\u0440\u043a\u0438\u0440\u043e\u0432\u043a\u0443 \u0441 \u0432\u044b\u0441\u043e\u043a\u043e\u0439 \u0442\u043e\u0447\u043d\u043e\u0441\u0442\u044c\u044e \u0447\u0435\u0440\u0435\u0437 \u043e\u0442\u0432\u0435\u0440\u0441\u0442\u0438\u044f \u0434\u0438\u0430\u043c\u0435\u0442\u0440\u043e\u043c \u2265 5,0 \u043c\u043c.<br \/>\n\u041f\u043e\u0434\u0445\u043e\u0434\u0438\u0442 \u0434\u043b\u044f \u0432\u0441\u0435\u0445 \u0433\u043b\u044f\u043d\u0446\u0435\u0432\u044b\u0445 \u0438 \u0441\u0443\u0445\u0438\u0445 \u043f\u043e\u0432\u0435\u0440\u0445\u043d\u043e\u0441\u0442\u0435\u0439, \u0442\u0430\u043a\u0438\u0445 \u043a\u0430\u043a \u0441\u0442\u0435\u043a\u043b\u043e, \u043c\u0435\u0442\u0430\u043b\u043b, \u043f\u043b\u0430\u0441\u0442\u0438\u043a, \u043a\u0430\u0440\u0442\u043e\u043d, \u043f\u043b\u0438\u0442\u043a\u0430 \u0438 \u0442.\u0434.<\/li>\n<li>\u0421\u043f\u0435\u0446\u0438\u0430\u043b\u044c\u043d\u044b\u0439 \u043c\u044f\u0433\u043a\u0438\u0439 \u0438 \u043f\u0440\u043e\u0447\u043d\u044b\u0439 \u043d\u0430\u043a\u043e\u043d\u0435\u0447\u043d\u0438\u043a:<br \/>\n\u041e\u0431\u0435\u0441\u043f\u0435\u0447\u0438\u0432\u0430\u0435\u0442 \u044d\u043a\u043e\u043d\u043e\u043c\u0438\u044e \u0440\u0430\u0441\u0445\u043e\u0434\u0430 \u0447\u0435\u0440\u043d\u0438\u043b \u043f\u0440\u0438 \u043a\u0430\u0447\u0435\u0441\u0442\u0432\u0435\u043d\u043d\u043e\u0439 \u0440\u0430\u0437\u043c\u0435\u0442\u043a\u0435.<\/li>\n<li>\u0412\u0441\u0435\u0433\u0434\u0430 \u0438 \u0432\u0435\u0437\u0434\u0435 \u043f\u043e\u0434 \u0440\u0443\u043a\u043e\u0439.<br \/>\n\u0411\u043b\u0430\u0433\u043e\u0434\u0430\u0440\u044f \u0438\u043d\u043d\u043e\u0432\u0430\u0446\u0438\u043e\u043d\u043d\u043e\u043c\u0443 \u043a\u043e\u043b\u043f\u0430\u0447\u043a\u0443 \u043c\u0430\u0440\u043a\u0435\u0440 \u0432\u0441\u0435\u0433\u0434\u0430 \u043f\u043e\u0434 \u0440\u0443\u043a\u043e\u0439, \u0433\u0434\u0435 \u0431\u044b \u0432\u044b \u043d\u0438 \u043d\u0430\u0445\u043e\u0434\u0438\u043b\u0438\u0441\u044c. \u042d\u0442\u043e \u044d\u043a\u043e\u043d\u043e\u043c\u0438\u0442 \u0434\u0440\u0430\u0433\u043e\u0446\u0435\u043d\u043d\u043e\u0435 \u0432\u0440\u0435\u043c\u044f, \u043f\u043e\u0442\u043e\u043c\u0443 \u0447\u0442\u043e \u043d\u0435\u0442 \u043d\u0438\u0447\u0435\u0433\u043e \u0431\u043e\u043b\u0435\u0435 \u0440\u0430\u0437\u0434\u0440\u0430\u0436\u0430\u044e\u0449\u0435\u0433\u043e, \u0447\u0435\u043c \u043f\u043e\u0438\u0441\u043a \u0438\u043d\u0441\u0442\u0440\u0443\u043c\u0435\u043d\u0442\u0430.<\/li>\n<li>\u0418\u0441\u043f\u043e\u043b\u044c\u0437\u043e\u0432\u0430\u043d\u0438\u0435 \u043e\u0434\u043d\u043e\u0439 \u0440\u0443\u043a\u043e\u0439:<br \/>\n\u0411\u044b\u0441\u0442\u0440\u0430\u044f \u043c\u0430\u0440\u043a\u0438\u0440\u043e\u0432\u043a\u0430 \u043e\u0434\u043d\u043e\u0439 \u0440\u0443\u043a\u043e\u0439, \u0442\u0430\u043a \u043a\u0430\u043a \u043a\u043e\u043b\u043f\u0430\u0447\u043e\u043a \u0432\u0441\u0435\u0433\u0434\u0430 \u043e\u0441\u0442\u0430\u0435\u0442\u0441\u044f \u043d\u0430 \u0431\u0440\u044e\u043a\u0430\u0445, \u043f\u043e\u044d\u0442\u043e\u043c\u0443 \u0432\u0442\u043e\u0440\u0430\u044f \u0440\u0443\u043a\u0430 \u043e\u0441\u0442\u0430\u0435\u0442\u0441\u044f \u0441\u0432\u043e\u0431\u043e\u0434\u043d\u043e\u0439 \u0434\u043b\u044f \u0443\u0434\u0435\u0440\u0436\u0438\u0432\u0430\u043d\u0438\u044f \u0437\u0430\u0433\u043e\u0442\u043e\u0432\u043a\u0438.<\/li>\n<li>\u041d\u0430\u043a\u043e\u043d\u0435\u0447\u043d\u0438\u043a \u00abTWIST &amp; REVIVE\u00bb \u0434\u043b\u044f \u043f\u0440\u043e\u0434\u043b\u0435\u043d\u0438\u044f \u0436\u0438\u0437\u043d\u0438 \u043c\u0430\u0440\u043a\u0435\u0440\u0430<br \/>\n\u041f\u0438\u0448\u0443\u0449\u0438\u0439 \u043d\u0430\u043a\u043e\u043d\u0435\u0447\u043d\u0438\u043a \u00abTWIST &amp; REVIVE\u00bb \u043c\u043e\u0436\u043d\u043e \u043f\u0435\u0440\u0435\u0432\u0435\u0440\u043d\u0443\u0442\u044c \u043d\u0430 180 \u0433\u0440\u0430\u0434\u0443\u0441\u043e\u0432 \u2013 \u0438 \u043f\u0438\u0441\u0430\u0442\u044c \u0434\u0430\u043b\u044c\u0448\u0435.<br \/>\n\u0422\u0430\u043a\u0438\u043c \u043e\u0431\u0440\u0430\u0437\u043e\u043c, \u0431\u043e\u043b\u044c\u0448\u043e\u0439 \u0437\u0430\u043f\u0430\u0441 \u0447\u0435\u0440\u043d\u0438\u043b XL \u043c\u043e\u0436\u0435\u0442 \u0438\u0441\u043f\u043e\u043b\u044c\u0437\u043e\u0432\u0430\u0442\u044c\u0441\u044f \u0434\u0430\u043b\u044c\u0448\u0435.<br \/>\n\u0422\u0440\u0443\u0431\u043a\u0430 \u0438\u0437 \u043d\u0435\u0440\u0436\u0430\u0432\u0435\u044e\u0449\u0435\u0439 \u0441\u0442\u0430\u043b\u0438 \u0432\u043e\u043a\u0440\u0443\u0433 \u043f\u0438\u0448\u0443\u0449\u0435\u0433\u043e \u043f\u0435\u0440\u0430 \u043e\u0431\u0435\u0441\u043f\u0435\u0447\u0438\u0432\u0430\u0435\u0442 \u0447\u0438\u0441\u0442\u043e\u0442\u0443 \u043f\u0430\u043b\u044c\u0446\u0435\u0432.<\/li>\n<li>\u0422\u043e\u043b\u0449\u0438\u043d\u0430 \u043b\u0438\u043d\u0438\u0438 \u0440\u0430\u0437\u043c\u0435\u0442\u043a\u0438 2-4 \u043c\u043c.<\/li>\n<li>\u0427\u0435\u0440\u043d\u0438\u043b\u0430 \u0437\u0430\u0441\u044b\u0445\u0430\u044e\u0442 \u043c\u0433\u043d\u043e\u0432\u0435\u043d\u043d\u043e \u043f\u043e\u0441\u043b\u0435 \u043d\u0430\u043d\u0435\u0441\u0435\u043d\u0438\u044f &#8212; \u043f\u0440\u0438\u043c\u0435\u0440\u043d\u043e \u0447\u0435\u0440\u0435\u0437 5 \u0441\u0435\u043a.<\/li>\n<\/ul>\n<p>&nbsp;<\/p>\n","protected":false},"excerpt":{"rendered":"<p>\u0421\u0442\u0440\u043e\u0438\u0442\u0435\u043b\u044c\u043d\u044b\u0439 \u043f\u0435\u0440\u043c\u0430\u043d\u0435\u043d\u0442\u043d\u044b\u0439 \u043c\u0430\u0440\u043a\u0435\u0440 \u0434\u043b\u044f \u0433\u043b\u0443\u0431\u043e\u043a\u0438\u0445 \u043e\u0442\u0432\u0435\u0440\u0441\u0442\u0438\u0439 (\u0447\u0451\u0440\u043d\u044b\u0439). \u0421\u043e\u0447\u0435\u0442\u0430\u0435\u0442 \u043f\u0440\u043e\u0447\u043d\u0443\u044e \u0438 \u043a\u043e\u043d\u0442\u0440\u0430\u0441\u0442\u043d\u0443\u044e \u043c\u0430\u0440\u043a\u0438\u0440\u043e\u0432\u043a\u0443 \u0441 \u0432\u044b\u0441\u043e\u043a\u043e\u0439 \u0442\u043e\u0447\u043d\u043e\u0441\u0442\u044c\u044e \u0447\u0435\u0440\u0435\u0437 \u043e\u0442\u0432\u0435\u0440\u0441\u0442\u0438\u044f \u0434\u0438\u0430\u043c\u0435\u0442\u0440\u043e\u043c \u2265 5,0 \u043c\u043c. \u041f\u043e\u0434\u0445\u043e\u0434\u0438\u0442 \u0434\u043b\u044f \u0432\u0441\u0435\u0445 \u0433\u043b\u044f\u043d\u0446\u0435\u0432\u044b\u0445 \u0438 \u0441\u0443\u0445\u0438\u0445 \u043f\u043e\u0432\u0435\u0440\u0445\u043d\u043e\u0441\u0442\u0435\u0439, \u0442\u0430\u043a\u0438\u0445 \u043a\u0430\u043a \u0441\u0442\u0435\u043a\u043b\u043e, \u043c\u0435\u0442\u0430\u043b\u043b, \u043f\u043b\u0430\u0441\u0442\u0438\u043a, \u043a\u0430\u0440\u0442\u043e\u043d, \u043f\u043b\u0438\u0442\u043a\u0430 \u0438 \u0442.\u0434. \u0421\u043f\u0435\u0446\u0438\u0430\u043b\u044c\u043d\u044b\u0439 \u043c\u044f\u0433\u043a\u0438\u0439 \u0438 \u043f\u0440\u043e\u0447\u043d\u044b\u0439 \u043d\u0430\u043a\u043e\u043d\u0435\u0447\u043d\u0438\u043a: \u041e\u0431\u0435\u0441\u043f\u0435\u0447\u0438\u0432\u0430\u0435\u0442 \u044d\u043a\u043e\u043d\u043e\u043c\u0438\u044e \u0440\u0430\u0441\u0445\u043e\u0434\u0430 \u0447\u0435\u0440\u043d\u0438\u043b \u043f\u0440\u0438 \u043a\u0430\u0447\u0435\u0441\u0442\u0432\u0435\u043d\u043d\u043e\u0439 \u0440\u0430\u0437\u043c\u0435\u0442\u043a\u0435. \u0412\u0441\u0435\u0433\u0434\u0430 \u0438 \u0432\u0435\u0437\u0434\u0435 \u043f\u043e\u0434 \u0440\u0443\u043a\u043e\u0439. \u0411\u043b\u0430\u0433\u043e\u0434\u0430\u0440\u044f&#8230;<\/p>\n","protected":false},"featured_media":63884,"template":"","meta":[],"pwb-brand":[],"product_brand":[],"product_cat":[2327],"product_tag":[],"class_list":{"0":"post-63886","1":"product","2":"type-product","3":"status-publish","4":"has-post-thumbnail","6":"product_cat-2327","8":"first","9":"instock","10":"taxable","11":"shipping-taxable","12":"purchasable","13":"product-type-simple"},"yoast_head":"<!-- This site is optimized with the Yoast SEO plugin v27.0 - https:\/\/yoast.com\/product\/yoast-seo-wordpress\/ -->\n<title>Pica Big Ink XL \u043c\u0430\u0440\u043a\u0435\u0440 \u0447\u0451\u0440\u043d\u044b\u0439 - Stafit O\u00dc<\/title>\n<meta name=\"robots\" content=\"index, follow, max-snippet:-1, max-image-preview:large, max-video-preview:-1\" \/>\n<link rel=\"canonical\" href=\"https:\/\/stafit.ee\/ru\/tovar\/pica-big-ink-xl-\u043c\u0430\u0440\u043a\u0435\u0440-\u0447\u0451\u0440\u043d\u044b\u0439\/\" \/>\n<meta property=\"og:locale\" content=\"ru_RU\" \/>\n<meta property=\"og:type\" content=\"article\" \/>\n<meta property=\"og:title\" content=\"Pica Big Ink XL \u043c\u0430\u0440\u043a\u0435\u0440 \u0447\u0451\u0440\u043d\u044b\u0439 - Stafit O\u00dc\" \/>\n<meta property=\"og:description\" content=\"\u0421\u0442\u0440\u043e\u0438\u0442\u0435\u043b\u044c\u043d\u044b\u0439 \u043f\u0435\u0440\u043c\u0430\u043d\u0435\u043d\u0442\u043d\u044b\u0439 \u043c\u0430\u0440\u043a\u0435\u0440 \u0434\u043b\u044f \u0433\u043b\u0443\u0431\u043e\u043a\u0438\u0445 \u043e\u0442\u0432\u0435\u0440\u0441\u0442\u0438\u0439 (\u0447\u0451\u0440\u043d\u044b\u0439). \u0421\u043e\u0447\u0435\u0442\u0430\u0435\u0442 \u043f\u0440\u043e\u0447\u043d\u0443\u044e \u0438 \u043a\u043e\u043d\u0442\u0440\u0430\u0441\u0442\u043d\u0443\u044e \u043c\u0430\u0440\u043a\u0438\u0440\u043e\u0432\u043a\u0443 \u0441 \u0432\u044b\u0441\u043e\u043a\u043e\u0439 \u0442\u043e\u0447\u043d\u043e\u0441\u0442\u044c\u044e \u0447\u0435\u0440\u0435\u0437 \u043e\u0442\u0432\u0435\u0440\u0441\u0442\u0438\u044f \u0434\u0438\u0430\u043c\u0435\u0442\u0440\u043e\u043c \u2265 5,0 \u043c\u043c. \u041f\u043e\u0434\u0445\u043e\u0434\u0438\u0442 \u0434\u043b\u044f \u0432\u0441\u0435\u0445 \u0433\u043b\u044f\u043d\u0446\u0435\u0432\u044b\u0445 \u0438 \u0441\u0443\u0445\u0438\u0445 \u043f\u043e\u0432\u0435\u0440\u0445\u043d\u043e\u0441\u0442\u0435\u0439, \u0442\u0430\u043a\u0438\u0445 \u043a\u0430\u043a \u0441\u0442\u0435\u043a\u043b\u043e, \u043c\u0435\u0442\u0430\u043b\u043b, \u043f\u043b\u0430\u0441\u0442\u0438\u043a, \u043a\u0430\u0440\u0442\u043e\u043d, \u043f\u043b\u0438\u0442\u043a\u0430 \u0438 \u0442.\u0434. \u0421\u043f\u0435\u0446\u0438\u0430\u043b\u044c\u043d\u044b\u0439 \u043c\u044f\u0433\u043a\u0438\u0439 \u0438 \u043f\u0440\u043e\u0447\u043d\u044b\u0439 \u043d\u0430\u043a\u043e\u043d\u0435\u0447\u043d\u0438\u043a: \u041e\u0431\u0435\u0441\u043f\u0435\u0447\u0438\u0432\u0430\u0435\u0442 \u044d\u043a\u043e\u043d\u043e\u043c\u0438\u044e \u0440\u0430\u0441\u0445\u043e\u0434\u0430 \u0447\u0435\u0440\u043d\u0438\u043b \u043f\u0440\u0438 \u043a\u0430\u0447\u0435\u0441\u0442\u0432\u0435\u043d\u043d\u043e\u0439 \u0440\u0430\u0437\u043c\u0435\u0442\u043a\u0435. \u0412\u0441\u0435\u0433\u0434\u0430 \u0438 \u0432\u0435\u0437\u0434\u0435 \u043f\u043e\u0434 \u0440\u0443\u043a\u043e\u0439. \u0411\u043b\u0430\u0433\u043e\u0434\u0430\u0440\u044f...\" \/>\n<meta property=\"og:url\" content=\"https:\/\/stafit.ee\/ru\/tovar\/pica-big-ink-xl-\u043c\u0430\u0440\u043a\u0435\u0440-\u0447\u0451\u0440\u043d\u044b\u0439\/\" \/>\n<meta property=\"og:site_name\" content=\"Stafit O\u00dc\" \/>\n<meta property=\"article:modified_time\" content=\"2026-04-08T15:20:25+00:00\" \/>\n<meta property=\"og:image\" content=\"https:\/\/stafit.ee\/wp-content\/uploads\/2024\/04\/17046-1.jpg\" \/>\n\t<meta property=\"og:image:width\" content=\"2000\" \/>\n\t<meta property=\"og:image:height\" content=\"2000\" \/>\n\t<meta property=\"og:image:type\" content=\"image\/jpeg\" \/>\n<meta name=\"twitter:card\" content=\"summary_large_image\" \/>\n<script type=\"application\/ld+json\" class=\"yoast-schema-graph\">{\"@context\":\"https:\/\/schema.org\",\"@graph\":[{\"@type\":\"WebPage\",\"@id\":\"https:\/\/stafit.ee\/ru\/tovar\/pica-big-ink-xl-%d0%bc%d0%b0%d1%80%d0%ba%d0%b5%d1%80-%d1%87%d1%91%d1%80%d0%bd%d1%8b%d0%b9\/\",\"url\":\"https:\/\/stafit.ee\/ru\/tovar\/pica-big-ink-xl-%d0%bc%d0%b0%d1%80%d0%ba%d0%b5%d1%80-%d1%87%d1%91%d1%80%d0%bd%d1%8b%d0%b9\/\",\"name\":\"Pica Big Ink XL \u043c\u0430\u0440\u043a\u0435\u0440 \u0447\u0451\u0440\u043d\u044b\u0439 - Stafit O\u00dc\",\"isPartOf\":{\"@id\":\"https:\/\/stafit.ee\/#website\"},\"primaryImageOfPage\":{\"@id\":\"https:\/\/stafit.ee\/ru\/tovar\/pica-big-ink-xl-%d0%bc%d0%b0%d1%80%d0%ba%d0%b5%d1%80-%d1%87%d1%91%d1%80%d0%bd%d1%8b%d0%b9\/#primaryimage\"},\"image\":{\"@id\":\"https:\/\/stafit.ee\/ru\/tovar\/pica-big-ink-xl-%d0%bc%d0%b0%d1%80%d0%ba%d0%b5%d1%80-%d1%87%d1%91%d1%80%d0%bd%d1%8b%d0%b9\/#primaryimage\"},\"thumbnailUrl\":\"https:\/\/stafit.ee\/wp-content\/uploads\/2024\/04\/17046-1.jpg\",\"datePublished\":\"2024-04-08T11:07:29+00:00\",\"dateModified\":\"2026-04-08T15:20:25+00:00\",\"breadcrumb\":{\"@id\":\"https:\/\/stafit.ee\/ru\/tovar\/pica-big-ink-xl-%d0%bc%d0%b0%d1%80%d0%ba%d0%b5%d1%80-%d1%87%d1%91%d1%80%d0%bd%d1%8b%d0%b9\/#breadcrumb\"},\"inLanguage\":\"ru-RU\",\"potentialAction\":[{\"@type\":\"ReadAction\",\"target\":[\"https:\/\/stafit.ee\/ru\/tovar\/pica-big-ink-xl-%d0%bc%d0%b0%d1%80%d0%ba%d0%b5%d1%80-%d1%87%d1%91%d1%80%d0%bd%d1%8b%d0%b9\/\"]}]},{\"@type\":\"ImageObject\",\"inLanguage\":\"ru-RU\",\"@id\":\"https:\/\/stafit.ee\/ru\/tovar\/pica-big-ink-xl-%d0%bc%d0%b0%d1%80%d0%ba%d0%b5%d1%80-%d1%87%d1%91%d1%80%d0%bd%d1%8b%d0%b9\/#primaryimage\",\"url\":\"https:\/\/stafit.ee\/wp-content\/uploads\/2024\/04\/17046-1.jpg\",\"contentUrl\":\"https:\/\/stafit.ee\/wp-content\/uploads\/2024\/04\/17046-1.jpg\",\"width\":2000,\"height\":2000},{\"@type\":\"BreadcrumbList\",\"@id\":\"https:\/\/stafit.ee\/ru\/tovar\/pica-big-ink-xl-%d0%bc%d0%b0%d1%80%d0%ba%d0%b5%d1%80-%d1%87%d1%91%d1%80%d0%bd%d1%8b%d0%b9\/#breadcrumb\",\"itemListElement\":[{\"@type\":\"ListItem\",\"position\":1,\"name\":\"Home\",\"item\":\"https:\/\/stafit.ee\/ru\/\"},{\"@type\":\"ListItem\",\"position\":2,\"name\":\"\u041c\u0430\u0433\u0430\u0437\u0438\u043d\",\"item\":\"https:\/\/stafit.ee\/ru\/pood\/\"},{\"@type\":\"ListItem\",\"position\":3,\"name\":\"Pica Big Ink XL \u043c\u0430\u0440\u043a\u0435\u0440 \u0447\u0451\u0440\u043d\u044b\u0439\"}]},{\"@type\":\"WebSite\",\"@id\":\"https:\/\/stafit.ee\/#website\",\"url\":\"https:\/\/stafit.ee\/\",\"name\":\"Stafit O\u00dc\",\"description\":\"T\u00f6\u00f6riete ja ohutusvahendite jae ja hulgim\u00fc\u00fck\",\"potentialAction\":[{\"@type\":\"SearchAction\",\"target\":{\"@type\":\"EntryPoint\",\"urlTemplate\":\"https:\/\/stafit.ee\/?s={search_term_string}\"},\"query-input\":{\"@type\":\"PropertyValueSpecification\",\"valueRequired\":true,\"valueName\":\"search_term_string\"}}],\"inLanguage\":\"ru-RU\"}]}<\/script>\n<!-- \/ Yoast SEO plugin. -->","yoast_head_json":{"title":"Pica Big Ink XL \u043c\u0430\u0440\u043a\u0435\u0440 \u0447\u0451\u0440\u043d\u044b\u0439 - Stafit O\u00dc","robots":{"index":"index","follow":"follow","max-snippet":"max-snippet:-1","max-image-preview":"max-image-preview:large","max-video-preview":"max-video-preview:-1"},"canonical":"https:\/\/stafit.ee\/ru\/tovar\/pica-big-ink-xl-\u043c\u0430\u0440\u043a\u0435\u0440-\u0447\u0451\u0440\u043d\u044b\u0439\/","og_locale":"ru_RU","og_type":"article","og_title":"Pica Big Ink XL \u043c\u0430\u0440\u043a\u0435\u0440 \u0447\u0451\u0440\u043d\u044b\u0439 - Stafit O\u00dc","og_description":"\u0421\u0442\u0440\u043e\u0438\u0442\u0435\u043b\u044c\u043d\u044b\u0439 \u043f\u0435\u0440\u043c\u0430\u043d\u0435\u043d\u0442\u043d\u044b\u0439 \u043c\u0430\u0440\u043a\u0435\u0440 \u0434\u043b\u044f \u0433\u043b\u0443\u0431\u043e\u043a\u0438\u0445 \u043e\u0442\u0432\u0435\u0440\u0441\u0442\u0438\u0439 (\u0447\u0451\u0440\u043d\u044b\u0439). \u0421\u043e\u0447\u0435\u0442\u0430\u0435\u0442 \u043f\u0440\u043e\u0447\u043d\u0443\u044e \u0438 \u043a\u043e\u043d\u0442\u0440\u0430\u0441\u0442\u043d\u0443\u044e \u043c\u0430\u0440\u043a\u0438\u0440\u043e\u0432\u043a\u0443 \u0441 \u0432\u044b\u0441\u043e\u043a\u043e\u0439 \u0442\u043e\u0447\u043d\u043e\u0441\u0442\u044c\u044e \u0447\u0435\u0440\u0435\u0437 \u043e\u0442\u0432\u0435\u0440\u0441\u0442\u0438\u044f \u0434\u0438\u0430\u043c\u0435\u0442\u0440\u043e\u043c \u2265 5,0 \u043c\u043c. \u041f\u043e\u0434\u0445\u043e\u0434\u0438\u0442 \u0434\u043b\u044f \u0432\u0441\u0435\u0445 \u0433\u043b\u044f\u043d\u0446\u0435\u0432\u044b\u0445 \u0438 \u0441\u0443\u0445\u0438\u0445 \u043f\u043e\u0432\u0435\u0440\u0445\u043d\u043e\u0441\u0442\u0435\u0439, \u0442\u0430\u043a\u0438\u0445 \u043a\u0430\u043a \u0441\u0442\u0435\u043a\u043b\u043e, \u043c\u0435\u0442\u0430\u043b\u043b, \u043f\u043b\u0430\u0441\u0442\u0438\u043a, \u043a\u0430\u0440\u0442\u043e\u043d, \u043f\u043b\u0438\u0442\u043a\u0430 \u0438 \u0442.\u0434. \u0421\u043f\u0435\u0446\u0438\u0430\u043b\u044c\u043d\u044b\u0439 \u043c\u044f\u0433\u043a\u0438\u0439 \u0438 \u043f\u0440\u043e\u0447\u043d\u044b\u0439 \u043d\u0430\u043a\u043e\u043d\u0435\u0447\u043d\u0438\u043a: \u041e\u0431\u0435\u0441\u043f\u0435\u0447\u0438\u0432\u0430\u0435\u0442 \u044d\u043a\u043e\u043d\u043e\u043c\u0438\u044e \u0440\u0430\u0441\u0445\u043e\u0434\u0430 \u0447\u0435\u0440\u043d\u0438\u043b \u043f\u0440\u0438 \u043a\u0430\u0447\u0435\u0441\u0442\u0432\u0435\u043d\u043d\u043e\u0439 \u0440\u0430\u0437\u043c\u0435\u0442\u043a\u0435. \u0412\u0441\u0435\u0433\u0434\u0430 \u0438 \u0432\u0435\u0437\u0434\u0435 \u043f\u043e\u0434 \u0440\u0443\u043a\u043e\u0439. \u0411\u043b\u0430\u0433\u043e\u0434\u0430\u0440\u044f...","og_url":"https:\/\/stafit.ee\/ru\/tovar\/pica-big-ink-xl-\u043c\u0430\u0440\u043a\u0435\u0440-\u0447\u0451\u0440\u043d\u044b\u0439\/","og_site_name":"Stafit O\u00dc","article_modified_time":"2026-04-08T15:20:25+00:00","og_image":[{"width":2000,"height":2000,"url":"https:\/\/stafit.ee\/wp-content\/uploads\/2024\/04\/17046-1.jpg","type":"image\/jpeg"}],"twitter_card":"summary_large_image","schema":{"@context":"https:\/\/schema.org","@graph":[{"@type":"WebPage","@id":"https:\/\/stafit.ee\/ru\/tovar\/pica-big-ink-xl-%d0%bc%d0%b0%d1%80%d0%ba%d0%b5%d1%80-%d1%87%d1%91%d1%80%d0%bd%d1%8b%d0%b9\/","url":"https:\/\/stafit.ee\/ru\/tovar\/pica-big-ink-xl-%d0%bc%d0%b0%d1%80%d0%ba%d0%b5%d1%80-%d1%87%d1%91%d1%80%d0%bd%d1%8b%d0%b9\/","name":"Pica Big Ink XL \u043c\u0430\u0440\u043a\u0435\u0440 \u0447\u0451\u0440\u043d\u044b\u0439 - Stafit O\u00dc","isPartOf":{"@id":"https:\/\/stafit.ee\/#website"},"primaryImageOfPage":{"@id":"https:\/\/stafit.ee\/ru\/tovar\/pica-big-ink-xl-%d0%bc%d0%b0%d1%80%d0%ba%d0%b5%d1%80-%d1%87%d1%91%d1%80%d0%bd%d1%8b%d0%b9\/#primaryimage"},"image":{"@id":"https:\/\/stafit.ee\/ru\/tovar\/pica-big-ink-xl-%d0%bc%d0%b0%d1%80%d0%ba%d0%b5%d1%80-%d1%87%d1%91%d1%80%d0%bd%d1%8b%d0%b9\/#primaryimage"},"thumbnailUrl":"https:\/\/stafit.ee\/wp-content\/uploads\/2024\/04\/17046-1.jpg","datePublished":"2024-04-08T11:07:29+00:00","dateModified":"2026-04-08T15:20:25+00:00","breadcrumb":{"@id":"https:\/\/stafit.ee\/ru\/tovar\/pica-big-ink-xl-%d0%bc%d0%b0%d1%80%d0%ba%d0%b5%d1%80-%d1%87%d1%91%d1%80%d0%bd%d1%8b%d0%b9\/#breadcrumb"},"inLanguage":"ru-RU","potentialAction":[{"@type":"ReadAction","target":["https:\/\/stafit.ee\/ru\/tovar\/pica-big-ink-xl-%d0%bc%d0%b0%d1%80%d0%ba%d0%b5%d1%80-%d1%87%d1%91%d1%80%d0%bd%d1%8b%d0%b9\/"]}]},{"@type":"ImageObject","inLanguage":"ru-RU","@id":"https:\/\/stafit.ee\/ru\/tovar\/pica-big-ink-xl-%d0%bc%d0%b0%d1%80%d0%ba%d0%b5%d1%80-%d1%87%d1%91%d1%80%d0%bd%d1%8b%d0%b9\/#primaryimage","url":"https:\/\/stafit.ee\/wp-content\/uploads\/2024\/04\/17046-1.jpg","contentUrl":"https:\/\/stafit.ee\/wp-content\/uploads\/2024\/04\/17046-1.jpg","width":2000,"height":2000},{"@type":"BreadcrumbList","@id":"https:\/\/stafit.ee\/ru\/tovar\/pica-big-ink-xl-%d0%bc%d0%b0%d1%80%d0%ba%d0%b5%d1%80-%d1%87%d1%91%d1%80%d0%bd%d1%8b%d0%b9\/#breadcrumb","itemListElement":[{"@type":"ListItem","position":1,"name":"Home","item":"https:\/\/stafit.ee\/ru\/"},{"@type":"ListItem","position":2,"name":"\u041c\u0430\u0433\u0430\u0437\u0438\u043d","item":"https:\/\/stafit.ee\/ru\/pood\/"},{"@type":"ListItem","position":3,"name":"Pica Big Ink XL \u043c\u0430\u0440\u043a\u0435\u0440 \u0447\u0451\u0440\u043d\u044b\u0439"}]},{"@type":"WebSite","@id":"https:\/\/stafit.ee\/#website","url":"https:\/\/stafit.ee\/","name":"Stafit O\u00dc","description":"T\u00f6\u00f6riete ja ohutusvahendite jae ja hulgim\u00fc\u00fck","potentialAction":[{"@type":"SearchAction","target":{"@type":"EntryPoint","urlTemplate":"https:\/\/stafit.ee\/?s={search_term_string}"},"query-input":{"@type":"PropertyValueSpecification","valueRequired":true,"valueName":"search_term_string"}}],"inLanguage":"ru-RU"}]}},"brands":[],"_links":{"self":[{"href":"https:\/\/stafit.ee\/ru\/wp-json\/wp\/v2\/product\/63886","targetHints":{"allow":["GET"]}}],"collection":[{"href":"https:\/\/stafit.ee\/ru\/wp-json\/wp\/v2\/product"}],"about":[{"href":"https:\/\/stafit.ee\/ru\/wp-json\/wp\/v2\/types\/product"}],"wp:featuredmedia":[{"embeddable":true,"href":"https:\/\/stafit.ee\/ru\/wp-json\/wp\/v2\/media\/63884"}],"wp:attachment":[{"href":"https:\/\/stafit.ee\/ru\/wp-json\/wp\/v2\/media?parent=63886"}],"wp:term":[{"taxonomy":"pwb-brand","embeddable":true,"href":"https:\/\/stafit.ee\/ru\/wp-json\/wp\/v2\/pwb-brand?post=63886"},{"taxonomy":"product_brand","embeddable":true,"href":"https:\/\/stafit.ee\/ru\/wp-json\/wp\/v2\/product_brand?post=63886"},{"taxonomy":"product_cat","embeddable":true,"href":"https:\/\/stafit.ee\/ru\/wp-json\/wp\/v2\/product_cat?post=63886"},{"taxonomy":"product_tag","embeddable":true,"href":"https:\/\/stafit.ee\/ru\/wp-json\/wp\/v2\/product_tag?post=63886"}],"curies":[{"name":"wp","href":"https:\/\/api.w.org\/{rel}","templated":true}]}}