{"id":60859,"date":"2023-11-14T14:18:16","date_gmt":"2023-11-14T12:18:16","guid":{"rendered":"https:\/\/stafit.ee\/toode\/%d1%82%d0%b5%d1%80%d0%bc%d0%be%d1%88%d1%82%d0%b0%d0%bd%d1%8b-dualthermal\/"},"modified":"2026-04-08T18:24:42","modified_gmt":"2026-04-08T15:24:42","slug":"%d1%82%d0%b5%d1%80%d0%bc%d0%be%d1%88%d1%82%d0%b0%d0%bd%d1%8b-dualthermal","status":"publish","type":"product","link":"https:\/\/stafit.ee\/ru\/tovar\/%d1%82%d0%b5%d1%80%d0%bc%d0%be%d1%88%d1%82%d0%b0%d0%bd%d1%8b-dualthermal\/","title":{"rendered":"\u0422\u0435\u0440\u043c\u043e\u0448\u0442\u0430\u043d\u044b DualThermal"},"content":{"rendered":"<p>\u0422\u043a\u0430\u043d\u044c I: 100% \u043f\u043e\u043b\u0438\u044d\u0441\u0442\u0435\u0440.<br \/>\n\u0422\u043a\u0430\u043d\u044c II: 100% \u0445\u043b\u043e\u043f\u043e\u043a.<br \/>\n\u041f\u043b\u043e\u0442\u043d\u043e\u0441\u0442\u044c: 210 \u0433\/\u043c\u00b2<\/p>\n<p>\u0414\u043b\u044f \u043f\u0440\u043e\u0438\u0437\u0432\u043e\u0434\u0441\u0442\u0432\u0430 \u0442\u0435\u0440\u043c\u043e\u0431\u0435\u043b\u044c\u044f BoSafety DualThermal \u0438\u0441\u043f\u043e\u043b\u044c\u0437\u0443\u0435\u0442\u0441\u044f \u0434\u0432\u0443\u0441\u0442\u043e\u0440\u043e\u043d\u043d\u0438\u0439 \u043c\u0430\u0442\u0435\u0440\u0438\u0430\u043b: \u0432\u043d\u0443\u0442\u0440\u0435\u043d\u043d\u0438\u0439 \u0441\u043b\u043e\u0439 \u0438\u0437\u0433\u043e\u0442\u043e\u0432\u043b\u0435\u043d \u0438\u0437 \u043f\u043e\u043b\u0438\u044d\u0441\u0442\u0435\u0440\u0430, \u0430 \u0432\u043d\u0435\u0448\u043d\u0438\u0439 \u0441\u043b\u043e\u0439 \u2013 \u0438\u0437 \u0445\u043b\u043e\u043f\u043a\u0430. \u0418\u0441\u043f\u043e\u043b\u044c\u0437\u043e\u0432\u0430\u043d\u0438\u0435 \u044d\u0442\u0438\u0445 \u0434\u0432\u0443\u0445 \u043c\u0430\u0442\u0435\u0440\u0438\u0430\u043b\u043e\u0432 \u043f\u0440\u0438\u0434\u0430\u0435\u0442 \u0438\u0437\u0434\u0435\u043b\u0438\u044e \u0438\u0441\u043a\u043b\u044e\u0447\u0438\u0442\u0435\u043b\u044c\u043d\u044b\u0435 \u0442\u0435\u0440\u043c\u043e\u0440\u0435\u0433\u0443\u043b\u0438\u0440\u0443\u044e\u0449\u0438\u0435 \u0441\u0432\u043e\u0439\u0441\u0442\u0432\u0430: \u043f\u0440\u0438 \u0434\u0432\u0438\u0436\u0435\u043d\u0438\u0438 \u0447\u0435\u043b\u043e\u0432\u0435\u043a\u0430 \u0441\u043b\u043e\u0439 \u043f\u043e\u043b\u0438\u044d\u0441\u0442\u0435\u0440\u0430 \u0432\u043f\u0438\u0442\u044b\u0432\u0430\u0435\u0442 \u0438 \u0432\u044b\u0432\u043e\u0434\u0438\u0442 \u043d\u0430\u0440\u0443\u0436\u0443 \u0432\u043b\u0430\u0433\u0443, \u0430 \u0445\u043b\u043e\u043f\u043e\u043a \u0437\u0430 \u0441\u0447\u0451\u0442 \u0441\u0432\u043e\u0438\u0445 \u0442\u0435\u043f\u043b\u043e\u0438\u0437\u043e\u043b\u044f\u0446\u0438\u043e\u043d\u043d\u044b\u0445 \u0441\u0432\u043e\u0439\u0441\u0442\u0432 \u0441\u043e\u0433\u0440\u0435\u0432\u0430\u0435\u0442 \u0442\u0435\u043b\u043e. \u0411\u043b\u0430\u0433\u043e\u0434\u0430\u0440\u044f \u044d\u0442\u0438\u043c \u043e\u0441\u043e\u0431\u0435\u043d\u043d\u043e\u0441\u0442\u044f\u043c \u0447\u0435\u043b\u043e\u0432\u0435\u043a \u043d\u0435 \u043d\u0430\u043c\u043e\u043a\u0430\u0435\u0442 \u0438 \u0447\u0443\u0432\u0441\u0442\u0432\u0443\u0435\u0442 \u0441\u0435\u0431\u044f \u043a\u043e\u043c\u0444\u043e\u0440\u0442\u043d\u043e.<br \/>\n\u0422\u0435\u0440\u043c\u043e\u0431\u0435\u043b\u044c\u0435 BoSafety DualThermal \u043d\u0435 \u0441\u043a\u043e\u0432\u044b\u0432\u0430\u0435\u0442 \u0434\u0432\u0438\u0436\u0435\u043d\u0438\u0439, \u043f\u043e\u044d\u0442\u043e\u043c\u0443 \u0438\u0434\u0435\u0430\u043b\u044c\u043d\u043e \u043f\u043e\u0434\u0445\u043e\u0434\u0438\u0442 \u0434\u043b\u044f \u0440\u044b\u0431\u0430\u043b\u043a\u0438, \u043e\u0442\u0434\u044b\u0445\u0430, \u043e\u0445\u043e\u0442\u044b \u0438\u043b\u0438 \u0440\u0430\u0431\u043e\u0442\u044b.<\/p>\n","protected":false},"excerpt":{"rendered":"<p>\u0422\u043a\u0430\u043d\u044c I: 100% \u043f\u043e\u043b\u0438\u044d\u0441\u0442\u0435\u0440. \u0422\u043a\u0430\u043d\u044c II: 100% \u0445\u043b\u043e\u043f\u043e\u043a. \u041f\u043b\u043e\u0442\u043d\u043e\u0441\u0442\u044c: 210 \u0433\/\u043c\u00b2 \u0414\u043b\u044f \u043f\u0440\u043e\u0438\u0437\u0432\u043e\u0434\u0441\u0442\u0432\u0430 \u0442\u0435\u0440\u043c\u043e\u0431\u0435\u043b\u044c\u044f BoSafety DualThermal \u0438\u0441\u043f\u043e\u043b\u044c\u0437\u0443\u0435\u0442\u0441\u044f \u0434\u0432\u0443\u0441\u0442\u043e\u0440\u043e\u043d\u043d\u0438\u0439 \u043c\u0430\u0442\u0435\u0440\u0438\u0430\u043b: \u0432\u043d\u0443\u0442\u0440\u0435\u043d\u043d\u0438\u0439 \u0441\u043b\u043e\u0439 \u0438\u0437\u0433\u043e\u0442\u043e\u0432\u043b\u0435\u043d \u0438\u0437 \u043f\u043e\u043b\u0438\u044d\u0441\u0442\u0435\u0440\u0430, \u0430 \u0432\u043d\u0435\u0448\u043d\u0438\u0439 \u0441\u043b\u043e\u0439 \u2013 \u0438\u0437 \u0445\u043b\u043e\u043f\u043a\u0430. \u0418\u0441\u043f\u043e\u043b\u044c\u0437\u043e\u0432\u0430\u043d\u0438\u0435 \u044d\u0442\u0438\u0445 \u0434\u0432\u0443\u0445 \u043c\u0430\u0442\u0435\u0440\u0438\u0430\u043b\u043e\u0432 \u043f\u0440\u0438\u0434\u0430\u0435\u0442 \u0438\u0437\u0434\u0435\u043b\u0438\u044e \u0438\u0441\u043a\u043b\u044e\u0447\u0438\u0442\u0435\u043b\u044c\u043d\u044b\u0435 \u0442\u0435\u0440\u043c\u043e\u0440\u0435\u0433\u0443\u043b\u0438\u0440\u0443\u044e\u0449\u0438\u0435 \u0441\u0432\u043e\u0439\u0441\u0442\u0432\u0430: \u043f\u0440\u0438 \u0434\u0432\u0438\u0436\u0435\u043d\u0438\u0438 \u0447\u0435\u043b\u043e\u0432\u0435\u043a\u0430 \u0441\u043b\u043e\u0439 \u043f\u043e\u043b\u0438\u044d\u0441\u0442\u0435\u0440\u0430 \u0432\u043f\u0438\u0442\u044b\u0432\u0430\u0435\u0442 \u0438 \u0432\u044b\u0432\u043e\u0434\u0438\u0442 \u043d\u0430\u0440\u0443\u0436\u0443 \u0432\u043b\u0430\u0433\u0443, \u0430 \u0445\u043b\u043e\u043f\u043e\u043a \u0437\u0430 \u0441\u0447\u0451\u0442 \u0441\u0432\u043e\u0438\u0445 \u0442\u0435\u043f\u043b\u043e\u0438\u0437\u043e\u043b\u044f\u0446\u0438\u043e\u043d\u043d\u044b\u0445&#8230;<\/p>\n","protected":false},"featured_media":60827,"template":"","meta":[],"pwb-brand":[329],"product_brand":[],"product_cat":[862],"product_tag":[],"class_list":{"0":"post-60859","1":"product","2":"type-product","3":"status-publish","4":"has-post-thumbnail","6":"pwb-brand-saugima","7":"product_cat-862","9":"first","10":"instock","11":"taxable","12":"shipping-taxable","13":"purchasable","14":"product-type-variable"},"yoast_head":"<!-- This site is optimized with the Yoast SEO plugin v27.0 - https:\/\/yoast.com\/product\/yoast-seo-wordpress\/ -->\n<title>\u0422\u0435\u0440\u043c\u043e\u0448\u0442\u0430\u043d\u044b DualThermal - Stafit O\u00dc<\/title>\n<meta name=\"robots\" content=\"index, follow, max-snippet:-1, max-image-preview:large, max-video-preview:-1\" \/>\n<link rel=\"canonical\" href=\"https:\/\/stafit.ee\/ru\/tovar\/\u0442\u0435\u0440\u043c\u043e\u0448\u0442\u0430\u043d\u044b-dualthermal\/\" \/>\n<meta property=\"og:locale\" content=\"ru_RU\" \/>\n<meta property=\"og:type\" content=\"article\" \/>\n<meta property=\"og:title\" content=\"\u0422\u0435\u0440\u043c\u043e\u0448\u0442\u0430\u043d\u044b DualThermal - Stafit O\u00dc\" \/>\n<meta property=\"og:description\" content=\"\u0422\u043a\u0430\u043d\u044c I: 100% \u043f\u043e\u043b\u0438\u044d\u0441\u0442\u0435\u0440. \u0422\u043a\u0430\u043d\u044c II: 100% \u0445\u043b\u043e\u043f\u043e\u043a. \u041f\u043b\u043e\u0442\u043d\u043e\u0441\u0442\u044c: 210 \u0433\/\u043c\u00b2 \u0414\u043b\u044f \u043f\u0440\u043e\u0438\u0437\u0432\u043e\u0434\u0441\u0442\u0432\u0430 \u0442\u0435\u0440\u043c\u043e\u0431\u0435\u043b\u044c\u044f BoSafety DualThermal \u0438\u0441\u043f\u043e\u043b\u044c\u0437\u0443\u0435\u0442\u0441\u044f \u0434\u0432\u0443\u0441\u0442\u043e\u0440\u043e\u043d\u043d\u0438\u0439 \u043c\u0430\u0442\u0435\u0440\u0438\u0430\u043b: \u0432\u043d\u0443\u0442\u0440\u0435\u043d\u043d\u0438\u0439 \u0441\u043b\u043e\u0439 \u0438\u0437\u0433\u043e\u0442\u043e\u0432\u043b\u0435\u043d \u0438\u0437 \u043f\u043e\u043b\u0438\u044d\u0441\u0442\u0435\u0440\u0430, \u0430 \u0432\u043d\u0435\u0448\u043d\u0438\u0439 \u0441\u043b\u043e\u0439 \u2013 \u0438\u0437 \u0445\u043b\u043e\u043f\u043a\u0430. \u0418\u0441\u043f\u043e\u043b\u044c\u0437\u043e\u0432\u0430\u043d\u0438\u0435 \u044d\u0442\u0438\u0445 \u0434\u0432\u0443\u0445 \u043c\u0430\u0442\u0435\u0440\u0438\u0430\u043b\u043e\u0432 \u043f\u0440\u0438\u0434\u0430\u0435\u0442 \u0438\u0437\u0434\u0435\u043b\u0438\u044e \u0438\u0441\u043a\u043b\u044e\u0447\u0438\u0442\u0435\u043b\u044c\u043d\u044b\u0435 \u0442\u0435\u0440\u043c\u043e\u0440\u0435\u0433\u0443\u043b\u0438\u0440\u0443\u044e\u0449\u0438\u0435 \u0441\u0432\u043e\u0439\u0441\u0442\u0432\u0430: \u043f\u0440\u0438 \u0434\u0432\u0438\u0436\u0435\u043d\u0438\u0438 \u0447\u0435\u043b\u043e\u0432\u0435\u043a\u0430 \u0441\u043b\u043e\u0439 \u043f\u043e\u043b\u0438\u044d\u0441\u0442\u0435\u0440\u0430 \u0432\u043f\u0438\u0442\u044b\u0432\u0430\u0435\u0442 \u0438 \u0432\u044b\u0432\u043e\u0434\u0438\u0442 \u043d\u0430\u0440\u0443\u0436\u0443 \u0432\u043b\u0430\u0433\u0443, \u0430 \u0445\u043b\u043e\u043f\u043e\u043a \u0437\u0430 \u0441\u0447\u0451\u0442 \u0441\u0432\u043e\u0438\u0445 \u0442\u0435\u043f\u043b\u043e\u0438\u0437\u043e\u043b\u044f\u0446\u0438\u043e\u043d\u043d\u044b\u0445...\" \/>\n<meta property=\"og:url\" content=\"https:\/\/stafit.ee\/ru\/tovar\/\u0442\u0435\u0440\u043c\u043e\u0448\u0442\u0430\u043d\u044b-dualthermal\/\" \/>\n<meta property=\"og:site_name\" content=\"Stafit O\u00dc\" \/>\n<meta property=\"article:modified_time\" content=\"2026-04-08T15:24:42+00:00\" \/>\n<meta property=\"og:image\" content=\"https:\/\/stafit.ee\/wp-content\/uploads\/2023\/11\/dualthermal-pants-1.jpg\" \/>\n\t<meta property=\"og:image:width\" content=\"850\" \/>\n\t<meta property=\"og:image:height\" content=\"850\" \/>\n\t<meta property=\"og:image:type\" content=\"image\/jpeg\" \/>\n<meta name=\"twitter:card\" content=\"summary_large_image\" \/>\n<script type=\"application\/ld+json\" class=\"yoast-schema-graph\">{\"@context\":\"https:\/\/schema.org\",\"@graph\":[{\"@type\":\"WebPage\",\"@id\":\"https:\/\/stafit.ee\/ru\/tovar\/%d1%82%d0%b5%d1%80%d0%bc%d0%be%d1%88%d1%82%d0%b0%d0%bd%d1%8b-dualthermal\/\",\"url\":\"https:\/\/stafit.ee\/ru\/tovar\/%d1%82%d0%b5%d1%80%d0%bc%d0%be%d1%88%d1%82%d0%b0%d0%bd%d1%8b-dualthermal\/\",\"name\":\"\u0422\u0435\u0440\u043c\u043e\u0448\u0442\u0430\u043d\u044b DualThermal - Stafit O\u00dc\",\"isPartOf\":{\"@id\":\"https:\/\/stafit.ee\/#website\"},\"primaryImageOfPage\":{\"@id\":\"https:\/\/stafit.ee\/ru\/tovar\/%d1%82%d0%b5%d1%80%d0%bc%d0%be%d1%88%d1%82%d0%b0%d0%bd%d1%8b-dualthermal\/#primaryimage\"},\"image\":{\"@id\":\"https:\/\/stafit.ee\/ru\/tovar\/%d1%82%d0%b5%d1%80%d0%bc%d0%be%d1%88%d1%82%d0%b0%d0%bd%d1%8b-dualthermal\/#primaryimage\"},\"thumbnailUrl\":\"https:\/\/stafit.ee\/wp-content\/uploads\/2023\/11\/dualthermal-pants-1.jpg\",\"datePublished\":\"2023-11-14T12:18:16+00:00\",\"dateModified\":\"2026-04-08T15:24:42+00:00\",\"breadcrumb\":{\"@id\":\"https:\/\/stafit.ee\/ru\/tovar\/%d1%82%d0%b5%d1%80%d0%bc%d0%be%d1%88%d1%82%d0%b0%d0%bd%d1%8b-dualthermal\/#breadcrumb\"},\"inLanguage\":\"ru-RU\",\"potentialAction\":[{\"@type\":\"ReadAction\",\"target\":[\"https:\/\/stafit.ee\/ru\/tovar\/%d1%82%d0%b5%d1%80%d0%bc%d0%be%d1%88%d1%82%d0%b0%d0%bd%d1%8b-dualthermal\/\"]}]},{\"@type\":\"ImageObject\",\"inLanguage\":\"ru-RU\",\"@id\":\"https:\/\/stafit.ee\/ru\/tovar\/%d1%82%d0%b5%d1%80%d0%bc%d0%be%d1%88%d1%82%d0%b0%d0%bd%d1%8b-dualthermal\/#primaryimage\",\"url\":\"https:\/\/stafit.ee\/wp-content\/uploads\/2023\/11\/dualthermal-pants-1.jpg\",\"contentUrl\":\"https:\/\/stafit.ee\/wp-content\/uploads\/2023\/11\/dualthermal-pants-1.jpg\",\"width\":850,\"height\":850},{\"@type\":\"BreadcrumbList\",\"@id\":\"https:\/\/stafit.ee\/ru\/tovar\/%d1%82%d0%b5%d1%80%d0%bc%d0%be%d1%88%d1%82%d0%b0%d0%bd%d1%8b-dualthermal\/#breadcrumb\",\"itemListElement\":[{\"@type\":\"ListItem\",\"position\":1,\"name\":\"Home\",\"item\":\"https:\/\/stafit.ee\/ru\/\"},{\"@type\":\"ListItem\",\"position\":2,\"name\":\"\u041c\u0430\u0433\u0430\u0437\u0438\u043d\",\"item\":\"https:\/\/stafit.ee\/ru\/pood\/\"},{\"@type\":\"ListItem\",\"position\":3,\"name\":\"\u0422\u0435\u0440\u043c\u043e\u0448\u0442\u0430\u043d\u044b DualThermal\"}]},{\"@type\":\"WebSite\",\"@id\":\"https:\/\/stafit.ee\/#website\",\"url\":\"https:\/\/stafit.ee\/\",\"name\":\"Stafit O\u00dc\",\"description\":\"T\u00f6\u00f6riete ja ohutusvahendite jae ja hulgim\u00fc\u00fck\",\"potentialAction\":[{\"@type\":\"SearchAction\",\"target\":{\"@type\":\"EntryPoint\",\"urlTemplate\":\"https:\/\/stafit.ee\/?s={search_term_string}\"},\"query-input\":{\"@type\":\"PropertyValueSpecification\",\"valueRequired\":true,\"valueName\":\"search_term_string\"}}],\"inLanguage\":\"ru-RU\"}]}<\/script>\n<!-- \/ Yoast SEO plugin. -->","yoast_head_json":{"title":"\u0422\u0435\u0440\u043c\u043e\u0448\u0442\u0430\u043d\u044b DualThermal - Stafit O\u00dc","robots":{"index":"index","follow":"follow","max-snippet":"max-snippet:-1","max-image-preview":"max-image-preview:large","max-video-preview":"max-video-preview:-1"},"canonical":"https:\/\/stafit.ee\/ru\/tovar\/\u0442\u0435\u0440\u043c\u043e\u0448\u0442\u0430\u043d\u044b-dualthermal\/","og_locale":"ru_RU","og_type":"article","og_title":"\u0422\u0435\u0440\u043c\u043e\u0448\u0442\u0430\u043d\u044b DualThermal - Stafit O\u00dc","og_description":"\u0422\u043a\u0430\u043d\u044c I: 100% \u043f\u043e\u043b\u0438\u044d\u0441\u0442\u0435\u0440. \u0422\u043a\u0430\u043d\u044c II: 100% \u0445\u043b\u043e\u043f\u043e\u043a. \u041f\u043b\u043e\u0442\u043d\u043e\u0441\u0442\u044c: 210 \u0433\/\u043c\u00b2 \u0414\u043b\u044f \u043f\u0440\u043e\u0438\u0437\u0432\u043e\u0434\u0441\u0442\u0432\u0430 \u0442\u0435\u0440\u043c\u043e\u0431\u0435\u043b\u044c\u044f BoSafety DualThermal \u0438\u0441\u043f\u043e\u043b\u044c\u0437\u0443\u0435\u0442\u0441\u044f \u0434\u0432\u0443\u0441\u0442\u043e\u0440\u043e\u043d\u043d\u0438\u0439 \u043c\u0430\u0442\u0435\u0440\u0438\u0430\u043b: \u0432\u043d\u0443\u0442\u0440\u0435\u043d\u043d\u0438\u0439 \u0441\u043b\u043e\u0439 \u0438\u0437\u0433\u043e\u0442\u043e\u0432\u043b\u0435\u043d \u0438\u0437 \u043f\u043e\u043b\u0438\u044d\u0441\u0442\u0435\u0440\u0430, \u0430 \u0432\u043d\u0435\u0448\u043d\u0438\u0439 \u0441\u043b\u043e\u0439 \u2013 \u0438\u0437 \u0445\u043b\u043e\u043f\u043a\u0430. \u0418\u0441\u043f\u043e\u043b\u044c\u0437\u043e\u0432\u0430\u043d\u0438\u0435 \u044d\u0442\u0438\u0445 \u0434\u0432\u0443\u0445 \u043c\u0430\u0442\u0435\u0440\u0438\u0430\u043b\u043e\u0432 \u043f\u0440\u0438\u0434\u0430\u0435\u0442 \u0438\u0437\u0434\u0435\u043b\u0438\u044e \u0438\u0441\u043a\u043b\u044e\u0447\u0438\u0442\u0435\u043b\u044c\u043d\u044b\u0435 \u0442\u0435\u0440\u043c\u043e\u0440\u0435\u0433\u0443\u043b\u0438\u0440\u0443\u044e\u0449\u0438\u0435 \u0441\u0432\u043e\u0439\u0441\u0442\u0432\u0430: \u043f\u0440\u0438 \u0434\u0432\u0438\u0436\u0435\u043d\u0438\u0438 \u0447\u0435\u043b\u043e\u0432\u0435\u043a\u0430 \u0441\u043b\u043e\u0439 \u043f\u043e\u043b\u0438\u044d\u0441\u0442\u0435\u0440\u0430 \u0432\u043f\u0438\u0442\u044b\u0432\u0430\u0435\u0442 \u0438 \u0432\u044b\u0432\u043e\u0434\u0438\u0442 \u043d\u0430\u0440\u0443\u0436\u0443 \u0432\u043b\u0430\u0433\u0443, \u0430 \u0445\u043b\u043e\u043f\u043e\u043a \u0437\u0430 \u0441\u0447\u0451\u0442 \u0441\u0432\u043e\u0438\u0445 \u0442\u0435\u043f\u043b\u043e\u0438\u0437\u043e\u043b\u044f\u0446\u0438\u043e\u043d\u043d\u044b\u0445...","og_url":"https:\/\/stafit.ee\/ru\/tovar\/\u0442\u0435\u0440\u043c\u043e\u0448\u0442\u0430\u043d\u044b-dualthermal\/","og_site_name":"Stafit O\u00dc","article_modified_time":"2026-04-08T15:24:42+00:00","og_image":[{"width":850,"height":850,"url":"https:\/\/stafit.ee\/wp-content\/uploads\/2023\/11\/dualthermal-pants-1.jpg","type":"image\/jpeg"}],"twitter_card":"summary_large_image","schema":{"@context":"https:\/\/schema.org","@graph":[{"@type":"WebPage","@id":"https:\/\/stafit.ee\/ru\/tovar\/%d1%82%d0%b5%d1%80%d0%bc%d0%be%d1%88%d1%82%d0%b0%d0%bd%d1%8b-dualthermal\/","url":"https:\/\/stafit.ee\/ru\/tovar\/%d1%82%d0%b5%d1%80%d0%bc%d0%be%d1%88%d1%82%d0%b0%d0%bd%d1%8b-dualthermal\/","name":"\u0422\u0435\u0440\u043c\u043e\u0448\u0442\u0430\u043d\u044b DualThermal - Stafit O\u00dc","isPartOf":{"@id":"https:\/\/stafit.ee\/#website"},"primaryImageOfPage":{"@id":"https:\/\/stafit.ee\/ru\/tovar\/%d1%82%d0%b5%d1%80%d0%bc%d0%be%d1%88%d1%82%d0%b0%d0%bd%d1%8b-dualthermal\/#primaryimage"},"image":{"@id":"https:\/\/stafit.ee\/ru\/tovar\/%d1%82%d0%b5%d1%80%d0%bc%d0%be%d1%88%d1%82%d0%b0%d0%bd%d1%8b-dualthermal\/#primaryimage"},"thumbnailUrl":"https:\/\/stafit.ee\/wp-content\/uploads\/2023\/11\/dualthermal-pants-1.jpg","datePublished":"2023-11-14T12:18:16+00:00","dateModified":"2026-04-08T15:24:42+00:00","breadcrumb":{"@id":"https:\/\/stafit.ee\/ru\/tovar\/%d1%82%d0%b5%d1%80%d0%bc%d0%be%d1%88%d1%82%d0%b0%d0%bd%d1%8b-dualthermal\/#breadcrumb"},"inLanguage":"ru-RU","potentialAction":[{"@type":"ReadAction","target":["https:\/\/stafit.ee\/ru\/tovar\/%d1%82%d0%b5%d1%80%d0%bc%d0%be%d1%88%d1%82%d0%b0%d0%bd%d1%8b-dualthermal\/"]}]},{"@type":"ImageObject","inLanguage":"ru-RU","@id":"https:\/\/stafit.ee\/ru\/tovar\/%d1%82%d0%b5%d1%80%d0%bc%d0%be%d1%88%d1%82%d0%b0%d0%bd%d1%8b-dualthermal\/#primaryimage","url":"https:\/\/stafit.ee\/wp-content\/uploads\/2023\/11\/dualthermal-pants-1.jpg","contentUrl":"https:\/\/stafit.ee\/wp-content\/uploads\/2023\/11\/dualthermal-pants-1.jpg","width":850,"height":850},{"@type":"BreadcrumbList","@id":"https:\/\/stafit.ee\/ru\/tovar\/%d1%82%d0%b5%d1%80%d0%bc%d0%be%d1%88%d1%82%d0%b0%d0%bd%d1%8b-dualthermal\/#breadcrumb","itemListElement":[{"@type":"ListItem","position":1,"name":"Home","item":"https:\/\/stafit.ee\/ru\/"},{"@type":"ListItem","position":2,"name":"\u041c\u0430\u0433\u0430\u0437\u0438\u043d","item":"https:\/\/stafit.ee\/ru\/pood\/"},{"@type":"ListItem","position":3,"name":"\u0422\u0435\u0440\u043c\u043e\u0448\u0442\u0430\u043d\u044b DualThermal"}]},{"@type":"WebSite","@id":"https:\/\/stafit.ee\/#website","url":"https:\/\/stafit.ee\/","name":"Stafit O\u00dc","description":"T\u00f6\u00f6riete ja ohutusvahendite jae ja hulgim\u00fc\u00fck","potentialAction":[{"@type":"SearchAction","target":{"@type":"EntryPoint","urlTemplate":"https:\/\/stafit.ee\/?s={search_term_string}"},"query-input":{"@type":"PropertyValueSpecification","valueRequired":true,"valueName":"search_term_string"}}],"inLanguage":"ru-RU"}]}},"brands":[{"id":329,"name":"Saugima","slug":"saugima"}],"_links":{"self":[{"href":"https:\/\/stafit.ee\/ru\/wp-json\/wp\/v2\/product\/60859","targetHints":{"allow":["GET"]}}],"collection":[{"href":"https:\/\/stafit.ee\/ru\/wp-json\/wp\/v2\/product"}],"about":[{"href":"https:\/\/stafit.ee\/ru\/wp-json\/wp\/v2\/types\/product"}],"wp:featuredmedia":[{"embeddable":true,"href":"https:\/\/stafit.ee\/ru\/wp-json\/wp\/v2\/media\/60827"}],"wp:attachment":[{"href":"https:\/\/stafit.ee\/ru\/wp-json\/wp\/v2\/media?parent=60859"}],"wp:term":[{"taxonomy":"pwb-brand","embeddable":true,"href":"https:\/\/stafit.ee\/ru\/wp-json\/wp\/v2\/pwb-brand?post=60859"},{"taxonomy":"product_brand","embeddable":true,"href":"https:\/\/stafit.ee\/ru\/wp-json\/wp\/v2\/product_brand?post=60859"},{"taxonomy":"product_cat","embeddable":true,"href":"https:\/\/stafit.ee\/ru\/wp-json\/wp\/v2\/product_cat?post=60859"},{"taxonomy":"product_tag","embeddable":true,"href":"https:\/\/stafit.ee\/ru\/wp-json\/wp\/v2\/product_tag?post=60859"}],"curies":[{"name":"wp","href":"https:\/\/api.w.org\/{rel}","templated":true}]}}