{"id":60657,"date":"2023-11-07T16:14:29","date_gmt":"2023-11-07T14:14:29","guid":{"rendered":"https:\/\/stafit.ee\/toode\/%d0%bf%d0%b5%d1%80%d1%87%d0%b0%d1%82%d0%ba%d0%b8-%d1%81-%d0%bd%d0%b8%d1%82%d1%80%d0%b8%d0%bb%d0%be%d0%b2%d1%8b%d0%bc-%d0%bf%d0%be%d0%ba%d1%80%d1%8b%d1%82%d0%b8%d0%b5%d0%bc-novadex\/"},"modified":"2026-04-08T18:22:35","modified_gmt":"2026-04-08T15:22:35","slug":"%d0%bf%d0%b5%d1%80%d1%87%d0%b0%d1%82%d0%ba%d0%b8-%d1%81-%d0%bd%d0%b8%d1%82%d1%80%d0%b8%d0%bb%d0%be%d0%b2%d1%8b%d0%bc-%d0%bf%d0%be%d0%ba%d1%80%d1%8b%d1%82%d0%b8%d0%b5%d0%bc-novadex","status":"publish","type":"product","link":"https:\/\/stafit.ee\/ru\/tovar\/%d0%bf%d0%b5%d1%80%d1%87%d0%b0%d1%82%d0%ba%d0%b8-%d1%81-%d0%bd%d0%b8%d1%82%d1%80%d0%b8%d0%bb%d0%be%d0%b2%d1%8b%d0%bc-%d0%bf%d0%be%d0%ba%d1%80%d1%8b%d1%82%d0%b8%d0%b5%d0%bc-novadex\/","title":{"rendered":"\u041f\u0435\u0440\u0447\u0430\u0442\u043a\u0438 \u0441 \u043d\u0438\u0442\u0440\u0438\u043b\u043e\u0432\u044b\u043c \u043f\u043e\u043a\u0440\u044b\u0442\u0438\u0435\u043c NOVADEX"},"content":{"rendered":"<p>\u041f\u0435\u0440\u0447\u0430\u0442\u043a\u0438, \u043f\u043e\u043a\u0440\u044b\u0442\u044b\u0435 \u043d\u0438\u0442\u0440\u0438\u043b\u043e\u0432\u044b\u043c \u043a\u0430\u0443\u0447\u0443\u043a\u043e\u043c.<br \/>\n\u042d\u043b\u0430\u0441\u0442\u0438\u0447\u043d\u044b\u0435, \u0443\u0434\u043e\u0431\u043d\u044b\u0435, \u0441 \u0445\u043e\u0440\u043e\u0448\u0438\u043c \u0441\u0446\u0435\u043f\u043b\u0435\u043d\u0438\u0435\u043c.<br \/>\n\u041d\u0438\u0442\u0440\u0438\u043b\u043e\u0432\u044b\u0439 \u043a\u0430\u0443\u0447\u0443\u043a \u043e\u0431\u0435\u0441\u043f\u0435\u0447\u0438\u0432\u0430\u0435\u0442 \u0432\u043e\u0434\u043e- \u0438 \u043c\u0430\u0441\u043b\u043e\u0441\u0442\u043e\u0439\u043a\u043e\u0441\u0442\u044c, \u0430 \u0442\u0430\u043a\u0436\u0435 \u043c\u0435\u0445\u0430\u043d\u0438\u0447\u0435\u0441\u043a\u0443\u044e \u043f\u0440\u043e\u0447\u043d\u043e\u0441\u0442\u044c.<br \/>\n\u0414\u044b\u0448\u0430\u0449\u0430\u044f \u0442\u044b\u043b\u044c\u043d\u0430\u044f \u0441\u0442\u043e\u0440\u043e\u043d\u0430.<br \/>\n\u042d\u043b\u0430\u0441\u0442\u0438\u0447\u043d\u0430\u044f \u0445\u043b\u043e\u043f\u043a\u043e\u0432\u0430\u044f \u0440\u0435\u0437\u0438\u043d\u043a\u0430.<br \/>\n\u041f\u0435\u0440\u0447\u0430\u0442\u043a\u0438 \u0441 \u043e\u0431\u0440\u0430\u0431\u043e\u0442\u043a\u043e\u0439 Actifresh\u00ae, \u043f\u0440\u0435\u0434\u043e\u0442\u0432\u0440\u0430\u0449\u0430\u044e\u0449\u0435\u0439 \u0440\u0430\u0437\u0432\u0438\u0442\u0438\u0435 \u0431\u0430\u043a\u0442\u0435\u0440\u0438\u0439, \u0433\u0440\u0438\u0431\u043a\u043e\u0432 \u0438 \u0434\u0440\u0443\u0433\u0438\u0445 \u043c\u0438\u043a\u0440\u043e\u043e\u0440\u0433\u0430\u043d\u0438\u0437\u043c\u043e\u0432.<\/p>\n<p>\u041e\u0431\u043b\u0430\u0441\u0442\u044c \u043f\u0440\u0438\u043c\u0435\u043d\u0435\u043d\u0438\u044f: \u043f\u043e\u0434\u0445\u043e\u0434\u044f\u0442 \u0434\u043b\u044f \u0441\u043a\u043b\u0430\u0434\u0438\u0440\u043e\u0432\u0430\u043d\u0438\u044f, \u0441\u0430\u0434\u043e\u0432\u043e\u0434\u0441\u0442\u0432\u0430, \u043e\u0431\u0440\u0430\u0431\u043e\u0442\u043a\u0438 \u043c\u0430\u0441\u043b\u044f\u043d\u044b\u0445 \u0438 \u0441\u043a\u043e\u043b\u044c\u0437\u043a\u0438\u0445 \u043f\u0440\u0435\u0434\u043c\u0435\u0442\u043e\u0432, \u0434\u0435\u0440\u0435\u0432\u043e\u043e\u0431\u0440\u0430\u0431\u0430\u0442\u044b\u0432\u0430\u044e\u0449\u0435\u0439 \u043f\u0440\u043e\u043c\u044b\u0448\u043b\u0435\u043d\u043d\u043e\u0441\u0442\u0438 \u0438 \u0442.\u0434.<\/p>\n<p>\u041f\u043e\u0434\u043a\u043b\u0430\u0434\u043a\u0430: 100% \u0445\u043b\u043e\u043f\u043e\u043a<br \/>\n\u041f\u043e\u043a\u0440\u044b\u0442\u0438\u0435: \u043d\u0438\u0442\u0440\u0438\u043b\u043e\u0432\u044b\u0439 \u043a\u0430\u0443\u0447\u0443\u043a<br \/>\n\u041e\u0431\u0440\u0430\u0431\u043e\u0442\u043a\u0430 Actifresh\u00ae<\/p>\n<p>\u041a\u0430\u0442\u0435\u0433\u043e\u0440\u0438\u044f II<br \/>\nEN 420:2003 \u041e\u0431\u0449\u0438\u0435 \u0442\u0440\u0435\u0431\u043e\u0432\u0430\u043d\u0438\u044f \u043a \u0437\u0430\u0449\u0438\u0442\u043d\u044b\u043c \u043f\u0435\u0440\u0447\u0430\u0442\u043a\u0430\u043c<br \/>\nEN 388:2016 \u0421\u0442\u0430\u043d\u0434\u0430\u0440\u0442 \u043c\u0435\u0445\u0430\u043d\u0438\u0447\u0435\u0441\u043a\u043e\u0439 \u043f\u0440\u043e\u0447\u043d\u043e\u0441\u0442\u0438: \u0443\u0441\u0442\u043e\u0439\u0447\u0438\u0432\u043e\u0441\u0442\u044c \u043a \u0438\u0441\u0442\u0438\u0440\u0430\u043d\u0438\u044e 4\/4, \u0443\u0441\u0442\u043e\u0439\u0447\u0438\u0432\u043e\u0441\u0442\u044c \u043a \u043f\u043e\u0440\u0435\u0437\u0430\u043c 1\/5, \u0443\u0441\u0442\u043e\u0439\u0447\u0438\u0432\u043e\u0441\u0442\u044c \u043a \u0440\u0430\u0437\u0440\u044b\u0432\u0430\u043c 2\/4, \u0443\u0441\u0442\u043e\u0439\u0447\u0438\u0432\u043e\u0441\u0442\u044c \u043a \u043f\u0440\u043e\u043a\u043e\u043b\u0430\u043c 1\/4<\/p>\n<p>\u0426\u0435\u043d\u0430 \u0437\u0430 1 \u043f\u0430\u0440\u0443,<br \/>\n<span style=\"color: #ff0000;\">10 \u043f\u0430\u0440 \u0432 \u0443\u043f\u0430\u043a\u043e\u0432\u043a\u0435.<\/span><\/p>\n","protected":false},"excerpt":{"rendered":"<p>\u041f\u0435\u0440\u0447\u0430\u0442\u043a\u0438, \u043f\u043e\u043a\u0440\u044b\u0442\u044b\u0435 \u043d\u0438\u0442\u0440\u0438\u043b\u043e\u0432\u044b\u043c \u043a\u0430\u0443\u0447\u0443\u043a\u043e\u043c. \u042d\u043b\u0430\u0441\u0442\u0438\u0447\u043d\u044b\u0435, \u0443\u0434\u043e\u0431\u043d\u044b\u0435, \u0441 \u0445\u043e\u0440\u043e\u0448\u0438\u043c \u0441\u0446\u0435\u043f\u043b\u0435\u043d\u0438\u0435\u043c. \u041d\u0438\u0442\u0440\u0438\u043b\u043e\u0432\u044b\u0439 \u043a\u0430\u0443\u0447\u0443\u043a \u043e\u0431\u0435\u0441\u043f\u0435\u0447\u0438\u0432\u0430\u0435\u0442 \u0432\u043e\u0434\u043e- \u0438 \u043c\u0430\u0441\u043b\u043e\u0441\u0442\u043e\u0439\u043a\u043e\u0441\u0442\u044c, \u0430 \u0442\u0430\u043a\u0436\u0435 \u043c\u0435\u0445\u0430\u043d\u0438\u0447\u0435\u0441\u043a\u0443\u044e \u043f\u0440\u043e\u0447\u043d\u043e\u0441\u0442\u044c. \u0414\u044b\u0448\u0430\u0449\u0430\u044f \u0442\u044b\u043b\u044c\u043d\u0430\u044f \u0441\u0442\u043e\u0440\u043e\u043d\u0430. \u042d\u043b\u0430\u0441\u0442\u0438\u0447\u043d\u0430\u044f \u0445\u043b\u043e\u043f\u043a\u043e\u0432\u0430\u044f \u0440\u0435\u0437\u0438\u043d\u043a\u0430. \u041f\u0435\u0440\u0447\u0430\u0442\u043a\u0438 \u0441 \u043e\u0431\u0440\u0430\u0431\u043e\u0442\u043a\u043e\u0439 Actifresh\u00ae, \u043f\u0440\u0435\u0434\u043e\u0442\u0432\u0440\u0430\u0449\u0430\u044e\u0449\u0435\u0439 \u0440\u0430\u0437\u0432\u0438\u0442\u0438\u0435 \u0431\u0430\u043a\u0442\u0435\u0440\u0438\u0439, \u0433\u0440\u0438\u0431\u043a\u043e\u0432 \u0438 \u0434\u0440\u0443\u0433\u0438\u0445 \u043c\u0438\u043a\u0440\u043e\u043e\u0440\u0433\u0430\u043d\u0438\u0437\u043c\u043e\u0432. \u041e\u0431\u043b\u0430\u0441\u0442\u044c \u043f\u0440\u0438\u043c\u0435\u043d\u0435\u043d\u0438\u044f: \u043f\u043e\u0434\u0445\u043e\u0434\u044f\u0442 \u0434\u043b\u044f \u0441\u043a\u043b\u0430\u0434\u0438\u0440\u043e\u0432\u0430\u043d\u0438\u044f, \u0441\u0430\u0434\u043e\u0432\u043e\u0434\u0441\u0442\u0432\u0430, \u043e\u0431\u0440\u0430\u0431\u043e\u0442\u043a\u0438 \u043c\u0430\u0441\u043b\u044f\u043d\u044b\u0445 \u0438 \u0441\u043a\u043e\u043b\u044c\u0437\u043a\u0438\u0445 \u043f\u0440\u0435\u0434\u043c\u0435\u0442\u043e\u0432, \u0434\u0435\u0440\u0435\u0432\u043e\u043e\u0431\u0440\u0430\u0431\u0430\u0442\u044b\u0432\u0430\u044e\u0449\u0435\u0439 \u043f\u0440\u043e\u043c\u044b\u0448\u043b\u0435\u043d\u043d\u043e\u0441\u0442\u0438 \u0438 \u0442.\u0434. \u041f\u043e\u0434\u043a\u043b\u0430\u0434\u043a\u0430: 100% \u0445\u043b\u043e\u043f\u043e\u043a \u041f\u043e\u043a\u0440\u044b\u0442\u0438\u0435:&#8230;<\/p>\n","protected":false},"featured_media":60651,"template":"","meta":[],"pwb-brand":[],"product_brand":[],"product_cat":[1046],"product_tag":[],"class_list":{"0":"post-60657","1":"product","2":"type-product","3":"status-publish","4":"has-post-thumbnail","6":"product_cat-1046","8":"first","9":"instock","10":"taxable","11":"shipping-taxable","12":"purchasable","13":"product-type-variable"},"yoast_head":"<!-- This site is optimized with the Yoast SEO plugin v27.0 - https:\/\/yoast.com\/product\/yoast-seo-wordpress\/ -->\n<title>\u041f\u0435\u0440\u0447\u0430\u0442\u043a\u0438 \u0441 \u043d\u0438\u0442\u0440\u0438\u043b\u043e\u0432\u044b\u043c \u043f\u043e\u043a\u0440\u044b\u0442\u0438\u0435\u043c NOVADEX - Stafit O\u00dc<\/title>\n<meta name=\"robots\" content=\"index, follow, max-snippet:-1, max-image-preview:large, max-video-preview:-1\" \/>\n<link rel=\"canonical\" href=\"https:\/\/stafit.ee\/ru\/tovar\/\u043f\u0435\u0440\u0447\u0430\u0442\u043a\u0438-\u0441-\u043d\u0438\u0442\u0440\u0438\u043b\u043e\u0432\u044b\u043c-\u043f\u043e\u043a\u0440\u044b\u0442\u0438\u0435\u043c-novadex\/\" \/>\n<meta property=\"og:locale\" content=\"ru_RU\" \/>\n<meta property=\"og:type\" content=\"article\" \/>\n<meta property=\"og:title\" content=\"\u041f\u0435\u0440\u0447\u0430\u0442\u043a\u0438 \u0441 \u043d\u0438\u0442\u0440\u0438\u043b\u043e\u0432\u044b\u043c \u043f\u043e\u043a\u0440\u044b\u0442\u0438\u0435\u043c NOVADEX - Stafit O\u00dc\" \/>\n<meta property=\"og:description\" content=\"\u041f\u0435\u0440\u0447\u0430\u0442\u043a\u0438, \u043f\u043e\u043a\u0440\u044b\u0442\u044b\u0435 \u043d\u0438\u0442\u0440\u0438\u043b\u043e\u0432\u044b\u043c \u043a\u0430\u0443\u0447\u0443\u043a\u043e\u043c. \u042d\u043b\u0430\u0441\u0442\u0438\u0447\u043d\u044b\u0435, \u0443\u0434\u043e\u0431\u043d\u044b\u0435, \u0441 \u0445\u043e\u0440\u043e\u0448\u0438\u043c \u0441\u0446\u0435\u043f\u043b\u0435\u043d\u0438\u0435\u043c. \u041d\u0438\u0442\u0440\u0438\u043b\u043e\u0432\u044b\u0439 \u043a\u0430\u0443\u0447\u0443\u043a \u043e\u0431\u0435\u0441\u043f\u0435\u0447\u0438\u0432\u0430\u0435\u0442 \u0432\u043e\u0434\u043e- \u0438 \u043c\u0430\u0441\u043b\u043e\u0441\u0442\u043e\u0439\u043a\u043e\u0441\u0442\u044c, \u0430 \u0442\u0430\u043a\u0436\u0435 \u043c\u0435\u0445\u0430\u043d\u0438\u0447\u0435\u0441\u043a\u0443\u044e \u043f\u0440\u043e\u0447\u043d\u043e\u0441\u0442\u044c. \u0414\u044b\u0448\u0430\u0449\u0430\u044f \u0442\u044b\u043b\u044c\u043d\u0430\u044f \u0441\u0442\u043e\u0440\u043e\u043d\u0430. \u042d\u043b\u0430\u0441\u0442\u0438\u0447\u043d\u0430\u044f \u0445\u043b\u043e\u043f\u043a\u043e\u0432\u0430\u044f \u0440\u0435\u0437\u0438\u043d\u043a\u0430. \u041f\u0435\u0440\u0447\u0430\u0442\u043a\u0438 \u0441 \u043e\u0431\u0440\u0430\u0431\u043e\u0442\u043a\u043e\u0439 Actifresh\u00ae, \u043f\u0440\u0435\u0434\u043e\u0442\u0432\u0440\u0430\u0449\u0430\u044e\u0449\u0435\u0439 \u0440\u0430\u0437\u0432\u0438\u0442\u0438\u0435 \u0431\u0430\u043a\u0442\u0435\u0440\u0438\u0439, \u0433\u0440\u0438\u0431\u043a\u043e\u0432 \u0438 \u0434\u0440\u0443\u0433\u0438\u0445 \u043c\u0438\u043a\u0440\u043e\u043e\u0440\u0433\u0430\u043d\u0438\u0437\u043c\u043e\u0432. \u041e\u0431\u043b\u0430\u0441\u0442\u044c \u043f\u0440\u0438\u043c\u0435\u043d\u0435\u043d\u0438\u044f: \u043f\u043e\u0434\u0445\u043e\u0434\u044f\u0442 \u0434\u043b\u044f \u0441\u043a\u043b\u0430\u0434\u0438\u0440\u043e\u0432\u0430\u043d\u0438\u044f, \u0441\u0430\u0434\u043e\u0432\u043e\u0434\u0441\u0442\u0432\u0430, \u043e\u0431\u0440\u0430\u0431\u043e\u0442\u043a\u0438 \u043c\u0430\u0441\u043b\u044f\u043d\u044b\u0445 \u0438 \u0441\u043a\u043e\u043b\u044c\u0437\u043a\u0438\u0445 \u043f\u0440\u0435\u0434\u043c\u0435\u0442\u043e\u0432, \u0434\u0435\u0440\u0435\u0432\u043e\u043e\u0431\u0440\u0430\u0431\u0430\u0442\u044b\u0432\u0430\u044e\u0449\u0435\u0439 \u043f\u0440\u043e\u043c\u044b\u0448\u043b\u0435\u043d\u043d\u043e\u0441\u0442\u0438 \u0438 \u0442.\u0434. \u041f\u043e\u0434\u043a\u043b\u0430\u0434\u043a\u0430: 100% \u0445\u043b\u043e\u043f\u043e\u043a \u041f\u043e\u043a\u0440\u044b\u0442\u0438\u0435:...\" \/>\n<meta property=\"og:url\" content=\"https:\/\/stafit.ee\/ru\/tovar\/\u043f\u0435\u0440\u0447\u0430\u0442\u043a\u0438-\u0441-\u043d\u0438\u0442\u0440\u0438\u043b\u043e\u0432\u044b\u043c-\u043f\u043e\u043a\u0440\u044b\u0442\u0438\u0435\u043c-novadex\/\" \/>\n<meta property=\"og:site_name\" content=\"Stafit O\u00dc\" \/>\n<meta property=\"article:modified_time\" content=\"2026-04-08T15:22:35+00:00\" \/>\n<meta property=\"og:image\" content=\"https:\/\/stafit.ee\/wp-content\/uploads\/2023\/11\/9310.jpg\" \/>\n\t<meta property=\"og:image:width\" content=\"550\" \/>\n\t<meta property=\"og:image:height\" content=\"550\" \/>\n\t<meta property=\"og:image:type\" content=\"image\/jpeg\" \/>\n<meta name=\"twitter:card\" content=\"summary_large_image\" \/>\n<script type=\"application\/ld+json\" class=\"yoast-schema-graph\">{\"@context\":\"https:\/\/schema.org\",\"@graph\":[{\"@type\":\"WebPage\",\"@id\":\"https:\/\/stafit.ee\/ru\/tovar\/%d0%bf%d0%b5%d1%80%d1%87%d0%b0%d1%82%d0%ba%d0%b8-%d1%81-%d0%bd%d0%b8%d1%82%d1%80%d0%b8%d0%bb%d0%be%d0%b2%d1%8b%d0%bc-%d0%bf%d0%be%d0%ba%d1%80%d1%8b%d1%82%d0%b8%d0%b5%d0%bc-novadex\/\",\"url\":\"https:\/\/stafit.ee\/ru\/tovar\/%d0%bf%d0%b5%d1%80%d1%87%d0%b0%d1%82%d0%ba%d0%b8-%d1%81-%d0%bd%d0%b8%d1%82%d1%80%d0%b8%d0%bb%d0%be%d0%b2%d1%8b%d0%bc-%d0%bf%d0%be%d0%ba%d1%80%d1%8b%d1%82%d0%b8%d0%b5%d0%bc-novadex\/\",\"name\":\"\u041f\u0435\u0440\u0447\u0430\u0442\u043a\u0438 \u0441 \u043d\u0438\u0442\u0440\u0438\u043b\u043e\u0432\u044b\u043c \u043f\u043e\u043a\u0440\u044b\u0442\u0438\u0435\u043c NOVADEX - Stafit O\u00dc\",\"isPartOf\":{\"@id\":\"https:\/\/stafit.ee\/#website\"},\"primaryImageOfPage\":{\"@id\":\"https:\/\/stafit.ee\/ru\/tovar\/%d0%bf%d0%b5%d1%80%d1%87%d0%b0%d1%82%d0%ba%d0%b8-%d1%81-%d0%bd%d0%b8%d1%82%d1%80%d0%b8%d0%bb%d0%be%d0%b2%d1%8b%d0%bc-%d0%bf%d0%be%d0%ba%d1%80%d1%8b%d1%82%d0%b8%d0%b5%d0%bc-novadex\/#primaryimage\"},\"image\":{\"@id\":\"https:\/\/stafit.ee\/ru\/tovar\/%d0%bf%d0%b5%d1%80%d1%87%d0%b0%d1%82%d0%ba%d0%b8-%d1%81-%d0%bd%d0%b8%d1%82%d1%80%d0%b8%d0%bb%d0%be%d0%b2%d1%8b%d0%bc-%d0%bf%d0%be%d0%ba%d1%80%d1%8b%d1%82%d0%b8%d0%b5%d0%bc-novadex\/#primaryimage\"},\"thumbnailUrl\":\"https:\/\/stafit.ee\/wp-content\/uploads\/2023\/11\/9310.jpg\",\"datePublished\":\"2023-11-07T14:14:29+00:00\",\"dateModified\":\"2026-04-08T15:22:35+00:00\",\"breadcrumb\":{\"@id\":\"https:\/\/stafit.ee\/ru\/tovar\/%d0%bf%d0%b5%d1%80%d1%87%d0%b0%d1%82%d0%ba%d0%b8-%d1%81-%d0%bd%d0%b8%d1%82%d1%80%d0%b8%d0%bb%d0%be%d0%b2%d1%8b%d0%bc-%d0%bf%d0%be%d0%ba%d1%80%d1%8b%d1%82%d0%b8%d0%b5%d0%bc-novadex\/#breadcrumb\"},\"inLanguage\":\"ru-RU\",\"potentialAction\":[{\"@type\":\"ReadAction\",\"target\":[\"https:\/\/stafit.ee\/ru\/tovar\/%d0%bf%d0%b5%d1%80%d1%87%d0%b0%d1%82%d0%ba%d0%b8-%d1%81-%d0%bd%d0%b8%d1%82%d1%80%d0%b8%d0%bb%d0%be%d0%b2%d1%8b%d0%bc-%d0%bf%d0%be%d0%ba%d1%80%d1%8b%d1%82%d0%b8%d0%b5%d0%bc-novadex\/\"]}]},{\"@type\":\"ImageObject\",\"inLanguage\":\"ru-RU\",\"@id\":\"https:\/\/stafit.ee\/ru\/tovar\/%d0%bf%d0%b5%d1%80%d1%87%d0%b0%d1%82%d0%ba%d0%b8-%d1%81-%d0%bd%d0%b8%d1%82%d1%80%d0%b8%d0%bb%d0%be%d0%b2%d1%8b%d0%bc-%d0%bf%d0%be%d0%ba%d1%80%d1%8b%d1%82%d0%b8%d0%b5%d0%bc-novadex\/#primaryimage\",\"url\":\"https:\/\/stafit.ee\/wp-content\/uploads\/2023\/11\/9310.jpg\",\"contentUrl\":\"https:\/\/stafit.ee\/wp-content\/uploads\/2023\/11\/9310.jpg\",\"width\":550,\"height\":550},{\"@type\":\"BreadcrumbList\",\"@id\":\"https:\/\/stafit.ee\/ru\/tovar\/%d0%bf%d0%b5%d1%80%d1%87%d0%b0%d1%82%d0%ba%d0%b8-%d1%81-%d0%bd%d0%b8%d1%82%d1%80%d0%b8%d0%bb%d0%be%d0%b2%d1%8b%d0%bc-%d0%bf%d0%be%d0%ba%d1%80%d1%8b%d1%82%d0%b8%d0%b5%d0%bc-novadex\/#breadcrumb\",\"itemListElement\":[{\"@type\":\"ListItem\",\"position\":1,\"name\":\"Home\",\"item\":\"https:\/\/stafit.ee\/ru\/\"},{\"@type\":\"ListItem\",\"position\":2,\"name\":\"\u041c\u0430\u0433\u0430\u0437\u0438\u043d\",\"item\":\"https:\/\/stafit.ee\/ru\/pood\/\"},{\"@type\":\"ListItem\",\"position\":3,\"name\":\"\u041f\u0435\u0440\u0447\u0430\u0442\u043a\u0438 \u0441 \u043d\u0438\u0442\u0440\u0438\u043b\u043e\u0432\u044b\u043c \u043f\u043e\u043a\u0440\u044b\u0442\u0438\u0435\u043c NOVADEX\"}]},{\"@type\":\"WebSite\",\"@id\":\"https:\/\/stafit.ee\/#website\",\"url\":\"https:\/\/stafit.ee\/\",\"name\":\"Stafit O\u00dc\",\"description\":\"T\u00f6\u00f6riete ja ohutusvahendite jae ja hulgim\u00fc\u00fck\",\"potentialAction\":[{\"@type\":\"SearchAction\",\"target\":{\"@type\":\"EntryPoint\",\"urlTemplate\":\"https:\/\/stafit.ee\/?s={search_term_string}\"},\"query-input\":{\"@type\":\"PropertyValueSpecification\",\"valueRequired\":true,\"valueName\":\"search_term_string\"}}],\"inLanguage\":\"ru-RU\"}]}<\/script>\n<!-- \/ Yoast SEO plugin. -->","yoast_head_json":{"title":"\u041f\u0435\u0440\u0447\u0430\u0442\u043a\u0438 \u0441 \u043d\u0438\u0442\u0440\u0438\u043b\u043e\u0432\u044b\u043c \u043f\u043e\u043a\u0440\u044b\u0442\u0438\u0435\u043c NOVADEX - Stafit O\u00dc","robots":{"index":"index","follow":"follow","max-snippet":"max-snippet:-1","max-image-preview":"max-image-preview:large","max-video-preview":"max-video-preview:-1"},"canonical":"https:\/\/stafit.ee\/ru\/tovar\/\u043f\u0435\u0440\u0447\u0430\u0442\u043a\u0438-\u0441-\u043d\u0438\u0442\u0440\u0438\u043b\u043e\u0432\u044b\u043c-\u043f\u043e\u043a\u0440\u044b\u0442\u0438\u0435\u043c-novadex\/","og_locale":"ru_RU","og_type":"article","og_title":"\u041f\u0435\u0440\u0447\u0430\u0442\u043a\u0438 \u0441 \u043d\u0438\u0442\u0440\u0438\u043b\u043e\u0432\u044b\u043c \u043f\u043e\u043a\u0440\u044b\u0442\u0438\u0435\u043c NOVADEX - Stafit O\u00dc","og_description":"\u041f\u0435\u0440\u0447\u0430\u0442\u043a\u0438, \u043f\u043e\u043a\u0440\u044b\u0442\u044b\u0435 \u043d\u0438\u0442\u0440\u0438\u043b\u043e\u0432\u044b\u043c \u043a\u0430\u0443\u0447\u0443\u043a\u043e\u043c. \u042d\u043b\u0430\u0441\u0442\u0438\u0447\u043d\u044b\u0435, \u0443\u0434\u043e\u0431\u043d\u044b\u0435, \u0441 \u0445\u043e\u0440\u043e\u0448\u0438\u043c \u0441\u0446\u0435\u043f\u043b\u0435\u043d\u0438\u0435\u043c. \u041d\u0438\u0442\u0440\u0438\u043b\u043e\u0432\u044b\u0439 \u043a\u0430\u0443\u0447\u0443\u043a \u043e\u0431\u0435\u0441\u043f\u0435\u0447\u0438\u0432\u0430\u0435\u0442 \u0432\u043e\u0434\u043e- \u0438 \u043c\u0430\u0441\u043b\u043e\u0441\u0442\u043e\u0439\u043a\u043e\u0441\u0442\u044c, \u0430 \u0442\u0430\u043a\u0436\u0435 \u043c\u0435\u0445\u0430\u043d\u0438\u0447\u0435\u0441\u043a\u0443\u044e \u043f\u0440\u043e\u0447\u043d\u043e\u0441\u0442\u044c. \u0414\u044b\u0448\u0430\u0449\u0430\u044f \u0442\u044b\u043b\u044c\u043d\u0430\u044f \u0441\u0442\u043e\u0440\u043e\u043d\u0430. \u042d\u043b\u0430\u0441\u0442\u0438\u0447\u043d\u0430\u044f \u0445\u043b\u043e\u043f\u043a\u043e\u0432\u0430\u044f \u0440\u0435\u0437\u0438\u043d\u043a\u0430. \u041f\u0435\u0440\u0447\u0430\u0442\u043a\u0438 \u0441 \u043e\u0431\u0440\u0430\u0431\u043e\u0442\u043a\u043e\u0439 Actifresh\u00ae, \u043f\u0440\u0435\u0434\u043e\u0442\u0432\u0440\u0430\u0449\u0430\u044e\u0449\u0435\u0439 \u0440\u0430\u0437\u0432\u0438\u0442\u0438\u0435 \u0431\u0430\u043a\u0442\u0435\u0440\u0438\u0439, \u0433\u0440\u0438\u0431\u043a\u043e\u0432 \u0438 \u0434\u0440\u0443\u0433\u0438\u0445 \u043c\u0438\u043a\u0440\u043e\u043e\u0440\u0433\u0430\u043d\u0438\u0437\u043c\u043e\u0432. \u041e\u0431\u043b\u0430\u0441\u0442\u044c \u043f\u0440\u0438\u043c\u0435\u043d\u0435\u043d\u0438\u044f: \u043f\u043e\u0434\u0445\u043e\u0434\u044f\u0442 \u0434\u043b\u044f \u0441\u043a\u043b\u0430\u0434\u0438\u0440\u043e\u0432\u0430\u043d\u0438\u044f, \u0441\u0430\u0434\u043e\u0432\u043e\u0434\u0441\u0442\u0432\u0430, \u043e\u0431\u0440\u0430\u0431\u043e\u0442\u043a\u0438 \u043c\u0430\u0441\u043b\u044f\u043d\u044b\u0445 \u0438 \u0441\u043a\u043e\u043b\u044c\u0437\u043a\u0438\u0445 \u043f\u0440\u0435\u0434\u043c\u0435\u0442\u043e\u0432, \u0434\u0435\u0440\u0435\u0432\u043e\u043e\u0431\u0440\u0430\u0431\u0430\u0442\u044b\u0432\u0430\u044e\u0449\u0435\u0439 \u043f\u0440\u043e\u043c\u044b\u0448\u043b\u0435\u043d\u043d\u043e\u0441\u0442\u0438 \u0438 \u0442.\u0434. \u041f\u043e\u0434\u043a\u043b\u0430\u0434\u043a\u0430: 100% \u0445\u043b\u043e\u043f\u043e\u043a \u041f\u043e\u043a\u0440\u044b\u0442\u0438\u0435:...","og_url":"https:\/\/stafit.ee\/ru\/tovar\/\u043f\u0435\u0440\u0447\u0430\u0442\u043a\u0438-\u0441-\u043d\u0438\u0442\u0440\u0438\u043b\u043e\u0432\u044b\u043c-\u043f\u043e\u043a\u0440\u044b\u0442\u0438\u0435\u043c-novadex\/","og_site_name":"Stafit O\u00dc","article_modified_time":"2026-04-08T15:22:35+00:00","og_image":[{"width":550,"height":550,"url":"https:\/\/stafit.ee\/wp-content\/uploads\/2023\/11\/9310.jpg","type":"image\/jpeg"}],"twitter_card":"summary_large_image","schema":{"@context":"https:\/\/schema.org","@graph":[{"@type":"WebPage","@id":"https:\/\/stafit.ee\/ru\/tovar\/%d0%bf%d0%b5%d1%80%d1%87%d0%b0%d1%82%d0%ba%d0%b8-%d1%81-%d0%bd%d0%b8%d1%82%d1%80%d0%b8%d0%bb%d0%be%d0%b2%d1%8b%d0%bc-%d0%bf%d0%be%d0%ba%d1%80%d1%8b%d1%82%d0%b8%d0%b5%d0%bc-novadex\/","url":"https:\/\/stafit.ee\/ru\/tovar\/%d0%bf%d0%b5%d1%80%d1%87%d0%b0%d1%82%d0%ba%d0%b8-%d1%81-%d0%bd%d0%b8%d1%82%d1%80%d0%b8%d0%bb%d0%be%d0%b2%d1%8b%d0%bc-%d0%bf%d0%be%d0%ba%d1%80%d1%8b%d1%82%d0%b8%d0%b5%d0%bc-novadex\/","name":"\u041f\u0435\u0440\u0447\u0430\u0442\u043a\u0438 \u0441 \u043d\u0438\u0442\u0440\u0438\u043b\u043e\u0432\u044b\u043c \u043f\u043e\u043a\u0440\u044b\u0442\u0438\u0435\u043c NOVADEX - Stafit O\u00dc","isPartOf":{"@id":"https:\/\/stafit.ee\/#website"},"primaryImageOfPage":{"@id":"https:\/\/stafit.ee\/ru\/tovar\/%d0%bf%d0%b5%d1%80%d1%87%d0%b0%d1%82%d0%ba%d0%b8-%d1%81-%d0%bd%d0%b8%d1%82%d1%80%d0%b8%d0%bb%d0%be%d0%b2%d1%8b%d0%bc-%d0%bf%d0%be%d0%ba%d1%80%d1%8b%d1%82%d0%b8%d0%b5%d0%bc-novadex\/#primaryimage"},"image":{"@id":"https:\/\/stafit.ee\/ru\/tovar\/%d0%bf%d0%b5%d1%80%d1%87%d0%b0%d1%82%d0%ba%d0%b8-%d1%81-%d0%bd%d0%b8%d1%82%d1%80%d0%b8%d0%bb%d0%be%d0%b2%d1%8b%d0%bc-%d0%bf%d0%be%d0%ba%d1%80%d1%8b%d1%82%d0%b8%d0%b5%d0%bc-novadex\/#primaryimage"},"thumbnailUrl":"https:\/\/stafit.ee\/wp-content\/uploads\/2023\/11\/9310.jpg","datePublished":"2023-11-07T14:14:29+00:00","dateModified":"2026-04-08T15:22:35+00:00","breadcrumb":{"@id":"https:\/\/stafit.ee\/ru\/tovar\/%d0%bf%d0%b5%d1%80%d1%87%d0%b0%d1%82%d0%ba%d0%b8-%d1%81-%d0%bd%d0%b8%d1%82%d1%80%d0%b8%d0%bb%d0%be%d0%b2%d1%8b%d0%bc-%d0%bf%d0%be%d0%ba%d1%80%d1%8b%d1%82%d0%b8%d0%b5%d0%bc-novadex\/#breadcrumb"},"inLanguage":"ru-RU","potentialAction":[{"@type":"ReadAction","target":["https:\/\/stafit.ee\/ru\/tovar\/%d0%bf%d0%b5%d1%80%d1%87%d0%b0%d1%82%d0%ba%d0%b8-%d1%81-%d0%bd%d0%b8%d1%82%d1%80%d0%b8%d0%bb%d0%be%d0%b2%d1%8b%d0%bc-%d0%bf%d0%be%d0%ba%d1%80%d1%8b%d1%82%d0%b8%d0%b5%d0%bc-novadex\/"]}]},{"@type":"ImageObject","inLanguage":"ru-RU","@id":"https:\/\/stafit.ee\/ru\/tovar\/%d0%bf%d0%b5%d1%80%d1%87%d0%b0%d1%82%d0%ba%d0%b8-%d1%81-%d0%bd%d0%b8%d1%82%d1%80%d0%b8%d0%bb%d0%be%d0%b2%d1%8b%d0%bc-%d0%bf%d0%be%d0%ba%d1%80%d1%8b%d1%82%d0%b8%d0%b5%d0%bc-novadex\/#primaryimage","url":"https:\/\/stafit.ee\/wp-content\/uploads\/2023\/11\/9310.jpg","contentUrl":"https:\/\/stafit.ee\/wp-content\/uploads\/2023\/11\/9310.jpg","width":550,"height":550},{"@type":"BreadcrumbList","@id":"https:\/\/stafit.ee\/ru\/tovar\/%d0%bf%d0%b5%d1%80%d1%87%d0%b0%d1%82%d0%ba%d0%b8-%d1%81-%d0%bd%d0%b8%d1%82%d1%80%d0%b8%d0%bb%d0%be%d0%b2%d1%8b%d0%bc-%d0%bf%d0%be%d0%ba%d1%80%d1%8b%d1%82%d0%b8%d0%b5%d0%bc-novadex\/#breadcrumb","itemListElement":[{"@type":"ListItem","position":1,"name":"Home","item":"https:\/\/stafit.ee\/ru\/"},{"@type":"ListItem","position":2,"name":"\u041c\u0430\u0433\u0430\u0437\u0438\u043d","item":"https:\/\/stafit.ee\/ru\/pood\/"},{"@type":"ListItem","position":3,"name":"\u041f\u0435\u0440\u0447\u0430\u0442\u043a\u0438 \u0441 \u043d\u0438\u0442\u0440\u0438\u043b\u043e\u0432\u044b\u043c \u043f\u043e\u043a\u0440\u044b\u0442\u0438\u0435\u043c NOVADEX"}]},{"@type":"WebSite","@id":"https:\/\/stafit.ee\/#website","url":"https:\/\/stafit.ee\/","name":"Stafit O\u00dc","description":"T\u00f6\u00f6riete ja ohutusvahendite jae ja hulgim\u00fc\u00fck","potentialAction":[{"@type":"SearchAction","target":{"@type":"EntryPoint","urlTemplate":"https:\/\/stafit.ee\/?s={search_term_string}"},"query-input":{"@type":"PropertyValueSpecification","valueRequired":true,"valueName":"search_term_string"}}],"inLanguage":"ru-RU"}]}},"brands":[],"_links":{"self":[{"href":"https:\/\/stafit.ee\/ru\/wp-json\/wp\/v2\/product\/60657","targetHints":{"allow":["GET"]}}],"collection":[{"href":"https:\/\/stafit.ee\/ru\/wp-json\/wp\/v2\/product"}],"about":[{"href":"https:\/\/stafit.ee\/ru\/wp-json\/wp\/v2\/types\/product"}],"wp:featuredmedia":[{"embeddable":true,"href":"https:\/\/stafit.ee\/ru\/wp-json\/wp\/v2\/media\/60651"}],"wp:attachment":[{"href":"https:\/\/stafit.ee\/ru\/wp-json\/wp\/v2\/media?parent=60657"}],"wp:term":[{"taxonomy":"pwb-brand","embeddable":true,"href":"https:\/\/stafit.ee\/ru\/wp-json\/wp\/v2\/pwb-brand?post=60657"},{"taxonomy":"product_brand","embeddable":true,"href":"https:\/\/stafit.ee\/ru\/wp-json\/wp\/v2\/product_brand?post=60657"},{"taxonomy":"product_cat","embeddable":true,"href":"https:\/\/stafit.ee\/ru\/wp-json\/wp\/v2\/product_cat?post=60657"},{"taxonomy":"product_tag","embeddable":true,"href":"https:\/\/stafit.ee\/ru\/wp-json\/wp\/v2\/product_tag?post=60657"}],"curies":[{"name":"wp","href":"https:\/\/api.w.org\/{rel}","templated":true}]}}