{"id":5941,"date":"2020-10-09T15:54:30","date_gmt":"2020-10-09T13:54:30","guid":{"rendered":"https:\/\/stafit.ee\/toode\/planam-bw-270-%d1%80%d0%b0%d0%b1%d0%be%d1%87%d0%b8%d0%b9-%d0%ba%d0%be%d0%bc%d0%b1%d0%b8%d0%bd%d0%b5%d0%b7%d0%be%d0%bd-%d1%8f%d1%80%d0%ba%d0%be-%d1%81%d0%b8%d0%bd%d0%b8%d0%b9\/"},"modified":"2026-04-08T18:17:38","modified_gmt":"2026-04-08T15:17:38","slug":"planam-bw-270-%d1%80%d0%b0%d0%b1%d0%be%d1%87%d0%b8%d0%b9-%d0%ba%d0%be%d0%bc%d0%b1%d0%b8%d0%bd%d0%b5%d0%b7%d0%be%d0%bd-%d1%8f%d1%80%d0%ba%d0%be-%d1%81%d0%b8%d0%bd%d0%b8%d0%b9","status":"publish","type":"product","link":"https:\/\/stafit.ee\/ru\/tovar\/planam-bw-270-%d1%80%d0%b0%d0%b1%d0%be%d1%87%d0%b8%d0%b9-%d0%ba%d0%be%d0%bc%d0%b1%d0%b8%d0%bd%d0%b5%d0%b7%d0%be%d0%bd-%d1%8f%d1%80%d0%ba%d0%be-%d1%81%d0%b8%d0%bd%d0%b8%d0%b9\/","title":{"rendered":"Planam BW 270 \u0440\u0430\u0431\u043e\u0447\u0438\u0439 \u043a\u043e\u043c\u0431\u0438\u043d\u0435\u0437\u043e\u043d \u044f\u0440\u043a\u043e-\u0441\u0438\u043d\u0438\u0439"},"content":{"rendered":"<ul>\n<li>100% \u0445\u043b\u043e\u043f\u043e\u043a, 270 \u0433\/\u043c\u00b2<\/li>\n<li>\u0438\u0437\u043d\u043e\u0441\u043e\u0441\u0442\u043e\u0439\u043a<span lang=\"ru-RU\">\u0438\u0439<\/span> \u0440\u0430\u0431\u043e\u0447\u0438<span lang=\"ru-RU\">\u0439<\/span> <span lang=\"ru-RU\">\u043a\u043e\u043c\u0431\u0438\u043d\u0435\u0437\u043e\u043d<\/span><\/li>\n<li lang=\"ru-RU\">\u0443\u0441\u0442\u043e\u0439\u0447\u0438\u0432\u044b\u0439 \u043a \u0443\u0441\u0430\u0434\u043a\u0435 \u043c\u0430\u0442\u0435\u0440\u0438\u0430\u043b \u0432 \u0441\u043e\u043e\u0442\u0432\u0435\u0442\u0441\u0442\u0432\u0438\u0438 \u0441 DIN EN ISO 6330<\/li>\n<li lang=\"ru-RU\">\u0434\u0432\u0443\u0445\u0441\u0442\u043e\u0440\u043e\u043d\u043d\u044f\u044f \u043c\u043e\u043b\u043d\u0438\u044f (\u0434\u043b\u0438\u043d\u0430 \u043f\u0440\u0438\u043c\u0435\u0440\u043d\u043e 70 \u0441\u043c)<\/li>\n<li lang=\"ru-RU\">2 \u043d\u0430\u0433\u0440\u0443\u0434\u043d\u044b\u0445 \u043a\u0430\u0440\u043c\u0430\u043d\u0430 \u0441 \u043a\u043b\u0430\u043f\u0430\u043d\u043e\u043c<\/li>\n<li lang=\"ru-RU\">2 \u043d\u0430\u043a\u043b\u0430\u0434\u043d\u044b\u0445 \u0431\u043e\u043a\u043e\u0432\u044b\u0445 \u043a\u0430\u0440\u043c\u0430\u043d\u0430<\/li>\n<li lang=\"ru-RU\">1 \u043a\u0430\u0440\u043c\u0430\u043d \u0434\u043b\u044f \u043b\u0438\u043d\u0435\u0439\u043a\u0438<\/li>\n<li lang=\"ru-RU\">2 \u0437\u0430\u0434\u043d\u0438\u0445 \u043a\u0430\u0440\u043c\u0430\u043d\u0430<\/li>\n<li lang=\"ru-RU\">\u0440\u0435\u0433\u0443\u043b\u0438\u0440\u0443\u0435\u043c\u0430\u044f \u0448\u0438\u0440\u0438\u043d\u0430 \u0440\u0443\u043a\u0430\u0432\u043e\u0432 \u0438 \u0431\u0440\u044e\u0447\u0438\u043d<\/li>\n<li lang=\"ru-RU\">\u044d\u043b\u0430\u0441\u0442\u0438\u0447\u043d\u0430\u044f \u0440\u0435\u0437\u0438\u043d\u043a\u0430 \u043d\u0430 \u0441\u043f\u0438\u043d\u0435<\/li>\n<\/ul>\n","protected":false},"excerpt":{"rendered":"<p>100% \u0445\u043b\u043e\u043f\u043e\u043a, 270 \u0433\/\u043c\u00b2 \u0438\u0437\u043d\u043e\u0441\u043e\u0441\u0442\u043e\u0439\u043a\u0438\u0439 \u0440\u0430\u0431\u043e\u0447\u0438\u0439 \u043a\u043e\u043c\u0431\u0438\u043d\u0435\u0437\u043e\u043d \u0443\u0441\u0442\u043e\u0439\u0447\u0438\u0432\u044b\u0439 \u043a \u0443\u0441\u0430\u0434\u043a\u0435 \u043c\u0430\u0442\u0435\u0440\u0438\u0430\u043b \u0432 \u0441\u043e\u043e\u0442\u0432\u0435\u0442\u0441\u0442\u0432\u0438\u0438 \u0441 DIN EN ISO 6330 \u0434\u0432\u0443\u0445\u0441\u0442\u043e\u0440\u043e\u043d\u043d\u044f\u044f \u043c\u043e\u043b\u043d\u0438\u044f (\u0434\u043b\u0438\u043d\u0430 \u043f\u0440\u0438\u043c\u0435\u0440\u043d\u043e 70 \u0441\u043c) 2 \u043d\u0430\u0433\u0440\u0443\u0434\u043d\u044b\u0445 \u043a\u0430\u0440\u043c\u0430\u043d\u0430 \u0441 \u043a\u043b\u0430\u043f\u0430\u043d\u043e\u043c 2 \u043d\u0430\u043a\u043b\u0430\u0434\u043d\u044b\u0445 \u0431\u043e\u043a\u043e\u0432\u044b\u0445 \u043a\u0430\u0440\u043c\u0430\u043d\u0430 1 \u043a\u0430\u0440\u043c\u0430\u043d \u0434\u043b\u044f \u043b\u0438\u043d\u0435\u0439\u043a\u0438 2 \u0437\u0430\u0434\u043d\u0438\u0445 \u043a\u0430\u0440\u043c\u0430\u043d\u0430 \u0440\u0435\u0433\u0443\u043b\u0438\u0440\u0443\u0435\u043c\u0430\u044f \u0448\u0438\u0440\u0438\u043d\u0430 \u0440\u0443\u043a\u0430\u0432\u043e\u0432 \u0438 \u0431\u0440\u044e\u0447\u0438\u043d \u044d\u043b\u0430\u0441\u0442\u0438\u0447\u043d\u0430\u044f \u0440\u0435\u0437\u0438\u043d\u043a\u0430 \u043d\u0430 \u0441\u043f\u0438\u043d\u0435<\/p>\n","protected":false},"featured_media":8470,"template":"","meta":[],"pwb-brand":[328],"product_brand":[],"product_cat":[288],"product_tag":[],"class_list":{"0":"post-5941","1":"product","2":"type-product","3":"status-publish","4":"has-post-thumbnail","6":"pwb-brand-planam","7":"product_cat-288","9":"first","10":"instock","11":"taxable","12":"shipping-taxable","13":"purchasable","14":"product-type-variable"},"yoast_head":"<!-- This site is optimized with the Yoast SEO plugin v27.0 - https:\/\/yoast.com\/product\/yoast-seo-wordpress\/ -->\n<title>Planam BW 270 \u0440\u0430\u0431\u043e\u0447\u0438\u0439 \u043a\u043e\u043c\u0431\u0438\u043d\u0435\u0437\u043e\u043d \u044f\u0440\u043a\u043e-\u0441\u0438\u043d\u0438\u0439 - Stafit O\u00dc<\/title>\n<meta name=\"robots\" content=\"index, follow, max-snippet:-1, max-image-preview:large, max-video-preview:-1\" \/>\n<link rel=\"canonical\" href=\"https:\/\/stafit.ee\/ru\/tovar\/planam-bw-270-\u0440\u0430\u0431\u043e\u0447\u0438\u0439-\u043a\u043e\u043c\u0431\u0438\u043d\u0435\u0437\u043e\u043d-\u044f\u0440\u043a\u043e-\u0441\u0438\u043d\u0438\u0439\/\" \/>\n<meta property=\"og:locale\" content=\"ru_RU\" \/>\n<meta property=\"og:type\" content=\"article\" \/>\n<meta property=\"og:title\" content=\"Planam BW 270 \u0440\u0430\u0431\u043e\u0447\u0438\u0439 \u043a\u043e\u043c\u0431\u0438\u043d\u0435\u0437\u043e\u043d \u044f\u0440\u043a\u043e-\u0441\u0438\u043d\u0438\u0439 - Stafit O\u00dc\" \/>\n<meta property=\"og:description\" content=\"100% \u0445\u043b\u043e\u043f\u043e\u043a, 270 \u0433\/\u043c\u00b2 \u0438\u0437\u043d\u043e\u0441\u043e\u0441\u0442\u043e\u0439\u043a\u0438\u0439 \u0440\u0430\u0431\u043e\u0447\u0438\u0439 \u043a\u043e\u043c\u0431\u0438\u043d\u0435\u0437\u043e\u043d \u0443\u0441\u0442\u043e\u0439\u0447\u0438\u0432\u044b\u0439 \u043a \u0443\u0441\u0430\u0434\u043a\u0435 \u043c\u0430\u0442\u0435\u0440\u0438\u0430\u043b \u0432 \u0441\u043e\u043e\u0442\u0432\u0435\u0442\u0441\u0442\u0432\u0438\u0438 \u0441 DIN EN ISO 6330 \u0434\u0432\u0443\u0445\u0441\u0442\u043e\u0440\u043e\u043d\u043d\u044f\u044f \u043c\u043e\u043b\u043d\u0438\u044f (\u0434\u043b\u0438\u043d\u0430 \u043f\u0440\u0438\u043c\u0435\u0440\u043d\u043e 70 \u0441\u043c) 2 \u043d\u0430\u0433\u0440\u0443\u0434\u043d\u044b\u0445 \u043a\u0430\u0440\u043c\u0430\u043d\u0430 \u0441 \u043a\u043b\u0430\u043f\u0430\u043d\u043e\u043c 2 \u043d\u0430\u043a\u043b\u0430\u0434\u043d\u044b\u0445 \u0431\u043e\u043a\u043e\u0432\u044b\u0445 \u043a\u0430\u0440\u043c\u0430\u043d\u0430 1 \u043a\u0430\u0440\u043c\u0430\u043d \u0434\u043b\u044f \u043b\u0438\u043d\u0435\u0439\u043a\u0438 2 \u0437\u0430\u0434\u043d\u0438\u0445 \u043a\u0430\u0440\u043c\u0430\u043d\u0430 \u0440\u0435\u0433\u0443\u043b\u0438\u0440\u0443\u0435\u043c\u0430\u044f \u0448\u0438\u0440\u0438\u043d\u0430 \u0440\u0443\u043a\u0430\u0432\u043e\u0432 \u0438 \u0431\u0440\u044e\u0447\u0438\u043d \u044d\u043b\u0430\u0441\u0442\u0438\u0447\u043d\u0430\u044f \u0440\u0435\u0437\u0438\u043d\u043a\u0430 \u043d\u0430 \u0441\u043f\u0438\u043d\u0435\" \/>\n<meta property=\"og:url\" content=\"https:\/\/stafit.ee\/ru\/tovar\/planam-bw-270-\u0440\u0430\u0431\u043e\u0447\u0438\u0439-\u043a\u043e\u043c\u0431\u0438\u043d\u0435\u0437\u043e\u043d-\u044f\u0440\u043a\u043e-\u0441\u0438\u043d\u0438\u0439\/\" \/>\n<meta property=\"og:site_name\" content=\"Stafit O\u00dc\" \/>\n<meta property=\"article:modified_time\" content=\"2026-04-08T15:17:38+00:00\" \/>\n<meta name=\"twitter:card\" content=\"summary_large_image\" \/>\n<script type=\"application\/ld+json\" class=\"yoast-schema-graph\">{\"@context\":\"https:\/\/schema.org\",\"@graph\":[{\"@type\":\"WebPage\",\"@id\":\"https:\/\/stafit.ee\/ru\/tovar\/planam-bw-270-%d1%80%d0%b0%d0%b1%d0%be%d1%87%d0%b8%d0%b9-%d0%ba%d0%be%d0%bc%d0%b1%d0%b8%d0%bd%d0%b5%d0%b7%d0%be%d0%bd-%d1%8f%d1%80%d0%ba%d0%be-%d1%81%d0%b8%d0%bd%d0%b8%d0%b9\/\",\"url\":\"https:\/\/stafit.ee\/ru\/tovar\/planam-bw-270-%d1%80%d0%b0%d0%b1%d0%be%d1%87%d0%b8%d0%b9-%d0%ba%d0%be%d0%bc%d0%b1%d0%b8%d0%bd%d0%b5%d0%b7%d0%be%d0%bd-%d1%8f%d1%80%d0%ba%d0%be-%d1%81%d0%b8%d0%bd%d0%b8%d0%b9\/\",\"name\":\"Planam BW 270 \u0440\u0430\u0431\u043e\u0447\u0438\u0439 \u043a\u043e\u043c\u0431\u0438\u043d\u0435\u0437\u043e\u043d \u044f\u0440\u043a\u043e-\u0441\u0438\u043d\u0438\u0439 - Stafit O\u00dc\",\"isPartOf\":{\"@id\":\"https:\/\/stafit.ee\/#website\"},\"primaryImageOfPage\":{\"@id\":\"https:\/\/stafit.ee\/ru\/tovar\/planam-bw-270-%d1%80%d0%b0%d0%b1%d0%be%d1%87%d0%b8%d0%b9-%d0%ba%d0%be%d0%bc%d0%b1%d0%b8%d0%bd%d0%b5%d0%b7%d0%be%d0%bd-%d1%8f%d1%80%d0%ba%d0%be-%d1%81%d0%b8%d0%bd%d0%b8%d0%b9\/#primaryimage\"},\"image\":{\"@id\":\"https:\/\/stafit.ee\/ru\/tovar\/planam-bw-270-%d1%80%d0%b0%d0%b1%d0%be%d1%87%d0%b8%d0%b9-%d0%ba%d0%be%d0%bc%d0%b1%d0%b8%d0%bd%d0%b5%d0%b7%d0%be%d0%bd-%d1%8f%d1%80%d0%ba%d0%be-%d1%81%d0%b8%d0%bd%d0%b8%d0%b9\/#primaryimage\"},\"thumbnailUrl\":\"https:\/\/stafit.ee\/wp-content\/uploads\/2020\/10\/1540.jpg\",\"datePublished\":\"2020-10-09T13:54:30+00:00\",\"dateModified\":\"2026-04-08T15:17:38+00:00\",\"breadcrumb\":{\"@id\":\"https:\/\/stafit.ee\/ru\/tovar\/planam-bw-270-%d1%80%d0%b0%d0%b1%d0%be%d1%87%d0%b8%d0%b9-%d0%ba%d0%be%d0%bc%d0%b1%d0%b8%d0%bd%d0%b5%d0%b7%d0%be%d0%bd-%d1%8f%d1%80%d0%ba%d0%be-%d1%81%d0%b8%d0%bd%d0%b8%d0%b9\/#breadcrumb\"},\"inLanguage\":\"ru-RU\",\"potentialAction\":[{\"@type\":\"ReadAction\",\"target\":[\"https:\/\/stafit.ee\/ru\/tovar\/planam-bw-270-%d1%80%d0%b0%d0%b1%d0%be%d1%87%d0%b8%d0%b9-%d0%ba%d0%be%d0%bc%d0%b1%d0%b8%d0%bd%d0%b5%d0%b7%d0%be%d0%bd-%d1%8f%d1%80%d0%ba%d0%be-%d1%81%d0%b8%d0%bd%d0%b8%d0%b9\/\"]}]},{\"@type\":\"ImageObject\",\"inLanguage\":\"ru-RU\",\"@id\":\"https:\/\/stafit.ee\/ru\/tovar\/planam-bw-270-%d1%80%d0%b0%d0%b1%d0%be%d1%87%d0%b8%d0%b9-%d0%ba%d0%be%d0%bc%d0%b1%d0%b8%d0%bd%d0%b5%d0%b7%d0%be%d0%bd-%d1%8f%d1%80%d0%ba%d0%be-%d1%81%d0%b8%d0%bd%d0%b8%d0%b9\/#primaryimage\",\"url\":\"https:\/\/stafit.ee\/wp-content\/uploads\/2020\/10\/1540.jpg\",\"contentUrl\":\"https:\/\/stafit.ee\/wp-content\/uploads\/2020\/10\/1540.jpg\",\"width\":1080,\"height\":1198},{\"@type\":\"BreadcrumbList\",\"@id\":\"https:\/\/stafit.ee\/ru\/tovar\/planam-bw-270-%d1%80%d0%b0%d0%b1%d0%be%d1%87%d0%b8%d0%b9-%d0%ba%d0%be%d0%bc%d0%b1%d0%b8%d0%bd%d0%b5%d0%b7%d0%be%d0%bd-%d1%8f%d1%80%d0%ba%d0%be-%d1%81%d0%b8%d0%bd%d0%b8%d0%b9\/#breadcrumb\",\"itemListElement\":[{\"@type\":\"ListItem\",\"position\":1,\"name\":\"Home\",\"item\":\"https:\/\/stafit.ee\/ru\/\"},{\"@type\":\"ListItem\",\"position\":2,\"name\":\"\u041c\u0430\u0433\u0430\u0437\u0438\u043d\",\"item\":\"https:\/\/stafit.ee\/ru\/pood\/\"},{\"@type\":\"ListItem\",\"position\":3,\"name\":\"Planam BW 270 \u0440\u0430\u0431\u043e\u0447\u0438\u0439 \u043a\u043e\u043c\u0431\u0438\u043d\u0435\u0437\u043e\u043d \u044f\u0440\u043a\u043e-\u0441\u0438\u043d\u0438\u0439\"}]},{\"@type\":\"WebSite\",\"@id\":\"https:\/\/stafit.ee\/#website\",\"url\":\"https:\/\/stafit.ee\/\",\"name\":\"Stafit O\u00dc\",\"description\":\"T\u00f6\u00f6riete ja ohutusvahendite jae ja hulgim\u00fc\u00fck\",\"potentialAction\":[{\"@type\":\"SearchAction\",\"target\":{\"@type\":\"EntryPoint\",\"urlTemplate\":\"https:\/\/stafit.ee\/?s={search_term_string}\"},\"query-input\":{\"@type\":\"PropertyValueSpecification\",\"valueRequired\":true,\"valueName\":\"search_term_string\"}}],\"inLanguage\":\"ru-RU\"}]}<\/script>\n<!-- \/ Yoast SEO plugin. -->","yoast_head_json":{"title":"Planam BW 270 \u0440\u0430\u0431\u043e\u0447\u0438\u0439 \u043a\u043e\u043c\u0431\u0438\u043d\u0435\u0437\u043e\u043d \u044f\u0440\u043a\u043e-\u0441\u0438\u043d\u0438\u0439 - Stafit O\u00dc","robots":{"index":"index","follow":"follow","max-snippet":"max-snippet:-1","max-image-preview":"max-image-preview:large","max-video-preview":"max-video-preview:-1"},"canonical":"https:\/\/stafit.ee\/ru\/tovar\/planam-bw-270-\u0440\u0430\u0431\u043e\u0447\u0438\u0439-\u043a\u043e\u043c\u0431\u0438\u043d\u0435\u0437\u043e\u043d-\u044f\u0440\u043a\u043e-\u0441\u0438\u043d\u0438\u0439\/","og_locale":"ru_RU","og_type":"article","og_title":"Planam BW 270 \u0440\u0430\u0431\u043e\u0447\u0438\u0439 \u043a\u043e\u043c\u0431\u0438\u043d\u0435\u0437\u043e\u043d \u044f\u0440\u043a\u043e-\u0441\u0438\u043d\u0438\u0439 - Stafit O\u00dc","og_description":"100% \u0445\u043b\u043e\u043f\u043e\u043a, 270 \u0433\/\u043c\u00b2 \u0438\u0437\u043d\u043e\u0441\u043e\u0441\u0442\u043e\u0439\u043a\u0438\u0439 \u0440\u0430\u0431\u043e\u0447\u0438\u0439 \u043a\u043e\u043c\u0431\u0438\u043d\u0435\u0437\u043e\u043d \u0443\u0441\u0442\u043e\u0439\u0447\u0438\u0432\u044b\u0439 \u043a \u0443\u0441\u0430\u0434\u043a\u0435 \u043c\u0430\u0442\u0435\u0440\u0438\u0430\u043b \u0432 \u0441\u043e\u043e\u0442\u0432\u0435\u0442\u0441\u0442\u0432\u0438\u0438 \u0441 DIN EN ISO 6330 \u0434\u0432\u0443\u0445\u0441\u0442\u043e\u0440\u043e\u043d\u043d\u044f\u044f \u043c\u043e\u043b\u043d\u0438\u044f (\u0434\u043b\u0438\u043d\u0430 \u043f\u0440\u0438\u043c\u0435\u0440\u043d\u043e 70 \u0441\u043c) 2 \u043d\u0430\u0433\u0440\u0443\u0434\u043d\u044b\u0445 \u043a\u0430\u0440\u043c\u0430\u043d\u0430 \u0441 \u043a\u043b\u0430\u043f\u0430\u043d\u043e\u043c 2 \u043d\u0430\u043a\u043b\u0430\u0434\u043d\u044b\u0445 \u0431\u043e\u043a\u043e\u0432\u044b\u0445 \u043a\u0430\u0440\u043c\u0430\u043d\u0430 1 \u043a\u0430\u0440\u043c\u0430\u043d \u0434\u043b\u044f \u043b\u0438\u043d\u0435\u0439\u043a\u0438 2 \u0437\u0430\u0434\u043d\u0438\u0445 \u043a\u0430\u0440\u043c\u0430\u043d\u0430 \u0440\u0435\u0433\u0443\u043b\u0438\u0440\u0443\u0435\u043c\u0430\u044f \u0448\u0438\u0440\u0438\u043d\u0430 \u0440\u0443\u043a\u0430\u0432\u043e\u0432 \u0438 \u0431\u0440\u044e\u0447\u0438\u043d \u044d\u043b\u0430\u0441\u0442\u0438\u0447\u043d\u0430\u044f \u0440\u0435\u0437\u0438\u043d\u043a\u0430 \u043d\u0430 \u0441\u043f\u0438\u043d\u0435","og_url":"https:\/\/stafit.ee\/ru\/tovar\/planam-bw-270-\u0440\u0430\u0431\u043e\u0447\u0438\u0439-\u043a\u043e\u043c\u0431\u0438\u043d\u0435\u0437\u043e\u043d-\u044f\u0440\u043a\u043e-\u0441\u0438\u043d\u0438\u0439\/","og_site_name":"Stafit O\u00dc","article_modified_time":"2026-04-08T15:17:38+00:00","twitter_card":"summary_large_image","schema":{"@context":"https:\/\/schema.org","@graph":[{"@type":"WebPage","@id":"https:\/\/stafit.ee\/ru\/tovar\/planam-bw-270-%d1%80%d0%b0%d0%b1%d0%be%d1%87%d0%b8%d0%b9-%d0%ba%d0%be%d0%bc%d0%b1%d0%b8%d0%bd%d0%b5%d0%b7%d0%be%d0%bd-%d1%8f%d1%80%d0%ba%d0%be-%d1%81%d0%b8%d0%bd%d0%b8%d0%b9\/","url":"https:\/\/stafit.ee\/ru\/tovar\/planam-bw-270-%d1%80%d0%b0%d0%b1%d0%be%d1%87%d0%b8%d0%b9-%d0%ba%d0%be%d0%bc%d0%b1%d0%b8%d0%bd%d0%b5%d0%b7%d0%be%d0%bd-%d1%8f%d1%80%d0%ba%d0%be-%d1%81%d0%b8%d0%bd%d0%b8%d0%b9\/","name":"Planam BW 270 \u0440\u0430\u0431\u043e\u0447\u0438\u0439 \u043a\u043e\u043c\u0431\u0438\u043d\u0435\u0437\u043e\u043d \u044f\u0440\u043a\u043e-\u0441\u0438\u043d\u0438\u0439 - Stafit O\u00dc","isPartOf":{"@id":"https:\/\/stafit.ee\/#website"},"primaryImageOfPage":{"@id":"https:\/\/stafit.ee\/ru\/tovar\/planam-bw-270-%d1%80%d0%b0%d0%b1%d0%be%d1%87%d0%b8%d0%b9-%d0%ba%d0%be%d0%bc%d0%b1%d0%b8%d0%bd%d0%b5%d0%b7%d0%be%d0%bd-%d1%8f%d1%80%d0%ba%d0%be-%d1%81%d0%b8%d0%bd%d0%b8%d0%b9\/#primaryimage"},"image":{"@id":"https:\/\/stafit.ee\/ru\/tovar\/planam-bw-270-%d1%80%d0%b0%d0%b1%d0%be%d1%87%d0%b8%d0%b9-%d0%ba%d0%be%d0%bc%d0%b1%d0%b8%d0%bd%d0%b5%d0%b7%d0%be%d0%bd-%d1%8f%d1%80%d0%ba%d0%be-%d1%81%d0%b8%d0%bd%d0%b8%d0%b9\/#primaryimage"},"thumbnailUrl":"https:\/\/stafit.ee\/wp-content\/uploads\/2020\/10\/1540.jpg","datePublished":"2020-10-09T13:54:30+00:00","dateModified":"2026-04-08T15:17:38+00:00","breadcrumb":{"@id":"https:\/\/stafit.ee\/ru\/tovar\/planam-bw-270-%d1%80%d0%b0%d0%b1%d0%be%d1%87%d0%b8%d0%b9-%d0%ba%d0%be%d0%bc%d0%b1%d0%b8%d0%bd%d0%b5%d0%b7%d0%be%d0%bd-%d1%8f%d1%80%d0%ba%d0%be-%d1%81%d0%b8%d0%bd%d0%b8%d0%b9\/#breadcrumb"},"inLanguage":"ru-RU","potentialAction":[{"@type":"ReadAction","target":["https:\/\/stafit.ee\/ru\/tovar\/planam-bw-270-%d1%80%d0%b0%d0%b1%d0%be%d1%87%d0%b8%d0%b9-%d0%ba%d0%be%d0%bc%d0%b1%d0%b8%d0%bd%d0%b5%d0%b7%d0%be%d0%bd-%d1%8f%d1%80%d0%ba%d0%be-%d1%81%d0%b8%d0%bd%d0%b8%d0%b9\/"]}]},{"@type":"ImageObject","inLanguage":"ru-RU","@id":"https:\/\/stafit.ee\/ru\/tovar\/planam-bw-270-%d1%80%d0%b0%d0%b1%d0%be%d1%87%d0%b8%d0%b9-%d0%ba%d0%be%d0%bc%d0%b1%d0%b8%d0%bd%d0%b5%d0%b7%d0%be%d0%bd-%d1%8f%d1%80%d0%ba%d0%be-%d1%81%d0%b8%d0%bd%d0%b8%d0%b9\/#primaryimage","url":"https:\/\/stafit.ee\/wp-content\/uploads\/2020\/10\/1540.jpg","contentUrl":"https:\/\/stafit.ee\/wp-content\/uploads\/2020\/10\/1540.jpg","width":1080,"height":1198},{"@type":"BreadcrumbList","@id":"https:\/\/stafit.ee\/ru\/tovar\/planam-bw-270-%d1%80%d0%b0%d0%b1%d0%be%d1%87%d0%b8%d0%b9-%d0%ba%d0%be%d0%bc%d0%b1%d0%b8%d0%bd%d0%b5%d0%b7%d0%be%d0%bd-%d1%8f%d1%80%d0%ba%d0%be-%d1%81%d0%b8%d0%bd%d0%b8%d0%b9\/#breadcrumb","itemListElement":[{"@type":"ListItem","position":1,"name":"Home","item":"https:\/\/stafit.ee\/ru\/"},{"@type":"ListItem","position":2,"name":"\u041c\u0430\u0433\u0430\u0437\u0438\u043d","item":"https:\/\/stafit.ee\/ru\/pood\/"},{"@type":"ListItem","position":3,"name":"Planam BW 270 \u0440\u0430\u0431\u043e\u0447\u0438\u0439 \u043a\u043e\u043c\u0431\u0438\u043d\u0435\u0437\u043e\u043d \u044f\u0440\u043a\u043e-\u0441\u0438\u043d\u0438\u0439"}]},{"@type":"WebSite","@id":"https:\/\/stafit.ee\/#website","url":"https:\/\/stafit.ee\/","name":"Stafit O\u00dc","description":"T\u00f6\u00f6riete ja ohutusvahendite jae ja hulgim\u00fc\u00fck","potentialAction":[{"@type":"SearchAction","target":{"@type":"EntryPoint","urlTemplate":"https:\/\/stafit.ee\/?s={search_term_string}"},"query-input":{"@type":"PropertyValueSpecification","valueRequired":true,"valueName":"search_term_string"}}],"inLanguage":"ru-RU"}]}},"brands":[{"id":328,"name":"Planam","slug":"planam"}],"_links":{"self":[{"href":"https:\/\/stafit.ee\/ru\/wp-json\/wp\/v2\/product\/5941","targetHints":{"allow":["GET"]}}],"collection":[{"href":"https:\/\/stafit.ee\/ru\/wp-json\/wp\/v2\/product"}],"about":[{"href":"https:\/\/stafit.ee\/ru\/wp-json\/wp\/v2\/types\/product"}],"wp:featuredmedia":[{"embeddable":true,"href":"https:\/\/stafit.ee\/ru\/wp-json\/wp\/v2\/media\/8470"}],"wp:attachment":[{"href":"https:\/\/stafit.ee\/ru\/wp-json\/wp\/v2\/media?parent=5941"}],"wp:term":[{"taxonomy":"pwb-brand","embeddable":true,"href":"https:\/\/stafit.ee\/ru\/wp-json\/wp\/v2\/pwb-brand?post=5941"},{"taxonomy":"product_brand","embeddable":true,"href":"https:\/\/stafit.ee\/ru\/wp-json\/wp\/v2\/product_brand?post=5941"},{"taxonomy":"product_cat","embeddable":true,"href":"https:\/\/stafit.ee\/ru\/wp-json\/wp\/v2\/product_cat?post=5941"},{"taxonomy":"product_tag","embeddable":true,"href":"https:\/\/stafit.ee\/ru\/wp-json\/wp\/v2\/product_tag?post=5941"}],"curies":[{"name":"wp","href":"https:\/\/api.w.org\/{rel}","templated":true}]}}