{"id":59093,"date":"2023-08-30T18:09:12","date_gmt":"2023-08-30T15:09:12","guid":{"rendered":"https:\/\/stafit.ee\/toode\/%d0%b6%d0%b5%d0%bd%d1%81%d0%ba%d0%b8%d0%b9-%d0%bf%d0%be%d0%b2%d0%b0%d1%80%d1%81%d0%ba%d0%be%d0%b9-%d0%ba%d0%b8%d1%82%d0%b5%d0%bb%d1%8c-agata-%d1%82%d1%91%d0%bc%d0%bd%d0%be-%d1%81%d0%b8%d0%bd%d0%b8\/"},"modified":"2026-04-08T18:19:44","modified_gmt":"2026-04-08T15:19:44","slug":"%d0%b6%d0%b5%d0%bd%d1%81%d0%ba%d0%b8%d0%b9-%d0%bf%d0%be%d0%b2%d0%b0%d1%80%d1%81%d0%ba%d0%be%d0%b9-%d0%ba%d0%b8%d1%82%d0%b5%d0%bb%d1%8c-agata-%d1%82%d1%91%d0%bc%d0%bd%d0%be-%d1%81%d0%b8%d0%bd%d0%b8","status":"publish","type":"product","link":"https:\/\/stafit.ee\/ru\/tovar\/%d0%b6%d0%b5%d0%bd%d1%81%d0%ba%d0%b8%d0%b9-%d0%bf%d0%be%d0%b2%d0%b0%d1%80%d1%81%d0%ba%d0%be%d0%b9-%d0%ba%d0%b8%d1%82%d0%b5%d0%bb%d1%8c-agata-%d1%82%d1%91%d0%bc%d0%bd%d0%be-%d1%81%d0%b8%d0%bd%d0%b8\/","title":{"rendered":"\u0416\u0435\u043d\u0441\u043a\u0438\u0439 \u043f\u043e\u0432\u0430\u0440\u0441\u043a\u043e\u0439 \u043a\u0438\u0442\u0435\u043b\u044c AGATA \u0442\u0451\u043c\u043d\u043e-\u0441\u0438\u043d\u0438\u0439"},"content":{"rendered":"<p>\u0422\u043a\u0430\u043d\u044c: 65% \u043f\u043e\u043b\u0438\u044d\u0441\u0442\u0435\u0440, 35% \u0445\u043b\u043e\u043f\u043e\u043a, 200 \u0433\/\u043c\u00b2.<\/p>\n<p>\u041d\u0430 \u043a\u043d\u043e\u043f\u043a\u0430\u0445;<br \/>\n\u043d\u0430\u0433\u0440\u0443\u0434\u043d\u044b\u0439 \u043a\u0430\u0440\u043c\u0430\u043d;<br \/>\n\u043a\u0430\u0440\u043c\u0430\u043d \u0434\u043b\u044f \u0440\u0443\u0447\u0435\u043a \u043d\u0430 \u0440\u0443\u043a\u0430\u0432\u0435;<br \/>\n\u0441\u0435\u0442\u0447\u0430\u0442\u044b\u0435 \u0432\u0441\u0442\u0430\u0432\u043a\u0438 \u043d\u0430 \u0441\u043f\u0438\u043d\u0435 \u0438 \u043f\u043e\u0434 \u043c\u044b\u0448\u043a\u0430\u043c\u0438;<br \/>\n\u043f\u0440\u0438\u0442\u0430\u043b\u0435\u043d\u043d\u044b\u0439 \u043f\u043e\u043a\u0440\u043e\u0439.<\/p>\n","protected":false},"excerpt":{"rendered":"<p>\u0422\u043a\u0430\u043d\u044c: 65% \u043f\u043e\u043b\u0438\u044d\u0441\u0442\u0435\u0440, 35% \u0445\u043b\u043e\u043f\u043e\u043a, 200 \u0433\/\u043c\u00b2. \u041d\u0430 \u043a\u043d\u043e\u043f\u043a\u0430\u0445; \u043d\u0430\u0433\u0440\u0443\u0434\u043d\u044b\u0439 \u043a\u0430\u0440\u043c\u0430\u043d; \u043a\u0430\u0440\u043c\u0430\u043d \u0434\u043b\u044f \u0440\u0443\u0447\u0435\u043a \u043d\u0430 \u0440\u0443\u043a\u0430\u0432\u0435; \u0441\u0435\u0442\u0447\u0430\u0442\u044b\u0435 \u0432\u0441\u0442\u0430\u0432\u043a\u0438 \u043d\u0430 \u0441\u043f\u0438\u043d\u0435 \u0438 \u043f\u043e\u0434 \u043c\u044b\u0448\u043a\u0430\u043c\u0438; \u043f\u0440\u0438\u0442\u0430\u043b\u0435\u043d\u043d\u044b\u0439 \u043f\u043e\u043a\u0440\u043e\u0439.<\/p>\n","protected":false},"featured_media":58924,"template":"","meta":[],"pwb-brand":[],"product_brand":[],"product_cat":[568],"product_tag":[],"class_list":{"0":"post-59093","1":"product","2":"type-product","3":"status-publish","4":"has-post-thumbnail","6":"product_cat-568","8":"first","9":"instock","10":"taxable","11":"shipping-taxable","12":"purchasable","13":"product-type-variable"},"yoast_head":"<!-- This site is optimized with the Yoast SEO plugin v27.0 - https:\/\/yoast.com\/product\/yoast-seo-wordpress\/ -->\n<title>\u0416\u0435\u043d\u0441\u043a\u0438\u0439 \u043f\u043e\u0432\u0430\u0440\u0441\u043a\u043e\u0439 \u043a\u0438\u0442\u0435\u043b\u044c AGATA \u0442\u0451\u043c\u043d\u043e-\u0441\u0438\u043d\u0438\u0439 - Stafit O\u00dc<\/title>\n<meta name=\"robots\" content=\"index, follow, max-snippet:-1, max-image-preview:large, max-video-preview:-1\" \/>\n<link rel=\"canonical\" href=\"https:\/\/stafit.ee\/ru\/tovar\/\u0436\u0435\u043d\u0441\u043a\u0438\u0439-\u043f\u043e\u0432\u0430\u0440\u0441\u043a\u043e\u0439-\u043a\u0438\u0442\u0435\u043b\u044c-agata-\u0442\u0451\u043c\u043d\u043e-\u0441\u0438\u043d\u0438\/\" \/>\n<meta property=\"og:locale\" content=\"ru_RU\" \/>\n<meta property=\"og:type\" content=\"article\" \/>\n<meta property=\"og:title\" content=\"\u0416\u0435\u043d\u0441\u043a\u0438\u0439 \u043f\u043e\u0432\u0430\u0440\u0441\u043a\u043e\u0439 \u043a\u0438\u0442\u0435\u043b\u044c AGATA \u0442\u0451\u043c\u043d\u043e-\u0441\u0438\u043d\u0438\u0439 - Stafit O\u00dc\" \/>\n<meta property=\"og:description\" content=\"\u0422\u043a\u0430\u043d\u044c: 65% \u043f\u043e\u043b\u0438\u044d\u0441\u0442\u0435\u0440, 35% \u0445\u043b\u043e\u043f\u043e\u043a, 200 \u0433\/\u043c\u00b2. \u041d\u0430 \u043a\u043d\u043e\u043f\u043a\u0430\u0445; \u043d\u0430\u0433\u0440\u0443\u0434\u043d\u044b\u0439 \u043a\u0430\u0440\u043c\u0430\u043d; \u043a\u0430\u0440\u043c\u0430\u043d \u0434\u043b\u044f \u0440\u0443\u0447\u0435\u043a \u043d\u0430 \u0440\u0443\u043a\u0430\u0432\u0435; \u0441\u0435\u0442\u0447\u0430\u0442\u044b\u0435 \u0432\u0441\u0442\u0430\u0432\u043a\u0438 \u043d\u0430 \u0441\u043f\u0438\u043d\u0435 \u0438 \u043f\u043e\u0434 \u043c\u044b\u0448\u043a\u0430\u043c\u0438; \u043f\u0440\u0438\u0442\u0430\u043b\u0435\u043d\u043d\u044b\u0439 \u043f\u043e\u043a\u0440\u043e\u0439.\" \/>\n<meta property=\"og:url\" content=\"https:\/\/stafit.ee\/ru\/tovar\/\u0436\u0435\u043d\u0441\u043a\u0438\u0439-\u043f\u043e\u0432\u0430\u0440\u0441\u043a\u043e\u0439-\u043a\u0438\u0442\u0435\u043b\u044c-agata-\u0442\u0451\u043c\u043d\u043e-\u0441\u0438\u043d\u0438\/\" \/>\n<meta property=\"og:site_name\" content=\"Stafit O\u00dc\" \/>\n<meta property=\"article:modified_time\" content=\"2026-04-08T15:19:44+00:00\" \/>\n<meta property=\"og:image\" content=\"https:\/\/stafit.ee\/wp-content\/uploads\/2023\/08\/23P08G341-1.jpg\" \/>\n\t<meta property=\"og:image:width\" content=\"800\" \/>\n\t<meta property=\"og:image:height\" content=\"800\" \/>\n\t<meta property=\"og:image:type\" content=\"image\/jpeg\" \/>\n<meta name=\"twitter:card\" content=\"summary_large_image\" \/>\n<script type=\"application\/ld+json\" class=\"yoast-schema-graph\">{\"@context\":\"https:\/\/schema.org\",\"@graph\":[{\"@type\":\"WebPage\",\"@id\":\"https:\/\/stafit.ee\/ru\/tovar\/%d0%b6%d0%b5%d0%bd%d1%81%d0%ba%d0%b8%d0%b9-%d0%bf%d0%be%d0%b2%d0%b0%d1%80%d1%81%d0%ba%d0%be%d0%b9-%d0%ba%d0%b8%d1%82%d0%b5%d0%bb%d1%8c-agata-%d1%82%d1%91%d0%bc%d0%bd%d0%be-%d1%81%d0%b8%d0%bd%d0%b8\/\",\"url\":\"https:\/\/stafit.ee\/ru\/tovar\/%d0%b6%d0%b5%d0%bd%d1%81%d0%ba%d0%b8%d0%b9-%d0%bf%d0%be%d0%b2%d0%b0%d1%80%d1%81%d0%ba%d0%be%d0%b9-%d0%ba%d0%b8%d1%82%d0%b5%d0%bb%d1%8c-agata-%d1%82%d1%91%d0%bc%d0%bd%d0%be-%d1%81%d0%b8%d0%bd%d0%b8\/\",\"name\":\"\u0416\u0435\u043d\u0441\u043a\u0438\u0439 \u043f\u043e\u0432\u0430\u0440\u0441\u043a\u043e\u0439 \u043a\u0438\u0442\u0435\u043b\u044c AGATA \u0442\u0451\u043c\u043d\u043e-\u0441\u0438\u043d\u0438\u0439 - Stafit O\u00dc\",\"isPartOf\":{\"@id\":\"https:\/\/stafit.ee\/#website\"},\"primaryImageOfPage\":{\"@id\":\"https:\/\/stafit.ee\/ru\/tovar\/%d0%b6%d0%b5%d0%bd%d1%81%d0%ba%d0%b8%d0%b9-%d0%bf%d0%be%d0%b2%d0%b0%d1%80%d1%81%d0%ba%d0%be%d0%b9-%d0%ba%d0%b8%d1%82%d0%b5%d0%bb%d1%8c-agata-%d1%82%d1%91%d0%bc%d0%bd%d0%be-%d1%81%d0%b8%d0%bd%d0%b8\/#primaryimage\"},\"image\":{\"@id\":\"https:\/\/stafit.ee\/ru\/tovar\/%d0%b6%d0%b5%d0%bd%d1%81%d0%ba%d0%b8%d0%b9-%d0%bf%d0%be%d0%b2%d0%b0%d1%80%d1%81%d0%ba%d0%be%d0%b9-%d0%ba%d0%b8%d1%82%d0%b5%d0%bb%d1%8c-agata-%d1%82%d1%91%d0%bc%d0%bd%d0%be-%d1%81%d0%b8%d0%bd%d0%b8\/#primaryimage\"},\"thumbnailUrl\":\"https:\/\/stafit.ee\/wp-content\/uploads\/2023\/08\/23P08G341-1.jpg\",\"datePublished\":\"2023-08-30T15:09:12+00:00\",\"dateModified\":\"2026-04-08T15:19:44+00:00\",\"breadcrumb\":{\"@id\":\"https:\/\/stafit.ee\/ru\/tovar\/%d0%b6%d0%b5%d0%bd%d1%81%d0%ba%d0%b8%d0%b9-%d0%bf%d0%be%d0%b2%d0%b0%d1%80%d1%81%d0%ba%d0%be%d0%b9-%d0%ba%d0%b8%d1%82%d0%b5%d0%bb%d1%8c-agata-%d1%82%d1%91%d0%bc%d0%bd%d0%be-%d1%81%d0%b8%d0%bd%d0%b8\/#breadcrumb\"},\"inLanguage\":\"ru-RU\",\"potentialAction\":[{\"@type\":\"ReadAction\",\"target\":[\"https:\/\/stafit.ee\/ru\/tovar\/%d0%b6%d0%b5%d0%bd%d1%81%d0%ba%d0%b8%d0%b9-%d0%bf%d0%be%d0%b2%d0%b0%d1%80%d1%81%d0%ba%d0%be%d0%b9-%d0%ba%d0%b8%d1%82%d0%b5%d0%bb%d1%8c-agata-%d1%82%d1%91%d0%bc%d0%bd%d0%be-%d1%81%d0%b8%d0%bd%d0%b8\/\"]}]},{\"@type\":\"ImageObject\",\"inLanguage\":\"ru-RU\",\"@id\":\"https:\/\/stafit.ee\/ru\/tovar\/%d0%b6%d0%b5%d0%bd%d1%81%d0%ba%d0%b8%d0%b9-%d0%bf%d0%be%d0%b2%d0%b0%d1%80%d1%81%d0%ba%d0%be%d0%b9-%d0%ba%d0%b8%d1%82%d0%b5%d0%bb%d1%8c-agata-%d1%82%d1%91%d0%bc%d0%bd%d0%be-%d1%81%d0%b8%d0%bd%d0%b8\/#primaryimage\",\"url\":\"https:\/\/stafit.ee\/wp-content\/uploads\/2023\/08\/23P08G341-1.jpg\",\"contentUrl\":\"https:\/\/stafit.ee\/wp-content\/uploads\/2023\/08\/23P08G341-1.jpg\",\"width\":800,\"height\":800},{\"@type\":\"BreadcrumbList\",\"@id\":\"https:\/\/stafit.ee\/ru\/tovar\/%d0%b6%d0%b5%d0%bd%d1%81%d0%ba%d0%b8%d0%b9-%d0%bf%d0%be%d0%b2%d0%b0%d1%80%d1%81%d0%ba%d0%be%d0%b9-%d0%ba%d0%b8%d1%82%d0%b5%d0%bb%d1%8c-agata-%d1%82%d1%91%d0%bc%d0%bd%d0%be-%d1%81%d0%b8%d0%bd%d0%b8\/#breadcrumb\",\"itemListElement\":[{\"@type\":\"ListItem\",\"position\":1,\"name\":\"Home\",\"item\":\"https:\/\/stafit.ee\/ru\/\"},{\"@type\":\"ListItem\",\"position\":2,\"name\":\"\u041c\u0430\u0433\u0430\u0437\u0438\u043d\",\"item\":\"https:\/\/stafit.ee\/ru\/pood\/\"},{\"@type\":\"ListItem\",\"position\":3,\"name\":\"\u0416\u0435\u043d\u0441\u043a\u0438\u0439 \u043f\u043e\u0432\u0430\u0440\u0441\u043a\u043e\u0439 \u043a\u0438\u0442\u0435\u043b\u044c AGATA \u0442\u0451\u043c\u043d\u043e-\u0441\u0438\u043d\u0438\u0439\"}]},{\"@type\":\"WebSite\",\"@id\":\"https:\/\/stafit.ee\/#website\",\"url\":\"https:\/\/stafit.ee\/\",\"name\":\"Stafit O\u00dc\",\"description\":\"T\u00f6\u00f6riete ja ohutusvahendite jae ja hulgim\u00fc\u00fck\",\"potentialAction\":[{\"@type\":\"SearchAction\",\"target\":{\"@type\":\"EntryPoint\",\"urlTemplate\":\"https:\/\/stafit.ee\/?s={search_term_string}\"},\"query-input\":{\"@type\":\"PropertyValueSpecification\",\"valueRequired\":true,\"valueName\":\"search_term_string\"}}],\"inLanguage\":\"ru-RU\"}]}<\/script>\n<!-- \/ Yoast SEO plugin. -->","yoast_head_json":{"title":"\u0416\u0435\u043d\u0441\u043a\u0438\u0439 \u043f\u043e\u0432\u0430\u0440\u0441\u043a\u043e\u0439 \u043a\u0438\u0442\u0435\u043b\u044c AGATA \u0442\u0451\u043c\u043d\u043e-\u0441\u0438\u043d\u0438\u0439 - Stafit O\u00dc","robots":{"index":"index","follow":"follow","max-snippet":"max-snippet:-1","max-image-preview":"max-image-preview:large","max-video-preview":"max-video-preview:-1"},"canonical":"https:\/\/stafit.ee\/ru\/tovar\/\u0436\u0435\u043d\u0441\u043a\u0438\u0439-\u043f\u043e\u0432\u0430\u0440\u0441\u043a\u043e\u0439-\u043a\u0438\u0442\u0435\u043b\u044c-agata-\u0442\u0451\u043c\u043d\u043e-\u0441\u0438\u043d\u0438\/","og_locale":"ru_RU","og_type":"article","og_title":"\u0416\u0435\u043d\u0441\u043a\u0438\u0439 \u043f\u043e\u0432\u0430\u0440\u0441\u043a\u043e\u0439 \u043a\u0438\u0442\u0435\u043b\u044c AGATA \u0442\u0451\u043c\u043d\u043e-\u0441\u0438\u043d\u0438\u0439 - Stafit O\u00dc","og_description":"\u0422\u043a\u0430\u043d\u044c: 65% \u043f\u043e\u043b\u0438\u044d\u0441\u0442\u0435\u0440, 35% \u0445\u043b\u043e\u043f\u043e\u043a, 200 \u0433\/\u043c\u00b2. \u041d\u0430 \u043a\u043d\u043e\u043f\u043a\u0430\u0445; \u043d\u0430\u0433\u0440\u0443\u0434\u043d\u044b\u0439 \u043a\u0430\u0440\u043c\u0430\u043d; \u043a\u0430\u0440\u043c\u0430\u043d \u0434\u043b\u044f \u0440\u0443\u0447\u0435\u043a \u043d\u0430 \u0440\u0443\u043a\u0430\u0432\u0435; \u0441\u0435\u0442\u0447\u0430\u0442\u044b\u0435 \u0432\u0441\u0442\u0430\u0432\u043a\u0438 \u043d\u0430 \u0441\u043f\u0438\u043d\u0435 \u0438 \u043f\u043e\u0434 \u043c\u044b\u0448\u043a\u0430\u043c\u0438; \u043f\u0440\u0438\u0442\u0430\u043b\u0435\u043d\u043d\u044b\u0439 \u043f\u043e\u043a\u0440\u043e\u0439.","og_url":"https:\/\/stafit.ee\/ru\/tovar\/\u0436\u0435\u043d\u0441\u043a\u0438\u0439-\u043f\u043e\u0432\u0430\u0440\u0441\u043a\u043e\u0439-\u043a\u0438\u0442\u0435\u043b\u044c-agata-\u0442\u0451\u043c\u043d\u043e-\u0441\u0438\u043d\u0438\/","og_site_name":"Stafit O\u00dc","article_modified_time":"2026-04-08T15:19:44+00:00","og_image":[{"width":800,"height":800,"url":"https:\/\/stafit.ee\/wp-content\/uploads\/2023\/08\/23P08G341-1.jpg","type":"image\/jpeg"}],"twitter_card":"summary_large_image","schema":{"@context":"https:\/\/schema.org","@graph":[{"@type":"WebPage","@id":"https:\/\/stafit.ee\/ru\/tovar\/%d0%b6%d0%b5%d0%bd%d1%81%d0%ba%d0%b8%d0%b9-%d0%bf%d0%be%d0%b2%d0%b0%d1%80%d1%81%d0%ba%d0%be%d0%b9-%d0%ba%d0%b8%d1%82%d0%b5%d0%bb%d1%8c-agata-%d1%82%d1%91%d0%bc%d0%bd%d0%be-%d1%81%d0%b8%d0%bd%d0%b8\/","url":"https:\/\/stafit.ee\/ru\/tovar\/%d0%b6%d0%b5%d0%bd%d1%81%d0%ba%d0%b8%d0%b9-%d0%bf%d0%be%d0%b2%d0%b0%d1%80%d1%81%d0%ba%d0%be%d0%b9-%d0%ba%d0%b8%d1%82%d0%b5%d0%bb%d1%8c-agata-%d1%82%d1%91%d0%bc%d0%bd%d0%be-%d1%81%d0%b8%d0%bd%d0%b8\/","name":"\u0416\u0435\u043d\u0441\u043a\u0438\u0439 \u043f\u043e\u0432\u0430\u0440\u0441\u043a\u043e\u0439 \u043a\u0438\u0442\u0435\u043b\u044c AGATA \u0442\u0451\u043c\u043d\u043e-\u0441\u0438\u043d\u0438\u0439 - Stafit O\u00dc","isPartOf":{"@id":"https:\/\/stafit.ee\/#website"},"primaryImageOfPage":{"@id":"https:\/\/stafit.ee\/ru\/tovar\/%d0%b6%d0%b5%d0%bd%d1%81%d0%ba%d0%b8%d0%b9-%d0%bf%d0%be%d0%b2%d0%b0%d1%80%d1%81%d0%ba%d0%be%d0%b9-%d0%ba%d0%b8%d1%82%d0%b5%d0%bb%d1%8c-agata-%d1%82%d1%91%d0%bc%d0%bd%d0%be-%d1%81%d0%b8%d0%bd%d0%b8\/#primaryimage"},"image":{"@id":"https:\/\/stafit.ee\/ru\/tovar\/%d0%b6%d0%b5%d0%bd%d1%81%d0%ba%d0%b8%d0%b9-%d0%bf%d0%be%d0%b2%d0%b0%d1%80%d1%81%d0%ba%d0%be%d0%b9-%d0%ba%d0%b8%d1%82%d0%b5%d0%bb%d1%8c-agata-%d1%82%d1%91%d0%bc%d0%bd%d0%be-%d1%81%d0%b8%d0%bd%d0%b8\/#primaryimage"},"thumbnailUrl":"https:\/\/stafit.ee\/wp-content\/uploads\/2023\/08\/23P08G341-1.jpg","datePublished":"2023-08-30T15:09:12+00:00","dateModified":"2026-04-08T15:19:44+00:00","breadcrumb":{"@id":"https:\/\/stafit.ee\/ru\/tovar\/%d0%b6%d0%b5%d0%bd%d1%81%d0%ba%d0%b8%d0%b9-%d0%bf%d0%be%d0%b2%d0%b0%d1%80%d1%81%d0%ba%d0%be%d0%b9-%d0%ba%d0%b8%d1%82%d0%b5%d0%bb%d1%8c-agata-%d1%82%d1%91%d0%bc%d0%bd%d0%be-%d1%81%d0%b8%d0%bd%d0%b8\/#breadcrumb"},"inLanguage":"ru-RU","potentialAction":[{"@type":"ReadAction","target":["https:\/\/stafit.ee\/ru\/tovar\/%d0%b6%d0%b5%d0%bd%d1%81%d0%ba%d0%b8%d0%b9-%d0%bf%d0%be%d0%b2%d0%b0%d1%80%d1%81%d0%ba%d0%be%d0%b9-%d0%ba%d0%b8%d1%82%d0%b5%d0%bb%d1%8c-agata-%d1%82%d1%91%d0%bc%d0%bd%d0%be-%d1%81%d0%b8%d0%bd%d0%b8\/"]}]},{"@type":"ImageObject","inLanguage":"ru-RU","@id":"https:\/\/stafit.ee\/ru\/tovar\/%d0%b6%d0%b5%d0%bd%d1%81%d0%ba%d0%b8%d0%b9-%d0%bf%d0%be%d0%b2%d0%b0%d1%80%d1%81%d0%ba%d0%be%d0%b9-%d0%ba%d0%b8%d1%82%d0%b5%d0%bb%d1%8c-agata-%d1%82%d1%91%d0%bc%d0%bd%d0%be-%d1%81%d0%b8%d0%bd%d0%b8\/#primaryimage","url":"https:\/\/stafit.ee\/wp-content\/uploads\/2023\/08\/23P08G341-1.jpg","contentUrl":"https:\/\/stafit.ee\/wp-content\/uploads\/2023\/08\/23P08G341-1.jpg","width":800,"height":800},{"@type":"BreadcrumbList","@id":"https:\/\/stafit.ee\/ru\/tovar\/%d0%b6%d0%b5%d0%bd%d1%81%d0%ba%d0%b8%d0%b9-%d0%bf%d0%be%d0%b2%d0%b0%d1%80%d1%81%d0%ba%d0%be%d0%b9-%d0%ba%d0%b8%d1%82%d0%b5%d0%bb%d1%8c-agata-%d1%82%d1%91%d0%bc%d0%bd%d0%be-%d1%81%d0%b8%d0%bd%d0%b8\/#breadcrumb","itemListElement":[{"@type":"ListItem","position":1,"name":"Home","item":"https:\/\/stafit.ee\/ru\/"},{"@type":"ListItem","position":2,"name":"\u041c\u0430\u0433\u0430\u0437\u0438\u043d","item":"https:\/\/stafit.ee\/ru\/pood\/"},{"@type":"ListItem","position":3,"name":"\u0416\u0435\u043d\u0441\u043a\u0438\u0439 \u043f\u043e\u0432\u0430\u0440\u0441\u043a\u043e\u0439 \u043a\u0438\u0442\u0435\u043b\u044c AGATA \u0442\u0451\u043c\u043d\u043e-\u0441\u0438\u043d\u0438\u0439"}]},{"@type":"WebSite","@id":"https:\/\/stafit.ee\/#website","url":"https:\/\/stafit.ee\/","name":"Stafit O\u00dc","description":"T\u00f6\u00f6riete ja ohutusvahendite jae ja hulgim\u00fc\u00fck","potentialAction":[{"@type":"SearchAction","target":{"@type":"EntryPoint","urlTemplate":"https:\/\/stafit.ee\/?s={search_term_string}"},"query-input":{"@type":"PropertyValueSpecification","valueRequired":true,"valueName":"search_term_string"}}],"inLanguage":"ru-RU"}]}},"brands":[],"_links":{"self":[{"href":"https:\/\/stafit.ee\/ru\/wp-json\/wp\/v2\/product\/59093","targetHints":{"allow":["GET"]}}],"collection":[{"href":"https:\/\/stafit.ee\/ru\/wp-json\/wp\/v2\/product"}],"about":[{"href":"https:\/\/stafit.ee\/ru\/wp-json\/wp\/v2\/types\/product"}],"wp:featuredmedia":[{"embeddable":true,"href":"https:\/\/stafit.ee\/ru\/wp-json\/wp\/v2\/media\/58924"}],"wp:attachment":[{"href":"https:\/\/stafit.ee\/ru\/wp-json\/wp\/v2\/media?parent=59093"}],"wp:term":[{"taxonomy":"pwb-brand","embeddable":true,"href":"https:\/\/stafit.ee\/ru\/wp-json\/wp\/v2\/pwb-brand?post=59093"},{"taxonomy":"product_brand","embeddable":true,"href":"https:\/\/stafit.ee\/ru\/wp-json\/wp\/v2\/product_brand?post=59093"},{"taxonomy":"product_cat","embeddable":true,"href":"https:\/\/stafit.ee\/ru\/wp-json\/wp\/v2\/product_cat?post=59093"},{"taxonomy":"product_tag","embeddable":true,"href":"https:\/\/stafit.ee\/ru\/wp-json\/wp\/v2\/product_tag?post=59093"}],"curies":[{"name":"wp","href":"https:\/\/api.w.org\/{rel}","templated":true}]}}