{"id":58241,"date":"2023-08-01T18:06:11","date_gmt":"2023-08-01T15:06:11","guid":{"rendered":"https:\/\/stafit.ee\/toode\/%d0%b7%d0%b8%d0%bc%d0%bd%d1%8f%d1%8f-%d0%b6%d0%b5%d0%bd%d1%81%d0%ba%d0%b0%d1%8f-%d1%81%d0%be%d1%84%d1%82%d1%88%d0%b5%d0%bb%d0%bb-%d0%ba%d1%83%d1%80%d1%82%d0%ba%d0%b0-atlanta-%d1%81%d0%b5%d1%80%d0%b0\/"},"modified":"2026-04-08T18:24:00","modified_gmt":"2026-04-08T15:24:00","slug":"%d0%b7%d0%b8%d0%bc%d0%bd%d1%8f%d1%8f-%d0%b6%d0%b5%d0%bd%d1%81%d0%ba%d0%b0%d1%8f-%d1%81%d0%be%d1%84%d1%82%d1%88%d0%b5%d0%bb%d0%bb-%d0%ba%d1%83%d1%80%d1%82%d0%ba%d0%b0-atlanta-%d1%81%d0%b5%d1%80%d0%b0","status":"publish","type":"product","link":"https:\/\/stafit.ee\/ru\/tovar\/%d0%b7%d0%b8%d0%bc%d0%bd%d1%8f%d1%8f-%d0%b6%d0%b5%d0%bd%d1%81%d0%ba%d0%b0%d1%8f-%d1%81%d0%be%d1%84%d1%82%d1%88%d0%b5%d0%bb%d0%bb-%d0%ba%d1%83%d1%80%d1%82%d0%ba%d0%b0-atlanta-%d1%81%d0%b5%d1%80%d0%b0\/","title":{"rendered":"\u0417\u0438\u043c\u043d\u044f\u044f \u0436\u0435\u043d\u0441\u043a\u0430\u044f \u0441\u043e\u0444\u0442\u0448\u0435\u043b\u043b \u043a\u0443\u0440\u0442\u043a\u0430 ATLANTA \u0441\u0435\u0440\u0430\u044f"},"content":{"rendered":"<ul>\n<li lang=\"ru-RU\">\u041c\u0430\u0442\u0435\u0440\u0438\u0430\u043b: 94% \u043f\u043e\u043b\u0438\u044d\u0441\u0442\u0435\u0440, 6% \u0441\u043f\u0430\u043d\u0434\u0435\u043a\u0441, 300 \u0433\/\u043c\u00b2<br \/>\n\u0423\u0442\u0435\u043f\u043b\u0438\u0442\u0435\u043b\u044c: \u0441\u0438\u043d\u0442\u0435\u043f\u043e\u043d 100% \u043f\u043e\u043b\u0438\u044d\u0441\u0442\u0435\u0440<br \/>\n\u041f\u043e\u0434\u043a\u043b\u0430\u0434\u043a\u0430: \u0444\u043b\u0438\u0441 100% \u043f\u043e\u043b\u0438\u044d\u0441\u0442\u0435\u0440<\/li>\n<li lang=\"ru-RU\">\u0422\u0435\u043f\u043b\u0430\u044f, \u0432\u043e\u0434\u043e- \u0438 \u0432\u0435\u0442\u0440\u043e\u043d\u0435\u043f\u0440\u043e\u043d\u0438\u0446\u0430\u0435\u043c\u0430\u044f \u0441\u043e\u0444\u0442\u0448\u0435\u043b\u043b \u043a\u0443\u0440\u0442\u043a\u0430 \u0441 \u0444\u043b\u0438\u0441\u043e\u0432\u043e\u0439 \u043f\u043e\u0434\u043a\u043b\u0430\u0434\u043a\u043e\u0439 \u0432\u043d\u0443\u0442\u0440\u0438<\/li>\n<li lang=\"ru-RU\">\u043f\u0440\u0438\u0442\u0430\u043b\u0435\u043d\u043d\u044b\u0439 \u043f\u043e\u043a\u0440\u043e\u0439<\/li>\n<li>\u0432\u0441\u0442\u0430\u0432\u043a\u0438 \u0438\u0437 \u0441\u0432\u0435\u0442\u043e\u043e\u0442\u0440\u0430\u0436\u0430\u044e\u0449\u0435\u0433\u043e \u043c\u0430\u0442\u0435\u0440\u0438\u0430\u043b\u0430 \u043d\u0430 \u0440\u0443\u043a\u0430\u0432\u0430\u0445, \u043a\u0430\u043f\u044e\u0448\u043e\u043d\u0435, \u043d\u0438\u0436\u043d\u0435\u0439 \u0447\u0430\u0441\u0442\u0438 \u043a\u0443\u0440\u0442\u043a\u0438<\/li>\n<li lang=\"ru-RU\">\u043e\u0442\u0441\u0442\u0451\u0433\u0438\u0432\u0430\u044e\u0449\u0438\u0439\u0441\u044f \u043a\u0430\u043f\u044e\u0448\u043e\u043d, \u0440\u0435\u0433\u0443\u043b\u0438\u0440\u0443\u0435\u043c\u044b\u0439 \u0441 \u043f\u043e\u043c\u043e\u0449\u044c\u044e \u044d\u043b\u0430\u0441\u0442\u0438\u0447\u043d\u043e\u0433\u043e \u0448\u043d\u0443\u0440\u043a\u0430<\/li>\n<li lang=\"ru-RU\">\u043f\u043e\u0442\u0430\u0439\u043d\u0430\u044f \u043c\u043e\u043b\u043d\u0438\u044f \u043f\u043e\u0434 \u043a\u043b\u0430\u043f\u0430\u043d\u043e\u043c \u0441 \u0437\u0430\u0449\u0438\u0442\u043e\u0439 \u043f\u043e\u0434\u0431\u043e\u0440\u043e\u0434\u043a\u0430<\/li>\n<li lang=\"ru-RU\">\u0440\u0435\u0433\u0443\u043b\u0438\u0440\u0443\u0435\u043c\u044b\u0435 \u0441 \u043f\u043e\u043c\u043e\u0449\u044c\u044e \u043b\u0438\u043f\u0443\u0447\u043a\u0438 \u0440\u0443\u043a\u0430\u0432\u0430<\/li>\n<li lang=\"ru-RU\">\u0432\u043d\u0443\u0442\u0440\u0435\u043d\u043d\u0438\u0435 \u0442\u0440\u0438\u043a\u043e\u0442\u0430\u0436\u043d\u044b\u0435 \u043c\u0430\u043d\u0436\u0435\u0442\u044b \u0440\u0443\u043a\u0430\u0432\u043e\u0432, \u0437\u0430\u0449\u0438\u0449\u0430\u044e\u0449\u0438\u0435 \u043e\u0442 \u0432\u0435\u0442\u0440\u0430 \u0438 \u0434\u043e\u0436\u0434\u044f<\/li>\n<li lang=\"ru-RU\">\u0440\u0435\u0433\u0443\u043b\u0438\u0440\u0443\u0435\u043c\u044b\u0439 \u0441 \u043f\u043e\u043c\u043e\u0449\u044c\u044e \u044d\u043b\u0430\u0441\u0442\u0438\u0447\u043d\u043e\u0439 \u0440\u0435\u0437\u0438\u043d\u043a\u0438 \u043d\u0438\u0436\u043d\u0438\u0439 \u043a\u0440\u0430\u0439 \u043a\u0443\u0440\u0442\u043a\u0438<\/li>\n<li lang=\"ru-RU\">2 \u0431\u043e\u043a\u043e\u0432\u044b\u0445 \u043a\u0430\u0440\u043c\u0430\u043d\u0430 \u0438 1 \u043d\u0430\u0433\u0440\u0443\u0434\u043d\u044b\u0439 \u043a\u0430\u0440\u043c\u0430\u043d \u043d\u0430 \u043c\u043e\u043b\u043d\u0438\u0438<\/li>\n<li lang=\"ru-RU\">1 \u0432\u043d\u0443\u0442\u0440\u0435\u043d\u043d\u0438\u0439 \u043a\u0430\u0440\u043c\u0430\u043d \u043d\u0430 \u043c\u043e\u043b\u043d\u0438\u0438 \u0438 1 \u0432\u043d\u0443\u0442\u0440\u0435\u043d\u043d\u0438\u0439 \u043a\u0430\u0440\u043c\u0430\u043d \u0434\u043b\u044f \u043c\u043e\u0431\u0438\u043b\u044c\u043d\u043e\u0433\u043e \u0442\u0435\u043b\u0435\u0444\u043e\u043d\u0430<\/li>\n<\/ul>\n","protected":false},"excerpt":{"rendered":"<p>\u041c\u0430\u0442\u0435\u0440\u0438\u0430\u043b: 94% \u043f\u043e\u043b\u0438\u044d\u0441\u0442\u0435\u0440, 6% \u0441\u043f\u0430\u043d\u0434\u0435\u043a\u0441, 300 \u0433\/\u043c\u00b2 \u0423\u0442\u0435\u043f\u043b\u0438\u0442\u0435\u043b\u044c: \u0441\u0438\u043d\u0442\u0435\u043f\u043e\u043d 100% \u043f\u043e\u043b\u0438\u044d\u0441\u0442\u0435\u0440 \u041f\u043e\u0434\u043a\u043b\u0430\u0434\u043a\u0430: \u0444\u043b\u0438\u0441 100% \u043f\u043e\u043b\u0438\u044d\u0441\u0442\u0435\u0440 \u0422\u0435\u043f\u043b\u0430\u044f, \u0432\u043e\u0434\u043e- \u0438 \u0432\u0435\u0442\u0440\u043e\u043d\u0435\u043f\u0440\u043e\u043d\u0438\u0446\u0430\u0435\u043c\u0430\u044f \u0441\u043e\u0444\u0442\u0448\u0435\u043b\u043b \u043a\u0443\u0440\u0442\u043a\u0430 \u0441 \u0444\u043b\u0438\u0441\u043e\u0432\u043e\u0439 \u043f\u043e\u0434\u043a\u043b\u0430\u0434\u043a\u043e\u0439 \u0432\u043d\u0443\u0442\u0440\u0438 \u043f\u0440\u0438\u0442\u0430\u043b\u0435\u043d\u043d\u044b\u0439 \u043f\u043e\u043a\u0440\u043e\u0439 \u0432\u0441\u0442\u0430\u0432\u043a\u0438 \u0438\u0437 \u0441\u0432\u0435\u0442\u043e\u043e\u0442\u0440\u0430\u0436\u0430\u044e\u0449\u0435\u0433\u043e \u043c\u0430\u0442\u0435\u0440\u0438\u0430\u043b\u0430 \u043d\u0430 \u0440\u0443\u043a\u0430\u0432\u0430\u0445, \u043a\u0430\u043f\u044e\u0448\u043e\u043d\u0435, \u043d\u0438\u0436\u043d\u0435\u0439 \u0447\u0430\u0441\u0442\u0438 \u043a\u0443\u0440\u0442\u043a\u0438 \u043e\u0442\u0441\u0442\u0451\u0433\u0438\u0432\u0430\u044e\u0449\u0438\u0439\u0441\u044f \u043a\u0430\u043f\u044e\u0448\u043e\u043d, \u0440\u0435\u0433\u0443\u043b\u0438\u0440\u0443\u0435\u043c\u044b\u0439 \u0441 \u043f\u043e\u043c\u043e\u0449\u044c\u044e \u044d\u043b\u0430\u0441\u0442\u0438\u0447\u043d\u043e\u0433\u043e \u0448\u043d\u0443\u0440\u043a\u0430 \u043f\u043e\u0442\u0430\u0439\u043d\u0430\u044f \u043c\u043e\u043b\u043d\u0438\u044f \u043f\u043e\u0434 \u043a\u043b\u0430\u043f\u0430\u043d\u043e\u043c \u0441 \u0437\u0430\u0449\u0438\u0442\u043e\u0439 \u043f\u043e\u0434\u0431\u043e\u0440\u043e\u0434\u043a\u0430 \u0440\u0435\u0433\u0443\u043b\u0438\u0440\u0443\u0435\u043c\u044b\u0435 \u0441 \u043f\u043e\u043c\u043e\u0449\u044c\u044e \u043b\u0438\u043f\u0443\u0447\u043a\u0438&#8230;<\/p>\n","protected":false},"featured_media":58232,"template":"","meta":[],"pwb-brand":[329],"product_brand":[],"product_cat":[869],"product_tag":[],"class_list":{"0":"post-58241","1":"product","2":"type-product","3":"status-publish","4":"has-post-thumbnail","6":"pwb-brand-saugima","7":"product_cat-869","9":"first","10":"instock","11":"taxable","12":"shipping-taxable","13":"purchasable","14":"product-type-variable"},"yoast_head":"<!-- This site is optimized with the Yoast SEO plugin v27.0 - https:\/\/yoast.com\/product\/yoast-seo-wordpress\/ -->\n<title>\u0417\u0438\u043c\u043d\u044f\u044f \u0436\u0435\u043d\u0441\u043a\u0430\u044f \u0441\u043e\u0444\u0442\u0448\u0435\u043b\u043b \u043a\u0443\u0440\u0442\u043a\u0430 ATLANTA \u0441\u0435\u0440\u0430\u044f - Stafit O\u00dc<\/title>\n<meta name=\"robots\" content=\"index, follow, max-snippet:-1, max-image-preview:large, max-video-preview:-1\" \/>\n<link rel=\"canonical\" href=\"https:\/\/stafit.ee\/ru\/tovar\/\u0437\u0438\u043c\u043d\u044f\u044f-\u0436\u0435\u043d\u0441\u043a\u0430\u044f-\u0441\u043e\u0444\u0442\u0448\u0435\u043b\u043b-\u043a\u0443\u0440\u0442\u043a\u0430-atlanta-\u0441\u0435\u0440\u0430\/\" \/>\n<meta property=\"og:locale\" content=\"ru_RU\" \/>\n<meta property=\"og:type\" content=\"article\" \/>\n<meta property=\"og:title\" content=\"\u0417\u0438\u043c\u043d\u044f\u044f \u0436\u0435\u043d\u0441\u043a\u0430\u044f \u0441\u043e\u0444\u0442\u0448\u0435\u043b\u043b \u043a\u0443\u0440\u0442\u043a\u0430 ATLANTA \u0441\u0435\u0440\u0430\u044f - Stafit O\u00dc\" \/>\n<meta property=\"og:description\" content=\"\u041c\u0430\u0442\u0435\u0440\u0438\u0430\u043b: 94% \u043f\u043e\u043b\u0438\u044d\u0441\u0442\u0435\u0440, 6% \u0441\u043f\u0430\u043d\u0434\u0435\u043a\u0441, 300 \u0433\/\u043c\u00b2 \u0423\u0442\u0435\u043f\u043b\u0438\u0442\u0435\u043b\u044c: \u0441\u0438\u043d\u0442\u0435\u043f\u043e\u043d 100% \u043f\u043e\u043b\u0438\u044d\u0441\u0442\u0435\u0440 \u041f\u043e\u0434\u043a\u043b\u0430\u0434\u043a\u0430: \u0444\u043b\u0438\u0441 100% \u043f\u043e\u043b\u0438\u044d\u0441\u0442\u0435\u0440 \u0422\u0435\u043f\u043b\u0430\u044f, \u0432\u043e\u0434\u043e- \u0438 \u0432\u0435\u0442\u0440\u043e\u043d\u0435\u043f\u0440\u043e\u043d\u0438\u0446\u0430\u0435\u043c\u0430\u044f \u0441\u043e\u0444\u0442\u0448\u0435\u043b\u043b \u043a\u0443\u0440\u0442\u043a\u0430 \u0441 \u0444\u043b\u0438\u0441\u043e\u0432\u043e\u0439 \u043f\u043e\u0434\u043a\u043b\u0430\u0434\u043a\u043e\u0439 \u0432\u043d\u0443\u0442\u0440\u0438 \u043f\u0440\u0438\u0442\u0430\u043b\u0435\u043d\u043d\u044b\u0439 \u043f\u043e\u043a\u0440\u043e\u0439 \u0432\u0441\u0442\u0430\u0432\u043a\u0438 \u0438\u0437 \u0441\u0432\u0435\u0442\u043e\u043e\u0442\u0440\u0430\u0436\u0430\u044e\u0449\u0435\u0433\u043e \u043c\u0430\u0442\u0435\u0440\u0438\u0430\u043b\u0430 \u043d\u0430 \u0440\u0443\u043a\u0430\u0432\u0430\u0445, \u043a\u0430\u043f\u044e\u0448\u043e\u043d\u0435, \u043d\u0438\u0436\u043d\u0435\u0439 \u0447\u0430\u0441\u0442\u0438 \u043a\u0443\u0440\u0442\u043a\u0438 \u043e\u0442\u0441\u0442\u0451\u0433\u0438\u0432\u0430\u044e\u0449\u0438\u0439\u0441\u044f \u043a\u0430\u043f\u044e\u0448\u043e\u043d, \u0440\u0435\u0433\u0443\u043b\u0438\u0440\u0443\u0435\u043c\u044b\u0439 \u0441 \u043f\u043e\u043c\u043e\u0449\u044c\u044e \u044d\u043b\u0430\u0441\u0442\u0438\u0447\u043d\u043e\u0433\u043e \u0448\u043d\u0443\u0440\u043a\u0430 \u043f\u043e\u0442\u0430\u0439\u043d\u0430\u044f \u043c\u043e\u043b\u043d\u0438\u044f \u043f\u043e\u0434 \u043a\u043b\u0430\u043f\u0430\u043d\u043e\u043c \u0441 \u0437\u0430\u0449\u0438\u0442\u043e\u0439 \u043f\u043e\u0434\u0431\u043e\u0440\u043e\u0434\u043a\u0430 \u0440\u0435\u0433\u0443\u043b\u0438\u0440\u0443\u0435\u043c\u044b\u0435 \u0441 \u043f\u043e\u043c\u043e\u0449\u044c\u044e \u043b\u0438\u043f\u0443\u0447\u043a\u0438...\" \/>\n<meta property=\"og:url\" content=\"https:\/\/stafit.ee\/ru\/tovar\/\u0437\u0438\u043c\u043d\u044f\u044f-\u0436\u0435\u043d\u0441\u043a\u0430\u044f-\u0441\u043e\u0444\u0442\u0448\u0435\u043b\u043b-\u043a\u0443\u0440\u0442\u043a\u0430-atlanta-\u0441\u0435\u0440\u0430\/\" \/>\n<meta property=\"og:site_name\" content=\"Stafit O\u00dc\" \/>\n<meta property=\"article:modified_time\" content=\"2026-04-08T15:24:00+00:00\" \/>\n<meta property=\"og:image\" content=\"https:\/\/stafit.ee\/wp-content\/uploads\/2023\/08\/2444m.jpg\" \/>\n\t<meta property=\"og:image:width\" content=\"700\" \/>\n\t<meta property=\"og:image:height\" content=\"700\" \/>\n\t<meta property=\"og:image:type\" content=\"image\/jpeg\" \/>\n<meta name=\"twitter:card\" content=\"summary_large_image\" \/>\n<script type=\"application\/ld+json\" class=\"yoast-schema-graph\">{\"@context\":\"https:\/\/schema.org\",\"@graph\":[{\"@type\":\"WebPage\",\"@id\":\"https:\/\/stafit.ee\/ru\/tovar\/%d0%b7%d0%b8%d0%bc%d0%bd%d1%8f%d1%8f-%d0%b6%d0%b5%d0%bd%d1%81%d0%ba%d0%b0%d1%8f-%d1%81%d0%be%d1%84%d1%82%d1%88%d0%b5%d0%bb%d0%bb-%d0%ba%d1%83%d1%80%d1%82%d0%ba%d0%b0-atlanta-%d1%81%d0%b5%d1%80%d0%b0\/\",\"url\":\"https:\/\/stafit.ee\/ru\/tovar\/%d0%b7%d0%b8%d0%bc%d0%bd%d1%8f%d1%8f-%d0%b6%d0%b5%d0%bd%d1%81%d0%ba%d0%b0%d1%8f-%d1%81%d0%be%d1%84%d1%82%d1%88%d0%b5%d0%bb%d0%bb-%d0%ba%d1%83%d1%80%d1%82%d0%ba%d0%b0-atlanta-%d1%81%d0%b5%d1%80%d0%b0\/\",\"name\":\"\u0417\u0438\u043c\u043d\u044f\u044f \u0436\u0435\u043d\u0441\u043a\u0430\u044f \u0441\u043e\u0444\u0442\u0448\u0435\u043b\u043b \u043a\u0443\u0440\u0442\u043a\u0430 ATLANTA \u0441\u0435\u0440\u0430\u044f - Stafit O\u00dc\",\"isPartOf\":{\"@id\":\"https:\/\/stafit.ee\/#website\"},\"primaryImageOfPage\":{\"@id\":\"https:\/\/stafit.ee\/ru\/tovar\/%d0%b7%d0%b8%d0%bc%d0%bd%d1%8f%d1%8f-%d0%b6%d0%b5%d0%bd%d1%81%d0%ba%d0%b0%d1%8f-%d1%81%d0%be%d1%84%d1%82%d1%88%d0%b5%d0%bb%d0%bb-%d0%ba%d1%83%d1%80%d1%82%d0%ba%d0%b0-atlanta-%d1%81%d0%b5%d1%80%d0%b0\/#primaryimage\"},\"image\":{\"@id\":\"https:\/\/stafit.ee\/ru\/tovar\/%d0%b7%d0%b8%d0%bc%d0%bd%d1%8f%d1%8f-%d0%b6%d0%b5%d0%bd%d1%81%d0%ba%d0%b0%d1%8f-%d1%81%d0%be%d1%84%d1%82%d1%88%d0%b5%d0%bb%d0%bb-%d0%ba%d1%83%d1%80%d1%82%d0%ba%d0%b0-atlanta-%d1%81%d0%b5%d1%80%d0%b0\/#primaryimage\"},\"thumbnailUrl\":\"https:\/\/stafit.ee\/wp-content\/uploads\/2023\/08\/2444m.jpg\",\"datePublished\":\"2023-08-01T15:06:11+00:00\",\"dateModified\":\"2026-04-08T15:24:00+00:00\",\"breadcrumb\":{\"@id\":\"https:\/\/stafit.ee\/ru\/tovar\/%d0%b7%d0%b8%d0%bc%d0%bd%d1%8f%d1%8f-%d0%b6%d0%b5%d0%bd%d1%81%d0%ba%d0%b0%d1%8f-%d1%81%d0%be%d1%84%d1%82%d1%88%d0%b5%d0%bb%d0%bb-%d0%ba%d1%83%d1%80%d1%82%d0%ba%d0%b0-atlanta-%d1%81%d0%b5%d1%80%d0%b0\/#breadcrumb\"},\"inLanguage\":\"ru-RU\",\"potentialAction\":[{\"@type\":\"ReadAction\",\"target\":[\"https:\/\/stafit.ee\/ru\/tovar\/%d0%b7%d0%b8%d0%bc%d0%bd%d1%8f%d1%8f-%d0%b6%d0%b5%d0%bd%d1%81%d0%ba%d0%b0%d1%8f-%d1%81%d0%be%d1%84%d1%82%d1%88%d0%b5%d0%bb%d0%bb-%d0%ba%d1%83%d1%80%d1%82%d0%ba%d0%b0-atlanta-%d1%81%d0%b5%d1%80%d0%b0\/\"]}]},{\"@type\":\"ImageObject\",\"inLanguage\":\"ru-RU\",\"@id\":\"https:\/\/stafit.ee\/ru\/tovar\/%d0%b7%d0%b8%d0%bc%d0%bd%d1%8f%d1%8f-%d0%b6%d0%b5%d0%bd%d1%81%d0%ba%d0%b0%d1%8f-%d1%81%d0%be%d1%84%d1%82%d1%88%d0%b5%d0%bb%d0%bb-%d0%ba%d1%83%d1%80%d1%82%d0%ba%d0%b0-atlanta-%d1%81%d0%b5%d1%80%d0%b0\/#primaryimage\",\"url\":\"https:\/\/stafit.ee\/wp-content\/uploads\/2023\/08\/2444m.jpg\",\"contentUrl\":\"https:\/\/stafit.ee\/wp-content\/uploads\/2023\/08\/2444m.jpg\",\"width\":700,\"height\":700},{\"@type\":\"BreadcrumbList\",\"@id\":\"https:\/\/stafit.ee\/ru\/tovar\/%d0%b7%d0%b8%d0%bc%d0%bd%d1%8f%d1%8f-%d0%b6%d0%b5%d0%bd%d1%81%d0%ba%d0%b0%d1%8f-%d1%81%d0%be%d1%84%d1%82%d1%88%d0%b5%d0%bb%d0%bb-%d0%ba%d1%83%d1%80%d1%82%d0%ba%d0%b0-atlanta-%d1%81%d0%b5%d1%80%d0%b0\/#breadcrumb\",\"itemListElement\":[{\"@type\":\"ListItem\",\"position\":1,\"name\":\"Home\",\"item\":\"https:\/\/stafit.ee\/ru\/\"},{\"@type\":\"ListItem\",\"position\":2,\"name\":\"\u041c\u0430\u0433\u0430\u0437\u0438\u043d\",\"item\":\"https:\/\/stafit.ee\/ru\/pood\/\"},{\"@type\":\"ListItem\",\"position\":3,\"name\":\"\u0417\u0438\u043c\u043d\u044f\u044f \u0436\u0435\u043d\u0441\u043a\u0430\u044f \u0441\u043e\u0444\u0442\u0448\u0435\u043b\u043b \u043a\u0443\u0440\u0442\u043a\u0430 ATLANTA \u0441\u0435\u0440\u0430\u044f\"}]},{\"@type\":\"WebSite\",\"@id\":\"https:\/\/stafit.ee\/#website\",\"url\":\"https:\/\/stafit.ee\/\",\"name\":\"Stafit O\u00dc\",\"description\":\"T\u00f6\u00f6riete ja ohutusvahendite jae ja hulgim\u00fc\u00fck\",\"potentialAction\":[{\"@type\":\"SearchAction\",\"target\":{\"@type\":\"EntryPoint\",\"urlTemplate\":\"https:\/\/stafit.ee\/?s={search_term_string}\"},\"query-input\":{\"@type\":\"PropertyValueSpecification\",\"valueRequired\":true,\"valueName\":\"search_term_string\"}}],\"inLanguage\":\"ru-RU\"}]}<\/script>\n<!-- \/ Yoast SEO plugin. -->","yoast_head_json":{"title":"\u0417\u0438\u043c\u043d\u044f\u044f \u0436\u0435\u043d\u0441\u043a\u0430\u044f \u0441\u043e\u0444\u0442\u0448\u0435\u043b\u043b \u043a\u0443\u0440\u0442\u043a\u0430 ATLANTA \u0441\u0435\u0440\u0430\u044f - Stafit O\u00dc","robots":{"index":"index","follow":"follow","max-snippet":"max-snippet:-1","max-image-preview":"max-image-preview:large","max-video-preview":"max-video-preview:-1"},"canonical":"https:\/\/stafit.ee\/ru\/tovar\/\u0437\u0438\u043c\u043d\u044f\u044f-\u0436\u0435\u043d\u0441\u043a\u0430\u044f-\u0441\u043e\u0444\u0442\u0448\u0435\u043b\u043b-\u043a\u0443\u0440\u0442\u043a\u0430-atlanta-\u0441\u0435\u0440\u0430\/","og_locale":"ru_RU","og_type":"article","og_title":"\u0417\u0438\u043c\u043d\u044f\u044f \u0436\u0435\u043d\u0441\u043a\u0430\u044f \u0441\u043e\u0444\u0442\u0448\u0435\u043b\u043b \u043a\u0443\u0440\u0442\u043a\u0430 ATLANTA \u0441\u0435\u0440\u0430\u044f - Stafit O\u00dc","og_description":"\u041c\u0430\u0442\u0435\u0440\u0438\u0430\u043b: 94% \u043f\u043e\u043b\u0438\u044d\u0441\u0442\u0435\u0440, 6% \u0441\u043f\u0430\u043d\u0434\u0435\u043a\u0441, 300 \u0433\/\u043c\u00b2 \u0423\u0442\u0435\u043f\u043b\u0438\u0442\u0435\u043b\u044c: \u0441\u0438\u043d\u0442\u0435\u043f\u043e\u043d 100% \u043f\u043e\u043b\u0438\u044d\u0441\u0442\u0435\u0440 \u041f\u043e\u0434\u043a\u043b\u0430\u0434\u043a\u0430: \u0444\u043b\u0438\u0441 100% \u043f\u043e\u043b\u0438\u044d\u0441\u0442\u0435\u0440 \u0422\u0435\u043f\u043b\u0430\u044f, \u0432\u043e\u0434\u043e- \u0438 \u0432\u0435\u0442\u0440\u043e\u043d\u0435\u043f\u0440\u043e\u043d\u0438\u0446\u0430\u0435\u043c\u0430\u044f \u0441\u043e\u0444\u0442\u0448\u0435\u043b\u043b \u043a\u0443\u0440\u0442\u043a\u0430 \u0441 \u0444\u043b\u0438\u0441\u043e\u0432\u043e\u0439 \u043f\u043e\u0434\u043a\u043b\u0430\u0434\u043a\u043e\u0439 \u0432\u043d\u0443\u0442\u0440\u0438 \u043f\u0440\u0438\u0442\u0430\u043b\u0435\u043d\u043d\u044b\u0439 \u043f\u043e\u043a\u0440\u043e\u0439 \u0432\u0441\u0442\u0430\u0432\u043a\u0438 \u0438\u0437 \u0441\u0432\u0435\u0442\u043e\u043e\u0442\u0440\u0430\u0436\u0430\u044e\u0449\u0435\u0433\u043e \u043c\u0430\u0442\u0435\u0440\u0438\u0430\u043b\u0430 \u043d\u0430 \u0440\u0443\u043a\u0430\u0432\u0430\u0445, \u043a\u0430\u043f\u044e\u0448\u043e\u043d\u0435, \u043d\u0438\u0436\u043d\u0435\u0439 \u0447\u0430\u0441\u0442\u0438 \u043a\u0443\u0440\u0442\u043a\u0438 \u043e\u0442\u0441\u0442\u0451\u0433\u0438\u0432\u0430\u044e\u0449\u0438\u0439\u0441\u044f \u043a\u0430\u043f\u044e\u0448\u043e\u043d, \u0440\u0435\u0433\u0443\u043b\u0438\u0440\u0443\u0435\u043c\u044b\u0439 \u0441 \u043f\u043e\u043c\u043e\u0449\u044c\u044e \u044d\u043b\u0430\u0441\u0442\u0438\u0447\u043d\u043e\u0433\u043e \u0448\u043d\u0443\u0440\u043a\u0430 \u043f\u043e\u0442\u0430\u0439\u043d\u0430\u044f \u043c\u043e\u043b\u043d\u0438\u044f \u043f\u043e\u0434 \u043a\u043b\u0430\u043f\u0430\u043d\u043e\u043c \u0441 \u0437\u0430\u0449\u0438\u0442\u043e\u0439 \u043f\u043e\u0434\u0431\u043e\u0440\u043e\u0434\u043a\u0430 \u0440\u0435\u0433\u0443\u043b\u0438\u0440\u0443\u0435\u043c\u044b\u0435 \u0441 \u043f\u043e\u043c\u043e\u0449\u044c\u044e \u043b\u0438\u043f\u0443\u0447\u043a\u0438...","og_url":"https:\/\/stafit.ee\/ru\/tovar\/\u0437\u0438\u043c\u043d\u044f\u044f-\u0436\u0435\u043d\u0441\u043a\u0430\u044f-\u0441\u043e\u0444\u0442\u0448\u0435\u043b\u043b-\u043a\u0443\u0440\u0442\u043a\u0430-atlanta-\u0441\u0435\u0440\u0430\/","og_site_name":"Stafit O\u00dc","article_modified_time":"2026-04-08T15:24:00+00:00","og_image":[{"width":700,"height":700,"url":"https:\/\/stafit.ee\/wp-content\/uploads\/2023\/08\/2444m.jpg","type":"image\/jpeg"}],"twitter_card":"summary_large_image","schema":{"@context":"https:\/\/schema.org","@graph":[{"@type":"WebPage","@id":"https:\/\/stafit.ee\/ru\/tovar\/%d0%b7%d0%b8%d0%bc%d0%bd%d1%8f%d1%8f-%d0%b6%d0%b5%d0%bd%d1%81%d0%ba%d0%b0%d1%8f-%d1%81%d0%be%d1%84%d1%82%d1%88%d0%b5%d0%bb%d0%bb-%d0%ba%d1%83%d1%80%d1%82%d0%ba%d0%b0-atlanta-%d1%81%d0%b5%d1%80%d0%b0\/","url":"https:\/\/stafit.ee\/ru\/tovar\/%d0%b7%d0%b8%d0%bc%d0%bd%d1%8f%d1%8f-%d0%b6%d0%b5%d0%bd%d1%81%d0%ba%d0%b0%d1%8f-%d1%81%d0%be%d1%84%d1%82%d1%88%d0%b5%d0%bb%d0%bb-%d0%ba%d1%83%d1%80%d1%82%d0%ba%d0%b0-atlanta-%d1%81%d0%b5%d1%80%d0%b0\/","name":"\u0417\u0438\u043c\u043d\u044f\u044f \u0436\u0435\u043d\u0441\u043a\u0430\u044f \u0441\u043e\u0444\u0442\u0448\u0435\u043b\u043b \u043a\u0443\u0440\u0442\u043a\u0430 ATLANTA \u0441\u0435\u0440\u0430\u044f - Stafit O\u00dc","isPartOf":{"@id":"https:\/\/stafit.ee\/#website"},"primaryImageOfPage":{"@id":"https:\/\/stafit.ee\/ru\/tovar\/%d0%b7%d0%b8%d0%bc%d0%bd%d1%8f%d1%8f-%d0%b6%d0%b5%d0%bd%d1%81%d0%ba%d0%b0%d1%8f-%d1%81%d0%be%d1%84%d1%82%d1%88%d0%b5%d0%bb%d0%bb-%d0%ba%d1%83%d1%80%d1%82%d0%ba%d0%b0-atlanta-%d1%81%d0%b5%d1%80%d0%b0\/#primaryimage"},"image":{"@id":"https:\/\/stafit.ee\/ru\/tovar\/%d0%b7%d0%b8%d0%bc%d0%bd%d1%8f%d1%8f-%d0%b6%d0%b5%d0%bd%d1%81%d0%ba%d0%b0%d1%8f-%d1%81%d0%be%d1%84%d1%82%d1%88%d0%b5%d0%bb%d0%bb-%d0%ba%d1%83%d1%80%d1%82%d0%ba%d0%b0-atlanta-%d1%81%d0%b5%d1%80%d0%b0\/#primaryimage"},"thumbnailUrl":"https:\/\/stafit.ee\/wp-content\/uploads\/2023\/08\/2444m.jpg","datePublished":"2023-08-01T15:06:11+00:00","dateModified":"2026-04-08T15:24:00+00:00","breadcrumb":{"@id":"https:\/\/stafit.ee\/ru\/tovar\/%d0%b7%d0%b8%d0%bc%d0%bd%d1%8f%d1%8f-%d0%b6%d0%b5%d0%bd%d1%81%d0%ba%d0%b0%d1%8f-%d1%81%d0%be%d1%84%d1%82%d1%88%d0%b5%d0%bb%d0%bb-%d0%ba%d1%83%d1%80%d1%82%d0%ba%d0%b0-atlanta-%d1%81%d0%b5%d1%80%d0%b0\/#breadcrumb"},"inLanguage":"ru-RU","potentialAction":[{"@type":"ReadAction","target":["https:\/\/stafit.ee\/ru\/tovar\/%d0%b7%d0%b8%d0%bc%d0%bd%d1%8f%d1%8f-%d0%b6%d0%b5%d0%bd%d1%81%d0%ba%d0%b0%d1%8f-%d1%81%d0%be%d1%84%d1%82%d1%88%d0%b5%d0%bb%d0%bb-%d0%ba%d1%83%d1%80%d1%82%d0%ba%d0%b0-atlanta-%d1%81%d0%b5%d1%80%d0%b0\/"]}]},{"@type":"ImageObject","inLanguage":"ru-RU","@id":"https:\/\/stafit.ee\/ru\/tovar\/%d0%b7%d0%b8%d0%bc%d0%bd%d1%8f%d1%8f-%d0%b6%d0%b5%d0%bd%d1%81%d0%ba%d0%b0%d1%8f-%d1%81%d0%be%d1%84%d1%82%d1%88%d0%b5%d0%bb%d0%bb-%d0%ba%d1%83%d1%80%d1%82%d0%ba%d0%b0-atlanta-%d1%81%d0%b5%d1%80%d0%b0\/#primaryimage","url":"https:\/\/stafit.ee\/wp-content\/uploads\/2023\/08\/2444m.jpg","contentUrl":"https:\/\/stafit.ee\/wp-content\/uploads\/2023\/08\/2444m.jpg","width":700,"height":700},{"@type":"BreadcrumbList","@id":"https:\/\/stafit.ee\/ru\/tovar\/%d0%b7%d0%b8%d0%bc%d0%bd%d1%8f%d1%8f-%d0%b6%d0%b5%d0%bd%d1%81%d0%ba%d0%b0%d1%8f-%d1%81%d0%be%d1%84%d1%82%d1%88%d0%b5%d0%bb%d0%bb-%d0%ba%d1%83%d1%80%d1%82%d0%ba%d0%b0-atlanta-%d1%81%d0%b5%d1%80%d0%b0\/#breadcrumb","itemListElement":[{"@type":"ListItem","position":1,"name":"Home","item":"https:\/\/stafit.ee\/ru\/"},{"@type":"ListItem","position":2,"name":"\u041c\u0430\u0433\u0430\u0437\u0438\u043d","item":"https:\/\/stafit.ee\/ru\/pood\/"},{"@type":"ListItem","position":3,"name":"\u0417\u0438\u043c\u043d\u044f\u044f \u0436\u0435\u043d\u0441\u043a\u0430\u044f \u0441\u043e\u0444\u0442\u0448\u0435\u043b\u043b \u043a\u0443\u0440\u0442\u043a\u0430 ATLANTA \u0441\u0435\u0440\u0430\u044f"}]},{"@type":"WebSite","@id":"https:\/\/stafit.ee\/#website","url":"https:\/\/stafit.ee\/","name":"Stafit O\u00dc","description":"T\u00f6\u00f6riete ja ohutusvahendite jae ja hulgim\u00fc\u00fck","potentialAction":[{"@type":"SearchAction","target":{"@type":"EntryPoint","urlTemplate":"https:\/\/stafit.ee\/?s={search_term_string}"},"query-input":{"@type":"PropertyValueSpecification","valueRequired":true,"valueName":"search_term_string"}}],"inLanguage":"ru-RU"}]}},"brands":[{"id":329,"name":"Saugima","slug":"saugima"}],"_links":{"self":[{"href":"https:\/\/stafit.ee\/ru\/wp-json\/wp\/v2\/product\/58241","targetHints":{"allow":["GET"]}}],"collection":[{"href":"https:\/\/stafit.ee\/ru\/wp-json\/wp\/v2\/product"}],"about":[{"href":"https:\/\/stafit.ee\/ru\/wp-json\/wp\/v2\/types\/product"}],"wp:featuredmedia":[{"embeddable":true,"href":"https:\/\/stafit.ee\/ru\/wp-json\/wp\/v2\/media\/58232"}],"wp:attachment":[{"href":"https:\/\/stafit.ee\/ru\/wp-json\/wp\/v2\/media?parent=58241"}],"wp:term":[{"taxonomy":"pwb-brand","embeddable":true,"href":"https:\/\/stafit.ee\/ru\/wp-json\/wp\/v2\/pwb-brand?post=58241"},{"taxonomy":"product_brand","embeddable":true,"href":"https:\/\/stafit.ee\/ru\/wp-json\/wp\/v2\/product_brand?post=58241"},{"taxonomy":"product_cat","embeddable":true,"href":"https:\/\/stafit.ee\/ru\/wp-json\/wp\/v2\/product_cat?post=58241"},{"taxonomy":"product_tag","embeddable":true,"href":"https:\/\/stafit.ee\/ru\/wp-json\/wp\/v2\/product_tag?post=58241"}],"curies":[{"name":"wp","href":"https:\/\/api.w.org\/{rel}","templated":true}]}}