{"id":57820,"date":"2023-07-12T18:02:46","date_gmt":"2023-07-12T15:02:46","guid":{"rendered":"https:\/\/stafit.ee\/toode\/%d0%bc%d1%83%d0%b6%d1%81%d0%ba%d0%be%d0%b9-%d0%b1%d0%bb%d1%83%d0%b7%d0%be%d0%bd-marco-%d0%b1%d0%b5%d0%bb%d1%8b%d0%b9\/"},"modified":"2026-04-08T18:18:20","modified_gmt":"2026-04-08T15:18:20","slug":"%d0%bc%d1%83%d0%b6%d1%81%d0%ba%d0%be%d0%b9-%d0%b1%d0%bb%d1%83%d0%b7%d0%be%d0%bd-marco-%d0%b1%d0%b5%d0%bb%d1%8b%d0%b9","status":"publish","type":"product","link":"https:\/\/stafit.ee\/ru\/tovar\/%d0%bc%d1%83%d0%b6%d1%81%d0%ba%d0%be%d0%b9-%d0%b1%d0%bb%d1%83%d0%b7%d0%be%d0%bd-marco-%d0%b1%d0%b5%d0%bb%d1%8b%d0%b9\/","title":{"rendered":"\u041c\u0443\u0436\u0441\u043a\u043e\u0439 \u0431\u043b\u0443\u0437\u043e\u043d MARCO \u0431\u0435\u043b\u044b\u0439"},"content":{"rendered":"<p>\u041c\u0430\u0442\u0435\u0440\u0438\u0430\u043b: 48% \u043b\u0438\u043e\u0446\u0435\u043b\u043b, 48% \u043f\u043e\u043b\u0438\u044d\u0441\u0442\u0435\u0440, 4% \u044d\u043b\u0430\u0441\u0442\u0430\u043d, 185 \u0433\/\u043c\u00b2.<\/p>\n<p>2 \u0431\u043e\u043a\u043e\u0432\u044b\u0445 \u043a\u0430\u0440\u043c\u0430\u043d\u0430;<br \/>\n1 \u043d\u0430\u0433\u0440\u0443\u0434\u043d\u044b\u0439 \u043a\u0430\u0440\u043c\u0430\u043d;<br \/>\n\u0440\u0430\u0437\u0440\u0435\u0437\u044b \u043f\u043e \u0431\u043e\u043a\u0430\u043c;<br \/>\n\u043d\u0430 \u043a\u043d\u043e\u043f\u043a\u0430\u0445;<br \/>\n\u043f\u0440\u0438\u0442\u0430\u043b\u0435\u043d\u043d\u044b\u0439 \u043f\u043e\u043a\u0440\u043e\u0439.<\/p>\n","protected":false},"excerpt":{"rendered":"<p>\u041c\u0430\u0442\u0435\u0440\u0438\u0430\u043b: 48% \u043b\u0438\u043e\u0446\u0435\u043b\u043b, 48% \u043f\u043e\u043b\u0438\u044d\u0441\u0442\u0435\u0440, 4% \u044d\u043b\u0430\u0441\u0442\u0430\u043d, 185 \u0433\/\u043c\u00b2. 2 \u0431\u043e\u043a\u043e\u0432\u044b\u0445 \u043a\u0430\u0440\u043c\u0430\u043d\u0430; 1 \u043d\u0430\u0433\u0440\u0443\u0434\u043d\u044b\u0439 \u043a\u0430\u0440\u043c\u0430\u043d; \u0440\u0430\u0437\u0440\u0435\u0437\u044b \u043f\u043e \u0431\u043e\u043a\u0430\u043c; \u043d\u0430 \u043a\u043d\u043e\u043f\u043a\u0430\u0445; \u043f\u0440\u0438\u0442\u0430\u043b\u0435\u043d\u043d\u044b\u0439 \u043f\u043e\u043a\u0440\u043e\u0439.<\/p>\n","protected":false},"featured_media":57812,"template":"","meta":[],"pwb-brand":[],"product_brand":[],"product_cat":[2383,570],"product_tag":[],"class_list":{"0":"post-57820","1":"product","2":"type-product","3":"status-publish","4":"has-post-thumbnail","6":"product_cat-outlet-ru","7":"product_cat-570","9":"first","10":"instock","11":"taxable","12":"shipping-taxable","13":"purchasable","14":"product-type-variable"},"yoast_head":"<!-- This site is optimized with the Yoast SEO plugin v27.0 - https:\/\/yoast.com\/product\/yoast-seo-wordpress\/ -->\n<title>\u041c\u0443\u0436\u0441\u043a\u043e\u0439 \u0431\u043b\u0443\u0437\u043e\u043d MARCO \u0431\u0435\u043b\u044b\u0439 - Stafit O\u00dc<\/title>\n<meta name=\"robots\" content=\"index, follow, max-snippet:-1, max-image-preview:large, max-video-preview:-1\" \/>\n<link rel=\"canonical\" href=\"https:\/\/stafit.ee\/ru\/tovar\/\u043c\u0443\u0436\u0441\u043a\u043e\u0439-\u0431\u043b\u0443\u0437\u043e\u043d-marco-\u0431\u0435\u043b\u044b\u0439\/\" \/>\n<meta property=\"og:locale\" content=\"ru_RU\" \/>\n<meta property=\"og:type\" content=\"article\" \/>\n<meta property=\"og:title\" content=\"\u041c\u0443\u0436\u0441\u043a\u043e\u0439 \u0431\u043b\u0443\u0437\u043e\u043d MARCO \u0431\u0435\u043b\u044b\u0439 - Stafit O\u00dc\" \/>\n<meta property=\"og:description\" content=\"\u041c\u0430\u0442\u0435\u0440\u0438\u0430\u043b: 48% \u043b\u0438\u043e\u0446\u0435\u043b\u043b, 48% \u043f\u043e\u043b\u0438\u044d\u0441\u0442\u0435\u0440, 4% \u044d\u043b\u0430\u0441\u0442\u0430\u043d, 185 \u0433\/\u043c\u00b2. 2 \u0431\u043e\u043a\u043e\u0432\u044b\u0445 \u043a\u0430\u0440\u043c\u0430\u043d\u0430; 1 \u043d\u0430\u0433\u0440\u0443\u0434\u043d\u044b\u0439 \u043a\u0430\u0440\u043c\u0430\u043d; \u0440\u0430\u0437\u0440\u0435\u0437\u044b \u043f\u043e \u0431\u043e\u043a\u0430\u043c; \u043d\u0430 \u043a\u043d\u043e\u043f\u043a\u0430\u0445; \u043f\u0440\u0438\u0442\u0430\u043b\u0435\u043d\u043d\u044b\u0439 \u043f\u043e\u043a\u0440\u043e\u0439.\" \/>\n<meta property=\"og:url\" content=\"https:\/\/stafit.ee\/ru\/tovar\/\u043c\u0443\u0436\u0441\u043a\u043e\u0439-\u0431\u043b\u0443\u0437\u043e\u043d-marco-\u0431\u0435\u043b\u044b\u0439\/\" \/>\n<meta property=\"og:site_name\" content=\"Stafit O\u00dc\" \/>\n<meta property=\"article:modified_time\" content=\"2026-04-08T15:18:20+00:00\" \/>\n<meta property=\"og:image\" content=\"https:\/\/stafit.ee\/wp-content\/uploads\/2023\/07\/23P03K325-white.jpg\" \/>\n\t<meta property=\"og:image:width\" content=\"800\" \/>\n\t<meta property=\"og:image:height\" content=\"800\" \/>\n\t<meta property=\"og:image:type\" content=\"image\/jpeg\" \/>\n<meta name=\"twitter:card\" content=\"summary_large_image\" \/>\n<script type=\"application\/ld+json\" class=\"yoast-schema-graph\">{\"@context\":\"https:\/\/schema.org\",\"@graph\":[{\"@type\":\"WebPage\",\"@id\":\"https:\/\/stafit.ee\/ru\/tovar\/%d0%bc%d1%83%d0%b6%d1%81%d0%ba%d0%be%d0%b9-%d0%b1%d0%bb%d1%83%d0%b7%d0%be%d0%bd-marco-%d0%b1%d0%b5%d0%bb%d1%8b%d0%b9\/\",\"url\":\"https:\/\/stafit.ee\/ru\/tovar\/%d0%bc%d1%83%d0%b6%d1%81%d0%ba%d0%be%d0%b9-%d0%b1%d0%bb%d1%83%d0%b7%d0%be%d0%bd-marco-%d0%b1%d0%b5%d0%bb%d1%8b%d0%b9\/\",\"name\":\"\u041c\u0443\u0436\u0441\u043a\u043e\u0439 \u0431\u043b\u0443\u0437\u043e\u043d MARCO \u0431\u0435\u043b\u044b\u0439 - Stafit O\u00dc\",\"isPartOf\":{\"@id\":\"https:\/\/stafit.ee\/#website\"},\"primaryImageOfPage\":{\"@id\":\"https:\/\/stafit.ee\/ru\/tovar\/%d0%bc%d1%83%d0%b6%d1%81%d0%ba%d0%be%d0%b9-%d0%b1%d0%bb%d1%83%d0%b7%d0%be%d0%bd-marco-%d0%b1%d0%b5%d0%bb%d1%8b%d0%b9\/#primaryimage\"},\"image\":{\"@id\":\"https:\/\/stafit.ee\/ru\/tovar\/%d0%bc%d1%83%d0%b6%d1%81%d0%ba%d0%be%d0%b9-%d0%b1%d0%bb%d1%83%d0%b7%d0%be%d0%bd-marco-%d0%b1%d0%b5%d0%bb%d1%8b%d0%b9\/#primaryimage\"},\"thumbnailUrl\":\"https:\/\/stafit.ee\/wp-content\/uploads\/2023\/07\/23P03K325-white.jpg\",\"datePublished\":\"2023-07-12T15:02:46+00:00\",\"dateModified\":\"2026-04-08T15:18:20+00:00\",\"breadcrumb\":{\"@id\":\"https:\/\/stafit.ee\/ru\/tovar\/%d0%bc%d1%83%d0%b6%d1%81%d0%ba%d0%be%d0%b9-%d0%b1%d0%bb%d1%83%d0%b7%d0%be%d0%bd-marco-%d0%b1%d0%b5%d0%bb%d1%8b%d0%b9\/#breadcrumb\"},\"inLanguage\":\"ru-RU\",\"potentialAction\":[{\"@type\":\"ReadAction\",\"target\":[\"https:\/\/stafit.ee\/ru\/tovar\/%d0%bc%d1%83%d0%b6%d1%81%d0%ba%d0%be%d0%b9-%d0%b1%d0%bb%d1%83%d0%b7%d0%be%d0%bd-marco-%d0%b1%d0%b5%d0%bb%d1%8b%d0%b9\/\"]}]},{\"@type\":\"ImageObject\",\"inLanguage\":\"ru-RU\",\"@id\":\"https:\/\/stafit.ee\/ru\/tovar\/%d0%bc%d1%83%d0%b6%d1%81%d0%ba%d0%be%d0%b9-%d0%b1%d0%bb%d1%83%d0%b7%d0%be%d0%bd-marco-%d0%b1%d0%b5%d0%bb%d1%8b%d0%b9\/#primaryimage\",\"url\":\"https:\/\/stafit.ee\/wp-content\/uploads\/2023\/07\/23P03K325-white.jpg\",\"contentUrl\":\"https:\/\/stafit.ee\/wp-content\/uploads\/2023\/07\/23P03K325-white.jpg\",\"width\":800,\"height\":800},{\"@type\":\"BreadcrumbList\",\"@id\":\"https:\/\/stafit.ee\/ru\/tovar\/%d0%bc%d1%83%d0%b6%d1%81%d0%ba%d0%be%d0%b9-%d0%b1%d0%bb%d1%83%d0%b7%d0%be%d0%bd-marco-%d0%b1%d0%b5%d0%bb%d1%8b%d0%b9\/#breadcrumb\",\"itemListElement\":[{\"@type\":\"ListItem\",\"position\":1,\"name\":\"Home\",\"item\":\"https:\/\/stafit.ee\/ru\/\"},{\"@type\":\"ListItem\",\"position\":2,\"name\":\"\u041c\u0430\u0433\u0430\u0437\u0438\u043d\",\"item\":\"https:\/\/stafit.ee\/ru\/pood\/\"},{\"@type\":\"ListItem\",\"position\":3,\"name\":\"\u041c\u0443\u0436\u0441\u043a\u043e\u0439 \u0431\u043b\u0443\u0437\u043e\u043d MARCO \u0431\u0435\u043b\u044b\u0439\"}]},{\"@type\":\"WebSite\",\"@id\":\"https:\/\/stafit.ee\/#website\",\"url\":\"https:\/\/stafit.ee\/\",\"name\":\"Stafit O\u00dc\",\"description\":\"T\u00f6\u00f6riete ja ohutusvahendite jae ja hulgim\u00fc\u00fck\",\"potentialAction\":[{\"@type\":\"SearchAction\",\"target\":{\"@type\":\"EntryPoint\",\"urlTemplate\":\"https:\/\/stafit.ee\/?s={search_term_string}\"},\"query-input\":{\"@type\":\"PropertyValueSpecification\",\"valueRequired\":true,\"valueName\":\"search_term_string\"}}],\"inLanguage\":\"ru-RU\"}]}<\/script>\n<!-- \/ Yoast SEO plugin. -->","yoast_head_json":{"title":"\u041c\u0443\u0436\u0441\u043a\u043e\u0439 \u0431\u043b\u0443\u0437\u043e\u043d MARCO \u0431\u0435\u043b\u044b\u0439 - Stafit O\u00dc","robots":{"index":"index","follow":"follow","max-snippet":"max-snippet:-1","max-image-preview":"max-image-preview:large","max-video-preview":"max-video-preview:-1"},"canonical":"https:\/\/stafit.ee\/ru\/tovar\/\u043c\u0443\u0436\u0441\u043a\u043e\u0439-\u0431\u043b\u0443\u0437\u043e\u043d-marco-\u0431\u0435\u043b\u044b\u0439\/","og_locale":"ru_RU","og_type":"article","og_title":"\u041c\u0443\u0436\u0441\u043a\u043e\u0439 \u0431\u043b\u0443\u0437\u043e\u043d MARCO \u0431\u0435\u043b\u044b\u0439 - Stafit O\u00dc","og_description":"\u041c\u0430\u0442\u0435\u0440\u0438\u0430\u043b: 48% \u043b\u0438\u043e\u0446\u0435\u043b\u043b, 48% \u043f\u043e\u043b\u0438\u044d\u0441\u0442\u0435\u0440, 4% \u044d\u043b\u0430\u0441\u0442\u0430\u043d, 185 \u0433\/\u043c\u00b2. 2 \u0431\u043e\u043a\u043e\u0432\u044b\u0445 \u043a\u0430\u0440\u043c\u0430\u043d\u0430; 1 \u043d\u0430\u0433\u0440\u0443\u0434\u043d\u044b\u0439 \u043a\u0430\u0440\u043c\u0430\u043d; \u0440\u0430\u0437\u0440\u0435\u0437\u044b \u043f\u043e \u0431\u043e\u043a\u0430\u043c; \u043d\u0430 \u043a\u043d\u043e\u043f\u043a\u0430\u0445; \u043f\u0440\u0438\u0442\u0430\u043b\u0435\u043d\u043d\u044b\u0439 \u043f\u043e\u043a\u0440\u043e\u0439.","og_url":"https:\/\/stafit.ee\/ru\/tovar\/\u043c\u0443\u0436\u0441\u043a\u043e\u0439-\u0431\u043b\u0443\u0437\u043e\u043d-marco-\u0431\u0435\u043b\u044b\u0439\/","og_site_name":"Stafit O\u00dc","article_modified_time":"2026-04-08T15:18:20+00:00","og_image":[{"width":800,"height":800,"url":"https:\/\/stafit.ee\/wp-content\/uploads\/2023\/07\/23P03K325-white.jpg","type":"image\/jpeg"}],"twitter_card":"summary_large_image","schema":{"@context":"https:\/\/schema.org","@graph":[{"@type":"WebPage","@id":"https:\/\/stafit.ee\/ru\/tovar\/%d0%bc%d1%83%d0%b6%d1%81%d0%ba%d0%be%d0%b9-%d0%b1%d0%bb%d1%83%d0%b7%d0%be%d0%bd-marco-%d0%b1%d0%b5%d0%bb%d1%8b%d0%b9\/","url":"https:\/\/stafit.ee\/ru\/tovar\/%d0%bc%d1%83%d0%b6%d1%81%d0%ba%d0%be%d0%b9-%d0%b1%d0%bb%d1%83%d0%b7%d0%be%d0%bd-marco-%d0%b1%d0%b5%d0%bb%d1%8b%d0%b9\/","name":"\u041c\u0443\u0436\u0441\u043a\u043e\u0439 \u0431\u043b\u0443\u0437\u043e\u043d MARCO \u0431\u0435\u043b\u044b\u0439 - Stafit O\u00dc","isPartOf":{"@id":"https:\/\/stafit.ee\/#website"},"primaryImageOfPage":{"@id":"https:\/\/stafit.ee\/ru\/tovar\/%d0%bc%d1%83%d0%b6%d1%81%d0%ba%d0%be%d0%b9-%d0%b1%d0%bb%d1%83%d0%b7%d0%be%d0%bd-marco-%d0%b1%d0%b5%d0%bb%d1%8b%d0%b9\/#primaryimage"},"image":{"@id":"https:\/\/stafit.ee\/ru\/tovar\/%d0%bc%d1%83%d0%b6%d1%81%d0%ba%d0%be%d0%b9-%d0%b1%d0%bb%d1%83%d0%b7%d0%be%d0%bd-marco-%d0%b1%d0%b5%d0%bb%d1%8b%d0%b9\/#primaryimage"},"thumbnailUrl":"https:\/\/stafit.ee\/wp-content\/uploads\/2023\/07\/23P03K325-white.jpg","datePublished":"2023-07-12T15:02:46+00:00","dateModified":"2026-04-08T15:18:20+00:00","breadcrumb":{"@id":"https:\/\/stafit.ee\/ru\/tovar\/%d0%bc%d1%83%d0%b6%d1%81%d0%ba%d0%be%d0%b9-%d0%b1%d0%bb%d1%83%d0%b7%d0%be%d0%bd-marco-%d0%b1%d0%b5%d0%bb%d1%8b%d0%b9\/#breadcrumb"},"inLanguage":"ru-RU","potentialAction":[{"@type":"ReadAction","target":["https:\/\/stafit.ee\/ru\/tovar\/%d0%bc%d1%83%d0%b6%d1%81%d0%ba%d0%be%d0%b9-%d0%b1%d0%bb%d1%83%d0%b7%d0%be%d0%bd-marco-%d0%b1%d0%b5%d0%bb%d1%8b%d0%b9\/"]}]},{"@type":"ImageObject","inLanguage":"ru-RU","@id":"https:\/\/stafit.ee\/ru\/tovar\/%d0%bc%d1%83%d0%b6%d1%81%d0%ba%d0%be%d0%b9-%d0%b1%d0%bb%d1%83%d0%b7%d0%be%d0%bd-marco-%d0%b1%d0%b5%d0%bb%d1%8b%d0%b9\/#primaryimage","url":"https:\/\/stafit.ee\/wp-content\/uploads\/2023\/07\/23P03K325-white.jpg","contentUrl":"https:\/\/stafit.ee\/wp-content\/uploads\/2023\/07\/23P03K325-white.jpg","width":800,"height":800},{"@type":"BreadcrumbList","@id":"https:\/\/stafit.ee\/ru\/tovar\/%d0%bc%d1%83%d0%b6%d1%81%d0%ba%d0%be%d0%b9-%d0%b1%d0%bb%d1%83%d0%b7%d0%be%d0%bd-marco-%d0%b1%d0%b5%d0%bb%d1%8b%d0%b9\/#breadcrumb","itemListElement":[{"@type":"ListItem","position":1,"name":"Home","item":"https:\/\/stafit.ee\/ru\/"},{"@type":"ListItem","position":2,"name":"\u041c\u0430\u0433\u0430\u0437\u0438\u043d","item":"https:\/\/stafit.ee\/ru\/pood\/"},{"@type":"ListItem","position":3,"name":"\u041c\u0443\u0436\u0441\u043a\u043e\u0439 \u0431\u043b\u0443\u0437\u043e\u043d MARCO \u0431\u0435\u043b\u044b\u0439"}]},{"@type":"WebSite","@id":"https:\/\/stafit.ee\/#website","url":"https:\/\/stafit.ee\/","name":"Stafit O\u00dc","description":"T\u00f6\u00f6riete ja ohutusvahendite jae ja hulgim\u00fc\u00fck","potentialAction":[{"@type":"SearchAction","target":{"@type":"EntryPoint","urlTemplate":"https:\/\/stafit.ee\/?s={search_term_string}"},"query-input":{"@type":"PropertyValueSpecification","valueRequired":true,"valueName":"search_term_string"}}],"inLanguage":"ru-RU"}]}},"brands":[],"_links":{"self":[{"href":"https:\/\/stafit.ee\/ru\/wp-json\/wp\/v2\/product\/57820","targetHints":{"allow":["GET"]}}],"collection":[{"href":"https:\/\/stafit.ee\/ru\/wp-json\/wp\/v2\/product"}],"about":[{"href":"https:\/\/stafit.ee\/ru\/wp-json\/wp\/v2\/types\/product"}],"wp:featuredmedia":[{"embeddable":true,"href":"https:\/\/stafit.ee\/ru\/wp-json\/wp\/v2\/media\/57812"}],"wp:attachment":[{"href":"https:\/\/stafit.ee\/ru\/wp-json\/wp\/v2\/media?parent=57820"}],"wp:term":[{"taxonomy":"pwb-brand","embeddable":true,"href":"https:\/\/stafit.ee\/ru\/wp-json\/wp\/v2\/pwb-brand?post=57820"},{"taxonomy":"product_brand","embeddable":true,"href":"https:\/\/stafit.ee\/ru\/wp-json\/wp\/v2\/product_brand?post=57820"},{"taxonomy":"product_cat","embeddable":true,"href":"https:\/\/stafit.ee\/ru\/wp-json\/wp\/v2\/product_cat?post=57820"},{"taxonomy":"product_tag","embeddable":true,"href":"https:\/\/stafit.ee\/ru\/wp-json\/wp\/v2\/product_tag?post=57820"}],"curies":[{"name":"wp","href":"https:\/\/api.w.org\/{rel}","templated":true}]}}