{"id":5631,"date":"2020-10-09T15:58:22","date_gmt":"2020-10-09T13:58:22","guid":{"rendered":"https:\/\/stafit.ee\/toode\/%d1%84%d0%b0%d1%80%d1%82%d1%83%d0%ba-exner-%d0%bf%d0%be%d0%bb%d0%be%d1%81%d0%b0%d1%82%d1%8b%d0%b9-75x75\/"},"modified":"2026-04-09T04:21:27","modified_gmt":"2026-04-09T01:21:27","slug":"%d1%84%d0%b0%d1%80%d1%82%d1%83%d0%ba-exner-%d0%bf%d0%be%d0%bb%d0%be%d1%81%d0%b0%d1%82%d1%8b%d0%b9-75x75","status":"publish","type":"product","link":"https:\/\/stafit.ee\/ru\/tovar\/%d1%84%d0%b0%d1%80%d1%82%d1%83%d0%ba-exner-%d0%bf%d0%be%d0%bb%d0%be%d1%81%d0%b0%d1%82%d1%8b%d0%b9-75x75\/","title":{"rendered":"\u0424\u0430\u0440\u0442\u0443\u043a Exner \u043f\u043e\u043b\u043e\u0441\u0430\u0442\u044b\u0439 75&#215;75"},"content":{"rendered":"<p>100% \u0445\u043b\u043e\u043f\u043e\u043a, 230 \u0433\/\u043c\u00b2<\/p>\n<ul>\n<li>1 \u043a\u0430\u0440\u043c\u0430\u043d 20\u044518 \u0441\u043c<\/li>\n<li>\u0434\u043b\u0438\u043d\u0430 \u043b\u0435\u043d\u0442\u044b \u043d\u0430 \u0448\u0435\u0435 \u0440\u0435\u0433\u0443\u043b\u0438\u0440\u0443\u0435\u0442\u0441\u044f<\/li>\n<li>\u043c\u0430\u0448\u0438\u043d\u043d\u0430\u044f \u0438 \u0440\u0443\u0447\u043d\u0430\u044f \u0441\u0442\u0438\u0440\u043a\u0430 \u0434\u043e 75\u00b0\u0421<\/li>\n<\/ul>\n","protected":false},"excerpt":{"rendered":"<p>100% \u0445\u043b\u043e\u043f\u043e\u043a, 230 \u0433\/\u043c\u00b2 1 \u043a\u0430\u0440\u043c\u0430\u043d 20\u044518 \u0441\u043c \u0434\u043b\u0438\u043d\u0430 \u043b\u0435\u043d\u0442\u044b \u043d\u0430 \u0448\u0435\u0435 \u0440\u0435\u0433\u0443\u043b\u0438\u0440\u0443\u0435\u0442\u0441\u044f \u043c\u0430\u0448\u0438\u043d\u043d\u0430\u044f \u0438 \u0440\u0443\u0447\u043d\u0430\u044f \u0441\u0442\u0438\u0440\u043a\u0430 \u0434\u043e 75\u00b0\u0421<\/p>\n","protected":false},"featured_media":5627,"template":"","meta":[],"pwb-brand":[325],"product_brand":[],"product_cat":[533],"product_tag":[],"class_list":{"0":"post-5631","1":"product","2":"type-product","3":"status-publish","4":"has-post-thumbnail","6":"pwb-brand-exner","7":"product_cat-533","9":"first","10":"instock","11":"taxable","12":"shipping-taxable","13":"purchasable","14":"product-type-simple"},"yoast_head":"<!-- This site is optimized with the Yoast SEO plugin v27.0 - https:\/\/yoast.com\/product\/yoast-seo-wordpress\/ -->\n<title>\u0424\u0430\u0440\u0442\u0443\u043a Exner \u043f\u043e\u043b\u043e\u0441\u0430\u0442\u044b\u0439 75x75 - Stafit O\u00dc<\/title>\n<meta name=\"robots\" content=\"index, follow, max-snippet:-1, max-image-preview:large, max-video-preview:-1\" \/>\n<link rel=\"canonical\" href=\"https:\/\/stafit.ee\/ru\/tovar\/\u0444\u0430\u0440\u0442\u0443\u043a-exner-\u043f\u043e\u043b\u043e\u0441\u0430\u0442\u044b\u0439-75x75\/\" \/>\n<meta property=\"og:locale\" content=\"ru_RU\" \/>\n<meta property=\"og:type\" content=\"article\" \/>\n<meta property=\"og:title\" content=\"\u0424\u0430\u0440\u0442\u0443\u043a Exner \u043f\u043e\u043b\u043e\u0441\u0430\u0442\u044b\u0439 75x75 - Stafit O\u00dc\" \/>\n<meta property=\"og:description\" content=\"100% \u0445\u043b\u043e\u043f\u043e\u043a, 230 \u0433\/\u043c\u00b2 1 \u043a\u0430\u0440\u043c\u0430\u043d 20\u044518 \u0441\u043c \u0434\u043b\u0438\u043d\u0430 \u043b\u0435\u043d\u0442\u044b \u043d\u0430 \u0448\u0435\u0435 \u0440\u0435\u0433\u0443\u043b\u0438\u0440\u0443\u0435\u0442\u0441\u044f \u043c\u0430\u0448\u0438\u043d\u043d\u0430\u044f \u0438 \u0440\u0443\u0447\u043d\u0430\u044f \u0441\u0442\u0438\u0440\u043a\u0430 \u0434\u043e 75\u00b0\u0421\" \/>\n<meta property=\"og:url\" content=\"https:\/\/stafit.ee\/ru\/tovar\/\u0444\u0430\u0440\u0442\u0443\u043a-exner-\u043f\u043e\u043b\u043e\u0441\u0430\u0442\u044b\u0439-75x75\/\" \/>\n<meta property=\"og:site_name\" content=\"Stafit O\u00dc\" \/>\n<meta property=\"article:modified_time\" content=\"2026-04-09T01:21:27+00:00\" \/>\n<meta name=\"twitter:card\" content=\"summary_large_image\" \/>\n<script type=\"application\/ld+json\" class=\"yoast-schema-graph\">{\"@context\":\"https:\/\/schema.org\",\"@graph\":[{\"@type\":\"WebPage\",\"@id\":\"https:\/\/stafit.ee\/ru\/tovar\/%d1%84%d0%b0%d1%80%d1%82%d1%83%d0%ba-exner-%d0%bf%d0%be%d0%bb%d0%be%d1%81%d0%b0%d1%82%d1%8b%d0%b9-75x75\/\",\"url\":\"https:\/\/stafit.ee\/ru\/tovar\/%d1%84%d0%b0%d1%80%d1%82%d1%83%d0%ba-exner-%d0%bf%d0%be%d0%bb%d0%be%d1%81%d0%b0%d1%82%d1%8b%d0%b9-75x75\/\",\"name\":\"\u0424\u0430\u0440\u0442\u0443\u043a Exner \u043f\u043e\u043b\u043e\u0441\u0430\u0442\u044b\u0439 75x75 - Stafit O\u00dc\",\"isPartOf\":{\"@id\":\"https:\/\/stafit.ee\/#website\"},\"primaryImageOfPage\":{\"@id\":\"https:\/\/stafit.ee\/ru\/tovar\/%d1%84%d0%b0%d1%80%d1%82%d1%83%d0%ba-exner-%d0%bf%d0%be%d0%bb%d0%be%d1%81%d0%b0%d1%82%d1%8b%d0%b9-75x75\/#primaryimage\"},\"image\":{\"@id\":\"https:\/\/stafit.ee\/ru\/tovar\/%d1%84%d0%b0%d1%80%d1%82%d1%83%d0%ba-exner-%d0%bf%d0%be%d0%bb%d0%be%d1%81%d0%b0%d1%82%d1%8b%d0%b9-75x75\/#primaryimage\"},\"thumbnailUrl\":\"https:\/\/stafit.ee\/wp-content\/uploads\/2020\/10\/75x75_Exner-142.jpg\",\"datePublished\":\"2020-10-09T13:58:22+00:00\",\"dateModified\":\"2026-04-09T01:21:27+00:00\",\"breadcrumb\":{\"@id\":\"https:\/\/stafit.ee\/ru\/tovar\/%d1%84%d0%b0%d1%80%d1%82%d1%83%d0%ba-exner-%d0%bf%d0%be%d0%bb%d0%be%d1%81%d0%b0%d1%82%d1%8b%d0%b9-75x75\/#breadcrumb\"},\"inLanguage\":\"ru-RU\",\"potentialAction\":[{\"@type\":\"ReadAction\",\"target\":[\"https:\/\/stafit.ee\/ru\/tovar\/%d1%84%d0%b0%d1%80%d1%82%d1%83%d0%ba-exner-%d0%bf%d0%be%d0%bb%d0%be%d1%81%d0%b0%d1%82%d1%8b%d0%b9-75x75\/\"]}]},{\"@type\":\"ImageObject\",\"inLanguage\":\"ru-RU\",\"@id\":\"https:\/\/stafit.ee\/ru\/tovar\/%d1%84%d0%b0%d1%80%d1%82%d1%83%d0%ba-exner-%d0%bf%d0%be%d0%bb%d0%be%d1%81%d0%b0%d1%82%d1%8b%d0%b9-75x75\/#primaryimage\",\"url\":\"https:\/\/stafit.ee\/wp-content\/uploads\/2020\/10\/75x75_Exner-142.jpg\",\"contentUrl\":\"https:\/\/stafit.ee\/wp-content\/uploads\/2020\/10\/75x75_Exner-142.jpg\",\"width\":600,\"height\":600},{\"@type\":\"BreadcrumbList\",\"@id\":\"https:\/\/stafit.ee\/ru\/tovar\/%d1%84%d0%b0%d1%80%d1%82%d1%83%d0%ba-exner-%d0%bf%d0%be%d0%bb%d0%be%d1%81%d0%b0%d1%82%d1%8b%d0%b9-75x75\/#breadcrumb\",\"itemListElement\":[{\"@type\":\"ListItem\",\"position\":1,\"name\":\"Home\",\"item\":\"https:\/\/stafit.ee\/ru\/\"},{\"@type\":\"ListItem\",\"position\":2,\"name\":\"\u041c\u0430\u0433\u0430\u0437\u0438\u043d\",\"item\":\"https:\/\/stafit.ee\/ru\/pood\/\"},{\"@type\":\"ListItem\",\"position\":3,\"name\":\"\u0424\u0430\u0440\u0442\u0443\u043a Exner \u043f\u043e\u043b\u043e\u0441\u0430\u0442\u044b\u0439 75&#215;75\"}]},{\"@type\":\"WebSite\",\"@id\":\"https:\/\/stafit.ee\/#website\",\"url\":\"https:\/\/stafit.ee\/\",\"name\":\"Stafit O\u00dc\",\"description\":\"T\u00f6\u00f6riete ja ohutusvahendite jae ja hulgim\u00fc\u00fck\",\"potentialAction\":[{\"@type\":\"SearchAction\",\"target\":{\"@type\":\"EntryPoint\",\"urlTemplate\":\"https:\/\/stafit.ee\/?s={search_term_string}\"},\"query-input\":{\"@type\":\"PropertyValueSpecification\",\"valueRequired\":true,\"valueName\":\"search_term_string\"}}],\"inLanguage\":\"ru-RU\"}]}<\/script>\n<!-- \/ Yoast SEO plugin. -->","yoast_head_json":{"title":"\u0424\u0430\u0440\u0442\u0443\u043a Exner \u043f\u043e\u043b\u043e\u0441\u0430\u0442\u044b\u0439 75x75 - Stafit O\u00dc","robots":{"index":"index","follow":"follow","max-snippet":"max-snippet:-1","max-image-preview":"max-image-preview:large","max-video-preview":"max-video-preview:-1"},"canonical":"https:\/\/stafit.ee\/ru\/tovar\/\u0444\u0430\u0440\u0442\u0443\u043a-exner-\u043f\u043e\u043b\u043e\u0441\u0430\u0442\u044b\u0439-75x75\/","og_locale":"ru_RU","og_type":"article","og_title":"\u0424\u0430\u0440\u0442\u0443\u043a Exner \u043f\u043e\u043b\u043e\u0441\u0430\u0442\u044b\u0439 75x75 - Stafit O\u00dc","og_description":"100% \u0445\u043b\u043e\u043f\u043e\u043a, 230 \u0433\/\u043c\u00b2 1 \u043a\u0430\u0440\u043c\u0430\u043d 20\u044518 \u0441\u043c \u0434\u043b\u0438\u043d\u0430 \u043b\u0435\u043d\u0442\u044b \u043d\u0430 \u0448\u0435\u0435 \u0440\u0435\u0433\u0443\u043b\u0438\u0440\u0443\u0435\u0442\u0441\u044f \u043c\u0430\u0448\u0438\u043d\u043d\u0430\u044f \u0438 \u0440\u0443\u0447\u043d\u0430\u044f \u0441\u0442\u0438\u0440\u043a\u0430 \u0434\u043e 75\u00b0\u0421","og_url":"https:\/\/stafit.ee\/ru\/tovar\/\u0444\u0430\u0440\u0442\u0443\u043a-exner-\u043f\u043e\u043b\u043e\u0441\u0430\u0442\u044b\u0439-75x75\/","og_site_name":"Stafit O\u00dc","article_modified_time":"2026-04-09T01:21:27+00:00","twitter_card":"summary_large_image","schema":{"@context":"https:\/\/schema.org","@graph":[{"@type":"WebPage","@id":"https:\/\/stafit.ee\/ru\/tovar\/%d1%84%d0%b0%d1%80%d1%82%d1%83%d0%ba-exner-%d0%bf%d0%be%d0%bb%d0%be%d1%81%d0%b0%d1%82%d1%8b%d0%b9-75x75\/","url":"https:\/\/stafit.ee\/ru\/tovar\/%d1%84%d0%b0%d1%80%d1%82%d1%83%d0%ba-exner-%d0%bf%d0%be%d0%bb%d0%be%d1%81%d0%b0%d1%82%d1%8b%d0%b9-75x75\/","name":"\u0424\u0430\u0440\u0442\u0443\u043a Exner \u043f\u043e\u043b\u043e\u0441\u0430\u0442\u044b\u0439 75x75 - Stafit O\u00dc","isPartOf":{"@id":"https:\/\/stafit.ee\/#website"},"primaryImageOfPage":{"@id":"https:\/\/stafit.ee\/ru\/tovar\/%d1%84%d0%b0%d1%80%d1%82%d1%83%d0%ba-exner-%d0%bf%d0%be%d0%bb%d0%be%d1%81%d0%b0%d1%82%d1%8b%d0%b9-75x75\/#primaryimage"},"image":{"@id":"https:\/\/stafit.ee\/ru\/tovar\/%d1%84%d0%b0%d1%80%d1%82%d1%83%d0%ba-exner-%d0%bf%d0%be%d0%bb%d0%be%d1%81%d0%b0%d1%82%d1%8b%d0%b9-75x75\/#primaryimage"},"thumbnailUrl":"https:\/\/stafit.ee\/wp-content\/uploads\/2020\/10\/75x75_Exner-142.jpg","datePublished":"2020-10-09T13:58:22+00:00","dateModified":"2026-04-09T01:21:27+00:00","breadcrumb":{"@id":"https:\/\/stafit.ee\/ru\/tovar\/%d1%84%d0%b0%d1%80%d1%82%d1%83%d0%ba-exner-%d0%bf%d0%be%d0%bb%d0%be%d1%81%d0%b0%d1%82%d1%8b%d0%b9-75x75\/#breadcrumb"},"inLanguage":"ru-RU","potentialAction":[{"@type":"ReadAction","target":["https:\/\/stafit.ee\/ru\/tovar\/%d1%84%d0%b0%d1%80%d1%82%d1%83%d0%ba-exner-%d0%bf%d0%be%d0%bb%d0%be%d1%81%d0%b0%d1%82%d1%8b%d0%b9-75x75\/"]}]},{"@type":"ImageObject","inLanguage":"ru-RU","@id":"https:\/\/stafit.ee\/ru\/tovar\/%d1%84%d0%b0%d1%80%d1%82%d1%83%d0%ba-exner-%d0%bf%d0%be%d0%bb%d0%be%d1%81%d0%b0%d1%82%d1%8b%d0%b9-75x75\/#primaryimage","url":"https:\/\/stafit.ee\/wp-content\/uploads\/2020\/10\/75x75_Exner-142.jpg","contentUrl":"https:\/\/stafit.ee\/wp-content\/uploads\/2020\/10\/75x75_Exner-142.jpg","width":600,"height":600},{"@type":"BreadcrumbList","@id":"https:\/\/stafit.ee\/ru\/tovar\/%d1%84%d0%b0%d1%80%d1%82%d1%83%d0%ba-exner-%d0%bf%d0%be%d0%bb%d0%be%d1%81%d0%b0%d1%82%d1%8b%d0%b9-75x75\/#breadcrumb","itemListElement":[{"@type":"ListItem","position":1,"name":"Home","item":"https:\/\/stafit.ee\/ru\/"},{"@type":"ListItem","position":2,"name":"\u041c\u0430\u0433\u0430\u0437\u0438\u043d","item":"https:\/\/stafit.ee\/ru\/pood\/"},{"@type":"ListItem","position":3,"name":"\u0424\u0430\u0440\u0442\u0443\u043a Exner \u043f\u043e\u043b\u043e\u0441\u0430\u0442\u044b\u0439 75&#215;75"}]},{"@type":"WebSite","@id":"https:\/\/stafit.ee\/#website","url":"https:\/\/stafit.ee\/","name":"Stafit O\u00dc","description":"T\u00f6\u00f6riete ja ohutusvahendite jae ja hulgim\u00fc\u00fck","potentialAction":[{"@type":"SearchAction","target":{"@type":"EntryPoint","urlTemplate":"https:\/\/stafit.ee\/?s={search_term_string}"},"query-input":{"@type":"PropertyValueSpecification","valueRequired":true,"valueName":"search_term_string"}}],"inLanguage":"ru-RU"}]}},"brands":[{"id":325,"name":"Exner","slug":"exner"}],"_links":{"self":[{"href":"https:\/\/stafit.ee\/ru\/wp-json\/wp\/v2\/product\/5631","targetHints":{"allow":["GET"]}}],"collection":[{"href":"https:\/\/stafit.ee\/ru\/wp-json\/wp\/v2\/product"}],"about":[{"href":"https:\/\/stafit.ee\/ru\/wp-json\/wp\/v2\/types\/product"}],"wp:featuredmedia":[{"embeddable":true,"href":"https:\/\/stafit.ee\/ru\/wp-json\/wp\/v2\/media\/5627"}],"wp:attachment":[{"href":"https:\/\/stafit.ee\/ru\/wp-json\/wp\/v2\/media?parent=5631"}],"wp:term":[{"taxonomy":"pwb-brand","embeddable":true,"href":"https:\/\/stafit.ee\/ru\/wp-json\/wp\/v2\/pwb-brand?post=5631"},{"taxonomy":"product_brand","embeddable":true,"href":"https:\/\/stafit.ee\/ru\/wp-json\/wp\/v2\/product_brand?post=5631"},{"taxonomy":"product_cat","embeddable":true,"href":"https:\/\/stafit.ee\/ru\/wp-json\/wp\/v2\/product_cat?post=5631"},{"taxonomy":"product_tag","embeddable":true,"href":"https:\/\/stafit.ee\/ru\/wp-json\/wp\/v2\/product_tag?post=5631"}],"curies":[{"name":"wp","href":"https:\/\/api.w.org\/{rel}","templated":true}]}}