{"id":5595,"date":"2020-10-09T15:58:23","date_gmt":"2020-10-09T13:58:23","guid":{"rendered":"https:\/\/stafit.ee\/toode\/%d0%bf%d0%be%d0%bb%d1%83%d0%bc%d0%b0%d1%81%d0%ba%d0%b0-bls-sge-46\/"},"modified":"2026-04-09T04:21:54","modified_gmt":"2026-04-09T01:21:54","slug":"%d0%bf%d0%be%d0%bb%d1%83%d0%bc%d0%b0%d1%81%d0%ba%d0%b0-bls-sge-46","status":"publish","type":"product","link":"https:\/\/stafit.ee\/ru\/tovar\/%d0%bf%d0%be%d0%bb%d1%83%d0%bc%d0%b0%d1%81%d0%ba%d0%b0-bls-sge-46\/","title":{"rendered":"\u041f\u043e\u043b\u0443\u043c\u0430\u0441\u043a\u0430 BLS SGE 46"},"content":{"rendered":"<ul>\n<li>\u0421\u0442\u0430\u043d\u0434\u0430\u0440\u0442: EN 140:1998<\/li>\n<li>\u041a\u043e\u0440\u043f\u0443\u0441 \u043f\u043e\u043b\u0443\u043c\u0430\u0441\u043a\u0438 \u0432\u044b\u043f\u043e\u043b\u043d\u0435\u043d \u0438\u0437 \u0441\u0438\u043b\u0438\u043a\u043e\u043d\u0430.<\/li>\n<li>\u0420\u0430\u0437\u043c\u0435\u0440: \u0443\u043d\u0438\u0432\u0435\u0440\u0441\u0430\u043b\u044c\u043d\u044b\u0439.<\/li>\n<li>\u0418\u0441\u043f\u043e\u043b\u044c\u0437\u0443\u0435\u0442\u0441\u044f \u0441 \u0444\u0438\u043b\u044c\u0442\u0440\u0430\u043c\u0438 BLS \u0441\u0435\u0440\u0438\u0438 400, \u0432\u0435\u0441 \u043a\u043e\u0442\u043e\u0440\u044b\u0445 \u043d\u0435 \u043f\u0440\u0435\u0432\u044b\u0448\u0430\u0435\u0442 300 \u0433\u0440\u0430\u043c\u043c: BLS 401, BLS 411, BLS 412, BLS 413, BLS 414, BLS 415, BLS 421, BLS 422, BLS 424, \u0438 \u0441 \u0434\u0440\u0443\u0433\u0438\u043c\u0438 \u0444\u0438\u043b\u044c\u0442\u0440\u0430\u043c\u0438, \u0441\u043e\u043e\u0442\u0432\u0435\u0442\u0441\u0442\u0432\u0443\u044e\u0449\u0438\u043c\u0438 \u0441\u0442\u0430\u043d\u0434\u0430\u0440\u0442\u0443 EN 148-1.<\/li>\n<li>2 \u0431\u043e\u043a\u043e\u0432\u044b\u0445 \u043a\u043b\u0430\u043f\u0430\u043d\u0430 \u0432\u044b\u0434\u043e\u0445\u0430, \u043e\u0442\u0432\u043e\u0434\u044f\u0449\u0438\u0435 \u043b\u0438\u0448\u043d\u0435\u0435 \u0442\u0435\u043f\u043b\u043e \u0438 \u0432\u043b\u0430\u0433\u0443 \u043e\u0442 \u043b\u0438\u0446\u0430 \u0438 \u043f\u043e\u0432\u044b\u0448\u0430\u044e\u0449\u0438\u0435 \u043a\u043e\u043c\u0444\u043e\u0440\u0442 \u0432\u043e \u0432\u0440\u0435\u043c\u044f \u0438\u0441\u043f\u043e\u043b\u044c\u0437\u043e\u0432\u0430\u043d\u0438\u044f.<\/li>\n<li>\u042d\u043b\u0430\u0441\u0442\u0438\u0447\u043d\u0430\u044f \u0433\u043e\u043b\u043e\u0432\u043d\u0430\u044f \u0447\u0430\u0441\u0442\u044c \u043f\u0440\u0438\u043a\u0440\u0435\u043f\u043b\u0435\u043d\u0430 \u043a \u0440\u0435\u0433\u0443\u043b\u0438\u0440\u0443\u044e\u0449\u0438\u043c\u0441\u044f \u044d\u043b\u0430\u0441\u0442\u0438\u0447\u043d\u044b\u043c \u0440\u0435\u043c\u0435\u0448\u043a\u0430\u043c.<\/li>\n<li>\u0418\u0437\u0433\u043e\u0442\u043e\u0432\u043b\u0435\u043d\u0430 \u0432 \u0418\u0442\u0430\u043b\u0438\u0438<\/li>\n<\/ul>\n","protected":false},"excerpt":{"rendered":"<p>\u0421\u0442\u0430\u043d\u0434\u0430\u0440\u0442: EN 140:1998 \u041a\u043e\u0440\u043f\u0443\u0441 \u043f\u043e\u043b\u0443\u043c\u0430\u0441\u043a\u0438 \u0432\u044b\u043f\u043e\u043b\u043d\u0435\u043d \u0438\u0437 \u0441\u0438\u043b\u0438\u043a\u043e\u043d\u0430. \u0420\u0430\u0437\u043c\u0435\u0440: \u0443\u043d\u0438\u0432\u0435\u0440\u0441\u0430\u043b\u044c\u043d\u044b\u0439. \u0418\u0441\u043f\u043e\u043b\u044c\u0437\u0443\u0435\u0442\u0441\u044f \u0441 \u0444\u0438\u043b\u044c\u0442\u0440\u0430\u043c\u0438 BLS \u0441\u0435\u0440\u0438\u0438 400, \u0432\u0435\u0441 \u043a\u043e\u0442\u043e\u0440\u044b\u0445 \u043d\u0435 \u043f\u0440\u0435\u0432\u044b\u0448\u0430\u0435\u0442 300 \u0433\u0440\u0430\u043c\u043c: BLS 401, BLS 411, BLS 412, BLS 413, BLS 414, BLS 415, BLS 421, BLS 422, BLS 424, \u0438 \u0441 \u0434\u0440\u0443\u0433\u0438\u043c\u0438 \u0444\u0438\u043b\u044c\u0442\u0440\u0430\u043c\u0438, \u0441\u043e\u043e\u0442\u0432\u0435\u0442\u0441\u0442\u0432\u0443\u044e\u0449\u0438\u043c\u0438 \u0441\u0442\u0430\u043d\u0434\u0430\u0440\u0442\u0443 EN 148-1. 2 \u0431\u043e\u043a\u043e\u0432\u044b\u0445 \u043a\u043b\u0430\u043f\u0430\u043d\u0430 \u0432\u044b\u0434\u043e\u0445\u0430, \u043e\u0442\u0432\u043e\u0434\u044f\u0449\u0438\u0435 \u043b\u0438\u0448\u043d\u0435\u0435 \u0442\u0435\u043f\u043b\u043e&#8230;<\/p>\n","protected":false},"featured_media":11658,"template":"","meta":[],"pwb-brand":[],"product_brand":[],"product_cat":[529],"product_tag":[],"class_list":{"0":"post-5595","1":"product","2":"type-product","3":"status-publish","4":"has-post-thumbnail","6":"product_cat-529","8":"first","9":"instock","10":"taxable","11":"shipping-taxable","12":"purchasable","13":"product-type-simple"},"yoast_head":"<!-- This site is optimized with the Yoast SEO plugin v27.0 - https:\/\/yoast.com\/product\/yoast-seo-wordpress\/ -->\n<title>\u041f\u043e\u043b\u0443\u043c\u0430\u0441\u043a\u0430 BLS SGE 46 - Stafit O\u00dc<\/title>\n<meta name=\"robots\" content=\"index, follow, max-snippet:-1, max-image-preview:large, max-video-preview:-1\" \/>\n<link rel=\"canonical\" href=\"https:\/\/stafit.ee\/ru\/tovar\/\u043f\u043e\u043b\u0443\u043c\u0430\u0441\u043a\u0430-bls-sge-46\/\" \/>\n<meta property=\"og:locale\" content=\"ru_RU\" \/>\n<meta property=\"og:type\" content=\"article\" \/>\n<meta property=\"og:title\" content=\"\u041f\u043e\u043b\u0443\u043c\u0430\u0441\u043a\u0430 BLS SGE 46 - Stafit O\u00dc\" \/>\n<meta property=\"og:description\" content=\"\u0421\u0442\u0430\u043d\u0434\u0430\u0440\u0442: EN 140:1998 \u041a\u043e\u0440\u043f\u0443\u0441 \u043f\u043e\u043b\u0443\u043c\u0430\u0441\u043a\u0438 \u0432\u044b\u043f\u043e\u043b\u043d\u0435\u043d \u0438\u0437 \u0441\u0438\u043b\u0438\u043a\u043e\u043d\u0430. \u0420\u0430\u0437\u043c\u0435\u0440: \u0443\u043d\u0438\u0432\u0435\u0440\u0441\u0430\u043b\u044c\u043d\u044b\u0439. \u0418\u0441\u043f\u043e\u043b\u044c\u0437\u0443\u0435\u0442\u0441\u044f \u0441 \u0444\u0438\u043b\u044c\u0442\u0440\u0430\u043c\u0438 BLS \u0441\u0435\u0440\u0438\u0438 400, \u0432\u0435\u0441 \u043a\u043e\u0442\u043e\u0440\u044b\u0445 \u043d\u0435 \u043f\u0440\u0435\u0432\u044b\u0448\u0430\u0435\u0442 300 \u0433\u0440\u0430\u043c\u043c: BLS 401, BLS 411, BLS 412, BLS 413, BLS 414, BLS 415, BLS 421, BLS 422, BLS 424, \u0438 \u0441 \u0434\u0440\u0443\u0433\u0438\u043c\u0438 \u0444\u0438\u043b\u044c\u0442\u0440\u0430\u043c\u0438, \u0441\u043e\u043e\u0442\u0432\u0435\u0442\u0441\u0442\u0432\u0443\u044e\u0449\u0438\u043c\u0438 \u0441\u0442\u0430\u043d\u0434\u0430\u0440\u0442\u0443 EN 148-1. 2 \u0431\u043e\u043a\u043e\u0432\u044b\u0445 \u043a\u043b\u0430\u043f\u0430\u043d\u0430 \u0432\u044b\u0434\u043e\u0445\u0430, \u043e\u0442\u0432\u043e\u0434\u044f\u0449\u0438\u0435 \u043b\u0438\u0448\u043d\u0435\u0435 \u0442\u0435\u043f\u043b\u043e...\" \/>\n<meta property=\"og:url\" content=\"https:\/\/stafit.ee\/ru\/tovar\/\u043f\u043e\u043b\u0443\u043c\u0430\u0441\u043a\u0430-bls-sge-46\/\" \/>\n<meta property=\"og:site_name\" content=\"Stafit O\u00dc\" \/>\n<meta property=\"article:modified_time\" content=\"2026-04-09T01:21:54+00:00\" \/>\n<meta name=\"twitter:card\" content=\"summary_large_image\" \/>\n<script type=\"application\/ld+json\" class=\"yoast-schema-graph\">{\"@context\":\"https:\/\/schema.org\",\"@graph\":[{\"@type\":\"WebPage\",\"@id\":\"https:\/\/stafit.ee\/ru\/tovar\/%d0%bf%d0%be%d0%bb%d1%83%d0%bc%d0%b0%d1%81%d0%ba%d0%b0-bls-sge-46\/\",\"url\":\"https:\/\/stafit.ee\/ru\/tovar\/%d0%bf%d0%be%d0%bb%d1%83%d0%bc%d0%b0%d1%81%d0%ba%d0%b0-bls-sge-46\/\",\"name\":\"\u041f\u043e\u043b\u0443\u043c\u0430\u0441\u043a\u0430 BLS SGE 46 - Stafit O\u00dc\",\"isPartOf\":{\"@id\":\"https:\/\/stafit.ee\/#website\"},\"primaryImageOfPage\":{\"@id\":\"https:\/\/stafit.ee\/ru\/tovar\/%d0%bf%d0%be%d0%bb%d1%83%d0%bc%d0%b0%d1%81%d0%ba%d0%b0-bls-sge-46\/#primaryimage\"},\"image\":{\"@id\":\"https:\/\/stafit.ee\/ru\/tovar\/%d0%bf%d0%be%d0%bb%d1%83%d0%bc%d0%b0%d1%81%d0%ba%d0%b0-bls-sge-46\/#primaryimage\"},\"thumbnailUrl\":\"https:\/\/stafit.ee\/wp-content\/uploads\/2020\/10\/bls-sge46.jpg\",\"datePublished\":\"2020-10-09T13:58:23+00:00\",\"dateModified\":\"2026-04-09T01:21:54+00:00\",\"breadcrumb\":{\"@id\":\"https:\/\/stafit.ee\/ru\/tovar\/%d0%bf%d0%be%d0%bb%d1%83%d0%bc%d0%b0%d1%81%d0%ba%d0%b0-bls-sge-46\/#breadcrumb\"},\"inLanguage\":\"ru-RU\",\"potentialAction\":[{\"@type\":\"ReadAction\",\"target\":[\"https:\/\/stafit.ee\/ru\/tovar\/%d0%bf%d0%be%d0%bb%d1%83%d0%bc%d0%b0%d1%81%d0%ba%d0%b0-bls-sge-46\/\"]}]},{\"@type\":\"ImageObject\",\"inLanguage\":\"ru-RU\",\"@id\":\"https:\/\/stafit.ee\/ru\/tovar\/%d0%bf%d0%be%d0%bb%d1%83%d0%bc%d0%b0%d1%81%d0%ba%d0%b0-bls-sge-46\/#primaryimage\",\"url\":\"https:\/\/stafit.ee\/wp-content\/uploads\/2020\/10\/bls-sge46.jpg\",\"contentUrl\":\"https:\/\/stafit.ee\/wp-content\/uploads\/2020\/10\/bls-sge46.jpg\",\"width\":750,\"height\":750},{\"@type\":\"BreadcrumbList\",\"@id\":\"https:\/\/stafit.ee\/ru\/tovar\/%d0%bf%d0%be%d0%bb%d1%83%d0%bc%d0%b0%d1%81%d0%ba%d0%b0-bls-sge-46\/#breadcrumb\",\"itemListElement\":[{\"@type\":\"ListItem\",\"position\":1,\"name\":\"Home\",\"item\":\"https:\/\/stafit.ee\/ru\/\"},{\"@type\":\"ListItem\",\"position\":2,\"name\":\"\u041c\u0430\u0433\u0430\u0437\u0438\u043d\",\"item\":\"https:\/\/stafit.ee\/ru\/pood\/\"},{\"@type\":\"ListItem\",\"position\":3,\"name\":\"\u041f\u043e\u043b\u0443\u043c\u0430\u0441\u043a\u0430 BLS SGE 46\"}]},{\"@type\":\"WebSite\",\"@id\":\"https:\/\/stafit.ee\/#website\",\"url\":\"https:\/\/stafit.ee\/\",\"name\":\"Stafit O\u00dc\",\"description\":\"T\u00f6\u00f6riete ja ohutusvahendite jae ja hulgim\u00fc\u00fck\",\"potentialAction\":[{\"@type\":\"SearchAction\",\"target\":{\"@type\":\"EntryPoint\",\"urlTemplate\":\"https:\/\/stafit.ee\/?s={search_term_string}\"},\"query-input\":{\"@type\":\"PropertyValueSpecification\",\"valueRequired\":true,\"valueName\":\"search_term_string\"}}],\"inLanguage\":\"ru-RU\"}]}<\/script>\n<!-- \/ Yoast SEO plugin. -->","yoast_head_json":{"title":"\u041f\u043e\u043b\u0443\u043c\u0430\u0441\u043a\u0430 BLS SGE 46 - Stafit O\u00dc","robots":{"index":"index","follow":"follow","max-snippet":"max-snippet:-1","max-image-preview":"max-image-preview:large","max-video-preview":"max-video-preview:-1"},"canonical":"https:\/\/stafit.ee\/ru\/tovar\/\u043f\u043e\u043b\u0443\u043c\u0430\u0441\u043a\u0430-bls-sge-46\/","og_locale":"ru_RU","og_type":"article","og_title":"\u041f\u043e\u043b\u0443\u043c\u0430\u0441\u043a\u0430 BLS SGE 46 - Stafit O\u00dc","og_description":"\u0421\u0442\u0430\u043d\u0434\u0430\u0440\u0442: EN 140:1998 \u041a\u043e\u0440\u043f\u0443\u0441 \u043f\u043e\u043b\u0443\u043c\u0430\u0441\u043a\u0438 \u0432\u044b\u043f\u043e\u043b\u043d\u0435\u043d \u0438\u0437 \u0441\u0438\u043b\u0438\u043a\u043e\u043d\u0430. \u0420\u0430\u0437\u043c\u0435\u0440: \u0443\u043d\u0438\u0432\u0435\u0440\u0441\u0430\u043b\u044c\u043d\u044b\u0439. \u0418\u0441\u043f\u043e\u043b\u044c\u0437\u0443\u0435\u0442\u0441\u044f \u0441 \u0444\u0438\u043b\u044c\u0442\u0440\u0430\u043c\u0438 BLS \u0441\u0435\u0440\u0438\u0438 400, \u0432\u0435\u0441 \u043a\u043e\u0442\u043e\u0440\u044b\u0445 \u043d\u0435 \u043f\u0440\u0435\u0432\u044b\u0448\u0430\u0435\u0442 300 \u0433\u0440\u0430\u043c\u043c: BLS 401, BLS 411, BLS 412, BLS 413, BLS 414, BLS 415, BLS 421, BLS 422, BLS 424, \u0438 \u0441 \u0434\u0440\u0443\u0433\u0438\u043c\u0438 \u0444\u0438\u043b\u044c\u0442\u0440\u0430\u043c\u0438, \u0441\u043e\u043e\u0442\u0432\u0435\u0442\u0441\u0442\u0432\u0443\u044e\u0449\u0438\u043c\u0438 \u0441\u0442\u0430\u043d\u0434\u0430\u0440\u0442\u0443 EN 148-1. 2 \u0431\u043e\u043a\u043e\u0432\u044b\u0445 \u043a\u043b\u0430\u043f\u0430\u043d\u0430 \u0432\u044b\u0434\u043e\u0445\u0430, \u043e\u0442\u0432\u043e\u0434\u044f\u0449\u0438\u0435 \u043b\u0438\u0448\u043d\u0435\u0435 \u0442\u0435\u043f\u043b\u043e...","og_url":"https:\/\/stafit.ee\/ru\/tovar\/\u043f\u043e\u043b\u0443\u043c\u0430\u0441\u043a\u0430-bls-sge-46\/","og_site_name":"Stafit O\u00dc","article_modified_time":"2026-04-09T01:21:54+00:00","twitter_card":"summary_large_image","schema":{"@context":"https:\/\/schema.org","@graph":[{"@type":"WebPage","@id":"https:\/\/stafit.ee\/ru\/tovar\/%d0%bf%d0%be%d0%bb%d1%83%d0%bc%d0%b0%d1%81%d0%ba%d0%b0-bls-sge-46\/","url":"https:\/\/stafit.ee\/ru\/tovar\/%d0%bf%d0%be%d0%bb%d1%83%d0%bc%d0%b0%d1%81%d0%ba%d0%b0-bls-sge-46\/","name":"\u041f\u043e\u043b\u0443\u043c\u0430\u0441\u043a\u0430 BLS SGE 46 - Stafit O\u00dc","isPartOf":{"@id":"https:\/\/stafit.ee\/#website"},"primaryImageOfPage":{"@id":"https:\/\/stafit.ee\/ru\/tovar\/%d0%bf%d0%be%d0%bb%d1%83%d0%bc%d0%b0%d1%81%d0%ba%d0%b0-bls-sge-46\/#primaryimage"},"image":{"@id":"https:\/\/stafit.ee\/ru\/tovar\/%d0%bf%d0%be%d0%bb%d1%83%d0%bc%d0%b0%d1%81%d0%ba%d0%b0-bls-sge-46\/#primaryimage"},"thumbnailUrl":"https:\/\/stafit.ee\/wp-content\/uploads\/2020\/10\/bls-sge46.jpg","datePublished":"2020-10-09T13:58:23+00:00","dateModified":"2026-04-09T01:21:54+00:00","breadcrumb":{"@id":"https:\/\/stafit.ee\/ru\/tovar\/%d0%bf%d0%be%d0%bb%d1%83%d0%bc%d0%b0%d1%81%d0%ba%d0%b0-bls-sge-46\/#breadcrumb"},"inLanguage":"ru-RU","potentialAction":[{"@type":"ReadAction","target":["https:\/\/stafit.ee\/ru\/tovar\/%d0%bf%d0%be%d0%bb%d1%83%d0%bc%d0%b0%d1%81%d0%ba%d0%b0-bls-sge-46\/"]}]},{"@type":"ImageObject","inLanguage":"ru-RU","@id":"https:\/\/stafit.ee\/ru\/tovar\/%d0%bf%d0%be%d0%bb%d1%83%d0%bc%d0%b0%d1%81%d0%ba%d0%b0-bls-sge-46\/#primaryimage","url":"https:\/\/stafit.ee\/wp-content\/uploads\/2020\/10\/bls-sge46.jpg","contentUrl":"https:\/\/stafit.ee\/wp-content\/uploads\/2020\/10\/bls-sge46.jpg","width":750,"height":750},{"@type":"BreadcrumbList","@id":"https:\/\/stafit.ee\/ru\/tovar\/%d0%bf%d0%be%d0%bb%d1%83%d0%bc%d0%b0%d1%81%d0%ba%d0%b0-bls-sge-46\/#breadcrumb","itemListElement":[{"@type":"ListItem","position":1,"name":"Home","item":"https:\/\/stafit.ee\/ru\/"},{"@type":"ListItem","position":2,"name":"\u041c\u0430\u0433\u0430\u0437\u0438\u043d","item":"https:\/\/stafit.ee\/ru\/pood\/"},{"@type":"ListItem","position":3,"name":"\u041f\u043e\u043b\u0443\u043c\u0430\u0441\u043a\u0430 BLS SGE 46"}]},{"@type":"WebSite","@id":"https:\/\/stafit.ee\/#website","url":"https:\/\/stafit.ee\/","name":"Stafit O\u00dc","description":"T\u00f6\u00f6riete ja ohutusvahendite jae ja hulgim\u00fc\u00fck","potentialAction":[{"@type":"SearchAction","target":{"@type":"EntryPoint","urlTemplate":"https:\/\/stafit.ee\/?s={search_term_string}"},"query-input":{"@type":"PropertyValueSpecification","valueRequired":true,"valueName":"search_term_string"}}],"inLanguage":"ru-RU"}]}},"brands":[],"_links":{"self":[{"href":"https:\/\/stafit.ee\/ru\/wp-json\/wp\/v2\/product\/5595","targetHints":{"allow":["GET"]}}],"collection":[{"href":"https:\/\/stafit.ee\/ru\/wp-json\/wp\/v2\/product"}],"about":[{"href":"https:\/\/stafit.ee\/ru\/wp-json\/wp\/v2\/types\/product"}],"wp:featuredmedia":[{"embeddable":true,"href":"https:\/\/stafit.ee\/ru\/wp-json\/wp\/v2\/media\/11658"}],"wp:attachment":[{"href":"https:\/\/stafit.ee\/ru\/wp-json\/wp\/v2\/media?parent=5595"}],"wp:term":[{"taxonomy":"pwb-brand","embeddable":true,"href":"https:\/\/stafit.ee\/ru\/wp-json\/wp\/v2\/pwb-brand?post=5595"},{"taxonomy":"product_brand","embeddable":true,"href":"https:\/\/stafit.ee\/ru\/wp-json\/wp\/v2\/product_brand?post=5595"},{"taxonomy":"product_cat","embeddable":true,"href":"https:\/\/stafit.ee\/ru\/wp-json\/wp\/v2\/product_cat?post=5595"},{"taxonomy":"product_tag","embeddable":true,"href":"https:\/\/stafit.ee\/ru\/wp-json\/wp\/v2\/product_tag?post=5595"}],"curies":[{"name":"wp","href":"https:\/\/api.w.org\/{rel}","templated":true}]}}