{"id":55732,"date":"2023-02-18T04:03:03","date_gmt":"2023-02-18T02:03:03","guid":{"rendered":"https:\/\/stafit.ee\/toode\/%d0%bc%d0%b0%d1%81%d0%ba%d0%b8%d1%80%d0%be%d0%b2%d0%be%d1%87%d0%bd%d0%b0%d1%8f-%d0%bb%d0%b5%d0%bd%d1%82%d0%b0-masking-tec-premium-30%d0%bc%d0%bcx50%d0%bc\/"},"modified":"2026-04-08T18:18:13","modified_gmt":"2026-04-08T15:18:13","slug":"%d0%bc%d0%b0%d1%81%d0%ba%d0%b8%d1%80%d0%be%d0%b2%d0%be%d1%87%d0%bd%d0%b0%d1%8f-%d0%bb%d0%b5%d0%bd%d1%82%d0%b0-masking-tec-premium-30%d0%bc%d0%bcx50%d0%bc","status":"publish","type":"product","link":"https:\/\/stafit.ee\/ru\/tovar\/%d0%bc%d0%b0%d1%81%d0%ba%d0%b8%d1%80%d0%be%d0%b2%d0%be%d1%87%d0%bd%d0%b0%d1%8f-%d0%bb%d0%b5%d0%bd%d1%82%d0%b0-masking-tec-premium-30%d0%bc%d0%bcx50%d0%bc\/","title":{"rendered":"\u041c\u0430\u0441\u043a\u0438\u0440\u043e\u0432\u043e\u0447\u043d\u0430\u044f \u043b\u0435\u043d\u0442\u0430 Masking-Tec\u00ae Premium 30\u043c\u043cx50\u043c"},"content":{"rendered":"<p>\u041c\u0430\u0441\u043a\u0438\u0440\u043e\u0432\u043e\u0447\u043d\u0430\u044f \u043b\u0435\u043d\u0442\u0430 Kip\u00ae Masking-Tec\u00ae Premium \u0434\u043b\u044f \u0441\u043b\u043e\u0436\u043d\u044b\u0445 \u0443\u0441\u043b\u043e\u0432\u0438\u0439 \u043f\u0440\u0438\u043c\u0435\u043d\u0435\u043d\u0438\u044f.<\/p>\n<ul>\n<li>\u041b\u0435\u043d\u0442\u0430 \u0441 \u043b\u0451\u0433\u043a\u043e\u0439 \u0441\u043a\u043b\u0430\u0434\u0447\u0430\u0442\u043e\u0441\u0442\u044c\u044e \u0438 \u0432\u044b\u0441\u043e\u043a\u043e\u043a\u0430\u0447\u0435\u0441\u0442\u0432\u0435\u043d\u043d\u044b\u043c \u043a\u043b\u0435\u0435\u043c \u0438\u0437 \u043d\u0430\u0442\u0443\u0440\u0430\u043b\u044c\u043d\u043e\u0433\u043e \u043a\u0430\u0443\u0447\u0443\u043a\u0430<\/li>\n<li>\u0414\u043b\u044f \u0441\u043b\u043e\u0436\u043d\u044b\u0445 \u043c\u0430\u043b\u044f\u0440\u043d\u044b\u0445 \u0440\u0430\u0431\u043e\u0442 \u0432\u043d\u0443\u0442\u0440\u0438 \u043f\u043e\u043c\u0435\u0449\u0435\u043d\u0438\u0439 \u043d\u0430 \u0433\u043b\u0430\u0434\u043a\u0438\u0445 \u043f\u043e\u0432\u0435\u0440\u0445\u043d\u043e\u0441\u0442\u044f\u0445<\/li>\n<li>\u0414\u043b\u044f \u043a\u043e\u0440\u043e\u0442\u043a\u0438\u0445 \u0440\u0430\u0431\u043e\u0442 \u043f\u043e \u043f\u043e\u043a\u0440\u044b\u0442\u0438\u044e, \u0432 \u043e\u0441\u043d\u043e\u0432\u043d\u043e\u043c \u0434\u043b\u044f \u0438\u0441\u043f\u043e\u043b\u044c\u0437\u043e\u0432\u0430\u043d\u0438\u044f \u0432\u043d\u0443\u0442\u0440\u0438 \u043f\u043e\u043c\u0435\u0449\u0435\u043d\u0438\u0439<\/li>\n<li>\u0425\u043e\u0440\u043e\u0448\u0430\u044f \u043a\u043b\u0435\u0439\u043a\u043e\u0441\u0442\u044c \u0434\u0430\u0436\u0435 \u043d\u0430 \u043d\u0435\u0440\u043e\u0432\u043d\u044b\u0445 \u043f\u043e\u0432\u0435\u0440\u0445\u043d\u043e\u0441\u0442\u044f\u0445<\/li>\n<li>\u0425\u043e\u0440\u043e\u0448\u0430\u044f \u043f\u0440\u043e\u043f\u0438\u0442\u043a\u0430<\/li>\n<li>\u0412\u043e\u0434\u043e\u043d\u0435\u043f\u0440\u043e\u043d\u0438\u0446\u0430\u0435\u043c\u0430\u044f<\/li>\n<li>\u0412\u0440\u0435\u043c\u044f \u0438\u0441\u043f\u043e\u043b\u044c\u0437\u043e\u0432\u0430\u043d\u0438\u044f: 5 \u0434\u043d\u0435\u0439<\/li>\n<li>\u0414\u043b\u0438\u043d\u0430 \u0440\u0443\u043b\u043e\u043d\u0430: 50 \u043c<\/li>\n<li>\u0422\u043e\u043b\u0449\u0438\u043d\u0430: 0,13 \u043c\u043c<\/li>\n<li>\u041f\u0440\u043e\u0447\u043d\u043e\u0441\u0442\u044c \u043d\u0430 \u0440\u0430\u0437\u0440\u044b\u0432: 30\/10 \u041d\/\u043c\u043c<\/li>\n<li>\u0428\u0438\u0440\u0438\u043d\u0430: 30 \u043c\u043c<\/li>\n<\/ul>\n","protected":false},"excerpt":{"rendered":"<p>\u041c\u0430\u0441\u043a\u0438\u0440\u043e\u0432\u043e\u0447\u043d\u0430\u044f \u043b\u0435\u043d\u0442\u0430 Kip\u00ae Masking-Tec\u00ae Premium \u0434\u043b\u044f \u0441\u043b\u043e\u0436\u043d\u044b\u0445 \u0443\u0441\u043b\u043e\u0432\u0438\u0439 \u043f\u0440\u0438\u043c\u0435\u043d\u0435\u043d\u0438\u044f. \u041b\u0435\u043d\u0442\u0430 \u0441 \u043b\u0451\u0433\u043a\u043e\u0439 \u0441\u043a\u043b\u0430\u0434\u0447\u0430\u0442\u043e\u0441\u0442\u044c\u044e \u0438 \u0432\u044b\u0441\u043e\u043a\u043e\u043a\u0430\u0447\u0435\u0441\u0442\u0432\u0435\u043d\u043d\u044b\u043c \u043a\u043b\u0435\u0435\u043c \u0438\u0437 \u043d\u0430\u0442\u0443\u0440\u0430\u043b\u044c\u043d\u043e\u0433\u043e \u043a\u0430\u0443\u0447\u0443\u043a\u0430 \u0414\u043b\u044f \u0441\u043b\u043e\u0436\u043d\u044b\u0445 \u043c\u0430\u043b\u044f\u0440\u043d\u044b\u0445 \u0440\u0430\u0431\u043e\u0442 \u0432\u043d\u0443\u0442\u0440\u0438 \u043f\u043e\u043c\u0435\u0449\u0435\u043d\u0438\u0439 \u043d\u0430 \u0433\u043b\u0430\u0434\u043a\u0438\u0445 \u043f\u043e\u0432\u0435\u0440\u0445\u043d\u043e\u0441\u0442\u044f\u0445 \u0414\u043b\u044f \u043a\u043e\u0440\u043e\u0442\u043a\u0438\u0445 \u0440\u0430\u0431\u043e\u0442 \u043f\u043e \u043f\u043e\u043a\u0440\u044b\u0442\u0438\u044e, \u0432 \u043e\u0441\u043d\u043e\u0432\u043d\u043e\u043c \u0434\u043b\u044f \u0438\u0441\u043f\u043e\u043b\u044c\u0437\u043e\u0432\u0430\u043d\u0438\u044f \u0432\u043d\u0443\u0442\u0440\u0438 \u043f\u043e\u043c\u0435\u0449\u0435\u043d\u0438\u0439 \u0425\u043e\u0440\u043e\u0448\u0430\u044f \u043a\u043b\u0435\u0439\u043a\u043e\u0441\u0442\u044c \u0434\u0430\u0436\u0435 \u043d\u0430 \u043d\u0435\u0440\u043e\u0432\u043d\u044b\u0445 \u043f\u043e\u0432\u0435\u0440\u0445\u043d\u043e\u0441\u0442\u044f\u0445 \u0425\u043e\u0440\u043e\u0448\u0430\u044f \u043f\u0440\u043e\u043f\u0438\u0442\u043a\u0430 \u0412\u043e\u0434\u043e\u043d\u0435\u043f\u0440\u043e\u043d\u0438\u0446\u0430\u0435\u043c\u0430\u044f \u0412\u0440\u0435\u043c\u044f \u0438\u0441\u043f\u043e\u043b\u044c\u0437\u043e\u0432\u0430\u043d\u0438\u044f: 5 \u0434\u043d\u0435\u0439 \u0414\u043b\u0438\u043d\u0430 \u0440\u0443\u043b\u043e\u043d\u0430: 50&#8230;<\/p>\n","protected":false},"featured_media":55730,"template":"","meta":[],"pwb-brand":[],"product_brand":[],"product_cat":[2323],"product_tag":[],"class_list":{"0":"post-55732","1":"product","2":"type-product","3":"status-publish","4":"has-post-thumbnail","6":"product_cat-2323","8":"first","9":"instock","10":"taxable","11":"shipping-taxable","12":"purchasable","13":"product-type-simple"},"yoast_head":"<!-- This site is optimized with the Yoast SEO plugin v27.0 - https:\/\/yoast.com\/product\/yoast-seo-wordpress\/ -->\n<title>\u041c\u0430\u0441\u043a\u0438\u0440\u043e\u0432\u043e\u0447\u043d\u0430\u044f \u043b\u0435\u043d\u0442\u0430 Masking-Tec\u00ae Premium 30\u043c\u043cx50\u043c - Stafit O\u00dc<\/title>\n<meta name=\"robots\" content=\"index, follow, max-snippet:-1, max-image-preview:large, max-video-preview:-1\" \/>\n<link rel=\"canonical\" href=\"https:\/\/stafit.ee\/ru\/tovar\/\u043c\u0430\u0441\u043a\u0438\u0440\u043e\u0432\u043e\u0447\u043d\u0430\u044f-\u043b\u0435\u043d\u0442\u0430-masking-tec-premium-30\u043c\u043cx50\u043c\/\" \/>\n<meta property=\"og:locale\" content=\"ru_RU\" \/>\n<meta property=\"og:type\" content=\"article\" \/>\n<meta property=\"og:title\" content=\"\u041c\u0430\u0441\u043a\u0438\u0440\u043e\u0432\u043e\u0447\u043d\u0430\u044f \u043b\u0435\u043d\u0442\u0430 Masking-Tec\u00ae Premium 30\u043c\u043cx50\u043c - Stafit O\u00dc\" \/>\n<meta property=\"og:description\" content=\"\u041c\u0430\u0441\u043a\u0438\u0440\u043e\u0432\u043e\u0447\u043d\u0430\u044f \u043b\u0435\u043d\u0442\u0430 Kip\u00ae Masking-Tec\u00ae Premium \u0434\u043b\u044f \u0441\u043b\u043e\u0436\u043d\u044b\u0445 \u0443\u0441\u043b\u043e\u0432\u0438\u0439 \u043f\u0440\u0438\u043c\u0435\u043d\u0435\u043d\u0438\u044f. \u041b\u0435\u043d\u0442\u0430 \u0441 \u043b\u0451\u0433\u043a\u043e\u0439 \u0441\u043a\u043b\u0430\u0434\u0447\u0430\u0442\u043e\u0441\u0442\u044c\u044e \u0438 \u0432\u044b\u0441\u043e\u043a\u043e\u043a\u0430\u0447\u0435\u0441\u0442\u0432\u0435\u043d\u043d\u044b\u043c \u043a\u043b\u0435\u0435\u043c \u0438\u0437 \u043d\u0430\u0442\u0443\u0440\u0430\u043b\u044c\u043d\u043e\u0433\u043e \u043a\u0430\u0443\u0447\u0443\u043a\u0430 \u0414\u043b\u044f \u0441\u043b\u043e\u0436\u043d\u044b\u0445 \u043c\u0430\u043b\u044f\u0440\u043d\u044b\u0445 \u0440\u0430\u0431\u043e\u0442 \u0432\u043d\u0443\u0442\u0440\u0438 \u043f\u043e\u043c\u0435\u0449\u0435\u043d\u0438\u0439 \u043d\u0430 \u0433\u043b\u0430\u0434\u043a\u0438\u0445 \u043f\u043e\u0432\u0435\u0440\u0445\u043d\u043e\u0441\u0442\u044f\u0445 \u0414\u043b\u044f \u043a\u043e\u0440\u043e\u0442\u043a\u0438\u0445 \u0440\u0430\u0431\u043e\u0442 \u043f\u043e \u043f\u043e\u043a\u0440\u044b\u0442\u0438\u044e, \u0432 \u043e\u0441\u043d\u043e\u0432\u043d\u043e\u043c \u0434\u043b\u044f \u0438\u0441\u043f\u043e\u043b\u044c\u0437\u043e\u0432\u0430\u043d\u0438\u044f \u0432\u043d\u0443\u0442\u0440\u0438 \u043f\u043e\u043c\u0435\u0449\u0435\u043d\u0438\u0439 \u0425\u043e\u0440\u043e\u0448\u0430\u044f \u043a\u043b\u0435\u0439\u043a\u043e\u0441\u0442\u044c \u0434\u0430\u0436\u0435 \u043d\u0430 \u043d\u0435\u0440\u043e\u0432\u043d\u044b\u0445 \u043f\u043e\u0432\u0435\u0440\u0445\u043d\u043e\u0441\u0442\u044f\u0445 \u0425\u043e\u0440\u043e\u0448\u0430\u044f \u043f\u0440\u043e\u043f\u0438\u0442\u043a\u0430 \u0412\u043e\u0434\u043e\u043d\u0435\u043f\u0440\u043e\u043d\u0438\u0446\u0430\u0435\u043c\u0430\u044f \u0412\u0440\u0435\u043c\u044f \u0438\u0441\u043f\u043e\u043b\u044c\u0437\u043e\u0432\u0430\u043d\u0438\u044f: 5 \u0434\u043d\u0435\u0439 \u0414\u043b\u0438\u043d\u0430 \u0440\u0443\u043b\u043e\u043d\u0430: 50...\" \/>\n<meta property=\"og:url\" content=\"https:\/\/stafit.ee\/ru\/tovar\/\u043c\u0430\u0441\u043a\u0438\u0440\u043e\u0432\u043e\u0447\u043d\u0430\u044f-\u043b\u0435\u043d\u0442\u0430-masking-tec-premium-30\u043c\u043cx50\u043c\/\" \/>\n<meta property=\"og:site_name\" content=\"Stafit O\u00dc\" \/>\n<meta property=\"article:modified_time\" content=\"2026-04-08T15:18:13+00:00\" \/>\n<meta property=\"og:image\" content=\"https:\/\/stafit.ee\/wp-content\/uploads\/2023\/02\/305-48mm.jpg\" \/>\n\t<meta property=\"og:image:width\" content=\"800\" \/>\n\t<meta property=\"og:image:height\" content=\"800\" \/>\n\t<meta property=\"og:image:type\" content=\"image\/jpeg\" \/>\n<meta name=\"twitter:card\" content=\"summary_large_image\" \/>\n<script type=\"application\/ld+json\" class=\"yoast-schema-graph\">{\"@context\":\"https:\/\/schema.org\",\"@graph\":[{\"@type\":\"WebPage\",\"@id\":\"https:\/\/stafit.ee\/ru\/tovar\/%d0%bc%d0%b0%d1%81%d0%ba%d0%b8%d1%80%d0%be%d0%b2%d0%be%d1%87%d0%bd%d0%b0%d1%8f-%d0%bb%d0%b5%d0%bd%d1%82%d0%b0-masking-tec-premium-30%d0%bc%d0%bcx50%d0%bc\/\",\"url\":\"https:\/\/stafit.ee\/ru\/tovar\/%d0%bc%d0%b0%d1%81%d0%ba%d0%b8%d1%80%d0%be%d0%b2%d0%be%d1%87%d0%bd%d0%b0%d1%8f-%d0%bb%d0%b5%d0%bd%d1%82%d0%b0-masking-tec-premium-30%d0%bc%d0%bcx50%d0%bc\/\",\"name\":\"\u041c\u0430\u0441\u043a\u0438\u0440\u043e\u0432\u043e\u0447\u043d\u0430\u044f \u043b\u0435\u043d\u0442\u0430 Masking-Tec\u00ae Premium 30\u043c\u043cx50\u043c - Stafit O\u00dc\",\"isPartOf\":{\"@id\":\"https:\/\/stafit.ee\/#website\"},\"primaryImageOfPage\":{\"@id\":\"https:\/\/stafit.ee\/ru\/tovar\/%d0%bc%d0%b0%d1%81%d0%ba%d0%b8%d1%80%d0%be%d0%b2%d0%be%d1%87%d0%bd%d0%b0%d1%8f-%d0%bb%d0%b5%d0%bd%d1%82%d0%b0-masking-tec-premium-30%d0%bc%d0%bcx50%d0%bc\/#primaryimage\"},\"image\":{\"@id\":\"https:\/\/stafit.ee\/ru\/tovar\/%d0%bc%d0%b0%d1%81%d0%ba%d0%b8%d1%80%d0%be%d0%b2%d0%be%d1%87%d0%bd%d0%b0%d1%8f-%d0%bb%d0%b5%d0%bd%d1%82%d0%b0-masking-tec-premium-30%d0%bc%d0%bcx50%d0%bc\/#primaryimage\"},\"thumbnailUrl\":\"https:\/\/stafit.ee\/wp-content\/uploads\/2023\/02\/305-48mm.jpg\",\"datePublished\":\"2023-02-18T02:03:03+00:00\",\"dateModified\":\"2026-04-08T15:18:13+00:00\",\"breadcrumb\":{\"@id\":\"https:\/\/stafit.ee\/ru\/tovar\/%d0%bc%d0%b0%d1%81%d0%ba%d0%b8%d1%80%d0%be%d0%b2%d0%be%d1%87%d0%bd%d0%b0%d1%8f-%d0%bb%d0%b5%d0%bd%d1%82%d0%b0-masking-tec-premium-30%d0%bc%d0%bcx50%d0%bc\/#breadcrumb\"},\"inLanguage\":\"ru-RU\",\"potentialAction\":[{\"@type\":\"ReadAction\",\"target\":[\"https:\/\/stafit.ee\/ru\/tovar\/%d0%bc%d0%b0%d1%81%d0%ba%d0%b8%d1%80%d0%be%d0%b2%d0%be%d1%87%d0%bd%d0%b0%d1%8f-%d0%bb%d0%b5%d0%bd%d1%82%d0%b0-masking-tec-premium-30%d0%bc%d0%bcx50%d0%bc\/\"]}]},{\"@type\":\"ImageObject\",\"inLanguage\":\"ru-RU\",\"@id\":\"https:\/\/stafit.ee\/ru\/tovar\/%d0%bc%d0%b0%d1%81%d0%ba%d0%b8%d1%80%d0%be%d0%b2%d0%be%d1%87%d0%bd%d0%b0%d1%8f-%d0%bb%d0%b5%d0%bd%d1%82%d0%b0-masking-tec-premium-30%d0%bc%d0%bcx50%d0%bc\/#primaryimage\",\"url\":\"https:\/\/stafit.ee\/wp-content\/uploads\/2023\/02\/305-48mm.jpg\",\"contentUrl\":\"https:\/\/stafit.ee\/wp-content\/uploads\/2023\/02\/305-48mm.jpg\",\"width\":800,\"height\":800},{\"@type\":\"BreadcrumbList\",\"@id\":\"https:\/\/stafit.ee\/ru\/tovar\/%d0%bc%d0%b0%d1%81%d0%ba%d0%b8%d1%80%d0%be%d0%b2%d0%be%d1%87%d0%bd%d0%b0%d1%8f-%d0%bb%d0%b5%d0%bd%d1%82%d0%b0-masking-tec-premium-30%d0%bc%d0%bcx50%d0%bc\/#breadcrumb\",\"itemListElement\":[{\"@type\":\"ListItem\",\"position\":1,\"name\":\"Home\",\"item\":\"https:\/\/stafit.ee\/ru\/\"},{\"@type\":\"ListItem\",\"position\":2,\"name\":\"\u041c\u0430\u0433\u0430\u0437\u0438\u043d\",\"item\":\"https:\/\/stafit.ee\/ru\/pood\/\"},{\"@type\":\"ListItem\",\"position\":3,\"name\":\"\u041c\u0430\u0441\u043a\u0438\u0440\u043e\u0432\u043e\u0447\u043d\u0430\u044f \u043b\u0435\u043d\u0442\u0430 Masking-Tec\u00ae Premium 30\u043c\u043cx50\u043c\"}]},{\"@type\":\"WebSite\",\"@id\":\"https:\/\/stafit.ee\/#website\",\"url\":\"https:\/\/stafit.ee\/\",\"name\":\"Stafit O\u00dc\",\"description\":\"T\u00f6\u00f6riete ja ohutusvahendite jae ja hulgim\u00fc\u00fck\",\"potentialAction\":[{\"@type\":\"SearchAction\",\"target\":{\"@type\":\"EntryPoint\",\"urlTemplate\":\"https:\/\/stafit.ee\/?s={search_term_string}\"},\"query-input\":{\"@type\":\"PropertyValueSpecification\",\"valueRequired\":true,\"valueName\":\"search_term_string\"}}],\"inLanguage\":\"ru-RU\"}]}<\/script>\n<!-- \/ Yoast SEO plugin. -->","yoast_head_json":{"title":"\u041c\u0430\u0441\u043a\u0438\u0440\u043e\u0432\u043e\u0447\u043d\u0430\u044f \u043b\u0435\u043d\u0442\u0430 Masking-Tec\u00ae Premium 30\u043c\u043cx50\u043c - Stafit O\u00dc","robots":{"index":"index","follow":"follow","max-snippet":"max-snippet:-1","max-image-preview":"max-image-preview:large","max-video-preview":"max-video-preview:-1"},"canonical":"https:\/\/stafit.ee\/ru\/tovar\/\u043c\u0430\u0441\u043a\u0438\u0440\u043e\u0432\u043e\u0447\u043d\u0430\u044f-\u043b\u0435\u043d\u0442\u0430-masking-tec-premium-30\u043c\u043cx50\u043c\/","og_locale":"ru_RU","og_type":"article","og_title":"\u041c\u0430\u0441\u043a\u0438\u0440\u043e\u0432\u043e\u0447\u043d\u0430\u044f \u043b\u0435\u043d\u0442\u0430 Masking-Tec\u00ae Premium 30\u043c\u043cx50\u043c - Stafit O\u00dc","og_description":"\u041c\u0430\u0441\u043a\u0438\u0440\u043e\u0432\u043e\u0447\u043d\u0430\u044f \u043b\u0435\u043d\u0442\u0430 Kip\u00ae Masking-Tec\u00ae Premium \u0434\u043b\u044f \u0441\u043b\u043e\u0436\u043d\u044b\u0445 \u0443\u0441\u043b\u043e\u0432\u0438\u0439 \u043f\u0440\u0438\u043c\u0435\u043d\u0435\u043d\u0438\u044f. \u041b\u0435\u043d\u0442\u0430 \u0441 \u043b\u0451\u0433\u043a\u043e\u0439 \u0441\u043a\u043b\u0430\u0434\u0447\u0430\u0442\u043e\u0441\u0442\u044c\u044e \u0438 \u0432\u044b\u0441\u043e\u043a\u043e\u043a\u0430\u0447\u0435\u0441\u0442\u0432\u0435\u043d\u043d\u044b\u043c \u043a\u043b\u0435\u0435\u043c \u0438\u0437 \u043d\u0430\u0442\u0443\u0440\u0430\u043b\u044c\u043d\u043e\u0433\u043e \u043a\u0430\u0443\u0447\u0443\u043a\u0430 \u0414\u043b\u044f \u0441\u043b\u043e\u0436\u043d\u044b\u0445 \u043c\u0430\u043b\u044f\u0440\u043d\u044b\u0445 \u0440\u0430\u0431\u043e\u0442 \u0432\u043d\u0443\u0442\u0440\u0438 \u043f\u043e\u043c\u0435\u0449\u0435\u043d\u0438\u0439 \u043d\u0430 \u0433\u043b\u0430\u0434\u043a\u0438\u0445 \u043f\u043e\u0432\u0435\u0440\u0445\u043d\u043e\u0441\u0442\u044f\u0445 \u0414\u043b\u044f \u043a\u043e\u0440\u043e\u0442\u043a\u0438\u0445 \u0440\u0430\u0431\u043e\u0442 \u043f\u043e \u043f\u043e\u043a\u0440\u044b\u0442\u0438\u044e, \u0432 \u043e\u0441\u043d\u043e\u0432\u043d\u043e\u043c \u0434\u043b\u044f \u0438\u0441\u043f\u043e\u043b\u044c\u0437\u043e\u0432\u0430\u043d\u0438\u044f \u0432\u043d\u0443\u0442\u0440\u0438 \u043f\u043e\u043c\u0435\u0449\u0435\u043d\u0438\u0439 \u0425\u043e\u0440\u043e\u0448\u0430\u044f \u043a\u043b\u0435\u0439\u043a\u043e\u0441\u0442\u044c \u0434\u0430\u0436\u0435 \u043d\u0430 \u043d\u0435\u0440\u043e\u0432\u043d\u044b\u0445 \u043f\u043e\u0432\u0435\u0440\u0445\u043d\u043e\u0441\u0442\u044f\u0445 \u0425\u043e\u0440\u043e\u0448\u0430\u044f \u043f\u0440\u043e\u043f\u0438\u0442\u043a\u0430 \u0412\u043e\u0434\u043e\u043d\u0435\u043f\u0440\u043e\u043d\u0438\u0446\u0430\u0435\u043c\u0430\u044f \u0412\u0440\u0435\u043c\u044f \u0438\u0441\u043f\u043e\u043b\u044c\u0437\u043e\u0432\u0430\u043d\u0438\u044f: 5 \u0434\u043d\u0435\u0439 \u0414\u043b\u0438\u043d\u0430 \u0440\u0443\u043b\u043e\u043d\u0430: 50...","og_url":"https:\/\/stafit.ee\/ru\/tovar\/\u043c\u0430\u0441\u043a\u0438\u0440\u043e\u0432\u043e\u0447\u043d\u0430\u044f-\u043b\u0435\u043d\u0442\u0430-masking-tec-premium-30\u043c\u043cx50\u043c\/","og_site_name":"Stafit O\u00dc","article_modified_time":"2026-04-08T15:18:13+00:00","og_image":[{"width":800,"height":800,"url":"https:\/\/stafit.ee\/wp-content\/uploads\/2023\/02\/305-48mm.jpg","type":"image\/jpeg"}],"twitter_card":"summary_large_image","schema":{"@context":"https:\/\/schema.org","@graph":[{"@type":"WebPage","@id":"https:\/\/stafit.ee\/ru\/tovar\/%d0%bc%d0%b0%d1%81%d0%ba%d0%b8%d1%80%d0%be%d0%b2%d0%be%d1%87%d0%bd%d0%b0%d1%8f-%d0%bb%d0%b5%d0%bd%d1%82%d0%b0-masking-tec-premium-30%d0%bc%d0%bcx50%d0%bc\/","url":"https:\/\/stafit.ee\/ru\/tovar\/%d0%bc%d0%b0%d1%81%d0%ba%d0%b8%d1%80%d0%be%d0%b2%d0%be%d1%87%d0%bd%d0%b0%d1%8f-%d0%bb%d0%b5%d0%bd%d1%82%d0%b0-masking-tec-premium-30%d0%bc%d0%bcx50%d0%bc\/","name":"\u041c\u0430\u0441\u043a\u0438\u0440\u043e\u0432\u043e\u0447\u043d\u0430\u044f \u043b\u0435\u043d\u0442\u0430 Masking-Tec\u00ae Premium 30\u043c\u043cx50\u043c - Stafit O\u00dc","isPartOf":{"@id":"https:\/\/stafit.ee\/#website"},"primaryImageOfPage":{"@id":"https:\/\/stafit.ee\/ru\/tovar\/%d0%bc%d0%b0%d1%81%d0%ba%d0%b8%d1%80%d0%be%d0%b2%d0%be%d1%87%d0%bd%d0%b0%d1%8f-%d0%bb%d0%b5%d0%bd%d1%82%d0%b0-masking-tec-premium-30%d0%bc%d0%bcx50%d0%bc\/#primaryimage"},"image":{"@id":"https:\/\/stafit.ee\/ru\/tovar\/%d0%bc%d0%b0%d1%81%d0%ba%d0%b8%d1%80%d0%be%d0%b2%d0%be%d1%87%d0%bd%d0%b0%d1%8f-%d0%bb%d0%b5%d0%bd%d1%82%d0%b0-masking-tec-premium-30%d0%bc%d0%bcx50%d0%bc\/#primaryimage"},"thumbnailUrl":"https:\/\/stafit.ee\/wp-content\/uploads\/2023\/02\/305-48mm.jpg","datePublished":"2023-02-18T02:03:03+00:00","dateModified":"2026-04-08T15:18:13+00:00","breadcrumb":{"@id":"https:\/\/stafit.ee\/ru\/tovar\/%d0%bc%d0%b0%d1%81%d0%ba%d0%b8%d1%80%d0%be%d0%b2%d0%be%d1%87%d0%bd%d0%b0%d1%8f-%d0%bb%d0%b5%d0%bd%d1%82%d0%b0-masking-tec-premium-30%d0%bc%d0%bcx50%d0%bc\/#breadcrumb"},"inLanguage":"ru-RU","potentialAction":[{"@type":"ReadAction","target":["https:\/\/stafit.ee\/ru\/tovar\/%d0%bc%d0%b0%d1%81%d0%ba%d0%b8%d1%80%d0%be%d0%b2%d0%be%d1%87%d0%bd%d0%b0%d1%8f-%d0%bb%d0%b5%d0%bd%d1%82%d0%b0-masking-tec-premium-30%d0%bc%d0%bcx50%d0%bc\/"]}]},{"@type":"ImageObject","inLanguage":"ru-RU","@id":"https:\/\/stafit.ee\/ru\/tovar\/%d0%bc%d0%b0%d1%81%d0%ba%d0%b8%d1%80%d0%be%d0%b2%d0%be%d1%87%d0%bd%d0%b0%d1%8f-%d0%bb%d0%b5%d0%bd%d1%82%d0%b0-masking-tec-premium-30%d0%bc%d0%bcx50%d0%bc\/#primaryimage","url":"https:\/\/stafit.ee\/wp-content\/uploads\/2023\/02\/305-48mm.jpg","contentUrl":"https:\/\/stafit.ee\/wp-content\/uploads\/2023\/02\/305-48mm.jpg","width":800,"height":800},{"@type":"BreadcrumbList","@id":"https:\/\/stafit.ee\/ru\/tovar\/%d0%bc%d0%b0%d1%81%d0%ba%d0%b8%d1%80%d0%be%d0%b2%d0%be%d1%87%d0%bd%d0%b0%d1%8f-%d0%bb%d0%b5%d0%bd%d1%82%d0%b0-masking-tec-premium-30%d0%bc%d0%bcx50%d0%bc\/#breadcrumb","itemListElement":[{"@type":"ListItem","position":1,"name":"Home","item":"https:\/\/stafit.ee\/ru\/"},{"@type":"ListItem","position":2,"name":"\u041c\u0430\u0433\u0430\u0437\u0438\u043d","item":"https:\/\/stafit.ee\/ru\/pood\/"},{"@type":"ListItem","position":3,"name":"\u041c\u0430\u0441\u043a\u0438\u0440\u043e\u0432\u043e\u0447\u043d\u0430\u044f \u043b\u0435\u043d\u0442\u0430 Masking-Tec\u00ae Premium 30\u043c\u043cx50\u043c"}]},{"@type":"WebSite","@id":"https:\/\/stafit.ee\/#website","url":"https:\/\/stafit.ee\/","name":"Stafit O\u00dc","description":"T\u00f6\u00f6riete ja ohutusvahendite jae ja hulgim\u00fc\u00fck","potentialAction":[{"@type":"SearchAction","target":{"@type":"EntryPoint","urlTemplate":"https:\/\/stafit.ee\/?s={search_term_string}"},"query-input":{"@type":"PropertyValueSpecification","valueRequired":true,"valueName":"search_term_string"}}],"inLanguage":"ru-RU"}]}},"brands":[],"_links":{"self":[{"href":"https:\/\/stafit.ee\/ru\/wp-json\/wp\/v2\/product\/55732","targetHints":{"allow":["GET"]}}],"collection":[{"href":"https:\/\/stafit.ee\/ru\/wp-json\/wp\/v2\/product"}],"about":[{"href":"https:\/\/stafit.ee\/ru\/wp-json\/wp\/v2\/types\/product"}],"wp:featuredmedia":[{"embeddable":true,"href":"https:\/\/stafit.ee\/ru\/wp-json\/wp\/v2\/media\/55730"}],"wp:attachment":[{"href":"https:\/\/stafit.ee\/ru\/wp-json\/wp\/v2\/media?parent=55732"}],"wp:term":[{"taxonomy":"pwb-brand","embeddable":true,"href":"https:\/\/stafit.ee\/ru\/wp-json\/wp\/v2\/pwb-brand?post=55732"},{"taxonomy":"product_brand","embeddable":true,"href":"https:\/\/stafit.ee\/ru\/wp-json\/wp\/v2\/product_brand?post=55732"},{"taxonomy":"product_cat","embeddable":true,"href":"https:\/\/stafit.ee\/ru\/wp-json\/wp\/v2\/product_cat?post=55732"},{"taxonomy":"product_tag","embeddable":true,"href":"https:\/\/stafit.ee\/ru\/wp-json\/wp\/v2\/product_tag?post=55732"}],"curies":[{"name":"wp","href":"https:\/\/api.w.org\/{rel}","templated":true}]}}