{"id":55356,"date":"2023-03-10T12:46:49","date_gmt":"2023-03-10T10:46:49","guid":{"rendered":"https:\/\/stafit.ee\/toode\/%d0%bf%d1%80%d0%b8%d0%b2%d1%8f%d0%b7%d1%8c-bosafety-m-xl\/"},"modified":"2026-04-08T18:26:40","modified_gmt":"2026-04-08T15:26:40","slug":"%d0%bf%d1%80%d0%b8%d0%b2%d1%8f%d0%b7%d1%8c-bosafety-m-xl","status":"publish","type":"product","link":"https:\/\/stafit.ee\/ru\/tovar\/%d0%bf%d1%80%d0%b8%d0%b2%d1%8f%d0%b7%d1%8c-bosafety-m-xl\/","title":{"rendered":"\u041f\u0440\u0438\u0432\u044f\u0437\u044c BoSafety M-XL"},"content":{"rendered":"<ul>\n<li>\u041f\u0440\u0438\u0432\u044f\u0437\u044c \u0441 1 D-\u043e\u0431\u0440\u0430\u0437\u043d\u044b\u043c \u043a\u043e\u043b\u044c\u0446\u043e\u043c \u043d\u0430 \u0441\u043f\u0438\u043d\u0435 \u0438 2 \u0442\u0435\u043a\u0441\u0442\u0438\u043b\u044c\u043d\u044b\u043c\u0438 \u043f\u0435\u0442\u043b\u044f\u043c\u0438 \u043d\u0430 \u0433\u0440\u0443\u0434\u0438.<\/li>\n<li>\u0420\u0435\u0433\u0443\u043b\u0438\u0440\u0443\u0435\u043c\u044b\u0435 \u043f\u043b\u0435\u0447\u0435\u0432\u044b\u0435 \u0438 \u043d\u0430\u0431\u0435\u0434\u0440\u0435\u043d\u043d\u044b\u0435 \u043b\u044f\u043c\u043a\u0438.<\/li>\n<li>\u041b\u044f\u043c\u043a\u0438 \u043d\u0430 \u043f\u043b\u0435\u0447\u0430\u0445 \u0432\u044b\u0441\u043e\u043a\u043e\u0439 \u0432\u0438\u0434\u0438\u043c\u043e\u0441\u0442\u0438.<\/li>\n<li>\u0421\u0440\u043e\u043a \u044d\u043a\u0441\u043f\u043b\u0443\u0430\u0442\u0430\u0446\u0438\u0438: 10 \u043b\u0435\u0442.<\/li>\n<li>\u041c\u0430\u0442\u0435\u0440\u0438\u0430\u043b:<br \/>\n\u2014 \u043f\u0440\u0438\u0432\u044f\u0437\u044c: \u043f\u043e\u043b\u0438\u0430\u043c\u0438\u0434;<br \/>\n\u2014 \u043f\u0440\u044f\u0436\u043a\u0438: \u0441\u0442\u0430\u043b\u044c.<\/li>\n<li>\u0420\u0430\u0437\u043c\u0435\u0440: M-XL.<\/li>\n<\/ul>\n","protected":false},"excerpt":{"rendered":"<p>\u041f\u0440\u0438\u0432\u044f\u0437\u044c \u0441 1 D-\u043e\u0431\u0440\u0430\u0437\u043d\u044b\u043c \u043a\u043e\u043b\u044c\u0446\u043e\u043c \u043d\u0430 \u0441\u043f\u0438\u043d\u0435 \u0438 2 \u0442\u0435\u043a\u0441\u0442\u0438\u043b\u044c\u043d\u044b\u043c\u0438 \u043f\u0435\u0442\u043b\u044f\u043c\u0438 \u043d\u0430 \u0433\u0440\u0443\u0434\u0438. \u0420\u0435\u0433\u0443\u043b\u0438\u0440\u0443\u0435\u043c\u044b\u0435 \u043f\u043b\u0435\u0447\u0435\u0432\u044b\u0435 \u0438 \u043d\u0430\u0431\u0435\u0434\u0440\u0435\u043d\u043d\u044b\u0435 \u043b\u044f\u043c\u043a\u0438. \u041b\u044f\u043c\u043a\u0438 \u043d\u0430 \u043f\u043b\u0435\u0447\u0430\u0445 \u0432\u044b\u0441\u043e\u043a\u043e\u0439 \u0432\u0438\u0434\u0438\u043c\u043e\u0441\u0442\u0438. \u0421\u0440\u043e\u043a \u044d\u043a\u0441\u043f\u043b\u0443\u0430\u0442\u0430\u0446\u0438\u0438: 10 \u043b\u0435\u0442. \u041c\u0430\u0442\u0435\u0440\u0438\u0430\u043b: \u2014 \u043f\u0440\u0438\u0432\u044f\u0437\u044c: \u043f\u043e\u043b\u0438\u0430\u043c\u0438\u0434; \u2014 \u043f\u0440\u044f\u0436\u043a\u0438: \u0441\u0442\u0430\u043b\u044c. \u0420\u0430\u0437\u043c\u0435\u0440: M-XL.<\/p>\n","protected":false},"featured_media":55351,"template":"","meta":[],"pwb-brand":[],"product_brand":[],"product_cat":[1130],"product_tag":[],"class_list":{"0":"post-55356","1":"product","2":"type-product","3":"status-publish","4":"has-post-thumbnail","6":"product_cat-1130","8":"first","9":"instock","10":"taxable","11":"shipping-taxable","12":"purchasable","13":"product-type-simple"},"yoast_head":"<!-- This site is optimized with the Yoast SEO plugin v27.0 - https:\/\/yoast.com\/product\/yoast-seo-wordpress\/ -->\n<title>\u041f\u0440\u0438\u0432\u044f\u0437\u044c BoSafety M-XL - Stafit O\u00dc<\/title>\n<meta name=\"robots\" content=\"index, follow, max-snippet:-1, max-image-preview:large, max-video-preview:-1\" \/>\n<link rel=\"canonical\" href=\"https:\/\/stafit.ee\/ru\/tovar\/\u043f\u0440\u0438\u0432\u044f\u0437\u044c-bosafety-m-xl\/\" \/>\n<meta property=\"og:locale\" content=\"ru_RU\" \/>\n<meta property=\"og:type\" content=\"article\" \/>\n<meta property=\"og:title\" content=\"\u041f\u0440\u0438\u0432\u044f\u0437\u044c BoSafety M-XL - Stafit O\u00dc\" \/>\n<meta property=\"og:description\" content=\"\u041f\u0440\u0438\u0432\u044f\u0437\u044c \u0441 1 D-\u043e\u0431\u0440\u0430\u0437\u043d\u044b\u043c \u043a\u043e\u043b\u044c\u0446\u043e\u043c \u043d\u0430 \u0441\u043f\u0438\u043d\u0435 \u0438 2 \u0442\u0435\u043a\u0441\u0442\u0438\u043b\u044c\u043d\u044b\u043c\u0438 \u043f\u0435\u0442\u043b\u044f\u043c\u0438 \u043d\u0430 \u0433\u0440\u0443\u0434\u0438. \u0420\u0435\u0433\u0443\u043b\u0438\u0440\u0443\u0435\u043c\u044b\u0435 \u043f\u043b\u0435\u0447\u0435\u0432\u044b\u0435 \u0438 \u043d\u0430\u0431\u0435\u0434\u0440\u0435\u043d\u043d\u044b\u0435 \u043b\u044f\u043c\u043a\u0438. \u041b\u044f\u043c\u043a\u0438 \u043d\u0430 \u043f\u043b\u0435\u0447\u0430\u0445 \u0432\u044b\u0441\u043e\u043a\u043e\u0439 \u0432\u0438\u0434\u0438\u043c\u043e\u0441\u0442\u0438. \u0421\u0440\u043e\u043a \u044d\u043a\u0441\u043f\u043b\u0443\u0430\u0442\u0430\u0446\u0438\u0438: 10 \u043b\u0435\u0442. \u041c\u0430\u0442\u0435\u0440\u0438\u0430\u043b: \u2014 \u043f\u0440\u0438\u0432\u044f\u0437\u044c: \u043f\u043e\u043b\u0438\u0430\u043c\u0438\u0434; \u2014 \u043f\u0440\u044f\u0436\u043a\u0438: \u0441\u0442\u0430\u043b\u044c. \u0420\u0430\u0437\u043c\u0435\u0440: M-XL.\" \/>\n<meta property=\"og:url\" content=\"https:\/\/stafit.ee\/ru\/tovar\/\u043f\u0440\u0438\u0432\u044f\u0437\u044c-bosafety-m-xl\/\" \/>\n<meta property=\"og:site_name\" content=\"Stafit O\u00dc\" \/>\n<meta property=\"article:modified_time\" content=\"2026-04-08T15:26:40+00:00\" \/>\n<meta property=\"og:image\" content=\"https:\/\/stafit.ee\/wp-content\/uploads\/2023\/03\/FBH20503-1.jpg\" \/>\n\t<meta property=\"og:image:width\" content=\"900\" \/>\n\t<meta property=\"og:image:height\" content=\"900\" \/>\n\t<meta property=\"og:image:type\" content=\"image\/jpeg\" \/>\n<meta name=\"twitter:card\" content=\"summary_large_image\" \/>\n<script type=\"application\/ld+json\" class=\"yoast-schema-graph\">{\"@context\":\"https:\/\/schema.org\",\"@graph\":[{\"@type\":\"WebPage\",\"@id\":\"https:\/\/stafit.ee\/ru\/tovar\/%d0%bf%d1%80%d0%b8%d0%b2%d1%8f%d0%b7%d1%8c-bosafety-m-xl\/\",\"url\":\"https:\/\/stafit.ee\/ru\/tovar\/%d0%bf%d1%80%d0%b8%d0%b2%d1%8f%d0%b7%d1%8c-bosafety-m-xl\/\",\"name\":\"\u041f\u0440\u0438\u0432\u044f\u0437\u044c BoSafety M-XL - Stafit O\u00dc\",\"isPartOf\":{\"@id\":\"https:\/\/stafit.ee\/#website\"},\"primaryImageOfPage\":{\"@id\":\"https:\/\/stafit.ee\/ru\/tovar\/%d0%bf%d1%80%d0%b8%d0%b2%d1%8f%d0%b7%d1%8c-bosafety-m-xl\/#primaryimage\"},\"image\":{\"@id\":\"https:\/\/stafit.ee\/ru\/tovar\/%d0%bf%d1%80%d0%b8%d0%b2%d1%8f%d0%b7%d1%8c-bosafety-m-xl\/#primaryimage\"},\"thumbnailUrl\":\"https:\/\/stafit.ee\/wp-content\/uploads\/2023\/03\/FBH20503-1.jpg\",\"datePublished\":\"2023-03-10T10:46:49+00:00\",\"dateModified\":\"2026-04-08T15:26:40+00:00\",\"breadcrumb\":{\"@id\":\"https:\/\/stafit.ee\/ru\/tovar\/%d0%bf%d1%80%d0%b8%d0%b2%d1%8f%d0%b7%d1%8c-bosafety-m-xl\/#breadcrumb\"},\"inLanguage\":\"ru-RU\",\"potentialAction\":[{\"@type\":\"ReadAction\",\"target\":[\"https:\/\/stafit.ee\/ru\/tovar\/%d0%bf%d1%80%d0%b8%d0%b2%d1%8f%d0%b7%d1%8c-bosafety-m-xl\/\"]}]},{\"@type\":\"ImageObject\",\"inLanguage\":\"ru-RU\",\"@id\":\"https:\/\/stafit.ee\/ru\/tovar\/%d0%bf%d1%80%d0%b8%d0%b2%d1%8f%d0%b7%d1%8c-bosafety-m-xl\/#primaryimage\",\"url\":\"https:\/\/stafit.ee\/wp-content\/uploads\/2023\/03\/FBH20503-1.jpg\",\"contentUrl\":\"https:\/\/stafit.ee\/wp-content\/uploads\/2023\/03\/FBH20503-1.jpg\",\"width\":900,\"height\":900},{\"@type\":\"BreadcrumbList\",\"@id\":\"https:\/\/stafit.ee\/ru\/tovar\/%d0%bf%d1%80%d0%b8%d0%b2%d1%8f%d0%b7%d1%8c-bosafety-m-xl\/#breadcrumb\",\"itemListElement\":[{\"@type\":\"ListItem\",\"position\":1,\"name\":\"Home\",\"item\":\"https:\/\/stafit.ee\/ru\/\"},{\"@type\":\"ListItem\",\"position\":2,\"name\":\"\u041c\u0430\u0433\u0430\u0437\u0438\u043d\",\"item\":\"https:\/\/stafit.ee\/ru\/pood\/\"},{\"@type\":\"ListItem\",\"position\":3,\"name\":\"\u041f\u0440\u0438\u0432\u044f\u0437\u044c BoSafety M-XL\"}]},{\"@type\":\"WebSite\",\"@id\":\"https:\/\/stafit.ee\/#website\",\"url\":\"https:\/\/stafit.ee\/\",\"name\":\"Stafit O\u00dc\",\"description\":\"T\u00f6\u00f6riete ja ohutusvahendite jae ja hulgim\u00fc\u00fck\",\"potentialAction\":[{\"@type\":\"SearchAction\",\"target\":{\"@type\":\"EntryPoint\",\"urlTemplate\":\"https:\/\/stafit.ee\/?s={search_term_string}\"},\"query-input\":{\"@type\":\"PropertyValueSpecification\",\"valueRequired\":true,\"valueName\":\"search_term_string\"}}],\"inLanguage\":\"ru-RU\"}]}<\/script>\n<!-- \/ Yoast SEO plugin. -->","yoast_head_json":{"title":"\u041f\u0440\u0438\u0432\u044f\u0437\u044c BoSafety M-XL - Stafit O\u00dc","robots":{"index":"index","follow":"follow","max-snippet":"max-snippet:-1","max-image-preview":"max-image-preview:large","max-video-preview":"max-video-preview:-1"},"canonical":"https:\/\/stafit.ee\/ru\/tovar\/\u043f\u0440\u0438\u0432\u044f\u0437\u044c-bosafety-m-xl\/","og_locale":"ru_RU","og_type":"article","og_title":"\u041f\u0440\u0438\u0432\u044f\u0437\u044c BoSafety M-XL - Stafit O\u00dc","og_description":"\u041f\u0440\u0438\u0432\u044f\u0437\u044c \u0441 1 D-\u043e\u0431\u0440\u0430\u0437\u043d\u044b\u043c \u043a\u043e\u043b\u044c\u0446\u043e\u043c \u043d\u0430 \u0441\u043f\u0438\u043d\u0435 \u0438 2 \u0442\u0435\u043a\u0441\u0442\u0438\u043b\u044c\u043d\u044b\u043c\u0438 \u043f\u0435\u0442\u043b\u044f\u043c\u0438 \u043d\u0430 \u0433\u0440\u0443\u0434\u0438. \u0420\u0435\u0433\u0443\u043b\u0438\u0440\u0443\u0435\u043c\u044b\u0435 \u043f\u043b\u0435\u0447\u0435\u0432\u044b\u0435 \u0438 \u043d\u0430\u0431\u0435\u0434\u0440\u0435\u043d\u043d\u044b\u0435 \u043b\u044f\u043c\u043a\u0438. \u041b\u044f\u043c\u043a\u0438 \u043d\u0430 \u043f\u043b\u0435\u0447\u0430\u0445 \u0432\u044b\u0441\u043e\u043a\u043e\u0439 \u0432\u0438\u0434\u0438\u043c\u043e\u0441\u0442\u0438. \u0421\u0440\u043e\u043a \u044d\u043a\u0441\u043f\u043b\u0443\u0430\u0442\u0430\u0446\u0438\u0438: 10 \u043b\u0435\u0442. \u041c\u0430\u0442\u0435\u0440\u0438\u0430\u043b: \u2014 \u043f\u0440\u0438\u0432\u044f\u0437\u044c: \u043f\u043e\u043b\u0438\u0430\u043c\u0438\u0434; \u2014 \u043f\u0440\u044f\u0436\u043a\u0438: \u0441\u0442\u0430\u043b\u044c. \u0420\u0430\u0437\u043c\u0435\u0440: M-XL.","og_url":"https:\/\/stafit.ee\/ru\/tovar\/\u043f\u0440\u0438\u0432\u044f\u0437\u044c-bosafety-m-xl\/","og_site_name":"Stafit O\u00dc","article_modified_time":"2026-04-08T15:26:40+00:00","og_image":[{"width":900,"height":900,"url":"https:\/\/stafit.ee\/wp-content\/uploads\/2023\/03\/FBH20503-1.jpg","type":"image\/jpeg"}],"twitter_card":"summary_large_image","schema":{"@context":"https:\/\/schema.org","@graph":[{"@type":"WebPage","@id":"https:\/\/stafit.ee\/ru\/tovar\/%d0%bf%d1%80%d0%b8%d0%b2%d1%8f%d0%b7%d1%8c-bosafety-m-xl\/","url":"https:\/\/stafit.ee\/ru\/tovar\/%d0%bf%d1%80%d0%b8%d0%b2%d1%8f%d0%b7%d1%8c-bosafety-m-xl\/","name":"\u041f\u0440\u0438\u0432\u044f\u0437\u044c BoSafety M-XL - Stafit O\u00dc","isPartOf":{"@id":"https:\/\/stafit.ee\/#website"},"primaryImageOfPage":{"@id":"https:\/\/stafit.ee\/ru\/tovar\/%d0%bf%d1%80%d0%b8%d0%b2%d1%8f%d0%b7%d1%8c-bosafety-m-xl\/#primaryimage"},"image":{"@id":"https:\/\/stafit.ee\/ru\/tovar\/%d0%bf%d1%80%d0%b8%d0%b2%d1%8f%d0%b7%d1%8c-bosafety-m-xl\/#primaryimage"},"thumbnailUrl":"https:\/\/stafit.ee\/wp-content\/uploads\/2023\/03\/FBH20503-1.jpg","datePublished":"2023-03-10T10:46:49+00:00","dateModified":"2026-04-08T15:26:40+00:00","breadcrumb":{"@id":"https:\/\/stafit.ee\/ru\/tovar\/%d0%bf%d1%80%d0%b8%d0%b2%d1%8f%d0%b7%d1%8c-bosafety-m-xl\/#breadcrumb"},"inLanguage":"ru-RU","potentialAction":[{"@type":"ReadAction","target":["https:\/\/stafit.ee\/ru\/tovar\/%d0%bf%d1%80%d0%b8%d0%b2%d1%8f%d0%b7%d1%8c-bosafety-m-xl\/"]}]},{"@type":"ImageObject","inLanguage":"ru-RU","@id":"https:\/\/stafit.ee\/ru\/tovar\/%d0%bf%d1%80%d0%b8%d0%b2%d1%8f%d0%b7%d1%8c-bosafety-m-xl\/#primaryimage","url":"https:\/\/stafit.ee\/wp-content\/uploads\/2023\/03\/FBH20503-1.jpg","contentUrl":"https:\/\/stafit.ee\/wp-content\/uploads\/2023\/03\/FBH20503-1.jpg","width":900,"height":900},{"@type":"BreadcrumbList","@id":"https:\/\/stafit.ee\/ru\/tovar\/%d0%bf%d1%80%d0%b8%d0%b2%d1%8f%d0%b7%d1%8c-bosafety-m-xl\/#breadcrumb","itemListElement":[{"@type":"ListItem","position":1,"name":"Home","item":"https:\/\/stafit.ee\/ru\/"},{"@type":"ListItem","position":2,"name":"\u041c\u0430\u0433\u0430\u0437\u0438\u043d","item":"https:\/\/stafit.ee\/ru\/pood\/"},{"@type":"ListItem","position":3,"name":"\u041f\u0440\u0438\u0432\u044f\u0437\u044c BoSafety M-XL"}]},{"@type":"WebSite","@id":"https:\/\/stafit.ee\/#website","url":"https:\/\/stafit.ee\/","name":"Stafit O\u00dc","description":"T\u00f6\u00f6riete ja ohutusvahendite jae ja hulgim\u00fc\u00fck","potentialAction":[{"@type":"SearchAction","target":{"@type":"EntryPoint","urlTemplate":"https:\/\/stafit.ee\/?s={search_term_string}"},"query-input":{"@type":"PropertyValueSpecification","valueRequired":true,"valueName":"search_term_string"}}],"inLanguage":"ru-RU"}]}},"brands":[],"_links":{"self":[{"href":"https:\/\/stafit.ee\/ru\/wp-json\/wp\/v2\/product\/55356","targetHints":{"allow":["GET"]}}],"collection":[{"href":"https:\/\/stafit.ee\/ru\/wp-json\/wp\/v2\/product"}],"about":[{"href":"https:\/\/stafit.ee\/ru\/wp-json\/wp\/v2\/types\/product"}],"wp:featuredmedia":[{"embeddable":true,"href":"https:\/\/stafit.ee\/ru\/wp-json\/wp\/v2\/media\/55351"}],"wp:attachment":[{"href":"https:\/\/stafit.ee\/ru\/wp-json\/wp\/v2\/media?parent=55356"}],"wp:term":[{"taxonomy":"pwb-brand","embeddable":true,"href":"https:\/\/stafit.ee\/ru\/wp-json\/wp\/v2\/pwb-brand?post=55356"},{"taxonomy":"product_brand","embeddable":true,"href":"https:\/\/stafit.ee\/ru\/wp-json\/wp\/v2\/product_brand?post=55356"},{"taxonomy":"product_cat","embeddable":true,"href":"https:\/\/stafit.ee\/ru\/wp-json\/wp\/v2\/product_cat?post=55356"},{"taxonomy":"product_tag","embeddable":true,"href":"https:\/\/stafit.ee\/ru\/wp-json\/wp\/v2\/product_tag?post=55356"}],"curies":[{"name":"wp","href":"https:\/\/api.w.org\/{rel}","templated":true}]}}