{"id":54842,"date":"2023-02-18T04:04:09","date_gmt":"2023-02-18T02:04:09","guid":{"rendered":"https:\/\/stafit.ee\/toode\/%d0%ba%d0%b8%d1%81%d1%82%d1%8c-%d0%bc%d0%b0%d0%bb%d1%8f%d1%80%d0%bd%d0%b0%d1%8f-%d0%b4%d0%bb%d1%8f-%d1%80%d0%b0%d0%b1%d0%be%d1%82-%d0%bf%d0%be-%d0%b4%d0%b5%d1%80%d0%b5%d0%b2%d1%83-40-43-15%d0%bc%d0%bc\/"},"modified":"2026-04-08T18:20:25","modified_gmt":"2026-04-08T15:20:25","slug":"%d0%ba%d0%b8%d1%81%d1%82%d1%8c-%d0%bc%d0%b0%d0%bb%d1%8f%d1%80%d0%bd%d0%b0%d1%8f-%d0%b4%d0%bb%d1%8f-%d1%80%d0%b0%d0%b1%d0%be%d1%82-%d0%bf%d0%be-%d0%b4%d0%b5%d1%80%d0%b5%d0%b2%d1%83-40-43-15%d0%bc%d0%bc","status":"publish","type":"product","link":"https:\/\/stafit.ee\/ru\/tovar\/%d0%ba%d0%b8%d1%81%d1%82%d1%8c-%d0%bc%d0%b0%d0%bb%d1%8f%d1%80%d0%bd%d0%b0%d1%8f-%d0%b4%d0%bb%d1%8f-%d1%80%d0%b0%d0%b1%d0%be%d1%82-%d0%bf%d0%be-%d0%b4%d0%b5%d1%80%d0%b5%d0%b2%d1%83-40-43-15%d0%bc%d0%bc\/","title":{"rendered":"\u041a\u0438\u0441\u0442\u044c \u043c\u0430\u043b\u044f\u0440\u043d\u0430\u044f \u0434\u043b\u044f \u0440\u0430\u0431\u043e\u0442 \u043f\u043e \u0434\u0435\u0440\u0435\u0432\u0443 40\/43\/15\u043c\u043c"},"content":{"rendered":"<p>\u0414\u043b\u044f \u043c\u043e\u0440\u0438\u043b\u043e\u043a, \u043b\u0430\u043a\u0430 \u0438 \u043e\u0431\u0440\u0430\u0431\u043e\u0442\u043a\u0438 \u0434\u0435\u0440\u0435\u0432\u0430.<br \/>\n\u0411\u0430\u043d\u0434\u0430\u0436 \u0438\u0437 \u043d\u0438\u043a\u0435\u043b\u0438\u0440\u043e\u0432\u0430\u043d\u043d\u043e\u0439 \u0441\u0442\u0430\u043b\u0438.<br \/>\n\u0421\u043c\u0435\u0448\u0430\u043d\u043d\u0430\u044f \u043d\u0430\u0442\u0443\u0440\u0430\u043b\u044c\u043d\u0430\u044f \u0449\u0435\u0442\u0438\u043d\u0430 \u0438 \u0449\u0435\u0442\u0438\u043d\u0430 \u0438\u0437 \u043f\u043e\u043b\u0438\u044d\u0441\u0442\u0435\u0440\u0430.<br \/>\n\u041b\u0430\u043a\u0438\u0440\u043e\u0432\u0430\u043d\u043d\u0430\u044f \u043f\u043b\u0430\u0441\u0442\u043c\u0430\u0441\u0441\u043e\u0432\u0430\u044f \u0440\u0443\u0447\u043a\u0430.<\/p>\n<p>\u0428\u0438\u0440\u0438\u043d\u0430: 40 \u043c\u043c.<br \/>\n\u0414\u043b\u0438\u043d\u0430 \u0449\u0435\u0442\u0438\u043d\u044b: 43 \u043c\u043c.<br \/>\n\u0422\u043e\u043b\u0449\u0438\u043d\u0430: 15 \u043c\u043c.<\/p>\n","protected":false},"excerpt":{"rendered":"<p>\u0414\u043b\u044f \u043c\u043e\u0440\u0438\u043b\u043e\u043a, \u043b\u0430\u043a\u0430 \u0438 \u043e\u0431\u0440\u0430\u0431\u043e\u0442\u043a\u0438 \u0434\u0435\u0440\u0435\u0432\u0430. \u0411\u0430\u043d\u0434\u0430\u0436 \u0438\u0437 \u043d\u0438\u043a\u0435\u043b\u0438\u0440\u043e\u0432\u0430\u043d\u043d\u043e\u0439 \u0441\u0442\u0430\u043b\u0438. \u0421\u043c\u0435\u0448\u0430\u043d\u043d\u0430\u044f \u043d\u0430\u0442\u0443\u0440\u0430\u043b\u044c\u043d\u0430\u044f \u0449\u0435\u0442\u0438\u043d\u0430 \u0438 \u0449\u0435\u0442\u0438\u043d\u0430 \u0438\u0437 \u043f\u043e\u043b\u0438\u044d\u0441\u0442\u0435\u0440\u0430. \u041b\u0430\u043a\u0438\u0440\u043e\u0432\u0430\u043d\u043d\u0430\u044f \u043f\u043b\u0430\u0441\u0442\u043c\u0430\u0441\u0441\u043e\u0432\u0430\u044f \u0440\u0443\u0447\u043a\u0430. \u0428\u0438\u0440\u0438\u043d\u0430: 40 \u043c\u043c. \u0414\u043b\u0438\u043d\u0430 \u0449\u0435\u0442\u0438\u043d\u044b: 43 \u043c\u043c. \u0422\u043e\u043b\u0449\u0438\u043d\u0430: 15 \u043c\u043c.<\/p>\n","protected":false},"featured_media":54832,"template":"","meta":[],"pwb-brand":[],"product_brand":[],"product_cat":[2323],"product_tag":[],"class_list":{"0":"post-54842","1":"product","2":"type-product","3":"status-publish","4":"has-post-thumbnail","6":"product_cat-2323","8":"first","9":"instock","10":"taxable","11":"shipping-taxable","12":"purchasable","13":"product-type-simple"},"yoast_head":"<!-- This site is optimized with the Yoast SEO plugin v27.0 - https:\/\/yoast.com\/product\/yoast-seo-wordpress\/ -->\n<title>\u041a\u0438\u0441\u0442\u044c \u043c\u0430\u043b\u044f\u0440\u043d\u0430\u044f \u0434\u043b\u044f \u0440\u0430\u0431\u043e\u0442 \u043f\u043e \u0434\u0435\u0440\u0435\u0432\u0443 40\/43\/15\u043c\u043c - Stafit O\u00dc<\/title>\n<meta name=\"robots\" content=\"index, follow, max-snippet:-1, max-image-preview:large, max-video-preview:-1\" \/>\n<link rel=\"canonical\" href=\"https:\/\/stafit.ee\/ru\/tovar\/\u043a\u0438\u0441\u0442\u044c-\u043c\u0430\u043b\u044f\u0440\u043d\u0430\u044f-\u0434\u043b\u044f-\u0440\u0430\u0431\u043e\u0442-\u043f\u043e-\u0434\u0435\u0440\u0435\u0432\u0443-40-43-15\u043c\u043c\/\" \/>\n<meta property=\"og:locale\" content=\"ru_RU\" \/>\n<meta property=\"og:type\" content=\"article\" \/>\n<meta property=\"og:title\" content=\"\u041a\u0438\u0441\u0442\u044c \u043c\u0430\u043b\u044f\u0440\u043d\u0430\u044f \u0434\u043b\u044f \u0440\u0430\u0431\u043e\u0442 \u043f\u043e \u0434\u0435\u0440\u0435\u0432\u0443 40\/43\/15\u043c\u043c - Stafit O\u00dc\" \/>\n<meta property=\"og:description\" content=\"\u0414\u043b\u044f \u043c\u043e\u0440\u0438\u043b\u043e\u043a, \u043b\u0430\u043a\u0430 \u0438 \u043e\u0431\u0440\u0430\u0431\u043e\u0442\u043a\u0438 \u0434\u0435\u0440\u0435\u0432\u0430. \u0411\u0430\u043d\u0434\u0430\u0436 \u0438\u0437 \u043d\u0438\u043a\u0435\u043b\u0438\u0440\u043e\u0432\u0430\u043d\u043d\u043e\u0439 \u0441\u0442\u0430\u043b\u0438. \u0421\u043c\u0435\u0448\u0430\u043d\u043d\u0430\u044f \u043d\u0430\u0442\u0443\u0440\u0430\u043b\u044c\u043d\u0430\u044f \u0449\u0435\u0442\u0438\u043d\u0430 \u0438 \u0449\u0435\u0442\u0438\u043d\u0430 \u0438\u0437 \u043f\u043e\u043b\u0438\u044d\u0441\u0442\u0435\u0440\u0430. \u041b\u0430\u043a\u0438\u0440\u043e\u0432\u0430\u043d\u043d\u0430\u044f \u043f\u043b\u0430\u0441\u0442\u043c\u0430\u0441\u0441\u043e\u0432\u0430\u044f \u0440\u0443\u0447\u043a\u0430. \u0428\u0438\u0440\u0438\u043d\u0430: 40 \u043c\u043c. \u0414\u043b\u0438\u043d\u0430 \u0449\u0435\u0442\u0438\u043d\u044b: 43 \u043c\u043c. \u0422\u043e\u043b\u0449\u0438\u043d\u0430: 15 \u043c\u043c.\" \/>\n<meta property=\"og:url\" content=\"https:\/\/stafit.ee\/ru\/tovar\/\u043a\u0438\u0441\u0442\u044c-\u043c\u0430\u043b\u044f\u0440\u043d\u0430\u044f-\u0434\u043b\u044f-\u0440\u0430\u0431\u043e\u0442-\u043f\u043e-\u0434\u0435\u0440\u0435\u0432\u0443-40-43-15\u043c\u043c\/\" \/>\n<meta property=\"og:site_name\" content=\"Stafit O\u00dc\" \/>\n<meta property=\"article:modified_time\" content=\"2026-04-08T15:20:25+00:00\" \/>\n<meta property=\"og:image\" content=\"https:\/\/stafit.ee\/wp-content\/uploads\/2023\/02\/2380.jpg\" \/>\n\t<meta property=\"og:image:width\" content=\"1200\" \/>\n\t<meta property=\"og:image:height\" content=\"1200\" \/>\n\t<meta property=\"og:image:type\" content=\"image\/jpeg\" \/>\n<meta name=\"twitter:card\" content=\"summary_large_image\" \/>\n<script type=\"application\/ld+json\" class=\"yoast-schema-graph\">{\"@context\":\"https:\/\/schema.org\",\"@graph\":[{\"@type\":\"WebPage\",\"@id\":\"https:\/\/stafit.ee\/ru\/tovar\/%d0%ba%d0%b8%d1%81%d1%82%d1%8c-%d0%bc%d0%b0%d0%bb%d1%8f%d1%80%d0%bd%d0%b0%d1%8f-%d0%b4%d0%bb%d1%8f-%d1%80%d0%b0%d0%b1%d0%be%d1%82-%d0%bf%d0%be-%d0%b4%d0%b5%d1%80%d0%b5%d0%b2%d1%83-40-43-15%d0%bc%d0%bc\/\",\"url\":\"https:\/\/stafit.ee\/ru\/tovar\/%d0%ba%d0%b8%d1%81%d1%82%d1%8c-%d0%bc%d0%b0%d0%bb%d1%8f%d1%80%d0%bd%d0%b0%d1%8f-%d0%b4%d0%bb%d1%8f-%d1%80%d0%b0%d0%b1%d0%be%d1%82-%d0%bf%d0%be-%d0%b4%d0%b5%d1%80%d0%b5%d0%b2%d1%83-40-43-15%d0%bc%d0%bc\/\",\"name\":\"\u041a\u0438\u0441\u0442\u044c \u043c\u0430\u043b\u044f\u0440\u043d\u0430\u044f \u0434\u043b\u044f \u0440\u0430\u0431\u043e\u0442 \u043f\u043e \u0434\u0435\u0440\u0435\u0432\u0443 40\/43\/15\u043c\u043c - Stafit O\u00dc\",\"isPartOf\":{\"@id\":\"https:\/\/stafit.ee\/#website\"},\"primaryImageOfPage\":{\"@id\":\"https:\/\/stafit.ee\/ru\/tovar\/%d0%ba%d0%b8%d1%81%d1%82%d1%8c-%d0%bc%d0%b0%d0%bb%d1%8f%d1%80%d0%bd%d0%b0%d1%8f-%d0%b4%d0%bb%d1%8f-%d1%80%d0%b0%d0%b1%d0%be%d1%82-%d0%bf%d0%be-%d0%b4%d0%b5%d1%80%d0%b5%d0%b2%d1%83-40-43-15%d0%bc%d0%bc\/#primaryimage\"},\"image\":{\"@id\":\"https:\/\/stafit.ee\/ru\/tovar\/%d0%ba%d0%b8%d1%81%d1%82%d1%8c-%d0%bc%d0%b0%d0%bb%d1%8f%d1%80%d0%bd%d0%b0%d1%8f-%d0%b4%d0%bb%d1%8f-%d1%80%d0%b0%d0%b1%d0%be%d1%82-%d0%bf%d0%be-%d0%b4%d0%b5%d1%80%d0%b5%d0%b2%d1%83-40-43-15%d0%bc%d0%bc\/#primaryimage\"},\"thumbnailUrl\":\"https:\/\/stafit.ee\/wp-content\/uploads\/2023\/02\/2380.jpg\",\"datePublished\":\"2023-02-18T02:04:09+00:00\",\"dateModified\":\"2026-04-08T15:20:25+00:00\",\"breadcrumb\":{\"@id\":\"https:\/\/stafit.ee\/ru\/tovar\/%d0%ba%d0%b8%d1%81%d1%82%d1%8c-%d0%bc%d0%b0%d0%bb%d1%8f%d1%80%d0%bd%d0%b0%d1%8f-%d0%b4%d0%bb%d1%8f-%d1%80%d0%b0%d0%b1%d0%be%d1%82-%d0%bf%d0%be-%d0%b4%d0%b5%d1%80%d0%b5%d0%b2%d1%83-40-43-15%d0%bc%d0%bc\/#breadcrumb\"},\"inLanguage\":\"ru-RU\",\"potentialAction\":[{\"@type\":\"ReadAction\",\"target\":[\"https:\/\/stafit.ee\/ru\/tovar\/%d0%ba%d0%b8%d1%81%d1%82%d1%8c-%d0%bc%d0%b0%d0%bb%d1%8f%d1%80%d0%bd%d0%b0%d1%8f-%d0%b4%d0%bb%d1%8f-%d1%80%d0%b0%d0%b1%d0%be%d1%82-%d0%bf%d0%be-%d0%b4%d0%b5%d1%80%d0%b5%d0%b2%d1%83-40-43-15%d0%bc%d0%bc\/\"]}]},{\"@type\":\"ImageObject\",\"inLanguage\":\"ru-RU\",\"@id\":\"https:\/\/stafit.ee\/ru\/tovar\/%d0%ba%d0%b8%d1%81%d1%82%d1%8c-%d0%bc%d0%b0%d0%bb%d1%8f%d1%80%d0%bd%d0%b0%d1%8f-%d0%b4%d0%bb%d1%8f-%d1%80%d0%b0%d0%b1%d0%be%d1%82-%d0%bf%d0%be-%d0%b4%d0%b5%d1%80%d0%b5%d0%b2%d1%83-40-43-15%d0%bc%d0%bc\/#primaryimage\",\"url\":\"https:\/\/stafit.ee\/wp-content\/uploads\/2023\/02\/2380.jpg\",\"contentUrl\":\"https:\/\/stafit.ee\/wp-content\/uploads\/2023\/02\/2380.jpg\",\"width\":1200,\"height\":1200},{\"@type\":\"BreadcrumbList\",\"@id\":\"https:\/\/stafit.ee\/ru\/tovar\/%d0%ba%d0%b8%d1%81%d1%82%d1%8c-%d0%bc%d0%b0%d0%bb%d1%8f%d1%80%d0%bd%d0%b0%d1%8f-%d0%b4%d0%bb%d1%8f-%d1%80%d0%b0%d0%b1%d0%be%d1%82-%d0%bf%d0%be-%d0%b4%d0%b5%d1%80%d0%b5%d0%b2%d1%83-40-43-15%d0%bc%d0%bc\/#breadcrumb\",\"itemListElement\":[{\"@type\":\"ListItem\",\"position\":1,\"name\":\"Home\",\"item\":\"https:\/\/stafit.ee\/ru\/\"},{\"@type\":\"ListItem\",\"position\":2,\"name\":\"\u041c\u0430\u0433\u0430\u0437\u0438\u043d\",\"item\":\"https:\/\/stafit.ee\/ru\/pood\/\"},{\"@type\":\"ListItem\",\"position\":3,\"name\":\"\u041a\u0438\u0441\u0442\u044c \u043c\u0430\u043b\u044f\u0440\u043d\u0430\u044f \u0434\u043b\u044f \u0440\u0430\u0431\u043e\u0442 \u043f\u043e \u0434\u0435\u0440\u0435\u0432\u0443 40\/43\/15\u043c\u043c\"}]},{\"@type\":\"WebSite\",\"@id\":\"https:\/\/stafit.ee\/#website\",\"url\":\"https:\/\/stafit.ee\/\",\"name\":\"Stafit O\u00dc\",\"description\":\"T\u00f6\u00f6riete ja ohutusvahendite jae ja hulgim\u00fc\u00fck\",\"potentialAction\":[{\"@type\":\"SearchAction\",\"target\":{\"@type\":\"EntryPoint\",\"urlTemplate\":\"https:\/\/stafit.ee\/?s={search_term_string}\"},\"query-input\":{\"@type\":\"PropertyValueSpecification\",\"valueRequired\":true,\"valueName\":\"search_term_string\"}}],\"inLanguage\":\"ru-RU\"}]}<\/script>\n<!-- \/ Yoast SEO plugin. -->","yoast_head_json":{"title":"\u041a\u0438\u0441\u0442\u044c \u043c\u0430\u043b\u044f\u0440\u043d\u0430\u044f \u0434\u043b\u044f \u0440\u0430\u0431\u043e\u0442 \u043f\u043e \u0434\u0435\u0440\u0435\u0432\u0443 40\/43\/15\u043c\u043c - Stafit O\u00dc","robots":{"index":"index","follow":"follow","max-snippet":"max-snippet:-1","max-image-preview":"max-image-preview:large","max-video-preview":"max-video-preview:-1"},"canonical":"https:\/\/stafit.ee\/ru\/tovar\/\u043a\u0438\u0441\u0442\u044c-\u043c\u0430\u043b\u044f\u0440\u043d\u0430\u044f-\u0434\u043b\u044f-\u0440\u0430\u0431\u043e\u0442-\u043f\u043e-\u0434\u0435\u0440\u0435\u0432\u0443-40-43-15\u043c\u043c\/","og_locale":"ru_RU","og_type":"article","og_title":"\u041a\u0438\u0441\u0442\u044c \u043c\u0430\u043b\u044f\u0440\u043d\u0430\u044f \u0434\u043b\u044f \u0440\u0430\u0431\u043e\u0442 \u043f\u043e \u0434\u0435\u0440\u0435\u0432\u0443 40\/43\/15\u043c\u043c - Stafit O\u00dc","og_description":"\u0414\u043b\u044f \u043c\u043e\u0440\u0438\u043b\u043e\u043a, \u043b\u0430\u043a\u0430 \u0438 \u043e\u0431\u0440\u0430\u0431\u043e\u0442\u043a\u0438 \u0434\u0435\u0440\u0435\u0432\u0430. \u0411\u0430\u043d\u0434\u0430\u0436 \u0438\u0437 \u043d\u0438\u043a\u0435\u043b\u0438\u0440\u043e\u0432\u0430\u043d\u043d\u043e\u0439 \u0441\u0442\u0430\u043b\u0438. \u0421\u043c\u0435\u0448\u0430\u043d\u043d\u0430\u044f \u043d\u0430\u0442\u0443\u0440\u0430\u043b\u044c\u043d\u0430\u044f \u0449\u0435\u0442\u0438\u043d\u0430 \u0438 \u0449\u0435\u0442\u0438\u043d\u0430 \u0438\u0437 \u043f\u043e\u043b\u0438\u044d\u0441\u0442\u0435\u0440\u0430. \u041b\u0430\u043a\u0438\u0440\u043e\u0432\u0430\u043d\u043d\u0430\u044f \u043f\u043b\u0430\u0441\u0442\u043c\u0430\u0441\u0441\u043e\u0432\u0430\u044f \u0440\u0443\u0447\u043a\u0430. \u0428\u0438\u0440\u0438\u043d\u0430: 40 \u043c\u043c. \u0414\u043b\u0438\u043d\u0430 \u0449\u0435\u0442\u0438\u043d\u044b: 43 \u043c\u043c. \u0422\u043e\u043b\u0449\u0438\u043d\u0430: 15 \u043c\u043c.","og_url":"https:\/\/stafit.ee\/ru\/tovar\/\u043a\u0438\u0441\u0442\u044c-\u043c\u0430\u043b\u044f\u0440\u043d\u0430\u044f-\u0434\u043b\u044f-\u0440\u0430\u0431\u043e\u0442-\u043f\u043e-\u0434\u0435\u0440\u0435\u0432\u0443-40-43-15\u043c\u043c\/","og_site_name":"Stafit O\u00dc","article_modified_time":"2026-04-08T15:20:25+00:00","og_image":[{"width":1200,"height":1200,"url":"https:\/\/stafit.ee\/wp-content\/uploads\/2023\/02\/2380.jpg","type":"image\/jpeg"}],"twitter_card":"summary_large_image","schema":{"@context":"https:\/\/schema.org","@graph":[{"@type":"WebPage","@id":"https:\/\/stafit.ee\/ru\/tovar\/%d0%ba%d0%b8%d1%81%d1%82%d1%8c-%d0%bc%d0%b0%d0%bb%d1%8f%d1%80%d0%bd%d0%b0%d1%8f-%d0%b4%d0%bb%d1%8f-%d1%80%d0%b0%d0%b1%d0%be%d1%82-%d0%bf%d0%be-%d0%b4%d0%b5%d1%80%d0%b5%d0%b2%d1%83-40-43-15%d0%bc%d0%bc\/","url":"https:\/\/stafit.ee\/ru\/tovar\/%d0%ba%d0%b8%d1%81%d1%82%d1%8c-%d0%bc%d0%b0%d0%bb%d1%8f%d1%80%d0%bd%d0%b0%d1%8f-%d0%b4%d0%bb%d1%8f-%d1%80%d0%b0%d0%b1%d0%be%d1%82-%d0%bf%d0%be-%d0%b4%d0%b5%d1%80%d0%b5%d0%b2%d1%83-40-43-15%d0%bc%d0%bc\/","name":"\u041a\u0438\u0441\u0442\u044c \u043c\u0430\u043b\u044f\u0440\u043d\u0430\u044f \u0434\u043b\u044f \u0440\u0430\u0431\u043e\u0442 \u043f\u043e \u0434\u0435\u0440\u0435\u0432\u0443 40\/43\/15\u043c\u043c - Stafit O\u00dc","isPartOf":{"@id":"https:\/\/stafit.ee\/#website"},"primaryImageOfPage":{"@id":"https:\/\/stafit.ee\/ru\/tovar\/%d0%ba%d0%b8%d1%81%d1%82%d1%8c-%d0%bc%d0%b0%d0%bb%d1%8f%d1%80%d0%bd%d0%b0%d1%8f-%d0%b4%d0%bb%d1%8f-%d1%80%d0%b0%d0%b1%d0%be%d1%82-%d0%bf%d0%be-%d0%b4%d0%b5%d1%80%d0%b5%d0%b2%d1%83-40-43-15%d0%bc%d0%bc\/#primaryimage"},"image":{"@id":"https:\/\/stafit.ee\/ru\/tovar\/%d0%ba%d0%b8%d1%81%d1%82%d1%8c-%d0%bc%d0%b0%d0%bb%d1%8f%d1%80%d0%bd%d0%b0%d1%8f-%d0%b4%d0%bb%d1%8f-%d1%80%d0%b0%d0%b1%d0%be%d1%82-%d0%bf%d0%be-%d0%b4%d0%b5%d1%80%d0%b5%d0%b2%d1%83-40-43-15%d0%bc%d0%bc\/#primaryimage"},"thumbnailUrl":"https:\/\/stafit.ee\/wp-content\/uploads\/2023\/02\/2380.jpg","datePublished":"2023-02-18T02:04:09+00:00","dateModified":"2026-04-08T15:20:25+00:00","breadcrumb":{"@id":"https:\/\/stafit.ee\/ru\/tovar\/%d0%ba%d0%b8%d1%81%d1%82%d1%8c-%d0%bc%d0%b0%d0%bb%d1%8f%d1%80%d0%bd%d0%b0%d1%8f-%d0%b4%d0%bb%d1%8f-%d1%80%d0%b0%d0%b1%d0%be%d1%82-%d0%bf%d0%be-%d0%b4%d0%b5%d1%80%d0%b5%d0%b2%d1%83-40-43-15%d0%bc%d0%bc\/#breadcrumb"},"inLanguage":"ru-RU","potentialAction":[{"@type":"ReadAction","target":["https:\/\/stafit.ee\/ru\/tovar\/%d0%ba%d0%b8%d1%81%d1%82%d1%8c-%d0%bc%d0%b0%d0%bb%d1%8f%d1%80%d0%bd%d0%b0%d1%8f-%d0%b4%d0%bb%d1%8f-%d1%80%d0%b0%d0%b1%d0%be%d1%82-%d0%bf%d0%be-%d0%b4%d0%b5%d1%80%d0%b5%d0%b2%d1%83-40-43-15%d0%bc%d0%bc\/"]}]},{"@type":"ImageObject","inLanguage":"ru-RU","@id":"https:\/\/stafit.ee\/ru\/tovar\/%d0%ba%d0%b8%d1%81%d1%82%d1%8c-%d0%bc%d0%b0%d0%bb%d1%8f%d1%80%d0%bd%d0%b0%d1%8f-%d0%b4%d0%bb%d1%8f-%d1%80%d0%b0%d0%b1%d0%be%d1%82-%d0%bf%d0%be-%d0%b4%d0%b5%d1%80%d0%b5%d0%b2%d1%83-40-43-15%d0%bc%d0%bc\/#primaryimage","url":"https:\/\/stafit.ee\/wp-content\/uploads\/2023\/02\/2380.jpg","contentUrl":"https:\/\/stafit.ee\/wp-content\/uploads\/2023\/02\/2380.jpg","width":1200,"height":1200},{"@type":"BreadcrumbList","@id":"https:\/\/stafit.ee\/ru\/tovar\/%d0%ba%d0%b8%d1%81%d1%82%d1%8c-%d0%bc%d0%b0%d0%bb%d1%8f%d1%80%d0%bd%d0%b0%d1%8f-%d0%b4%d0%bb%d1%8f-%d1%80%d0%b0%d0%b1%d0%be%d1%82-%d0%bf%d0%be-%d0%b4%d0%b5%d1%80%d0%b5%d0%b2%d1%83-40-43-15%d0%bc%d0%bc\/#breadcrumb","itemListElement":[{"@type":"ListItem","position":1,"name":"Home","item":"https:\/\/stafit.ee\/ru\/"},{"@type":"ListItem","position":2,"name":"\u041c\u0430\u0433\u0430\u0437\u0438\u043d","item":"https:\/\/stafit.ee\/ru\/pood\/"},{"@type":"ListItem","position":3,"name":"\u041a\u0438\u0441\u0442\u044c \u043c\u0430\u043b\u044f\u0440\u043d\u0430\u044f \u0434\u043b\u044f \u0440\u0430\u0431\u043e\u0442 \u043f\u043e \u0434\u0435\u0440\u0435\u0432\u0443 40\/43\/15\u043c\u043c"}]},{"@type":"WebSite","@id":"https:\/\/stafit.ee\/#website","url":"https:\/\/stafit.ee\/","name":"Stafit O\u00dc","description":"T\u00f6\u00f6riete ja ohutusvahendite jae ja hulgim\u00fc\u00fck","potentialAction":[{"@type":"SearchAction","target":{"@type":"EntryPoint","urlTemplate":"https:\/\/stafit.ee\/?s={search_term_string}"},"query-input":{"@type":"PropertyValueSpecification","valueRequired":true,"valueName":"search_term_string"}}],"inLanguage":"ru-RU"}]}},"brands":[],"_links":{"self":[{"href":"https:\/\/stafit.ee\/ru\/wp-json\/wp\/v2\/product\/54842","targetHints":{"allow":["GET"]}}],"collection":[{"href":"https:\/\/stafit.ee\/ru\/wp-json\/wp\/v2\/product"}],"about":[{"href":"https:\/\/stafit.ee\/ru\/wp-json\/wp\/v2\/types\/product"}],"wp:featuredmedia":[{"embeddable":true,"href":"https:\/\/stafit.ee\/ru\/wp-json\/wp\/v2\/media\/54832"}],"wp:attachment":[{"href":"https:\/\/stafit.ee\/ru\/wp-json\/wp\/v2\/media?parent=54842"}],"wp:term":[{"taxonomy":"pwb-brand","embeddable":true,"href":"https:\/\/stafit.ee\/ru\/wp-json\/wp\/v2\/pwb-brand?post=54842"},{"taxonomy":"product_brand","embeddable":true,"href":"https:\/\/stafit.ee\/ru\/wp-json\/wp\/v2\/product_brand?post=54842"},{"taxonomy":"product_cat","embeddable":true,"href":"https:\/\/stafit.ee\/ru\/wp-json\/wp\/v2\/product_cat?post=54842"},{"taxonomy":"product_tag","embeddable":true,"href":"https:\/\/stafit.ee\/ru\/wp-json\/wp\/v2\/product_tag?post=54842"}],"curies":[{"name":"wp","href":"https:\/\/api.w.org\/{rel}","templated":true}]}}