{"id":53873,"date":"2023-01-30T09:41:36","date_gmt":"2023-01-30T07:41:36","guid":{"rendered":"https:\/\/stafit.ee\/toode\/%d1%81%d1%80%d0%b5%d0%b4%d1%81%d1%82%d0%b2%d0%be-%d0%b4%d0%bb%d1%8f-%d0%bc%d1%8b%d1%82%d1%8c%d1%8f-%d0%bf%d0%be%d1%81%d1%83%d0%b4%d1%8b-fairy-5%d0%bb\/"},"modified":"2026-04-08T18:20:14","modified_gmt":"2026-04-08T15:20:14","slug":"%d1%81%d1%80%d0%b5%d0%b4%d1%81%d1%82%d0%b2%d0%be-%d0%b4%d0%bb%d1%8f-%d0%bc%d1%8b%d1%82%d1%8c%d1%8f-%d0%bf%d0%be%d1%81%d1%83%d0%b4%d1%8b-fairy-5%d0%bb","status":"publish","type":"product","link":"https:\/\/stafit.ee\/ru\/tovar\/%d1%81%d1%80%d0%b5%d0%b4%d1%81%d1%82%d0%b2%d0%be-%d0%b4%d0%bb%d1%8f-%d0%bc%d1%8b%d1%82%d1%8c%d1%8f-%d0%bf%d0%be%d1%81%d1%83%d0%b4%d1%8b-fairy-5%d0%bb\/","title":{"rendered":"\u0421\u0440\u0435\u0434\u0441\u0442\u0432\u043e \u0434\u043b\u044f \u043c\u044b\u0442\u044c\u044f \u043f\u043e\u0441\u0443\u0434\u044b FAIRY 5\u043b"},"content":{"rendered":"","protected":false},"excerpt":{"rendered":"","protected":false},"featured_media":53871,"template":"","meta":[],"pwb-brand":[],"product_brand":[],"product_cat":[2313],"product_tag":[],"class_list":{"0":"post-53873","1":"product","2":"type-product","3":"status-publish","4":"has-post-thumbnail","6":"product_cat-2313","8":"first","9":"instock","10":"taxable","11":"shipping-taxable","12":"purchasable","13":"product-type-simple"},"yoast_head":"<!-- This site is optimized with the Yoast SEO plugin v27.0 - https:\/\/yoast.com\/product\/yoast-seo-wordpress\/ -->\n<title>\u0421\u0440\u0435\u0434\u0441\u0442\u0432\u043e \u0434\u043b\u044f \u043c\u044b\u0442\u044c\u044f \u043f\u043e\u0441\u0443\u0434\u044b FAIRY 5\u043b - Stafit O\u00dc<\/title>\n<meta name=\"robots\" content=\"index, follow, max-snippet:-1, max-image-preview:large, max-video-preview:-1\" \/>\n<link rel=\"canonical\" href=\"https:\/\/stafit.ee\/ru\/tovar\/\u0441\u0440\u0435\u0434\u0441\u0442\u0432\u043e-\u0434\u043b\u044f-\u043c\u044b\u0442\u044c\u044f-\u043f\u043e\u0441\u0443\u0434\u044b-fairy-5\u043b\/\" \/>\n<meta property=\"og:locale\" content=\"ru_RU\" \/>\n<meta property=\"og:type\" content=\"article\" \/>\n<meta property=\"og:title\" content=\"\u0421\u0440\u0435\u0434\u0441\u0442\u0432\u043e \u0434\u043b\u044f \u043c\u044b\u0442\u044c\u044f \u043f\u043e\u0441\u0443\u0434\u044b FAIRY 5\u043b - Stafit O\u00dc\" \/>\n<meta property=\"og:url\" content=\"https:\/\/stafit.ee\/ru\/tovar\/\u0441\u0440\u0435\u0434\u0441\u0442\u0432\u043e-\u0434\u043b\u044f-\u043c\u044b\u0442\u044c\u044f-\u043f\u043e\u0441\u0443\u0434\u044b-fairy-5\u043b\/\" \/>\n<meta property=\"og:site_name\" content=\"Stafit O\u00dc\" \/>\n<meta property=\"article:modified_time\" content=\"2026-04-08T15:20:14+00:00\" \/>\n<meta property=\"og:image\" content=\"https:\/\/stafit.ee\/wp-content\/uploads\/2023\/01\/fairy-lemon-5l.jpg\" \/>\n\t<meta property=\"og:image:width\" content=\"900\" \/>\n\t<meta property=\"og:image:height\" content=\"900\" \/>\n\t<meta property=\"og:image:type\" content=\"image\/jpeg\" \/>\n<meta name=\"twitter:card\" content=\"summary_large_image\" \/>\n<script type=\"application\/ld+json\" class=\"yoast-schema-graph\">{\"@context\":\"https:\/\/schema.org\",\"@graph\":[{\"@type\":\"WebPage\",\"@id\":\"https:\/\/stafit.ee\/ru\/tovar\/%d1%81%d1%80%d0%b5%d0%b4%d1%81%d1%82%d0%b2%d0%be-%d0%b4%d0%bb%d1%8f-%d0%bc%d1%8b%d1%82%d1%8c%d1%8f-%d0%bf%d0%be%d1%81%d1%83%d0%b4%d1%8b-fairy-5%d0%bb\/\",\"url\":\"https:\/\/stafit.ee\/ru\/tovar\/%d1%81%d1%80%d0%b5%d0%b4%d1%81%d1%82%d0%b2%d0%be-%d0%b4%d0%bb%d1%8f-%d0%bc%d1%8b%d1%82%d1%8c%d1%8f-%d0%bf%d0%be%d1%81%d1%83%d0%b4%d1%8b-fairy-5%d0%bb\/\",\"name\":\"\u0421\u0440\u0435\u0434\u0441\u0442\u0432\u043e \u0434\u043b\u044f \u043c\u044b\u0442\u044c\u044f \u043f\u043e\u0441\u0443\u0434\u044b FAIRY 5\u043b - Stafit O\u00dc\",\"isPartOf\":{\"@id\":\"https:\/\/stafit.ee\/#website\"},\"primaryImageOfPage\":{\"@id\":\"https:\/\/stafit.ee\/ru\/tovar\/%d1%81%d1%80%d0%b5%d0%b4%d1%81%d1%82%d0%b2%d0%be-%d0%b4%d0%bb%d1%8f-%d0%bc%d1%8b%d1%82%d1%8c%d1%8f-%d0%bf%d0%be%d1%81%d1%83%d0%b4%d1%8b-fairy-5%d0%bb\/#primaryimage\"},\"image\":{\"@id\":\"https:\/\/stafit.ee\/ru\/tovar\/%d1%81%d1%80%d0%b5%d0%b4%d1%81%d1%82%d0%b2%d0%be-%d0%b4%d0%bb%d1%8f-%d0%bc%d1%8b%d1%82%d1%8c%d1%8f-%d0%bf%d0%be%d1%81%d1%83%d0%b4%d1%8b-fairy-5%d0%bb\/#primaryimage\"},\"thumbnailUrl\":\"https:\/\/stafit.ee\/wp-content\/uploads\/2023\/01\/fairy-lemon-5l.jpg\",\"datePublished\":\"2023-01-30T07:41:36+00:00\",\"dateModified\":\"2026-04-08T15:20:14+00:00\",\"breadcrumb\":{\"@id\":\"https:\/\/stafit.ee\/ru\/tovar\/%d1%81%d1%80%d0%b5%d0%b4%d1%81%d1%82%d0%b2%d0%be-%d0%b4%d0%bb%d1%8f-%d0%bc%d1%8b%d1%82%d1%8c%d1%8f-%d0%bf%d0%be%d1%81%d1%83%d0%b4%d1%8b-fairy-5%d0%bb\/#breadcrumb\"},\"inLanguage\":\"ru-RU\",\"potentialAction\":[{\"@type\":\"ReadAction\",\"target\":[\"https:\/\/stafit.ee\/ru\/tovar\/%d1%81%d1%80%d0%b5%d0%b4%d1%81%d1%82%d0%b2%d0%be-%d0%b4%d0%bb%d1%8f-%d0%bc%d1%8b%d1%82%d1%8c%d1%8f-%d0%bf%d0%be%d1%81%d1%83%d0%b4%d1%8b-fairy-5%d0%bb\/\"]}]},{\"@type\":\"ImageObject\",\"inLanguage\":\"ru-RU\",\"@id\":\"https:\/\/stafit.ee\/ru\/tovar\/%d1%81%d1%80%d0%b5%d0%b4%d1%81%d1%82%d0%b2%d0%be-%d0%b4%d0%bb%d1%8f-%d0%bc%d1%8b%d1%82%d1%8c%d1%8f-%d0%bf%d0%be%d1%81%d1%83%d0%b4%d1%8b-fairy-5%d0%bb\/#primaryimage\",\"url\":\"https:\/\/stafit.ee\/wp-content\/uploads\/2023\/01\/fairy-lemon-5l.jpg\",\"contentUrl\":\"https:\/\/stafit.ee\/wp-content\/uploads\/2023\/01\/fairy-lemon-5l.jpg\",\"width\":900,\"height\":900},{\"@type\":\"BreadcrumbList\",\"@id\":\"https:\/\/stafit.ee\/ru\/tovar\/%d1%81%d1%80%d0%b5%d0%b4%d1%81%d1%82%d0%b2%d0%be-%d0%b4%d0%bb%d1%8f-%d0%bc%d1%8b%d1%82%d1%8c%d1%8f-%d0%bf%d0%be%d1%81%d1%83%d0%b4%d1%8b-fairy-5%d0%bb\/#breadcrumb\",\"itemListElement\":[{\"@type\":\"ListItem\",\"position\":1,\"name\":\"Home\",\"item\":\"https:\/\/stafit.ee\/ru\/\"},{\"@type\":\"ListItem\",\"position\":2,\"name\":\"\u041c\u0430\u0433\u0430\u0437\u0438\u043d\",\"item\":\"https:\/\/stafit.ee\/ru\/pood\/\"},{\"@type\":\"ListItem\",\"position\":3,\"name\":\"\u0421\u0440\u0435\u0434\u0441\u0442\u0432\u043e \u0434\u043b\u044f \u043c\u044b\u0442\u044c\u044f \u043f\u043e\u0441\u0443\u0434\u044b FAIRY 5\u043b\"}]},{\"@type\":\"WebSite\",\"@id\":\"https:\/\/stafit.ee\/#website\",\"url\":\"https:\/\/stafit.ee\/\",\"name\":\"Stafit O\u00dc\",\"description\":\"T\u00f6\u00f6riete ja ohutusvahendite jae ja hulgim\u00fc\u00fck\",\"potentialAction\":[{\"@type\":\"SearchAction\",\"target\":{\"@type\":\"EntryPoint\",\"urlTemplate\":\"https:\/\/stafit.ee\/?s={search_term_string}\"},\"query-input\":{\"@type\":\"PropertyValueSpecification\",\"valueRequired\":true,\"valueName\":\"search_term_string\"}}],\"inLanguage\":\"ru-RU\"}]}<\/script>\n<!-- \/ Yoast SEO plugin. -->","yoast_head_json":{"title":"\u0421\u0440\u0435\u0434\u0441\u0442\u0432\u043e \u0434\u043b\u044f \u043c\u044b\u0442\u044c\u044f \u043f\u043e\u0441\u0443\u0434\u044b FAIRY 5\u043b - Stafit O\u00dc","robots":{"index":"index","follow":"follow","max-snippet":"max-snippet:-1","max-image-preview":"max-image-preview:large","max-video-preview":"max-video-preview:-1"},"canonical":"https:\/\/stafit.ee\/ru\/tovar\/\u0441\u0440\u0435\u0434\u0441\u0442\u0432\u043e-\u0434\u043b\u044f-\u043c\u044b\u0442\u044c\u044f-\u043f\u043e\u0441\u0443\u0434\u044b-fairy-5\u043b\/","og_locale":"ru_RU","og_type":"article","og_title":"\u0421\u0440\u0435\u0434\u0441\u0442\u0432\u043e \u0434\u043b\u044f \u043c\u044b\u0442\u044c\u044f \u043f\u043e\u0441\u0443\u0434\u044b FAIRY 5\u043b - Stafit O\u00dc","og_url":"https:\/\/stafit.ee\/ru\/tovar\/\u0441\u0440\u0435\u0434\u0441\u0442\u0432\u043e-\u0434\u043b\u044f-\u043c\u044b\u0442\u044c\u044f-\u043f\u043e\u0441\u0443\u0434\u044b-fairy-5\u043b\/","og_site_name":"Stafit O\u00dc","article_modified_time":"2026-04-08T15:20:14+00:00","og_image":[{"width":900,"height":900,"url":"https:\/\/stafit.ee\/wp-content\/uploads\/2023\/01\/fairy-lemon-5l.jpg","type":"image\/jpeg"}],"twitter_card":"summary_large_image","schema":{"@context":"https:\/\/schema.org","@graph":[{"@type":"WebPage","@id":"https:\/\/stafit.ee\/ru\/tovar\/%d1%81%d1%80%d0%b5%d0%b4%d1%81%d1%82%d0%b2%d0%be-%d0%b4%d0%bb%d1%8f-%d0%bc%d1%8b%d1%82%d1%8c%d1%8f-%d0%bf%d0%be%d1%81%d1%83%d0%b4%d1%8b-fairy-5%d0%bb\/","url":"https:\/\/stafit.ee\/ru\/tovar\/%d1%81%d1%80%d0%b5%d0%b4%d1%81%d1%82%d0%b2%d0%be-%d0%b4%d0%bb%d1%8f-%d0%bc%d1%8b%d1%82%d1%8c%d1%8f-%d0%bf%d0%be%d1%81%d1%83%d0%b4%d1%8b-fairy-5%d0%bb\/","name":"\u0421\u0440\u0435\u0434\u0441\u0442\u0432\u043e \u0434\u043b\u044f \u043c\u044b\u0442\u044c\u044f \u043f\u043e\u0441\u0443\u0434\u044b FAIRY 5\u043b - Stafit O\u00dc","isPartOf":{"@id":"https:\/\/stafit.ee\/#website"},"primaryImageOfPage":{"@id":"https:\/\/stafit.ee\/ru\/tovar\/%d1%81%d1%80%d0%b5%d0%b4%d1%81%d1%82%d0%b2%d0%be-%d0%b4%d0%bb%d1%8f-%d0%bc%d1%8b%d1%82%d1%8c%d1%8f-%d0%bf%d0%be%d1%81%d1%83%d0%b4%d1%8b-fairy-5%d0%bb\/#primaryimage"},"image":{"@id":"https:\/\/stafit.ee\/ru\/tovar\/%d1%81%d1%80%d0%b5%d0%b4%d1%81%d1%82%d0%b2%d0%be-%d0%b4%d0%bb%d1%8f-%d0%bc%d1%8b%d1%82%d1%8c%d1%8f-%d0%bf%d0%be%d1%81%d1%83%d0%b4%d1%8b-fairy-5%d0%bb\/#primaryimage"},"thumbnailUrl":"https:\/\/stafit.ee\/wp-content\/uploads\/2023\/01\/fairy-lemon-5l.jpg","datePublished":"2023-01-30T07:41:36+00:00","dateModified":"2026-04-08T15:20:14+00:00","breadcrumb":{"@id":"https:\/\/stafit.ee\/ru\/tovar\/%d1%81%d1%80%d0%b5%d0%b4%d1%81%d1%82%d0%b2%d0%be-%d0%b4%d0%bb%d1%8f-%d0%bc%d1%8b%d1%82%d1%8c%d1%8f-%d0%bf%d0%be%d1%81%d1%83%d0%b4%d1%8b-fairy-5%d0%bb\/#breadcrumb"},"inLanguage":"ru-RU","potentialAction":[{"@type":"ReadAction","target":["https:\/\/stafit.ee\/ru\/tovar\/%d1%81%d1%80%d0%b5%d0%b4%d1%81%d1%82%d0%b2%d0%be-%d0%b4%d0%bb%d1%8f-%d0%bc%d1%8b%d1%82%d1%8c%d1%8f-%d0%bf%d0%be%d1%81%d1%83%d0%b4%d1%8b-fairy-5%d0%bb\/"]}]},{"@type":"ImageObject","inLanguage":"ru-RU","@id":"https:\/\/stafit.ee\/ru\/tovar\/%d1%81%d1%80%d0%b5%d0%b4%d1%81%d1%82%d0%b2%d0%be-%d0%b4%d0%bb%d1%8f-%d0%bc%d1%8b%d1%82%d1%8c%d1%8f-%d0%bf%d0%be%d1%81%d1%83%d0%b4%d1%8b-fairy-5%d0%bb\/#primaryimage","url":"https:\/\/stafit.ee\/wp-content\/uploads\/2023\/01\/fairy-lemon-5l.jpg","contentUrl":"https:\/\/stafit.ee\/wp-content\/uploads\/2023\/01\/fairy-lemon-5l.jpg","width":900,"height":900},{"@type":"BreadcrumbList","@id":"https:\/\/stafit.ee\/ru\/tovar\/%d1%81%d1%80%d0%b5%d0%b4%d1%81%d1%82%d0%b2%d0%be-%d0%b4%d0%bb%d1%8f-%d0%bc%d1%8b%d1%82%d1%8c%d1%8f-%d0%bf%d0%be%d1%81%d1%83%d0%b4%d1%8b-fairy-5%d0%bb\/#breadcrumb","itemListElement":[{"@type":"ListItem","position":1,"name":"Home","item":"https:\/\/stafit.ee\/ru\/"},{"@type":"ListItem","position":2,"name":"\u041c\u0430\u0433\u0430\u0437\u0438\u043d","item":"https:\/\/stafit.ee\/ru\/pood\/"},{"@type":"ListItem","position":3,"name":"\u0421\u0440\u0435\u0434\u0441\u0442\u0432\u043e \u0434\u043b\u044f \u043c\u044b\u0442\u044c\u044f \u043f\u043e\u0441\u0443\u0434\u044b FAIRY 5\u043b"}]},{"@type":"WebSite","@id":"https:\/\/stafit.ee\/#website","url":"https:\/\/stafit.ee\/","name":"Stafit O\u00dc","description":"T\u00f6\u00f6riete ja ohutusvahendite jae ja hulgim\u00fc\u00fck","potentialAction":[{"@type":"SearchAction","target":{"@type":"EntryPoint","urlTemplate":"https:\/\/stafit.ee\/?s={search_term_string}"},"query-input":{"@type":"PropertyValueSpecification","valueRequired":true,"valueName":"search_term_string"}}],"inLanguage":"ru-RU"}]}},"brands":[],"_links":{"self":[{"href":"https:\/\/stafit.ee\/ru\/wp-json\/wp\/v2\/product\/53873","targetHints":{"allow":["GET"]}}],"collection":[{"href":"https:\/\/stafit.ee\/ru\/wp-json\/wp\/v2\/product"}],"about":[{"href":"https:\/\/stafit.ee\/ru\/wp-json\/wp\/v2\/types\/product"}],"wp:featuredmedia":[{"embeddable":true,"href":"https:\/\/stafit.ee\/ru\/wp-json\/wp\/v2\/media\/53871"}],"wp:attachment":[{"href":"https:\/\/stafit.ee\/ru\/wp-json\/wp\/v2\/media?parent=53873"}],"wp:term":[{"taxonomy":"pwb-brand","embeddable":true,"href":"https:\/\/stafit.ee\/ru\/wp-json\/wp\/v2\/pwb-brand?post=53873"},{"taxonomy":"product_brand","embeddable":true,"href":"https:\/\/stafit.ee\/ru\/wp-json\/wp\/v2\/product_brand?post=53873"},{"taxonomy":"product_cat","embeddable":true,"href":"https:\/\/stafit.ee\/ru\/wp-json\/wp\/v2\/product_cat?post=53873"},{"taxonomy":"product_tag","embeddable":true,"href":"https:\/\/stafit.ee\/ru\/wp-json\/wp\/v2\/product_tag?post=53873"}],"curies":[{"name":"wp","href":"https:\/\/api.w.org\/{rel}","templated":true}]}}