{"id":53256,"date":"2022-11-23T14:07:49","date_gmt":"2022-11-23T12:07:49","guid":{"rendered":"https:\/\/stafit.ee\/toode\/%d0%b4%d0%b5%d1%80%d0%b6%d0%b0%d1%82%d0%b5%d0%bb%d1%8c-%d0%b4%d0%bb%d1%8f-id-%d0%ba%d0%b0%d1%80%d1%82%d1%8b-l-brador-5005p\/"},"modified":"2026-04-08T18:15:35","modified_gmt":"2026-04-08T15:15:35","slug":"%d0%b4%d0%b5%d1%80%d0%b6%d0%b0%d1%82%d0%b5%d0%bb%d1%8c-%d0%b4%d0%bb%d1%8f-id-%d0%ba%d0%b0%d1%80%d1%82%d1%8b-l-brador-5005p","status":"publish","type":"product","link":"https:\/\/stafit.ee\/ru\/tovar\/%d0%b4%d0%b5%d1%80%d0%b6%d0%b0%d1%82%d0%b5%d0%bb%d1%8c-%d0%b4%d0%bb%d1%8f-id-%d0%ba%d0%b0%d1%80%d1%82%d1%8b-l-brador-5005p\/","title":{"rendered":"\u0414\u0435\u0440\u0436\u0430\u0442\u0435\u043b\u044c \u0434\u043b\u044f ID \u043a\u0430\u0440\u0442\u044b L.Brador 5005P"},"content":{"rendered":"<p>\u0424\u0443\u0442\u043b\u044f\u0440 \u0434\u043b\u044f ID \u043a\u0430\u0440\u0442\u044b \u0441 \u0442\u0440\u0435\u043c\u044f \u0440\u0430\u0437\u043d\u044b\u043c\u0438 \u043a\u0440\u0435\u043f\u043b\u0435\u043d\u0438\u044f\u043c\u0438: \u043b\u0435\u043d\u0442\u0430 \u0434\u043b\u044f \u0431\u0435\u0439\u0434\u0436\u0430, \u0431\u0440\u0435\u043b\u043e\u043a \u0434\u043b\u044f \u043a\u043b\u044e\u0447\u0435\u0439 \u0438 \u043a\u043b\u0438\u043f\u0441\u0430.<\/p>\n","protected":false},"excerpt":{"rendered":"<p>\u0424\u0443\u0442\u043b\u044f\u0440 \u0434\u043b\u044f ID \u043a\u0430\u0440\u0442\u044b \u0441 \u0442\u0440\u0435\u043c\u044f \u0440\u0430\u0437\u043d\u044b\u043c\u0438 \u043a\u0440\u0435\u043f\u043b\u0435\u043d\u0438\u044f\u043c\u0438: \u043b\u0435\u043d\u0442\u0430 \u0434\u043b\u044f \u0431\u0435\u0439\u0434\u0436\u0430, \u0431\u0440\u0435\u043b\u043e\u043a \u0434\u043b\u044f \u043a\u043b\u044e\u0447\u0435\u0439 \u0438 \u043a\u043b\u0438\u043f\u0441\u0430.<\/p>\n","protected":false},"featured_media":53253,"template":"","meta":[],"pwb-brand":[],"product_brand":[],"product_cat":[1305],"product_tag":[],"class_list":{"0":"post-53256","1":"product","2":"type-product","3":"status-publish","4":"has-post-thumbnail","6":"product_cat-prochie-tovary","8":"first","9":"instock","10":"taxable","11":"shipping-taxable","12":"purchasable","13":"product-type-simple"},"yoast_head":"<!-- This site is optimized with the Yoast SEO plugin v27.0 - https:\/\/yoast.com\/product\/yoast-seo-wordpress\/ -->\n<title>\u0414\u0435\u0440\u0436\u0430\u0442\u0435\u043b\u044c \u0434\u043b\u044f ID \u043a\u0430\u0440\u0442\u044b L.Brador 5005P - Stafit O\u00dc<\/title>\n<meta name=\"robots\" content=\"index, follow, max-snippet:-1, max-image-preview:large, max-video-preview:-1\" \/>\n<link rel=\"canonical\" href=\"https:\/\/stafit.ee\/ru\/tovar\/\u0434\u0435\u0440\u0436\u0430\u0442\u0435\u043b\u044c-\u0434\u043b\u044f-id-\u043a\u0430\u0440\u0442\u044b-l-brador-5005p\/\" \/>\n<meta property=\"og:locale\" content=\"ru_RU\" \/>\n<meta property=\"og:type\" content=\"article\" \/>\n<meta property=\"og:title\" content=\"\u0414\u0435\u0440\u0436\u0430\u0442\u0435\u043b\u044c \u0434\u043b\u044f ID \u043a\u0430\u0440\u0442\u044b L.Brador 5005P - Stafit O\u00dc\" \/>\n<meta property=\"og:description\" content=\"\u0424\u0443\u0442\u043b\u044f\u0440 \u0434\u043b\u044f ID \u043a\u0430\u0440\u0442\u044b \u0441 \u0442\u0440\u0435\u043c\u044f \u0440\u0430\u0437\u043d\u044b\u043c\u0438 \u043a\u0440\u0435\u043f\u043b\u0435\u043d\u0438\u044f\u043c\u0438: \u043b\u0435\u043d\u0442\u0430 \u0434\u043b\u044f \u0431\u0435\u0439\u0434\u0436\u0430, \u0431\u0440\u0435\u043b\u043e\u043a \u0434\u043b\u044f \u043a\u043b\u044e\u0447\u0435\u0439 \u0438 \u043a\u043b\u0438\u043f\u0441\u0430.\" \/>\n<meta property=\"og:url\" content=\"https:\/\/stafit.ee\/ru\/tovar\/\u0434\u0435\u0440\u0436\u0430\u0442\u0435\u043b\u044c-\u0434\u043b\u044f-id-\u043a\u0430\u0440\u0442\u044b-l-brador-5005p\/\" \/>\n<meta property=\"og:site_name\" content=\"Stafit O\u00dc\" \/>\n<meta property=\"article:modified_time\" content=\"2026-04-08T15:15:35+00:00\" \/>\n<meta property=\"og:image\" content=\"https:\/\/stafit.ee\/wp-content\/uploads\/2022\/11\/5005P.jpg\" \/>\n\t<meta property=\"og:image:width\" content=\"2000\" \/>\n\t<meta property=\"og:image:height\" content=\"2000\" \/>\n\t<meta property=\"og:image:type\" content=\"image\/jpeg\" \/>\n<meta name=\"twitter:card\" content=\"summary_large_image\" \/>\n<script type=\"application\/ld+json\" class=\"yoast-schema-graph\">{\"@context\":\"https:\/\/schema.org\",\"@graph\":[{\"@type\":\"WebPage\",\"@id\":\"https:\/\/stafit.ee\/ru\/tovar\/%d0%b4%d0%b5%d1%80%d0%b6%d0%b0%d1%82%d0%b5%d0%bb%d1%8c-%d0%b4%d0%bb%d1%8f-id-%d0%ba%d0%b0%d1%80%d1%82%d1%8b-l-brador-5005p\/\",\"url\":\"https:\/\/stafit.ee\/ru\/tovar\/%d0%b4%d0%b5%d1%80%d0%b6%d0%b0%d1%82%d0%b5%d0%bb%d1%8c-%d0%b4%d0%bb%d1%8f-id-%d0%ba%d0%b0%d1%80%d1%82%d1%8b-l-brador-5005p\/\",\"name\":\"\u0414\u0435\u0440\u0436\u0430\u0442\u0435\u043b\u044c \u0434\u043b\u044f ID \u043a\u0430\u0440\u0442\u044b L.Brador 5005P - Stafit O\u00dc\",\"isPartOf\":{\"@id\":\"https:\/\/stafit.ee\/#website\"},\"primaryImageOfPage\":{\"@id\":\"https:\/\/stafit.ee\/ru\/tovar\/%d0%b4%d0%b5%d1%80%d0%b6%d0%b0%d1%82%d0%b5%d0%bb%d1%8c-%d0%b4%d0%bb%d1%8f-id-%d0%ba%d0%b0%d1%80%d1%82%d1%8b-l-brador-5005p\/#primaryimage\"},\"image\":{\"@id\":\"https:\/\/stafit.ee\/ru\/tovar\/%d0%b4%d0%b5%d1%80%d0%b6%d0%b0%d1%82%d0%b5%d0%bb%d1%8c-%d0%b4%d0%bb%d1%8f-id-%d0%ba%d0%b0%d1%80%d1%82%d1%8b-l-brador-5005p\/#primaryimage\"},\"thumbnailUrl\":\"https:\/\/stafit.ee\/wp-content\/uploads\/2022\/11\/5005P.jpg\",\"datePublished\":\"2022-11-23T12:07:49+00:00\",\"dateModified\":\"2026-04-08T15:15:35+00:00\",\"breadcrumb\":{\"@id\":\"https:\/\/stafit.ee\/ru\/tovar\/%d0%b4%d0%b5%d1%80%d0%b6%d0%b0%d1%82%d0%b5%d0%bb%d1%8c-%d0%b4%d0%bb%d1%8f-id-%d0%ba%d0%b0%d1%80%d1%82%d1%8b-l-brador-5005p\/#breadcrumb\"},\"inLanguage\":\"ru-RU\",\"potentialAction\":[{\"@type\":\"ReadAction\",\"target\":[\"https:\/\/stafit.ee\/ru\/tovar\/%d0%b4%d0%b5%d1%80%d0%b6%d0%b0%d1%82%d0%b5%d0%bb%d1%8c-%d0%b4%d0%bb%d1%8f-id-%d0%ba%d0%b0%d1%80%d1%82%d1%8b-l-brador-5005p\/\"]}]},{\"@type\":\"ImageObject\",\"inLanguage\":\"ru-RU\",\"@id\":\"https:\/\/stafit.ee\/ru\/tovar\/%d0%b4%d0%b5%d1%80%d0%b6%d0%b0%d1%82%d0%b5%d0%bb%d1%8c-%d0%b4%d0%bb%d1%8f-id-%d0%ba%d0%b0%d1%80%d1%82%d1%8b-l-brador-5005p\/#primaryimage\",\"url\":\"https:\/\/stafit.ee\/wp-content\/uploads\/2022\/11\/5005P.jpg\",\"contentUrl\":\"https:\/\/stafit.ee\/wp-content\/uploads\/2022\/11\/5005P.jpg\",\"width\":2000,\"height\":2000},{\"@type\":\"BreadcrumbList\",\"@id\":\"https:\/\/stafit.ee\/ru\/tovar\/%d0%b4%d0%b5%d1%80%d0%b6%d0%b0%d1%82%d0%b5%d0%bb%d1%8c-%d0%b4%d0%bb%d1%8f-id-%d0%ba%d0%b0%d1%80%d1%82%d1%8b-l-brador-5005p\/#breadcrumb\",\"itemListElement\":[{\"@type\":\"ListItem\",\"position\":1,\"name\":\"Home\",\"item\":\"https:\/\/stafit.ee\/ru\/\"},{\"@type\":\"ListItem\",\"position\":2,\"name\":\"\u041c\u0430\u0433\u0430\u0437\u0438\u043d\",\"item\":\"https:\/\/stafit.ee\/ru\/pood\/\"},{\"@type\":\"ListItem\",\"position\":3,\"name\":\"\u0414\u0435\u0440\u0436\u0430\u0442\u0435\u043b\u044c \u0434\u043b\u044f ID \u043a\u0430\u0440\u0442\u044b L.Brador 5005P\"}]},{\"@type\":\"WebSite\",\"@id\":\"https:\/\/stafit.ee\/#website\",\"url\":\"https:\/\/stafit.ee\/\",\"name\":\"Stafit O\u00dc\",\"description\":\"T\u00f6\u00f6riete ja ohutusvahendite jae ja hulgim\u00fc\u00fck\",\"potentialAction\":[{\"@type\":\"SearchAction\",\"target\":{\"@type\":\"EntryPoint\",\"urlTemplate\":\"https:\/\/stafit.ee\/?s={search_term_string}\"},\"query-input\":{\"@type\":\"PropertyValueSpecification\",\"valueRequired\":true,\"valueName\":\"search_term_string\"}}],\"inLanguage\":\"ru-RU\"}]}<\/script>\n<!-- \/ Yoast SEO plugin. -->","yoast_head_json":{"title":"\u0414\u0435\u0440\u0436\u0430\u0442\u0435\u043b\u044c \u0434\u043b\u044f ID \u043a\u0430\u0440\u0442\u044b L.Brador 5005P - Stafit O\u00dc","robots":{"index":"index","follow":"follow","max-snippet":"max-snippet:-1","max-image-preview":"max-image-preview:large","max-video-preview":"max-video-preview:-1"},"canonical":"https:\/\/stafit.ee\/ru\/tovar\/\u0434\u0435\u0440\u0436\u0430\u0442\u0435\u043b\u044c-\u0434\u043b\u044f-id-\u043a\u0430\u0440\u0442\u044b-l-brador-5005p\/","og_locale":"ru_RU","og_type":"article","og_title":"\u0414\u0435\u0440\u0436\u0430\u0442\u0435\u043b\u044c \u0434\u043b\u044f ID \u043a\u0430\u0440\u0442\u044b L.Brador 5005P - Stafit O\u00dc","og_description":"\u0424\u0443\u0442\u043b\u044f\u0440 \u0434\u043b\u044f ID \u043a\u0430\u0440\u0442\u044b \u0441 \u0442\u0440\u0435\u043c\u044f \u0440\u0430\u0437\u043d\u044b\u043c\u0438 \u043a\u0440\u0435\u043f\u043b\u0435\u043d\u0438\u044f\u043c\u0438: \u043b\u0435\u043d\u0442\u0430 \u0434\u043b\u044f \u0431\u0435\u0439\u0434\u0436\u0430, \u0431\u0440\u0435\u043b\u043e\u043a \u0434\u043b\u044f \u043a\u043b\u044e\u0447\u0435\u0439 \u0438 \u043a\u043b\u0438\u043f\u0441\u0430.","og_url":"https:\/\/stafit.ee\/ru\/tovar\/\u0434\u0435\u0440\u0436\u0430\u0442\u0435\u043b\u044c-\u0434\u043b\u044f-id-\u043a\u0430\u0440\u0442\u044b-l-brador-5005p\/","og_site_name":"Stafit O\u00dc","article_modified_time":"2026-04-08T15:15:35+00:00","og_image":[{"width":2000,"height":2000,"url":"https:\/\/stafit.ee\/wp-content\/uploads\/2022\/11\/5005P.jpg","type":"image\/jpeg"}],"twitter_card":"summary_large_image","schema":{"@context":"https:\/\/schema.org","@graph":[{"@type":"WebPage","@id":"https:\/\/stafit.ee\/ru\/tovar\/%d0%b4%d0%b5%d1%80%d0%b6%d0%b0%d1%82%d0%b5%d0%bb%d1%8c-%d0%b4%d0%bb%d1%8f-id-%d0%ba%d0%b0%d1%80%d1%82%d1%8b-l-brador-5005p\/","url":"https:\/\/stafit.ee\/ru\/tovar\/%d0%b4%d0%b5%d1%80%d0%b6%d0%b0%d1%82%d0%b5%d0%bb%d1%8c-%d0%b4%d0%bb%d1%8f-id-%d0%ba%d0%b0%d1%80%d1%82%d1%8b-l-brador-5005p\/","name":"\u0414\u0435\u0440\u0436\u0430\u0442\u0435\u043b\u044c \u0434\u043b\u044f ID \u043a\u0430\u0440\u0442\u044b L.Brador 5005P - Stafit O\u00dc","isPartOf":{"@id":"https:\/\/stafit.ee\/#website"},"primaryImageOfPage":{"@id":"https:\/\/stafit.ee\/ru\/tovar\/%d0%b4%d0%b5%d1%80%d0%b6%d0%b0%d1%82%d0%b5%d0%bb%d1%8c-%d0%b4%d0%bb%d1%8f-id-%d0%ba%d0%b0%d1%80%d1%82%d1%8b-l-brador-5005p\/#primaryimage"},"image":{"@id":"https:\/\/stafit.ee\/ru\/tovar\/%d0%b4%d0%b5%d1%80%d0%b6%d0%b0%d1%82%d0%b5%d0%bb%d1%8c-%d0%b4%d0%bb%d1%8f-id-%d0%ba%d0%b0%d1%80%d1%82%d1%8b-l-brador-5005p\/#primaryimage"},"thumbnailUrl":"https:\/\/stafit.ee\/wp-content\/uploads\/2022\/11\/5005P.jpg","datePublished":"2022-11-23T12:07:49+00:00","dateModified":"2026-04-08T15:15:35+00:00","breadcrumb":{"@id":"https:\/\/stafit.ee\/ru\/tovar\/%d0%b4%d0%b5%d1%80%d0%b6%d0%b0%d1%82%d0%b5%d0%bb%d1%8c-%d0%b4%d0%bb%d1%8f-id-%d0%ba%d0%b0%d1%80%d1%82%d1%8b-l-brador-5005p\/#breadcrumb"},"inLanguage":"ru-RU","potentialAction":[{"@type":"ReadAction","target":["https:\/\/stafit.ee\/ru\/tovar\/%d0%b4%d0%b5%d1%80%d0%b6%d0%b0%d1%82%d0%b5%d0%bb%d1%8c-%d0%b4%d0%bb%d1%8f-id-%d0%ba%d0%b0%d1%80%d1%82%d1%8b-l-brador-5005p\/"]}]},{"@type":"ImageObject","inLanguage":"ru-RU","@id":"https:\/\/stafit.ee\/ru\/tovar\/%d0%b4%d0%b5%d1%80%d0%b6%d0%b0%d1%82%d0%b5%d0%bb%d1%8c-%d0%b4%d0%bb%d1%8f-id-%d0%ba%d0%b0%d1%80%d1%82%d1%8b-l-brador-5005p\/#primaryimage","url":"https:\/\/stafit.ee\/wp-content\/uploads\/2022\/11\/5005P.jpg","contentUrl":"https:\/\/stafit.ee\/wp-content\/uploads\/2022\/11\/5005P.jpg","width":2000,"height":2000},{"@type":"BreadcrumbList","@id":"https:\/\/stafit.ee\/ru\/tovar\/%d0%b4%d0%b5%d1%80%d0%b6%d0%b0%d1%82%d0%b5%d0%bb%d1%8c-%d0%b4%d0%bb%d1%8f-id-%d0%ba%d0%b0%d1%80%d1%82%d1%8b-l-brador-5005p\/#breadcrumb","itemListElement":[{"@type":"ListItem","position":1,"name":"Home","item":"https:\/\/stafit.ee\/ru\/"},{"@type":"ListItem","position":2,"name":"\u041c\u0430\u0433\u0430\u0437\u0438\u043d","item":"https:\/\/stafit.ee\/ru\/pood\/"},{"@type":"ListItem","position":3,"name":"\u0414\u0435\u0440\u0436\u0430\u0442\u0435\u043b\u044c \u0434\u043b\u044f ID \u043a\u0430\u0440\u0442\u044b L.Brador 5005P"}]},{"@type":"WebSite","@id":"https:\/\/stafit.ee\/#website","url":"https:\/\/stafit.ee\/","name":"Stafit O\u00dc","description":"T\u00f6\u00f6riete ja ohutusvahendite jae ja hulgim\u00fc\u00fck","potentialAction":[{"@type":"SearchAction","target":{"@type":"EntryPoint","urlTemplate":"https:\/\/stafit.ee\/?s={search_term_string}"},"query-input":{"@type":"PropertyValueSpecification","valueRequired":true,"valueName":"search_term_string"}}],"inLanguage":"ru-RU"}]}},"brands":[],"_links":{"self":[{"href":"https:\/\/stafit.ee\/ru\/wp-json\/wp\/v2\/product\/53256","targetHints":{"allow":["GET"]}}],"collection":[{"href":"https:\/\/stafit.ee\/ru\/wp-json\/wp\/v2\/product"}],"about":[{"href":"https:\/\/stafit.ee\/ru\/wp-json\/wp\/v2\/types\/product"}],"wp:featuredmedia":[{"embeddable":true,"href":"https:\/\/stafit.ee\/ru\/wp-json\/wp\/v2\/media\/53253"}],"wp:attachment":[{"href":"https:\/\/stafit.ee\/ru\/wp-json\/wp\/v2\/media?parent=53256"}],"wp:term":[{"taxonomy":"pwb-brand","embeddable":true,"href":"https:\/\/stafit.ee\/ru\/wp-json\/wp\/v2\/pwb-brand?post=53256"},{"taxonomy":"product_brand","embeddable":true,"href":"https:\/\/stafit.ee\/ru\/wp-json\/wp\/v2\/product_brand?post=53256"},{"taxonomy":"product_cat","embeddable":true,"href":"https:\/\/stafit.ee\/ru\/wp-json\/wp\/v2\/product_cat?post=53256"},{"taxonomy":"product_tag","embeddable":true,"href":"https:\/\/stafit.ee\/ru\/wp-json\/wp\/v2\/product_tag?post=53256"}],"curies":[{"name":"wp","href":"https:\/\/api.w.org\/{rel}","templated":true}]}}