{"id":52059,"date":"2022-11-09T04:06:43","date_gmt":"2022-11-09T02:06:43","guid":{"rendered":"https:\/\/stafit.ee\/toode\/%d0%be%d0%b3%d0%bd%d0%b5%d1%81%d1%82%d0%be%d0%b9%d0%ba%d0%b8%d0%b9-%d0%b0%d0%bd%d1%82%d0%b8%d1%81%d1%82%d0%b0%d1%82%d0%b8%d1%87%d0%b5%d1%81%d0%ba%d0%b8%d0%b9-%d0%b6%d0%b8%d0%bb%d0%b5%d1%82-garnich\/"},"modified":"2026-04-08T18:28:12","modified_gmt":"2026-04-08T15:28:12","slug":"%d0%be%d0%b3%d0%bd%d0%b5%d1%81%d1%82%d0%be%d0%b9%d0%ba%d0%b8%d0%b9-%d0%b0%d0%bd%d1%82%d0%b8%d1%81%d1%82%d0%b0%d1%82%d0%b8%d1%87%d0%b5%d1%81%d0%ba%d0%b8%d0%b9-%d0%b6%d0%b8%d0%bb%d0%b5%d1%82-garnich","status":"publish","type":"product","link":"https:\/\/stafit.ee\/ru\/tovar\/%d0%be%d0%b3%d0%bd%d0%b5%d1%81%d1%82%d0%be%d0%b9%d0%ba%d0%b8%d0%b9-%d0%b0%d0%bd%d1%82%d0%b8%d1%81%d1%82%d0%b0%d1%82%d0%b8%d1%87%d0%b5%d1%81%d0%ba%d0%b8%d0%b9-%d0%b6%d0%b8%d0%bb%d0%b5%d1%82-garnich\/","title":{"rendered":"\u041e\u0433\u043d\u0435\u0441\u0442\u043e\u0439\u043a\u0438\u0439 \u0430\u043d\u0442\u0438\u0441\u0442\u0430\u0442\u0438\u0447\u0435\u0441\u043a\u0438\u0439 \u0436\u0438\u043b\u0435\u0442 GARNICH"},"content":{"rendered":"<p>\u0422\u0451\u043f\u043b\u044b\u0439, \u0443\u0434\u043e\u0431\u043d\u044b\u0439 \u0438 \u0434\u044b\u0448\u0430\u0449\u0438\u0439 \u0436\u0438\u043b\u0435\u0442 Garnich \u0441\u043e \u0441\u0432\u0435\u0442\u043e\u043e\u0442\u0440\u0430\u0436\u0430\u044e\u0449\u0435\u0439 \u043e\u0433\u043d\u0435\u0443\u043f\u043e\u0440\u043d\u043e\u0439 \u043b\u0435\u043d\u0442\u043e\u0439 \u043d\u0430 \u0433\u0440\u0443\u0434\u0438. \u0416\u0438\u043b\u0435\u0442 \u0438\u0437\u0433\u043e\u0442\u043e\u0432\u043b\u0435\u043d \u0438\u0437 \u0432\u043e\u0434\u043e\u043d\u0435\u043f\u0440\u043e\u043d\u0438\u0446\u0430\u0435\u043c\u043e\u0439 \u0442\u043a\u0430\u043d\u0438 Siopor\u00ae \u0438 \u043b\u0435\u0433\u043a\u043e \u043f\u0440\u0438\u0441\u0442\u0451\u0433\u0438\u0432\u0430\u0435\u0442\u0441\u044f \u0432\u043d\u0443\u0442\u0440\u044c \u0434\u0440\u0443\u0433\u043e\u0439 \u043a\u0443\u0440\u0442\u043a\u0438.<\/p>\n<p><strong>\u0422\u043a\u0430\u043d\u044c<\/strong>:<br \/>\nSiopor\u00ae Fr Ast: \u0442\u043a\u0430\u043d\u044c \u0438\u0437 100% \u043f\u043e\u043b\u0438\u044d\u0441\u0442\u0435\u0440\u0430 \u0441\u043e 100% \u043e\u0433\u043d\u0435\u0441\u0442\u043e\u0439\u043a\u0438\u043c \u043f\u043e\u043b\u0438\u0443\u0440\u0435\u0442\u0430\u043d\u043e\u0432\u044b\u043c \u043f\u043e\u043a\u0440\u044b\u0442\u0438\u0435\u043c + AST; \u00b1 250 \u0433\/\u043c\u00b2<\/p>\n<p><strong>\u0421\u043e\u043e\u0442\u0432\u0435\u0442\u0441\u0442\u0432\u0443\u0435\u0442 \u0435\u0432\u0440\u043e\u043f\u0435\u0439\u0441\u043a\u0438\u043c \u0441\u0442\u0430\u043d\u0434\u0430\u0440\u0442\u0430\u043c<\/strong><br \/>\nEN ISO 14116:2015\/\u0412\u043d\u0435\u0448\u043d\u0438\u0439:IND.1-\u0412\u043d\u0443\u0442\u0440\u0435\u043d\u043d\u0438\u0439:IND.3<br \/>\n\u0415\u041d 1149-5:2018<br \/>\nEN 13034:2005+A1:2009 \u0422\u0438\u043f PB [6]\nEN 14058:2017\/\u041a\u043b\u0430\u0441\u0441 3 3 \u0445 \u0445<br \/>\n\u0415\u041d \u0418\u0421\u041e 13688:2013<\/p>\n<p><img loading=\"lazy\" decoding=\"async\" class=\"alignnone wp-image-52047\" src=\"https:\/\/stafit.ee\/wp-content\/uploads\/2022\/11\/Garnich-standards.jpg\" alt=\"\" width=\"334\" height=\"120\" srcset=\"https:\/\/stafit.ee\/wp-content\/uploads\/2022\/11\/Garnich-standards.jpg 367w, https:\/\/stafit.ee\/wp-content\/uploads\/2022\/11\/Garnich-standards-64x23.jpg 64w\" sizes=\"auto, (max-width: 334px) 100vw, 334px\" \/><\/p>\n<p>\u0412\u043e\u0440\u043e\u0442\u043d\u0438\u043a-\u0441\u0442\u043e\u0439\u043a\u0430<br \/>\n\u0417\u0430\u0441\u0442\u0451\u0436\u043a\u0430-\u043c\u043e\u043b\u043d\u0438\u044f<br \/>\n2 \u043d\u0430\u043a\u043b\u0430\u0434\u043d\u044b\u0445 \u043a\u0430\u0440\u043c\u0430\u043d\u0430 \u0441 \u043a\u043b\u0430\u043f\u0430\u043d\u043e\u043c \u043d\u0430 \u043b\u0438\u043f\u0443\u0447\u043a\u0435<br \/>\n2 \u043f\u0435\u0442\u043b\u0438 \u0434\u043b\u044f \u043a\u0440\u0435\u043f\u043b\u0435\u043d\u0438\u044f \u0434\u0435\u0442\u0435\u043a\u0442\u043e\u0440\u043e\u0432 \u0433\u0430\u0437\u0430<br \/>\n\u0411\u0435\u0437 \u0440\u0443\u043a\u0430\u0432\u043e\u0432<br \/>\n\u0420\u0435\u0433\u0443\u043b\u0438\u0440\u043e\u0432\u043a\u0430 \u043d\u0438\u0436\u043d\u0435\u0433\u043e \u043a\u0440\u0430\u044f \u0436\u0438\u043b\u0435\u0442\u0430 \u043f\u0440\u0438 \u043f\u043e\u043c\u043e\u0449\u0438 \u044d\u043b\u0430\u0441\u0442\u0438\u0447\u043d\u043e\u0433\u043e \u0448\u043d\u0443\u0440\u043a\u0430<br \/>\n\u041e\u0433\u043d\u0435\u0441\u0442\u043e\u0439\u043a\u0430\u044f \u0441\u0432\u0435\u0442\u043e\u043e\u0442\u0440\u0430\u0436\u0430\u044e\u0449\u0430\u044f \u043b\u0435\u043d\u0442\u0430 (50 \u043c\u043c)<br \/>\n\u0414\u043b\u0438\u043d\u0430 \u043f\u043e \u0441\u043f\u0438\u043d\u043a\u0435 75 \u0441\u043c (\u0440\u0430\u0437\u043c\u0435\u0440 L)<br \/>\n\u0424\u0438\u043a\u0441\u0438\u0440\u043e\u0432\u0430\u043d\u043d\u0430\u044f \u0441\u0442\u0451\u0433\u0430\u043d\u0430\u044f \u043f\u043e\u0434\u043a\u043b\u0430\u0434\u043a\u0430 \u0438\u0437 \u043e\u0433\u043d\u0435\u0441\u0442\u043e\u0439\u043a\u043e\u0433\u043e \u0445\u043b\u043e\u043f\u043a\u0430<br \/>\n1 \u0432\u043d\u0443\u0442\u0440\u0435\u043d\u043d\u0438\u0439 \u043a\u0430\u0440\u043c\u0430\u043d<\/p>\n","protected":false},"excerpt":{"rendered":"<p>\u0422\u0451\u043f\u043b\u044b\u0439, \u0443\u0434\u043e\u0431\u043d\u044b\u0439 \u0438 \u0434\u044b\u0448\u0430\u0449\u0438\u0439 \u0436\u0438\u043b\u0435\u0442 Garnich \u0441\u043e \u0441\u0432\u0435\u0442\u043e\u043e\u0442\u0440\u0430\u0436\u0430\u044e\u0449\u0435\u0439 \u043e\u0433\u043d\u0435\u0443\u043f\u043e\u0440\u043d\u043e\u0439 \u043b\u0435\u043d\u0442\u043e\u0439 \u043d\u0430 \u0433\u0440\u0443\u0434\u0438. \u0416\u0438\u043b\u0435\u0442 \u0438\u0437\u0433\u043e\u0442\u043e\u0432\u043b\u0435\u043d \u0438\u0437 \u0432\u043e\u0434\u043e\u043d\u0435\u043f\u0440\u043e\u043d\u0438\u0446\u0430\u0435\u043c\u043e\u0439 \u0442\u043a\u0430\u043d\u0438 Siopor\u00ae \u0438 \u043b\u0435\u0433\u043a\u043e \u043f\u0440\u0438\u0441\u0442\u0451\u0433\u0438\u0432\u0430\u0435\u0442\u0441\u044f \u0432\u043d\u0443\u0442\u0440\u044c \u0434\u0440\u0443\u0433\u043e\u0439 \u043a\u0443\u0440\u0442\u043a\u0438. \u0422\u043a\u0430\u043d\u044c: Siopor\u00ae Fr Ast: \u0442\u043a\u0430\u043d\u044c \u0438\u0437 100% \u043f\u043e\u043b\u0438\u044d\u0441\u0442\u0435\u0440\u0430 \u0441\u043e 100% \u043e\u0433\u043d\u0435\u0441\u0442\u043e\u0439\u043a\u0438\u043c \u043f\u043e\u043b\u0438\u0443\u0440\u0435\u0442\u0430\u043d\u043e\u0432\u044b\u043c \u043f\u043e\u043a\u0440\u044b\u0442\u0438\u0435\u043c + AST; \u00b1 250 \u0433\/\u043c\u00b2 \u0421\u043e\u043e\u0442\u0432\u0435\u0442\u0441\u0442\u0432\u0443\u0435\u0442 \u0435\u0432\u0440\u043e\u043f\u0435\u0439\u0441\u043a\u0438\u043c \u0441\u0442\u0430\u043d\u0434\u0430\u0440\u0442\u0430\u043c EN ISO 14116:2015\/\u0412\u043d\u0435\u0448\u043d\u0438\u0439:IND.1-\u0412\u043d\u0443\u0442\u0440\u0435\u043d\u043d\u0438\u0439:IND.3 \u0415\u041d 1149-5:2018 EN 13034:2005+A1:2009 \u0422\u0438\u043f PB [6]&#8230;<\/p>\n","protected":false},"featured_media":52038,"template":"","meta":[],"pwb-brand":[330],"product_brand":[],"product_cat":[1518],"product_tag":[],"class_list":{"0":"post-52059","1":"product","2":"type-product","3":"status-publish","4":"has-post-thumbnail","6":"pwb-brand-sioen","7":"product_cat--multinorm","9":"first","10":"instock","11":"taxable","12":"shipping-taxable","13":"purchasable","14":"product-type-variable"},"yoast_head":"<!-- This site is optimized with the Yoast SEO plugin v27.0 - https:\/\/yoast.com\/product\/yoast-seo-wordpress\/ -->\n<title>\u041e\u0433\u043d\u0435\u0441\u0442\u043e\u0439\u043a\u0438\u0439 \u0430\u043d\u0442\u0438\u0441\u0442\u0430\u0442\u0438\u0447\u0435\u0441\u043a\u0438\u0439 \u0436\u0438\u043b\u0435\u0442 GARNICH - Stafit O\u00dc<\/title>\n<meta name=\"robots\" content=\"index, follow, max-snippet:-1, max-image-preview:large, max-video-preview:-1\" \/>\n<link rel=\"canonical\" href=\"https:\/\/stafit.ee\/ru\/tovar\/\u043e\u0433\u043d\u0435\u0441\u0442\u043e\u0439\u043a\u0438\u0439-\u0430\u043d\u0442\u0438\u0441\u0442\u0430\u0442\u0438\u0447\u0435\u0441\u043a\u0438\u0439-\u0436\u0438\u043b\u0435\u0442-garnich\/\" \/>\n<meta property=\"og:locale\" content=\"ru_RU\" \/>\n<meta property=\"og:type\" content=\"article\" \/>\n<meta property=\"og:title\" content=\"\u041e\u0433\u043d\u0435\u0441\u0442\u043e\u0439\u043a\u0438\u0439 \u0430\u043d\u0442\u0438\u0441\u0442\u0430\u0442\u0438\u0447\u0435\u0441\u043a\u0438\u0439 \u0436\u0438\u043b\u0435\u0442 GARNICH - Stafit O\u00dc\" \/>\n<meta property=\"og:description\" content=\"\u0422\u0451\u043f\u043b\u044b\u0439, \u0443\u0434\u043e\u0431\u043d\u044b\u0439 \u0438 \u0434\u044b\u0448\u0430\u0449\u0438\u0439 \u0436\u0438\u043b\u0435\u0442 Garnich \u0441\u043e \u0441\u0432\u0435\u0442\u043e\u043e\u0442\u0440\u0430\u0436\u0430\u044e\u0449\u0435\u0439 \u043e\u0433\u043d\u0435\u0443\u043f\u043e\u0440\u043d\u043e\u0439 \u043b\u0435\u043d\u0442\u043e\u0439 \u043d\u0430 \u0433\u0440\u0443\u0434\u0438. \u0416\u0438\u043b\u0435\u0442 \u0438\u0437\u0433\u043e\u0442\u043e\u0432\u043b\u0435\u043d \u0438\u0437 \u0432\u043e\u0434\u043e\u043d\u0435\u043f\u0440\u043e\u043d\u0438\u0446\u0430\u0435\u043c\u043e\u0439 \u0442\u043a\u0430\u043d\u0438 Siopor\u00ae \u0438 \u043b\u0435\u0433\u043a\u043e \u043f\u0440\u0438\u0441\u0442\u0451\u0433\u0438\u0432\u0430\u0435\u0442\u0441\u044f \u0432\u043d\u0443\u0442\u0440\u044c \u0434\u0440\u0443\u0433\u043e\u0439 \u043a\u0443\u0440\u0442\u043a\u0438. \u0422\u043a\u0430\u043d\u044c: Siopor\u00ae Fr Ast: \u0442\u043a\u0430\u043d\u044c \u0438\u0437 100% \u043f\u043e\u043b\u0438\u044d\u0441\u0442\u0435\u0440\u0430 \u0441\u043e 100% \u043e\u0433\u043d\u0435\u0441\u0442\u043e\u0439\u043a\u0438\u043c \u043f\u043e\u043b\u0438\u0443\u0440\u0435\u0442\u0430\u043d\u043e\u0432\u044b\u043c \u043f\u043e\u043a\u0440\u044b\u0442\u0438\u0435\u043c + AST; \u00b1 250 \u0433\/\u043c\u00b2 \u0421\u043e\u043e\u0442\u0432\u0435\u0442\u0441\u0442\u0432\u0443\u0435\u0442 \u0435\u0432\u0440\u043e\u043f\u0435\u0439\u0441\u043a\u0438\u043c \u0441\u0442\u0430\u043d\u0434\u0430\u0440\u0442\u0430\u043c EN ISO 14116:2015\/\u0412\u043d\u0435\u0448\u043d\u0438\u0439:IND.1-\u0412\u043d\u0443\u0442\u0440\u0435\u043d\u043d\u0438\u0439:IND.3 \u0415\u041d 1149-5:2018 EN 13034:2005+A1:2009 \u0422\u0438\u043f PB [6]...\" \/>\n<meta property=\"og:url\" content=\"https:\/\/stafit.ee\/ru\/tovar\/\u043e\u0433\u043d\u0435\u0441\u0442\u043e\u0439\u043a\u0438\u0439-\u0430\u043d\u0442\u0438\u0441\u0442\u0430\u0442\u0438\u0447\u0435\u0441\u043a\u0438\u0439-\u0436\u0438\u043b\u0435\u0442-garnich\/\" \/>\n<meta property=\"og:site_name\" content=\"Stafit O\u00dc\" \/>\n<meta property=\"article:modified_time\" content=\"2026-04-08T15:28:12+00:00\" \/>\n<meta property=\"og:image\" content=\"https:\/\/stafit.ee\/wp-content\/uploads\/2022\/11\/garnich-1.jpg\" \/>\n\t<meta property=\"og:image:width\" content=\"850\" \/>\n\t<meta property=\"og:image:height\" content=\"850\" \/>\n\t<meta property=\"og:image:type\" content=\"image\/jpeg\" \/>\n<meta name=\"twitter:card\" content=\"summary_large_image\" \/>\n<script type=\"application\/ld+json\" class=\"yoast-schema-graph\">{\"@context\":\"https:\/\/schema.org\",\"@graph\":[{\"@type\":\"WebPage\",\"@id\":\"https:\/\/stafit.ee\/ru\/tovar\/%d0%be%d0%b3%d0%bd%d0%b5%d1%81%d1%82%d0%be%d0%b9%d0%ba%d0%b8%d0%b9-%d0%b0%d0%bd%d1%82%d0%b8%d1%81%d1%82%d0%b0%d1%82%d0%b8%d1%87%d0%b5%d1%81%d0%ba%d0%b8%d0%b9-%d0%b6%d0%b8%d0%bb%d0%b5%d1%82-garnich\/\",\"url\":\"https:\/\/stafit.ee\/ru\/tovar\/%d0%be%d0%b3%d0%bd%d0%b5%d1%81%d1%82%d0%be%d0%b9%d0%ba%d0%b8%d0%b9-%d0%b0%d0%bd%d1%82%d0%b8%d1%81%d1%82%d0%b0%d1%82%d0%b8%d1%87%d0%b5%d1%81%d0%ba%d0%b8%d0%b9-%d0%b6%d0%b8%d0%bb%d0%b5%d1%82-garnich\/\",\"name\":\"\u041e\u0433\u043d\u0435\u0441\u0442\u043e\u0439\u043a\u0438\u0439 \u0430\u043d\u0442\u0438\u0441\u0442\u0430\u0442\u0438\u0447\u0435\u0441\u043a\u0438\u0439 \u0436\u0438\u043b\u0435\u0442 GARNICH - Stafit O\u00dc\",\"isPartOf\":{\"@id\":\"https:\/\/stafit.ee\/#website\"},\"primaryImageOfPage\":{\"@id\":\"https:\/\/stafit.ee\/ru\/tovar\/%d0%be%d0%b3%d0%bd%d0%b5%d1%81%d1%82%d0%be%d0%b9%d0%ba%d0%b8%d0%b9-%d0%b0%d0%bd%d1%82%d0%b8%d1%81%d1%82%d0%b0%d1%82%d0%b8%d1%87%d0%b5%d1%81%d0%ba%d0%b8%d0%b9-%d0%b6%d0%b8%d0%bb%d0%b5%d1%82-garnich\/#primaryimage\"},\"image\":{\"@id\":\"https:\/\/stafit.ee\/ru\/tovar\/%d0%be%d0%b3%d0%bd%d0%b5%d1%81%d1%82%d0%be%d0%b9%d0%ba%d0%b8%d0%b9-%d0%b0%d0%bd%d1%82%d0%b8%d1%81%d1%82%d0%b0%d1%82%d0%b8%d1%87%d0%b5%d1%81%d0%ba%d0%b8%d0%b9-%d0%b6%d0%b8%d0%bb%d0%b5%d1%82-garnich\/#primaryimage\"},\"thumbnailUrl\":\"https:\/\/stafit.ee\/wp-content\/uploads\/2022\/11\/garnich-1.jpg\",\"datePublished\":\"2022-11-09T02:06:43+00:00\",\"dateModified\":\"2026-04-08T15:28:12+00:00\",\"breadcrumb\":{\"@id\":\"https:\/\/stafit.ee\/ru\/tovar\/%d0%be%d0%b3%d0%bd%d0%b5%d1%81%d1%82%d0%be%d0%b9%d0%ba%d0%b8%d0%b9-%d0%b0%d0%bd%d1%82%d0%b8%d1%81%d1%82%d0%b0%d1%82%d0%b8%d1%87%d0%b5%d1%81%d0%ba%d0%b8%d0%b9-%d0%b6%d0%b8%d0%bb%d0%b5%d1%82-garnich\/#breadcrumb\"},\"inLanguage\":\"ru-RU\",\"potentialAction\":[{\"@type\":\"ReadAction\",\"target\":[\"https:\/\/stafit.ee\/ru\/tovar\/%d0%be%d0%b3%d0%bd%d0%b5%d1%81%d1%82%d0%be%d0%b9%d0%ba%d0%b8%d0%b9-%d0%b0%d0%bd%d1%82%d0%b8%d1%81%d1%82%d0%b0%d1%82%d0%b8%d1%87%d0%b5%d1%81%d0%ba%d0%b8%d0%b9-%d0%b6%d0%b8%d0%bb%d0%b5%d1%82-garnich\/\"]}]},{\"@type\":\"ImageObject\",\"inLanguage\":\"ru-RU\",\"@id\":\"https:\/\/stafit.ee\/ru\/tovar\/%d0%be%d0%b3%d0%bd%d0%b5%d1%81%d1%82%d0%be%d0%b9%d0%ba%d0%b8%d0%b9-%d0%b0%d0%bd%d1%82%d0%b8%d1%81%d1%82%d0%b0%d1%82%d0%b8%d1%87%d0%b5%d1%81%d0%ba%d0%b8%d0%b9-%d0%b6%d0%b8%d0%bb%d0%b5%d1%82-garnich\/#primaryimage\",\"url\":\"https:\/\/stafit.ee\/wp-content\/uploads\/2022\/11\/garnich-1.jpg\",\"contentUrl\":\"https:\/\/stafit.ee\/wp-content\/uploads\/2022\/11\/garnich-1.jpg\",\"width\":850,\"height\":850},{\"@type\":\"BreadcrumbList\",\"@id\":\"https:\/\/stafit.ee\/ru\/tovar\/%d0%be%d0%b3%d0%bd%d0%b5%d1%81%d1%82%d0%be%d0%b9%d0%ba%d0%b8%d0%b9-%d0%b0%d0%bd%d1%82%d0%b8%d1%81%d1%82%d0%b0%d1%82%d0%b8%d1%87%d0%b5%d1%81%d0%ba%d0%b8%d0%b9-%d0%b6%d0%b8%d0%bb%d0%b5%d1%82-garnich\/#breadcrumb\",\"itemListElement\":[{\"@type\":\"ListItem\",\"position\":1,\"name\":\"Home\",\"item\":\"https:\/\/stafit.ee\/ru\/\"},{\"@type\":\"ListItem\",\"position\":2,\"name\":\"\u041c\u0430\u0433\u0430\u0437\u0438\u043d\",\"item\":\"https:\/\/stafit.ee\/ru\/pood\/\"},{\"@type\":\"ListItem\",\"position\":3,\"name\":\"\u041e\u0433\u043d\u0435\u0441\u0442\u043e\u0439\u043a\u0438\u0439 \u0430\u043d\u0442\u0438\u0441\u0442\u0430\u0442\u0438\u0447\u0435\u0441\u043a\u0438\u0439 \u0436\u0438\u043b\u0435\u0442 GARNICH\"}]},{\"@type\":\"WebSite\",\"@id\":\"https:\/\/stafit.ee\/#website\",\"url\":\"https:\/\/stafit.ee\/\",\"name\":\"Stafit O\u00dc\",\"description\":\"T\u00f6\u00f6riete ja ohutusvahendite jae ja hulgim\u00fc\u00fck\",\"potentialAction\":[{\"@type\":\"SearchAction\",\"target\":{\"@type\":\"EntryPoint\",\"urlTemplate\":\"https:\/\/stafit.ee\/?s={search_term_string}\"},\"query-input\":{\"@type\":\"PropertyValueSpecification\",\"valueRequired\":true,\"valueName\":\"search_term_string\"}}],\"inLanguage\":\"ru-RU\"}]}<\/script>\n<!-- \/ Yoast SEO plugin. -->","yoast_head_json":{"title":"\u041e\u0433\u043d\u0435\u0441\u0442\u043e\u0439\u043a\u0438\u0439 \u0430\u043d\u0442\u0438\u0441\u0442\u0430\u0442\u0438\u0447\u0435\u0441\u043a\u0438\u0439 \u0436\u0438\u043b\u0435\u0442 GARNICH - Stafit O\u00dc","robots":{"index":"index","follow":"follow","max-snippet":"max-snippet:-1","max-image-preview":"max-image-preview:large","max-video-preview":"max-video-preview:-1"},"canonical":"https:\/\/stafit.ee\/ru\/tovar\/\u043e\u0433\u043d\u0435\u0441\u0442\u043e\u0439\u043a\u0438\u0439-\u0430\u043d\u0442\u0438\u0441\u0442\u0430\u0442\u0438\u0447\u0435\u0441\u043a\u0438\u0439-\u0436\u0438\u043b\u0435\u0442-garnich\/","og_locale":"ru_RU","og_type":"article","og_title":"\u041e\u0433\u043d\u0435\u0441\u0442\u043e\u0439\u043a\u0438\u0439 \u0430\u043d\u0442\u0438\u0441\u0442\u0430\u0442\u0438\u0447\u0435\u0441\u043a\u0438\u0439 \u0436\u0438\u043b\u0435\u0442 GARNICH - Stafit O\u00dc","og_description":"\u0422\u0451\u043f\u043b\u044b\u0439, \u0443\u0434\u043e\u0431\u043d\u044b\u0439 \u0438 \u0434\u044b\u0448\u0430\u0449\u0438\u0439 \u0436\u0438\u043b\u0435\u0442 Garnich \u0441\u043e \u0441\u0432\u0435\u0442\u043e\u043e\u0442\u0440\u0430\u0436\u0430\u044e\u0449\u0435\u0439 \u043e\u0433\u043d\u0435\u0443\u043f\u043e\u0440\u043d\u043e\u0439 \u043b\u0435\u043d\u0442\u043e\u0439 \u043d\u0430 \u0433\u0440\u0443\u0434\u0438. \u0416\u0438\u043b\u0435\u0442 \u0438\u0437\u0433\u043e\u0442\u043e\u0432\u043b\u0435\u043d \u0438\u0437 \u0432\u043e\u0434\u043e\u043d\u0435\u043f\u0440\u043e\u043d\u0438\u0446\u0430\u0435\u043c\u043e\u0439 \u0442\u043a\u0430\u043d\u0438 Siopor\u00ae \u0438 \u043b\u0435\u0433\u043a\u043e \u043f\u0440\u0438\u0441\u0442\u0451\u0433\u0438\u0432\u0430\u0435\u0442\u0441\u044f \u0432\u043d\u0443\u0442\u0440\u044c \u0434\u0440\u0443\u0433\u043e\u0439 \u043a\u0443\u0440\u0442\u043a\u0438. \u0422\u043a\u0430\u043d\u044c: Siopor\u00ae Fr Ast: \u0442\u043a\u0430\u043d\u044c \u0438\u0437 100% \u043f\u043e\u043b\u0438\u044d\u0441\u0442\u0435\u0440\u0430 \u0441\u043e 100% \u043e\u0433\u043d\u0435\u0441\u0442\u043e\u0439\u043a\u0438\u043c \u043f\u043e\u043b\u0438\u0443\u0440\u0435\u0442\u0430\u043d\u043e\u0432\u044b\u043c \u043f\u043e\u043a\u0440\u044b\u0442\u0438\u0435\u043c + AST; \u00b1 250 \u0433\/\u043c\u00b2 \u0421\u043e\u043e\u0442\u0432\u0435\u0442\u0441\u0442\u0432\u0443\u0435\u0442 \u0435\u0432\u0440\u043e\u043f\u0435\u0439\u0441\u043a\u0438\u043c \u0441\u0442\u0430\u043d\u0434\u0430\u0440\u0442\u0430\u043c EN ISO 14116:2015\/\u0412\u043d\u0435\u0448\u043d\u0438\u0439:IND.1-\u0412\u043d\u0443\u0442\u0440\u0435\u043d\u043d\u0438\u0439:IND.3 \u0415\u041d 1149-5:2018 EN 13034:2005+A1:2009 \u0422\u0438\u043f PB [6]...","og_url":"https:\/\/stafit.ee\/ru\/tovar\/\u043e\u0433\u043d\u0435\u0441\u0442\u043e\u0439\u043a\u0438\u0439-\u0430\u043d\u0442\u0438\u0441\u0442\u0430\u0442\u0438\u0447\u0435\u0441\u043a\u0438\u0439-\u0436\u0438\u043b\u0435\u0442-garnich\/","og_site_name":"Stafit O\u00dc","article_modified_time":"2026-04-08T15:28:12+00:00","og_image":[{"width":850,"height":850,"url":"https:\/\/stafit.ee\/wp-content\/uploads\/2022\/11\/garnich-1.jpg","type":"image\/jpeg"}],"twitter_card":"summary_large_image","schema":{"@context":"https:\/\/schema.org","@graph":[{"@type":"WebPage","@id":"https:\/\/stafit.ee\/ru\/tovar\/%d0%be%d0%b3%d0%bd%d0%b5%d1%81%d1%82%d0%be%d0%b9%d0%ba%d0%b8%d0%b9-%d0%b0%d0%bd%d1%82%d0%b8%d1%81%d1%82%d0%b0%d1%82%d0%b8%d1%87%d0%b5%d1%81%d0%ba%d0%b8%d0%b9-%d0%b6%d0%b8%d0%bb%d0%b5%d1%82-garnich\/","url":"https:\/\/stafit.ee\/ru\/tovar\/%d0%be%d0%b3%d0%bd%d0%b5%d1%81%d1%82%d0%be%d0%b9%d0%ba%d0%b8%d0%b9-%d0%b0%d0%bd%d1%82%d0%b8%d1%81%d1%82%d0%b0%d1%82%d0%b8%d1%87%d0%b5%d1%81%d0%ba%d0%b8%d0%b9-%d0%b6%d0%b8%d0%bb%d0%b5%d1%82-garnich\/","name":"\u041e\u0433\u043d\u0435\u0441\u0442\u043e\u0439\u043a\u0438\u0439 \u0430\u043d\u0442\u0438\u0441\u0442\u0430\u0442\u0438\u0447\u0435\u0441\u043a\u0438\u0439 \u0436\u0438\u043b\u0435\u0442 GARNICH - Stafit O\u00dc","isPartOf":{"@id":"https:\/\/stafit.ee\/#website"},"primaryImageOfPage":{"@id":"https:\/\/stafit.ee\/ru\/tovar\/%d0%be%d0%b3%d0%bd%d0%b5%d1%81%d1%82%d0%be%d0%b9%d0%ba%d0%b8%d0%b9-%d0%b0%d0%bd%d1%82%d0%b8%d1%81%d1%82%d0%b0%d1%82%d0%b8%d1%87%d0%b5%d1%81%d0%ba%d0%b8%d0%b9-%d0%b6%d0%b8%d0%bb%d0%b5%d1%82-garnich\/#primaryimage"},"image":{"@id":"https:\/\/stafit.ee\/ru\/tovar\/%d0%be%d0%b3%d0%bd%d0%b5%d1%81%d1%82%d0%be%d0%b9%d0%ba%d0%b8%d0%b9-%d0%b0%d0%bd%d1%82%d0%b8%d1%81%d1%82%d0%b0%d1%82%d0%b8%d1%87%d0%b5%d1%81%d0%ba%d0%b8%d0%b9-%d0%b6%d0%b8%d0%bb%d0%b5%d1%82-garnich\/#primaryimage"},"thumbnailUrl":"https:\/\/stafit.ee\/wp-content\/uploads\/2022\/11\/garnich-1.jpg","datePublished":"2022-11-09T02:06:43+00:00","dateModified":"2026-04-08T15:28:12+00:00","breadcrumb":{"@id":"https:\/\/stafit.ee\/ru\/tovar\/%d0%be%d0%b3%d0%bd%d0%b5%d1%81%d1%82%d0%be%d0%b9%d0%ba%d0%b8%d0%b9-%d0%b0%d0%bd%d1%82%d0%b8%d1%81%d1%82%d0%b0%d1%82%d0%b8%d1%87%d0%b5%d1%81%d0%ba%d0%b8%d0%b9-%d0%b6%d0%b8%d0%bb%d0%b5%d1%82-garnich\/#breadcrumb"},"inLanguage":"ru-RU","potentialAction":[{"@type":"ReadAction","target":["https:\/\/stafit.ee\/ru\/tovar\/%d0%be%d0%b3%d0%bd%d0%b5%d1%81%d1%82%d0%be%d0%b9%d0%ba%d0%b8%d0%b9-%d0%b0%d0%bd%d1%82%d0%b8%d1%81%d1%82%d0%b0%d1%82%d0%b8%d1%87%d0%b5%d1%81%d0%ba%d0%b8%d0%b9-%d0%b6%d0%b8%d0%bb%d0%b5%d1%82-garnich\/"]}]},{"@type":"ImageObject","inLanguage":"ru-RU","@id":"https:\/\/stafit.ee\/ru\/tovar\/%d0%be%d0%b3%d0%bd%d0%b5%d1%81%d1%82%d0%be%d0%b9%d0%ba%d0%b8%d0%b9-%d0%b0%d0%bd%d1%82%d0%b8%d1%81%d1%82%d0%b0%d1%82%d0%b8%d1%87%d0%b5%d1%81%d0%ba%d0%b8%d0%b9-%d0%b6%d0%b8%d0%bb%d0%b5%d1%82-garnich\/#primaryimage","url":"https:\/\/stafit.ee\/wp-content\/uploads\/2022\/11\/garnich-1.jpg","contentUrl":"https:\/\/stafit.ee\/wp-content\/uploads\/2022\/11\/garnich-1.jpg","width":850,"height":850},{"@type":"BreadcrumbList","@id":"https:\/\/stafit.ee\/ru\/tovar\/%d0%be%d0%b3%d0%bd%d0%b5%d1%81%d1%82%d0%be%d0%b9%d0%ba%d0%b8%d0%b9-%d0%b0%d0%bd%d1%82%d0%b8%d1%81%d1%82%d0%b0%d1%82%d0%b8%d1%87%d0%b5%d1%81%d0%ba%d0%b8%d0%b9-%d0%b6%d0%b8%d0%bb%d0%b5%d1%82-garnich\/#breadcrumb","itemListElement":[{"@type":"ListItem","position":1,"name":"Home","item":"https:\/\/stafit.ee\/ru\/"},{"@type":"ListItem","position":2,"name":"\u041c\u0430\u0433\u0430\u0437\u0438\u043d","item":"https:\/\/stafit.ee\/ru\/pood\/"},{"@type":"ListItem","position":3,"name":"\u041e\u0433\u043d\u0435\u0441\u0442\u043e\u0439\u043a\u0438\u0439 \u0430\u043d\u0442\u0438\u0441\u0442\u0430\u0442\u0438\u0447\u0435\u0441\u043a\u0438\u0439 \u0436\u0438\u043b\u0435\u0442 GARNICH"}]},{"@type":"WebSite","@id":"https:\/\/stafit.ee\/#website","url":"https:\/\/stafit.ee\/","name":"Stafit O\u00dc","description":"T\u00f6\u00f6riete ja ohutusvahendite jae ja hulgim\u00fc\u00fck","potentialAction":[{"@type":"SearchAction","target":{"@type":"EntryPoint","urlTemplate":"https:\/\/stafit.ee\/?s={search_term_string}"},"query-input":{"@type":"PropertyValueSpecification","valueRequired":true,"valueName":"search_term_string"}}],"inLanguage":"ru-RU"}]}},"brands":[{"id":330,"name":"Sioen","slug":"sioen"}],"_links":{"self":[{"href":"https:\/\/stafit.ee\/ru\/wp-json\/wp\/v2\/product\/52059","targetHints":{"allow":["GET"]}}],"collection":[{"href":"https:\/\/stafit.ee\/ru\/wp-json\/wp\/v2\/product"}],"about":[{"href":"https:\/\/stafit.ee\/ru\/wp-json\/wp\/v2\/types\/product"}],"wp:featuredmedia":[{"embeddable":true,"href":"https:\/\/stafit.ee\/ru\/wp-json\/wp\/v2\/media\/52038"}],"wp:attachment":[{"href":"https:\/\/stafit.ee\/ru\/wp-json\/wp\/v2\/media?parent=52059"}],"wp:term":[{"taxonomy":"pwb-brand","embeddable":true,"href":"https:\/\/stafit.ee\/ru\/wp-json\/wp\/v2\/pwb-brand?post=52059"},{"taxonomy":"product_brand","embeddable":true,"href":"https:\/\/stafit.ee\/ru\/wp-json\/wp\/v2\/product_brand?post=52059"},{"taxonomy":"product_cat","embeddable":true,"href":"https:\/\/stafit.ee\/ru\/wp-json\/wp\/v2\/product_cat?post=52059"},{"taxonomy":"product_tag","embeddable":true,"href":"https:\/\/stafit.ee\/ru\/wp-json\/wp\/v2\/product_tag?post=52059"}],"curies":[{"name":"wp","href":"https:\/\/api.w.org\/{rel}","templated":true}]}}