{"id":51708,"date":"2022-10-25T04:03:44","date_gmt":"2022-10-25T01:03:44","guid":{"rendered":"https:\/\/stafit.ee\/toode\/%d0%b3%d1%80%d0%b0%d1%84%d0%b8%d1%82%d0%be%d0%b2%d1%8b%d0%b9-%d0%ba%d0%b0%d1%80%d0%b0%d0%bd%d0%b4%d0%b0%d1%88-pica-dry\/"},"modified":"2026-04-08T18:20:25","modified_gmt":"2026-04-08T15:20:25","slug":"%d0%b3%d1%80%d0%b0%d1%84%d0%b8%d1%82%d0%be%d0%b2%d1%8b%d0%b9-%d0%ba%d0%b0%d1%80%d0%b0%d0%bd%d0%b4%d0%b0%d1%88-pica-dry","status":"publish","type":"product","link":"https:\/\/stafit.ee\/ru\/tovar\/%d0%b3%d1%80%d0%b0%d1%84%d0%b8%d1%82%d0%be%d0%b2%d1%8b%d0%b9-%d0%ba%d0%b0%d1%80%d0%b0%d0%bd%d0%b4%d0%b0%d1%88-pica-dry\/","title":{"rendered":"\u0413\u0440\u0430\u0444\u0438\u0442\u043e\u0432\u044b\u0439 \u043a\u0430\u0440\u0430\u043d\u0434\u0430\u0448 Pica Dry"},"content":{"rendered":"<ul>\n<li>\u0410\u0432\u0442\u043e\u043c\u0430\u0442\u0438\u0447\u0435\u0441\u043a\u0438\u0439 \u0441\u0442\u0440\u043e\u0438\u0442\u0435\u043b\u044c\u043d\u044b\u0439 \u043a\u0430\u0440\u0430\u043d\u0434\u0430\u0448 \u0434\u043b\u044f \u0441\u043c\u0435\u043d\u043d\u044b\u0445 \u0433\u0440\u0438\u0444\u0435\u043b\u0435\u0439 \u0434\u0438\u0430\u043c\u0435\u0442\u0440\u043e\u043c 2.8 \u043c\u043c.<\/li>\n<li>\u0423\u043d\u0438\u0432\u0435\u0440\u0441\u0430\u043b\u044c\u043d\u044b\u0439 \u0433\u0440\u0430\u0444\u0438\u0442\u043e\u0432\u044b\u0439 \u0433\u0440\u0438\u0444\u0435\u043b\u044c 2B \u043f\u0438\u0448\u0435\u0442 \u043d\u0430 \u0431\u043e\u043b\u044c\u0448\u0438\u043d\u0441\u0442\u0432\u0435 \u043f\u043e\u0432\u0435\u0440\u0445\u043d\u043e\u0441\u0442\u0435\u0439 \u2014 \u0441\u0443\u0445\u0438\u0445 \u0438 \u043c\u043e\u043a\u0440\u044b\u0445, \u0433\u043b\u044f\u043d\u0446\u0435\u0432\u044b\u0445 \u0438 \u043c\u0430\u0442\u043e\u0432\u044b\u0445, \u043f\u044b\u043b\u044c\u043d\u044b\u0445 \u0438 \u043c\u0430\u0441\u043b\u044f\u043d\u044b\u0445.<\/li>\n<li>\u0414\u043b\u044f \u043c\u0430\u0440\u043a\u0438\u0440\u043e\u0432\u043a\u0438 \u043d\u0430 \u041c\u0414\u0424, \u0431\u0435\u0442\u043e\u043d\u0435, \u0434\u0440\u0435\u0432\u0435\u0441\u0438\u043d\u0435, \u043a\u0430\u043c\u043d\u0435, \u043a\u0430\u0440\u0442\u043e\u043d\u0435, \u043a\u0435\u0440\u0430\u043c\u0438\u043a\u0435, \u043a\u0438\u0440\u043f\u0438\u0447\u0435, \u043c\u0435\u0442\u0430\u043b\u043b\u0435, \u043a\u043e\u0436\u0435, \u043f\u043b\u0430\u0441\u0442\u0438\u043a\u0435, \u0440\u0435\u0437\u0438\u043d\u0435, \u0440\u0436\u0430\u0432\u0447\u0438\u043d\u0435, \u0441\u0442\u0435\u043a\u043b\u0435.<\/li>\n<li>\u041f\u044b\u043b\u0435- \u0438 \u0432\u043b\u0430\u0433\u043e\u0437\u0430\u0449\u0438\u0449\u0435\u043d\u043d\u044b\u0439 \u043a\u043e\u0440\u043f\u0443\u0441 \u0441 \u0440\u0435\u043b\u044c\u0435\u0444\u043d\u044b\u043c\u0438 \u044d\u043b\u0435\u043c\u0435\u043d\u0442\u0430\u043c\u0438, \u043e\u0431\u043b\u0435\u0433\u0447\u0430\u044e\u0449\u0438\u043c\u0438 \u0440\u0430\u0431\u043e\u0442\u0443 \u0432 \u043f\u0435\u0440\u0447\u0430\u0442\u043a\u0430\u0445.<\/li>\n<li>\u0422\u043e\u043d\u043a\u0438\u0439 \u043d\u043e\u0441\u0438\u043a Longlife \u0438\u0437 \u043d\u0435\u0440\u0436\u0430\u0432\u0435\u044e\u0449\u0435\u0439 \u0441\u0442\u0430\u043b\u0438.<\/li>\n<li>\u0418\u043d\u043d\u043e\u0432\u0430\u0446\u0438\u043e\u043d\u043d\u044b\u0439 \u043c\u0435\u0445\u0430\u043d\u0438\u0437\u043c \u0430\u0432\u0442\u043e\u043f\u043e\u0434\u0430\u0447\u0438 \u0432 \u043a\u043e\u0440\u043f\u0443\u0441\u0435 \u0438\u0437 \u043d\u0435\u0440\u0436\u0430\u0432\u0435\u044e\u0449\u0435\u0439 \u0441\u0442\u0430\u043b\u0438, \u043e\u0431\u043d\u043e\u0432\u043b\u0435\u043d\u043d\u044b\u0439 \u043c\u0435\u0445\u0430\u043d\u0438\u0437\u043c \u0444\u0438\u043a\u0441\u0430\u0446\u0438\u0438 \u0433\u0440\u0438\u0444\u0435\u043b\u044f.<\/li>\n<li>\u0427\u0435\u0445\u043e\u043b-\u043a\u0440\u044b\u0448\u043a\u0430 \u0441\u043e \u0441\u043f\u0435\u0446\u0438\u0430\u043b\u044c\u043d\u043e\u0439 \u043a\u043b\u0438\u043f\u0441\u043e\u0439 \u0434\u043b\u044f \u0443\u0434\u043e\u0431\u043d\u043e\u0433\u043e \u043a\u0440\u0435\u043f\u043b\u0435\u043d\u0438\u044f \u043a \u0441\u043f\u0435\u0446\u043e\u0434\u0435\u0436\u0434\u0435 \u0438 \u0432\u0441\u0442\u0440\u043e\u0435\u043d\u043d\u043e\u0439 \u0442\u043e\u0447\u0438\u043b\u043a\u043e\u0439.<\/li>\n<li>\u0412 \u043a\u043e\u043c\u043f\u043b\u0435\u043a\u0442\u0435 \u043f\u043e\u0441\u0442\u0430\u0432\u043b\u044f\u0435\u0442\u0441\u044f \u0442\u0435\u043c\u043d\u043e-\u0441\u0435\u0440\u044b\u0439 \u0433\u0440\u0438\u0444\u0435\u043b\u044c.<br \/>\n\u0414\u043e\u043f\u043e\u043b\u043d\u0438\u0442\u0435\u043b\u044c\u043d\u044b\u0435 \u0433\u0440\u0438\u0444\u0435\u043b\u0438 \u043c\u043e\u0436\u043d\u043e \u043f\u0440\u0438\u043e\u0431\u0440\u0435\u0441\u0442\u0438 \u043e\u0442\u0434\u0435\u043b\u044c\u043d\u043e (<a href=\"https:\/\/stafit.ee\/ru\/tovar\/%d0%b3%d1%80%d0%b0%d1%84%d0%b8%d1%82%d0%be%d0%b2%d1%8b%d0%b9-%d0%b3%d1%80%d0%b8%d1%84%d0%b5%d0%bb%d1%8c-%d0%b4%d0%bb%d1%8f-%d0%ba%d0%b0%d1%80%d0%b0%d0%bd%d0%b4%d0%b0%d1%88%d0%b0-pica-dry-10-%d1%88\/\">\u0433\u0440\u0430\u0444\u0438\u0442\u043e\u0432\u044b\u0435 \u0433\u0440\u0430\u0444\u0438\u043b\u0438 10 \u0448\u0442. PC4030<\/a>, <a href=\"https:\/\/stafit.ee\/ru\/tovar\/%d1%80%d0%b0%d0%b7%d0%bd%d1%8b%d0%b5-%d0%b3%d1%80%d0%b8%d1%84%d0%b5%d0%bb%d0%b8-%d0%b4%d0%bb%d1%8f-%d0%ba%d0%b0%d1%80%d0%b0%d0%bd%d0%b4%d0%b0%d1%88%d0%b0-pica-dry-8-%d1%88%d1%82\/\">\u043a\u043e\u043c\u043f\u043b\u0435\u043a\u0442 \u0440\u0430\u0437\u043d\u044b\u0445 \u0433\u0440\u0438\u0444\u0435\u043b\u0435\u0439 8 \u0448\u0442. PC4020<\/a>).<\/li>\n<\/ul>\n","protected":false},"excerpt":{"rendered":"<p>\u0410\u0432\u0442\u043e\u043c\u0430\u0442\u0438\u0447\u0435\u0441\u043a\u0438\u0439 \u0441\u0442\u0440\u043e\u0438\u0442\u0435\u043b\u044c\u043d\u044b\u0439 \u043a\u0430\u0440\u0430\u043d\u0434\u0430\u0448 \u0434\u043b\u044f \u0441\u043c\u0435\u043d\u043d\u044b\u0445 \u0433\u0440\u0438\u0444\u0435\u043b\u0435\u0439 \u0434\u0438\u0430\u043c\u0435\u0442\u0440\u043e\u043c 2.8 \u043c\u043c. \u0423\u043d\u0438\u0432\u0435\u0440\u0441\u0430\u043b\u044c\u043d\u044b\u0439 \u0433\u0440\u0430\u0444\u0438\u0442\u043e\u0432\u044b\u0439 \u0433\u0440\u0438\u0444\u0435\u043b\u044c 2B \u043f\u0438\u0448\u0435\u0442 \u043d\u0430 \u0431\u043e\u043b\u044c\u0448\u0438\u043d\u0441\u0442\u0432\u0435 \u043f\u043e\u0432\u0435\u0440\u0445\u043d\u043e\u0441\u0442\u0435\u0439 \u2014 \u0441\u0443\u0445\u0438\u0445 \u0438 \u043c\u043e\u043a\u0440\u044b\u0445, \u0433\u043b\u044f\u043d\u0446\u0435\u0432\u044b\u0445 \u0438 \u043c\u0430\u0442\u043e\u0432\u044b\u0445, \u043f\u044b\u043b\u044c\u043d\u044b\u0445 \u0438 \u043c\u0430\u0441\u043b\u044f\u043d\u044b\u0445. \u0414\u043b\u044f \u043c\u0430\u0440\u043a\u0438\u0440\u043e\u0432\u043a\u0438 \u043d\u0430 \u041c\u0414\u0424, \u0431\u0435\u0442\u043e\u043d\u0435, \u0434\u0440\u0435\u0432\u0435\u0441\u0438\u043d\u0435, \u043a\u0430\u043c\u043d\u0435, \u043a\u0430\u0440\u0442\u043e\u043d\u0435, \u043a\u0435\u0440\u0430\u043c\u0438\u043a\u0435, \u043a\u0438\u0440\u043f\u0438\u0447\u0435, \u043c\u0435\u0442\u0430\u043b\u043b\u0435, \u043a\u043e\u0436\u0435, \u043f\u043b\u0430\u0441\u0442\u0438\u043a\u0435, \u0440\u0435\u0437\u0438\u043d\u0435, \u0440\u0436\u0430\u0432\u0447\u0438\u043d\u0435, \u0441\u0442\u0435\u043a\u043b\u0435. \u041f\u044b\u043b\u0435- \u0438 \u0432\u043b\u0430\u0433\u043e\u0437\u0430\u0449\u0438\u0449\u0435\u043d\u043d\u044b\u0439 \u043a\u043e\u0440\u043f\u0443\u0441 \u0441 \u0440\u0435\u043b\u044c\u0435\u0444\u043d\u044b\u043c\u0438 \u044d\u043b\u0435\u043c\u0435\u043d\u0442\u0430\u043c\u0438, \u043e\u0431\u043b\u0435\u0433\u0447\u0430\u044e\u0449\u0438\u043c\u0438 \u0440\u0430\u0431\u043e\u0442\u0443 \u0432 \u043f\u0435\u0440\u0447\u0430\u0442\u043a\u0430\u0445. \u0422\u043e\u043d\u043a\u0438\u0439&#8230;<\/p>\n","protected":false},"featured_media":51688,"template":"","meta":[],"pwb-brand":[],"product_brand":[],"product_cat":[2327],"product_tag":[],"class_list":{"0":"post-51708","1":"product","2":"type-product","3":"status-publish","4":"has-post-thumbnail","6":"product_cat-2327","8":"first","9":"instock","10":"taxable","11":"shipping-taxable","12":"purchasable","13":"product-type-simple"},"yoast_head":"<!-- This site is optimized with the Yoast SEO plugin v27.0 - https:\/\/yoast.com\/product\/yoast-seo-wordpress\/ -->\n<title>\u0413\u0440\u0430\u0444\u0438\u0442\u043e\u0432\u044b\u0439 \u043a\u0430\u0440\u0430\u043d\u0434\u0430\u0448 Pica Dry - Stafit O\u00dc<\/title>\n<meta name=\"robots\" content=\"index, follow, max-snippet:-1, max-image-preview:large, max-video-preview:-1\" \/>\n<link rel=\"canonical\" href=\"https:\/\/stafit.ee\/ru\/tovar\/\u0433\u0440\u0430\u0444\u0438\u0442\u043e\u0432\u044b\u0439-\u043a\u0430\u0440\u0430\u043d\u0434\u0430\u0448-pica-dry\/\" \/>\n<meta property=\"og:locale\" content=\"ru_RU\" \/>\n<meta property=\"og:type\" content=\"article\" \/>\n<meta property=\"og:title\" content=\"\u0413\u0440\u0430\u0444\u0438\u0442\u043e\u0432\u044b\u0439 \u043a\u0430\u0440\u0430\u043d\u0434\u0430\u0448 Pica Dry - Stafit O\u00dc\" \/>\n<meta property=\"og:description\" content=\"\u0410\u0432\u0442\u043e\u043c\u0430\u0442\u0438\u0447\u0435\u0441\u043a\u0438\u0439 \u0441\u0442\u0440\u043e\u0438\u0442\u0435\u043b\u044c\u043d\u044b\u0439 \u043a\u0430\u0440\u0430\u043d\u0434\u0430\u0448 \u0434\u043b\u044f \u0441\u043c\u0435\u043d\u043d\u044b\u0445 \u0433\u0440\u0438\u0444\u0435\u043b\u0435\u0439 \u0434\u0438\u0430\u043c\u0435\u0442\u0440\u043e\u043c 2.8 \u043c\u043c. \u0423\u043d\u0438\u0432\u0435\u0440\u0441\u0430\u043b\u044c\u043d\u044b\u0439 \u0433\u0440\u0430\u0444\u0438\u0442\u043e\u0432\u044b\u0439 \u0433\u0440\u0438\u0444\u0435\u043b\u044c 2B \u043f\u0438\u0448\u0435\u0442 \u043d\u0430 \u0431\u043e\u043b\u044c\u0448\u0438\u043d\u0441\u0442\u0432\u0435 \u043f\u043e\u0432\u0435\u0440\u0445\u043d\u043e\u0441\u0442\u0435\u0439 \u2014 \u0441\u0443\u0445\u0438\u0445 \u0438 \u043c\u043e\u043a\u0440\u044b\u0445, \u0433\u043b\u044f\u043d\u0446\u0435\u0432\u044b\u0445 \u0438 \u043c\u0430\u0442\u043e\u0432\u044b\u0445, \u043f\u044b\u043b\u044c\u043d\u044b\u0445 \u0438 \u043c\u0430\u0441\u043b\u044f\u043d\u044b\u0445. \u0414\u043b\u044f \u043c\u0430\u0440\u043a\u0438\u0440\u043e\u0432\u043a\u0438 \u043d\u0430 \u041c\u0414\u0424, \u0431\u0435\u0442\u043e\u043d\u0435, \u0434\u0440\u0435\u0432\u0435\u0441\u0438\u043d\u0435, \u043a\u0430\u043c\u043d\u0435, \u043a\u0430\u0440\u0442\u043e\u043d\u0435, \u043a\u0435\u0440\u0430\u043c\u0438\u043a\u0435, \u043a\u0438\u0440\u043f\u0438\u0447\u0435, \u043c\u0435\u0442\u0430\u043b\u043b\u0435, \u043a\u043e\u0436\u0435, \u043f\u043b\u0430\u0441\u0442\u0438\u043a\u0435, \u0440\u0435\u0437\u0438\u043d\u0435, \u0440\u0436\u0430\u0432\u0447\u0438\u043d\u0435, \u0441\u0442\u0435\u043a\u043b\u0435. \u041f\u044b\u043b\u0435- \u0438 \u0432\u043b\u0430\u0433\u043e\u0437\u0430\u0449\u0438\u0449\u0435\u043d\u043d\u044b\u0439 \u043a\u043e\u0440\u043f\u0443\u0441 \u0441 \u0440\u0435\u043b\u044c\u0435\u0444\u043d\u044b\u043c\u0438 \u044d\u043b\u0435\u043c\u0435\u043d\u0442\u0430\u043c\u0438, \u043e\u0431\u043b\u0435\u0433\u0447\u0430\u044e\u0449\u0438\u043c\u0438 \u0440\u0430\u0431\u043e\u0442\u0443 \u0432 \u043f\u0435\u0440\u0447\u0430\u0442\u043a\u0430\u0445. \u0422\u043e\u043d\u043a\u0438\u0439...\" \/>\n<meta property=\"og:url\" content=\"https:\/\/stafit.ee\/ru\/tovar\/\u0433\u0440\u0430\u0444\u0438\u0442\u043e\u0432\u044b\u0439-\u043a\u0430\u0440\u0430\u043d\u0434\u0430\u0448-pica-dry\/\" \/>\n<meta property=\"og:site_name\" content=\"Stafit O\u00dc\" \/>\n<meta property=\"article:modified_time\" content=\"2026-04-08T15:20:25+00:00\" \/>\n<meta property=\"og:image\" content=\"https:\/\/stafit.ee\/wp-content\/uploads\/2022\/10\/3030-pica.jpg\" \/>\n\t<meta property=\"og:image:width\" content=\"1000\" \/>\n\t<meta property=\"og:image:height\" content=\"1000\" \/>\n\t<meta property=\"og:image:type\" content=\"image\/jpeg\" \/>\n<meta name=\"twitter:card\" content=\"summary_large_image\" \/>\n<script type=\"application\/ld+json\" class=\"yoast-schema-graph\">{\"@context\":\"https:\/\/schema.org\",\"@graph\":[{\"@type\":\"WebPage\",\"@id\":\"https:\/\/stafit.ee\/ru\/tovar\/%d0%b3%d1%80%d0%b0%d1%84%d0%b8%d1%82%d0%be%d0%b2%d1%8b%d0%b9-%d0%ba%d0%b0%d1%80%d0%b0%d0%bd%d0%b4%d0%b0%d1%88-pica-dry\/\",\"url\":\"https:\/\/stafit.ee\/ru\/tovar\/%d0%b3%d1%80%d0%b0%d1%84%d0%b8%d1%82%d0%be%d0%b2%d1%8b%d0%b9-%d0%ba%d0%b0%d1%80%d0%b0%d0%bd%d0%b4%d0%b0%d1%88-pica-dry\/\",\"name\":\"\u0413\u0440\u0430\u0444\u0438\u0442\u043e\u0432\u044b\u0439 \u043a\u0430\u0440\u0430\u043d\u0434\u0430\u0448 Pica Dry - Stafit O\u00dc\",\"isPartOf\":{\"@id\":\"https:\/\/stafit.ee\/#website\"},\"primaryImageOfPage\":{\"@id\":\"https:\/\/stafit.ee\/ru\/tovar\/%d0%b3%d1%80%d0%b0%d1%84%d0%b8%d1%82%d0%be%d0%b2%d1%8b%d0%b9-%d0%ba%d0%b0%d1%80%d0%b0%d0%bd%d0%b4%d0%b0%d1%88-pica-dry\/#primaryimage\"},\"image\":{\"@id\":\"https:\/\/stafit.ee\/ru\/tovar\/%d0%b3%d1%80%d0%b0%d1%84%d0%b8%d1%82%d0%be%d0%b2%d1%8b%d0%b9-%d0%ba%d0%b0%d1%80%d0%b0%d0%bd%d0%b4%d0%b0%d1%88-pica-dry\/#primaryimage\"},\"thumbnailUrl\":\"https:\/\/stafit.ee\/wp-content\/uploads\/2022\/10\/3030-pica.jpg\",\"datePublished\":\"2022-10-25T01:03:44+00:00\",\"dateModified\":\"2026-04-08T15:20:25+00:00\",\"breadcrumb\":{\"@id\":\"https:\/\/stafit.ee\/ru\/tovar\/%d0%b3%d1%80%d0%b0%d1%84%d0%b8%d1%82%d0%be%d0%b2%d1%8b%d0%b9-%d0%ba%d0%b0%d1%80%d0%b0%d0%bd%d0%b4%d0%b0%d1%88-pica-dry\/#breadcrumb\"},\"inLanguage\":\"ru-RU\",\"potentialAction\":[{\"@type\":\"ReadAction\",\"target\":[\"https:\/\/stafit.ee\/ru\/tovar\/%d0%b3%d1%80%d0%b0%d1%84%d0%b8%d1%82%d0%be%d0%b2%d1%8b%d0%b9-%d0%ba%d0%b0%d1%80%d0%b0%d0%bd%d0%b4%d0%b0%d1%88-pica-dry\/\"]}]},{\"@type\":\"ImageObject\",\"inLanguage\":\"ru-RU\",\"@id\":\"https:\/\/stafit.ee\/ru\/tovar\/%d0%b3%d1%80%d0%b0%d1%84%d0%b8%d1%82%d0%be%d0%b2%d1%8b%d0%b9-%d0%ba%d0%b0%d1%80%d0%b0%d0%bd%d0%b4%d0%b0%d1%88-pica-dry\/#primaryimage\",\"url\":\"https:\/\/stafit.ee\/wp-content\/uploads\/2022\/10\/3030-pica.jpg\",\"contentUrl\":\"https:\/\/stafit.ee\/wp-content\/uploads\/2022\/10\/3030-pica.jpg\",\"width\":1000,\"height\":1000},{\"@type\":\"BreadcrumbList\",\"@id\":\"https:\/\/stafit.ee\/ru\/tovar\/%d0%b3%d1%80%d0%b0%d1%84%d0%b8%d1%82%d0%be%d0%b2%d1%8b%d0%b9-%d0%ba%d0%b0%d1%80%d0%b0%d0%bd%d0%b4%d0%b0%d1%88-pica-dry\/#breadcrumb\",\"itemListElement\":[{\"@type\":\"ListItem\",\"position\":1,\"name\":\"Home\",\"item\":\"https:\/\/stafit.ee\/ru\/\"},{\"@type\":\"ListItem\",\"position\":2,\"name\":\"\u041c\u0430\u0433\u0430\u0437\u0438\u043d\",\"item\":\"https:\/\/stafit.ee\/ru\/pood\/\"},{\"@type\":\"ListItem\",\"position\":3,\"name\":\"\u0413\u0440\u0430\u0444\u0438\u0442\u043e\u0432\u044b\u0439 \u043a\u0430\u0440\u0430\u043d\u0434\u0430\u0448 Pica Dry\"}]},{\"@type\":\"WebSite\",\"@id\":\"https:\/\/stafit.ee\/#website\",\"url\":\"https:\/\/stafit.ee\/\",\"name\":\"Stafit O\u00dc\",\"description\":\"T\u00f6\u00f6riete ja ohutusvahendite jae ja hulgim\u00fc\u00fck\",\"potentialAction\":[{\"@type\":\"SearchAction\",\"target\":{\"@type\":\"EntryPoint\",\"urlTemplate\":\"https:\/\/stafit.ee\/?s={search_term_string}\"},\"query-input\":{\"@type\":\"PropertyValueSpecification\",\"valueRequired\":true,\"valueName\":\"search_term_string\"}}],\"inLanguage\":\"ru-RU\"}]}<\/script>\n<!-- \/ Yoast SEO plugin. -->","yoast_head_json":{"title":"\u0413\u0440\u0430\u0444\u0438\u0442\u043e\u0432\u044b\u0439 \u043a\u0430\u0440\u0430\u043d\u0434\u0430\u0448 Pica Dry - Stafit O\u00dc","robots":{"index":"index","follow":"follow","max-snippet":"max-snippet:-1","max-image-preview":"max-image-preview:large","max-video-preview":"max-video-preview:-1"},"canonical":"https:\/\/stafit.ee\/ru\/tovar\/\u0433\u0440\u0430\u0444\u0438\u0442\u043e\u0432\u044b\u0439-\u043a\u0430\u0440\u0430\u043d\u0434\u0430\u0448-pica-dry\/","og_locale":"ru_RU","og_type":"article","og_title":"\u0413\u0440\u0430\u0444\u0438\u0442\u043e\u0432\u044b\u0439 \u043a\u0430\u0440\u0430\u043d\u0434\u0430\u0448 Pica Dry - Stafit O\u00dc","og_description":"\u0410\u0432\u0442\u043e\u043c\u0430\u0442\u0438\u0447\u0435\u0441\u043a\u0438\u0439 \u0441\u0442\u0440\u043e\u0438\u0442\u0435\u043b\u044c\u043d\u044b\u0439 \u043a\u0430\u0440\u0430\u043d\u0434\u0430\u0448 \u0434\u043b\u044f \u0441\u043c\u0435\u043d\u043d\u044b\u0445 \u0433\u0440\u0438\u0444\u0435\u043b\u0435\u0439 \u0434\u0438\u0430\u043c\u0435\u0442\u0440\u043e\u043c 2.8 \u043c\u043c. \u0423\u043d\u0438\u0432\u0435\u0440\u0441\u0430\u043b\u044c\u043d\u044b\u0439 \u0433\u0440\u0430\u0444\u0438\u0442\u043e\u0432\u044b\u0439 \u0433\u0440\u0438\u0444\u0435\u043b\u044c 2B \u043f\u0438\u0448\u0435\u0442 \u043d\u0430 \u0431\u043e\u043b\u044c\u0448\u0438\u043d\u0441\u0442\u0432\u0435 \u043f\u043e\u0432\u0435\u0440\u0445\u043d\u043e\u0441\u0442\u0435\u0439 \u2014 \u0441\u0443\u0445\u0438\u0445 \u0438 \u043c\u043e\u043a\u0440\u044b\u0445, \u0433\u043b\u044f\u043d\u0446\u0435\u0432\u044b\u0445 \u0438 \u043c\u0430\u0442\u043e\u0432\u044b\u0445, \u043f\u044b\u043b\u044c\u043d\u044b\u0445 \u0438 \u043c\u0430\u0441\u043b\u044f\u043d\u044b\u0445. \u0414\u043b\u044f \u043c\u0430\u0440\u043a\u0438\u0440\u043e\u0432\u043a\u0438 \u043d\u0430 \u041c\u0414\u0424, \u0431\u0435\u0442\u043e\u043d\u0435, \u0434\u0440\u0435\u0432\u0435\u0441\u0438\u043d\u0435, \u043a\u0430\u043c\u043d\u0435, \u043a\u0430\u0440\u0442\u043e\u043d\u0435, \u043a\u0435\u0440\u0430\u043c\u0438\u043a\u0435, \u043a\u0438\u0440\u043f\u0438\u0447\u0435, \u043c\u0435\u0442\u0430\u043b\u043b\u0435, \u043a\u043e\u0436\u0435, \u043f\u043b\u0430\u0441\u0442\u0438\u043a\u0435, \u0440\u0435\u0437\u0438\u043d\u0435, \u0440\u0436\u0430\u0432\u0447\u0438\u043d\u0435, \u0441\u0442\u0435\u043a\u043b\u0435. \u041f\u044b\u043b\u0435- \u0438 \u0432\u043b\u0430\u0433\u043e\u0437\u0430\u0449\u0438\u0449\u0435\u043d\u043d\u044b\u0439 \u043a\u043e\u0440\u043f\u0443\u0441 \u0441 \u0440\u0435\u043b\u044c\u0435\u0444\u043d\u044b\u043c\u0438 \u044d\u043b\u0435\u043c\u0435\u043d\u0442\u0430\u043c\u0438, \u043e\u0431\u043b\u0435\u0433\u0447\u0430\u044e\u0449\u0438\u043c\u0438 \u0440\u0430\u0431\u043e\u0442\u0443 \u0432 \u043f\u0435\u0440\u0447\u0430\u0442\u043a\u0430\u0445. \u0422\u043e\u043d\u043a\u0438\u0439...","og_url":"https:\/\/stafit.ee\/ru\/tovar\/\u0433\u0440\u0430\u0444\u0438\u0442\u043e\u0432\u044b\u0439-\u043a\u0430\u0440\u0430\u043d\u0434\u0430\u0448-pica-dry\/","og_site_name":"Stafit O\u00dc","article_modified_time":"2026-04-08T15:20:25+00:00","og_image":[{"width":1000,"height":1000,"url":"https:\/\/stafit.ee\/wp-content\/uploads\/2022\/10\/3030-pica.jpg","type":"image\/jpeg"}],"twitter_card":"summary_large_image","schema":{"@context":"https:\/\/schema.org","@graph":[{"@type":"WebPage","@id":"https:\/\/stafit.ee\/ru\/tovar\/%d0%b3%d1%80%d0%b0%d1%84%d0%b8%d1%82%d0%be%d0%b2%d1%8b%d0%b9-%d0%ba%d0%b0%d1%80%d0%b0%d0%bd%d0%b4%d0%b0%d1%88-pica-dry\/","url":"https:\/\/stafit.ee\/ru\/tovar\/%d0%b3%d1%80%d0%b0%d1%84%d0%b8%d1%82%d0%be%d0%b2%d1%8b%d0%b9-%d0%ba%d0%b0%d1%80%d0%b0%d0%bd%d0%b4%d0%b0%d1%88-pica-dry\/","name":"\u0413\u0440\u0430\u0444\u0438\u0442\u043e\u0432\u044b\u0439 \u043a\u0430\u0440\u0430\u043d\u0434\u0430\u0448 Pica Dry - Stafit O\u00dc","isPartOf":{"@id":"https:\/\/stafit.ee\/#website"},"primaryImageOfPage":{"@id":"https:\/\/stafit.ee\/ru\/tovar\/%d0%b3%d1%80%d0%b0%d1%84%d0%b8%d1%82%d0%be%d0%b2%d1%8b%d0%b9-%d0%ba%d0%b0%d1%80%d0%b0%d0%bd%d0%b4%d0%b0%d1%88-pica-dry\/#primaryimage"},"image":{"@id":"https:\/\/stafit.ee\/ru\/tovar\/%d0%b3%d1%80%d0%b0%d1%84%d0%b8%d1%82%d0%be%d0%b2%d1%8b%d0%b9-%d0%ba%d0%b0%d1%80%d0%b0%d0%bd%d0%b4%d0%b0%d1%88-pica-dry\/#primaryimage"},"thumbnailUrl":"https:\/\/stafit.ee\/wp-content\/uploads\/2022\/10\/3030-pica.jpg","datePublished":"2022-10-25T01:03:44+00:00","dateModified":"2026-04-08T15:20:25+00:00","breadcrumb":{"@id":"https:\/\/stafit.ee\/ru\/tovar\/%d0%b3%d1%80%d0%b0%d1%84%d0%b8%d1%82%d0%be%d0%b2%d1%8b%d0%b9-%d0%ba%d0%b0%d1%80%d0%b0%d0%bd%d0%b4%d0%b0%d1%88-pica-dry\/#breadcrumb"},"inLanguage":"ru-RU","potentialAction":[{"@type":"ReadAction","target":["https:\/\/stafit.ee\/ru\/tovar\/%d0%b3%d1%80%d0%b0%d1%84%d0%b8%d1%82%d0%be%d0%b2%d1%8b%d0%b9-%d0%ba%d0%b0%d1%80%d0%b0%d0%bd%d0%b4%d0%b0%d1%88-pica-dry\/"]}]},{"@type":"ImageObject","inLanguage":"ru-RU","@id":"https:\/\/stafit.ee\/ru\/tovar\/%d0%b3%d1%80%d0%b0%d1%84%d0%b8%d1%82%d0%be%d0%b2%d1%8b%d0%b9-%d0%ba%d0%b0%d1%80%d0%b0%d0%bd%d0%b4%d0%b0%d1%88-pica-dry\/#primaryimage","url":"https:\/\/stafit.ee\/wp-content\/uploads\/2022\/10\/3030-pica.jpg","contentUrl":"https:\/\/stafit.ee\/wp-content\/uploads\/2022\/10\/3030-pica.jpg","width":1000,"height":1000},{"@type":"BreadcrumbList","@id":"https:\/\/stafit.ee\/ru\/tovar\/%d0%b3%d1%80%d0%b0%d1%84%d0%b8%d1%82%d0%be%d0%b2%d1%8b%d0%b9-%d0%ba%d0%b0%d1%80%d0%b0%d0%bd%d0%b4%d0%b0%d1%88-pica-dry\/#breadcrumb","itemListElement":[{"@type":"ListItem","position":1,"name":"Home","item":"https:\/\/stafit.ee\/ru\/"},{"@type":"ListItem","position":2,"name":"\u041c\u0430\u0433\u0430\u0437\u0438\u043d","item":"https:\/\/stafit.ee\/ru\/pood\/"},{"@type":"ListItem","position":3,"name":"\u0413\u0440\u0430\u0444\u0438\u0442\u043e\u0432\u044b\u0439 \u043a\u0430\u0440\u0430\u043d\u0434\u0430\u0448 Pica Dry"}]},{"@type":"WebSite","@id":"https:\/\/stafit.ee\/#website","url":"https:\/\/stafit.ee\/","name":"Stafit O\u00dc","description":"T\u00f6\u00f6riete ja ohutusvahendite jae ja hulgim\u00fc\u00fck","potentialAction":[{"@type":"SearchAction","target":{"@type":"EntryPoint","urlTemplate":"https:\/\/stafit.ee\/?s={search_term_string}"},"query-input":{"@type":"PropertyValueSpecification","valueRequired":true,"valueName":"search_term_string"}}],"inLanguage":"ru-RU"}]}},"brands":[],"_links":{"self":[{"href":"https:\/\/stafit.ee\/ru\/wp-json\/wp\/v2\/product\/51708","targetHints":{"allow":["GET"]}}],"collection":[{"href":"https:\/\/stafit.ee\/ru\/wp-json\/wp\/v2\/product"}],"about":[{"href":"https:\/\/stafit.ee\/ru\/wp-json\/wp\/v2\/types\/product"}],"wp:featuredmedia":[{"embeddable":true,"href":"https:\/\/stafit.ee\/ru\/wp-json\/wp\/v2\/media\/51688"}],"wp:attachment":[{"href":"https:\/\/stafit.ee\/ru\/wp-json\/wp\/v2\/media?parent=51708"}],"wp:term":[{"taxonomy":"pwb-brand","embeddable":true,"href":"https:\/\/stafit.ee\/ru\/wp-json\/wp\/v2\/pwb-brand?post=51708"},{"taxonomy":"product_brand","embeddable":true,"href":"https:\/\/stafit.ee\/ru\/wp-json\/wp\/v2\/product_brand?post=51708"},{"taxonomy":"product_cat","embeddable":true,"href":"https:\/\/stafit.ee\/ru\/wp-json\/wp\/v2\/product_cat?post=51708"},{"taxonomy":"product_tag","embeddable":true,"href":"https:\/\/stafit.ee\/ru\/wp-json\/wp\/v2\/product_tag?post=51708"}],"curies":[{"name":"wp","href":"https:\/\/api.w.org\/{rel}","templated":true}]}}