{"id":51144,"date":"2022-10-13T04:05:18","date_gmt":"2022-10-13T01:05:18","guid":{"rendered":"https:\/\/stafit.ee\/toode\/%d0%b7%d0%b8%d0%bc%d0%bd%d0%b8%d0%b5-%d0%bf%d0%be%d0%bb%d1%83%d0%b1%d0%be%d1%82%d0%b8%d0%bd%d0%ba%d0%b8-snake-s3-cl-a-src\/"},"modified":"2026-04-08T18:24:21","modified_gmt":"2026-04-08T15:24:21","slug":"%d0%b7%d0%b8%d0%bc%d0%bd%d0%b8%d0%b5-%d0%bf%d0%be%d0%bb%d1%83%d0%b1%d0%be%d1%82%d0%b8%d0%bd%d0%ba%d0%b8-snake-s3-cl-a-src","status":"publish","type":"product","link":"https:\/\/stafit.ee\/ru\/tovar\/%d0%b7%d0%b8%d0%bc%d0%bd%d0%b8%d0%b5-%d0%bf%d0%be%d0%bb%d1%83%d0%b1%d0%be%d1%82%d0%b8%d0%bd%d0%ba%d0%b8-snake-s3-cl-a-src\/","title":{"rendered":"\u0417\u0438\u043c\u043d\u0438\u0435 \u043f\u043e\u043b\u0443\u0431\u043e\u0442\u0438\u043d\u043a\u0438 SNAKE S3 Cl A SRC"},"content":{"rendered":"<p>\u0423\u0434\u043e\u0431\u043d\u044b\u0435, \u0442\u0451\u043f\u043b\u044b\u0435 \u0438 \u043f\u0440\u043e\u0447\u043d\u044b\u0435 \u0440\u0430\u0431\u043e\u0447\u0438\u0435 \u0431\u043e\u0442\u0438\u043d\u043a\u0438 Winter Snake.<\/p>\n<ul>\n<li>\u0412\u0435\u0440\u0445: \u043d\u0430\u0442\u0443\u0440\u0430\u043b\u044c\u043d\u0430\u044f \u043a\u043e\u0436\u0430 \u0441 \u043f\u0440\u043e\u043f\u0438\u0442\u043a\u043e\u0439.<\/li>\n<li>\u041a\u043b\u0430\u0441\u0441 \u0437\u0430\u0449\u0438\u0442\u044b: S3.<\/li>\n<li>\u0417\u0430\u0449\u0438\u0442\u043d\u044b\u0439 \u043a\u043e\u043c\u043f\u043e\u0437\u0438\u0442\u043d\u044b\u0439 \u043f\u043e\u0434\u043d\u043e\u0441\u043e\u043a.<\/li>\n<li>\u0423\u0441\u0442\u043e\u0439\u0447\u0438\u0432\u0430\u044f \u043a \u043f\u0440\u043e\u043a\u043e\u043b\u0430\u043c \u0441\u0442\u0435\u043b\u044c\u043a\u0430 \u0438\u0437 \u043a\u0435\u0432\u043b\u0430\u0440\u0430.<\/li>\n<li>\u0414\u043e\u043f\u043e\u043b\u043d\u0438\u0442\u0435\u043b\u044c\u043d\u0430\u044f \u0437\u0430\u0449\u0438\u0442\u0430 \u0432 \u043e\u0431\u043b\u0430\u0441\u0442\u0438 \u043d\u043e\u0441\u043a\u0430.<\/li>\n<li>\u0418\u0437\u043d\u043e\u0441\u043e\u0441\u0442\u043e\u0439\u043a\u0430\u044f \u043c\u0435\u0445\u043e\u0432\u0430\u044f \u043f\u043e\u0434\u043a\u043b\u0430\u0434\u043a\u0430 \u043e\u0431\u0435\u0441\u043f\u0435\u0447\u0438\u0432\u0430\u0435\u0442 \u0445\u043e\u0440\u043e\u0448\u0443\u044e \u0442\u0435\u043f\u043b\u043e\u0438\u0437\u043e\u043b\u044f\u0446\u0438\u044e \u0438 \u0446\u0438\u0440\u043a\u0443\u043b\u044f\u0446\u0438\u044e \u0432\u043e\u0437\u0434\u0443\u0445\u0430 \u0438 \u0432\u043b\u0430\u0433\u0438 \u0432\u043d\u0443\u0442\u0440\u0438 \u0431\u043e\u0442\u0438\u043d\u043a\u0430.<\/li>\n<li>\u041f\u043e\u0434\u043e\u0448\u0432\u0430: \u041f\u0423\/\u041f\u0423, \u043f\u0440\u043e\u0442\u0438\u0432\u043e\u0441\u043a\u043e\u043b\u044c\u0437\u044f\u0449\u0430\u044f (SRC), \u0443\u0441\u0442\u043e\u0439\u0447\u0438\u0432\u0430\u044f \u043a \u043d\u0435\u0444\u0442\u0435\u043f\u0440\u043e\u0434\u0443\u043a\u0442\u0430\u043c (\u0441\u043c\u0430\u0437\u043a\u0430\u043c, \u043c\u0430\u0441\u043b\u0430\u043c \u0438 \u0442.\u043f.), \u043f\u043e\u0433\u043b\u043e\u0449\u0430\u0435\u0442 \u0443\u0434\u0430\u0440\u044b \u0432 \u043e\u0431\u043b\u0430\u0441\u0442\u0438 \u043f\u044f\u0442\u043a\u0438, \u0430\u043d\u0442\u0438\u0441\u0442\u0430\u0442\u0438\u0447\u0435\u0441\u043a\u0430\u044f.<br \/>\n\u0422\u043e\u043b\u0441\u0442\u0430\u044f \u043f\u043e\u0434\u043e\u0448\u0432\u0430, \u0443\u0441\u0442\u043e\u0439\u0447\u0438\u0432\u0430\u044f \u043a \u043d\u0438\u0437\u043a\u0438\u043c \u0442\u0435\u043c\u043f\u0435\u0440\u0430\u0442\u0443\u0440\u0430\u043c \u0434\u043e -20 \u00baC (Cl), \u0441\u043f\u0435\u0446\u0438\u0430\u043b\u044c\u043d\u043e \u0440\u0430\u0437\u0440\u0430\u0431\u043e\u0442\u0430\u043d\u0430 \u0434\u043b\u044f \u0445\u043e\u043b\u043e\u0434\u043d\u043e\u0433\u043e \u0437\u0438\u043c\u043d\u0435\u0433\u043e \u0441\u0435\u0437\u043e\u043d\u0430, \u043f\u043e\u0441\u043a\u043e\u043b\u044c\u043a\u0443 \u043e\u043d\u0430 \u043d\u0435 \u043f\u0440\u043e\u043f\u0443\u0441\u043a\u0430\u0435\u0442 \u0445\u043e\u043b\u043e\u0434 \u0438 \u043f\u0440\u0435\u0434\u043e\u0442\u0432\u0440\u0430\u0449\u0430\u0435\u0442 \u0437\u0430\u0442\u0432\u0435\u0440\u0434\u0435\u0432\u0430\u043d\u0438\u0435 \u043f\u043e\u043b\u0438\u0443\u0440\u0435\u0442\u0430\u043d\u0430 \u043f\u0440\u0438 \u043d\u0438\u0437\u043a\u0438\u0445 \u0442\u0435\u043c\u043f\u0435\u0440\u0430\u0442\u0443\u0440\u0430\u0445.<\/li>\n<li>\u0421\u0432\u0435\u0442\u043e\u043e\u0442\u0440\u0430\u0436\u0430\u044e\u0449\u0438\u0435 \u0434\u0435\u0442\u0430\u043b\u0438 \u0434\u043b\u044f \u0440\u0430\u0431\u043e\u0442\u044b \u0432 \u0442\u0435\u043c\u043d\u043e\u0442\u0435.<\/li>\n<li>\u0410\u043d\u0442\u0438\u0441\u0442\u0430\u0442\u0438\u0447\u0435\u0441\u043a\u0430\u044f, \u0430\u043d\u0430\u0442\u043e\u043c\u0438\u0447\u0435\u0441\u043a\u0430\u044f, \u0434\u044b\u0448\u0430\u0449\u0430\u044f, \u0441\u044a\u0451\u043c\u043d\u0430\u044f \u0441\u0442\u0435\u043b\u044c\u043a\u0430.<\/li>\n<\/ul>\n<p>\u0421\u0442\u0430\u043d\u0434\u0430\u0440\u0442: EN ISO 20345:2011, P, SRC, WRU, E, FO, A, CI.<\/p>\n","protected":false},"excerpt":{"rendered":"<p>\u0423\u0434\u043e\u0431\u043d\u044b\u0435, \u0442\u0451\u043f\u043b\u044b\u0435 \u0438 \u043f\u0440\u043e\u0447\u043d\u044b\u0435 \u0440\u0430\u0431\u043e\u0447\u0438\u0435 \u0431\u043e\u0442\u0438\u043d\u043a\u0438 Winter Snake. \u0412\u0435\u0440\u0445: \u043d\u0430\u0442\u0443\u0440\u0430\u043b\u044c\u043d\u0430\u044f \u043a\u043e\u0436\u0430 \u0441 \u043f\u0440\u043e\u043f\u0438\u0442\u043a\u043e\u0439. \u041a\u043b\u0430\u0441\u0441 \u0437\u0430\u0449\u0438\u0442\u044b: S3. \u0417\u0430\u0449\u0438\u0442\u043d\u044b\u0439 \u043a\u043e\u043c\u043f\u043e\u0437\u0438\u0442\u043d\u044b\u0439 \u043f\u043e\u0434\u043d\u043e\u0441\u043e\u043a. \u0423\u0441\u0442\u043e\u0439\u0447\u0438\u0432\u0430\u044f \u043a \u043f\u0440\u043e\u043a\u043e\u043b\u0430\u043c \u0441\u0442\u0435\u043b\u044c\u043a\u0430 \u0438\u0437 \u043a\u0435\u0432\u043b\u0430\u0440\u0430. \u0414\u043e\u043f\u043e\u043b\u043d\u0438\u0442\u0435\u043b\u044c\u043d\u0430\u044f \u0437\u0430\u0449\u0438\u0442\u0430 \u0432 \u043e\u0431\u043b\u0430\u0441\u0442\u0438 \u043d\u043e\u0441\u043a\u0430. \u0418\u0437\u043d\u043e\u0441\u043e\u0441\u0442\u043e\u0439\u043a\u0430\u044f \u043c\u0435\u0445\u043e\u0432\u0430\u044f \u043f\u043e\u0434\u043a\u043b\u0430\u0434\u043a\u0430 \u043e\u0431\u0435\u0441\u043f\u0435\u0447\u0438\u0432\u0430\u0435\u0442 \u0445\u043e\u0440\u043e\u0448\u0443\u044e \u0442\u0435\u043f\u043b\u043e\u0438\u0437\u043e\u043b\u044f\u0446\u0438\u044e \u0438 \u0446\u0438\u0440\u043a\u0443\u043b\u044f\u0446\u0438\u044e \u0432\u043e\u0437\u0434\u0443\u0445\u0430 \u0438 \u0432\u043b\u0430\u0433\u0438 \u0432\u043d\u0443\u0442\u0440\u0438 \u0431\u043e\u0442\u0438\u043d\u043a\u0430. \u041f\u043e\u0434\u043e\u0448\u0432\u0430: \u041f\u0423\/\u041f\u0423, \u043f\u0440\u043e\u0442\u0438\u0432\u043e\u0441\u043a\u043e\u043b\u044c\u0437\u044f\u0449\u0430\u044f (SRC), \u0443\u0441\u0442\u043e\u0439\u0447\u0438\u0432\u0430\u044f \u043a \u043d\u0435\u0444\u0442\u0435\u043f\u0440\u043e\u0434\u0443\u043a\u0442\u0430\u043c (\u0441\u043c\u0430\u0437\u043a\u0430\u043c, \u043c\u0430\u0441\u043b\u0430\u043c \u0438 \u0442.\u043f.), \u043f\u043e\u0433\u043b\u043e\u0449\u0430\u0435\u0442&#8230;<\/p>\n","protected":false},"featured_media":51129,"template":"","meta":[],"pwb-brand":[],"product_brand":[],"product_cat":[802],"product_tag":[],"class_list":{"0":"post-51144","1":"product","2":"type-product","3":"status-publish","4":"has-post-thumbnail","6":"product_cat---s3-ru","8":"first","9":"instock","10":"taxable","11":"shipping-taxable","12":"purchasable","13":"product-type-variable"},"yoast_head":"<!-- This site is optimized with the Yoast SEO plugin v27.0 - https:\/\/yoast.com\/product\/yoast-seo-wordpress\/ -->\n<title>\u0417\u0438\u043c\u043d\u0438\u0435 \u043f\u043e\u043b\u0443\u0431\u043e\u0442\u0438\u043d\u043a\u0438 SNAKE S3 Cl A SRC - Stafit O\u00dc<\/title>\n<meta name=\"robots\" content=\"index, follow, max-snippet:-1, max-image-preview:large, max-video-preview:-1\" \/>\n<link rel=\"canonical\" href=\"https:\/\/stafit.ee\/ru\/tovar\/\u0437\u0438\u043c\u043d\u0438\u0435-\u043f\u043e\u043b\u0443\u0431\u043e\u0442\u0438\u043d\u043a\u0438-snake-s3-cl-a-src\/\" \/>\n<meta property=\"og:locale\" content=\"ru_RU\" \/>\n<meta property=\"og:type\" content=\"article\" \/>\n<meta property=\"og:title\" content=\"\u0417\u0438\u043c\u043d\u0438\u0435 \u043f\u043e\u043b\u0443\u0431\u043e\u0442\u0438\u043d\u043a\u0438 SNAKE S3 Cl A SRC - Stafit O\u00dc\" \/>\n<meta property=\"og:description\" content=\"\u0423\u0434\u043e\u0431\u043d\u044b\u0435, \u0442\u0451\u043f\u043b\u044b\u0435 \u0438 \u043f\u0440\u043e\u0447\u043d\u044b\u0435 \u0440\u0430\u0431\u043e\u0447\u0438\u0435 \u0431\u043e\u0442\u0438\u043d\u043a\u0438 Winter Snake. \u0412\u0435\u0440\u0445: \u043d\u0430\u0442\u0443\u0440\u0430\u043b\u044c\u043d\u0430\u044f \u043a\u043e\u0436\u0430 \u0441 \u043f\u0440\u043e\u043f\u0438\u0442\u043a\u043e\u0439. \u041a\u043b\u0430\u0441\u0441 \u0437\u0430\u0449\u0438\u0442\u044b: S3. \u0417\u0430\u0449\u0438\u0442\u043d\u044b\u0439 \u043a\u043e\u043c\u043f\u043e\u0437\u0438\u0442\u043d\u044b\u0439 \u043f\u043e\u0434\u043d\u043e\u0441\u043e\u043a. \u0423\u0441\u0442\u043e\u0439\u0447\u0438\u0432\u0430\u044f \u043a \u043f\u0440\u043e\u043a\u043e\u043b\u0430\u043c \u0441\u0442\u0435\u043b\u044c\u043a\u0430 \u0438\u0437 \u043a\u0435\u0432\u043b\u0430\u0440\u0430. \u0414\u043e\u043f\u043e\u043b\u043d\u0438\u0442\u0435\u043b\u044c\u043d\u0430\u044f \u0437\u0430\u0449\u0438\u0442\u0430 \u0432 \u043e\u0431\u043b\u0430\u0441\u0442\u0438 \u043d\u043e\u0441\u043a\u0430. \u0418\u0437\u043d\u043e\u0441\u043e\u0441\u0442\u043e\u0439\u043a\u0430\u044f \u043c\u0435\u0445\u043e\u0432\u0430\u044f \u043f\u043e\u0434\u043a\u043b\u0430\u0434\u043a\u0430 \u043e\u0431\u0435\u0441\u043f\u0435\u0447\u0438\u0432\u0430\u0435\u0442 \u0445\u043e\u0440\u043e\u0448\u0443\u044e \u0442\u0435\u043f\u043b\u043e\u0438\u0437\u043e\u043b\u044f\u0446\u0438\u044e \u0438 \u0446\u0438\u0440\u043a\u0443\u043b\u044f\u0446\u0438\u044e \u0432\u043e\u0437\u0434\u0443\u0445\u0430 \u0438 \u0432\u043b\u0430\u0433\u0438 \u0432\u043d\u0443\u0442\u0440\u0438 \u0431\u043e\u0442\u0438\u043d\u043a\u0430. \u041f\u043e\u0434\u043e\u0448\u0432\u0430: \u041f\u0423\/\u041f\u0423, \u043f\u0440\u043e\u0442\u0438\u0432\u043e\u0441\u043a\u043e\u043b\u044c\u0437\u044f\u0449\u0430\u044f (SRC), \u0443\u0441\u0442\u043e\u0439\u0447\u0438\u0432\u0430\u044f \u043a \u043d\u0435\u0444\u0442\u0435\u043f\u0440\u043e\u0434\u0443\u043a\u0442\u0430\u043c (\u0441\u043c\u0430\u0437\u043a\u0430\u043c, \u043c\u0430\u0441\u043b\u0430\u043c \u0438 \u0442.\u043f.), \u043f\u043e\u0433\u043b\u043e\u0449\u0430\u0435\u0442...\" \/>\n<meta property=\"og:url\" content=\"https:\/\/stafit.ee\/ru\/tovar\/\u0437\u0438\u043c\u043d\u0438\u0435-\u043f\u043e\u043b\u0443\u0431\u043e\u0442\u0438\u043d\u043a\u0438-snake-s3-cl-a-src\/\" \/>\n<meta property=\"og:site_name\" content=\"Stafit O\u00dc\" \/>\n<meta property=\"article:modified_time\" content=\"2026-04-08T15:24:21+00:00\" \/>\n<meta property=\"og:image\" content=\"https:\/\/stafit.ee\/wp-content\/uploads\/2022\/10\/snake-w-1.jpg\" \/>\n\t<meta property=\"og:image:width\" content=\"800\" \/>\n\t<meta property=\"og:image:height\" content=\"800\" \/>\n\t<meta property=\"og:image:type\" content=\"image\/jpeg\" \/>\n<meta name=\"twitter:card\" content=\"summary_large_image\" \/>\n<script type=\"application\/ld+json\" class=\"yoast-schema-graph\">{\"@context\":\"https:\/\/schema.org\",\"@graph\":[{\"@type\":\"WebPage\",\"@id\":\"https:\/\/stafit.ee\/ru\/tovar\/%d0%b7%d0%b8%d0%bc%d0%bd%d0%b8%d0%b5-%d0%bf%d0%be%d0%bb%d1%83%d0%b1%d0%be%d1%82%d0%b8%d0%bd%d0%ba%d0%b8-snake-s3-cl-a-src\/\",\"url\":\"https:\/\/stafit.ee\/ru\/tovar\/%d0%b7%d0%b8%d0%bc%d0%bd%d0%b8%d0%b5-%d0%bf%d0%be%d0%bb%d1%83%d0%b1%d0%be%d1%82%d0%b8%d0%bd%d0%ba%d0%b8-snake-s3-cl-a-src\/\",\"name\":\"\u0417\u0438\u043c\u043d\u0438\u0435 \u043f\u043e\u043b\u0443\u0431\u043e\u0442\u0438\u043d\u043a\u0438 SNAKE S3 Cl A SRC - Stafit O\u00dc\",\"isPartOf\":{\"@id\":\"https:\/\/stafit.ee\/#website\"},\"primaryImageOfPage\":{\"@id\":\"https:\/\/stafit.ee\/ru\/tovar\/%d0%b7%d0%b8%d0%bc%d0%bd%d0%b8%d0%b5-%d0%bf%d0%be%d0%bb%d1%83%d0%b1%d0%be%d1%82%d0%b8%d0%bd%d0%ba%d0%b8-snake-s3-cl-a-src\/#primaryimage\"},\"image\":{\"@id\":\"https:\/\/stafit.ee\/ru\/tovar\/%d0%b7%d0%b8%d0%bc%d0%bd%d0%b8%d0%b5-%d0%bf%d0%be%d0%bb%d1%83%d0%b1%d0%be%d1%82%d0%b8%d0%bd%d0%ba%d0%b8-snake-s3-cl-a-src\/#primaryimage\"},\"thumbnailUrl\":\"https:\/\/stafit.ee\/wp-content\/uploads\/2022\/10\/snake-w-1.jpg\",\"datePublished\":\"2022-10-13T01:05:18+00:00\",\"dateModified\":\"2026-04-08T15:24:21+00:00\",\"breadcrumb\":{\"@id\":\"https:\/\/stafit.ee\/ru\/tovar\/%d0%b7%d0%b8%d0%bc%d0%bd%d0%b8%d0%b5-%d0%bf%d0%be%d0%bb%d1%83%d0%b1%d0%be%d1%82%d0%b8%d0%bd%d0%ba%d0%b8-snake-s3-cl-a-src\/#breadcrumb\"},\"inLanguage\":\"ru-RU\",\"potentialAction\":[{\"@type\":\"ReadAction\",\"target\":[\"https:\/\/stafit.ee\/ru\/tovar\/%d0%b7%d0%b8%d0%bc%d0%bd%d0%b8%d0%b5-%d0%bf%d0%be%d0%bb%d1%83%d0%b1%d0%be%d1%82%d0%b8%d0%bd%d0%ba%d0%b8-snake-s3-cl-a-src\/\"]}]},{\"@type\":\"ImageObject\",\"inLanguage\":\"ru-RU\",\"@id\":\"https:\/\/stafit.ee\/ru\/tovar\/%d0%b7%d0%b8%d0%bc%d0%bd%d0%b8%d0%b5-%d0%bf%d0%be%d0%bb%d1%83%d0%b1%d0%be%d1%82%d0%b8%d0%bd%d0%ba%d0%b8-snake-s3-cl-a-src\/#primaryimage\",\"url\":\"https:\/\/stafit.ee\/wp-content\/uploads\/2022\/10\/snake-w-1.jpg\",\"contentUrl\":\"https:\/\/stafit.ee\/wp-content\/uploads\/2022\/10\/snake-w-1.jpg\",\"width\":800,\"height\":800},{\"@type\":\"BreadcrumbList\",\"@id\":\"https:\/\/stafit.ee\/ru\/tovar\/%d0%b7%d0%b8%d0%bc%d0%bd%d0%b8%d0%b5-%d0%bf%d0%be%d0%bb%d1%83%d0%b1%d0%be%d1%82%d0%b8%d0%bd%d0%ba%d0%b8-snake-s3-cl-a-src\/#breadcrumb\",\"itemListElement\":[{\"@type\":\"ListItem\",\"position\":1,\"name\":\"Home\",\"item\":\"https:\/\/stafit.ee\/ru\/\"},{\"@type\":\"ListItem\",\"position\":2,\"name\":\"\u041c\u0430\u0433\u0430\u0437\u0438\u043d\",\"item\":\"https:\/\/stafit.ee\/ru\/pood\/\"},{\"@type\":\"ListItem\",\"position\":3,\"name\":\"\u0417\u0438\u043c\u043d\u0438\u0435 \u043f\u043e\u043b\u0443\u0431\u043e\u0442\u0438\u043d\u043a\u0438 SNAKE S3 Cl A SRC\"}]},{\"@type\":\"WebSite\",\"@id\":\"https:\/\/stafit.ee\/#website\",\"url\":\"https:\/\/stafit.ee\/\",\"name\":\"Stafit O\u00dc\",\"description\":\"T\u00f6\u00f6riete ja ohutusvahendite jae ja hulgim\u00fc\u00fck\",\"potentialAction\":[{\"@type\":\"SearchAction\",\"target\":{\"@type\":\"EntryPoint\",\"urlTemplate\":\"https:\/\/stafit.ee\/?s={search_term_string}\"},\"query-input\":{\"@type\":\"PropertyValueSpecification\",\"valueRequired\":true,\"valueName\":\"search_term_string\"}}],\"inLanguage\":\"ru-RU\"}]}<\/script>\n<!-- \/ Yoast SEO plugin. -->","yoast_head_json":{"title":"\u0417\u0438\u043c\u043d\u0438\u0435 \u043f\u043e\u043b\u0443\u0431\u043e\u0442\u0438\u043d\u043a\u0438 SNAKE S3 Cl A SRC - Stafit O\u00dc","robots":{"index":"index","follow":"follow","max-snippet":"max-snippet:-1","max-image-preview":"max-image-preview:large","max-video-preview":"max-video-preview:-1"},"canonical":"https:\/\/stafit.ee\/ru\/tovar\/\u0437\u0438\u043c\u043d\u0438\u0435-\u043f\u043e\u043b\u0443\u0431\u043e\u0442\u0438\u043d\u043a\u0438-snake-s3-cl-a-src\/","og_locale":"ru_RU","og_type":"article","og_title":"\u0417\u0438\u043c\u043d\u0438\u0435 \u043f\u043e\u043b\u0443\u0431\u043e\u0442\u0438\u043d\u043a\u0438 SNAKE S3 Cl A SRC - Stafit O\u00dc","og_description":"\u0423\u0434\u043e\u0431\u043d\u044b\u0435, \u0442\u0451\u043f\u043b\u044b\u0435 \u0438 \u043f\u0440\u043e\u0447\u043d\u044b\u0435 \u0440\u0430\u0431\u043e\u0447\u0438\u0435 \u0431\u043e\u0442\u0438\u043d\u043a\u0438 Winter Snake. \u0412\u0435\u0440\u0445: \u043d\u0430\u0442\u0443\u0440\u0430\u043b\u044c\u043d\u0430\u044f \u043a\u043e\u0436\u0430 \u0441 \u043f\u0440\u043e\u043f\u0438\u0442\u043a\u043e\u0439. \u041a\u043b\u0430\u0441\u0441 \u0437\u0430\u0449\u0438\u0442\u044b: S3. \u0417\u0430\u0449\u0438\u0442\u043d\u044b\u0439 \u043a\u043e\u043c\u043f\u043e\u0437\u0438\u0442\u043d\u044b\u0439 \u043f\u043e\u0434\u043d\u043e\u0441\u043e\u043a. \u0423\u0441\u0442\u043e\u0439\u0447\u0438\u0432\u0430\u044f \u043a \u043f\u0440\u043e\u043a\u043e\u043b\u0430\u043c \u0441\u0442\u0435\u043b\u044c\u043a\u0430 \u0438\u0437 \u043a\u0435\u0432\u043b\u0430\u0440\u0430. \u0414\u043e\u043f\u043e\u043b\u043d\u0438\u0442\u0435\u043b\u044c\u043d\u0430\u044f \u0437\u0430\u0449\u0438\u0442\u0430 \u0432 \u043e\u0431\u043b\u0430\u0441\u0442\u0438 \u043d\u043e\u0441\u043a\u0430. \u0418\u0437\u043d\u043e\u0441\u043e\u0441\u0442\u043e\u0439\u043a\u0430\u044f \u043c\u0435\u0445\u043e\u0432\u0430\u044f \u043f\u043e\u0434\u043a\u043b\u0430\u0434\u043a\u0430 \u043e\u0431\u0435\u0441\u043f\u0435\u0447\u0438\u0432\u0430\u0435\u0442 \u0445\u043e\u0440\u043e\u0448\u0443\u044e \u0442\u0435\u043f\u043b\u043e\u0438\u0437\u043e\u043b\u044f\u0446\u0438\u044e \u0438 \u0446\u0438\u0440\u043a\u0443\u043b\u044f\u0446\u0438\u044e \u0432\u043e\u0437\u0434\u0443\u0445\u0430 \u0438 \u0432\u043b\u0430\u0433\u0438 \u0432\u043d\u0443\u0442\u0440\u0438 \u0431\u043e\u0442\u0438\u043d\u043a\u0430. \u041f\u043e\u0434\u043e\u0448\u0432\u0430: \u041f\u0423\/\u041f\u0423, \u043f\u0440\u043e\u0442\u0438\u0432\u043e\u0441\u043a\u043e\u043b\u044c\u0437\u044f\u0449\u0430\u044f (SRC), \u0443\u0441\u0442\u043e\u0439\u0447\u0438\u0432\u0430\u044f \u043a \u043d\u0435\u0444\u0442\u0435\u043f\u0440\u043e\u0434\u0443\u043a\u0442\u0430\u043c (\u0441\u043c\u0430\u0437\u043a\u0430\u043c, \u043c\u0430\u0441\u043b\u0430\u043c \u0438 \u0442.\u043f.), \u043f\u043e\u0433\u043b\u043e\u0449\u0430\u0435\u0442...","og_url":"https:\/\/stafit.ee\/ru\/tovar\/\u0437\u0438\u043c\u043d\u0438\u0435-\u043f\u043e\u043b\u0443\u0431\u043e\u0442\u0438\u043d\u043a\u0438-snake-s3-cl-a-src\/","og_site_name":"Stafit O\u00dc","article_modified_time":"2026-04-08T15:24:21+00:00","og_image":[{"width":800,"height":800,"url":"https:\/\/stafit.ee\/wp-content\/uploads\/2022\/10\/snake-w-1.jpg","type":"image\/jpeg"}],"twitter_card":"summary_large_image","schema":{"@context":"https:\/\/schema.org","@graph":[{"@type":"WebPage","@id":"https:\/\/stafit.ee\/ru\/tovar\/%d0%b7%d0%b8%d0%bc%d0%bd%d0%b8%d0%b5-%d0%bf%d0%be%d0%bb%d1%83%d0%b1%d0%be%d1%82%d0%b8%d0%bd%d0%ba%d0%b8-snake-s3-cl-a-src\/","url":"https:\/\/stafit.ee\/ru\/tovar\/%d0%b7%d0%b8%d0%bc%d0%bd%d0%b8%d0%b5-%d0%bf%d0%be%d0%bb%d1%83%d0%b1%d0%be%d1%82%d0%b8%d0%bd%d0%ba%d0%b8-snake-s3-cl-a-src\/","name":"\u0417\u0438\u043c\u043d\u0438\u0435 \u043f\u043e\u043b\u0443\u0431\u043e\u0442\u0438\u043d\u043a\u0438 SNAKE S3 Cl A SRC - Stafit O\u00dc","isPartOf":{"@id":"https:\/\/stafit.ee\/#website"},"primaryImageOfPage":{"@id":"https:\/\/stafit.ee\/ru\/tovar\/%d0%b7%d0%b8%d0%bc%d0%bd%d0%b8%d0%b5-%d0%bf%d0%be%d0%bb%d1%83%d0%b1%d0%be%d1%82%d0%b8%d0%bd%d0%ba%d0%b8-snake-s3-cl-a-src\/#primaryimage"},"image":{"@id":"https:\/\/stafit.ee\/ru\/tovar\/%d0%b7%d0%b8%d0%bc%d0%bd%d0%b8%d0%b5-%d0%bf%d0%be%d0%bb%d1%83%d0%b1%d0%be%d1%82%d0%b8%d0%bd%d0%ba%d0%b8-snake-s3-cl-a-src\/#primaryimage"},"thumbnailUrl":"https:\/\/stafit.ee\/wp-content\/uploads\/2022\/10\/snake-w-1.jpg","datePublished":"2022-10-13T01:05:18+00:00","dateModified":"2026-04-08T15:24:21+00:00","breadcrumb":{"@id":"https:\/\/stafit.ee\/ru\/tovar\/%d0%b7%d0%b8%d0%bc%d0%bd%d0%b8%d0%b5-%d0%bf%d0%be%d0%bb%d1%83%d0%b1%d0%be%d1%82%d0%b8%d0%bd%d0%ba%d0%b8-snake-s3-cl-a-src\/#breadcrumb"},"inLanguage":"ru-RU","potentialAction":[{"@type":"ReadAction","target":["https:\/\/stafit.ee\/ru\/tovar\/%d0%b7%d0%b8%d0%bc%d0%bd%d0%b8%d0%b5-%d0%bf%d0%be%d0%bb%d1%83%d0%b1%d0%be%d1%82%d0%b8%d0%bd%d0%ba%d0%b8-snake-s3-cl-a-src\/"]}]},{"@type":"ImageObject","inLanguage":"ru-RU","@id":"https:\/\/stafit.ee\/ru\/tovar\/%d0%b7%d0%b8%d0%bc%d0%bd%d0%b8%d0%b5-%d0%bf%d0%be%d0%bb%d1%83%d0%b1%d0%be%d1%82%d0%b8%d0%bd%d0%ba%d0%b8-snake-s3-cl-a-src\/#primaryimage","url":"https:\/\/stafit.ee\/wp-content\/uploads\/2022\/10\/snake-w-1.jpg","contentUrl":"https:\/\/stafit.ee\/wp-content\/uploads\/2022\/10\/snake-w-1.jpg","width":800,"height":800},{"@type":"BreadcrumbList","@id":"https:\/\/stafit.ee\/ru\/tovar\/%d0%b7%d0%b8%d0%bc%d0%bd%d0%b8%d0%b5-%d0%bf%d0%be%d0%bb%d1%83%d0%b1%d0%be%d1%82%d0%b8%d0%bd%d0%ba%d0%b8-snake-s3-cl-a-src\/#breadcrumb","itemListElement":[{"@type":"ListItem","position":1,"name":"Home","item":"https:\/\/stafit.ee\/ru\/"},{"@type":"ListItem","position":2,"name":"\u041c\u0430\u0433\u0430\u0437\u0438\u043d","item":"https:\/\/stafit.ee\/ru\/pood\/"},{"@type":"ListItem","position":3,"name":"\u0417\u0438\u043c\u043d\u0438\u0435 \u043f\u043e\u043b\u0443\u0431\u043e\u0442\u0438\u043d\u043a\u0438 SNAKE S3 Cl A SRC"}]},{"@type":"WebSite","@id":"https:\/\/stafit.ee\/#website","url":"https:\/\/stafit.ee\/","name":"Stafit O\u00dc","description":"T\u00f6\u00f6riete ja ohutusvahendite jae ja hulgim\u00fc\u00fck","potentialAction":[{"@type":"SearchAction","target":{"@type":"EntryPoint","urlTemplate":"https:\/\/stafit.ee\/?s={search_term_string}"},"query-input":{"@type":"PropertyValueSpecification","valueRequired":true,"valueName":"search_term_string"}}],"inLanguage":"ru-RU"}]}},"brands":[],"_links":{"self":[{"href":"https:\/\/stafit.ee\/ru\/wp-json\/wp\/v2\/product\/51144","targetHints":{"allow":["GET"]}}],"collection":[{"href":"https:\/\/stafit.ee\/ru\/wp-json\/wp\/v2\/product"}],"about":[{"href":"https:\/\/stafit.ee\/ru\/wp-json\/wp\/v2\/types\/product"}],"wp:featuredmedia":[{"embeddable":true,"href":"https:\/\/stafit.ee\/ru\/wp-json\/wp\/v2\/media\/51129"}],"wp:attachment":[{"href":"https:\/\/stafit.ee\/ru\/wp-json\/wp\/v2\/media?parent=51144"}],"wp:term":[{"taxonomy":"pwb-brand","embeddable":true,"href":"https:\/\/stafit.ee\/ru\/wp-json\/wp\/v2\/pwb-brand?post=51144"},{"taxonomy":"product_brand","embeddable":true,"href":"https:\/\/stafit.ee\/ru\/wp-json\/wp\/v2\/product_brand?post=51144"},{"taxonomy":"product_cat","embeddable":true,"href":"https:\/\/stafit.ee\/ru\/wp-json\/wp\/v2\/product_cat?post=51144"},{"taxonomy":"product_tag","embeddable":true,"href":"https:\/\/stafit.ee\/ru\/wp-json\/wp\/v2\/product_tag?post=51144"}],"curies":[{"name":"wp","href":"https:\/\/api.w.org\/{rel}","templated":true}]}}