{"id":50135,"date":"2022-10-04T04:03:24","date_gmt":"2022-10-04T01:03:24","guid":{"rendered":"https:\/\/stafit.ee\/toode\/%d1%84%d0%b0%d1%80%d1%82%d1%83%d0%ba-parigi\/"},"modified":"2026-04-08T18:20:47","modified_gmt":"2026-04-08T15:20:47","slug":"%d1%84%d0%b0%d1%80%d1%82%d1%83%d0%ba-parigi","status":"publish","type":"product","link":"https:\/\/stafit.ee\/ru\/tovar\/%d1%84%d0%b0%d1%80%d1%82%d1%83%d0%ba-parigi\/","title":{"rendered":"\u0424\u0430\u0440\u0442\u0443\u043a PARIGI"},"content":{"rendered":"<ul>\n<li>100% \u0445\u043b\u043e\u043f\u043e\u043a, 168 \u0433\/\u043c\u00b2<\/li>\n<li>90&#215;70 \u0441\u043c<\/li>\n<li>\u0443\u043d\u0438\u0432\u0435\u0440\u0441\u0430\u043b\u044c\u043d\u044b\u0439 \u0440\u0430\u0437\u043c\u0435\u0440<\/li>\n<li>1 \u043a\u0430\u0440\u043c\u0430\u043d<\/li>\n<\/ul>\n","protected":false},"excerpt":{"rendered":"<p>100% \u0445\u043b\u043e\u043f\u043e\u043a, 168 \u0433\/\u043c\u00b2 90&#215;70 \u0441\u043c \u0443\u043d\u0438\u0432\u0435\u0440\u0441\u0430\u043b\u044c\u043d\u044b\u0439 \u0440\u0430\u0437\u043c\u0435\u0440 1 \u043a\u0430\u0440\u043c\u0430\u043d<\/p>\n","protected":false},"featured_media":52776,"template":"","meta":[],"pwb-brand":[],"product_brand":[],"product_cat":[533],"product_tag":[],"class_list":{"0":"post-50135","1":"product","2":"type-product","3":"status-publish","4":"has-post-thumbnail","6":"product_cat-533","8":"first","9":"instock","10":"taxable","11":"shipping-taxable","12":"purchasable","13":"product-type-variable"},"yoast_head":"<!-- This site is optimized with the Yoast SEO plugin v27.0 - https:\/\/yoast.com\/product\/yoast-seo-wordpress\/ -->\n<title>\u0424\u0430\u0440\u0442\u0443\u043a PARIGI - Stafit O\u00dc<\/title>\n<meta name=\"robots\" content=\"index, follow, max-snippet:-1, max-image-preview:large, max-video-preview:-1\" \/>\n<link rel=\"canonical\" href=\"https:\/\/stafit.ee\/ru\/tovar\/\u0444\u0430\u0440\u0442\u0443\u043a-parigi\/\" \/>\n<meta property=\"og:locale\" content=\"ru_RU\" \/>\n<meta property=\"og:type\" content=\"article\" \/>\n<meta property=\"og:title\" content=\"\u0424\u0430\u0440\u0442\u0443\u043a PARIGI - Stafit O\u00dc\" \/>\n<meta property=\"og:description\" content=\"100% \u0445\u043b\u043e\u043f\u043e\u043a, 168 \u0433\/\u043c\u00b2 90&#215;70 \u0441\u043c \u0443\u043d\u0438\u0432\u0435\u0440\u0441\u0430\u043b\u044c\u043d\u044b\u0439 \u0440\u0430\u0437\u043c\u0435\u0440 1 \u043a\u0430\u0440\u043c\u0430\u043d\" \/>\n<meta property=\"og:url\" content=\"https:\/\/stafit.ee\/ru\/tovar\/\u0444\u0430\u0440\u0442\u0443\u043a-parigi\/\" \/>\n<meta property=\"og:site_name\" content=\"Stafit O\u00dc\" \/>\n<meta property=\"article:modified_time\" content=\"2026-04-08T15:20:47+00:00\" \/>\n<meta property=\"og:image\" content=\"https:\/\/stafit.ee\/wp-content\/uploads\/2022\/10\/22P08H478-01.jpg\" \/>\n\t<meta property=\"og:image:width\" content=\"800\" \/>\n\t<meta property=\"og:image:height\" content=\"800\" \/>\n\t<meta property=\"og:image:type\" content=\"image\/jpeg\" \/>\n<meta name=\"twitter:card\" content=\"summary_large_image\" \/>\n<script type=\"application\/ld+json\" class=\"yoast-schema-graph\">{\"@context\":\"https:\/\/schema.org\",\"@graph\":[{\"@type\":\"WebPage\",\"@id\":\"https:\/\/stafit.ee\/ru\/tovar\/%d1%84%d0%b0%d1%80%d1%82%d1%83%d0%ba-parigi\/\",\"url\":\"https:\/\/stafit.ee\/ru\/tovar\/%d1%84%d0%b0%d1%80%d1%82%d1%83%d0%ba-parigi\/\",\"name\":\"\u0424\u0430\u0440\u0442\u0443\u043a PARIGI - Stafit O\u00dc\",\"isPartOf\":{\"@id\":\"https:\/\/stafit.ee\/#website\"},\"primaryImageOfPage\":{\"@id\":\"https:\/\/stafit.ee\/ru\/tovar\/%d1%84%d0%b0%d1%80%d1%82%d1%83%d0%ba-parigi\/#primaryimage\"},\"image\":{\"@id\":\"https:\/\/stafit.ee\/ru\/tovar\/%d1%84%d0%b0%d1%80%d1%82%d1%83%d0%ba-parigi\/#primaryimage\"},\"thumbnailUrl\":\"https:\/\/stafit.ee\/wp-content\/uploads\/2022\/10\/22P08H478-01.jpg\",\"datePublished\":\"2022-10-04T01:03:24+00:00\",\"dateModified\":\"2026-04-08T15:20:47+00:00\",\"breadcrumb\":{\"@id\":\"https:\/\/stafit.ee\/ru\/tovar\/%d1%84%d0%b0%d1%80%d1%82%d1%83%d0%ba-parigi\/#breadcrumb\"},\"inLanguage\":\"ru-RU\",\"potentialAction\":[{\"@type\":\"ReadAction\",\"target\":[\"https:\/\/stafit.ee\/ru\/tovar\/%d1%84%d0%b0%d1%80%d1%82%d1%83%d0%ba-parigi\/\"]}]},{\"@type\":\"ImageObject\",\"inLanguage\":\"ru-RU\",\"@id\":\"https:\/\/stafit.ee\/ru\/tovar\/%d1%84%d0%b0%d1%80%d1%82%d1%83%d0%ba-parigi\/#primaryimage\",\"url\":\"https:\/\/stafit.ee\/wp-content\/uploads\/2022\/10\/22P08H478-01.jpg\",\"contentUrl\":\"https:\/\/stafit.ee\/wp-content\/uploads\/2022\/10\/22P08H478-01.jpg\",\"width\":800,\"height\":800},{\"@type\":\"BreadcrumbList\",\"@id\":\"https:\/\/stafit.ee\/ru\/tovar\/%d1%84%d0%b0%d1%80%d1%82%d1%83%d0%ba-parigi\/#breadcrumb\",\"itemListElement\":[{\"@type\":\"ListItem\",\"position\":1,\"name\":\"Home\",\"item\":\"https:\/\/stafit.ee\/ru\/\"},{\"@type\":\"ListItem\",\"position\":2,\"name\":\"\u041c\u0430\u0433\u0430\u0437\u0438\u043d\",\"item\":\"https:\/\/stafit.ee\/ru\/pood\/\"},{\"@type\":\"ListItem\",\"position\":3,\"name\":\"\u0424\u0430\u0440\u0442\u0443\u043a PARIGI\"}]},{\"@type\":\"WebSite\",\"@id\":\"https:\/\/stafit.ee\/#website\",\"url\":\"https:\/\/stafit.ee\/\",\"name\":\"Stafit O\u00dc\",\"description\":\"T\u00f6\u00f6riete ja ohutusvahendite jae ja hulgim\u00fc\u00fck\",\"potentialAction\":[{\"@type\":\"SearchAction\",\"target\":{\"@type\":\"EntryPoint\",\"urlTemplate\":\"https:\/\/stafit.ee\/?s={search_term_string}\"},\"query-input\":{\"@type\":\"PropertyValueSpecification\",\"valueRequired\":true,\"valueName\":\"search_term_string\"}}],\"inLanguage\":\"ru-RU\"}]}<\/script>\n<!-- \/ Yoast SEO plugin. -->","yoast_head_json":{"title":"\u0424\u0430\u0440\u0442\u0443\u043a PARIGI - Stafit O\u00dc","robots":{"index":"index","follow":"follow","max-snippet":"max-snippet:-1","max-image-preview":"max-image-preview:large","max-video-preview":"max-video-preview:-1"},"canonical":"https:\/\/stafit.ee\/ru\/tovar\/\u0444\u0430\u0440\u0442\u0443\u043a-parigi\/","og_locale":"ru_RU","og_type":"article","og_title":"\u0424\u0430\u0440\u0442\u0443\u043a PARIGI - Stafit O\u00dc","og_description":"100% \u0445\u043b\u043e\u043f\u043e\u043a, 168 \u0433\/\u043c\u00b2 90&#215;70 \u0441\u043c \u0443\u043d\u0438\u0432\u0435\u0440\u0441\u0430\u043b\u044c\u043d\u044b\u0439 \u0440\u0430\u0437\u043c\u0435\u0440 1 \u043a\u0430\u0440\u043c\u0430\u043d","og_url":"https:\/\/stafit.ee\/ru\/tovar\/\u0444\u0430\u0440\u0442\u0443\u043a-parigi\/","og_site_name":"Stafit O\u00dc","article_modified_time":"2026-04-08T15:20:47+00:00","og_image":[{"width":800,"height":800,"url":"https:\/\/stafit.ee\/wp-content\/uploads\/2022\/10\/22P08H478-01.jpg","type":"image\/jpeg"}],"twitter_card":"summary_large_image","schema":{"@context":"https:\/\/schema.org","@graph":[{"@type":"WebPage","@id":"https:\/\/stafit.ee\/ru\/tovar\/%d1%84%d0%b0%d1%80%d1%82%d1%83%d0%ba-parigi\/","url":"https:\/\/stafit.ee\/ru\/tovar\/%d1%84%d0%b0%d1%80%d1%82%d1%83%d0%ba-parigi\/","name":"\u0424\u0430\u0440\u0442\u0443\u043a PARIGI - Stafit O\u00dc","isPartOf":{"@id":"https:\/\/stafit.ee\/#website"},"primaryImageOfPage":{"@id":"https:\/\/stafit.ee\/ru\/tovar\/%d1%84%d0%b0%d1%80%d1%82%d1%83%d0%ba-parigi\/#primaryimage"},"image":{"@id":"https:\/\/stafit.ee\/ru\/tovar\/%d1%84%d0%b0%d1%80%d1%82%d1%83%d0%ba-parigi\/#primaryimage"},"thumbnailUrl":"https:\/\/stafit.ee\/wp-content\/uploads\/2022\/10\/22P08H478-01.jpg","datePublished":"2022-10-04T01:03:24+00:00","dateModified":"2026-04-08T15:20:47+00:00","breadcrumb":{"@id":"https:\/\/stafit.ee\/ru\/tovar\/%d1%84%d0%b0%d1%80%d1%82%d1%83%d0%ba-parigi\/#breadcrumb"},"inLanguage":"ru-RU","potentialAction":[{"@type":"ReadAction","target":["https:\/\/stafit.ee\/ru\/tovar\/%d1%84%d0%b0%d1%80%d1%82%d1%83%d0%ba-parigi\/"]}]},{"@type":"ImageObject","inLanguage":"ru-RU","@id":"https:\/\/stafit.ee\/ru\/tovar\/%d1%84%d0%b0%d1%80%d1%82%d1%83%d0%ba-parigi\/#primaryimage","url":"https:\/\/stafit.ee\/wp-content\/uploads\/2022\/10\/22P08H478-01.jpg","contentUrl":"https:\/\/stafit.ee\/wp-content\/uploads\/2022\/10\/22P08H478-01.jpg","width":800,"height":800},{"@type":"BreadcrumbList","@id":"https:\/\/stafit.ee\/ru\/tovar\/%d1%84%d0%b0%d1%80%d1%82%d1%83%d0%ba-parigi\/#breadcrumb","itemListElement":[{"@type":"ListItem","position":1,"name":"Home","item":"https:\/\/stafit.ee\/ru\/"},{"@type":"ListItem","position":2,"name":"\u041c\u0430\u0433\u0430\u0437\u0438\u043d","item":"https:\/\/stafit.ee\/ru\/pood\/"},{"@type":"ListItem","position":3,"name":"\u0424\u0430\u0440\u0442\u0443\u043a PARIGI"}]},{"@type":"WebSite","@id":"https:\/\/stafit.ee\/#website","url":"https:\/\/stafit.ee\/","name":"Stafit O\u00dc","description":"T\u00f6\u00f6riete ja ohutusvahendite jae ja hulgim\u00fc\u00fck","potentialAction":[{"@type":"SearchAction","target":{"@type":"EntryPoint","urlTemplate":"https:\/\/stafit.ee\/?s={search_term_string}"},"query-input":{"@type":"PropertyValueSpecification","valueRequired":true,"valueName":"search_term_string"}}],"inLanguage":"ru-RU"}]}},"brands":[],"_links":{"self":[{"href":"https:\/\/stafit.ee\/ru\/wp-json\/wp\/v2\/product\/50135","targetHints":{"allow":["GET"]}}],"collection":[{"href":"https:\/\/stafit.ee\/ru\/wp-json\/wp\/v2\/product"}],"about":[{"href":"https:\/\/stafit.ee\/ru\/wp-json\/wp\/v2\/types\/product"}],"wp:featuredmedia":[{"embeddable":true,"href":"https:\/\/stafit.ee\/ru\/wp-json\/wp\/v2\/media\/52776"}],"wp:attachment":[{"href":"https:\/\/stafit.ee\/ru\/wp-json\/wp\/v2\/media?parent=50135"}],"wp:term":[{"taxonomy":"pwb-brand","embeddable":true,"href":"https:\/\/stafit.ee\/ru\/wp-json\/wp\/v2\/pwb-brand?post=50135"},{"taxonomy":"product_brand","embeddable":true,"href":"https:\/\/stafit.ee\/ru\/wp-json\/wp\/v2\/product_brand?post=50135"},{"taxonomy":"product_cat","embeddable":true,"href":"https:\/\/stafit.ee\/ru\/wp-json\/wp\/v2\/product_cat?post=50135"},{"taxonomy":"product_tag","embeddable":true,"href":"https:\/\/stafit.ee\/ru\/wp-json\/wp\/v2\/product_tag?post=50135"}],"curies":[{"name":"wp","href":"https:\/\/api.w.org\/{rel}","templated":true}]}}