{"id":49536,"date":"2022-08-04T04:02:57","date_gmt":"2022-08-04T01:02:57","guid":{"rendered":"https:\/\/stafit.ee\/toode\/%d0%bc%d0%b8%d0%ba%d1%80%d0%be%d1%84%d0%bb%d0%b8%d1%81-%d0%b6%d0%b5%d0%bd%d1%81%d0%ba%d0%b8%d0%b9-shift-%d1%81%d0%b5%d1%80%d1%8b%d0%b9\/"},"modified":"2026-02-10T13:27:55","modified_gmt":"2026-02-10T11:27:55","slug":"%d0%bc%d0%b8%d0%ba%d1%80%d0%be%d1%84%d0%bb%d0%b8%d1%81-%d0%b6%d0%b5%d0%bd%d1%81%d0%ba%d0%b8%d0%b9-shift-%d1%81%d0%b5%d1%80%d1%8b%d0%b9","status":"publish","type":"product","link":"https:\/\/stafit.ee\/ru\/tovar\/%d0%bc%d0%b8%d0%ba%d1%80%d0%be%d1%84%d0%bb%d0%b8%d1%81-%d0%b6%d0%b5%d0%bd%d1%81%d0%ba%d0%b8%d0%b9-shift-%d1%81%d0%b5%d1%80%d1%8b%d0%b9\/","title":{"rendered":"\u041c\u0438\u043a\u0440\u043e\u0444\u043b\u0438\u0441 \u0436\u0435\u043d\u0441\u043a\u0438\u0439 Shift \u0441\u0435\u0440\u044b\u0439"},"content":{"rendered":"<p>\u041c\u0438\u043a\u0440\u043e\u0444\u043b\u0438\u0441, 100% \u043f\u0435\u0440\u0435\u0440\u0430\u0431\u043e\u0442\u0430\u043d\u043d\u044b\u0439 \u043f\u043e\u043b\u0438\u044d\u0441\u0442\u0435\u0440, 300 \u0433\/\u043c\u00b2.<\/p>\n<p>\u041f\u0440\u0435\u0438\u043c\u0443\u0449\u0435\u0441\u0442\u0432\u0430 \u043c\u0438\u043a\u0440\u043e\u0444\u043b\u0438\u0441\u0430:<br \/>\n\u2014 \u043c\u0438\u043a\u0440\u043e\u0444\u043b\u0438\u0441 \u043d\u0435\u043e\u0431\u044b\u0447\u0430\u0439\u043d\u043e \u043c\u044f\u0433\u043a\u0438\u0439 \u0438 \u043a\u043e\u043c\u0444\u043e\u0440\u0442\u043d\u044b\u0439 \u043c\u0430\u0442\u0435\u0440\u0438\u0430\u043b, \u043a\u043e\u0442\u043e\u0440\u044b\u0439 \u043e\u0442\u043b\u0438\u0447\u043d\u043e \u0441\u043e\u0445\u0440\u0430\u043d\u044f\u0435\u0442 \u0442\u0435\u043f\u043b\u043e \u0438 \u043f\u0440\u0438 \u044d\u0442\u043e\u043c \u043f\u0440\u043e\u043f\u0443\u0441\u043a\u0430\u0435\u0442 \u0432\u043e\u0437\u0434\u0443\u0445;<br \/>\n\u2014 \u0442\u043a\u0430\u043d\u044c \u0445\u043e\u0440\u043e\u0448\u043e \u0442\u044f\u043d\u0435\u0442\u0441\u044f \u0438 \u043d\u0435 \u0441\u043a\u043e\u0432\u044b\u0432\u0430\u0435\u0442 \u0434\u0432\u0438\u0436\u0435\u043d\u0438\u0439;<br \/>\n\u2014 \u043f\u0440\u043e\u0447\u043d\u0430\u044f \u0442\u043a\u0430\u043d\u044c, \u043d\u0435 \u0441\u043a\u043b\u043e\u043d\u043d\u0430\u044f \u043a \u043e\u0431\u0440\u0430\u0437\u043e\u0432\u0430\u043d\u0438\u044e \u043a\u0430\u0442\u044b\u0448\u043a\u043e\u0432;<br \/>\n\u2014 \u043c\u0430\u0442\u0435\u0440\u0438\u0430\u043b \u043f\u0440\u043e\u0441\u0442\u043e\u0439 \u0432 \u0443\u0445\u043e\u0434\u0435 \u0438 \u0431\u044b\u0441\u0442\u0440\u043e \u0441\u043e\u0445\u043d\u0435\u0442.<\/p>\n<ul>\n<li>\u0421\u0435\u0440\u0442\u0438\u0444\u0438\u0446\u0438\u0440\u043e\u0432\u0430\u043d\u043d\u044b\u0439 \u043f\u0435\u0440\u0435\u0440\u0430\u0431\u043e\u0442\u0430\u043d\u043d\u044b\u0439 \u043f\u043e\u043b\u0438\u044d\u0441\u0442\u0435\u0440;<\/li>\n<li>\u0441\u043b\u0435\u0433\u043a\u0430 \u043f\u0440\u0438\u0442\u0430\u043b\u0435\u043d\u043d\u044b\u0439 \u043f\u043e\u043a\u0440\u043e\u0439 \u0441 \u0431\u043e\u043a\u043e\u0432\u044b\u043c\u0438 \u0448\u0432\u0430\u043c\u0438;<\/li>\n<li>\u0437\u0430\u043c\u043e\u043a-\u043c\u043e\u043b\u043d\u0438\u044f;<\/li>\n<li>\u0432\u043d\u0443\u0442\u0440\u0435\u043d\u043d\u0438\u0439 \u0432\u044b\u0440\u0435\u0437 \u043e\u0442\u0434\u0435\u043b\u0430\u043d \u0442\u0435\u0441\u044c\u043c\u043e\u0439;<\/li>\n<li>\u043a\u0430\u0440\u043c\u0430\u043d\u044b \u043d\u0430 \u043c\u043e\u043b\u043d\u0438\u0438;<\/li>\n<li>\u0434\u0435\u043a\u043e\u0440\u0430\u0442\u0438\u0432\u043d\u0430\u044f \u0441\u0442\u0440\u043e\u0447\u043a\u0430;<\/li>\n<li>\u043a\u043e\u043d\u0442\u0440\u0430\u0441\u0442\u043d\u044b\u0435 \u0434\u0435\u0442\u0430\u043b\u0438.<\/li>\n<\/ul>\n","protected":false},"excerpt":{"rendered":"<p>\u041c\u0438\u043a\u0440\u043e\u0444\u043b\u0438\u0441, 100% \u043f\u0435\u0440\u0435\u0440\u0430\u0431\u043e\u0442\u0430\u043d\u043d\u044b\u0439 \u043f\u043e\u043b\u0438\u044d\u0441\u0442\u0435\u0440, 300 \u0433\/\u043c\u00b2. \u041f\u0440\u0435\u0438\u043c\u0443\u0449\u0435\u0441\u0442\u0432\u0430 \u043c\u0438\u043a\u0440\u043e\u0444\u043b\u0438\u0441\u0430: \u2014 \u043c\u0438\u043a\u0440\u043e\u0444\u043b\u0438\u0441 \u043d\u0435\u043e\u0431\u044b\u0447\u0430\u0439\u043d\u043e \u043c\u044f\u0433\u043a\u0438\u0439 \u0438 \u043a\u043e\u043c\u0444\u043e\u0440\u0442\u043d\u044b\u0439 \u043c\u0430\u0442\u0435\u0440\u0438\u0430\u043b, \u043a\u043e\u0442\u043e\u0440\u044b\u0439 \u043e\u0442\u043b\u0438\u0447\u043d\u043e \u0441\u043e\u0445\u0440\u0430\u043d\u044f\u0435\u0442 \u0442\u0435\u043f\u043b\u043e \u0438 \u043f\u0440\u0438 \u044d\u0442\u043e\u043c \u043f\u0440\u043e\u043f\u0443\u0441\u043a\u0430\u0435\u0442 \u0432\u043e\u0437\u0434\u0443\u0445; \u2014 \u0442\u043a\u0430\u043d\u044c \u0445\u043e\u0440\u043e\u0448\u043e \u0442\u044f\u043d\u0435\u0442\u0441\u044f \u0438 \u043d\u0435 \u0441\u043a\u043e\u0432\u044b\u0432\u0430\u0435\u0442 \u0434\u0432\u0438\u0436\u0435\u043d\u0438\u0439; \u2014 \u043f\u0440\u043e\u0447\u043d\u0430\u044f \u0442\u043a\u0430\u043d\u044c, \u043d\u0435 \u0441\u043a\u043b\u043e\u043d\u043d\u0430\u044f \u043a \u043e\u0431\u0440\u0430\u0437\u043e\u0432\u0430\u043d\u0438\u044e \u043a\u0430\u0442\u044b\u0448\u043a\u043e\u0432; \u2014 \u043c\u0430\u0442\u0435\u0440\u0438\u0430\u043b \u043f\u0440\u043e\u0441\u0442\u043e\u0439 \u0432 \u0443\u0445\u043e\u0434\u0435 \u0438 \u0431\u044b\u0441\u0442\u0440\u043e \u0441\u043e\u0445\u043d\u0435\u0442. \u0421\u0435\u0440\u0442\u0438\u0444\u0438\u0446\u0438\u0440\u043e\u0432\u0430\u043d\u043d\u044b\u0439 \u043f\u0435\u0440\u0435\u0440\u0430\u0431\u043e\u0442\u0430\u043d\u043d\u044b\u0439 \u043f\u043e\u043b\u0438\u044d\u0441\u0442\u0435\u0440; \u0441\u043b\u0435\u0433\u043a\u0430 \u043f\u0440\u0438\u0442\u0430\u043b\u0435\u043d\u043d\u044b\u0439 \u043f\u043e\u043a\u0440\u043e\u0439 \u0441&#8230;<\/p>\n","protected":false},"featured_media":49524,"template":"","meta":[],"pwb-brand":[321],"product_brand":[],"product_cat":[375],"product_tag":[],"class_list":{"0":"post-49536","1":"product","2":"type-product","3":"status-publish","4":"has-post-thumbnail","6":"pwb-brand-malfini","7":"product_cat---ru","9":"first","10":"instock","11":"taxable","12":"shipping-taxable","13":"purchasable","14":"product-type-variable"},"yoast_head":"<!-- This site is optimized with the Yoast SEO plugin v27.0 - https:\/\/yoast.com\/product\/yoast-seo-wordpress\/ -->\n<title>\u041c\u0438\u043a\u0440\u043e\u0444\u043b\u0438\u0441 \u0436\u0435\u043d\u0441\u043a\u0438\u0439 Shift \u0441\u0435\u0440\u044b\u0439 - Stafit O\u00dc<\/title>\n<meta name=\"robots\" content=\"index, follow, max-snippet:-1, max-image-preview:large, max-video-preview:-1\" \/>\n<link rel=\"canonical\" href=\"https:\/\/stafit.ee\/ru\/tovar\/\u043c\u0438\u043a\u0440\u043e\u0444\u043b\u0438\u0441-\u0436\u0435\u043d\u0441\u043a\u0438\u0439-shift-\u0441\u0435\u0440\u044b\u0439\/\" \/>\n<meta property=\"og:locale\" content=\"ru_RU\" \/>\n<meta property=\"og:type\" content=\"article\" \/>\n<meta property=\"og:title\" content=\"\u041c\u0438\u043a\u0440\u043e\u0444\u043b\u0438\u0441 \u0436\u0435\u043d\u0441\u043a\u0438\u0439 Shift \u0441\u0435\u0440\u044b\u0439 - Stafit O\u00dc\" \/>\n<meta property=\"og:description\" content=\"\u041c\u0438\u043a\u0440\u043e\u0444\u043b\u0438\u0441, 100% \u043f\u0435\u0440\u0435\u0440\u0430\u0431\u043e\u0442\u0430\u043d\u043d\u044b\u0439 \u043f\u043e\u043b\u0438\u044d\u0441\u0442\u0435\u0440, 300 \u0433\/\u043c\u00b2. \u041f\u0440\u0435\u0438\u043c\u0443\u0449\u0435\u0441\u0442\u0432\u0430 \u043c\u0438\u043a\u0440\u043e\u0444\u043b\u0438\u0441\u0430: \u2014 \u043c\u0438\u043a\u0440\u043e\u0444\u043b\u0438\u0441 \u043d\u0435\u043e\u0431\u044b\u0447\u0430\u0439\u043d\u043e \u043c\u044f\u0433\u043a\u0438\u0439 \u0438 \u043a\u043e\u043c\u0444\u043e\u0440\u0442\u043d\u044b\u0439 \u043c\u0430\u0442\u0435\u0440\u0438\u0430\u043b, \u043a\u043e\u0442\u043e\u0440\u044b\u0439 \u043e\u0442\u043b\u0438\u0447\u043d\u043e \u0441\u043e\u0445\u0440\u0430\u043d\u044f\u0435\u0442 \u0442\u0435\u043f\u043b\u043e \u0438 \u043f\u0440\u0438 \u044d\u0442\u043e\u043c \u043f\u0440\u043e\u043f\u0443\u0441\u043a\u0430\u0435\u0442 \u0432\u043e\u0437\u0434\u0443\u0445; \u2014 \u0442\u043a\u0430\u043d\u044c \u0445\u043e\u0440\u043e\u0448\u043e \u0442\u044f\u043d\u0435\u0442\u0441\u044f \u0438 \u043d\u0435 \u0441\u043a\u043e\u0432\u044b\u0432\u0430\u0435\u0442 \u0434\u0432\u0438\u0436\u0435\u043d\u0438\u0439; \u2014 \u043f\u0440\u043e\u0447\u043d\u0430\u044f \u0442\u043a\u0430\u043d\u044c, \u043d\u0435 \u0441\u043a\u043b\u043e\u043d\u043d\u0430\u044f \u043a \u043e\u0431\u0440\u0430\u0437\u043e\u0432\u0430\u043d\u0438\u044e \u043a\u0430\u0442\u044b\u0448\u043a\u043e\u0432; \u2014 \u043c\u0430\u0442\u0435\u0440\u0438\u0430\u043b \u043f\u0440\u043e\u0441\u0442\u043e\u0439 \u0432 \u0443\u0445\u043e\u0434\u0435 \u0438 \u0431\u044b\u0441\u0442\u0440\u043e \u0441\u043e\u0445\u043d\u0435\u0442. \u0421\u0435\u0440\u0442\u0438\u0444\u0438\u0446\u0438\u0440\u043e\u0432\u0430\u043d\u043d\u044b\u0439 \u043f\u0435\u0440\u0435\u0440\u0430\u0431\u043e\u0442\u0430\u043d\u043d\u044b\u0439 \u043f\u043e\u043b\u0438\u044d\u0441\u0442\u0435\u0440; \u0441\u043b\u0435\u0433\u043a\u0430 \u043f\u0440\u0438\u0442\u0430\u043b\u0435\u043d\u043d\u044b\u0439 \u043f\u043e\u043a\u0440\u043e\u0439 \u0441...\" \/>\n<meta property=\"og:url\" content=\"https:\/\/stafit.ee\/ru\/tovar\/\u043c\u0438\u043a\u0440\u043e\u0444\u043b\u0438\u0441-\u0436\u0435\u043d\u0441\u043a\u0438\u0439-shift-\u0441\u0435\u0440\u044b\u0439\/\" \/>\n<meta property=\"og:site_name\" content=\"Stafit O\u00dc\" \/>\n<meta property=\"article:modified_time\" content=\"2026-02-10T11:27:55+00:00\" \/>\n<meta property=\"og:image\" content=\"https:\/\/stafit.ee\/wp-content\/uploads\/2022\/08\/851_m3_a.jpg\" \/>\n\t<meta property=\"og:image:width\" content=\"2000\" \/>\n\t<meta property=\"og:image:height\" content=\"2000\" \/>\n\t<meta property=\"og:image:type\" content=\"image\/jpeg\" \/>\n<meta name=\"twitter:card\" content=\"summary_large_image\" \/>\n<script type=\"application\/ld+json\" class=\"yoast-schema-graph\">{\"@context\":\"https:\/\/schema.org\",\"@graph\":[{\"@type\":\"WebPage\",\"@id\":\"https:\/\/stafit.ee\/ru\/tovar\/%d0%bc%d0%b8%d0%ba%d1%80%d0%be%d1%84%d0%bb%d0%b8%d1%81-%d0%b6%d0%b5%d0%bd%d1%81%d0%ba%d0%b8%d0%b9-shift-%d1%81%d0%b5%d1%80%d1%8b%d0%b9\/\",\"url\":\"https:\/\/stafit.ee\/ru\/tovar\/%d0%bc%d0%b8%d0%ba%d1%80%d0%be%d1%84%d0%bb%d0%b8%d1%81-%d0%b6%d0%b5%d0%bd%d1%81%d0%ba%d0%b8%d0%b9-shift-%d1%81%d0%b5%d1%80%d1%8b%d0%b9\/\",\"name\":\"\u041c\u0438\u043a\u0440\u043e\u0444\u043b\u0438\u0441 \u0436\u0435\u043d\u0441\u043a\u0438\u0439 Shift \u0441\u0435\u0440\u044b\u0439 - Stafit O\u00dc\",\"isPartOf\":{\"@id\":\"https:\/\/stafit.ee\/#website\"},\"primaryImageOfPage\":{\"@id\":\"https:\/\/stafit.ee\/ru\/tovar\/%d0%bc%d0%b8%d0%ba%d1%80%d0%be%d1%84%d0%bb%d0%b8%d1%81-%d0%b6%d0%b5%d0%bd%d1%81%d0%ba%d0%b8%d0%b9-shift-%d1%81%d0%b5%d1%80%d1%8b%d0%b9\/#primaryimage\"},\"image\":{\"@id\":\"https:\/\/stafit.ee\/ru\/tovar\/%d0%bc%d0%b8%d0%ba%d1%80%d0%be%d1%84%d0%bb%d0%b8%d1%81-%d0%b6%d0%b5%d0%bd%d1%81%d0%ba%d0%b8%d0%b9-shift-%d1%81%d0%b5%d1%80%d1%8b%d0%b9\/#primaryimage\"},\"thumbnailUrl\":\"https:\/\/stafit.ee\/wp-content\/uploads\/2022\/08\/851_m3_a.jpg\",\"datePublished\":\"2022-08-04T01:02:57+00:00\",\"dateModified\":\"2026-02-10T11:27:55+00:00\",\"breadcrumb\":{\"@id\":\"https:\/\/stafit.ee\/ru\/tovar\/%d0%bc%d0%b8%d0%ba%d1%80%d0%be%d1%84%d0%bb%d0%b8%d1%81-%d0%b6%d0%b5%d0%bd%d1%81%d0%ba%d0%b8%d0%b9-shift-%d1%81%d0%b5%d1%80%d1%8b%d0%b9\/#breadcrumb\"},\"inLanguage\":\"ru-RU\",\"potentialAction\":[{\"@type\":\"ReadAction\",\"target\":[\"https:\/\/stafit.ee\/ru\/tovar\/%d0%bc%d0%b8%d0%ba%d1%80%d0%be%d1%84%d0%bb%d0%b8%d1%81-%d0%b6%d0%b5%d0%bd%d1%81%d0%ba%d0%b8%d0%b9-shift-%d1%81%d0%b5%d1%80%d1%8b%d0%b9\/\"]}]},{\"@type\":\"ImageObject\",\"inLanguage\":\"ru-RU\",\"@id\":\"https:\/\/stafit.ee\/ru\/tovar\/%d0%bc%d0%b8%d0%ba%d1%80%d0%be%d1%84%d0%bb%d0%b8%d1%81-%d0%b6%d0%b5%d0%bd%d1%81%d0%ba%d0%b8%d0%b9-shift-%d1%81%d0%b5%d1%80%d1%8b%d0%b9\/#primaryimage\",\"url\":\"https:\/\/stafit.ee\/wp-content\/uploads\/2022\/08\/851_m3_a.jpg\",\"contentUrl\":\"https:\/\/stafit.ee\/wp-content\/uploads\/2022\/08\/851_m3_a.jpg\",\"width\":2000,\"height\":2000},{\"@type\":\"BreadcrumbList\",\"@id\":\"https:\/\/stafit.ee\/ru\/tovar\/%d0%bc%d0%b8%d0%ba%d1%80%d0%be%d1%84%d0%bb%d0%b8%d1%81-%d0%b6%d0%b5%d0%bd%d1%81%d0%ba%d0%b8%d0%b9-shift-%d1%81%d0%b5%d1%80%d1%8b%d0%b9\/#breadcrumb\",\"itemListElement\":[{\"@type\":\"ListItem\",\"position\":1,\"name\":\"Home\",\"item\":\"https:\/\/stafit.ee\/ru\/\"},{\"@type\":\"ListItem\",\"position\":2,\"name\":\"\u041c\u0430\u0433\u0430\u0437\u0438\u043d\",\"item\":\"https:\/\/stafit.ee\/ru\/pood\/\"},{\"@type\":\"ListItem\",\"position\":3,\"name\":\"\u041c\u0438\u043a\u0440\u043e\u0444\u043b\u0438\u0441 \u0436\u0435\u043d\u0441\u043a\u0438\u0439 Shift \u0441\u0435\u0440\u044b\u0439\"}]},{\"@type\":\"WebSite\",\"@id\":\"https:\/\/stafit.ee\/#website\",\"url\":\"https:\/\/stafit.ee\/\",\"name\":\"Stafit O\u00dc\",\"description\":\"T\u00f6\u00f6riete ja ohutusvahendite jae ja hulgim\u00fc\u00fck\",\"potentialAction\":[{\"@type\":\"SearchAction\",\"target\":{\"@type\":\"EntryPoint\",\"urlTemplate\":\"https:\/\/stafit.ee\/?s={search_term_string}\"},\"query-input\":{\"@type\":\"PropertyValueSpecification\",\"valueRequired\":true,\"valueName\":\"search_term_string\"}}],\"inLanguage\":\"ru-RU\"}]}<\/script>\n<!-- \/ Yoast SEO plugin. -->","yoast_head_json":{"title":"\u041c\u0438\u043a\u0440\u043e\u0444\u043b\u0438\u0441 \u0436\u0435\u043d\u0441\u043a\u0438\u0439 Shift \u0441\u0435\u0440\u044b\u0439 - Stafit O\u00dc","robots":{"index":"index","follow":"follow","max-snippet":"max-snippet:-1","max-image-preview":"max-image-preview:large","max-video-preview":"max-video-preview:-1"},"canonical":"https:\/\/stafit.ee\/ru\/tovar\/\u043c\u0438\u043a\u0440\u043e\u0444\u043b\u0438\u0441-\u0436\u0435\u043d\u0441\u043a\u0438\u0439-shift-\u0441\u0435\u0440\u044b\u0439\/","og_locale":"ru_RU","og_type":"article","og_title":"\u041c\u0438\u043a\u0440\u043e\u0444\u043b\u0438\u0441 \u0436\u0435\u043d\u0441\u043a\u0438\u0439 Shift \u0441\u0435\u0440\u044b\u0439 - Stafit O\u00dc","og_description":"\u041c\u0438\u043a\u0440\u043e\u0444\u043b\u0438\u0441, 100% \u043f\u0435\u0440\u0435\u0440\u0430\u0431\u043e\u0442\u0430\u043d\u043d\u044b\u0439 \u043f\u043e\u043b\u0438\u044d\u0441\u0442\u0435\u0440, 300 \u0433\/\u043c\u00b2. \u041f\u0440\u0435\u0438\u043c\u0443\u0449\u0435\u0441\u0442\u0432\u0430 \u043c\u0438\u043a\u0440\u043e\u0444\u043b\u0438\u0441\u0430: \u2014 \u043c\u0438\u043a\u0440\u043e\u0444\u043b\u0438\u0441 \u043d\u0435\u043e\u0431\u044b\u0447\u0430\u0439\u043d\u043e \u043c\u044f\u0433\u043a\u0438\u0439 \u0438 \u043a\u043e\u043c\u0444\u043e\u0440\u0442\u043d\u044b\u0439 \u043c\u0430\u0442\u0435\u0440\u0438\u0430\u043b, \u043a\u043e\u0442\u043e\u0440\u044b\u0439 \u043e\u0442\u043b\u0438\u0447\u043d\u043e \u0441\u043e\u0445\u0440\u0430\u043d\u044f\u0435\u0442 \u0442\u0435\u043f\u043b\u043e \u0438 \u043f\u0440\u0438 \u044d\u0442\u043e\u043c \u043f\u0440\u043e\u043f\u0443\u0441\u043a\u0430\u0435\u0442 \u0432\u043e\u0437\u0434\u0443\u0445; \u2014 \u0442\u043a\u0430\u043d\u044c \u0445\u043e\u0440\u043e\u0448\u043e \u0442\u044f\u043d\u0435\u0442\u0441\u044f \u0438 \u043d\u0435 \u0441\u043a\u043e\u0432\u044b\u0432\u0430\u0435\u0442 \u0434\u0432\u0438\u0436\u0435\u043d\u0438\u0439; \u2014 \u043f\u0440\u043e\u0447\u043d\u0430\u044f \u0442\u043a\u0430\u043d\u044c, \u043d\u0435 \u0441\u043a\u043b\u043e\u043d\u043d\u0430\u044f \u043a \u043e\u0431\u0440\u0430\u0437\u043e\u0432\u0430\u043d\u0438\u044e \u043a\u0430\u0442\u044b\u0448\u043a\u043e\u0432; \u2014 \u043c\u0430\u0442\u0435\u0440\u0438\u0430\u043b \u043f\u0440\u043e\u0441\u0442\u043e\u0439 \u0432 \u0443\u0445\u043e\u0434\u0435 \u0438 \u0431\u044b\u0441\u0442\u0440\u043e \u0441\u043e\u0445\u043d\u0435\u0442. \u0421\u0435\u0440\u0442\u0438\u0444\u0438\u0446\u0438\u0440\u043e\u0432\u0430\u043d\u043d\u044b\u0439 \u043f\u0435\u0440\u0435\u0440\u0430\u0431\u043e\u0442\u0430\u043d\u043d\u044b\u0439 \u043f\u043e\u043b\u0438\u044d\u0441\u0442\u0435\u0440; \u0441\u043b\u0435\u0433\u043a\u0430 \u043f\u0440\u0438\u0442\u0430\u043b\u0435\u043d\u043d\u044b\u0439 \u043f\u043e\u043a\u0440\u043e\u0439 \u0441...","og_url":"https:\/\/stafit.ee\/ru\/tovar\/\u043c\u0438\u043a\u0440\u043e\u0444\u043b\u0438\u0441-\u0436\u0435\u043d\u0441\u043a\u0438\u0439-shift-\u0441\u0435\u0440\u044b\u0439\/","og_site_name":"Stafit O\u00dc","article_modified_time":"2026-02-10T11:27:55+00:00","og_image":[{"width":2000,"height":2000,"url":"https:\/\/stafit.ee\/wp-content\/uploads\/2022\/08\/851_m3_a.jpg","type":"image\/jpeg"}],"twitter_card":"summary_large_image","schema":{"@context":"https:\/\/schema.org","@graph":[{"@type":"WebPage","@id":"https:\/\/stafit.ee\/ru\/tovar\/%d0%bc%d0%b8%d0%ba%d1%80%d0%be%d1%84%d0%bb%d0%b8%d1%81-%d0%b6%d0%b5%d0%bd%d1%81%d0%ba%d0%b8%d0%b9-shift-%d1%81%d0%b5%d1%80%d1%8b%d0%b9\/","url":"https:\/\/stafit.ee\/ru\/tovar\/%d0%bc%d0%b8%d0%ba%d1%80%d0%be%d1%84%d0%bb%d0%b8%d1%81-%d0%b6%d0%b5%d0%bd%d1%81%d0%ba%d0%b8%d0%b9-shift-%d1%81%d0%b5%d1%80%d1%8b%d0%b9\/","name":"\u041c\u0438\u043a\u0440\u043e\u0444\u043b\u0438\u0441 \u0436\u0435\u043d\u0441\u043a\u0438\u0439 Shift \u0441\u0435\u0440\u044b\u0439 - Stafit O\u00dc","isPartOf":{"@id":"https:\/\/stafit.ee\/#website"},"primaryImageOfPage":{"@id":"https:\/\/stafit.ee\/ru\/tovar\/%d0%bc%d0%b8%d0%ba%d1%80%d0%be%d1%84%d0%bb%d0%b8%d1%81-%d0%b6%d0%b5%d0%bd%d1%81%d0%ba%d0%b8%d0%b9-shift-%d1%81%d0%b5%d1%80%d1%8b%d0%b9\/#primaryimage"},"image":{"@id":"https:\/\/stafit.ee\/ru\/tovar\/%d0%bc%d0%b8%d0%ba%d1%80%d0%be%d1%84%d0%bb%d0%b8%d1%81-%d0%b6%d0%b5%d0%bd%d1%81%d0%ba%d0%b8%d0%b9-shift-%d1%81%d0%b5%d1%80%d1%8b%d0%b9\/#primaryimage"},"thumbnailUrl":"https:\/\/stafit.ee\/wp-content\/uploads\/2022\/08\/851_m3_a.jpg","datePublished":"2022-08-04T01:02:57+00:00","dateModified":"2026-02-10T11:27:55+00:00","breadcrumb":{"@id":"https:\/\/stafit.ee\/ru\/tovar\/%d0%bc%d0%b8%d0%ba%d1%80%d0%be%d1%84%d0%bb%d0%b8%d1%81-%d0%b6%d0%b5%d0%bd%d1%81%d0%ba%d0%b8%d0%b9-shift-%d1%81%d0%b5%d1%80%d1%8b%d0%b9\/#breadcrumb"},"inLanguage":"ru-RU","potentialAction":[{"@type":"ReadAction","target":["https:\/\/stafit.ee\/ru\/tovar\/%d0%bc%d0%b8%d0%ba%d1%80%d0%be%d1%84%d0%bb%d0%b8%d1%81-%d0%b6%d0%b5%d0%bd%d1%81%d0%ba%d0%b8%d0%b9-shift-%d1%81%d0%b5%d1%80%d1%8b%d0%b9\/"]}]},{"@type":"ImageObject","inLanguage":"ru-RU","@id":"https:\/\/stafit.ee\/ru\/tovar\/%d0%bc%d0%b8%d0%ba%d1%80%d0%be%d1%84%d0%bb%d0%b8%d1%81-%d0%b6%d0%b5%d0%bd%d1%81%d0%ba%d0%b8%d0%b9-shift-%d1%81%d0%b5%d1%80%d1%8b%d0%b9\/#primaryimage","url":"https:\/\/stafit.ee\/wp-content\/uploads\/2022\/08\/851_m3_a.jpg","contentUrl":"https:\/\/stafit.ee\/wp-content\/uploads\/2022\/08\/851_m3_a.jpg","width":2000,"height":2000},{"@type":"BreadcrumbList","@id":"https:\/\/stafit.ee\/ru\/tovar\/%d0%bc%d0%b8%d0%ba%d1%80%d0%be%d1%84%d0%bb%d0%b8%d1%81-%d0%b6%d0%b5%d0%bd%d1%81%d0%ba%d0%b8%d0%b9-shift-%d1%81%d0%b5%d1%80%d1%8b%d0%b9\/#breadcrumb","itemListElement":[{"@type":"ListItem","position":1,"name":"Home","item":"https:\/\/stafit.ee\/ru\/"},{"@type":"ListItem","position":2,"name":"\u041c\u0430\u0433\u0430\u0437\u0438\u043d","item":"https:\/\/stafit.ee\/ru\/pood\/"},{"@type":"ListItem","position":3,"name":"\u041c\u0438\u043a\u0440\u043e\u0444\u043b\u0438\u0441 \u0436\u0435\u043d\u0441\u043a\u0438\u0439 Shift \u0441\u0435\u0440\u044b\u0439"}]},{"@type":"WebSite","@id":"https:\/\/stafit.ee\/#website","url":"https:\/\/stafit.ee\/","name":"Stafit O\u00dc","description":"T\u00f6\u00f6riete ja ohutusvahendite jae ja hulgim\u00fc\u00fck","potentialAction":[{"@type":"SearchAction","target":{"@type":"EntryPoint","urlTemplate":"https:\/\/stafit.ee\/?s={search_term_string}"},"query-input":{"@type":"PropertyValueSpecification","valueRequired":true,"valueName":"search_term_string"}}],"inLanguage":"ru-RU"}]}},"brands":[{"id":321,"name":"Malfini","slug":"malfini"}],"_links":{"self":[{"href":"https:\/\/stafit.ee\/ru\/wp-json\/wp\/v2\/product\/49536","targetHints":{"allow":["GET"]}}],"collection":[{"href":"https:\/\/stafit.ee\/ru\/wp-json\/wp\/v2\/product"}],"about":[{"href":"https:\/\/stafit.ee\/ru\/wp-json\/wp\/v2\/types\/product"}],"wp:featuredmedia":[{"embeddable":true,"href":"https:\/\/stafit.ee\/ru\/wp-json\/wp\/v2\/media\/49524"}],"wp:attachment":[{"href":"https:\/\/stafit.ee\/ru\/wp-json\/wp\/v2\/media?parent=49536"}],"wp:term":[{"taxonomy":"pwb-brand","embeddable":true,"href":"https:\/\/stafit.ee\/ru\/wp-json\/wp\/v2\/pwb-brand?post=49536"},{"taxonomy":"product_brand","embeddable":true,"href":"https:\/\/stafit.ee\/ru\/wp-json\/wp\/v2\/product_brand?post=49536"},{"taxonomy":"product_cat","embeddable":true,"href":"https:\/\/stafit.ee\/ru\/wp-json\/wp\/v2\/product_cat?post=49536"},{"taxonomy":"product_tag","embeddable":true,"href":"https:\/\/stafit.ee\/ru\/wp-json\/wp\/v2\/product_tag?post=49536"}],"curies":[{"name":"wp","href":"https:\/\/api.w.org\/{rel}","templated":true}]}}