{"id":48898,"date":"2022-05-03T12:05:08","date_gmt":"2022-05-03T09:05:08","guid":{"rendered":"https:\/\/stafit.ee\/toode\/%d0%bd%d0%b0%d0%b1%d0%be%d1%80-%d0%b8%d0%bd%d1%81%d1%82%d1%80%d1%83%d0%bc%d0%b5%d0%bd%d1%82%d0%be%d0%b2-hogert-1-2-3-8-1-4-222-%d1%88%d1%82\/"},"modified":"2026-04-08T18:24:51","modified_gmt":"2026-04-08T15:24:51","slug":"%d0%bd%d0%b0%d0%b1%d0%be%d1%80-%d0%b8%d0%bd%d1%81%d1%82%d1%80%d1%83%d0%bc%d0%b5%d0%bd%d1%82%d0%be%d0%b2-hogert-1-2-3-8-1-4-222-%d1%88%d1%82","status":"publish","type":"product","link":"https:\/\/stafit.ee\/ru\/tovar\/%d0%bd%d0%b0%d0%b1%d0%be%d1%80-%d0%b8%d0%bd%d1%81%d1%82%d1%80%d1%83%d0%bc%d0%b5%d0%bd%d1%82%d0%be%d0%b2-hogert-1-2-3-8-1-4-222-%d1%88%d1%82\/","title":{"rendered":"\u041d\u0430\u0431\u043e\u0440 \u0438\u043d\u0441\u0442\u0440\u0443\u043c\u0435\u043d\u0442\u043e\u0432 H\u00f6gert 1\/2\u201d, 3\/8\u201d, 1\/4\u201d, 222 \u0448\u0442."},"content":{"rendered":"<p>\u041f\u043e\u043b\u043d\u044b\u0439 \u043d\u0430\u0431\u043e\u0440 \u0433\u043e\u043b\u043e\u0432\u043e\u043a, \u043e\u0442\u0432\u0435\u0440\u0442\u043e\u0447\u043d\u044b\u0445 \u0431\u0438\u0442 \u0438 \u0430\u043a\u0441\u0435\u0441\u0441\u0443\u0430\u0440\u043e\u0432 1\/2\u201d, 3\/8\u201d, 1\/4\u201d (222 \u043f\u0440\u0435\u0434\u043c\u0435\u0442\u0430).<\/p>\n<p>&#8212; \u0422\u043e\u0440\u0446\u0435\u0432\u044b\u0435 \u0433\u043e\u043b\u043e\u0432\u043a\u0438, \u0431\u0438\u0442\u044b \u0438 \u0430\u043a\u0441\u0435\u0441\u0441\u0443\u0430\u0440\u044b \u0438\u0437\u0433\u043e\u0442\u043e\u0432\u043b\u0435\u043d\u044b \u0438\u0437 \u0432\u044b\u0441\u043e\u043a\u043e\u043a\u0430\u0447\u0435\u0441\u0442\u0432\u0435\u043d\u043d\u043e\u0439 \u043b\u0435\u0433\u0438\u0440\u043e\u0432\u0430\u043d\u043d\u043e\u0439 \u0441\u0442\u0430\u043b\u0438 CrV;<br \/>\n&#8212; \u0443\u0441\u0442\u043e\u0439\u0447\u0438\u0432\u044b \u043a \u0438\u043d\u0442\u0435\u043d\u0441\u0438\u0432\u043d\u044b\u043c \u043d\u0430\u0433\u0440\u0443\u0437\u043a\u0430\u043c;<br \/>\n&#8212; \u0438\u0437\u0433\u043e\u0442\u043e\u0432\u043b\u0435\u043d\u044b \u043a\u043e\u0432\u043a\u043e\u0439;<br \/>\n&#8212; \u0445\u0440\u0430\u043f\u043e\u0432\u0438\u043a\u0438 \u0442\u0440\u0435\u0449\u043e\u0442\u043e\u043a \u0441 72 \u0437\u0443\u0431\u044c\u044f\u043c\u0438 \u0438\u0437\u0433\u043e\u0442\u043e\u0432\u043b\u0435\u043d\u044b \u0438\u0437 \u043b\u0435\u0433\u0438\u0440\u043e\u0432\u0430\u043d\u043d\u043e\u0439 \u0441\u0442\u0430\u043b\u0438 CrMo, \u0443\u0432\u0435\u043b\u0438\u0447\u0438\u0432\u0430\u044e\u0449\u0435\u0439 \u043d\u0430\u0434\u0435\u0436\u043d\u043e\u0441\u0442\u044c \u0438 \u0434\u043e\u043b\u0433\u043e\u0432\u0435\u0447\u043d\u043e\u0441\u0442\u044c \u043c\u0435\u0445\u0430\u043d\u0438\u0437\u043c\u0430;<br \/>\n&#8212; \u043d\u0430\u0431\u043e\u0440 \u043f\u043e\u0441\u0442\u0430\u0432\u043b\u044f\u0435\u0442\u0441\u044f \u0432 \u0434\u0432\u0443\u0445\u0446\u0432\u0435\u0442\u043d\u043e\u043c \u043a\u0435\u0439\u0441\u0435 \u0441 \u043c\u0435\u0442\u0430\u043b\u043b\u0438\u0447\u0435\u0441\u043a\u0438\u043c\u0438 \u0437\u0430\u043c\u043a\u0430\u043c\u0438 \u0438 \u043f\u0435\u0442\u043b\u044f\u043c\u0438;<br \/>\n&#8212; \u043f\u0440\u0430\u043a\u0442\u0438\u0447\u043d\u043e\u0435 \u0438 \u0443\u0434\u043e\u0431\u043d\u043e\u0435 \u0440\u0430\u0437\u043c\u0435\u0449\u0435\u043d\u0438\u0435 \u043a\u043e\u043c\u043f\u043b\u0435\u043a\u0442\u0443\u044e\u0449\u0438\u0445 \u043d\u0430\u0431\u043e\u0440\u0430 \u0432 \u0448\u0442\u0430\u0442\u043d\u044b\u0445 \u043c\u0435\u0441\u0442\u0430\u0445.<\/p>\n<p><strong>\u041d\u0430\u0431\u043e\u0440 \u0432\u043a\u043b\u044e\u0447\u0430\u0435\u0442:<\/strong><br \/>\n\u041a\u043e\u043c\u0431\u0438\u043d\u0438\u0440\u043e\u0432\u0430\u043d\u043d\u044b\u0435 \u043a\u043b\u044e\u0447\u0438: 8 \/ 9 \/ 10 \/ 11 \/ 12 \/ 13 \/ 14 \/ 15 \/ 16 \/ 17 \/ 18 \/ 19 \u043c\u043c.<br \/>\n\u0422\u0440\u0435\u0449\u043e\u0442\u043a\u0430 1\/2\u201d \u0441 72 \u0437\u0443\u0431\u044c\u044f\u043c\u0438.<br \/>\n\u0413\u043e\u043b\u043e\u0432\u043a\u0438 \u0442\u043e\u0440\u0446\u0435\u0432\u044b\u0435 1\/2\u201d: 10 \/ 11 \/ 12 \/ 13 \/ 14 \/ 15 \/ 17 \/ 19 \/ 20 \/ 21 \/ 22 \/ 24 \/ 27 \/ 30 \/ 32 \u043c\u043c.<br \/>\n\u0413\u043e\u043b\u043e\u0432\u043a\u0438 \u0433\u043b\u0443\u0431\u043e\u043a\u0438\u0435 1\/2\u201d: 16 \/ 17 \/ 18 \/ 19 \/ 22 \u043c\u043c.<br \/>\n\u0413\u043e\u043b\u043e\u0432\u043a\u0438 \u0441\u0432\u0435\u0447\u043d\u044b\u0435 \u0448\u0435\u0441\u0442\u0438\u0433\u0440\u0430\u043d\u043d\u044b\u0435 1\/2\u201d: 16 \/ 21 \u043c\u043c.<br \/>\n\u0413\u043e\u043b\u043e\u0432\u043a\u0438 Torx 1\/2\u201d: E18 \/ E20 \/ E22 \/ E24.<br \/>\nT-\u043e\u0431\u0440\u0430\u0437\u043d\u044b\u0439 \u0432\u043e\u0440\u043e\u0442\u043e\u043a-\u0443\u0434\u043b\u0438\u043d\u0438\u0442\u0435\u043b\u044c 1\/2\u201d 254 \u043c\u043c.<br \/>\n\u0423\u0434\u043b\u0438\u043d\u0438\u0442\u0435\u043b\u044c 1\/2\u201d 125 \u043c\u043c.<br \/>\n\u0428\u0430\u0440\u043d\u0438\u0440 \u043a\u0430\u0440\u0434\u0430\u043d\u043d\u044b\u0439 1\/2\u201d.<br \/>\n\u0411\u0438\u0442\u043e\u0434\u0435\u0440\u0436\u0430\u0442\u0435\u043b\u044c 1\/2\u201d \u0434\u043b\u044f \u0431\u0438\u0442 5\/16\u201d.<br \/>\n\u0422\u043e\u0440\u0446\u0435\u0432\u044b\u0435 \u043d\u0430\u0441\u0430\u0434\u043a\u0438 1\/2\u201d: T55\/ T60.<br \/>\n\u0422\u0440\u0435\u0449\u043e\u0442\u043a\u0430 3\/8\u201d \u0441 72 \u0437\u0443\u0431\u044c\u044f\u043c\u0438.<br \/>\n\u0413\u043e\u043b\u043e\u0432\u043a\u0438 \u0442\u043e\u0440\u0446\u0435\u0432\u044b\u0435 3\/8\u201d: 10 \/ 11 \/ 12 \/ 13 \/ 14 \/ 15 \/ 16 \/ 17 \/ 18 \/ 19 \u043c\u043c.<br \/>\n\u0413\u043e\u043b\u043e\u0432\u043a\u0438 \u0433\u043b\u0443\u0431\u043e\u043a\u0438\u0435 3\/8\u201d: 10 \/ 11 \/ 12 \/ 13 \/ 14 \/ 15 \u043c\u043c.<br \/>\n\u0413\u043e\u043b\u043e\u0432\u043a\u0438 Torx 3\/8\u201d: E8 \/ E10 \/ E12 \/ E14 \/ E16.<br \/>\n\u0413\u043e\u043b\u043e\u0432\u043a\u0430 \u0441\u0432\u0435\u0447\u043d\u0430\u044f \u0448\u0435\u0441\u0442\u0438\u0433\u0440\u0430\u043d\u043d\u0430\u044f 3\/8\u201d 18 \u043c\u043c.<br \/>\n\u0428\u0430\u0440\u043d\u0438\u0440 \u043a\u0430\u0440\u0434\u0430\u043d\u043d\u044b\u0439 3\/8\u201d.<br \/>\n\u0423\u0434\u043b\u0438\u043d\u0438\u0442\u0435\u043b\u044c 3\/8\u201d, 125 \u043c\u043c.<br \/>\n\u0411\u0438\u0442\u043e\u0434\u0435\u0440\u0436\u0430\u0442\u0435\u043b\u044c 3\/8\u201d \u0434\u043b\u044f \u0431\u0438\u0442 5\/16\u201d.<br \/>\n\u0422\u0440\u0435\u0449\u043e\u0442\u043a\u0430 1\/4\u201d \u0441 72 \u0437\u0443\u0431\u044c\u044f\u043c\u0438.<br \/>\n\u0413\u043e\u043b\u043e\u0432\u043a\u0438 \u0442\u043e\u0440\u0446\u0435\u0432\u044b\u0435 1\/4\u201d: 4 \/ 4,5 \/ 5 \/ 5,5 \/ 6 \/ 7 \/ 8 \/ 9 \/ 10 \/ 11 \/ 12 \/ 13 \/ 14 \u043c\u043c.<br \/>\n\u0413\u043e\u043b\u043e\u0432\u043a\u0438 \u0442\u043e\u0440\u0446\u0435\u0432\u044b\u0435 \u0433\u043b\u0443\u0431\u043e\u043a\u0438\u0435 1\/4\u201d: 4 \/ 5 \/ 6 \/ 7 \/ 8 \/ 9 \/ 10 \u043c\u043c.<br \/>\n\u0413\u043e\u043b\u043e\u0432\u043a\u0438 Torx 1\/4\u201d: E4\/ E5\/ E6\/ E7\/ E8.<br \/>\n\u0428\u0430\u0440\u043d\u0438\u0440 \u043a\u0430\u0440\u0434\u0430\u043d\u043d\u044b\u0439 1\/4\u201d.<br \/>\n\u0412\u043e\u0440\u043e\u0442\u043e\u043a \u0422-\u043e\u0431\u0440\u0430\u0437\u043d\u044b\u0439 1\/4\u201d 115 \u043c\u043c.<br \/>\n\u041e\u0442\u0432\u0435\u0440\u0442\u043a\u0430-\u0432\u043e\u0440\u043e\u0442\u043e\u043a 1\/4\u201d.<br \/>\n\u041e\u0442\u0432\u0435\u0440\u0442\u043a\u0430 \u0441 \u0434\u0435\u0440\u0436\u0430\u0442\u0435\u043b\u0435\u043c \u0434\u043b\u044f \u0431\u0438\u0442 1\/4\u201d.<br \/>\n\u0423\u0434\u043b\u0438\u043d\u0438\u0442\u0435\u043b\u0438 1\/4\u201d 50 \u0438 100 \u043c\u043c.<br \/>\n\u0411\u0438\u0442\u044b 5\/16\u201d, 30 \u043c\u043c:<br \/>\nT25 \/ T27x2 \/ T30x2 \/ T35x2 \/ T40x3 \/ T45x2 \/ T50x2<br \/>\nH5,5 \/ H6x2 \/ H7 \/ H8<br \/>\nSL6 \/ SL6,5 \/ SL8 \u043c\u043c<br \/>\nPH3 \/ PH4<br \/>\nPZ3 \/ PZ4<br \/>\nM5\/ M6 \/ M8 \/ M10<br \/>\n\u041e\u0442\u0432\u0435\u0440\u0442\u043e\u0447\u043d\u044b\u0435 \u043d\u0430\u0441\u0430\u0434\u043a\u0438 1\/4\u201d:<br \/>\nSL4 \/ SL5,5 \/ SL6,5 \/ SL7 \u043c\u043c<br \/>\nPH1\/ PH2\/ PH3<br \/>\nPZ1 \/ PZ2 \/ PZ3<br \/>\nT8 \/ T9 \/ T10 \/ T15 \/ T20 \/ T25 \/ T27 \/ T30 (TORX)<br \/>\nT8\/ T9\/ T10\/ T15\/ T20\/ T25\/ T27\/ T30 (TORX \u0441 \u043e\u0442\u0432\u0435\u0440\u0441\u0442\u0438\u0435\u043c)<br \/>\nH3\/ H4\/ H5\/ H6<br \/>\n\u041e\u0442\u0432\u0435\u0440\u0442\u043e\u0447\u043d\u044b\u0435 \u0431\u0438\u0442\u044b 1\/4\u201d, 25 \u043c\u043c:<br \/>\nSL4\/ SL5\/ SL5,5 \u043c\u043c<br \/>\nPH1\/ PH2<br \/>\nPZ1 \/ PZ2<br \/>\nT8\/ T10\/ T15\/ T20\/ T25 (TORX)<br \/>\nT10\/ T15\/ T20\/ T25\/ T40 (TORX \u0441 \u043e\u0442\u0432\u0435\u0440\u0441\u0442\u0438\u0435\u043c)<br \/>\nM5 \/ M6 \/ M8<br \/>\nTRI-WING 1 \/ 2 \/ 3<br \/>\nTORQ 6 \/ 8 \/ 10<br \/>\nSQUARE 1 \/ 2<br \/>\nSERVICE 4 \/ 6 \/ 8<br \/>\nH3 \/ H4 \/ H5 \/ H6<br \/>\nH3 \/ H4 \/ H5 \/ H6<br \/>\n\u0413-\u043e\u0431\u0440\u0430\u0437\u043d\u044b\u0435 \u0448\u0435\u0441\u0442\u0438\u0433\u0440\u0430\u043d\u043d\u044b\u0435 \u043a\u043b\u044e\u0447\u0438: 1,27&#215;2 \/ 1,5&#215;2 \/ 2&#215;2 \/ 2,5&#215;2 \/ 3&#215;2 \/ 4&#215;2 \/ 5 \u043c\u043c.<\/p>\n","protected":false},"excerpt":{"rendered":"<p>\u041f\u043e\u043b\u043d\u044b\u0439 \u043d\u0430\u0431\u043e\u0440 \u0433\u043e\u043b\u043e\u0432\u043e\u043a, \u043e\u0442\u0432\u0435\u0440\u0442\u043e\u0447\u043d\u044b\u0445 \u0431\u0438\u0442 \u0438 \u0430\u043a\u0441\u0435\u0441\u0441\u0443\u0430\u0440\u043e\u0432 1\/2\u201d, 3\/8\u201d, 1\/4\u201d (222 \u043f\u0440\u0435\u0434\u043c\u0435\u0442\u0430). &#8212; \u0422\u043e\u0440\u0446\u0435\u0432\u044b\u0435 \u0433\u043e\u043b\u043e\u0432\u043a\u0438, \u0431\u0438\u0442\u044b \u0438 \u0430\u043a\u0441\u0435\u0441\u0441\u0443\u0430\u0440\u044b \u0438\u0437\u0433\u043e\u0442\u043e\u0432\u043b\u0435\u043d\u044b \u0438\u0437 \u0432\u044b\u0441\u043e\u043a\u043e\u043a\u0430\u0447\u0435\u0441\u0442\u0432\u0435\u043d\u043d\u043e\u0439 \u043b\u0435\u0433\u0438\u0440\u043e\u0432\u0430\u043d\u043d\u043e\u0439 \u0441\u0442\u0430\u043b\u0438 CrV; &#8212; \u0443\u0441\u0442\u043e\u0439\u0447\u0438\u0432\u044b \u043a \u0438\u043d\u0442\u0435\u043d\u0441\u0438\u0432\u043d\u044b\u043c \u043d\u0430\u0433\u0440\u0443\u0437\u043a\u0430\u043c; &#8212; \u0438\u0437\u0433\u043e\u0442\u043e\u0432\u043b\u0435\u043d\u044b \u043a\u043e\u0432\u043a\u043e\u0439; &#8212; \u0445\u0440\u0430\u043f\u043e\u0432\u0438\u043a\u0438 \u0442\u0440\u0435\u0449\u043e\u0442\u043e\u043a \u0441 72 \u0437\u0443\u0431\u044c\u044f\u043c\u0438 \u0438\u0437\u0433\u043e\u0442\u043e\u0432\u043b\u0435\u043d\u044b \u0438\u0437 \u043b\u0435\u0433\u0438\u0440\u043e\u0432\u0430\u043d\u043d\u043e\u0439 \u0441\u0442\u0430\u043b\u0438 CrMo, \u0443\u0432\u0435\u043b\u0438\u0447\u0438\u0432\u0430\u044e\u0449\u0435\u0439 \u043d\u0430\u0434\u0435\u0436\u043d\u043e\u0441\u0442\u044c \u0438 \u0434\u043e\u043b\u0433\u043e\u0432\u0435\u0447\u043d\u043e\u0441\u0442\u044c \u043c\u0435\u0445\u0430\u043d\u0438\u0437\u043c\u0430; &#8212; \u043d\u0430\u0431\u043e\u0440 \u043f\u043e\u0441\u0442\u0430\u0432\u043b\u044f\u0435\u0442\u0441\u044f \u0432 \u0434\u0432\u0443\u0445\u0446\u0432\u0435\u0442\u043d\u043e\u043c \u043a\u0435\u0439\u0441\u0435 \u0441&#8230;<\/p>\n","protected":false},"featured_media":48893,"template":"","meta":[],"pwb-brand":[],"product_brand":[],"product_cat":[2326],"product_tag":[],"class_list":{"0":"post-48898","1":"product","2":"type-product","3":"status-publish","4":"has-post-thumbnail","6":"product_cat-2326","8":"first","9":"outofstock","10":"taxable","11":"shipping-taxable","12":"purchasable","13":"product-type-simple"},"yoast_head":"<!-- This site is optimized with the Yoast SEO plugin v27.0 - https:\/\/yoast.com\/product\/yoast-seo-wordpress\/ -->\n<title>\u041d\u0430\u0431\u043e\u0440 \u0438\u043d\u0441\u0442\u0440\u0443\u043c\u0435\u043d\u0442\u043e\u0432 H\u00f6gert 1\/2\u201d, 3\/8\u201d, 1\/4\u201d, 222 \u0448\u0442. - Stafit O\u00dc<\/title>\n<meta name=\"robots\" content=\"index, follow, max-snippet:-1, max-image-preview:large, max-video-preview:-1\" \/>\n<link rel=\"canonical\" href=\"https:\/\/stafit.ee\/ru\/tovar\/\u043d\u0430\u0431\u043e\u0440-\u0438\u043d\u0441\u0442\u0440\u0443\u043c\u0435\u043d\u0442\u043e\u0432-hogert-1-2-3-8-1-4-222-\u0448\u0442\/\" \/>\n<meta property=\"og:locale\" content=\"ru_RU\" \/>\n<meta property=\"og:type\" content=\"article\" \/>\n<meta property=\"og:title\" content=\"\u041d\u0430\u0431\u043e\u0440 \u0438\u043d\u0441\u0442\u0440\u0443\u043c\u0435\u043d\u0442\u043e\u0432 H\u00f6gert 1\/2\u201d, 3\/8\u201d, 1\/4\u201d, 222 \u0448\u0442. - Stafit O\u00dc\" \/>\n<meta property=\"og:description\" content=\"\u041f\u043e\u043b\u043d\u044b\u0439 \u043d\u0430\u0431\u043e\u0440 \u0433\u043e\u043b\u043e\u0432\u043e\u043a, \u043e\u0442\u0432\u0435\u0440\u0442\u043e\u0447\u043d\u044b\u0445 \u0431\u0438\u0442 \u0438 \u0430\u043a\u0441\u0435\u0441\u0441\u0443\u0430\u0440\u043e\u0432 1\/2\u201d, 3\/8\u201d, 1\/4\u201d (222 \u043f\u0440\u0435\u0434\u043c\u0435\u0442\u0430). &#8212; \u0422\u043e\u0440\u0446\u0435\u0432\u044b\u0435 \u0433\u043e\u043b\u043e\u0432\u043a\u0438, \u0431\u0438\u0442\u044b \u0438 \u0430\u043a\u0441\u0435\u0441\u0441\u0443\u0430\u0440\u044b \u0438\u0437\u0433\u043e\u0442\u043e\u0432\u043b\u0435\u043d\u044b \u0438\u0437 \u0432\u044b\u0441\u043e\u043a\u043e\u043a\u0430\u0447\u0435\u0441\u0442\u0432\u0435\u043d\u043d\u043e\u0439 \u043b\u0435\u0433\u0438\u0440\u043e\u0432\u0430\u043d\u043d\u043e\u0439 \u0441\u0442\u0430\u043b\u0438 CrV; &#8212; \u0443\u0441\u0442\u043e\u0439\u0447\u0438\u0432\u044b \u043a \u0438\u043d\u0442\u0435\u043d\u0441\u0438\u0432\u043d\u044b\u043c \u043d\u0430\u0433\u0440\u0443\u0437\u043a\u0430\u043c; &#8212; \u0438\u0437\u0433\u043e\u0442\u043e\u0432\u043b\u0435\u043d\u044b \u043a\u043e\u0432\u043a\u043e\u0439; &#8212; \u0445\u0440\u0430\u043f\u043e\u0432\u0438\u043a\u0438 \u0442\u0440\u0435\u0449\u043e\u0442\u043e\u043a \u0441 72 \u0437\u0443\u0431\u044c\u044f\u043c\u0438 \u0438\u0437\u0433\u043e\u0442\u043e\u0432\u043b\u0435\u043d\u044b \u0438\u0437 \u043b\u0435\u0433\u0438\u0440\u043e\u0432\u0430\u043d\u043d\u043e\u0439 \u0441\u0442\u0430\u043b\u0438 CrMo, \u0443\u0432\u0435\u043b\u0438\u0447\u0438\u0432\u0430\u044e\u0449\u0435\u0439 \u043d\u0430\u0434\u0435\u0436\u043d\u043e\u0441\u0442\u044c \u0438 \u0434\u043e\u043b\u0433\u043e\u0432\u0435\u0447\u043d\u043e\u0441\u0442\u044c \u043c\u0435\u0445\u0430\u043d\u0438\u0437\u043c\u0430; &#8212; \u043d\u0430\u0431\u043e\u0440 \u043f\u043e\u0441\u0442\u0430\u0432\u043b\u044f\u0435\u0442\u0441\u044f \u0432 \u0434\u0432\u0443\u0445\u0446\u0432\u0435\u0442\u043d\u043e\u043c \u043a\u0435\u0439\u0441\u0435 \u0441...\" \/>\n<meta property=\"og:url\" content=\"https:\/\/stafit.ee\/ru\/tovar\/\u043d\u0430\u0431\u043e\u0440-\u0438\u043d\u0441\u0442\u0440\u0443\u043c\u0435\u043d\u0442\u043e\u0432-hogert-1-2-3-8-1-4-222-\u0448\u0442\/\" \/>\n<meta property=\"og:site_name\" content=\"Stafit O\u00dc\" \/>\n<meta property=\"article:modified_time\" content=\"2026-04-08T15:24:51+00:00\" \/>\n<meta property=\"og:image\" content=\"https:\/\/stafit.ee\/wp-content\/uploads\/2022\/05\/HT1R444-1.jpg\" \/>\n\t<meta property=\"og:image:width\" content=\"1000\" \/>\n\t<meta property=\"og:image:height\" content=\"1000\" \/>\n\t<meta property=\"og:image:type\" content=\"image\/jpeg\" \/>\n<meta name=\"twitter:card\" content=\"summary_large_image\" \/>\n<meta name=\"twitter:label1\" content=\"\u041f\u0440\u0438\u043c\u0435\u0440\u043d\u043e\u0435 \u0432\u0440\u0435\u043c\u044f \u0434\u043b\u044f \u0447\u0442\u0435\u043d\u0438\u044f\" \/>\n\t<meta name=\"twitter:data1\" content=\"1 \u043c\u0438\u043d\u0443\u0442\u0430\" \/>\n<script type=\"application\/ld+json\" class=\"yoast-schema-graph\">{\"@context\":\"https:\/\/schema.org\",\"@graph\":[{\"@type\":\"WebPage\",\"@id\":\"https:\/\/stafit.ee\/ru\/tovar\/%d0%bd%d0%b0%d0%b1%d0%be%d1%80-%d0%b8%d0%bd%d1%81%d1%82%d1%80%d1%83%d0%bc%d0%b5%d0%bd%d1%82%d0%be%d0%b2-hogert-1-2-3-8-1-4-222-%d1%88%d1%82\/\",\"url\":\"https:\/\/stafit.ee\/ru\/tovar\/%d0%bd%d0%b0%d0%b1%d0%be%d1%80-%d0%b8%d0%bd%d1%81%d1%82%d1%80%d1%83%d0%bc%d0%b5%d0%bd%d1%82%d0%be%d0%b2-hogert-1-2-3-8-1-4-222-%d1%88%d1%82\/\",\"name\":\"\u041d\u0430\u0431\u043e\u0440 \u0438\u043d\u0441\u0442\u0440\u0443\u043c\u0435\u043d\u0442\u043e\u0432 H\u00f6gert 1\/2\u201d, 3\/8\u201d, 1\/4\u201d, 222 \u0448\u0442. - Stafit O\u00dc\",\"isPartOf\":{\"@id\":\"https:\/\/stafit.ee\/#website\"},\"primaryImageOfPage\":{\"@id\":\"https:\/\/stafit.ee\/ru\/tovar\/%d0%bd%d0%b0%d0%b1%d0%be%d1%80-%d0%b8%d0%bd%d1%81%d1%82%d1%80%d1%83%d0%bc%d0%b5%d0%bd%d1%82%d0%be%d0%b2-hogert-1-2-3-8-1-4-222-%d1%88%d1%82\/#primaryimage\"},\"image\":{\"@id\":\"https:\/\/stafit.ee\/ru\/tovar\/%d0%bd%d0%b0%d0%b1%d0%be%d1%80-%d0%b8%d0%bd%d1%81%d1%82%d1%80%d1%83%d0%bc%d0%b5%d0%bd%d1%82%d0%be%d0%b2-hogert-1-2-3-8-1-4-222-%d1%88%d1%82\/#primaryimage\"},\"thumbnailUrl\":\"https:\/\/stafit.ee\/wp-content\/uploads\/2022\/05\/HT1R444-1.jpg\",\"datePublished\":\"2022-05-03T09:05:08+00:00\",\"dateModified\":\"2026-04-08T15:24:51+00:00\",\"breadcrumb\":{\"@id\":\"https:\/\/stafit.ee\/ru\/tovar\/%d0%bd%d0%b0%d0%b1%d0%be%d1%80-%d0%b8%d0%bd%d1%81%d1%82%d1%80%d1%83%d0%bc%d0%b5%d0%bd%d1%82%d0%be%d0%b2-hogert-1-2-3-8-1-4-222-%d1%88%d1%82\/#breadcrumb\"},\"inLanguage\":\"ru-RU\",\"potentialAction\":[{\"@type\":\"ReadAction\",\"target\":[\"https:\/\/stafit.ee\/ru\/tovar\/%d0%bd%d0%b0%d0%b1%d0%be%d1%80-%d0%b8%d0%bd%d1%81%d1%82%d1%80%d1%83%d0%bc%d0%b5%d0%bd%d1%82%d0%be%d0%b2-hogert-1-2-3-8-1-4-222-%d1%88%d1%82\/\"]}]},{\"@type\":\"ImageObject\",\"inLanguage\":\"ru-RU\",\"@id\":\"https:\/\/stafit.ee\/ru\/tovar\/%d0%bd%d0%b0%d0%b1%d0%be%d1%80-%d0%b8%d0%bd%d1%81%d1%82%d1%80%d1%83%d0%bc%d0%b5%d0%bd%d1%82%d0%be%d0%b2-hogert-1-2-3-8-1-4-222-%d1%88%d1%82\/#primaryimage\",\"url\":\"https:\/\/stafit.ee\/wp-content\/uploads\/2022\/05\/HT1R444-1.jpg\",\"contentUrl\":\"https:\/\/stafit.ee\/wp-content\/uploads\/2022\/05\/HT1R444-1.jpg\",\"width\":1000,\"height\":1000},{\"@type\":\"BreadcrumbList\",\"@id\":\"https:\/\/stafit.ee\/ru\/tovar\/%d0%bd%d0%b0%d0%b1%d0%be%d1%80-%d0%b8%d0%bd%d1%81%d1%82%d1%80%d1%83%d0%bc%d0%b5%d0%bd%d1%82%d0%be%d0%b2-hogert-1-2-3-8-1-4-222-%d1%88%d1%82\/#breadcrumb\",\"itemListElement\":[{\"@type\":\"ListItem\",\"position\":1,\"name\":\"Home\",\"item\":\"https:\/\/stafit.ee\/ru\/\"},{\"@type\":\"ListItem\",\"position\":2,\"name\":\"\u041c\u0430\u0433\u0430\u0437\u0438\u043d\",\"item\":\"https:\/\/stafit.ee\/ru\/pood\/\"},{\"@type\":\"ListItem\",\"position\":3,\"name\":\"\u041d\u0430\u0431\u043e\u0440 \u0438\u043d\u0441\u0442\u0440\u0443\u043c\u0435\u043d\u0442\u043e\u0432 H\u00f6gert 1\/2\u201d, 3\/8\u201d, 1\/4\u201d, 222 \u0448\u0442.\"}]},{\"@type\":\"WebSite\",\"@id\":\"https:\/\/stafit.ee\/#website\",\"url\":\"https:\/\/stafit.ee\/\",\"name\":\"Stafit O\u00dc\",\"description\":\"T\u00f6\u00f6riete ja ohutusvahendite jae ja hulgim\u00fc\u00fck\",\"potentialAction\":[{\"@type\":\"SearchAction\",\"target\":{\"@type\":\"EntryPoint\",\"urlTemplate\":\"https:\/\/stafit.ee\/?s={search_term_string}\"},\"query-input\":{\"@type\":\"PropertyValueSpecification\",\"valueRequired\":true,\"valueName\":\"search_term_string\"}}],\"inLanguage\":\"ru-RU\"}]}<\/script>\n<!-- \/ Yoast SEO plugin. -->","yoast_head_json":{"title":"\u041d\u0430\u0431\u043e\u0440 \u0438\u043d\u0441\u0442\u0440\u0443\u043c\u0435\u043d\u0442\u043e\u0432 H\u00f6gert 1\/2\u201d, 3\/8\u201d, 1\/4\u201d, 222 \u0448\u0442. - Stafit O\u00dc","robots":{"index":"index","follow":"follow","max-snippet":"max-snippet:-1","max-image-preview":"max-image-preview:large","max-video-preview":"max-video-preview:-1"},"canonical":"https:\/\/stafit.ee\/ru\/tovar\/\u043d\u0430\u0431\u043e\u0440-\u0438\u043d\u0441\u0442\u0440\u0443\u043c\u0435\u043d\u0442\u043e\u0432-hogert-1-2-3-8-1-4-222-\u0448\u0442\/","og_locale":"ru_RU","og_type":"article","og_title":"\u041d\u0430\u0431\u043e\u0440 \u0438\u043d\u0441\u0442\u0440\u0443\u043c\u0435\u043d\u0442\u043e\u0432 H\u00f6gert 1\/2\u201d, 3\/8\u201d, 1\/4\u201d, 222 \u0448\u0442. - Stafit O\u00dc","og_description":"\u041f\u043e\u043b\u043d\u044b\u0439 \u043d\u0430\u0431\u043e\u0440 \u0433\u043e\u043b\u043e\u0432\u043e\u043a, \u043e\u0442\u0432\u0435\u0440\u0442\u043e\u0447\u043d\u044b\u0445 \u0431\u0438\u0442 \u0438 \u0430\u043a\u0441\u0435\u0441\u0441\u0443\u0430\u0440\u043e\u0432 1\/2\u201d, 3\/8\u201d, 1\/4\u201d (222 \u043f\u0440\u0435\u0434\u043c\u0435\u0442\u0430). &#8212; \u0422\u043e\u0440\u0446\u0435\u0432\u044b\u0435 \u0433\u043e\u043b\u043e\u0432\u043a\u0438, \u0431\u0438\u0442\u044b \u0438 \u0430\u043a\u0441\u0435\u0441\u0441\u0443\u0430\u0440\u044b \u0438\u0437\u0433\u043e\u0442\u043e\u0432\u043b\u0435\u043d\u044b \u0438\u0437 \u0432\u044b\u0441\u043e\u043a\u043e\u043a\u0430\u0447\u0435\u0441\u0442\u0432\u0435\u043d\u043d\u043e\u0439 \u043b\u0435\u0433\u0438\u0440\u043e\u0432\u0430\u043d\u043d\u043e\u0439 \u0441\u0442\u0430\u043b\u0438 CrV; &#8212; \u0443\u0441\u0442\u043e\u0439\u0447\u0438\u0432\u044b \u043a \u0438\u043d\u0442\u0435\u043d\u0441\u0438\u0432\u043d\u044b\u043c \u043d\u0430\u0433\u0440\u0443\u0437\u043a\u0430\u043c; &#8212; \u0438\u0437\u0433\u043e\u0442\u043e\u0432\u043b\u0435\u043d\u044b \u043a\u043e\u0432\u043a\u043e\u0439; &#8212; \u0445\u0440\u0430\u043f\u043e\u0432\u0438\u043a\u0438 \u0442\u0440\u0435\u0449\u043e\u0442\u043e\u043a \u0441 72 \u0437\u0443\u0431\u044c\u044f\u043c\u0438 \u0438\u0437\u0433\u043e\u0442\u043e\u0432\u043b\u0435\u043d\u044b \u0438\u0437 \u043b\u0435\u0433\u0438\u0440\u043e\u0432\u0430\u043d\u043d\u043e\u0439 \u0441\u0442\u0430\u043b\u0438 CrMo, \u0443\u0432\u0435\u043b\u0438\u0447\u0438\u0432\u0430\u044e\u0449\u0435\u0439 \u043d\u0430\u0434\u0435\u0436\u043d\u043e\u0441\u0442\u044c \u0438 \u0434\u043e\u043b\u0433\u043e\u0432\u0435\u0447\u043d\u043e\u0441\u0442\u044c \u043c\u0435\u0445\u0430\u043d\u0438\u0437\u043c\u0430; &#8212; \u043d\u0430\u0431\u043e\u0440 \u043f\u043e\u0441\u0442\u0430\u0432\u043b\u044f\u0435\u0442\u0441\u044f \u0432 \u0434\u0432\u0443\u0445\u0446\u0432\u0435\u0442\u043d\u043e\u043c \u043a\u0435\u0439\u0441\u0435 \u0441...","og_url":"https:\/\/stafit.ee\/ru\/tovar\/\u043d\u0430\u0431\u043e\u0440-\u0438\u043d\u0441\u0442\u0440\u0443\u043c\u0435\u043d\u0442\u043e\u0432-hogert-1-2-3-8-1-4-222-\u0448\u0442\/","og_site_name":"Stafit O\u00dc","article_modified_time":"2026-04-08T15:24:51+00:00","og_image":[{"width":1000,"height":1000,"url":"https:\/\/stafit.ee\/wp-content\/uploads\/2022\/05\/HT1R444-1.jpg","type":"image\/jpeg"}],"twitter_card":"summary_large_image","twitter_misc":{"\u041f\u0440\u0438\u043c\u0435\u0440\u043d\u043e\u0435 \u0432\u0440\u0435\u043c\u044f \u0434\u043b\u044f \u0447\u0442\u0435\u043d\u0438\u044f":"1 \u043c\u0438\u043d\u0443\u0442\u0430"},"schema":{"@context":"https:\/\/schema.org","@graph":[{"@type":"WebPage","@id":"https:\/\/stafit.ee\/ru\/tovar\/%d0%bd%d0%b0%d0%b1%d0%be%d1%80-%d0%b8%d0%bd%d1%81%d1%82%d1%80%d1%83%d0%bc%d0%b5%d0%bd%d1%82%d0%be%d0%b2-hogert-1-2-3-8-1-4-222-%d1%88%d1%82\/","url":"https:\/\/stafit.ee\/ru\/tovar\/%d0%bd%d0%b0%d0%b1%d0%be%d1%80-%d0%b8%d0%bd%d1%81%d1%82%d1%80%d1%83%d0%bc%d0%b5%d0%bd%d1%82%d0%be%d0%b2-hogert-1-2-3-8-1-4-222-%d1%88%d1%82\/","name":"\u041d\u0430\u0431\u043e\u0440 \u0438\u043d\u0441\u0442\u0440\u0443\u043c\u0435\u043d\u0442\u043e\u0432 H\u00f6gert 1\/2\u201d, 3\/8\u201d, 1\/4\u201d, 222 \u0448\u0442. - Stafit O\u00dc","isPartOf":{"@id":"https:\/\/stafit.ee\/#website"},"primaryImageOfPage":{"@id":"https:\/\/stafit.ee\/ru\/tovar\/%d0%bd%d0%b0%d0%b1%d0%be%d1%80-%d0%b8%d0%bd%d1%81%d1%82%d1%80%d1%83%d0%bc%d0%b5%d0%bd%d1%82%d0%be%d0%b2-hogert-1-2-3-8-1-4-222-%d1%88%d1%82\/#primaryimage"},"image":{"@id":"https:\/\/stafit.ee\/ru\/tovar\/%d0%bd%d0%b0%d0%b1%d0%be%d1%80-%d0%b8%d0%bd%d1%81%d1%82%d1%80%d1%83%d0%bc%d0%b5%d0%bd%d1%82%d0%be%d0%b2-hogert-1-2-3-8-1-4-222-%d1%88%d1%82\/#primaryimage"},"thumbnailUrl":"https:\/\/stafit.ee\/wp-content\/uploads\/2022\/05\/HT1R444-1.jpg","datePublished":"2022-05-03T09:05:08+00:00","dateModified":"2026-04-08T15:24:51+00:00","breadcrumb":{"@id":"https:\/\/stafit.ee\/ru\/tovar\/%d0%bd%d0%b0%d0%b1%d0%be%d1%80-%d0%b8%d0%bd%d1%81%d1%82%d1%80%d1%83%d0%bc%d0%b5%d0%bd%d1%82%d0%be%d0%b2-hogert-1-2-3-8-1-4-222-%d1%88%d1%82\/#breadcrumb"},"inLanguage":"ru-RU","potentialAction":[{"@type":"ReadAction","target":["https:\/\/stafit.ee\/ru\/tovar\/%d0%bd%d0%b0%d0%b1%d0%be%d1%80-%d0%b8%d0%bd%d1%81%d1%82%d1%80%d1%83%d0%bc%d0%b5%d0%bd%d1%82%d0%be%d0%b2-hogert-1-2-3-8-1-4-222-%d1%88%d1%82\/"]}]},{"@type":"ImageObject","inLanguage":"ru-RU","@id":"https:\/\/stafit.ee\/ru\/tovar\/%d0%bd%d0%b0%d0%b1%d0%be%d1%80-%d0%b8%d0%bd%d1%81%d1%82%d1%80%d1%83%d0%bc%d0%b5%d0%bd%d1%82%d0%be%d0%b2-hogert-1-2-3-8-1-4-222-%d1%88%d1%82\/#primaryimage","url":"https:\/\/stafit.ee\/wp-content\/uploads\/2022\/05\/HT1R444-1.jpg","contentUrl":"https:\/\/stafit.ee\/wp-content\/uploads\/2022\/05\/HT1R444-1.jpg","width":1000,"height":1000},{"@type":"BreadcrumbList","@id":"https:\/\/stafit.ee\/ru\/tovar\/%d0%bd%d0%b0%d0%b1%d0%be%d1%80-%d0%b8%d0%bd%d1%81%d1%82%d1%80%d1%83%d0%bc%d0%b5%d0%bd%d1%82%d0%be%d0%b2-hogert-1-2-3-8-1-4-222-%d1%88%d1%82\/#breadcrumb","itemListElement":[{"@type":"ListItem","position":1,"name":"Home","item":"https:\/\/stafit.ee\/ru\/"},{"@type":"ListItem","position":2,"name":"\u041c\u0430\u0433\u0430\u0437\u0438\u043d","item":"https:\/\/stafit.ee\/ru\/pood\/"},{"@type":"ListItem","position":3,"name":"\u041d\u0430\u0431\u043e\u0440 \u0438\u043d\u0441\u0442\u0440\u0443\u043c\u0435\u043d\u0442\u043e\u0432 H\u00f6gert 1\/2\u201d, 3\/8\u201d, 1\/4\u201d, 222 \u0448\u0442."}]},{"@type":"WebSite","@id":"https:\/\/stafit.ee\/#website","url":"https:\/\/stafit.ee\/","name":"Stafit O\u00dc","description":"T\u00f6\u00f6riete ja ohutusvahendite jae ja hulgim\u00fc\u00fck","potentialAction":[{"@type":"SearchAction","target":{"@type":"EntryPoint","urlTemplate":"https:\/\/stafit.ee\/?s={search_term_string}"},"query-input":{"@type":"PropertyValueSpecification","valueRequired":true,"valueName":"search_term_string"}}],"inLanguage":"ru-RU"}]}},"brands":[],"_links":{"self":[{"href":"https:\/\/stafit.ee\/ru\/wp-json\/wp\/v2\/product\/48898","targetHints":{"allow":["GET"]}}],"collection":[{"href":"https:\/\/stafit.ee\/ru\/wp-json\/wp\/v2\/product"}],"about":[{"href":"https:\/\/stafit.ee\/ru\/wp-json\/wp\/v2\/types\/product"}],"wp:featuredmedia":[{"embeddable":true,"href":"https:\/\/stafit.ee\/ru\/wp-json\/wp\/v2\/media\/48893"}],"wp:attachment":[{"href":"https:\/\/stafit.ee\/ru\/wp-json\/wp\/v2\/media?parent=48898"}],"wp:term":[{"taxonomy":"pwb-brand","embeddable":true,"href":"https:\/\/stafit.ee\/ru\/wp-json\/wp\/v2\/pwb-brand?post=48898"},{"taxonomy":"product_brand","embeddable":true,"href":"https:\/\/stafit.ee\/ru\/wp-json\/wp\/v2\/product_brand?post=48898"},{"taxonomy":"product_cat","embeddable":true,"href":"https:\/\/stafit.ee\/ru\/wp-json\/wp\/v2\/product_cat?post=48898"},{"taxonomy":"product_tag","embeddable":true,"href":"https:\/\/stafit.ee\/ru\/wp-json\/wp\/v2\/product_tag?post=48898"}],"curies":[{"name":"wp","href":"https:\/\/api.w.org\/{rel}","templated":true}]}}