{"id":47051,"date":"2022-03-24T11:13:40","date_gmt":"2022-03-24T09:13:40","guid":{"rendered":"https:\/\/stafit.ee\/toode\/%d0%bf%d1%80%d0%be%d1%82%d0%b8%d0%b2%d0%be%d0%b3%d0%b0%d0%b7%d0%be%d0%b2%d1%8b%d0%b5-%d1%84%d0%b8%d0%bb%d1%8c%d1%82%d1%80%d1%8b-polygard-abek1-6059\/"},"modified":"2026-04-08T18:15:17","modified_gmt":"2026-04-08T15:15:17","slug":"%d0%bf%d1%80%d0%be%d1%82%d0%b8%d0%b2%d0%be%d0%b3%d0%b0%d0%b7%d0%be%d0%b2%d1%8b%d0%b5-%d1%84%d0%b8%d0%bb%d1%8c%d1%82%d1%80%d1%8b-polygard-abek1-6059","status":"publish","type":"product","link":"https:\/\/stafit.ee\/ru\/tovar\/%d0%bf%d1%80%d0%be%d1%82%d0%b8%d0%b2%d0%be%d0%b3%d0%b0%d0%b7%d0%be%d0%b2%d1%8b%d0%b5-%d1%84%d0%b8%d0%bb%d1%8c%d1%82%d1%80%d1%8b-polygard-abek1-6059\/","title":{"rendered":"\u041f\u0440\u043e\u0442\u0438\u0432\u043e\u0433\u0430\u0437\u043e\u0432\u044b\u0435 \u0444\u0438\u043b\u044c\u0442\u0440\u044b PolyGard ABEK1 (6059)"},"content":{"rendered":"<ul>\n<li>\u0424\u0438\u043b\u044c\u0442\u0440\u044b \u0441 \u043a\u043b\u0430\u0441\u0441\u043e\u043c \u0437\u0430\u0449\u0438\u0442\u044b ABEK1 \u0437\u0430\u0449\u0438\u0449\u0430\u044e\u0442 \u043e\u0442 \u043e\u0440\u0433\u0430\u043d\u0438\u0447\u0435\u0441\u043a\u0438\u0445 \u043f\u0430\u0440\u043e\u0432, \u043d\u0435\u043e\u0440\u0433\u0430\u043d\u0438\u0447\u0435\u0441\u043a\u0438\u0445 \u0438 \u043a\u0438\u0441\u043b\u044b\u0445 \u0433\u0430\u0437\u043e\u0432, \u0430 \u0442\u0430\u043a\u0436\u0435 \u043e\u0442 \u0430\u043c\u043c\u0438\u0430\u043a\u0430 \u0438 \u0435\u0433\u043e \u043f\u0440\u043e\u0438\u0437\u0432\u043e\u0434\u043d\u044b\u0445.<\/li>\n<li>\u0412 \u043a\u043e\u043c\u043f\u043b\u0435\u043a\u0442\u0435 \u0434\u0432\u0430 \u043f\u0440\u043e\u0442\u0438\u0432\u043e\u0433\u0430\u0437\u043e\u0432\u044b\u0445 \u0444\u0438\u043b\u044c\u0442\u0440\u0430.<\/li>\n<li>\u0411\u043b\u0430\u0433\u043e\u0434\u0430\u0440\u044f \u0443\u043d\u0438\u043a\u0430\u043b\u044c\u043d\u043e\u0439 \u0431\u0430\u0439\u043e\u043d\u0435\u0442\u043d\u043e\u0439 \u0441\u0438\u0441\u0442\u0435\u043c\u0435 \u043a\u0440\u0435\u043f\u043b\u0435\u043d\u0438\u044f \u0444\u0438\u043b\u044c\u0442\u0440\u044b \u043c\u043e\u0436\u043d\u043e \u043e\u0447\u0435\u043d\u044c \u043b\u0435\u0433\u043a\u043e \u043f\u0440\u0438\u043a\u0440\u0435\u043f\u0438\u0442\u044c \u043a \u043c\u0430\u0441\u043a\u0435.<\/li>\n<li>\u0421\u043e\u043e\u0442\u0432\u0435\u0442\u0441\u0442\u0432\u0443\u044e\u0442 \u0442\u0440\u0435\u0431\u043e\u0432\u0430\u043d\u0438\u044f\u043c \u0441\u0442\u0430\u043d\u0434\u0430\u0440\u0442\u0430 EN 14387:2004 + A1:2008.<\/li>\n<\/ul>\n","protected":false},"excerpt":{"rendered":"<p>\u0424\u0438\u043b\u044c\u0442\u0440\u044b \u0441 \u043a\u043b\u0430\u0441\u0441\u043e\u043c \u0437\u0430\u0449\u0438\u0442\u044b ABEK1 \u0437\u0430\u0449\u0438\u0449\u0430\u044e\u0442 \u043e\u0442 \u043e\u0440\u0433\u0430\u043d\u0438\u0447\u0435\u0441\u043a\u0438\u0445 \u043f\u0430\u0440\u043e\u0432, \u043d\u0435\u043e\u0440\u0433\u0430\u043d\u0438\u0447\u0435\u0441\u043a\u0438\u0445 \u0438 \u043a\u0438\u0441\u043b\u044b\u0445 \u0433\u0430\u0437\u043e\u0432, \u0430 \u0442\u0430\u043a\u0436\u0435 \u043e\u0442 \u0430\u043c\u043c\u0438\u0430\u043a\u0430 \u0438 \u0435\u0433\u043e \u043f\u0440\u043e\u0438\u0437\u0432\u043e\u0434\u043d\u044b\u0445. \u0412 \u043a\u043e\u043c\u043f\u043b\u0435\u043a\u0442\u0435 \u0434\u0432\u0430 \u043f\u0440\u043e\u0442\u0438\u0432\u043e\u0433\u0430\u0437\u043e\u0432\u044b\u0445 \u0444\u0438\u043b\u044c\u0442\u0440\u0430. \u0411\u043b\u0430\u0433\u043e\u0434\u0430\u0440\u044f \u0443\u043d\u0438\u043a\u0430\u043b\u044c\u043d\u043e\u0439 \u0431\u0430\u0439\u043e\u043d\u0435\u0442\u043d\u043e\u0439 \u0441\u0438\u0441\u0442\u0435\u043c\u0435 \u043a\u0440\u0435\u043f\u043b\u0435\u043d\u0438\u044f \u0444\u0438\u043b\u044c\u0442\u0440\u044b \u043c\u043e\u0436\u043d\u043e \u043e\u0447\u0435\u043d\u044c \u043b\u0435\u0433\u043a\u043e \u043f\u0440\u0438\u043a\u0440\u0435\u043f\u0438\u0442\u044c \u043a \u043c\u0430\u0441\u043a\u0435. \u0421\u043e\u043e\u0442\u0432\u0435\u0442\u0441\u0442\u0432\u0443\u044e\u0442 \u0442\u0440\u0435\u0431\u043e\u0432\u0430\u043d\u0438\u044f\u043c \u0441\u0442\u0430\u043d\u0434\u0430\u0440\u0442\u0430 EN 14387:2004 + A1:2008.<\/p>\n","protected":false},"featured_media":47039,"template":"","meta":[],"pwb-brand":[],"product_brand":[],"product_cat":[529],"product_tag":[],"class_list":{"0":"post-47051","1":"product","2":"type-product","3":"status-publish","4":"has-post-thumbnail","6":"product_cat-529","8":"first","9":"instock","10":"taxable","11":"shipping-taxable","12":"purchasable","13":"product-type-simple"},"yoast_head":"<!-- This site is optimized with the Yoast SEO plugin v27.0 - https:\/\/yoast.com\/product\/yoast-seo-wordpress\/ -->\n<title>\u041f\u0440\u043e\u0442\u0438\u0432\u043e\u0433\u0430\u0437\u043e\u0432\u044b\u0435 \u0444\u0438\u043b\u044c\u0442\u0440\u044b PolyGard ABEK1 (6059) - Stafit O\u00dc<\/title>\n<meta name=\"robots\" content=\"index, follow, max-snippet:-1, max-image-preview:large, max-video-preview:-1\" \/>\n<link rel=\"canonical\" href=\"https:\/\/stafit.ee\/ru\/tovar\/\u043f\u0440\u043e\u0442\u0438\u0432\u043e\u0433\u0430\u0437\u043e\u0432\u044b\u0435-\u0444\u0438\u043b\u044c\u0442\u0440\u044b-polygard-abek1-6059\/\" \/>\n<meta property=\"og:locale\" content=\"ru_RU\" \/>\n<meta property=\"og:type\" content=\"article\" \/>\n<meta property=\"og:title\" content=\"\u041f\u0440\u043e\u0442\u0438\u0432\u043e\u0433\u0430\u0437\u043e\u0432\u044b\u0435 \u0444\u0438\u043b\u044c\u0442\u0440\u044b PolyGard ABEK1 (6059) - Stafit O\u00dc\" \/>\n<meta property=\"og:description\" content=\"\u0424\u0438\u043b\u044c\u0442\u0440\u044b \u0441 \u043a\u043b\u0430\u0441\u0441\u043e\u043c \u0437\u0430\u0449\u0438\u0442\u044b ABEK1 \u0437\u0430\u0449\u0438\u0449\u0430\u044e\u0442 \u043e\u0442 \u043e\u0440\u0433\u0430\u043d\u0438\u0447\u0435\u0441\u043a\u0438\u0445 \u043f\u0430\u0440\u043e\u0432, \u043d\u0435\u043e\u0440\u0433\u0430\u043d\u0438\u0447\u0435\u0441\u043a\u0438\u0445 \u0438 \u043a\u0438\u0441\u043b\u044b\u0445 \u0433\u0430\u0437\u043e\u0432, \u0430 \u0442\u0430\u043a\u0436\u0435 \u043e\u0442 \u0430\u043c\u043c\u0438\u0430\u043a\u0430 \u0438 \u0435\u0433\u043e \u043f\u0440\u043e\u0438\u0437\u0432\u043e\u0434\u043d\u044b\u0445. \u0412 \u043a\u043e\u043c\u043f\u043b\u0435\u043a\u0442\u0435 \u0434\u0432\u0430 \u043f\u0440\u043e\u0442\u0438\u0432\u043e\u0433\u0430\u0437\u043e\u0432\u044b\u0445 \u0444\u0438\u043b\u044c\u0442\u0440\u0430. \u0411\u043b\u0430\u0433\u043e\u0434\u0430\u0440\u044f \u0443\u043d\u0438\u043a\u0430\u043b\u044c\u043d\u043e\u0439 \u0431\u0430\u0439\u043e\u043d\u0435\u0442\u043d\u043e\u0439 \u0441\u0438\u0441\u0442\u0435\u043c\u0435 \u043a\u0440\u0435\u043f\u043b\u0435\u043d\u0438\u044f \u0444\u0438\u043b\u044c\u0442\u0440\u044b \u043c\u043e\u0436\u043d\u043e \u043e\u0447\u0435\u043d\u044c \u043b\u0435\u0433\u043a\u043e \u043f\u0440\u0438\u043a\u0440\u0435\u043f\u0438\u0442\u044c \u043a \u043c\u0430\u0441\u043a\u0435. \u0421\u043e\u043e\u0442\u0432\u0435\u0442\u0441\u0442\u0432\u0443\u044e\u0442 \u0442\u0440\u0435\u0431\u043e\u0432\u0430\u043d\u0438\u044f\u043c \u0441\u0442\u0430\u043d\u0434\u0430\u0440\u0442\u0430 EN 14387:2004 + A1:2008.\" \/>\n<meta property=\"og:url\" content=\"https:\/\/stafit.ee\/ru\/tovar\/\u043f\u0440\u043e\u0442\u0438\u0432\u043e\u0433\u0430\u0437\u043e\u0432\u044b\u0435-\u0444\u0438\u043b\u044c\u0442\u0440\u044b-polygard-abek1-6059\/\" \/>\n<meta property=\"og:site_name\" content=\"Stafit O\u00dc\" \/>\n<meta property=\"article:modified_time\" content=\"2026-04-08T15:15:17+00:00\" \/>\n<meta property=\"og:image\" content=\"https:\/\/stafit.ee\/wp-content\/uploads\/2022\/03\/703-1.jpg\" \/>\n\t<meta property=\"og:image:width\" content=\"800\" \/>\n\t<meta property=\"og:image:height\" content=\"800\" \/>\n\t<meta property=\"og:image:type\" content=\"image\/jpeg\" \/>\n<meta name=\"twitter:card\" content=\"summary_large_image\" \/>\n<script type=\"application\/ld+json\" class=\"yoast-schema-graph\">{\"@context\":\"https:\/\/schema.org\",\"@graph\":[{\"@type\":\"WebPage\",\"@id\":\"https:\/\/stafit.ee\/ru\/tovar\/%d0%bf%d1%80%d0%be%d1%82%d0%b8%d0%b2%d0%be%d0%b3%d0%b0%d0%b7%d0%be%d0%b2%d1%8b%d0%b5-%d1%84%d0%b8%d0%bb%d1%8c%d1%82%d1%80%d1%8b-polygard-abek1-6059\/\",\"url\":\"https:\/\/stafit.ee\/ru\/tovar\/%d0%bf%d1%80%d0%be%d1%82%d0%b8%d0%b2%d0%be%d0%b3%d0%b0%d0%b7%d0%be%d0%b2%d1%8b%d0%b5-%d1%84%d0%b8%d0%bb%d1%8c%d1%82%d1%80%d1%8b-polygard-abek1-6059\/\",\"name\":\"\u041f\u0440\u043e\u0442\u0438\u0432\u043e\u0433\u0430\u0437\u043e\u0432\u044b\u0435 \u0444\u0438\u043b\u044c\u0442\u0440\u044b PolyGard ABEK1 (6059) - Stafit O\u00dc\",\"isPartOf\":{\"@id\":\"https:\/\/stafit.ee\/#website\"},\"primaryImageOfPage\":{\"@id\":\"https:\/\/stafit.ee\/ru\/tovar\/%d0%bf%d1%80%d0%be%d1%82%d0%b8%d0%b2%d0%be%d0%b3%d0%b0%d0%b7%d0%be%d0%b2%d1%8b%d0%b5-%d1%84%d0%b8%d0%bb%d1%8c%d1%82%d1%80%d1%8b-polygard-abek1-6059\/#primaryimage\"},\"image\":{\"@id\":\"https:\/\/stafit.ee\/ru\/tovar\/%d0%bf%d1%80%d0%be%d1%82%d0%b8%d0%b2%d0%be%d0%b3%d0%b0%d0%b7%d0%be%d0%b2%d1%8b%d0%b5-%d1%84%d0%b8%d0%bb%d1%8c%d1%82%d1%80%d1%8b-polygard-abek1-6059\/#primaryimage\"},\"thumbnailUrl\":\"https:\/\/stafit.ee\/wp-content\/uploads\/2022\/03\/703-1.jpg\",\"datePublished\":\"2022-03-24T09:13:40+00:00\",\"dateModified\":\"2026-04-08T15:15:17+00:00\",\"breadcrumb\":{\"@id\":\"https:\/\/stafit.ee\/ru\/tovar\/%d0%bf%d1%80%d0%be%d1%82%d0%b8%d0%b2%d0%be%d0%b3%d0%b0%d0%b7%d0%be%d0%b2%d1%8b%d0%b5-%d1%84%d0%b8%d0%bb%d1%8c%d1%82%d1%80%d1%8b-polygard-abek1-6059\/#breadcrumb\"},\"inLanguage\":\"ru-RU\",\"potentialAction\":[{\"@type\":\"ReadAction\",\"target\":[\"https:\/\/stafit.ee\/ru\/tovar\/%d0%bf%d1%80%d0%be%d1%82%d0%b8%d0%b2%d0%be%d0%b3%d0%b0%d0%b7%d0%be%d0%b2%d1%8b%d0%b5-%d1%84%d0%b8%d0%bb%d1%8c%d1%82%d1%80%d1%8b-polygard-abek1-6059\/\"]}]},{\"@type\":\"ImageObject\",\"inLanguage\":\"ru-RU\",\"@id\":\"https:\/\/stafit.ee\/ru\/tovar\/%d0%bf%d1%80%d0%be%d1%82%d0%b8%d0%b2%d0%be%d0%b3%d0%b0%d0%b7%d0%be%d0%b2%d1%8b%d0%b5-%d1%84%d0%b8%d0%bb%d1%8c%d1%82%d1%80%d1%8b-polygard-abek1-6059\/#primaryimage\",\"url\":\"https:\/\/stafit.ee\/wp-content\/uploads\/2022\/03\/703-1.jpg\",\"contentUrl\":\"https:\/\/stafit.ee\/wp-content\/uploads\/2022\/03\/703-1.jpg\",\"width\":800,\"height\":800},{\"@type\":\"BreadcrumbList\",\"@id\":\"https:\/\/stafit.ee\/ru\/tovar\/%d0%bf%d1%80%d0%be%d1%82%d0%b8%d0%b2%d0%be%d0%b3%d0%b0%d0%b7%d0%be%d0%b2%d1%8b%d0%b5-%d1%84%d0%b8%d0%bb%d1%8c%d1%82%d1%80%d1%8b-polygard-abek1-6059\/#breadcrumb\",\"itemListElement\":[{\"@type\":\"ListItem\",\"position\":1,\"name\":\"Home\",\"item\":\"https:\/\/stafit.ee\/ru\/\"},{\"@type\":\"ListItem\",\"position\":2,\"name\":\"\u041c\u0430\u0433\u0430\u0437\u0438\u043d\",\"item\":\"https:\/\/stafit.ee\/ru\/pood\/\"},{\"@type\":\"ListItem\",\"position\":3,\"name\":\"\u041f\u0440\u043e\u0442\u0438\u0432\u043e\u0433\u0430\u0437\u043e\u0432\u044b\u0435 \u0444\u0438\u043b\u044c\u0442\u0440\u044b PolyGard ABEK1 (6059)\"}]},{\"@type\":\"WebSite\",\"@id\":\"https:\/\/stafit.ee\/#website\",\"url\":\"https:\/\/stafit.ee\/\",\"name\":\"Stafit O\u00dc\",\"description\":\"T\u00f6\u00f6riete ja ohutusvahendite jae ja hulgim\u00fc\u00fck\",\"potentialAction\":[{\"@type\":\"SearchAction\",\"target\":{\"@type\":\"EntryPoint\",\"urlTemplate\":\"https:\/\/stafit.ee\/?s={search_term_string}\"},\"query-input\":{\"@type\":\"PropertyValueSpecification\",\"valueRequired\":true,\"valueName\":\"search_term_string\"}}],\"inLanguage\":\"ru-RU\"}]}<\/script>\n<!-- \/ Yoast SEO plugin. -->","yoast_head_json":{"title":"\u041f\u0440\u043e\u0442\u0438\u0432\u043e\u0433\u0430\u0437\u043e\u0432\u044b\u0435 \u0444\u0438\u043b\u044c\u0442\u0440\u044b PolyGard ABEK1 (6059) - Stafit O\u00dc","robots":{"index":"index","follow":"follow","max-snippet":"max-snippet:-1","max-image-preview":"max-image-preview:large","max-video-preview":"max-video-preview:-1"},"canonical":"https:\/\/stafit.ee\/ru\/tovar\/\u043f\u0440\u043e\u0442\u0438\u0432\u043e\u0433\u0430\u0437\u043e\u0432\u044b\u0435-\u0444\u0438\u043b\u044c\u0442\u0440\u044b-polygard-abek1-6059\/","og_locale":"ru_RU","og_type":"article","og_title":"\u041f\u0440\u043e\u0442\u0438\u0432\u043e\u0433\u0430\u0437\u043e\u0432\u044b\u0435 \u0444\u0438\u043b\u044c\u0442\u0440\u044b PolyGard ABEK1 (6059) - Stafit O\u00dc","og_description":"\u0424\u0438\u043b\u044c\u0442\u0440\u044b \u0441 \u043a\u043b\u0430\u0441\u0441\u043e\u043c \u0437\u0430\u0449\u0438\u0442\u044b ABEK1 \u0437\u0430\u0449\u0438\u0449\u0430\u044e\u0442 \u043e\u0442 \u043e\u0440\u0433\u0430\u043d\u0438\u0447\u0435\u0441\u043a\u0438\u0445 \u043f\u0430\u0440\u043e\u0432, \u043d\u0435\u043e\u0440\u0433\u0430\u043d\u0438\u0447\u0435\u0441\u043a\u0438\u0445 \u0438 \u043a\u0438\u0441\u043b\u044b\u0445 \u0433\u0430\u0437\u043e\u0432, \u0430 \u0442\u0430\u043a\u0436\u0435 \u043e\u0442 \u0430\u043c\u043c\u0438\u0430\u043a\u0430 \u0438 \u0435\u0433\u043e \u043f\u0440\u043e\u0438\u0437\u0432\u043e\u0434\u043d\u044b\u0445. \u0412 \u043a\u043e\u043c\u043f\u043b\u0435\u043a\u0442\u0435 \u0434\u0432\u0430 \u043f\u0440\u043e\u0442\u0438\u0432\u043e\u0433\u0430\u0437\u043e\u0432\u044b\u0445 \u0444\u0438\u043b\u044c\u0442\u0440\u0430. \u0411\u043b\u0430\u0433\u043e\u0434\u0430\u0440\u044f \u0443\u043d\u0438\u043a\u0430\u043b\u044c\u043d\u043e\u0439 \u0431\u0430\u0439\u043e\u043d\u0435\u0442\u043d\u043e\u0439 \u0441\u0438\u0441\u0442\u0435\u043c\u0435 \u043a\u0440\u0435\u043f\u043b\u0435\u043d\u0438\u044f \u0444\u0438\u043b\u044c\u0442\u0440\u044b \u043c\u043e\u0436\u043d\u043e \u043e\u0447\u0435\u043d\u044c \u043b\u0435\u0433\u043a\u043e \u043f\u0440\u0438\u043a\u0440\u0435\u043f\u0438\u0442\u044c \u043a \u043c\u0430\u0441\u043a\u0435. \u0421\u043e\u043e\u0442\u0432\u0435\u0442\u0441\u0442\u0432\u0443\u044e\u0442 \u0442\u0440\u0435\u0431\u043e\u0432\u0430\u043d\u0438\u044f\u043c \u0441\u0442\u0430\u043d\u0434\u0430\u0440\u0442\u0430 EN 14387:2004 + A1:2008.","og_url":"https:\/\/stafit.ee\/ru\/tovar\/\u043f\u0440\u043e\u0442\u0438\u0432\u043e\u0433\u0430\u0437\u043e\u0432\u044b\u0435-\u0444\u0438\u043b\u044c\u0442\u0440\u044b-polygard-abek1-6059\/","og_site_name":"Stafit O\u00dc","article_modified_time":"2026-04-08T15:15:17+00:00","og_image":[{"width":800,"height":800,"url":"https:\/\/stafit.ee\/wp-content\/uploads\/2022\/03\/703-1.jpg","type":"image\/jpeg"}],"twitter_card":"summary_large_image","schema":{"@context":"https:\/\/schema.org","@graph":[{"@type":"WebPage","@id":"https:\/\/stafit.ee\/ru\/tovar\/%d0%bf%d1%80%d0%be%d1%82%d0%b8%d0%b2%d0%be%d0%b3%d0%b0%d0%b7%d0%be%d0%b2%d1%8b%d0%b5-%d1%84%d0%b8%d0%bb%d1%8c%d1%82%d1%80%d1%8b-polygard-abek1-6059\/","url":"https:\/\/stafit.ee\/ru\/tovar\/%d0%bf%d1%80%d0%be%d1%82%d0%b8%d0%b2%d0%be%d0%b3%d0%b0%d0%b7%d0%be%d0%b2%d1%8b%d0%b5-%d1%84%d0%b8%d0%bb%d1%8c%d1%82%d1%80%d1%8b-polygard-abek1-6059\/","name":"\u041f\u0440\u043e\u0442\u0438\u0432\u043e\u0433\u0430\u0437\u043e\u0432\u044b\u0435 \u0444\u0438\u043b\u044c\u0442\u0440\u044b PolyGard ABEK1 (6059) - Stafit O\u00dc","isPartOf":{"@id":"https:\/\/stafit.ee\/#website"},"primaryImageOfPage":{"@id":"https:\/\/stafit.ee\/ru\/tovar\/%d0%bf%d1%80%d0%be%d1%82%d0%b8%d0%b2%d0%be%d0%b3%d0%b0%d0%b7%d0%be%d0%b2%d1%8b%d0%b5-%d1%84%d0%b8%d0%bb%d1%8c%d1%82%d1%80%d1%8b-polygard-abek1-6059\/#primaryimage"},"image":{"@id":"https:\/\/stafit.ee\/ru\/tovar\/%d0%bf%d1%80%d0%be%d1%82%d0%b8%d0%b2%d0%be%d0%b3%d0%b0%d0%b7%d0%be%d0%b2%d1%8b%d0%b5-%d1%84%d0%b8%d0%bb%d1%8c%d1%82%d1%80%d1%8b-polygard-abek1-6059\/#primaryimage"},"thumbnailUrl":"https:\/\/stafit.ee\/wp-content\/uploads\/2022\/03\/703-1.jpg","datePublished":"2022-03-24T09:13:40+00:00","dateModified":"2026-04-08T15:15:17+00:00","breadcrumb":{"@id":"https:\/\/stafit.ee\/ru\/tovar\/%d0%bf%d1%80%d0%be%d1%82%d0%b8%d0%b2%d0%be%d0%b3%d0%b0%d0%b7%d0%be%d0%b2%d1%8b%d0%b5-%d1%84%d0%b8%d0%bb%d1%8c%d1%82%d1%80%d1%8b-polygard-abek1-6059\/#breadcrumb"},"inLanguage":"ru-RU","potentialAction":[{"@type":"ReadAction","target":["https:\/\/stafit.ee\/ru\/tovar\/%d0%bf%d1%80%d0%be%d1%82%d0%b8%d0%b2%d0%be%d0%b3%d0%b0%d0%b7%d0%be%d0%b2%d1%8b%d0%b5-%d1%84%d0%b8%d0%bb%d1%8c%d1%82%d1%80%d1%8b-polygard-abek1-6059\/"]}]},{"@type":"ImageObject","inLanguage":"ru-RU","@id":"https:\/\/stafit.ee\/ru\/tovar\/%d0%bf%d1%80%d0%be%d1%82%d0%b8%d0%b2%d0%be%d0%b3%d0%b0%d0%b7%d0%be%d0%b2%d1%8b%d0%b5-%d1%84%d0%b8%d0%bb%d1%8c%d1%82%d1%80%d1%8b-polygard-abek1-6059\/#primaryimage","url":"https:\/\/stafit.ee\/wp-content\/uploads\/2022\/03\/703-1.jpg","contentUrl":"https:\/\/stafit.ee\/wp-content\/uploads\/2022\/03\/703-1.jpg","width":800,"height":800},{"@type":"BreadcrumbList","@id":"https:\/\/stafit.ee\/ru\/tovar\/%d0%bf%d1%80%d0%be%d1%82%d0%b8%d0%b2%d0%be%d0%b3%d0%b0%d0%b7%d0%be%d0%b2%d1%8b%d0%b5-%d1%84%d0%b8%d0%bb%d1%8c%d1%82%d1%80%d1%8b-polygard-abek1-6059\/#breadcrumb","itemListElement":[{"@type":"ListItem","position":1,"name":"Home","item":"https:\/\/stafit.ee\/ru\/"},{"@type":"ListItem","position":2,"name":"\u041c\u0430\u0433\u0430\u0437\u0438\u043d","item":"https:\/\/stafit.ee\/ru\/pood\/"},{"@type":"ListItem","position":3,"name":"\u041f\u0440\u043e\u0442\u0438\u0432\u043e\u0433\u0430\u0437\u043e\u0432\u044b\u0435 \u0444\u0438\u043b\u044c\u0442\u0440\u044b PolyGard ABEK1 (6059)"}]},{"@type":"WebSite","@id":"https:\/\/stafit.ee\/#website","url":"https:\/\/stafit.ee\/","name":"Stafit O\u00dc","description":"T\u00f6\u00f6riete ja ohutusvahendite jae ja hulgim\u00fc\u00fck","potentialAction":[{"@type":"SearchAction","target":{"@type":"EntryPoint","urlTemplate":"https:\/\/stafit.ee\/?s={search_term_string}"},"query-input":{"@type":"PropertyValueSpecification","valueRequired":true,"valueName":"search_term_string"}}],"inLanguage":"ru-RU"}]}},"brands":[],"_links":{"self":[{"href":"https:\/\/stafit.ee\/ru\/wp-json\/wp\/v2\/product\/47051","targetHints":{"allow":["GET"]}}],"collection":[{"href":"https:\/\/stafit.ee\/ru\/wp-json\/wp\/v2\/product"}],"about":[{"href":"https:\/\/stafit.ee\/ru\/wp-json\/wp\/v2\/types\/product"}],"wp:featuredmedia":[{"embeddable":true,"href":"https:\/\/stafit.ee\/ru\/wp-json\/wp\/v2\/media\/47039"}],"wp:attachment":[{"href":"https:\/\/stafit.ee\/ru\/wp-json\/wp\/v2\/media?parent=47051"}],"wp:term":[{"taxonomy":"pwb-brand","embeddable":true,"href":"https:\/\/stafit.ee\/ru\/wp-json\/wp\/v2\/pwb-brand?post=47051"},{"taxonomy":"product_brand","embeddable":true,"href":"https:\/\/stafit.ee\/ru\/wp-json\/wp\/v2\/product_brand?post=47051"},{"taxonomy":"product_cat","embeddable":true,"href":"https:\/\/stafit.ee\/ru\/wp-json\/wp\/v2\/product_cat?post=47051"},{"taxonomy":"product_tag","embeddable":true,"href":"https:\/\/stafit.ee\/ru\/wp-json\/wp\/v2\/product_tag?post=47051"}],"curies":[{"name":"wp","href":"https:\/\/api.w.org\/{rel}","templated":true}]}}