{"id":46605,"date":"2022-03-30T04:04:04","date_gmt":"2022-03-30T01:04:04","guid":{"rendered":"https:\/\/stafit.ee\/toode\/%d1%80%d0%b0%d0%b1%d0%be%d1%87%d0%b8%d0%b5-%d0%bf%d0%b5%d1%80%d1%87%d0%b0%d1%82%d0%ba%d0%b8-nature-touch-%d1%80%d0%be%d0%b7%d0%be%d0%b2%d1%8b%d0%b5\/"},"modified":"2026-04-08T18:22:35","modified_gmt":"2026-04-08T15:22:35","slug":"%d1%80%d0%b0%d0%b1%d0%be%d1%87%d0%b8%d0%b5-%d0%bf%d0%b5%d1%80%d1%87%d0%b0%d1%82%d0%ba%d0%b8-nature-touch-%d1%80%d0%be%d0%b7%d0%be%d0%b2%d1%8b%d0%b5","status":"publish","type":"product","link":"https:\/\/stafit.ee\/ru\/tovar\/%d1%80%d0%b0%d0%b1%d0%be%d1%87%d0%b8%d0%b5-%d0%bf%d0%b5%d1%80%d1%87%d0%b0%d1%82%d0%ba%d0%b8-nature-touch-%d1%80%d0%be%d0%b7%d0%be%d0%b2%d1%8b%d0%b5\/","title":{"rendered":"\u0420\u0430\u0431\u043e\u0447\u0438\u0435 \u043f\u0435\u0440\u0447\u0430\u0442\u043a\u0438 Nature Touch \u0440\u043e\u0437\u043e\u0432\u044b\u0435"},"content":{"rendered":"<p>\u041c\u0430\u0442\u0435\u0440\u0438\u0430\u043b: \u043f\u043e\u043b\u0438\u044d\u0441\u0442\u0435\u0440 + \u043f\u0435\u0440\u0435\u0440\u0430\u0431\u043e\u0442\u0430\u043d\u043d\u044b\u0439 \u043f\u043e\u043b\u0438\u044d\u0441\u0442\u0435\u0440 + \u0441\u043f\u0430\u043d\u0434\u0435\u043a\u0441;<br \/>\n\u043b\u0430\u0434\u043e\u043d\u044c \u0438 \u043f\u0430\u043b\u044c\u0446\u044b \u043f\u043e\u043a\u0440\u044b\u0442\u044b \u0432\u0441\u043f\u0435\u043d\u0435\u043d\u043d\u044b\u043c \u043b\u0430\u0442\u0435\u043a\u0441\u043e\u043c;<br \/>\n\u0434\u044b\u0448\u0430\u0449\u0438\u0435 \u043f\u0435\u0440\u0447\u0430\u0442\u043a\u0438.<\/p>\n<hr \/>\n<p>\u0421\u0442\u0430\u043d\u0434\u0430\u0440\u0442\u044b:<br \/>\n<strong>EN 388 2121X<\/strong> &#8212; \u0417\u0430\u0449\u0438\u0442\u043d\u044b\u0435 \u043f\u0435\u0440\u0447\u0430\u0442\u043a\u0438 \u043e\u0442 \u043c\u0435\u0445\u0430\u043d\u0438\u0447\u0435\u0441\u043a\u0438\u0445 \u043f\u043e\u0432\u0440\u0435\u0436\u0434\u0435\u043d\u0438\u0439<br \/>\n\u0438\u0437\u043d\u043e\u0441\u043e\u0441\u0442\u043e\u0439\u043a\u043e\u0441\u0442\u044c [\u043e\u0442 0 \u0434\u043e 4] \u2014 2;<br \/>\n\u0443\u0441\u0442\u043e\u0439\u0447\u0438\u0432\u043e\u0441\u0442\u044c \u043a \u043f\u043e\u0440\u0435\u0437\u0430\u043c [\u043e\u0442 0 \u0434\u043e 5] \u2014 1;<br \/>\n\u0443\u0441\u0442\u043e\u0439\u0447\u0438\u0432\u043e\u0441\u0442\u044c \u043a \u0440\u0430\u0437\u0440\u044b\u0432\u0430\u043c [\u043e\u0442 0 \u0434\u043e 4] \u2014 2;<br \/>\n\u0443\u0441\u0442\u043e\u0439\u0447\u0438\u0432\u043e\u0441\u0442\u044c \u043a \u043f\u0440\u043e\u043a\u043e\u043b\u0430\u043c [\u043e\u0442 0 \u0434\u043e 4] \u2014 1;<br \/>\n\u0443\u0441\u0442\u043e\u0439\u0447\u0438\u0432\u043e\u0441\u0442\u044c \u043a \u043f\u043e\u0440\u0435\u0437\u0430\u043c (\u0442\u0435\u0441\u0442 TDM) [\u043e\u0442 A \u0434\u043e F] \u2014 X.<\/p>\n<p><strong>EN 407 X1XXXX<\/strong> &#8212; \u0417\u0430\u0449\u0438\u0442\u043d\u044b\u0435 \u043f\u0435\u0440\u0447\u0430\u0442\u043a\u0438 \u043f\u0440\u043e\u0442\u0438\u0432 \u0442\u0435\u043f\u043b\u043e\u0432\u044b\u0445 \u0440\u0438\u0441\u043a\u043e\u0432 (\u0442\u0435\u043f\u043b\u0430 \u0438\/\u0438\u043b\u0438 \u043f\u043b\u0430\u043c\u0435\u043d\u0438).<\/p>\n<p>\u042d\u043a\u043e\u043b\u043e\u0433\u0438\u0447\u0435\u0441\u043a\u0438 \u0447\u0438\u0441\u0442\u044b\u0435 \u043f\u0435\u0440\u0447\u0430\u0442\u043a\u0438 \u0438\u0437 \u043f\u0435\u0440\u0435\u0440\u0430\u0431\u043e\u0442\u0430\u043d\u043d\u044b\u0445 \u043c\u0430\u0442\u0435\u0440\u0438\u0430\u043b\u043e\u0432,<br \/>\n\u0441\u043e\u043e\u0442\u0432\u0435\u0442\u0441\u0442\u0432\u0443\u044e\u0442 \u0413\u043b\u043e\u0431\u0430\u043b\u044c\u043d\u043e\u043c\u0443 \u0441\u0442\u0430\u043d\u0434\u0430\u0440\u0442\u0443 \u0432\u0442\u043e\u0440\u0438\u0447\u043d\u043e\u0439 \u043f\u0435\u0440\u0435\u0440\u0430\u0431\u043e\u0442\u043a\u0438.<\/p>\n","protected":false},"excerpt":{"rendered":"<p>\u041c\u0430\u0442\u0435\u0440\u0438\u0430\u043b: \u043f\u043e\u043b\u0438\u044d\u0441\u0442\u0435\u0440 + \u043f\u0435\u0440\u0435\u0440\u0430\u0431\u043e\u0442\u0430\u043d\u043d\u044b\u0439 \u043f\u043e\u043b\u0438\u044d\u0441\u0442\u0435\u0440 + \u0441\u043f\u0430\u043d\u0434\u0435\u043a\u0441; \u043b\u0430\u0434\u043e\u043d\u044c \u0438 \u043f\u0430\u043b\u044c\u0446\u044b \u043f\u043e\u043a\u0440\u044b\u0442\u044b \u0432\u0441\u043f\u0435\u043d\u0435\u043d\u043d\u044b\u043c \u043b\u0430\u0442\u0435\u043a\u0441\u043e\u043c; \u0434\u044b\u0448\u0430\u0449\u0438\u0435 \u043f\u0435\u0440\u0447\u0430\u0442\u043a\u0438. \u0421\u0442\u0430\u043d\u0434\u0430\u0440\u0442\u044b: EN 388 2121X &#8212; \u0417\u0430\u0449\u0438\u0442\u043d\u044b\u0435 \u043f\u0435\u0440\u0447\u0430\u0442\u043a\u0438 \u043e\u0442 \u043c\u0435\u0445\u0430\u043d\u0438\u0447\u0435\u0441\u043a\u0438\u0445 \u043f\u043e\u0432\u0440\u0435\u0436\u0434\u0435\u043d\u0438\u0439 \u0438\u0437\u043d\u043e\u0441\u043e\u0441\u0442\u043e\u0439\u043a\u043e\u0441\u0442\u044c [\u043e\u0442 0 \u0434\u043e 4] \u2014 2; \u0443\u0441\u0442\u043e\u0439\u0447\u0438\u0432\u043e\u0441\u0442\u044c \u043a \u043f\u043e\u0440\u0435\u0437\u0430\u043c [\u043e\u0442 0 \u0434\u043e 5] \u2014 1; \u0443\u0441\u0442\u043e\u0439\u0447\u0438\u0432\u043e\u0441\u0442\u044c \u043a \u0440\u0430\u0437\u0440\u044b\u0432\u0430\u043c [\u043e\u0442 0 \u0434\u043e 4] \u2014 2; \u0443\u0441\u0442\u043e\u0439\u0447\u0438\u0432\u043e\u0441\u0442\u044c \u043a \u043f\u0440\u043e\u043a\u043e\u043b\u0430\u043c [\u043e\u0442 0&#8230;<\/p>\n","protected":false},"featured_media":46602,"template":"","meta":[],"pwb-brand":[],"product_brand":[],"product_cat":[831],"product_tag":[],"class_list":{"0":"post-46605","1":"product","2":"type-product","3":"status-publish","4":"has-post-thumbnail","6":"product_cat-831","8":"first","9":"instock","10":"taxable","11":"shipping-taxable","12":"purchasable","13":"product-type-variable"},"yoast_head":"<!-- This site is optimized with the Yoast SEO plugin v27.0 - https:\/\/yoast.com\/product\/yoast-seo-wordpress\/ -->\n<title>\u0420\u0430\u0431\u043e\u0447\u0438\u0435 \u043f\u0435\u0440\u0447\u0430\u0442\u043a\u0438 Nature Touch \u0440\u043e\u0437\u043e\u0432\u044b\u0435 - Stafit O\u00dc<\/title>\n<meta name=\"robots\" content=\"index, follow, max-snippet:-1, max-image-preview:large, max-video-preview:-1\" \/>\n<link rel=\"canonical\" href=\"https:\/\/stafit.ee\/ru\/tovar\/\u0440\u0430\u0431\u043e\u0447\u0438\u0435-\u043f\u0435\u0440\u0447\u0430\u0442\u043a\u0438-nature-touch-\u0440\u043e\u0437\u043e\u0432\u044b\u0435\/\" \/>\n<meta property=\"og:locale\" content=\"ru_RU\" \/>\n<meta property=\"og:type\" content=\"article\" \/>\n<meta property=\"og:title\" content=\"\u0420\u0430\u0431\u043e\u0447\u0438\u0435 \u043f\u0435\u0440\u0447\u0430\u0442\u043a\u0438 Nature Touch \u0440\u043e\u0437\u043e\u0432\u044b\u0435 - Stafit O\u00dc\" \/>\n<meta property=\"og:description\" content=\"\u041c\u0430\u0442\u0435\u0440\u0438\u0430\u043b: \u043f\u043e\u043b\u0438\u044d\u0441\u0442\u0435\u0440 + \u043f\u0435\u0440\u0435\u0440\u0430\u0431\u043e\u0442\u0430\u043d\u043d\u044b\u0439 \u043f\u043e\u043b\u0438\u044d\u0441\u0442\u0435\u0440 + \u0441\u043f\u0430\u043d\u0434\u0435\u043a\u0441; \u043b\u0430\u0434\u043e\u043d\u044c \u0438 \u043f\u0430\u043b\u044c\u0446\u044b \u043f\u043e\u043a\u0440\u044b\u0442\u044b \u0432\u0441\u043f\u0435\u043d\u0435\u043d\u043d\u044b\u043c \u043b\u0430\u0442\u0435\u043a\u0441\u043e\u043c; \u0434\u044b\u0448\u0430\u0449\u0438\u0435 \u043f\u0435\u0440\u0447\u0430\u0442\u043a\u0438. \u0421\u0442\u0430\u043d\u0434\u0430\u0440\u0442\u044b: EN 388 2121X &#8212; \u0417\u0430\u0449\u0438\u0442\u043d\u044b\u0435 \u043f\u0435\u0440\u0447\u0430\u0442\u043a\u0438 \u043e\u0442 \u043c\u0435\u0445\u0430\u043d\u0438\u0447\u0435\u0441\u043a\u0438\u0445 \u043f\u043e\u0432\u0440\u0435\u0436\u0434\u0435\u043d\u0438\u0439 \u0438\u0437\u043d\u043e\u0441\u043e\u0441\u0442\u043e\u0439\u043a\u043e\u0441\u0442\u044c [\u043e\u0442 0 \u0434\u043e 4] \u2014 2; \u0443\u0441\u0442\u043e\u0439\u0447\u0438\u0432\u043e\u0441\u0442\u044c \u043a \u043f\u043e\u0440\u0435\u0437\u0430\u043c [\u043e\u0442 0 \u0434\u043e 5] \u2014 1; \u0443\u0441\u0442\u043e\u0439\u0447\u0438\u0432\u043e\u0441\u0442\u044c \u043a \u0440\u0430\u0437\u0440\u044b\u0432\u0430\u043c [\u043e\u0442 0 \u0434\u043e 4] \u2014 2; \u0443\u0441\u0442\u043e\u0439\u0447\u0438\u0432\u043e\u0441\u0442\u044c \u043a \u043f\u0440\u043e\u043a\u043e\u043b\u0430\u043c [\u043e\u0442 0...\" \/>\n<meta property=\"og:url\" content=\"https:\/\/stafit.ee\/ru\/tovar\/\u0440\u0430\u0431\u043e\u0447\u0438\u0435-\u043f\u0435\u0440\u0447\u0430\u0442\u043a\u0438-nature-touch-\u0440\u043e\u0437\u043e\u0432\u044b\u0435\/\" \/>\n<meta property=\"og:site_name\" content=\"Stafit O\u00dc\" \/>\n<meta property=\"article:modified_time\" content=\"2026-04-08T15:22:35+00:00\" \/>\n<meta property=\"og:image\" content=\"https:\/\/stafit.ee\/wp-content\/uploads\/2022\/03\/A8083_001.jpg\" \/>\n\t<meta property=\"og:image:width\" content=\"1000\" \/>\n\t<meta property=\"og:image:height\" content=\"1000\" \/>\n\t<meta property=\"og:image:type\" content=\"image\/jpeg\" \/>\n<meta name=\"twitter:card\" content=\"summary_large_image\" \/>\n<script type=\"application\/ld+json\" class=\"yoast-schema-graph\">{\"@context\":\"https:\/\/schema.org\",\"@graph\":[{\"@type\":\"WebPage\",\"@id\":\"https:\/\/stafit.ee\/ru\/tovar\/%d1%80%d0%b0%d0%b1%d0%be%d1%87%d0%b8%d0%b5-%d0%bf%d0%b5%d1%80%d1%87%d0%b0%d1%82%d0%ba%d0%b8-nature-touch-%d1%80%d0%be%d0%b7%d0%be%d0%b2%d1%8b%d0%b5\/\",\"url\":\"https:\/\/stafit.ee\/ru\/tovar\/%d1%80%d0%b0%d0%b1%d0%be%d1%87%d0%b8%d0%b5-%d0%bf%d0%b5%d1%80%d1%87%d0%b0%d1%82%d0%ba%d0%b8-nature-touch-%d1%80%d0%be%d0%b7%d0%be%d0%b2%d1%8b%d0%b5\/\",\"name\":\"\u0420\u0430\u0431\u043e\u0447\u0438\u0435 \u043f\u0435\u0440\u0447\u0430\u0442\u043a\u0438 Nature Touch \u0440\u043e\u0437\u043e\u0432\u044b\u0435 - Stafit O\u00dc\",\"isPartOf\":{\"@id\":\"https:\/\/stafit.ee\/#website\"},\"primaryImageOfPage\":{\"@id\":\"https:\/\/stafit.ee\/ru\/tovar\/%d1%80%d0%b0%d0%b1%d0%be%d1%87%d0%b8%d0%b5-%d0%bf%d0%b5%d1%80%d1%87%d0%b0%d1%82%d0%ba%d0%b8-nature-touch-%d1%80%d0%be%d0%b7%d0%be%d0%b2%d1%8b%d0%b5\/#primaryimage\"},\"image\":{\"@id\":\"https:\/\/stafit.ee\/ru\/tovar\/%d1%80%d0%b0%d0%b1%d0%be%d1%87%d0%b8%d0%b5-%d0%bf%d0%b5%d1%80%d1%87%d0%b0%d1%82%d0%ba%d0%b8-nature-touch-%d1%80%d0%be%d0%b7%d0%be%d0%b2%d1%8b%d0%b5\/#primaryimage\"},\"thumbnailUrl\":\"https:\/\/stafit.ee\/wp-content\/uploads\/2022\/03\/A8083_001.jpg\",\"datePublished\":\"2022-03-30T01:04:04+00:00\",\"dateModified\":\"2026-04-08T15:22:35+00:00\",\"breadcrumb\":{\"@id\":\"https:\/\/stafit.ee\/ru\/tovar\/%d1%80%d0%b0%d0%b1%d0%be%d1%87%d0%b8%d0%b5-%d0%bf%d0%b5%d1%80%d1%87%d0%b0%d1%82%d0%ba%d0%b8-nature-touch-%d1%80%d0%be%d0%b7%d0%be%d0%b2%d1%8b%d0%b5\/#breadcrumb\"},\"inLanguage\":\"ru-RU\",\"potentialAction\":[{\"@type\":\"ReadAction\",\"target\":[\"https:\/\/stafit.ee\/ru\/tovar\/%d1%80%d0%b0%d0%b1%d0%be%d1%87%d0%b8%d0%b5-%d0%bf%d0%b5%d1%80%d1%87%d0%b0%d1%82%d0%ba%d0%b8-nature-touch-%d1%80%d0%be%d0%b7%d0%be%d0%b2%d1%8b%d0%b5\/\"]}]},{\"@type\":\"ImageObject\",\"inLanguage\":\"ru-RU\",\"@id\":\"https:\/\/stafit.ee\/ru\/tovar\/%d1%80%d0%b0%d0%b1%d0%be%d1%87%d0%b8%d0%b5-%d0%bf%d0%b5%d1%80%d1%87%d0%b0%d1%82%d0%ba%d0%b8-nature-touch-%d1%80%d0%be%d0%b7%d0%be%d0%b2%d1%8b%d0%b5\/#primaryimage\",\"url\":\"https:\/\/stafit.ee\/wp-content\/uploads\/2022\/03\/A8083_001.jpg\",\"contentUrl\":\"https:\/\/stafit.ee\/wp-content\/uploads\/2022\/03\/A8083_001.jpg\",\"width\":1000,\"height\":1000},{\"@type\":\"BreadcrumbList\",\"@id\":\"https:\/\/stafit.ee\/ru\/tovar\/%d1%80%d0%b0%d0%b1%d0%be%d1%87%d0%b8%d0%b5-%d0%bf%d0%b5%d1%80%d1%87%d0%b0%d1%82%d0%ba%d0%b8-nature-touch-%d1%80%d0%be%d0%b7%d0%be%d0%b2%d1%8b%d0%b5\/#breadcrumb\",\"itemListElement\":[{\"@type\":\"ListItem\",\"position\":1,\"name\":\"Home\",\"item\":\"https:\/\/stafit.ee\/ru\/\"},{\"@type\":\"ListItem\",\"position\":2,\"name\":\"\u041c\u0430\u0433\u0430\u0437\u0438\u043d\",\"item\":\"https:\/\/stafit.ee\/ru\/pood\/\"},{\"@type\":\"ListItem\",\"position\":3,\"name\":\"\u0420\u0430\u0431\u043e\u0447\u0438\u0435 \u043f\u0435\u0440\u0447\u0430\u0442\u043a\u0438 Nature Touch \u0440\u043e\u0437\u043e\u0432\u044b\u0435\"}]},{\"@type\":\"WebSite\",\"@id\":\"https:\/\/stafit.ee\/#website\",\"url\":\"https:\/\/stafit.ee\/\",\"name\":\"Stafit O\u00dc\",\"description\":\"T\u00f6\u00f6riete ja ohutusvahendite jae ja hulgim\u00fc\u00fck\",\"potentialAction\":[{\"@type\":\"SearchAction\",\"target\":{\"@type\":\"EntryPoint\",\"urlTemplate\":\"https:\/\/stafit.ee\/?s={search_term_string}\"},\"query-input\":{\"@type\":\"PropertyValueSpecification\",\"valueRequired\":true,\"valueName\":\"search_term_string\"}}],\"inLanguage\":\"ru-RU\"}]}<\/script>\n<!-- \/ Yoast SEO plugin. -->","yoast_head_json":{"title":"\u0420\u0430\u0431\u043e\u0447\u0438\u0435 \u043f\u0435\u0440\u0447\u0430\u0442\u043a\u0438 Nature Touch \u0440\u043e\u0437\u043e\u0432\u044b\u0435 - Stafit O\u00dc","robots":{"index":"index","follow":"follow","max-snippet":"max-snippet:-1","max-image-preview":"max-image-preview:large","max-video-preview":"max-video-preview:-1"},"canonical":"https:\/\/stafit.ee\/ru\/tovar\/\u0440\u0430\u0431\u043e\u0447\u0438\u0435-\u043f\u0435\u0440\u0447\u0430\u0442\u043a\u0438-nature-touch-\u0440\u043e\u0437\u043e\u0432\u044b\u0435\/","og_locale":"ru_RU","og_type":"article","og_title":"\u0420\u0430\u0431\u043e\u0447\u0438\u0435 \u043f\u0435\u0440\u0447\u0430\u0442\u043a\u0438 Nature Touch \u0440\u043e\u0437\u043e\u0432\u044b\u0435 - Stafit O\u00dc","og_description":"\u041c\u0430\u0442\u0435\u0440\u0438\u0430\u043b: \u043f\u043e\u043b\u0438\u044d\u0441\u0442\u0435\u0440 + \u043f\u0435\u0440\u0435\u0440\u0430\u0431\u043e\u0442\u0430\u043d\u043d\u044b\u0439 \u043f\u043e\u043b\u0438\u044d\u0441\u0442\u0435\u0440 + \u0441\u043f\u0430\u043d\u0434\u0435\u043a\u0441; \u043b\u0430\u0434\u043e\u043d\u044c \u0438 \u043f\u0430\u043b\u044c\u0446\u044b \u043f\u043e\u043a\u0440\u044b\u0442\u044b \u0432\u0441\u043f\u0435\u043d\u0435\u043d\u043d\u044b\u043c \u043b\u0430\u0442\u0435\u043a\u0441\u043e\u043c; \u0434\u044b\u0448\u0430\u0449\u0438\u0435 \u043f\u0435\u0440\u0447\u0430\u0442\u043a\u0438. \u0421\u0442\u0430\u043d\u0434\u0430\u0440\u0442\u044b: EN 388 2121X &#8212; \u0417\u0430\u0449\u0438\u0442\u043d\u044b\u0435 \u043f\u0435\u0440\u0447\u0430\u0442\u043a\u0438 \u043e\u0442 \u043c\u0435\u0445\u0430\u043d\u0438\u0447\u0435\u0441\u043a\u0438\u0445 \u043f\u043e\u0432\u0440\u0435\u0436\u0434\u0435\u043d\u0438\u0439 \u0438\u0437\u043d\u043e\u0441\u043e\u0441\u0442\u043e\u0439\u043a\u043e\u0441\u0442\u044c [\u043e\u0442 0 \u0434\u043e 4] \u2014 2; \u0443\u0441\u0442\u043e\u0439\u0447\u0438\u0432\u043e\u0441\u0442\u044c \u043a \u043f\u043e\u0440\u0435\u0437\u0430\u043c [\u043e\u0442 0 \u0434\u043e 5] \u2014 1; \u0443\u0441\u0442\u043e\u0439\u0447\u0438\u0432\u043e\u0441\u0442\u044c \u043a \u0440\u0430\u0437\u0440\u044b\u0432\u0430\u043c [\u043e\u0442 0 \u0434\u043e 4] \u2014 2; \u0443\u0441\u0442\u043e\u0439\u0447\u0438\u0432\u043e\u0441\u0442\u044c \u043a \u043f\u0440\u043e\u043a\u043e\u043b\u0430\u043c [\u043e\u0442 0...","og_url":"https:\/\/stafit.ee\/ru\/tovar\/\u0440\u0430\u0431\u043e\u0447\u0438\u0435-\u043f\u0435\u0440\u0447\u0430\u0442\u043a\u0438-nature-touch-\u0440\u043e\u0437\u043e\u0432\u044b\u0435\/","og_site_name":"Stafit O\u00dc","article_modified_time":"2026-04-08T15:22:35+00:00","og_image":[{"width":1000,"height":1000,"url":"https:\/\/stafit.ee\/wp-content\/uploads\/2022\/03\/A8083_001.jpg","type":"image\/jpeg"}],"twitter_card":"summary_large_image","schema":{"@context":"https:\/\/schema.org","@graph":[{"@type":"WebPage","@id":"https:\/\/stafit.ee\/ru\/tovar\/%d1%80%d0%b0%d0%b1%d0%be%d1%87%d0%b8%d0%b5-%d0%bf%d0%b5%d1%80%d1%87%d0%b0%d1%82%d0%ba%d0%b8-nature-touch-%d1%80%d0%be%d0%b7%d0%be%d0%b2%d1%8b%d0%b5\/","url":"https:\/\/stafit.ee\/ru\/tovar\/%d1%80%d0%b0%d0%b1%d0%be%d1%87%d0%b8%d0%b5-%d0%bf%d0%b5%d1%80%d1%87%d0%b0%d1%82%d0%ba%d0%b8-nature-touch-%d1%80%d0%be%d0%b7%d0%be%d0%b2%d1%8b%d0%b5\/","name":"\u0420\u0430\u0431\u043e\u0447\u0438\u0435 \u043f\u0435\u0440\u0447\u0430\u0442\u043a\u0438 Nature Touch \u0440\u043e\u0437\u043e\u0432\u044b\u0435 - Stafit O\u00dc","isPartOf":{"@id":"https:\/\/stafit.ee\/#website"},"primaryImageOfPage":{"@id":"https:\/\/stafit.ee\/ru\/tovar\/%d1%80%d0%b0%d0%b1%d0%be%d1%87%d0%b8%d0%b5-%d0%bf%d0%b5%d1%80%d1%87%d0%b0%d1%82%d0%ba%d0%b8-nature-touch-%d1%80%d0%be%d0%b7%d0%be%d0%b2%d1%8b%d0%b5\/#primaryimage"},"image":{"@id":"https:\/\/stafit.ee\/ru\/tovar\/%d1%80%d0%b0%d0%b1%d0%be%d1%87%d0%b8%d0%b5-%d0%bf%d0%b5%d1%80%d1%87%d0%b0%d1%82%d0%ba%d0%b8-nature-touch-%d1%80%d0%be%d0%b7%d0%be%d0%b2%d1%8b%d0%b5\/#primaryimage"},"thumbnailUrl":"https:\/\/stafit.ee\/wp-content\/uploads\/2022\/03\/A8083_001.jpg","datePublished":"2022-03-30T01:04:04+00:00","dateModified":"2026-04-08T15:22:35+00:00","breadcrumb":{"@id":"https:\/\/stafit.ee\/ru\/tovar\/%d1%80%d0%b0%d0%b1%d0%be%d1%87%d0%b8%d0%b5-%d0%bf%d0%b5%d1%80%d1%87%d0%b0%d1%82%d0%ba%d0%b8-nature-touch-%d1%80%d0%be%d0%b7%d0%be%d0%b2%d1%8b%d0%b5\/#breadcrumb"},"inLanguage":"ru-RU","potentialAction":[{"@type":"ReadAction","target":["https:\/\/stafit.ee\/ru\/tovar\/%d1%80%d0%b0%d0%b1%d0%be%d1%87%d0%b8%d0%b5-%d0%bf%d0%b5%d1%80%d1%87%d0%b0%d1%82%d0%ba%d0%b8-nature-touch-%d1%80%d0%be%d0%b7%d0%be%d0%b2%d1%8b%d0%b5\/"]}]},{"@type":"ImageObject","inLanguage":"ru-RU","@id":"https:\/\/stafit.ee\/ru\/tovar\/%d1%80%d0%b0%d0%b1%d0%be%d1%87%d0%b8%d0%b5-%d0%bf%d0%b5%d1%80%d1%87%d0%b0%d1%82%d0%ba%d0%b8-nature-touch-%d1%80%d0%be%d0%b7%d0%be%d0%b2%d1%8b%d0%b5\/#primaryimage","url":"https:\/\/stafit.ee\/wp-content\/uploads\/2022\/03\/A8083_001.jpg","contentUrl":"https:\/\/stafit.ee\/wp-content\/uploads\/2022\/03\/A8083_001.jpg","width":1000,"height":1000},{"@type":"BreadcrumbList","@id":"https:\/\/stafit.ee\/ru\/tovar\/%d1%80%d0%b0%d0%b1%d0%be%d1%87%d0%b8%d0%b5-%d0%bf%d0%b5%d1%80%d1%87%d0%b0%d1%82%d0%ba%d0%b8-nature-touch-%d1%80%d0%be%d0%b7%d0%be%d0%b2%d1%8b%d0%b5\/#breadcrumb","itemListElement":[{"@type":"ListItem","position":1,"name":"Home","item":"https:\/\/stafit.ee\/ru\/"},{"@type":"ListItem","position":2,"name":"\u041c\u0430\u0433\u0430\u0437\u0438\u043d","item":"https:\/\/stafit.ee\/ru\/pood\/"},{"@type":"ListItem","position":3,"name":"\u0420\u0430\u0431\u043e\u0447\u0438\u0435 \u043f\u0435\u0440\u0447\u0430\u0442\u043a\u0438 Nature Touch \u0440\u043e\u0437\u043e\u0432\u044b\u0435"}]},{"@type":"WebSite","@id":"https:\/\/stafit.ee\/#website","url":"https:\/\/stafit.ee\/","name":"Stafit O\u00dc","description":"T\u00f6\u00f6riete ja ohutusvahendite jae ja hulgim\u00fc\u00fck","potentialAction":[{"@type":"SearchAction","target":{"@type":"EntryPoint","urlTemplate":"https:\/\/stafit.ee\/?s={search_term_string}"},"query-input":{"@type":"PropertyValueSpecification","valueRequired":true,"valueName":"search_term_string"}}],"inLanguage":"ru-RU"}]}},"brands":[],"_links":{"self":[{"href":"https:\/\/stafit.ee\/ru\/wp-json\/wp\/v2\/product\/46605","targetHints":{"allow":["GET"]}}],"collection":[{"href":"https:\/\/stafit.ee\/ru\/wp-json\/wp\/v2\/product"}],"about":[{"href":"https:\/\/stafit.ee\/ru\/wp-json\/wp\/v2\/types\/product"}],"wp:featuredmedia":[{"embeddable":true,"href":"https:\/\/stafit.ee\/ru\/wp-json\/wp\/v2\/media\/46602"}],"wp:attachment":[{"href":"https:\/\/stafit.ee\/ru\/wp-json\/wp\/v2\/media?parent=46605"}],"wp:term":[{"taxonomy":"pwb-brand","embeddable":true,"href":"https:\/\/stafit.ee\/ru\/wp-json\/wp\/v2\/pwb-brand?post=46605"},{"taxonomy":"product_brand","embeddable":true,"href":"https:\/\/stafit.ee\/ru\/wp-json\/wp\/v2\/product_brand?post=46605"},{"taxonomy":"product_cat","embeddable":true,"href":"https:\/\/stafit.ee\/ru\/wp-json\/wp\/v2\/product_cat?post=46605"},{"taxonomy":"product_tag","embeddable":true,"href":"https:\/\/stafit.ee\/ru\/wp-json\/wp\/v2\/product_tag?post=46605"}],"curies":[{"name":"wp","href":"https:\/\/api.w.org\/{rel}","templated":true}]}}