{"id":46161,"date":"2022-03-24T11:13:46","date_gmt":"2022-03-24T09:13:46","guid":{"rendered":"https:\/\/stafit.ee\/toode\/%d0%ba%d0%be%d1%84%d1%82%d0%b0-boyer-%d0%be%d0%bb%d0%b8%d0%b2%d0%ba%d0%be%d0%b2%d0%b0%d1%8f\/"},"modified":"2026-04-08T18:15:52","modified_gmt":"2026-04-08T15:15:52","slug":"%d0%ba%d0%be%d1%84%d1%82%d0%b0-boyer-%d0%be%d0%bb%d0%b8%d0%b2%d0%ba%d0%be%d0%b2%d0%b0%d1%8f","status":"publish","type":"product","link":"https:\/\/stafit.ee\/ru\/tovar\/%d0%ba%d0%be%d1%84%d1%82%d0%b0-boyer-%d0%be%d0%bb%d0%b8%d0%b2%d0%ba%d0%be%d0%b2%d0%b0%d1%8f\/","title":{"rendered":"\u041a\u043e\u0444\u0442\u0430 BOYER \u043e\u043b\u0438\u0432\u043a\u043e\u0432\u0430\u044f"},"content":{"rendered":"<ul>\n<li>100% \u043f\u043e\u043b\u0438\u044d\u0441\u0442\u0435\u0440, 265 \u0433\/\u043c\u00b2;<\/li>\n<li>\u043c\u0443\u0436\u0441\u043a\u0430\u044f \u043a\u0443\u0440\u0442\u043a\u0430 \u0441 \u043d\u0430\u0447\u0451\u0441\u043e\u043c \u0432\u043d\u0443\u0442\u0440\u0438;<\/li>\n<li>\u0443\u0441\u0438\u043b\u0435\u043d\u043d\u0430\u044f \u043c\u0430\u0442\u0435\u0440\u0438\u0430\u043b\u043e\u043c \u0441\u043e\u0444\u0442\u0448\u0435\u043b\u043b \u043e\u0431\u043b\u0430\u0441\u0442\u044c \u043d\u0430 \u043f\u043b\u0435\u0447\u0430\u0445 \u0438 \u043b\u043e\u043a\u0442\u044f\u0445;<\/li>\n<li>1 \u043d\u0430\u0433\u0440\u0443\u0434\u043d\u044b\u0439 \u043a\u0430\u0440\u043c\u0430\u043d \u043d\u0430 \u043c\u043e\u043b\u043d\u0438\u0438;<\/li>\n<li>2 \u0431\u043e\u043a\u043e\u0432\u044b\u0445 \u043a\u0430\u0440\u043c\u0430\u043d\u0430 \u043d\u0430 \u043c\u043e\u043b\u043d\u0438\u0438;<\/li>\n<li>\u043a\u0430\u0440\u043c\u0430\u043d\u044b \u0441\u043e \u0441\u0432\u0435\u0442\u043e\u043e\u0442\u0440\u0430\u0436\u0430\u044e\u0449\u0438\u043c \u043a\u0430\u043d\u0442\u043e\u043c;<\/li>\n<li>\u0440\u0435\u0433\u0443\u043b\u0438\u0440\u0443\u0435\u043c\u0430\u044f \u0448\u0438\u0440\u0438\u043d\u0430 \u0440\u0443\u043a\u0430\u0432\u043e\u0432 \u0438 \u043d\u0438\u0437\u0430 \u043a\u0443\u0440\u0442\u043a\u0438;<\/li>\n<li>\u043e\u0442\u0432\u0435\u0440\u0441\u0442\u0438\u044f \u0434\u043b\u044f \u0431\u043e\u043b\u044c\u0448\u0438\u0445 \u043f\u0430\u043b\u044c\u0446\u0435\u0432 \u043d\u0430 \u0440\u0443\u043a\u0430\u0432\u0430\u0445.<\/li>\n<\/ul>\n","protected":false},"excerpt":{"rendered":"<p>100% \u043f\u043e\u043b\u0438\u044d\u0441\u0442\u0435\u0440, 265 \u0433\/\u043c\u00b2; \u043c\u0443\u0436\u0441\u043a\u0430\u044f \u043a\u0443\u0440\u0442\u043a\u0430 \u0441 \u043d\u0430\u0447\u0451\u0441\u043e\u043c \u0432\u043d\u0443\u0442\u0440\u0438; \u0443\u0441\u0438\u043b\u0435\u043d\u043d\u0430\u044f \u043c\u0430\u0442\u0435\u0440\u0438\u0430\u043b\u043e\u043c \u0441\u043e\u0444\u0442\u0448\u0435\u043b\u043b \u043e\u0431\u043b\u0430\u0441\u0442\u044c \u043d\u0430 \u043f\u043b\u0435\u0447\u0430\u0445 \u0438 \u043b\u043e\u043a\u0442\u044f\u0445; 1 \u043d\u0430\u0433\u0440\u0443\u0434\u043d\u044b\u0439 \u043a\u0430\u0440\u043c\u0430\u043d \u043d\u0430 \u043c\u043e\u043b\u043d\u0438\u0438; 2 \u0431\u043e\u043a\u043e\u0432\u044b\u0445 \u043a\u0430\u0440\u043c\u0430\u043d\u0430 \u043d\u0430 \u043c\u043e\u043b\u043d\u0438\u0438; \u043a\u0430\u0440\u043c\u0430\u043d\u044b \u0441\u043e \u0441\u0432\u0435\u0442\u043e\u043e\u0442\u0440\u0430\u0436\u0430\u044e\u0449\u0438\u043c \u043a\u0430\u043d\u0442\u043e\u043c; \u0440\u0435\u0433\u0443\u043b\u0438\u0440\u0443\u0435\u043c\u0430\u044f \u0448\u0438\u0440\u0438\u043d\u0430 \u0440\u0443\u043a\u0430\u0432\u043e\u0432 \u0438 \u043d\u0438\u0437\u0430 \u043a\u0443\u0440\u0442\u043a\u0438; \u043e\u0442\u0432\u0435\u0440\u0441\u0442\u0438\u044f \u0434\u043b\u044f \u0431\u043e\u043b\u044c\u0448\u0438\u0445 \u043f\u0430\u043b\u044c\u0446\u0435\u0432 \u043d\u0430 \u0440\u0443\u043a\u0430\u0432\u0430\u0445.<\/p>\n","protected":false},"featured_media":46152,"template":"","meta":[],"pwb-brand":[323],"product_brand":[],"product_cat":[377],"product_tag":[],"class_list":{"0":"post-46161","1":"product","2":"type-product","3":"status-publish","4":"has-post-thumbnail","6":"pwb-brand-cerva","7":"product_cat-377","9":"first","10":"instock","11":"taxable","12":"shipping-taxable","13":"purchasable","14":"product-type-variable"},"yoast_head":"<!-- This site is optimized with the Yoast SEO plugin v27.0 - https:\/\/yoast.com\/product\/yoast-seo-wordpress\/ -->\n<title>\u041a\u043e\u0444\u0442\u0430 BOYER \u043e\u043b\u0438\u0432\u043a\u043e\u0432\u0430\u044f - Stafit O\u00dc<\/title>\n<meta name=\"robots\" content=\"index, follow, max-snippet:-1, max-image-preview:large, max-video-preview:-1\" \/>\n<link rel=\"canonical\" href=\"https:\/\/stafit.ee\/ru\/tovar\/\u043a\u043e\u0444\u0442\u0430-boyer-\u043e\u043b\u0438\u0432\u043a\u043e\u0432\u0430\u044f\/\" \/>\n<meta property=\"og:locale\" content=\"ru_RU\" \/>\n<meta property=\"og:type\" content=\"article\" \/>\n<meta property=\"og:title\" content=\"\u041a\u043e\u0444\u0442\u0430 BOYER \u043e\u043b\u0438\u0432\u043a\u043e\u0432\u0430\u044f - Stafit O\u00dc\" \/>\n<meta property=\"og:description\" content=\"100% \u043f\u043e\u043b\u0438\u044d\u0441\u0442\u0435\u0440, 265 \u0433\/\u043c\u00b2; \u043c\u0443\u0436\u0441\u043a\u0430\u044f \u043a\u0443\u0440\u0442\u043a\u0430 \u0441 \u043d\u0430\u0447\u0451\u0441\u043e\u043c \u0432\u043d\u0443\u0442\u0440\u0438; \u0443\u0441\u0438\u043b\u0435\u043d\u043d\u0430\u044f \u043c\u0430\u0442\u0435\u0440\u0438\u0430\u043b\u043e\u043c \u0441\u043e\u0444\u0442\u0448\u0435\u043b\u043b \u043e\u0431\u043b\u0430\u0441\u0442\u044c \u043d\u0430 \u043f\u043b\u0435\u0447\u0430\u0445 \u0438 \u043b\u043e\u043a\u0442\u044f\u0445; 1 \u043d\u0430\u0433\u0440\u0443\u0434\u043d\u044b\u0439 \u043a\u0430\u0440\u043c\u0430\u043d \u043d\u0430 \u043c\u043e\u043b\u043d\u0438\u0438; 2 \u0431\u043e\u043a\u043e\u0432\u044b\u0445 \u043a\u0430\u0440\u043c\u0430\u043d\u0430 \u043d\u0430 \u043c\u043e\u043b\u043d\u0438\u0438; \u043a\u0430\u0440\u043c\u0430\u043d\u044b \u0441\u043e \u0441\u0432\u0435\u0442\u043e\u043e\u0442\u0440\u0430\u0436\u0430\u044e\u0449\u0438\u043c \u043a\u0430\u043d\u0442\u043e\u043c; \u0440\u0435\u0433\u0443\u043b\u0438\u0440\u0443\u0435\u043c\u0430\u044f \u0448\u0438\u0440\u0438\u043d\u0430 \u0440\u0443\u043a\u0430\u0432\u043e\u0432 \u0438 \u043d\u0438\u0437\u0430 \u043a\u0443\u0440\u0442\u043a\u0438; \u043e\u0442\u0432\u0435\u0440\u0441\u0442\u0438\u044f \u0434\u043b\u044f \u0431\u043e\u043b\u044c\u0448\u0438\u0445 \u043f\u0430\u043b\u044c\u0446\u0435\u0432 \u043d\u0430 \u0440\u0443\u043a\u0430\u0432\u0430\u0445.\" \/>\n<meta property=\"og:url\" content=\"https:\/\/stafit.ee\/ru\/tovar\/\u043a\u043e\u0444\u0442\u0430-boyer-\u043e\u043b\u0438\u0432\u043a\u043e\u0432\u0430\u044f\/\" \/>\n<meta property=\"og:site_name\" content=\"Stafit O\u00dc\" \/>\n<meta property=\"article:modified_time\" content=\"2026-04-08T15:15:52+00:00\" \/>\n<meta property=\"og:image\" content=\"https:\/\/stafit.ee\/wp-content\/uploads\/2022\/03\/boyer-olive-1.jpg\" \/>\n\t<meta property=\"og:image:width\" content=\"1300\" \/>\n\t<meta property=\"og:image:height\" content=\"1300\" \/>\n\t<meta property=\"og:image:type\" content=\"image\/jpeg\" \/>\n<meta name=\"twitter:card\" content=\"summary_large_image\" \/>\n<script type=\"application\/ld+json\" class=\"yoast-schema-graph\">{\"@context\":\"https:\/\/schema.org\",\"@graph\":[{\"@type\":\"WebPage\",\"@id\":\"https:\/\/stafit.ee\/ru\/tovar\/%d0%ba%d0%be%d1%84%d1%82%d0%b0-boyer-%d0%be%d0%bb%d0%b8%d0%b2%d0%ba%d0%be%d0%b2%d0%b0%d1%8f\/\",\"url\":\"https:\/\/stafit.ee\/ru\/tovar\/%d0%ba%d0%be%d1%84%d1%82%d0%b0-boyer-%d0%be%d0%bb%d0%b8%d0%b2%d0%ba%d0%be%d0%b2%d0%b0%d1%8f\/\",\"name\":\"\u041a\u043e\u0444\u0442\u0430 BOYER \u043e\u043b\u0438\u0432\u043a\u043e\u0432\u0430\u044f - Stafit O\u00dc\",\"isPartOf\":{\"@id\":\"https:\/\/stafit.ee\/#website\"},\"primaryImageOfPage\":{\"@id\":\"https:\/\/stafit.ee\/ru\/tovar\/%d0%ba%d0%be%d1%84%d1%82%d0%b0-boyer-%d0%be%d0%bb%d0%b8%d0%b2%d0%ba%d0%be%d0%b2%d0%b0%d1%8f\/#primaryimage\"},\"image\":{\"@id\":\"https:\/\/stafit.ee\/ru\/tovar\/%d0%ba%d0%be%d1%84%d1%82%d0%b0-boyer-%d0%be%d0%bb%d0%b8%d0%b2%d0%ba%d0%be%d0%b2%d0%b0%d1%8f\/#primaryimage\"},\"thumbnailUrl\":\"https:\/\/stafit.ee\/wp-content\/uploads\/2022\/03\/boyer-olive-1.jpg\",\"datePublished\":\"2022-03-24T09:13:46+00:00\",\"dateModified\":\"2026-04-08T15:15:52+00:00\",\"breadcrumb\":{\"@id\":\"https:\/\/stafit.ee\/ru\/tovar\/%d0%ba%d0%be%d1%84%d1%82%d0%b0-boyer-%d0%be%d0%bb%d0%b8%d0%b2%d0%ba%d0%be%d0%b2%d0%b0%d1%8f\/#breadcrumb\"},\"inLanguage\":\"ru-RU\",\"potentialAction\":[{\"@type\":\"ReadAction\",\"target\":[\"https:\/\/stafit.ee\/ru\/tovar\/%d0%ba%d0%be%d1%84%d1%82%d0%b0-boyer-%d0%be%d0%bb%d0%b8%d0%b2%d0%ba%d0%be%d0%b2%d0%b0%d1%8f\/\"]}]},{\"@type\":\"ImageObject\",\"inLanguage\":\"ru-RU\",\"@id\":\"https:\/\/stafit.ee\/ru\/tovar\/%d0%ba%d0%be%d1%84%d1%82%d0%b0-boyer-%d0%be%d0%bb%d0%b8%d0%b2%d0%ba%d0%be%d0%b2%d0%b0%d1%8f\/#primaryimage\",\"url\":\"https:\/\/stafit.ee\/wp-content\/uploads\/2022\/03\/boyer-olive-1.jpg\",\"contentUrl\":\"https:\/\/stafit.ee\/wp-content\/uploads\/2022\/03\/boyer-olive-1.jpg\",\"width\":1300,\"height\":1300},{\"@type\":\"BreadcrumbList\",\"@id\":\"https:\/\/stafit.ee\/ru\/tovar\/%d0%ba%d0%be%d1%84%d1%82%d0%b0-boyer-%d0%be%d0%bb%d0%b8%d0%b2%d0%ba%d0%be%d0%b2%d0%b0%d1%8f\/#breadcrumb\",\"itemListElement\":[{\"@type\":\"ListItem\",\"position\":1,\"name\":\"Home\",\"item\":\"https:\/\/stafit.ee\/ru\/\"},{\"@type\":\"ListItem\",\"position\":2,\"name\":\"\u041c\u0430\u0433\u0430\u0437\u0438\u043d\",\"item\":\"https:\/\/stafit.ee\/ru\/pood\/\"},{\"@type\":\"ListItem\",\"position\":3,\"name\":\"\u041a\u043e\u0444\u0442\u0430 BOYER \u043e\u043b\u0438\u0432\u043a\u043e\u0432\u0430\u044f\"}]},{\"@type\":\"WebSite\",\"@id\":\"https:\/\/stafit.ee\/#website\",\"url\":\"https:\/\/stafit.ee\/\",\"name\":\"Stafit O\u00dc\",\"description\":\"T\u00f6\u00f6riete ja ohutusvahendite jae ja hulgim\u00fc\u00fck\",\"potentialAction\":[{\"@type\":\"SearchAction\",\"target\":{\"@type\":\"EntryPoint\",\"urlTemplate\":\"https:\/\/stafit.ee\/?s={search_term_string}\"},\"query-input\":{\"@type\":\"PropertyValueSpecification\",\"valueRequired\":true,\"valueName\":\"search_term_string\"}}],\"inLanguage\":\"ru-RU\"}]}<\/script>\n<!-- \/ Yoast SEO plugin. -->","yoast_head_json":{"title":"\u041a\u043e\u0444\u0442\u0430 BOYER \u043e\u043b\u0438\u0432\u043a\u043e\u0432\u0430\u044f - Stafit O\u00dc","robots":{"index":"index","follow":"follow","max-snippet":"max-snippet:-1","max-image-preview":"max-image-preview:large","max-video-preview":"max-video-preview:-1"},"canonical":"https:\/\/stafit.ee\/ru\/tovar\/\u043a\u043e\u0444\u0442\u0430-boyer-\u043e\u043b\u0438\u0432\u043a\u043e\u0432\u0430\u044f\/","og_locale":"ru_RU","og_type":"article","og_title":"\u041a\u043e\u0444\u0442\u0430 BOYER \u043e\u043b\u0438\u0432\u043a\u043e\u0432\u0430\u044f - Stafit O\u00dc","og_description":"100% \u043f\u043e\u043b\u0438\u044d\u0441\u0442\u0435\u0440, 265 \u0433\/\u043c\u00b2; \u043c\u0443\u0436\u0441\u043a\u0430\u044f \u043a\u0443\u0440\u0442\u043a\u0430 \u0441 \u043d\u0430\u0447\u0451\u0441\u043e\u043c \u0432\u043d\u0443\u0442\u0440\u0438; \u0443\u0441\u0438\u043b\u0435\u043d\u043d\u0430\u044f \u043c\u0430\u0442\u0435\u0440\u0438\u0430\u043b\u043e\u043c \u0441\u043e\u0444\u0442\u0448\u0435\u043b\u043b \u043e\u0431\u043b\u0430\u0441\u0442\u044c \u043d\u0430 \u043f\u043b\u0435\u0447\u0430\u0445 \u0438 \u043b\u043e\u043a\u0442\u044f\u0445; 1 \u043d\u0430\u0433\u0440\u0443\u0434\u043d\u044b\u0439 \u043a\u0430\u0440\u043c\u0430\u043d \u043d\u0430 \u043c\u043e\u043b\u043d\u0438\u0438; 2 \u0431\u043e\u043a\u043e\u0432\u044b\u0445 \u043a\u0430\u0440\u043c\u0430\u043d\u0430 \u043d\u0430 \u043c\u043e\u043b\u043d\u0438\u0438; \u043a\u0430\u0440\u043c\u0430\u043d\u044b \u0441\u043e \u0441\u0432\u0435\u0442\u043e\u043e\u0442\u0440\u0430\u0436\u0430\u044e\u0449\u0438\u043c \u043a\u0430\u043d\u0442\u043e\u043c; \u0440\u0435\u0433\u0443\u043b\u0438\u0440\u0443\u0435\u043c\u0430\u044f \u0448\u0438\u0440\u0438\u043d\u0430 \u0440\u0443\u043a\u0430\u0432\u043e\u0432 \u0438 \u043d\u0438\u0437\u0430 \u043a\u0443\u0440\u0442\u043a\u0438; \u043e\u0442\u0432\u0435\u0440\u0441\u0442\u0438\u044f \u0434\u043b\u044f \u0431\u043e\u043b\u044c\u0448\u0438\u0445 \u043f\u0430\u043b\u044c\u0446\u0435\u0432 \u043d\u0430 \u0440\u0443\u043a\u0430\u0432\u0430\u0445.","og_url":"https:\/\/stafit.ee\/ru\/tovar\/\u043a\u043e\u0444\u0442\u0430-boyer-\u043e\u043b\u0438\u0432\u043a\u043e\u0432\u0430\u044f\/","og_site_name":"Stafit O\u00dc","article_modified_time":"2026-04-08T15:15:52+00:00","og_image":[{"width":1300,"height":1300,"url":"https:\/\/stafit.ee\/wp-content\/uploads\/2022\/03\/boyer-olive-1.jpg","type":"image\/jpeg"}],"twitter_card":"summary_large_image","schema":{"@context":"https:\/\/schema.org","@graph":[{"@type":"WebPage","@id":"https:\/\/stafit.ee\/ru\/tovar\/%d0%ba%d0%be%d1%84%d1%82%d0%b0-boyer-%d0%be%d0%bb%d0%b8%d0%b2%d0%ba%d0%be%d0%b2%d0%b0%d1%8f\/","url":"https:\/\/stafit.ee\/ru\/tovar\/%d0%ba%d0%be%d1%84%d1%82%d0%b0-boyer-%d0%be%d0%bb%d0%b8%d0%b2%d0%ba%d0%be%d0%b2%d0%b0%d1%8f\/","name":"\u041a\u043e\u0444\u0442\u0430 BOYER \u043e\u043b\u0438\u0432\u043a\u043e\u0432\u0430\u044f - Stafit O\u00dc","isPartOf":{"@id":"https:\/\/stafit.ee\/#website"},"primaryImageOfPage":{"@id":"https:\/\/stafit.ee\/ru\/tovar\/%d0%ba%d0%be%d1%84%d1%82%d0%b0-boyer-%d0%be%d0%bb%d0%b8%d0%b2%d0%ba%d0%be%d0%b2%d0%b0%d1%8f\/#primaryimage"},"image":{"@id":"https:\/\/stafit.ee\/ru\/tovar\/%d0%ba%d0%be%d1%84%d1%82%d0%b0-boyer-%d0%be%d0%bb%d0%b8%d0%b2%d0%ba%d0%be%d0%b2%d0%b0%d1%8f\/#primaryimage"},"thumbnailUrl":"https:\/\/stafit.ee\/wp-content\/uploads\/2022\/03\/boyer-olive-1.jpg","datePublished":"2022-03-24T09:13:46+00:00","dateModified":"2026-04-08T15:15:52+00:00","breadcrumb":{"@id":"https:\/\/stafit.ee\/ru\/tovar\/%d0%ba%d0%be%d1%84%d1%82%d0%b0-boyer-%d0%be%d0%bb%d0%b8%d0%b2%d0%ba%d0%be%d0%b2%d0%b0%d1%8f\/#breadcrumb"},"inLanguage":"ru-RU","potentialAction":[{"@type":"ReadAction","target":["https:\/\/stafit.ee\/ru\/tovar\/%d0%ba%d0%be%d1%84%d1%82%d0%b0-boyer-%d0%be%d0%bb%d0%b8%d0%b2%d0%ba%d0%be%d0%b2%d0%b0%d1%8f\/"]}]},{"@type":"ImageObject","inLanguage":"ru-RU","@id":"https:\/\/stafit.ee\/ru\/tovar\/%d0%ba%d0%be%d1%84%d1%82%d0%b0-boyer-%d0%be%d0%bb%d0%b8%d0%b2%d0%ba%d0%be%d0%b2%d0%b0%d1%8f\/#primaryimage","url":"https:\/\/stafit.ee\/wp-content\/uploads\/2022\/03\/boyer-olive-1.jpg","contentUrl":"https:\/\/stafit.ee\/wp-content\/uploads\/2022\/03\/boyer-olive-1.jpg","width":1300,"height":1300},{"@type":"BreadcrumbList","@id":"https:\/\/stafit.ee\/ru\/tovar\/%d0%ba%d0%be%d1%84%d1%82%d0%b0-boyer-%d0%be%d0%bb%d0%b8%d0%b2%d0%ba%d0%be%d0%b2%d0%b0%d1%8f\/#breadcrumb","itemListElement":[{"@type":"ListItem","position":1,"name":"Home","item":"https:\/\/stafit.ee\/ru\/"},{"@type":"ListItem","position":2,"name":"\u041c\u0430\u0433\u0430\u0437\u0438\u043d","item":"https:\/\/stafit.ee\/ru\/pood\/"},{"@type":"ListItem","position":3,"name":"\u041a\u043e\u0444\u0442\u0430 BOYER \u043e\u043b\u0438\u0432\u043a\u043e\u0432\u0430\u044f"}]},{"@type":"WebSite","@id":"https:\/\/stafit.ee\/#website","url":"https:\/\/stafit.ee\/","name":"Stafit O\u00dc","description":"T\u00f6\u00f6riete ja ohutusvahendite jae ja hulgim\u00fc\u00fck","potentialAction":[{"@type":"SearchAction","target":{"@type":"EntryPoint","urlTemplate":"https:\/\/stafit.ee\/?s={search_term_string}"},"query-input":{"@type":"PropertyValueSpecification","valueRequired":true,"valueName":"search_term_string"}}],"inLanguage":"ru-RU"}]}},"brands":[{"id":323,"name":"Cerva","slug":"cerva"}],"_links":{"self":[{"href":"https:\/\/stafit.ee\/ru\/wp-json\/wp\/v2\/product\/46161","targetHints":{"allow":["GET"]}}],"collection":[{"href":"https:\/\/stafit.ee\/ru\/wp-json\/wp\/v2\/product"}],"about":[{"href":"https:\/\/stafit.ee\/ru\/wp-json\/wp\/v2\/types\/product"}],"wp:featuredmedia":[{"embeddable":true,"href":"https:\/\/stafit.ee\/ru\/wp-json\/wp\/v2\/media\/46152"}],"wp:attachment":[{"href":"https:\/\/stafit.ee\/ru\/wp-json\/wp\/v2\/media?parent=46161"}],"wp:term":[{"taxonomy":"pwb-brand","embeddable":true,"href":"https:\/\/stafit.ee\/ru\/wp-json\/wp\/v2\/pwb-brand?post=46161"},{"taxonomy":"product_brand","embeddable":true,"href":"https:\/\/stafit.ee\/ru\/wp-json\/wp\/v2\/product_brand?post=46161"},{"taxonomy":"product_cat","embeddable":true,"href":"https:\/\/stafit.ee\/ru\/wp-json\/wp\/v2\/product_cat?post=46161"},{"taxonomy":"product_tag","embeddable":true,"href":"https:\/\/stafit.ee\/ru\/wp-json\/wp\/v2\/product_tag?post=46161"}],"curies":[{"name":"wp","href":"https:\/\/api.w.org\/{rel}","templated":true}]}}