{"id":45956,"date":"2022-03-21T14:02:52","date_gmt":"2022-03-21T12:02:52","guid":{"rendered":"https:\/\/stafit.ee\/toode\/%d1%84%d0%bb%d0%b8%d1%81%d0%be%d0%b2%d0%b0%d1%8f-%d0%ba%d1%83%d1%80%d1%82%d0%ba%d0%b0-sioen-rainier-hi-vis-%d0%b6%d1%91%d0%bb%d1%82%d0%b0%d1%8f\/"},"modified":"2026-02-10T13:30:38","modified_gmt":"2026-02-10T11:30:38","slug":"%d1%84%d0%bb%d0%b8%d1%81%d0%be%d0%b2%d0%b0%d1%8f-%d0%ba%d1%83%d1%80%d1%82%d0%ba%d0%b0-sioen-rainier-hi-vis-%d0%b6%d1%91%d0%bb%d1%82%d0%b0%d1%8f","status":"publish","type":"product","link":"https:\/\/stafit.ee\/ru\/tovar\/%d1%84%d0%bb%d0%b8%d1%81%d0%be%d0%b2%d0%b0%d1%8f-%d0%ba%d1%83%d1%80%d1%82%d0%ba%d0%b0-sioen-rainier-hi-vis-%d0%b6%d1%91%d0%bb%d1%82%d0%b0%d1%8f\/","title":{"rendered":"\u0424\u043b\u0438\u0441\u043e\u0432\u0430\u044f \u043a\u0443\u0440\u0442\u043a\u0430 SIOEN RAINIER Hi-Vis \u0436\u0451\u043b\u0442\u0430\u044f"},"content":{"rendered":"<p>\u041e\u0433\u043d\u0435\u0441\u0442\u043e\u0439\u043a\u0443\u044e \u0444\u043b\u0438\u0441\u043e\u0432\u0443\u044e \u043a\u0443\u0440\u0442\u043a\u0443 Rainier \u043c\u043e\u0436\u043d\u043e \u043f\u0440\u0438\u0441\u0442\u0435\u0433\u043d\u0443\u0442\u044c \u0432\u043d\u0443\u0442\u0440\u044c \u0434\u0440\u0443\u0433\u043e\u0439 Sioen \u043a\u0443\u0440\u0442\u043a\u0438 \u0438\u043b\u0438 \u043d\u043e\u0441\u0438\u0442\u044c \u043e\u0442\u0434\u0435\u043b\u044c\u043d\u043e, \u0447\u0442\u043e\u0431\u044b \u0437\u0430\u0449\u0438\u0442\u0438\u0442\u044c \u0441\u0435\u0431\u044f \u043e\u0442 \u0445\u043e\u043b\u043e\u0434\u0430 \u0438 \u0432\u0435\u0442\u0440\u0430.<\/p>\n<p>\u041c\u0430\u0442\u0435\u0440\u0438\u0430\u043b<br \/>\n\u0414\u0432\u0443\u0441\u0442\u043e\u0440\u043e\u043d\u043d\u0438\u0439 \u0444\u043b\u0438\u0441: 100% \u043e\u0433\u043d\u0435\u0441\u0442\u043e\u0439\u043a\u0438\u0439 \u043f\u043e\u043b\u0438\u044d\u0441\u0442\u0435\u0440; \u00b1 275 \u0433\/\u043c\u00b2.<br \/>\n\u041c\u044f\u0433\u043a\u0430\u044f \u0434\u044b\u0448\u0430\u0449\u0430\u044f \u0444\u043b\u0438\u0441\u043e\u0432\u0430\u044f \u0442\u043a\u0430\u043d\u044c \u043f\u0440\u043e\u0448\u043b\u0430 \u0441\u043f\u0435\u0446\u0438\u0430\u043b\u044c\u043d\u0443\u044e \u043e\u0431\u0440\u0430\u0431\u043e\u0442\u043a\u0443 \u043f\u0440\u043e\u0442\u0438\u0432 \u043e\u0431\u0440\u0430\u0437\u043e\u0432\u0430\u043d\u0438\u044f \u043a\u0430\u0442\u044b\u0448\u043a\u043e\u0432, \u0447\u0442\u043e \u0437\u043d\u0430\u0447\u0438\u0442\u0435\u043b\u044c\u043d\u043e \u043f\u0440\u043e\u0434\u043b\u0435\u0432\u0430\u0435\u0442 \u0441\u0440\u043e\u043a \u0441\u043b\u0443\u0436\u0431\u044b \u043a\u0443\u0440\u0442\u043a\u0438.<\/p>\n<p>\u0415\u0432\u0440\u043e\u043f\u0435\u0439\u0441\u043a\u0438\u0435 \u0441\u0442\u0430\u043d\u0434\u0430\u0440\u0442\u044b<br \/>\nEN ISO 14116:2015 \/ IND. 1<br \/>\nEN ISO 20471:2013 + A1 2016 \/ \u041a\u043b\u0430\u0441\u0441 2<br \/>\nEN 14058:2017 \/ \u041a\u043b\u0430\u0441\u0441 1 1 x x<br \/>\nEN ISO 13688:2013<\/p>\n<p>&#8212; \u0412\u043e\u0440\u043e\u0442\u043d\u0438\u043a-\u0441\u0442\u043e\u0439\u043a\u0430<br \/>\n&#8212; \u0421\u043f\u0435\u0440\u0435\u0434\u0438 \u043f\u043e\u0442\u0430\u0439\u043d\u0430\u044f \u0437\u0430\u0441\u0442\u0451\u0436\u043a\u0430-\u043c\u043e\u043b\u043d\u0438\u044f<br \/>\n&#8212; 2 \u0431\u043e\u043a\u043e\u0432\u044b\u0445 \u043a\u0430\u0440\u043c\u0430\u043d\u0430 \u043d\u0430 \u043c\u043e\u043b\u043d\u0438\u0438<br \/>\n&#8212; \u042d\u043b\u0430\u0441\u0442\u0438\u0447\u043d\u044b\u0435 \u043c\u0430\u043d\u0436\u0435\u0442\u044b \u0440\u0443\u043a\u0430\u0432\u043e\u0432<br \/>\n&#8212; \u0420\u0435\u0433\u0443\u043b\u0438\u0440\u043e\u0432\u043a\u0430 \u043d\u0438\u0436\u043d\u0435\u0433\u043e \u043a\u0440\u0430\u044f \u043a\u0443\u0440\u0442\u043a\u0438 \u043f\u0440\u0438 \u043f\u043e\u043c\u043e\u0449\u0438 \u0448\u043d\u0443\u0440\u043a\u0430<br \/>\n&#8212; \u0414\u043b\u0438\u043d\u0430 \u043f\u043e \u0441\u043f\u0438\u043d\u043a\u0435 77 \u0441\u043c (L)<br \/>\n&#8212; \u0424\u0438\u043a\u0441\u0438\u0440\u043e\u0432\u0430\u043d\u043d\u0430\u044f \u043e\u0433\u043d\u0435\u0441\u0442\u043e\u0439\u043a\u0430\u044f \u0445\u043b\u043e\u043f\u043a\u043e\u0432\u0430\u044f \u043f\u043e\u0434\u043a\u043b\u0430\u0434\u043a\u0430 \u0441\u043f\u0435\u0440\u0435\u0434\u0438<br \/>\n&#8212; 1 \u0432\u043d\u0443\u0442\u0440\u0435\u043d\u043d\u0438\u0439 \u043a\u0430\u0440\u043c\u0430\u043d<\/p>\n","protected":false},"excerpt":{"rendered":"<p>\u041e\u0433\u043d\u0435\u0441\u0442\u043e\u0439\u043a\u0443\u044e \u0444\u043b\u0438\u0441\u043e\u0432\u0443\u044e \u043a\u0443\u0440\u0442\u043a\u0443 Rainier \u043c\u043e\u0436\u043d\u043e \u043f\u0440\u0438\u0441\u0442\u0435\u0433\u043d\u0443\u0442\u044c \u0432\u043d\u0443\u0442\u0440\u044c \u0434\u0440\u0443\u0433\u043e\u0439 Sioen \u043a\u0443\u0440\u0442\u043a\u0438 \u0438\u043b\u0438 \u043d\u043e\u0441\u0438\u0442\u044c \u043e\u0442\u0434\u0435\u043b\u044c\u043d\u043e, \u0447\u0442\u043e\u0431\u044b \u0437\u0430\u0449\u0438\u0442\u0438\u0442\u044c \u0441\u0435\u0431\u044f \u043e\u0442 \u0445\u043e\u043b\u043e\u0434\u0430 \u0438 \u0432\u0435\u0442\u0440\u0430. \u041c\u0430\u0442\u0435\u0440\u0438\u0430\u043b \u0414\u0432\u0443\u0441\u0442\u043e\u0440\u043e\u043d\u043d\u0438\u0439 \u0444\u043b\u0438\u0441: 100% \u043e\u0433\u043d\u0435\u0441\u0442\u043e\u0439\u043a\u0438\u0439 \u043f\u043e\u043b\u0438\u044d\u0441\u0442\u0435\u0440; \u00b1 275 \u0433\/\u043c\u00b2. \u041c\u044f\u0433\u043a\u0430\u044f \u0434\u044b\u0448\u0430\u0449\u0430\u044f \u0444\u043b\u0438\u0441\u043e\u0432\u0430\u044f \u0442\u043a\u0430\u043d\u044c \u043f\u0440\u043e\u0448\u043b\u0430 \u0441\u043f\u0435\u0446\u0438\u0430\u043b\u044c\u043d\u0443\u044e \u043e\u0431\u0440\u0430\u0431\u043e\u0442\u043a\u0443 \u043f\u0440\u043e\u0442\u0438\u0432 \u043e\u0431\u0440\u0430\u0437\u043e\u0432\u0430\u043d\u0438\u044f \u043a\u0430\u0442\u044b\u0448\u043a\u043e\u0432, \u0447\u0442\u043e \u0437\u043d\u0430\u0447\u0438\u0442\u0435\u043b\u044c\u043d\u043e \u043f\u0440\u043e\u0434\u043b\u0435\u0432\u0430\u0435\u0442 \u0441\u0440\u043e\u043a \u0441\u043b\u0443\u0436\u0431\u044b \u043a\u0443\u0440\u0442\u043a\u0438. \u0415\u0432\u0440\u043e\u043f\u0435\u0439\u0441\u043a\u0438\u0435 \u0441\u0442\u0430\u043d\u0434\u0430\u0440\u0442\u044b EN ISO 14116:2015 \/ IND. 1 EN ISO&#8230;<\/p>\n","protected":false},"featured_media":45953,"template":"","meta":[],"pwb-brand":[330],"product_brand":[],"product_cat":[1518],"product_tag":[],"class_list":{"0":"post-45956","1":"product","2":"type-product","3":"status-publish","4":"has-post-thumbnail","6":"pwb-brand-sioen","7":"product_cat--multinorm","9":"first","10":"outofstock","11":"taxable","12":"shipping-taxable","13":"product-type-variable"},"yoast_head":"<!-- This site is optimized with the Yoast SEO plugin v27.0 - https:\/\/yoast.com\/product\/yoast-seo-wordpress\/ -->\n<title>\u0424\u043b\u0438\u0441\u043e\u0432\u0430\u044f \u043a\u0443\u0440\u0442\u043a\u0430 SIOEN RAINIER Hi-Vis \u0436\u0451\u043b\u0442\u0430\u044f - Stafit O\u00dc<\/title>\n<meta name=\"robots\" content=\"index, follow, max-snippet:-1, max-image-preview:large, max-video-preview:-1\" \/>\n<link rel=\"canonical\" href=\"https:\/\/stafit.ee\/ru\/tovar\/\u0444\u043b\u0438\u0441\u043e\u0432\u0430\u044f-\u043a\u0443\u0440\u0442\u043a\u0430-sioen-rainier-hi-vis-\u0436\u0451\u043b\u0442\u0430\u044f\/\" \/>\n<meta property=\"og:locale\" content=\"ru_RU\" \/>\n<meta property=\"og:type\" content=\"article\" \/>\n<meta property=\"og:title\" content=\"\u0424\u043b\u0438\u0441\u043e\u0432\u0430\u044f \u043a\u0443\u0440\u0442\u043a\u0430 SIOEN RAINIER Hi-Vis \u0436\u0451\u043b\u0442\u0430\u044f - Stafit O\u00dc\" \/>\n<meta property=\"og:description\" content=\"\u041e\u0433\u043d\u0435\u0441\u0442\u043e\u0439\u043a\u0443\u044e \u0444\u043b\u0438\u0441\u043e\u0432\u0443\u044e \u043a\u0443\u0440\u0442\u043a\u0443 Rainier \u043c\u043e\u0436\u043d\u043e \u043f\u0440\u0438\u0441\u0442\u0435\u0433\u043d\u0443\u0442\u044c \u0432\u043d\u0443\u0442\u0440\u044c \u0434\u0440\u0443\u0433\u043e\u0439 Sioen \u043a\u0443\u0440\u0442\u043a\u0438 \u0438\u043b\u0438 \u043d\u043e\u0441\u0438\u0442\u044c \u043e\u0442\u0434\u0435\u043b\u044c\u043d\u043e, \u0447\u0442\u043e\u0431\u044b \u0437\u0430\u0449\u0438\u0442\u0438\u0442\u044c \u0441\u0435\u0431\u044f \u043e\u0442 \u0445\u043e\u043b\u043e\u0434\u0430 \u0438 \u0432\u0435\u0442\u0440\u0430. \u041c\u0430\u0442\u0435\u0440\u0438\u0430\u043b \u0414\u0432\u0443\u0441\u0442\u043e\u0440\u043e\u043d\u043d\u0438\u0439 \u0444\u043b\u0438\u0441: 100% \u043e\u0433\u043d\u0435\u0441\u0442\u043e\u0439\u043a\u0438\u0439 \u043f\u043e\u043b\u0438\u044d\u0441\u0442\u0435\u0440; \u00b1 275 \u0433\/\u043c\u00b2. \u041c\u044f\u0433\u043a\u0430\u044f \u0434\u044b\u0448\u0430\u0449\u0430\u044f \u0444\u043b\u0438\u0441\u043e\u0432\u0430\u044f \u0442\u043a\u0430\u043d\u044c \u043f\u0440\u043e\u0448\u043b\u0430 \u0441\u043f\u0435\u0446\u0438\u0430\u043b\u044c\u043d\u0443\u044e \u043e\u0431\u0440\u0430\u0431\u043e\u0442\u043a\u0443 \u043f\u0440\u043e\u0442\u0438\u0432 \u043e\u0431\u0440\u0430\u0437\u043e\u0432\u0430\u043d\u0438\u044f \u043a\u0430\u0442\u044b\u0448\u043a\u043e\u0432, \u0447\u0442\u043e \u0437\u043d\u0430\u0447\u0438\u0442\u0435\u043b\u044c\u043d\u043e \u043f\u0440\u043e\u0434\u043b\u0435\u0432\u0430\u0435\u0442 \u0441\u0440\u043e\u043a \u0441\u043b\u0443\u0436\u0431\u044b \u043a\u0443\u0440\u0442\u043a\u0438. \u0415\u0432\u0440\u043e\u043f\u0435\u0439\u0441\u043a\u0438\u0435 \u0441\u0442\u0430\u043d\u0434\u0430\u0440\u0442\u044b EN ISO 14116:2015 \/ IND. 1 EN ISO...\" \/>\n<meta property=\"og:url\" content=\"https:\/\/stafit.ee\/ru\/tovar\/\u0444\u043b\u0438\u0441\u043e\u0432\u0430\u044f-\u043a\u0443\u0440\u0442\u043a\u0430-sioen-rainier-hi-vis-\u0436\u0451\u043b\u0442\u0430\u044f\/\" \/>\n<meta property=\"og:site_name\" content=\"Stafit O\u00dc\" \/>\n<meta property=\"article:modified_time\" content=\"2026-02-10T11:30:38+00:00\" \/>\n<meta property=\"og:image\" content=\"https:\/\/stafit.ee\/wp-content\/uploads\/2022\/03\/496Z.jpg\" \/>\n\t<meta property=\"og:image:width\" content=\"900\" \/>\n\t<meta property=\"og:image:height\" content=\"900\" \/>\n\t<meta property=\"og:image:type\" content=\"image\/jpeg\" \/>\n<meta name=\"twitter:card\" content=\"summary_large_image\" \/>\n<script type=\"application\/ld+json\" class=\"yoast-schema-graph\">{\"@context\":\"https:\/\/schema.org\",\"@graph\":[{\"@type\":\"WebPage\",\"@id\":\"https:\/\/stafit.ee\/ru\/tovar\/%d1%84%d0%bb%d0%b8%d1%81%d0%be%d0%b2%d0%b0%d1%8f-%d0%ba%d1%83%d1%80%d1%82%d0%ba%d0%b0-sioen-rainier-hi-vis-%d0%b6%d1%91%d0%bb%d1%82%d0%b0%d1%8f\/\",\"url\":\"https:\/\/stafit.ee\/ru\/tovar\/%d1%84%d0%bb%d0%b8%d1%81%d0%be%d0%b2%d0%b0%d1%8f-%d0%ba%d1%83%d1%80%d1%82%d0%ba%d0%b0-sioen-rainier-hi-vis-%d0%b6%d1%91%d0%bb%d1%82%d0%b0%d1%8f\/\",\"name\":\"\u0424\u043b\u0438\u0441\u043e\u0432\u0430\u044f \u043a\u0443\u0440\u0442\u043a\u0430 SIOEN RAINIER Hi-Vis \u0436\u0451\u043b\u0442\u0430\u044f - Stafit O\u00dc\",\"isPartOf\":{\"@id\":\"https:\/\/stafit.ee\/#website\"},\"primaryImageOfPage\":{\"@id\":\"https:\/\/stafit.ee\/ru\/tovar\/%d1%84%d0%bb%d0%b8%d1%81%d0%be%d0%b2%d0%b0%d1%8f-%d0%ba%d1%83%d1%80%d1%82%d0%ba%d0%b0-sioen-rainier-hi-vis-%d0%b6%d1%91%d0%bb%d1%82%d0%b0%d1%8f\/#primaryimage\"},\"image\":{\"@id\":\"https:\/\/stafit.ee\/ru\/tovar\/%d1%84%d0%bb%d0%b8%d1%81%d0%be%d0%b2%d0%b0%d1%8f-%d0%ba%d1%83%d1%80%d1%82%d0%ba%d0%b0-sioen-rainier-hi-vis-%d0%b6%d1%91%d0%bb%d1%82%d0%b0%d1%8f\/#primaryimage\"},\"thumbnailUrl\":\"https:\/\/stafit.ee\/wp-content\/uploads\/2022\/03\/496Z.jpg\",\"datePublished\":\"2022-03-21T12:02:52+00:00\",\"dateModified\":\"2026-02-10T11:30:38+00:00\",\"breadcrumb\":{\"@id\":\"https:\/\/stafit.ee\/ru\/tovar\/%d1%84%d0%bb%d0%b8%d1%81%d0%be%d0%b2%d0%b0%d1%8f-%d0%ba%d1%83%d1%80%d1%82%d0%ba%d0%b0-sioen-rainier-hi-vis-%d0%b6%d1%91%d0%bb%d1%82%d0%b0%d1%8f\/#breadcrumb\"},\"inLanguage\":\"ru-RU\",\"potentialAction\":[{\"@type\":\"ReadAction\",\"target\":[\"https:\/\/stafit.ee\/ru\/tovar\/%d1%84%d0%bb%d0%b8%d1%81%d0%be%d0%b2%d0%b0%d1%8f-%d0%ba%d1%83%d1%80%d1%82%d0%ba%d0%b0-sioen-rainier-hi-vis-%d0%b6%d1%91%d0%bb%d1%82%d0%b0%d1%8f\/\"]}]},{\"@type\":\"ImageObject\",\"inLanguage\":\"ru-RU\",\"@id\":\"https:\/\/stafit.ee\/ru\/tovar\/%d1%84%d0%bb%d0%b8%d1%81%d0%be%d0%b2%d0%b0%d1%8f-%d0%ba%d1%83%d1%80%d1%82%d0%ba%d0%b0-sioen-rainier-hi-vis-%d0%b6%d1%91%d0%bb%d1%82%d0%b0%d1%8f\/#primaryimage\",\"url\":\"https:\/\/stafit.ee\/wp-content\/uploads\/2022\/03\/496Z.jpg\",\"contentUrl\":\"https:\/\/stafit.ee\/wp-content\/uploads\/2022\/03\/496Z.jpg\",\"width\":900,\"height\":900},{\"@type\":\"BreadcrumbList\",\"@id\":\"https:\/\/stafit.ee\/ru\/tovar\/%d1%84%d0%bb%d0%b8%d1%81%d0%be%d0%b2%d0%b0%d1%8f-%d0%ba%d1%83%d1%80%d1%82%d0%ba%d0%b0-sioen-rainier-hi-vis-%d0%b6%d1%91%d0%bb%d1%82%d0%b0%d1%8f\/#breadcrumb\",\"itemListElement\":[{\"@type\":\"ListItem\",\"position\":1,\"name\":\"Home\",\"item\":\"https:\/\/stafit.ee\/ru\/\"},{\"@type\":\"ListItem\",\"position\":2,\"name\":\"\u041c\u0430\u0433\u0430\u0437\u0438\u043d\",\"item\":\"https:\/\/stafit.ee\/ru\/pood\/\"},{\"@type\":\"ListItem\",\"position\":3,\"name\":\"\u0424\u043b\u0438\u0441\u043e\u0432\u0430\u044f \u043a\u0443\u0440\u0442\u043a\u0430 SIOEN RAINIER Hi-Vis \u0436\u0451\u043b\u0442\u0430\u044f\"}]},{\"@type\":\"WebSite\",\"@id\":\"https:\/\/stafit.ee\/#website\",\"url\":\"https:\/\/stafit.ee\/\",\"name\":\"Stafit O\u00dc\",\"description\":\"T\u00f6\u00f6riete ja ohutusvahendite jae ja hulgim\u00fc\u00fck\",\"potentialAction\":[{\"@type\":\"SearchAction\",\"target\":{\"@type\":\"EntryPoint\",\"urlTemplate\":\"https:\/\/stafit.ee\/?s={search_term_string}\"},\"query-input\":{\"@type\":\"PropertyValueSpecification\",\"valueRequired\":true,\"valueName\":\"search_term_string\"}}],\"inLanguage\":\"ru-RU\"}]}<\/script>\n<!-- \/ Yoast SEO plugin. -->","yoast_head_json":{"title":"\u0424\u043b\u0438\u0441\u043e\u0432\u0430\u044f \u043a\u0443\u0440\u0442\u043a\u0430 SIOEN RAINIER Hi-Vis \u0436\u0451\u043b\u0442\u0430\u044f - Stafit O\u00dc","robots":{"index":"index","follow":"follow","max-snippet":"max-snippet:-1","max-image-preview":"max-image-preview:large","max-video-preview":"max-video-preview:-1"},"canonical":"https:\/\/stafit.ee\/ru\/tovar\/\u0444\u043b\u0438\u0441\u043e\u0432\u0430\u044f-\u043a\u0443\u0440\u0442\u043a\u0430-sioen-rainier-hi-vis-\u0436\u0451\u043b\u0442\u0430\u044f\/","og_locale":"ru_RU","og_type":"article","og_title":"\u0424\u043b\u0438\u0441\u043e\u0432\u0430\u044f \u043a\u0443\u0440\u0442\u043a\u0430 SIOEN RAINIER Hi-Vis \u0436\u0451\u043b\u0442\u0430\u044f - Stafit O\u00dc","og_description":"\u041e\u0433\u043d\u0435\u0441\u0442\u043e\u0439\u043a\u0443\u044e \u0444\u043b\u0438\u0441\u043e\u0432\u0443\u044e \u043a\u0443\u0440\u0442\u043a\u0443 Rainier \u043c\u043e\u0436\u043d\u043e \u043f\u0440\u0438\u0441\u0442\u0435\u0433\u043d\u0443\u0442\u044c \u0432\u043d\u0443\u0442\u0440\u044c \u0434\u0440\u0443\u0433\u043e\u0439 Sioen \u043a\u0443\u0440\u0442\u043a\u0438 \u0438\u043b\u0438 \u043d\u043e\u0441\u0438\u0442\u044c \u043e\u0442\u0434\u0435\u043b\u044c\u043d\u043e, \u0447\u0442\u043e\u0431\u044b \u0437\u0430\u0449\u0438\u0442\u0438\u0442\u044c \u0441\u0435\u0431\u044f \u043e\u0442 \u0445\u043e\u043b\u043e\u0434\u0430 \u0438 \u0432\u0435\u0442\u0440\u0430. \u041c\u0430\u0442\u0435\u0440\u0438\u0430\u043b \u0414\u0432\u0443\u0441\u0442\u043e\u0440\u043e\u043d\u043d\u0438\u0439 \u0444\u043b\u0438\u0441: 100% \u043e\u0433\u043d\u0435\u0441\u0442\u043e\u0439\u043a\u0438\u0439 \u043f\u043e\u043b\u0438\u044d\u0441\u0442\u0435\u0440; \u00b1 275 \u0433\/\u043c\u00b2. \u041c\u044f\u0433\u043a\u0430\u044f \u0434\u044b\u0448\u0430\u0449\u0430\u044f \u0444\u043b\u0438\u0441\u043e\u0432\u0430\u044f \u0442\u043a\u0430\u043d\u044c \u043f\u0440\u043e\u0448\u043b\u0430 \u0441\u043f\u0435\u0446\u0438\u0430\u043b\u044c\u043d\u0443\u044e \u043e\u0431\u0440\u0430\u0431\u043e\u0442\u043a\u0443 \u043f\u0440\u043e\u0442\u0438\u0432 \u043e\u0431\u0440\u0430\u0437\u043e\u0432\u0430\u043d\u0438\u044f \u043a\u0430\u0442\u044b\u0448\u043a\u043e\u0432, \u0447\u0442\u043e \u0437\u043d\u0430\u0447\u0438\u0442\u0435\u043b\u044c\u043d\u043e \u043f\u0440\u043e\u0434\u043b\u0435\u0432\u0430\u0435\u0442 \u0441\u0440\u043e\u043a \u0441\u043b\u0443\u0436\u0431\u044b \u043a\u0443\u0440\u0442\u043a\u0438. \u0415\u0432\u0440\u043e\u043f\u0435\u0439\u0441\u043a\u0438\u0435 \u0441\u0442\u0430\u043d\u0434\u0430\u0440\u0442\u044b EN ISO 14116:2015 \/ IND. 1 EN ISO...","og_url":"https:\/\/stafit.ee\/ru\/tovar\/\u0444\u043b\u0438\u0441\u043e\u0432\u0430\u044f-\u043a\u0443\u0440\u0442\u043a\u0430-sioen-rainier-hi-vis-\u0436\u0451\u043b\u0442\u0430\u044f\/","og_site_name":"Stafit O\u00dc","article_modified_time":"2026-02-10T11:30:38+00:00","og_image":[{"width":900,"height":900,"url":"https:\/\/stafit.ee\/wp-content\/uploads\/2022\/03\/496Z.jpg","type":"image\/jpeg"}],"twitter_card":"summary_large_image","schema":{"@context":"https:\/\/schema.org","@graph":[{"@type":"WebPage","@id":"https:\/\/stafit.ee\/ru\/tovar\/%d1%84%d0%bb%d0%b8%d1%81%d0%be%d0%b2%d0%b0%d1%8f-%d0%ba%d1%83%d1%80%d1%82%d0%ba%d0%b0-sioen-rainier-hi-vis-%d0%b6%d1%91%d0%bb%d1%82%d0%b0%d1%8f\/","url":"https:\/\/stafit.ee\/ru\/tovar\/%d1%84%d0%bb%d0%b8%d1%81%d0%be%d0%b2%d0%b0%d1%8f-%d0%ba%d1%83%d1%80%d1%82%d0%ba%d0%b0-sioen-rainier-hi-vis-%d0%b6%d1%91%d0%bb%d1%82%d0%b0%d1%8f\/","name":"\u0424\u043b\u0438\u0441\u043e\u0432\u0430\u044f \u043a\u0443\u0440\u0442\u043a\u0430 SIOEN RAINIER Hi-Vis \u0436\u0451\u043b\u0442\u0430\u044f - Stafit O\u00dc","isPartOf":{"@id":"https:\/\/stafit.ee\/#website"},"primaryImageOfPage":{"@id":"https:\/\/stafit.ee\/ru\/tovar\/%d1%84%d0%bb%d0%b8%d1%81%d0%be%d0%b2%d0%b0%d1%8f-%d0%ba%d1%83%d1%80%d1%82%d0%ba%d0%b0-sioen-rainier-hi-vis-%d0%b6%d1%91%d0%bb%d1%82%d0%b0%d1%8f\/#primaryimage"},"image":{"@id":"https:\/\/stafit.ee\/ru\/tovar\/%d1%84%d0%bb%d0%b8%d1%81%d0%be%d0%b2%d0%b0%d1%8f-%d0%ba%d1%83%d1%80%d1%82%d0%ba%d0%b0-sioen-rainier-hi-vis-%d0%b6%d1%91%d0%bb%d1%82%d0%b0%d1%8f\/#primaryimage"},"thumbnailUrl":"https:\/\/stafit.ee\/wp-content\/uploads\/2022\/03\/496Z.jpg","datePublished":"2022-03-21T12:02:52+00:00","dateModified":"2026-02-10T11:30:38+00:00","breadcrumb":{"@id":"https:\/\/stafit.ee\/ru\/tovar\/%d1%84%d0%bb%d0%b8%d1%81%d0%be%d0%b2%d0%b0%d1%8f-%d0%ba%d1%83%d1%80%d1%82%d0%ba%d0%b0-sioen-rainier-hi-vis-%d0%b6%d1%91%d0%bb%d1%82%d0%b0%d1%8f\/#breadcrumb"},"inLanguage":"ru-RU","potentialAction":[{"@type":"ReadAction","target":["https:\/\/stafit.ee\/ru\/tovar\/%d1%84%d0%bb%d0%b8%d1%81%d0%be%d0%b2%d0%b0%d1%8f-%d0%ba%d1%83%d1%80%d1%82%d0%ba%d0%b0-sioen-rainier-hi-vis-%d0%b6%d1%91%d0%bb%d1%82%d0%b0%d1%8f\/"]}]},{"@type":"ImageObject","inLanguage":"ru-RU","@id":"https:\/\/stafit.ee\/ru\/tovar\/%d1%84%d0%bb%d0%b8%d1%81%d0%be%d0%b2%d0%b0%d1%8f-%d0%ba%d1%83%d1%80%d1%82%d0%ba%d0%b0-sioen-rainier-hi-vis-%d0%b6%d1%91%d0%bb%d1%82%d0%b0%d1%8f\/#primaryimage","url":"https:\/\/stafit.ee\/wp-content\/uploads\/2022\/03\/496Z.jpg","contentUrl":"https:\/\/stafit.ee\/wp-content\/uploads\/2022\/03\/496Z.jpg","width":900,"height":900},{"@type":"BreadcrumbList","@id":"https:\/\/stafit.ee\/ru\/tovar\/%d1%84%d0%bb%d0%b8%d1%81%d0%be%d0%b2%d0%b0%d1%8f-%d0%ba%d1%83%d1%80%d1%82%d0%ba%d0%b0-sioen-rainier-hi-vis-%d0%b6%d1%91%d0%bb%d1%82%d0%b0%d1%8f\/#breadcrumb","itemListElement":[{"@type":"ListItem","position":1,"name":"Home","item":"https:\/\/stafit.ee\/ru\/"},{"@type":"ListItem","position":2,"name":"\u041c\u0430\u0433\u0430\u0437\u0438\u043d","item":"https:\/\/stafit.ee\/ru\/pood\/"},{"@type":"ListItem","position":3,"name":"\u0424\u043b\u0438\u0441\u043e\u0432\u0430\u044f \u043a\u0443\u0440\u0442\u043a\u0430 SIOEN RAINIER Hi-Vis \u0436\u0451\u043b\u0442\u0430\u044f"}]},{"@type":"WebSite","@id":"https:\/\/stafit.ee\/#website","url":"https:\/\/stafit.ee\/","name":"Stafit O\u00dc","description":"T\u00f6\u00f6riete ja ohutusvahendite jae ja hulgim\u00fc\u00fck","potentialAction":[{"@type":"SearchAction","target":{"@type":"EntryPoint","urlTemplate":"https:\/\/stafit.ee\/?s={search_term_string}"},"query-input":{"@type":"PropertyValueSpecification","valueRequired":true,"valueName":"search_term_string"}}],"inLanguage":"ru-RU"}]}},"brands":[{"id":330,"name":"Sioen","slug":"sioen"}],"_links":{"self":[{"href":"https:\/\/stafit.ee\/ru\/wp-json\/wp\/v2\/product\/45956","targetHints":{"allow":["GET"]}}],"collection":[{"href":"https:\/\/stafit.ee\/ru\/wp-json\/wp\/v2\/product"}],"about":[{"href":"https:\/\/stafit.ee\/ru\/wp-json\/wp\/v2\/types\/product"}],"wp:featuredmedia":[{"embeddable":true,"href":"https:\/\/stafit.ee\/ru\/wp-json\/wp\/v2\/media\/45953"}],"wp:attachment":[{"href":"https:\/\/stafit.ee\/ru\/wp-json\/wp\/v2\/media?parent=45956"}],"wp:term":[{"taxonomy":"pwb-brand","embeddable":true,"href":"https:\/\/stafit.ee\/ru\/wp-json\/wp\/v2\/pwb-brand?post=45956"},{"taxonomy":"product_brand","embeddable":true,"href":"https:\/\/stafit.ee\/ru\/wp-json\/wp\/v2\/product_brand?post=45956"},{"taxonomy":"product_cat","embeddable":true,"href":"https:\/\/stafit.ee\/ru\/wp-json\/wp\/v2\/product_cat?post=45956"},{"taxonomy":"product_tag","embeddable":true,"href":"https:\/\/stafit.ee\/ru\/wp-json\/wp\/v2\/product_tag?post=45956"}],"curies":[{"name":"wp","href":"https:\/\/api.w.org\/{rel}","templated":true}]}}