{"id":43904,"date":"2022-03-06T04:04:01","date_gmt":"2022-03-06T02:04:01","guid":{"rendered":"https:\/\/stafit.ee\/toode\/%d1%80%d0%b0%d0%b1%d0%be%d1%87%d0%b8%d0%b5-%d0%bf%d0%b5%d1%80%d1%87%d0%b0%d1%82%d0%ba%d0%b8-36-%d1%81%d0%bc-%d0%bd%d0%b0-%d1%85-%d0%b1-%d0%be%d1%81%d0%bd%d0%be%d0%b2%d0%b5-%d1%81-%d0%bf%d0%b2%d1%85\/"},"modified":"2026-04-08T18:22:55","modified_gmt":"2026-04-08T15:22:55","slug":"%d1%80%d0%b0%d0%b1%d0%be%d1%87%d0%b8%d0%b5-%d0%bf%d0%b5%d1%80%d1%87%d0%b0%d1%82%d0%ba%d0%b8-36-%d1%81%d0%bc-%d0%bd%d0%b0-%d1%85-%d0%b1-%d0%be%d1%81%d0%bd%d0%be%d0%b2%d0%b5-%d1%81-%d0%bf%d0%b2%d1%85","status":"publish","type":"product","link":"https:\/\/stafit.ee\/ru\/tovar\/%d1%80%d0%b0%d0%b1%d0%be%d1%87%d0%b8%d0%b5-%d0%bf%d0%b5%d1%80%d1%87%d0%b0%d1%82%d0%ba%d0%b8-36-%d1%81%d0%bc-%d0%bd%d0%b0-%d1%85-%d0%b1-%d0%be%d1%81%d0%bd%d0%be%d0%b2%d0%b5-%d1%81-%d0%bf%d0%b2%d1%85\/","title":{"rendered":"\u0420\u0430\u0431\u043e\u0447\u0438\u0435 \u043f\u0435\u0440\u0447\u0430\u0442\u043a\u0438 36 \u0441\u043c \u043d\u0430 \u0445\/\u0431 \u043e\u0441\u043d\u043e\u0432\u0435 \u0441 \u041f\u0412\u0425 \u043f\u043e\u043a\u0440\u044b\u0442\u0438\u0435\u043c"},"content":{"rendered":"<p>&#8212; \u0420\u0430\u0431\u043e\u0447\u0438\u0435 \u043f\u0435\u0440\u0447\u0430\u0442\u043a\u0438 \u0441 \u043f\u043e\u043b\u043d\u044b\u043c \u043f\u043e\u043b\u0438\u0432\u0438\u043d\u0438\u043b\u0445\u043b\u043e\u0440\u0438\u0434\u043d\u044b\u043c \u043f\u043e\u043a\u0440\u044b\u0442\u0438\u0435\u043c \u043e\u0431\u0435\u0441\u043f\u0435\u0447\u0438\u0432\u0430\u044e\u0442 \u043e\u0442\u043b\u0438\u0447\u043d\u0443\u044e \u0441\u0442\u043e\u0439\u043a\u043e\u0441\u0442\u044c \u043a \u0438\u0441\u0442\u0438\u0440\u0430\u043d\u0438\u044e, \u0440\u0430\u0437\u0440\u044b\u0432\u0443 \u0438 \u043f\u0440\u043e\u043a\u043e\u043b\u0443.<br \/>\n&#8212; \u041e\u0441\u043d\u043e\u0432\u0430 \u0438\u0437 100% \u0445\u043b\u043e\u043f\u043a\u0430 \u0443\u0432\u0435\u043b\u0438\u0447\u0438\u0432\u0430\u0435\u0442 \u043c\u0435\u0445\u0430\u043d\u0438\u0447\u0435\u0441\u043a\u0443\u044e \u0437\u0430\u0449\u0438\u0442\u0443, \u0445\u043e\u0440\u043e\u0448\u043e \u0432\u043f\u0438\u0442\u044b\u0432\u0430\u0435\u0442 \u0432\u043b\u0430\u0433\u0443.<br \/>\n&#8212; \u041f\u043e\u043b\u0438\u0432\u0438\u043d\u0438\u043b\u0445\u043b\u043e\u0440\u0438\u0434(\u041f\u0412\u0425) &#8212; \u0433\u0438\u043f\u043e\u0430\u043b\u043b\u0435\u0440\u0433\u0435\u043d\u043d\u044b\u0439 \u043c\u0430\u0442\u0435\u0440\u0438\u0430\u043b, \u043a\u043e\u0442\u043e\u0440\u044b\u0439 \u043e\u0431\u0435\u0441\u043f\u0435\u0447\u0438\u0432\u0430\u0435\u0442 \u0437\u0430\u0449\u0438\u0442\u0443 \u043e\u0442 \u043a\u0438\u0441\u043b\u043e\u0442, \u0441\u043f\u0438\u0440\u0442\u043e\u0432 \u0438 \u043d\u0435\u0444\u0442\u0435\u043f\u0440\u043e\u0434\u0443\u043a\u0442\u043e\u0432.<br \/>\n&#8212; \u0414\u043b\u0438\u043d\u0430 36\u0441\u043c.<\/p>\n<p>\u0421\u0444\u0435\u0440\u044b \u0438\u0441\u043f\u043e\u043b\u044c\u0437\u043e\u0432\u0430\u043d\u0438\u044f:<br \/>\n\u041f\u0440\u0438 \u043f\u0440\u043e\u0432\u0435\u0434\u0435\u043d\u0438\u0438 \u0440\u0430\u0437\u043b\u0438\u0447\u043d\u044b\u0445 \u043e\u0431\u0449\u0438\u0445 \u0440\u0430\u0431\u043e\u0442 \u0432 \u0441\u0442\u0440\u043e\u0438\u0442\u0435\u043b\u044c\u0441\u0442\u0432\u0435, \u043f\u0440\u043e\u043c\u044b\u0448\u043b\u0435\u043d\u043d\u043e\u0441\u0442\u0438, \u0441\u0435\u043b\u044c\u0441\u043a\u043e\u043c \u0445\u043e\u0437\u044f\u0439\u0441\u0442\u0432\u0435, \u0442\u043e\u0440\u0433\u043e\u0432\u043b\u0435, \u0440\u0430\u0431\u043e\u0442\u0430\u0445 \u043f\u043e \u0443\u0431\u043e\u0440\u043a\u0435 \u0438 \u0434\u043e\u043c\u0430\u0448\u043d\u0435\u043c \u0445\u043e\u0437\u044f\u0439\u0441\u0442\u0432\u0435.<\/p>\n<p>12 \u043f\u0430\u0440 \u0432 \u0443\u043f\u0430\u043a\u043e\u0432\u043a\u0435.<\/p>\n<p>\u0420\u0435\u0433\u043b\u0430\u043c\u0435\u043d\u0442 (E\u0421) 2016\/425<br \/>\nEN ISO 21420:2020<br \/>\nEN 388:2016 4111X<br \/>\n\u041aAT II<\/p>\n","protected":false},"excerpt":{"rendered":"<p>&#8212; \u0420\u0430\u0431\u043e\u0447\u0438\u0435 \u043f\u0435\u0440\u0447\u0430\u0442\u043a\u0438 \u0441 \u043f\u043e\u043b\u043d\u044b\u043c \u043f\u043e\u043b\u0438\u0432\u0438\u043d\u0438\u043b\u0445\u043b\u043e\u0440\u0438\u0434\u043d\u044b\u043c \u043f\u043e\u043a\u0440\u044b\u0442\u0438\u0435\u043c \u043e\u0431\u0435\u0441\u043f\u0435\u0447\u0438\u0432\u0430\u044e\u0442 \u043e\u0442\u043b\u0438\u0447\u043d\u0443\u044e \u0441\u0442\u043e\u0439\u043a\u043e\u0441\u0442\u044c \u043a \u0438\u0441\u0442\u0438\u0440\u0430\u043d\u0438\u044e, \u0440\u0430\u0437\u0440\u044b\u0432\u0443 \u0438 \u043f\u0440\u043e\u043a\u043e\u043b\u0443. &#8212; \u041e\u0441\u043d\u043e\u0432\u0430 \u0438\u0437 100% \u0445\u043b\u043e\u043f\u043a\u0430 \u0443\u0432\u0435\u043b\u0438\u0447\u0438\u0432\u0430\u0435\u0442 \u043c\u0435\u0445\u0430\u043d\u0438\u0447\u0435\u0441\u043a\u0443\u044e \u0437\u0430\u0449\u0438\u0442\u0443, \u0445\u043e\u0440\u043e\u0448\u043e \u0432\u043f\u0438\u0442\u044b\u0432\u0430\u0435\u0442 \u0432\u043b\u0430\u0433\u0443. &#8212; \u041f\u043e\u043b\u0438\u0432\u0438\u043d\u0438\u043b\u0445\u043b\u043e\u0440\u0438\u0434(\u041f\u0412\u0425) &#8212; \u0433\u0438\u043f\u043e\u0430\u043b\u043b\u0435\u0440\u0433\u0435\u043d\u043d\u044b\u0439 \u043c\u0430\u0442\u0435\u0440\u0438\u0430\u043b, \u043a\u043e\u0442\u043e\u0440\u044b\u0439 \u043e\u0431\u0435\u0441\u043f\u0435\u0447\u0438\u0432\u0430\u0435\u0442 \u0437\u0430\u0449\u0438\u0442\u0443 \u043e\u0442 \u043a\u0438\u0441\u043b\u043e\u0442, \u0441\u043f\u0438\u0440\u0442\u043e\u0432 \u0438 \u043d\u0435\u0444\u0442\u0435\u043f\u0440\u043e\u0434\u0443\u043a\u0442\u043e\u0432. &#8212; \u0414\u043b\u0438\u043d\u0430 36\u0441\u043c. \u0421\u0444\u0435\u0440\u044b \u0438\u0441\u043f\u043e\u043b\u044c\u0437\u043e\u0432\u0430\u043d\u0438\u044f: \u041f\u0440\u0438 \u043f\u0440\u043e\u0432\u0435\u0434\u0435\u043d\u0438\u0438 \u0440\u0430\u0437\u043b\u0438\u0447\u043d\u044b\u0445 \u043e\u0431\u0449\u0438\u0445 \u0440\u0430\u0431\u043e\u0442 \u0432 \u0441\u0442\u0440\u043e\u0438\u0442\u0435\u043b\u044c\u0441\u0442\u0432\u0435, \u043f\u0440\u043e\u043c\u044b\u0448\u043b\u0435\u043d\u043d\u043e\u0441\u0442\u0438, \u0441\u0435\u043b\u044c\u0441\u043a\u043e\u043c \u0445\u043e\u0437\u044f\u0439\u0441\u0442\u0432\u0435, \u0442\u043e\u0440\u0433\u043e\u0432\u043b\u0435,&#8230;<\/p>\n","protected":false},"featured_media":43901,"template":"","meta":[],"pwb-brand":[],"product_brand":[],"product_cat":[1046],"product_tag":[],"class_list":{"0":"post-43904","1":"product","2":"type-product","3":"status-publish","4":"has-post-thumbnail","6":"product_cat-1046","8":"first","9":"instock","10":"taxable","11":"shipping-taxable","12":"purchasable","13":"product-type-variable"},"yoast_head":"<!-- This site is optimized with the Yoast SEO plugin v27.0 - https:\/\/yoast.com\/product\/yoast-seo-wordpress\/ -->\n<title>\u0420\u0430\u0431\u043e\u0447\u0438\u0435 \u043f\u0435\u0440\u0447\u0430\u0442\u043a\u0438 36 \u0441\u043c \u043d\u0430 \u0445\/\u0431 \u043e\u0441\u043d\u043e\u0432\u0435 \u0441 \u041f\u0412\u0425 \u043f\u043e\u043a\u0440\u044b\u0442\u0438\u0435\u043c - Stafit O\u00dc<\/title>\n<meta name=\"robots\" content=\"index, follow, max-snippet:-1, max-image-preview:large, max-video-preview:-1\" \/>\n<link rel=\"canonical\" href=\"https:\/\/stafit.ee\/ru\/tovar\/\u0440\u0430\u0431\u043e\u0447\u0438\u0435-\u043f\u0435\u0440\u0447\u0430\u0442\u043a\u0438-36-\u0441\u043c-\u043d\u0430-\u0445-\u0431-\u043e\u0441\u043d\u043e\u0432\u0435-\u0441-\u043f\u0432\u0445\/\" \/>\n<meta property=\"og:locale\" content=\"ru_RU\" \/>\n<meta property=\"og:type\" content=\"article\" \/>\n<meta property=\"og:title\" content=\"\u0420\u0430\u0431\u043e\u0447\u0438\u0435 \u043f\u0435\u0440\u0447\u0430\u0442\u043a\u0438 36 \u0441\u043c \u043d\u0430 \u0445\/\u0431 \u043e\u0441\u043d\u043e\u0432\u0435 \u0441 \u041f\u0412\u0425 \u043f\u043e\u043a\u0440\u044b\u0442\u0438\u0435\u043c - Stafit O\u00dc\" \/>\n<meta property=\"og:description\" content=\"&#8212; \u0420\u0430\u0431\u043e\u0447\u0438\u0435 \u043f\u0435\u0440\u0447\u0430\u0442\u043a\u0438 \u0441 \u043f\u043e\u043b\u043d\u044b\u043c \u043f\u043e\u043b\u0438\u0432\u0438\u043d\u0438\u043b\u0445\u043b\u043e\u0440\u0438\u0434\u043d\u044b\u043c \u043f\u043e\u043a\u0440\u044b\u0442\u0438\u0435\u043c \u043e\u0431\u0435\u0441\u043f\u0435\u0447\u0438\u0432\u0430\u044e\u0442 \u043e\u0442\u043b\u0438\u0447\u043d\u0443\u044e \u0441\u0442\u043e\u0439\u043a\u043e\u0441\u0442\u044c \u043a \u0438\u0441\u0442\u0438\u0440\u0430\u043d\u0438\u044e, \u0440\u0430\u0437\u0440\u044b\u0432\u0443 \u0438 \u043f\u0440\u043e\u043a\u043e\u043b\u0443. &#8212; \u041e\u0441\u043d\u043e\u0432\u0430 \u0438\u0437 100% \u0445\u043b\u043e\u043f\u043a\u0430 \u0443\u0432\u0435\u043b\u0438\u0447\u0438\u0432\u0430\u0435\u0442 \u043c\u0435\u0445\u0430\u043d\u0438\u0447\u0435\u0441\u043a\u0443\u044e \u0437\u0430\u0449\u0438\u0442\u0443, \u0445\u043e\u0440\u043e\u0448\u043e \u0432\u043f\u0438\u0442\u044b\u0432\u0430\u0435\u0442 \u0432\u043b\u0430\u0433\u0443. &#8212; \u041f\u043e\u043b\u0438\u0432\u0438\u043d\u0438\u043b\u0445\u043b\u043e\u0440\u0438\u0434(\u041f\u0412\u0425) &#8212; \u0433\u0438\u043f\u043e\u0430\u043b\u043b\u0435\u0440\u0433\u0435\u043d\u043d\u044b\u0439 \u043c\u0430\u0442\u0435\u0440\u0438\u0430\u043b, \u043a\u043e\u0442\u043e\u0440\u044b\u0439 \u043e\u0431\u0435\u0441\u043f\u0435\u0447\u0438\u0432\u0430\u0435\u0442 \u0437\u0430\u0449\u0438\u0442\u0443 \u043e\u0442 \u043a\u0438\u0441\u043b\u043e\u0442, \u0441\u043f\u0438\u0440\u0442\u043e\u0432 \u0438 \u043d\u0435\u0444\u0442\u0435\u043f\u0440\u043e\u0434\u0443\u043a\u0442\u043e\u0432. &#8212; \u0414\u043b\u0438\u043d\u0430 36\u0441\u043c. \u0421\u0444\u0435\u0440\u044b \u0438\u0441\u043f\u043e\u043b\u044c\u0437\u043e\u0432\u0430\u043d\u0438\u044f: \u041f\u0440\u0438 \u043f\u0440\u043e\u0432\u0435\u0434\u0435\u043d\u0438\u0438 \u0440\u0430\u0437\u043b\u0438\u0447\u043d\u044b\u0445 \u043e\u0431\u0449\u0438\u0445 \u0440\u0430\u0431\u043e\u0442 \u0432 \u0441\u0442\u0440\u043e\u0438\u0442\u0435\u043b\u044c\u0441\u0442\u0432\u0435, \u043f\u0440\u043e\u043c\u044b\u0448\u043b\u0435\u043d\u043d\u043e\u0441\u0442\u0438, \u0441\u0435\u043b\u044c\u0441\u043a\u043e\u043c \u0445\u043e\u0437\u044f\u0439\u0441\u0442\u0432\u0435, \u0442\u043e\u0440\u0433\u043e\u0432\u043b\u0435,...\" \/>\n<meta property=\"og:url\" content=\"https:\/\/stafit.ee\/ru\/tovar\/\u0440\u0430\u0431\u043e\u0447\u0438\u0435-\u043f\u0435\u0440\u0447\u0430\u0442\u043a\u0438-36-\u0441\u043c-\u043d\u0430-\u0445-\u0431-\u043e\u0441\u043d\u043e\u0432\u0435-\u0441-\u043f\u0432\u0445\/\" \/>\n<meta property=\"og:site_name\" content=\"Stafit O\u00dc\" \/>\n<meta property=\"article:modified_time\" content=\"2026-04-08T15:22:55+00:00\" \/>\n<meta property=\"og:image\" content=\"https:\/\/stafit.ee\/wp-content\/uploads\/2022\/03\/6535.jpg\" \/>\n\t<meta property=\"og:image:width\" content=\"700\" \/>\n\t<meta property=\"og:image:height\" content=\"700\" \/>\n\t<meta property=\"og:image:type\" content=\"image\/jpeg\" \/>\n<meta name=\"twitter:card\" content=\"summary_large_image\" \/>\n<script type=\"application\/ld+json\" class=\"yoast-schema-graph\">{\"@context\":\"https:\/\/schema.org\",\"@graph\":[{\"@type\":\"WebPage\",\"@id\":\"https:\/\/stafit.ee\/ru\/tovar\/%d1%80%d0%b0%d0%b1%d0%be%d1%87%d0%b8%d0%b5-%d0%bf%d0%b5%d1%80%d1%87%d0%b0%d1%82%d0%ba%d0%b8-36-%d1%81%d0%bc-%d0%bd%d0%b0-%d1%85-%d0%b1-%d0%be%d1%81%d0%bd%d0%be%d0%b2%d0%b5-%d1%81-%d0%bf%d0%b2%d1%85\/\",\"url\":\"https:\/\/stafit.ee\/ru\/tovar\/%d1%80%d0%b0%d0%b1%d0%be%d1%87%d0%b8%d0%b5-%d0%bf%d0%b5%d1%80%d1%87%d0%b0%d1%82%d0%ba%d0%b8-36-%d1%81%d0%bc-%d0%bd%d0%b0-%d1%85-%d0%b1-%d0%be%d1%81%d0%bd%d0%be%d0%b2%d0%b5-%d1%81-%d0%bf%d0%b2%d1%85\/\",\"name\":\"\u0420\u0430\u0431\u043e\u0447\u0438\u0435 \u043f\u0435\u0440\u0447\u0430\u0442\u043a\u0438 36 \u0441\u043c \u043d\u0430 \u0445\/\u0431 \u043e\u0441\u043d\u043e\u0432\u0435 \u0441 \u041f\u0412\u0425 \u043f\u043e\u043a\u0440\u044b\u0442\u0438\u0435\u043c - Stafit O\u00dc\",\"isPartOf\":{\"@id\":\"https:\/\/stafit.ee\/#website\"},\"primaryImageOfPage\":{\"@id\":\"https:\/\/stafit.ee\/ru\/tovar\/%d1%80%d0%b0%d0%b1%d0%be%d1%87%d0%b8%d0%b5-%d0%bf%d0%b5%d1%80%d1%87%d0%b0%d1%82%d0%ba%d0%b8-36-%d1%81%d0%bc-%d0%bd%d0%b0-%d1%85-%d0%b1-%d0%be%d1%81%d0%bd%d0%be%d0%b2%d0%b5-%d1%81-%d0%bf%d0%b2%d1%85\/#primaryimage\"},\"image\":{\"@id\":\"https:\/\/stafit.ee\/ru\/tovar\/%d1%80%d0%b0%d0%b1%d0%be%d1%87%d0%b8%d0%b5-%d0%bf%d0%b5%d1%80%d1%87%d0%b0%d1%82%d0%ba%d0%b8-36-%d1%81%d0%bc-%d0%bd%d0%b0-%d1%85-%d0%b1-%d0%be%d1%81%d0%bd%d0%be%d0%b2%d0%b5-%d1%81-%d0%bf%d0%b2%d1%85\/#primaryimage\"},\"thumbnailUrl\":\"https:\/\/stafit.ee\/wp-content\/uploads\/2022\/03\/6535.jpg\",\"datePublished\":\"2022-03-06T02:04:01+00:00\",\"dateModified\":\"2026-04-08T15:22:55+00:00\",\"breadcrumb\":{\"@id\":\"https:\/\/stafit.ee\/ru\/tovar\/%d1%80%d0%b0%d0%b1%d0%be%d1%87%d0%b8%d0%b5-%d0%bf%d0%b5%d1%80%d1%87%d0%b0%d1%82%d0%ba%d0%b8-36-%d1%81%d0%bc-%d0%bd%d0%b0-%d1%85-%d0%b1-%d0%be%d1%81%d0%bd%d0%be%d0%b2%d0%b5-%d1%81-%d0%bf%d0%b2%d1%85\/#breadcrumb\"},\"inLanguage\":\"ru-RU\",\"potentialAction\":[{\"@type\":\"ReadAction\",\"target\":[\"https:\/\/stafit.ee\/ru\/tovar\/%d1%80%d0%b0%d0%b1%d0%be%d1%87%d0%b8%d0%b5-%d0%bf%d0%b5%d1%80%d1%87%d0%b0%d1%82%d0%ba%d0%b8-36-%d1%81%d0%bc-%d0%bd%d0%b0-%d1%85-%d0%b1-%d0%be%d1%81%d0%bd%d0%be%d0%b2%d0%b5-%d1%81-%d0%bf%d0%b2%d1%85\/\"]}]},{\"@type\":\"ImageObject\",\"inLanguage\":\"ru-RU\",\"@id\":\"https:\/\/stafit.ee\/ru\/tovar\/%d1%80%d0%b0%d0%b1%d0%be%d1%87%d0%b8%d0%b5-%d0%bf%d0%b5%d1%80%d1%87%d0%b0%d1%82%d0%ba%d0%b8-36-%d1%81%d0%bc-%d0%bd%d0%b0-%d1%85-%d0%b1-%d0%be%d1%81%d0%bd%d0%be%d0%b2%d0%b5-%d1%81-%d0%bf%d0%b2%d1%85\/#primaryimage\",\"url\":\"https:\/\/stafit.ee\/wp-content\/uploads\/2022\/03\/6535.jpg\",\"contentUrl\":\"https:\/\/stafit.ee\/wp-content\/uploads\/2022\/03\/6535.jpg\",\"width\":700,\"height\":700},{\"@type\":\"BreadcrumbList\",\"@id\":\"https:\/\/stafit.ee\/ru\/tovar\/%d1%80%d0%b0%d0%b1%d0%be%d1%87%d0%b8%d0%b5-%d0%bf%d0%b5%d1%80%d1%87%d0%b0%d1%82%d0%ba%d0%b8-36-%d1%81%d0%bc-%d0%bd%d0%b0-%d1%85-%d0%b1-%d0%be%d1%81%d0%bd%d0%be%d0%b2%d0%b5-%d1%81-%d0%bf%d0%b2%d1%85\/#breadcrumb\",\"itemListElement\":[{\"@type\":\"ListItem\",\"position\":1,\"name\":\"Home\",\"item\":\"https:\/\/stafit.ee\/ru\/\"},{\"@type\":\"ListItem\",\"position\":2,\"name\":\"\u041c\u0430\u0433\u0430\u0437\u0438\u043d\",\"item\":\"https:\/\/stafit.ee\/ru\/pood\/\"},{\"@type\":\"ListItem\",\"position\":3,\"name\":\"\u0420\u0430\u0431\u043e\u0447\u0438\u0435 \u043f\u0435\u0440\u0447\u0430\u0442\u043a\u0438 36 \u0441\u043c \u043d\u0430 \u0445\/\u0431 \u043e\u0441\u043d\u043e\u0432\u0435 \u0441 \u041f\u0412\u0425 \u043f\u043e\u043a\u0440\u044b\u0442\u0438\u0435\u043c\"}]},{\"@type\":\"WebSite\",\"@id\":\"https:\/\/stafit.ee\/#website\",\"url\":\"https:\/\/stafit.ee\/\",\"name\":\"Stafit O\u00dc\",\"description\":\"T\u00f6\u00f6riete ja ohutusvahendite jae ja hulgim\u00fc\u00fck\",\"potentialAction\":[{\"@type\":\"SearchAction\",\"target\":{\"@type\":\"EntryPoint\",\"urlTemplate\":\"https:\/\/stafit.ee\/?s={search_term_string}\"},\"query-input\":{\"@type\":\"PropertyValueSpecification\",\"valueRequired\":true,\"valueName\":\"search_term_string\"}}],\"inLanguage\":\"ru-RU\"}]}<\/script>\n<!-- \/ Yoast SEO plugin. -->","yoast_head_json":{"title":"\u0420\u0430\u0431\u043e\u0447\u0438\u0435 \u043f\u0435\u0440\u0447\u0430\u0442\u043a\u0438 36 \u0441\u043c \u043d\u0430 \u0445\/\u0431 \u043e\u0441\u043d\u043e\u0432\u0435 \u0441 \u041f\u0412\u0425 \u043f\u043e\u043a\u0440\u044b\u0442\u0438\u0435\u043c - Stafit O\u00dc","robots":{"index":"index","follow":"follow","max-snippet":"max-snippet:-1","max-image-preview":"max-image-preview:large","max-video-preview":"max-video-preview:-1"},"canonical":"https:\/\/stafit.ee\/ru\/tovar\/\u0440\u0430\u0431\u043e\u0447\u0438\u0435-\u043f\u0435\u0440\u0447\u0430\u0442\u043a\u0438-36-\u0441\u043c-\u043d\u0430-\u0445-\u0431-\u043e\u0441\u043d\u043e\u0432\u0435-\u0441-\u043f\u0432\u0445\/","og_locale":"ru_RU","og_type":"article","og_title":"\u0420\u0430\u0431\u043e\u0447\u0438\u0435 \u043f\u0435\u0440\u0447\u0430\u0442\u043a\u0438 36 \u0441\u043c \u043d\u0430 \u0445\/\u0431 \u043e\u0441\u043d\u043e\u0432\u0435 \u0441 \u041f\u0412\u0425 \u043f\u043e\u043a\u0440\u044b\u0442\u0438\u0435\u043c - Stafit O\u00dc","og_description":"&#8212; \u0420\u0430\u0431\u043e\u0447\u0438\u0435 \u043f\u0435\u0440\u0447\u0430\u0442\u043a\u0438 \u0441 \u043f\u043e\u043b\u043d\u044b\u043c \u043f\u043e\u043b\u0438\u0432\u0438\u043d\u0438\u043b\u0445\u043b\u043e\u0440\u0438\u0434\u043d\u044b\u043c \u043f\u043e\u043a\u0440\u044b\u0442\u0438\u0435\u043c \u043e\u0431\u0435\u0441\u043f\u0435\u0447\u0438\u0432\u0430\u044e\u0442 \u043e\u0442\u043b\u0438\u0447\u043d\u0443\u044e \u0441\u0442\u043e\u0439\u043a\u043e\u0441\u0442\u044c \u043a \u0438\u0441\u0442\u0438\u0440\u0430\u043d\u0438\u044e, \u0440\u0430\u0437\u0440\u044b\u0432\u0443 \u0438 \u043f\u0440\u043e\u043a\u043e\u043b\u0443. &#8212; \u041e\u0441\u043d\u043e\u0432\u0430 \u0438\u0437 100% \u0445\u043b\u043e\u043f\u043a\u0430 \u0443\u0432\u0435\u043b\u0438\u0447\u0438\u0432\u0430\u0435\u0442 \u043c\u0435\u0445\u0430\u043d\u0438\u0447\u0435\u0441\u043a\u0443\u044e \u0437\u0430\u0449\u0438\u0442\u0443, \u0445\u043e\u0440\u043e\u0448\u043e \u0432\u043f\u0438\u0442\u044b\u0432\u0430\u0435\u0442 \u0432\u043b\u0430\u0433\u0443. &#8212; \u041f\u043e\u043b\u0438\u0432\u0438\u043d\u0438\u043b\u0445\u043b\u043e\u0440\u0438\u0434(\u041f\u0412\u0425) &#8212; \u0433\u0438\u043f\u043e\u0430\u043b\u043b\u0435\u0440\u0433\u0435\u043d\u043d\u044b\u0439 \u043c\u0430\u0442\u0435\u0440\u0438\u0430\u043b, \u043a\u043e\u0442\u043e\u0440\u044b\u0439 \u043e\u0431\u0435\u0441\u043f\u0435\u0447\u0438\u0432\u0430\u0435\u0442 \u0437\u0430\u0449\u0438\u0442\u0443 \u043e\u0442 \u043a\u0438\u0441\u043b\u043e\u0442, \u0441\u043f\u0438\u0440\u0442\u043e\u0432 \u0438 \u043d\u0435\u0444\u0442\u0435\u043f\u0440\u043e\u0434\u0443\u043a\u0442\u043e\u0432. &#8212; \u0414\u043b\u0438\u043d\u0430 36\u0441\u043c. \u0421\u0444\u0435\u0440\u044b \u0438\u0441\u043f\u043e\u043b\u044c\u0437\u043e\u0432\u0430\u043d\u0438\u044f: \u041f\u0440\u0438 \u043f\u0440\u043e\u0432\u0435\u0434\u0435\u043d\u0438\u0438 \u0440\u0430\u0437\u043b\u0438\u0447\u043d\u044b\u0445 \u043e\u0431\u0449\u0438\u0445 \u0440\u0430\u0431\u043e\u0442 \u0432 \u0441\u0442\u0440\u043e\u0438\u0442\u0435\u043b\u044c\u0441\u0442\u0432\u0435, \u043f\u0440\u043e\u043c\u044b\u0448\u043b\u0435\u043d\u043d\u043e\u0441\u0442\u0438, \u0441\u0435\u043b\u044c\u0441\u043a\u043e\u043c \u0445\u043e\u0437\u044f\u0439\u0441\u0442\u0432\u0435, \u0442\u043e\u0440\u0433\u043e\u0432\u043b\u0435,...","og_url":"https:\/\/stafit.ee\/ru\/tovar\/\u0440\u0430\u0431\u043e\u0447\u0438\u0435-\u043f\u0435\u0440\u0447\u0430\u0442\u043a\u0438-36-\u0441\u043c-\u043d\u0430-\u0445-\u0431-\u043e\u0441\u043d\u043e\u0432\u0435-\u0441-\u043f\u0432\u0445\/","og_site_name":"Stafit O\u00dc","article_modified_time":"2026-04-08T15:22:55+00:00","og_image":[{"width":700,"height":700,"url":"https:\/\/stafit.ee\/wp-content\/uploads\/2022\/03\/6535.jpg","type":"image\/jpeg"}],"twitter_card":"summary_large_image","schema":{"@context":"https:\/\/schema.org","@graph":[{"@type":"WebPage","@id":"https:\/\/stafit.ee\/ru\/tovar\/%d1%80%d0%b0%d0%b1%d0%be%d1%87%d0%b8%d0%b5-%d0%bf%d0%b5%d1%80%d1%87%d0%b0%d1%82%d0%ba%d0%b8-36-%d1%81%d0%bc-%d0%bd%d0%b0-%d1%85-%d0%b1-%d0%be%d1%81%d0%bd%d0%be%d0%b2%d0%b5-%d1%81-%d0%bf%d0%b2%d1%85\/","url":"https:\/\/stafit.ee\/ru\/tovar\/%d1%80%d0%b0%d0%b1%d0%be%d1%87%d0%b8%d0%b5-%d0%bf%d0%b5%d1%80%d1%87%d0%b0%d1%82%d0%ba%d0%b8-36-%d1%81%d0%bc-%d0%bd%d0%b0-%d1%85-%d0%b1-%d0%be%d1%81%d0%bd%d0%be%d0%b2%d0%b5-%d1%81-%d0%bf%d0%b2%d1%85\/","name":"\u0420\u0430\u0431\u043e\u0447\u0438\u0435 \u043f\u0435\u0440\u0447\u0430\u0442\u043a\u0438 36 \u0441\u043c \u043d\u0430 \u0445\/\u0431 \u043e\u0441\u043d\u043e\u0432\u0435 \u0441 \u041f\u0412\u0425 \u043f\u043e\u043a\u0440\u044b\u0442\u0438\u0435\u043c - Stafit O\u00dc","isPartOf":{"@id":"https:\/\/stafit.ee\/#website"},"primaryImageOfPage":{"@id":"https:\/\/stafit.ee\/ru\/tovar\/%d1%80%d0%b0%d0%b1%d0%be%d1%87%d0%b8%d0%b5-%d0%bf%d0%b5%d1%80%d1%87%d0%b0%d1%82%d0%ba%d0%b8-36-%d1%81%d0%bc-%d0%bd%d0%b0-%d1%85-%d0%b1-%d0%be%d1%81%d0%bd%d0%be%d0%b2%d0%b5-%d1%81-%d0%bf%d0%b2%d1%85\/#primaryimage"},"image":{"@id":"https:\/\/stafit.ee\/ru\/tovar\/%d1%80%d0%b0%d0%b1%d0%be%d1%87%d0%b8%d0%b5-%d0%bf%d0%b5%d1%80%d1%87%d0%b0%d1%82%d0%ba%d0%b8-36-%d1%81%d0%bc-%d0%bd%d0%b0-%d1%85-%d0%b1-%d0%be%d1%81%d0%bd%d0%be%d0%b2%d0%b5-%d1%81-%d0%bf%d0%b2%d1%85\/#primaryimage"},"thumbnailUrl":"https:\/\/stafit.ee\/wp-content\/uploads\/2022\/03\/6535.jpg","datePublished":"2022-03-06T02:04:01+00:00","dateModified":"2026-04-08T15:22:55+00:00","breadcrumb":{"@id":"https:\/\/stafit.ee\/ru\/tovar\/%d1%80%d0%b0%d0%b1%d0%be%d1%87%d0%b8%d0%b5-%d0%bf%d0%b5%d1%80%d1%87%d0%b0%d1%82%d0%ba%d0%b8-36-%d1%81%d0%bc-%d0%bd%d0%b0-%d1%85-%d0%b1-%d0%be%d1%81%d0%bd%d0%be%d0%b2%d0%b5-%d1%81-%d0%bf%d0%b2%d1%85\/#breadcrumb"},"inLanguage":"ru-RU","potentialAction":[{"@type":"ReadAction","target":["https:\/\/stafit.ee\/ru\/tovar\/%d1%80%d0%b0%d0%b1%d0%be%d1%87%d0%b8%d0%b5-%d0%bf%d0%b5%d1%80%d1%87%d0%b0%d1%82%d0%ba%d0%b8-36-%d1%81%d0%bc-%d0%bd%d0%b0-%d1%85-%d0%b1-%d0%be%d1%81%d0%bd%d0%be%d0%b2%d0%b5-%d1%81-%d0%bf%d0%b2%d1%85\/"]}]},{"@type":"ImageObject","inLanguage":"ru-RU","@id":"https:\/\/stafit.ee\/ru\/tovar\/%d1%80%d0%b0%d0%b1%d0%be%d1%87%d0%b8%d0%b5-%d0%bf%d0%b5%d1%80%d1%87%d0%b0%d1%82%d0%ba%d0%b8-36-%d1%81%d0%bc-%d0%bd%d0%b0-%d1%85-%d0%b1-%d0%be%d1%81%d0%bd%d0%be%d0%b2%d0%b5-%d1%81-%d0%bf%d0%b2%d1%85\/#primaryimage","url":"https:\/\/stafit.ee\/wp-content\/uploads\/2022\/03\/6535.jpg","contentUrl":"https:\/\/stafit.ee\/wp-content\/uploads\/2022\/03\/6535.jpg","width":700,"height":700},{"@type":"BreadcrumbList","@id":"https:\/\/stafit.ee\/ru\/tovar\/%d1%80%d0%b0%d0%b1%d0%be%d1%87%d0%b8%d0%b5-%d0%bf%d0%b5%d1%80%d1%87%d0%b0%d1%82%d0%ba%d0%b8-36-%d1%81%d0%bc-%d0%bd%d0%b0-%d1%85-%d0%b1-%d0%be%d1%81%d0%bd%d0%be%d0%b2%d0%b5-%d1%81-%d0%bf%d0%b2%d1%85\/#breadcrumb","itemListElement":[{"@type":"ListItem","position":1,"name":"Home","item":"https:\/\/stafit.ee\/ru\/"},{"@type":"ListItem","position":2,"name":"\u041c\u0430\u0433\u0430\u0437\u0438\u043d","item":"https:\/\/stafit.ee\/ru\/pood\/"},{"@type":"ListItem","position":3,"name":"\u0420\u0430\u0431\u043e\u0447\u0438\u0435 \u043f\u0435\u0440\u0447\u0430\u0442\u043a\u0438 36 \u0441\u043c \u043d\u0430 \u0445\/\u0431 \u043e\u0441\u043d\u043e\u0432\u0435 \u0441 \u041f\u0412\u0425 \u043f\u043e\u043a\u0440\u044b\u0442\u0438\u0435\u043c"}]},{"@type":"WebSite","@id":"https:\/\/stafit.ee\/#website","url":"https:\/\/stafit.ee\/","name":"Stafit O\u00dc","description":"T\u00f6\u00f6riete ja ohutusvahendite jae ja hulgim\u00fc\u00fck","potentialAction":[{"@type":"SearchAction","target":{"@type":"EntryPoint","urlTemplate":"https:\/\/stafit.ee\/?s={search_term_string}"},"query-input":{"@type":"PropertyValueSpecification","valueRequired":true,"valueName":"search_term_string"}}],"inLanguage":"ru-RU"}]}},"brands":[],"_links":{"self":[{"href":"https:\/\/stafit.ee\/ru\/wp-json\/wp\/v2\/product\/43904","targetHints":{"allow":["GET"]}}],"collection":[{"href":"https:\/\/stafit.ee\/ru\/wp-json\/wp\/v2\/product"}],"about":[{"href":"https:\/\/stafit.ee\/ru\/wp-json\/wp\/v2\/types\/product"}],"wp:featuredmedia":[{"embeddable":true,"href":"https:\/\/stafit.ee\/ru\/wp-json\/wp\/v2\/media\/43901"}],"wp:attachment":[{"href":"https:\/\/stafit.ee\/ru\/wp-json\/wp\/v2\/media?parent=43904"}],"wp:term":[{"taxonomy":"pwb-brand","embeddable":true,"href":"https:\/\/stafit.ee\/ru\/wp-json\/wp\/v2\/pwb-brand?post=43904"},{"taxonomy":"product_brand","embeddable":true,"href":"https:\/\/stafit.ee\/ru\/wp-json\/wp\/v2\/product_brand?post=43904"},{"taxonomy":"product_cat","embeddable":true,"href":"https:\/\/stafit.ee\/ru\/wp-json\/wp\/v2\/product_cat?post=43904"},{"taxonomy":"product_tag","embeddable":true,"href":"https:\/\/stafit.ee\/ru\/wp-json\/wp\/v2\/product_tag?post=43904"}],"curies":[{"name":"wp","href":"https:\/\/api.w.org\/{rel}","templated":true}]}}