{"id":42917,"date":"2022-02-25T04:01:00","date_gmt":"2022-02-25T02:01:00","guid":{"rendered":"https:\/\/stafit.ee\/toode\/%d0%bf%d0%be%d0%b7%d0%b8%d1%86%d0%b8%d0%be%d0%bd%d0%bd%d1%8b%d0%b9-%d0%bf%d0%be%d1%8f%d1%81-kratos\/"},"modified":"2026-04-08T18:20:51","modified_gmt":"2026-04-08T15:20:51","slug":"%d0%bf%d0%be%d0%b7%d0%b8%d1%86%d0%b8%d0%be%d0%bd%d0%bd%d1%8b%d0%b9-%d0%bf%d0%be%d1%8f%d1%81-kratos","status":"publish","type":"product","link":"https:\/\/stafit.ee\/ru\/tovar\/%d0%bf%d0%be%d0%b7%d0%b8%d1%86%d0%b8%d0%be%d0%bd%d0%bd%d1%8b%d0%b9-%d0%bf%d0%be%d1%8f%d1%81-kratos\/","title":{"rendered":"\u041f\u043e\u0437\u0438\u0446\u0438\u043e\u043d\u043d\u044b\u0439 \u043f\u043e\u044f\u0441 KRATOS"},"content":{"rendered":"<p>\u0423\u0434\u043e\u0431\u043d\u044b\u0439 \u043f\u043e\u044f\u0441 \u0434\u043b\u044f \u043f\u043e\u0437\u0438\u0446\u0438\u043e\u043d\u0438\u0440\u043e\u0432\u0430\u043d\u0438\u044f \u0441 2 \u043a\u0440\u0435\u043f\u0451\u0436\u043d\u044b\u043c\u0438 \u043a\u043e\u043b\u044c\u0446\u0430\u043c\u0438 \u043f\u043e \u0431\u043e\u043a\u0430\u043c.<\/p>\n<p>&#8212; \u0428\u0438\u0440\u043e\u043a\u0430\u044f, \u043c\u044f\u0433\u043a\u0430\u044f \u0441\u043f\u0438\u043d\u043d\u0430\u044f \u0447\u0430\u0441\u0442\u044c \u043e\u0431\u0435\u0441\u043f\u0435\u0447\u0438\u0432\u0430\u0435\u0442 \u0443\u0434\u043e\u0431\u0441\u0442\u0432\u043e \u0434\u0430\u0436\u0435 \u043f\u0440\u0438 \u0434\u043b\u0438\u0442\u0435\u043b\u044c\u043d\u043e\u043c \u0438\u0441\u043f\u043e\u043b\u044c\u0437\u043e\u0432\u0430\u043d\u0438\u0438<br \/>\n&#8212; \u0420\u0435\u0433\u0443\u043b\u0438\u0440\u0443\u0435\u043c\u044b\u0439 &#8212; \u0430\u0432\u0442\u043e\u043c\u0430\u0442\u0438\u0447\u0435\u0441\u043a\u0430\u044f \u043f\u0440\u044f\u0436\u043a\u0430<br \/>\n&#8212; \u041f\u0435\u0442\u043b\u0438 \u0434\u043b\u044f \u043a\u0440\u0435\u043f\u043b\u0435\u043d\u0438\u044f \u0440\u0430\u0431\u043e\u0447\u0438\u0445 \u0438\u043d\u0441\u0442\u0440\u0443\u043c\u0435\u043d\u0442\u043e\u0432<br \/>\n&#8212; \u041a\u043e\u043b\u044c\u0446\u0430 \u0434\u043b\u044f \u0438\u043d\u0441\u0442\u0440\u0443\u043c\u0435\u043d\u0442\u043e\u0432 \u0438 \u043f\u0440\u043e\u0447\u0438\u0445 \u043f\u0440\u0438\u043d\u0430\u0434\u043b\u0435\u0436\u043d\u043e\u0441\u0442\u0435\u0439<\/p>\n<p>\u0421\u043e\u043e\u0442\u0432\u0435\u0442\u0441\u0442\u0432\u0443\u0435\u0442 \u0441\u0442\u0430\u043d\u0434\u0430\u0440\u0442\u0443 EN 358:2018.<br \/>\n\u041c\u0430\u043a\u0441\u0438\u043c\u0430\u043b\u044c\u043d\u044b\u0439 \u0434\u043e\u043f\u0443\u0441\u0442\u0438\u043c\u044b\u0439 \u0432\u0435\u0441 \u043f\u043e\u043b\u044c\u0437\u043e\u0432\u0430\u0442\u0435\u043b\u044f \u2013 140 \u043a\u0433.<\/p>\n","protected":false},"excerpt":{"rendered":"<p>\u0423\u0434\u043e\u0431\u043d\u044b\u0439 \u043f\u043e\u044f\u0441 \u0434\u043b\u044f \u043f\u043e\u0437\u0438\u0446\u0438\u043e\u043d\u0438\u0440\u043e\u0432\u0430\u043d\u0438\u044f \u0441 2 \u043a\u0440\u0435\u043f\u0451\u0436\u043d\u044b\u043c\u0438 \u043a\u043e\u043b\u044c\u0446\u0430\u043c\u0438 \u043f\u043e \u0431\u043e\u043a\u0430\u043c. &#8212; \u0428\u0438\u0440\u043e\u043a\u0430\u044f, \u043c\u044f\u0433\u043a\u0430\u044f \u0441\u043f\u0438\u043d\u043d\u0430\u044f \u0447\u0430\u0441\u0442\u044c \u043e\u0431\u0435\u0441\u043f\u0435\u0447\u0438\u0432\u0430\u0435\u0442 \u0443\u0434\u043e\u0431\u0441\u0442\u0432\u043e \u0434\u0430\u0436\u0435 \u043f\u0440\u0438 \u0434\u043b\u0438\u0442\u0435\u043b\u044c\u043d\u043e\u043c \u0438\u0441\u043f\u043e\u043b\u044c\u0437\u043e\u0432\u0430\u043d\u0438\u0438 &#8212; \u0420\u0435\u0433\u0443\u043b\u0438\u0440\u0443\u0435\u043c\u044b\u0439 &#8212; \u0430\u0432\u0442\u043e\u043c\u0430\u0442\u0438\u0447\u0435\u0441\u043a\u0430\u044f \u043f\u0440\u044f\u0436\u043a\u0430 &#8212; \u041f\u0435\u0442\u043b\u0438 \u0434\u043b\u044f \u043a\u0440\u0435\u043f\u043b\u0435\u043d\u0438\u044f \u0440\u0430\u0431\u043e\u0447\u0438\u0445 \u0438\u043d\u0441\u0442\u0440\u0443\u043c\u0435\u043d\u0442\u043e\u0432 &#8212; \u041a\u043e\u043b\u044c\u0446\u0430 \u0434\u043b\u044f \u0438\u043d\u0441\u0442\u0440\u0443\u043c\u0435\u043d\u0442\u043e\u0432 \u0438 \u043f\u0440\u043e\u0447\u0438\u0445 \u043f\u0440\u0438\u043d\u0430\u0434\u043b\u0435\u0436\u043d\u043e\u0441\u0442\u0435\u0439 \u0421\u043e\u043e\u0442\u0432\u0435\u0442\u0441\u0442\u0432\u0443\u0435\u0442 \u0441\u0442\u0430\u043d\u0434\u0430\u0440\u0442\u0443 EN 358:2018. \u041c\u0430\u043a\u0441\u0438\u043c\u0430\u043b\u044c\u043d\u044b\u0439 \u0434\u043e\u043f\u0443\u0441\u0442\u0438\u043c\u044b\u0439 \u0432\u0435\u0441 \u043f\u043e\u043b\u044c\u0437\u043e\u0432\u0430\u0442\u0435\u043b\u044f \u2013 140 \u043a\u0433.<\/p>\n","protected":false},"featured_media":42901,"template":"","meta":[],"pwb-brand":[],"product_brand":[],"product_cat":[1130],"product_tag":[],"class_list":{"0":"post-42917","1":"product","2":"type-product","3":"status-publish","4":"has-post-thumbnail","6":"product_cat-1130","8":"first","9":"outofstock","10":"taxable","11":"shipping-taxable","12":"purchasable","13":"product-type-simple"},"yoast_head":"<!-- This site is optimized with the Yoast SEO plugin v27.0 - https:\/\/yoast.com\/product\/yoast-seo-wordpress\/ -->\n<title>\u041f\u043e\u0437\u0438\u0446\u0438\u043e\u043d\u043d\u044b\u0439 \u043f\u043e\u044f\u0441 KRATOS - Stafit O\u00dc<\/title>\n<meta name=\"robots\" content=\"index, follow, max-snippet:-1, max-image-preview:large, max-video-preview:-1\" \/>\n<link rel=\"canonical\" href=\"https:\/\/stafit.ee\/ru\/tovar\/\u043f\u043e\u0437\u0438\u0446\u0438\u043e\u043d\u043d\u044b\u0439-\u043f\u043e\u044f\u0441-kratos\/\" \/>\n<meta property=\"og:locale\" content=\"ru_RU\" \/>\n<meta property=\"og:type\" content=\"article\" \/>\n<meta property=\"og:title\" content=\"\u041f\u043e\u0437\u0438\u0446\u0438\u043e\u043d\u043d\u044b\u0439 \u043f\u043e\u044f\u0441 KRATOS - Stafit O\u00dc\" \/>\n<meta property=\"og:description\" content=\"\u0423\u0434\u043e\u0431\u043d\u044b\u0439 \u043f\u043e\u044f\u0441 \u0434\u043b\u044f \u043f\u043e\u0437\u0438\u0446\u0438\u043e\u043d\u0438\u0440\u043e\u0432\u0430\u043d\u0438\u044f \u0441 2 \u043a\u0440\u0435\u043f\u0451\u0436\u043d\u044b\u043c\u0438 \u043a\u043e\u043b\u044c\u0446\u0430\u043c\u0438 \u043f\u043e \u0431\u043e\u043a\u0430\u043c. &#8212; \u0428\u0438\u0440\u043e\u043a\u0430\u044f, \u043c\u044f\u0433\u043a\u0430\u044f \u0441\u043f\u0438\u043d\u043d\u0430\u044f \u0447\u0430\u0441\u0442\u044c \u043e\u0431\u0435\u0441\u043f\u0435\u0447\u0438\u0432\u0430\u0435\u0442 \u0443\u0434\u043e\u0431\u0441\u0442\u0432\u043e \u0434\u0430\u0436\u0435 \u043f\u0440\u0438 \u0434\u043b\u0438\u0442\u0435\u043b\u044c\u043d\u043e\u043c \u0438\u0441\u043f\u043e\u043b\u044c\u0437\u043e\u0432\u0430\u043d\u0438\u0438 &#8212; \u0420\u0435\u0433\u0443\u043b\u0438\u0440\u0443\u0435\u043c\u044b\u0439 &#8212; \u0430\u0432\u0442\u043e\u043c\u0430\u0442\u0438\u0447\u0435\u0441\u043a\u0430\u044f \u043f\u0440\u044f\u0436\u043a\u0430 &#8212; \u041f\u0435\u0442\u043b\u0438 \u0434\u043b\u044f \u043a\u0440\u0435\u043f\u043b\u0435\u043d\u0438\u044f \u0440\u0430\u0431\u043e\u0447\u0438\u0445 \u0438\u043d\u0441\u0442\u0440\u0443\u043c\u0435\u043d\u0442\u043e\u0432 &#8212; \u041a\u043e\u043b\u044c\u0446\u0430 \u0434\u043b\u044f \u0438\u043d\u0441\u0442\u0440\u0443\u043c\u0435\u043d\u0442\u043e\u0432 \u0438 \u043f\u0440\u043e\u0447\u0438\u0445 \u043f\u0440\u0438\u043d\u0430\u0434\u043b\u0435\u0436\u043d\u043e\u0441\u0442\u0435\u0439 \u0421\u043e\u043e\u0442\u0432\u0435\u0442\u0441\u0442\u0432\u0443\u0435\u0442 \u0441\u0442\u0430\u043d\u0434\u0430\u0440\u0442\u0443 EN 358:2018. \u041c\u0430\u043a\u0441\u0438\u043c\u0430\u043b\u044c\u043d\u044b\u0439 \u0434\u043e\u043f\u0443\u0441\u0442\u0438\u043c\u044b\u0439 \u0432\u0435\u0441 \u043f\u043e\u043b\u044c\u0437\u043e\u0432\u0430\u0442\u0435\u043b\u044f \u2013 140 \u043a\u0433.\" \/>\n<meta property=\"og:url\" content=\"https:\/\/stafit.ee\/ru\/tovar\/\u043f\u043e\u0437\u0438\u0446\u0438\u043e\u043d\u043d\u044b\u0439-\u043f\u043e\u044f\u0441-kratos\/\" \/>\n<meta property=\"og:site_name\" content=\"Stafit O\u00dc\" \/>\n<meta property=\"article:modified_time\" content=\"2026-04-08T15:20:51+00:00\" \/>\n<meta property=\"og:image\" content=\"https:\/\/stafit.ee\/wp-content\/uploads\/2022\/02\/fa10401000.jpg\" \/>\n\t<meta property=\"og:image:width\" content=\"2000\" \/>\n\t<meta property=\"og:image:height\" content=\"2000\" \/>\n\t<meta property=\"og:image:type\" content=\"image\/jpeg\" \/>\n<meta name=\"twitter:card\" content=\"summary_large_image\" \/>\n<script type=\"application\/ld+json\" class=\"yoast-schema-graph\">{\"@context\":\"https:\/\/schema.org\",\"@graph\":[{\"@type\":\"WebPage\",\"@id\":\"https:\/\/stafit.ee\/ru\/tovar\/%d0%bf%d0%be%d0%b7%d0%b8%d1%86%d0%b8%d0%be%d0%bd%d0%bd%d1%8b%d0%b9-%d0%bf%d0%be%d1%8f%d1%81-kratos\/\",\"url\":\"https:\/\/stafit.ee\/ru\/tovar\/%d0%bf%d0%be%d0%b7%d0%b8%d1%86%d0%b8%d0%be%d0%bd%d0%bd%d1%8b%d0%b9-%d0%bf%d0%be%d1%8f%d1%81-kratos\/\",\"name\":\"\u041f\u043e\u0437\u0438\u0446\u0438\u043e\u043d\u043d\u044b\u0439 \u043f\u043e\u044f\u0441 KRATOS - Stafit O\u00dc\",\"isPartOf\":{\"@id\":\"https:\/\/stafit.ee\/#website\"},\"primaryImageOfPage\":{\"@id\":\"https:\/\/stafit.ee\/ru\/tovar\/%d0%bf%d0%be%d0%b7%d0%b8%d1%86%d0%b8%d0%be%d0%bd%d0%bd%d1%8b%d0%b9-%d0%bf%d0%be%d1%8f%d1%81-kratos\/#primaryimage\"},\"image\":{\"@id\":\"https:\/\/stafit.ee\/ru\/tovar\/%d0%bf%d0%be%d0%b7%d0%b8%d1%86%d0%b8%d0%be%d0%bd%d0%bd%d1%8b%d0%b9-%d0%bf%d0%be%d1%8f%d1%81-kratos\/#primaryimage\"},\"thumbnailUrl\":\"https:\/\/stafit.ee\/wp-content\/uploads\/2022\/02\/fa10401000.jpg\",\"datePublished\":\"2022-02-25T02:01:00+00:00\",\"dateModified\":\"2026-04-08T15:20:51+00:00\",\"breadcrumb\":{\"@id\":\"https:\/\/stafit.ee\/ru\/tovar\/%d0%bf%d0%be%d0%b7%d0%b8%d1%86%d0%b8%d0%be%d0%bd%d0%bd%d1%8b%d0%b9-%d0%bf%d0%be%d1%8f%d1%81-kratos\/#breadcrumb\"},\"inLanguage\":\"ru-RU\",\"potentialAction\":[{\"@type\":\"ReadAction\",\"target\":[\"https:\/\/stafit.ee\/ru\/tovar\/%d0%bf%d0%be%d0%b7%d0%b8%d1%86%d0%b8%d0%be%d0%bd%d0%bd%d1%8b%d0%b9-%d0%bf%d0%be%d1%8f%d1%81-kratos\/\"]}]},{\"@type\":\"ImageObject\",\"inLanguage\":\"ru-RU\",\"@id\":\"https:\/\/stafit.ee\/ru\/tovar\/%d0%bf%d0%be%d0%b7%d0%b8%d1%86%d0%b8%d0%be%d0%bd%d0%bd%d1%8b%d0%b9-%d0%bf%d0%be%d1%8f%d1%81-kratos\/#primaryimage\",\"url\":\"https:\/\/stafit.ee\/wp-content\/uploads\/2022\/02\/fa10401000.jpg\",\"contentUrl\":\"https:\/\/stafit.ee\/wp-content\/uploads\/2022\/02\/fa10401000.jpg\",\"width\":2000,\"height\":2000},{\"@type\":\"BreadcrumbList\",\"@id\":\"https:\/\/stafit.ee\/ru\/tovar\/%d0%bf%d0%be%d0%b7%d0%b8%d1%86%d0%b8%d0%be%d0%bd%d0%bd%d1%8b%d0%b9-%d0%bf%d0%be%d1%8f%d1%81-kratos\/#breadcrumb\",\"itemListElement\":[{\"@type\":\"ListItem\",\"position\":1,\"name\":\"Home\",\"item\":\"https:\/\/stafit.ee\/ru\/\"},{\"@type\":\"ListItem\",\"position\":2,\"name\":\"\u041c\u0430\u0433\u0430\u0437\u0438\u043d\",\"item\":\"https:\/\/stafit.ee\/ru\/pood\/\"},{\"@type\":\"ListItem\",\"position\":3,\"name\":\"\u041f\u043e\u0437\u0438\u0446\u0438\u043e\u043d\u043d\u044b\u0439 \u043f\u043e\u044f\u0441 KRATOS\"}]},{\"@type\":\"WebSite\",\"@id\":\"https:\/\/stafit.ee\/#website\",\"url\":\"https:\/\/stafit.ee\/\",\"name\":\"Stafit O\u00dc\",\"description\":\"T\u00f6\u00f6riete ja ohutusvahendite jae ja hulgim\u00fc\u00fck\",\"potentialAction\":[{\"@type\":\"SearchAction\",\"target\":{\"@type\":\"EntryPoint\",\"urlTemplate\":\"https:\/\/stafit.ee\/?s={search_term_string}\"},\"query-input\":{\"@type\":\"PropertyValueSpecification\",\"valueRequired\":true,\"valueName\":\"search_term_string\"}}],\"inLanguage\":\"ru-RU\"}]}<\/script>\n<!-- \/ Yoast SEO plugin. -->","yoast_head_json":{"title":"\u041f\u043e\u0437\u0438\u0446\u0438\u043e\u043d\u043d\u044b\u0439 \u043f\u043e\u044f\u0441 KRATOS - Stafit O\u00dc","robots":{"index":"index","follow":"follow","max-snippet":"max-snippet:-1","max-image-preview":"max-image-preview:large","max-video-preview":"max-video-preview:-1"},"canonical":"https:\/\/stafit.ee\/ru\/tovar\/\u043f\u043e\u0437\u0438\u0446\u0438\u043e\u043d\u043d\u044b\u0439-\u043f\u043e\u044f\u0441-kratos\/","og_locale":"ru_RU","og_type":"article","og_title":"\u041f\u043e\u0437\u0438\u0446\u0438\u043e\u043d\u043d\u044b\u0439 \u043f\u043e\u044f\u0441 KRATOS - Stafit O\u00dc","og_description":"\u0423\u0434\u043e\u0431\u043d\u044b\u0439 \u043f\u043e\u044f\u0441 \u0434\u043b\u044f \u043f\u043e\u0437\u0438\u0446\u0438\u043e\u043d\u0438\u0440\u043e\u0432\u0430\u043d\u0438\u044f \u0441 2 \u043a\u0440\u0435\u043f\u0451\u0436\u043d\u044b\u043c\u0438 \u043a\u043e\u043b\u044c\u0446\u0430\u043c\u0438 \u043f\u043e \u0431\u043e\u043a\u0430\u043c. &#8212; \u0428\u0438\u0440\u043e\u043a\u0430\u044f, \u043c\u044f\u0433\u043a\u0430\u044f \u0441\u043f\u0438\u043d\u043d\u0430\u044f \u0447\u0430\u0441\u0442\u044c \u043e\u0431\u0435\u0441\u043f\u0435\u0447\u0438\u0432\u0430\u0435\u0442 \u0443\u0434\u043e\u0431\u0441\u0442\u0432\u043e \u0434\u0430\u0436\u0435 \u043f\u0440\u0438 \u0434\u043b\u0438\u0442\u0435\u043b\u044c\u043d\u043e\u043c \u0438\u0441\u043f\u043e\u043b\u044c\u0437\u043e\u0432\u0430\u043d\u0438\u0438 &#8212; \u0420\u0435\u0433\u0443\u043b\u0438\u0440\u0443\u0435\u043c\u044b\u0439 &#8212; \u0430\u0432\u0442\u043e\u043c\u0430\u0442\u0438\u0447\u0435\u0441\u043a\u0430\u044f \u043f\u0440\u044f\u0436\u043a\u0430 &#8212; \u041f\u0435\u0442\u043b\u0438 \u0434\u043b\u044f \u043a\u0440\u0435\u043f\u043b\u0435\u043d\u0438\u044f \u0440\u0430\u0431\u043e\u0447\u0438\u0445 \u0438\u043d\u0441\u0442\u0440\u0443\u043c\u0435\u043d\u0442\u043e\u0432 &#8212; \u041a\u043e\u043b\u044c\u0446\u0430 \u0434\u043b\u044f \u0438\u043d\u0441\u0442\u0440\u0443\u043c\u0435\u043d\u0442\u043e\u0432 \u0438 \u043f\u0440\u043e\u0447\u0438\u0445 \u043f\u0440\u0438\u043d\u0430\u0434\u043b\u0435\u0436\u043d\u043e\u0441\u0442\u0435\u0439 \u0421\u043e\u043e\u0442\u0432\u0435\u0442\u0441\u0442\u0432\u0443\u0435\u0442 \u0441\u0442\u0430\u043d\u0434\u0430\u0440\u0442\u0443 EN 358:2018. \u041c\u0430\u043a\u0441\u0438\u043c\u0430\u043b\u044c\u043d\u044b\u0439 \u0434\u043e\u043f\u0443\u0441\u0442\u0438\u043c\u044b\u0439 \u0432\u0435\u0441 \u043f\u043e\u043b\u044c\u0437\u043e\u0432\u0430\u0442\u0435\u043b\u044f \u2013 140 \u043a\u0433.","og_url":"https:\/\/stafit.ee\/ru\/tovar\/\u043f\u043e\u0437\u0438\u0446\u0438\u043e\u043d\u043d\u044b\u0439-\u043f\u043e\u044f\u0441-kratos\/","og_site_name":"Stafit O\u00dc","article_modified_time":"2026-04-08T15:20:51+00:00","og_image":[{"width":2000,"height":2000,"url":"https:\/\/stafit.ee\/wp-content\/uploads\/2022\/02\/fa10401000.jpg","type":"image\/jpeg"}],"twitter_card":"summary_large_image","schema":{"@context":"https:\/\/schema.org","@graph":[{"@type":"WebPage","@id":"https:\/\/stafit.ee\/ru\/tovar\/%d0%bf%d0%be%d0%b7%d0%b8%d1%86%d0%b8%d0%be%d0%bd%d0%bd%d1%8b%d0%b9-%d0%bf%d0%be%d1%8f%d1%81-kratos\/","url":"https:\/\/stafit.ee\/ru\/tovar\/%d0%bf%d0%be%d0%b7%d0%b8%d1%86%d0%b8%d0%be%d0%bd%d0%bd%d1%8b%d0%b9-%d0%bf%d0%be%d1%8f%d1%81-kratos\/","name":"\u041f\u043e\u0437\u0438\u0446\u0438\u043e\u043d\u043d\u044b\u0439 \u043f\u043e\u044f\u0441 KRATOS - Stafit O\u00dc","isPartOf":{"@id":"https:\/\/stafit.ee\/#website"},"primaryImageOfPage":{"@id":"https:\/\/stafit.ee\/ru\/tovar\/%d0%bf%d0%be%d0%b7%d0%b8%d1%86%d0%b8%d0%be%d0%bd%d0%bd%d1%8b%d0%b9-%d0%bf%d0%be%d1%8f%d1%81-kratos\/#primaryimage"},"image":{"@id":"https:\/\/stafit.ee\/ru\/tovar\/%d0%bf%d0%be%d0%b7%d0%b8%d1%86%d0%b8%d0%be%d0%bd%d0%bd%d1%8b%d0%b9-%d0%bf%d0%be%d1%8f%d1%81-kratos\/#primaryimage"},"thumbnailUrl":"https:\/\/stafit.ee\/wp-content\/uploads\/2022\/02\/fa10401000.jpg","datePublished":"2022-02-25T02:01:00+00:00","dateModified":"2026-04-08T15:20:51+00:00","breadcrumb":{"@id":"https:\/\/stafit.ee\/ru\/tovar\/%d0%bf%d0%be%d0%b7%d0%b8%d1%86%d0%b8%d0%be%d0%bd%d0%bd%d1%8b%d0%b9-%d0%bf%d0%be%d1%8f%d1%81-kratos\/#breadcrumb"},"inLanguage":"ru-RU","potentialAction":[{"@type":"ReadAction","target":["https:\/\/stafit.ee\/ru\/tovar\/%d0%bf%d0%be%d0%b7%d0%b8%d1%86%d0%b8%d0%be%d0%bd%d0%bd%d1%8b%d0%b9-%d0%bf%d0%be%d1%8f%d1%81-kratos\/"]}]},{"@type":"ImageObject","inLanguage":"ru-RU","@id":"https:\/\/stafit.ee\/ru\/tovar\/%d0%bf%d0%be%d0%b7%d0%b8%d1%86%d0%b8%d0%be%d0%bd%d0%bd%d1%8b%d0%b9-%d0%bf%d0%be%d1%8f%d1%81-kratos\/#primaryimage","url":"https:\/\/stafit.ee\/wp-content\/uploads\/2022\/02\/fa10401000.jpg","contentUrl":"https:\/\/stafit.ee\/wp-content\/uploads\/2022\/02\/fa10401000.jpg","width":2000,"height":2000},{"@type":"BreadcrumbList","@id":"https:\/\/stafit.ee\/ru\/tovar\/%d0%bf%d0%be%d0%b7%d0%b8%d1%86%d0%b8%d0%be%d0%bd%d0%bd%d1%8b%d0%b9-%d0%bf%d0%be%d1%8f%d1%81-kratos\/#breadcrumb","itemListElement":[{"@type":"ListItem","position":1,"name":"Home","item":"https:\/\/stafit.ee\/ru\/"},{"@type":"ListItem","position":2,"name":"\u041c\u0430\u0433\u0430\u0437\u0438\u043d","item":"https:\/\/stafit.ee\/ru\/pood\/"},{"@type":"ListItem","position":3,"name":"\u041f\u043e\u0437\u0438\u0446\u0438\u043e\u043d\u043d\u044b\u0439 \u043f\u043e\u044f\u0441 KRATOS"}]},{"@type":"WebSite","@id":"https:\/\/stafit.ee\/#website","url":"https:\/\/stafit.ee\/","name":"Stafit O\u00dc","description":"T\u00f6\u00f6riete ja ohutusvahendite jae ja hulgim\u00fc\u00fck","potentialAction":[{"@type":"SearchAction","target":{"@type":"EntryPoint","urlTemplate":"https:\/\/stafit.ee\/?s={search_term_string}"},"query-input":{"@type":"PropertyValueSpecification","valueRequired":true,"valueName":"search_term_string"}}],"inLanguage":"ru-RU"}]}},"brands":[],"_links":{"self":[{"href":"https:\/\/stafit.ee\/ru\/wp-json\/wp\/v2\/product\/42917","targetHints":{"allow":["GET"]}}],"collection":[{"href":"https:\/\/stafit.ee\/ru\/wp-json\/wp\/v2\/product"}],"about":[{"href":"https:\/\/stafit.ee\/ru\/wp-json\/wp\/v2\/types\/product"}],"wp:featuredmedia":[{"embeddable":true,"href":"https:\/\/stafit.ee\/ru\/wp-json\/wp\/v2\/media\/42901"}],"wp:attachment":[{"href":"https:\/\/stafit.ee\/ru\/wp-json\/wp\/v2\/media?parent=42917"}],"wp:term":[{"taxonomy":"pwb-brand","embeddable":true,"href":"https:\/\/stafit.ee\/ru\/wp-json\/wp\/v2\/pwb-brand?post=42917"},{"taxonomy":"product_brand","embeddable":true,"href":"https:\/\/stafit.ee\/ru\/wp-json\/wp\/v2\/product_brand?post=42917"},{"taxonomy":"product_cat","embeddable":true,"href":"https:\/\/stafit.ee\/ru\/wp-json\/wp\/v2\/product_cat?post=42917"},{"taxonomy":"product_tag","embeddable":true,"href":"https:\/\/stafit.ee\/ru\/wp-json\/wp\/v2\/product_tag?post=42917"}],"curies":[{"name":"wp","href":"https:\/\/api.w.org\/{rel}","templated":true}]}}