{"id":42636,"date":"2022-02-10T04:06:16","date_gmt":"2022-02-10T02:06:16","guid":{"rendered":"https:\/\/stafit.ee\/toode\/%d1%80%d0%b0%d0%b1%d0%be%d1%87%d0%b8%d0%b5-%d0%b1%d1%80%d1%8e%d0%ba%d0%b8-emerton-%d1%81%d0%b5%d1%80%d1%8b%d0%b5\/"},"modified":"2026-04-08T18:29:36","modified_gmt":"2026-04-08T15:29:36","slug":"%d1%80%d0%b0%d0%b1%d0%be%d1%87%d0%b8%d0%b5-%d0%b1%d1%80%d1%8e%d0%ba%d0%b8-emerton-%d1%81%d0%b5%d1%80%d1%8b%d0%b5","status":"publish","type":"product","link":"https:\/\/stafit.ee\/ru\/tovar\/%d1%80%d0%b0%d0%b1%d0%be%d1%87%d0%b8%d0%b5-%d0%b1%d1%80%d1%8e%d0%ba%d0%b8-emerton-%d1%81%d0%b5%d1%80%d1%8b%d0%b5\/","title":{"rendered":"\u0420\u0430\u0431\u043e\u0447\u0438\u0435 \u0431\u0440\u044e\u043a\u0438 EMERTON \u0441\u0435\u0440\u044b\u0435"},"content":{"rendered":"<div>65% \u043f\u043e\u043b\u0438\u044d\u0441\u0442\u0435\u0440, 35% \u0445\u043b\u043e\u043f\u043e\u043a, 270 \u0433\/\u043c\u00b2.<\/div>\n<div>\u0423\u0441\u0438\u043b\u0435\u043d\u0438\u0435 DuPont Cordura: 100% \u043f\u043e\u043b\u0438\u044d\u0441\u0442\u0435\u0440.<\/div>\n<ul>\n<li>\u041a\u043e\u043c\u0444\u043e\u0440\u0442\u043d\u044b\u0435 \u0431\u0440\u044e\u043a\u0438 \u043f\u043e\u0432\u044b\u0448\u0435\u043d\u043d\u043e\u0439 \u0438\u0437\u043d\u043e\u0441\u043e\u0441\u0442\u043e\u0439\u043a\u043e\u0441\u0442\u0438;<\/li>\n<li>\u044d\u043b\u0430\u0441\u0442\u0438\u0447\u043d\u044b\u0439 \u043f\u043e\u044f\u0441;<\/li>\n<li>\u0443\u0441\u0438\u043b\u0438\u0442\u0435\u043b\u044c\u043d\u044b\u0435 \u043d\u0430\u043a\u043b\u0430\u0434\u043a\u0438 \u0438\u0437 \u043f\u043e\u043b\u0438\u044d\u0441\u0442\u0435\u0440\u0430 600D \u0432 \u043c\u0435\u0441\u0442\u0430\u0445, \u043d\u0430\u0438\u0431\u043e\u043b\u0435\u0435 \u043f\u043e\u0434\u0432\u0435\u0440\u0436\u0435\u043d\u043d\u044b\u0445 \u0438\u0437\u043d\u043e\u0441\u0443;<\/li>\n<li>\u0443\u0441\u0438\u043b\u0435\u043d\u043d\u044b\u0435 \u043a\u0430\u0440\u043c\u0430\u043d\u044b \u0434\u043b\u044f \u043d\u0430\u043a\u043e\u043b\u0435\u043d\u043d\u0438\u043a\u043e\u0432;<\/li>\n<li>\u043c\u043d\u043e\u0433\u043e\u0444\u0443\u043d\u043a\u0446\u0438\u043e\u043d\u0430\u043b\u044c\u043d\u044b\u0435 \u043a\u0430\u0440\u043c\u0430\u043d\u044b;<\/li>\n<li>\u043f\u0435\u0442\u043b\u044f \u0434\u043b\u044f \u0440\u0443\u0447\u043d\u043e\u0433\u043e \u0438\u043d\u0441\u0442\u0440\u0443\u043c\u0435\u043d\u0442\u0430.<\/li>\n<\/ul>\n<div><\/div>\n","protected":false},"excerpt":{"rendered":"<p>65% \u043f\u043e\u043b\u0438\u044d\u0441\u0442\u0435\u0440, 35% \u0445\u043b\u043e\u043f\u043e\u043a, 270 \u0433\/\u043c\u00b2. \u0423\u0441\u0438\u043b\u0435\u043d\u0438\u0435 DuPont Cordura: 100% \u043f\u043e\u043b\u0438\u044d\u0441\u0442\u0435\u0440. \u041a\u043e\u043c\u0444\u043e\u0440\u0442\u043d\u044b\u0435 \u0431\u0440\u044e\u043a\u0438 \u043f\u043e\u0432\u044b\u0448\u0435\u043d\u043d\u043e\u0439 \u0438\u0437\u043d\u043e\u0441\u043e\u0441\u0442\u043e\u0439\u043a\u043e\u0441\u0442\u0438; \u044d\u043b\u0430\u0441\u0442\u0438\u0447\u043d\u044b\u0439 \u043f\u043e\u044f\u0441; \u0443\u0441\u0438\u043b\u0438\u0442\u0435\u043b\u044c\u043d\u044b\u0435 \u043d\u0430\u043a\u043b\u0430\u0434\u043a\u0438 \u0438\u0437 \u043f\u043e\u043b\u0438\u044d\u0441\u0442\u0435\u0440\u0430 600D \u0432 \u043c\u0435\u0441\u0442\u0430\u0445, \u043d\u0430\u0438\u0431\u043e\u043b\u0435\u0435 \u043f\u043e\u0434\u0432\u0435\u0440\u0436\u0435\u043d\u043d\u044b\u0445 \u0438\u0437\u043d\u043e\u0441\u0443; \u0443\u0441\u0438\u043b\u0435\u043d\u043d\u044b\u0435 \u043a\u0430\u0440\u043c\u0430\u043d\u044b \u0434\u043b\u044f \u043d\u0430\u043a\u043e\u043b\u0435\u043d\u043d\u0438\u043a\u043e\u0432; \u043c\u043d\u043e\u0433\u043e\u0444\u0443\u043d\u043a\u0446\u0438\u043e\u043d\u0430\u043b\u044c\u043d\u044b\u0435 \u043a\u0430\u0440\u043c\u0430\u043d\u044b; \u043f\u0435\u0442\u043b\u044f \u0434\u043b\u044f \u0440\u0443\u0447\u043d\u043e\u0433\u043e \u0438\u043d\u0441\u0442\u0440\u0443\u043c\u0435\u043d\u0442\u0430.<\/p>\n","protected":false},"featured_media":42615,"template":"","meta":[],"pwb-brand":[323],"product_brand":[],"product_cat":[835],"product_tag":[],"class_list":{"0":"post-42636","1":"product","2":"type-product","3":"status-publish","4":"has-post-thumbnail","6":"pwb-brand-cerva","7":"product_cat-835","9":"first","10":"instock","11":"taxable","12":"shipping-taxable","13":"purchasable","14":"product-type-variable"},"yoast_head":"<!-- This site is optimized with the Yoast SEO plugin v27.0 - https:\/\/yoast.com\/product\/yoast-seo-wordpress\/ -->\n<title>\u0420\u0430\u0431\u043e\u0447\u0438\u0435 \u0431\u0440\u044e\u043a\u0438 EMERTON \u0441\u0435\u0440\u044b\u0435 - Stafit O\u00dc<\/title>\n<meta name=\"robots\" content=\"index, follow, max-snippet:-1, max-image-preview:large, max-video-preview:-1\" \/>\n<link rel=\"canonical\" href=\"https:\/\/stafit.ee\/ru\/tovar\/\u0440\u0430\u0431\u043e\u0447\u0438\u0435-\u0431\u0440\u044e\u043a\u0438-emerton-\u0441\u0435\u0440\u044b\u0435\/\" \/>\n<meta property=\"og:locale\" content=\"ru_RU\" \/>\n<meta property=\"og:type\" content=\"article\" \/>\n<meta property=\"og:title\" content=\"\u0420\u0430\u0431\u043e\u0447\u0438\u0435 \u0431\u0440\u044e\u043a\u0438 EMERTON \u0441\u0435\u0440\u044b\u0435 - Stafit O\u00dc\" \/>\n<meta property=\"og:description\" content=\"65% \u043f\u043e\u043b\u0438\u044d\u0441\u0442\u0435\u0440, 35% \u0445\u043b\u043e\u043f\u043e\u043a, 270 \u0433\/\u043c\u00b2. \u0423\u0441\u0438\u043b\u0435\u043d\u0438\u0435 DuPont Cordura: 100% \u043f\u043e\u043b\u0438\u044d\u0441\u0442\u0435\u0440. \u041a\u043e\u043c\u0444\u043e\u0440\u0442\u043d\u044b\u0435 \u0431\u0440\u044e\u043a\u0438 \u043f\u043e\u0432\u044b\u0448\u0435\u043d\u043d\u043e\u0439 \u0438\u0437\u043d\u043e\u0441\u043e\u0441\u0442\u043e\u0439\u043a\u043e\u0441\u0442\u0438; \u044d\u043b\u0430\u0441\u0442\u0438\u0447\u043d\u044b\u0439 \u043f\u043e\u044f\u0441; \u0443\u0441\u0438\u043b\u0438\u0442\u0435\u043b\u044c\u043d\u044b\u0435 \u043d\u0430\u043a\u043b\u0430\u0434\u043a\u0438 \u0438\u0437 \u043f\u043e\u043b\u0438\u044d\u0441\u0442\u0435\u0440\u0430 600D \u0432 \u043c\u0435\u0441\u0442\u0430\u0445, \u043d\u0430\u0438\u0431\u043e\u043b\u0435\u0435 \u043f\u043e\u0434\u0432\u0435\u0440\u0436\u0435\u043d\u043d\u044b\u0445 \u0438\u0437\u043d\u043e\u0441\u0443; \u0443\u0441\u0438\u043b\u0435\u043d\u043d\u044b\u0435 \u043a\u0430\u0440\u043c\u0430\u043d\u044b \u0434\u043b\u044f \u043d\u0430\u043a\u043e\u043b\u0435\u043d\u043d\u0438\u043a\u043e\u0432; \u043c\u043d\u043e\u0433\u043e\u0444\u0443\u043d\u043a\u0446\u0438\u043e\u043d\u0430\u043b\u044c\u043d\u044b\u0435 \u043a\u0430\u0440\u043c\u0430\u043d\u044b; \u043f\u0435\u0442\u043b\u044f \u0434\u043b\u044f \u0440\u0443\u0447\u043d\u043e\u0433\u043e \u0438\u043d\u0441\u0442\u0440\u0443\u043c\u0435\u043d\u0442\u0430.\" \/>\n<meta property=\"og:url\" content=\"https:\/\/stafit.ee\/ru\/tovar\/\u0440\u0430\u0431\u043e\u0447\u0438\u0435-\u0431\u0440\u044e\u043a\u0438-emerton-\u0441\u0435\u0440\u044b\u0435\/\" \/>\n<meta property=\"og:site_name\" content=\"Stafit O\u00dc\" \/>\n<meta property=\"article:modified_time\" content=\"2026-04-08T15:29:36+00:00\" \/>\n<meta property=\"og:image\" content=\"https:\/\/stafit.ee\/wp-content\/uploads\/2022\/02\/Emerton-trousers-1.jpg\" \/>\n\t<meta property=\"og:image:width\" content=\"2000\" \/>\n\t<meta property=\"og:image:height\" content=\"2000\" \/>\n\t<meta property=\"og:image:type\" content=\"image\/jpeg\" \/>\n<meta name=\"twitter:card\" content=\"summary_large_image\" \/>\n<script type=\"application\/ld+json\" class=\"yoast-schema-graph\">{\"@context\":\"https:\/\/schema.org\",\"@graph\":[{\"@type\":\"WebPage\",\"@id\":\"https:\/\/stafit.ee\/ru\/tovar\/%d1%80%d0%b0%d0%b1%d0%be%d1%87%d0%b8%d0%b5-%d0%b1%d1%80%d1%8e%d0%ba%d0%b8-emerton-%d1%81%d0%b5%d1%80%d1%8b%d0%b5\/\",\"url\":\"https:\/\/stafit.ee\/ru\/tovar\/%d1%80%d0%b0%d0%b1%d0%be%d1%87%d0%b8%d0%b5-%d0%b1%d1%80%d1%8e%d0%ba%d0%b8-emerton-%d1%81%d0%b5%d1%80%d1%8b%d0%b5\/\",\"name\":\"\u0420\u0430\u0431\u043e\u0447\u0438\u0435 \u0431\u0440\u044e\u043a\u0438 EMERTON \u0441\u0435\u0440\u044b\u0435 - Stafit O\u00dc\",\"isPartOf\":{\"@id\":\"https:\/\/stafit.ee\/#website\"},\"primaryImageOfPage\":{\"@id\":\"https:\/\/stafit.ee\/ru\/tovar\/%d1%80%d0%b0%d0%b1%d0%be%d1%87%d0%b8%d0%b5-%d0%b1%d1%80%d1%8e%d0%ba%d0%b8-emerton-%d1%81%d0%b5%d1%80%d1%8b%d0%b5\/#primaryimage\"},\"image\":{\"@id\":\"https:\/\/stafit.ee\/ru\/tovar\/%d1%80%d0%b0%d0%b1%d0%be%d1%87%d0%b8%d0%b5-%d0%b1%d1%80%d1%8e%d0%ba%d0%b8-emerton-%d1%81%d0%b5%d1%80%d1%8b%d0%b5\/#primaryimage\"},\"thumbnailUrl\":\"https:\/\/stafit.ee\/wp-content\/uploads\/2022\/02\/Emerton-trousers-1.jpg\",\"datePublished\":\"2022-02-10T02:06:16+00:00\",\"dateModified\":\"2026-04-08T15:29:36+00:00\",\"breadcrumb\":{\"@id\":\"https:\/\/stafit.ee\/ru\/tovar\/%d1%80%d0%b0%d0%b1%d0%be%d1%87%d0%b8%d0%b5-%d0%b1%d1%80%d1%8e%d0%ba%d0%b8-emerton-%d1%81%d0%b5%d1%80%d1%8b%d0%b5\/#breadcrumb\"},\"inLanguage\":\"ru-RU\",\"potentialAction\":[{\"@type\":\"ReadAction\",\"target\":[\"https:\/\/stafit.ee\/ru\/tovar\/%d1%80%d0%b0%d0%b1%d0%be%d1%87%d0%b8%d0%b5-%d0%b1%d1%80%d1%8e%d0%ba%d0%b8-emerton-%d1%81%d0%b5%d1%80%d1%8b%d0%b5\/\"]}]},{\"@type\":\"ImageObject\",\"inLanguage\":\"ru-RU\",\"@id\":\"https:\/\/stafit.ee\/ru\/tovar\/%d1%80%d0%b0%d0%b1%d0%be%d1%87%d0%b8%d0%b5-%d0%b1%d1%80%d1%8e%d0%ba%d0%b8-emerton-%d1%81%d0%b5%d1%80%d1%8b%d0%b5\/#primaryimage\",\"url\":\"https:\/\/stafit.ee\/wp-content\/uploads\/2022\/02\/Emerton-trousers-1.jpg\",\"contentUrl\":\"https:\/\/stafit.ee\/wp-content\/uploads\/2022\/02\/Emerton-trousers-1.jpg\",\"width\":2000,\"height\":2000},{\"@type\":\"BreadcrumbList\",\"@id\":\"https:\/\/stafit.ee\/ru\/tovar\/%d1%80%d0%b0%d0%b1%d0%be%d1%87%d0%b8%d0%b5-%d0%b1%d1%80%d1%8e%d0%ba%d0%b8-emerton-%d1%81%d0%b5%d1%80%d1%8b%d0%b5\/#breadcrumb\",\"itemListElement\":[{\"@type\":\"ListItem\",\"position\":1,\"name\":\"Home\",\"item\":\"https:\/\/stafit.ee\/ru\/\"},{\"@type\":\"ListItem\",\"position\":2,\"name\":\"\u041c\u0430\u0433\u0430\u0437\u0438\u043d\",\"item\":\"https:\/\/stafit.ee\/ru\/pood\/\"},{\"@type\":\"ListItem\",\"position\":3,\"name\":\"\u0420\u0430\u0431\u043e\u0447\u0438\u0435 \u0431\u0440\u044e\u043a\u0438 EMERTON \u0441\u0435\u0440\u044b\u0435\"}]},{\"@type\":\"WebSite\",\"@id\":\"https:\/\/stafit.ee\/#website\",\"url\":\"https:\/\/stafit.ee\/\",\"name\":\"Stafit O\u00dc\",\"description\":\"T\u00f6\u00f6riete ja ohutusvahendite jae ja hulgim\u00fc\u00fck\",\"potentialAction\":[{\"@type\":\"SearchAction\",\"target\":{\"@type\":\"EntryPoint\",\"urlTemplate\":\"https:\/\/stafit.ee\/?s={search_term_string}\"},\"query-input\":{\"@type\":\"PropertyValueSpecification\",\"valueRequired\":true,\"valueName\":\"search_term_string\"}}],\"inLanguage\":\"ru-RU\"}]}<\/script>\n<!-- \/ Yoast SEO plugin. -->","yoast_head_json":{"title":"\u0420\u0430\u0431\u043e\u0447\u0438\u0435 \u0431\u0440\u044e\u043a\u0438 EMERTON \u0441\u0435\u0440\u044b\u0435 - Stafit O\u00dc","robots":{"index":"index","follow":"follow","max-snippet":"max-snippet:-1","max-image-preview":"max-image-preview:large","max-video-preview":"max-video-preview:-1"},"canonical":"https:\/\/stafit.ee\/ru\/tovar\/\u0440\u0430\u0431\u043e\u0447\u0438\u0435-\u0431\u0440\u044e\u043a\u0438-emerton-\u0441\u0435\u0440\u044b\u0435\/","og_locale":"ru_RU","og_type":"article","og_title":"\u0420\u0430\u0431\u043e\u0447\u0438\u0435 \u0431\u0440\u044e\u043a\u0438 EMERTON \u0441\u0435\u0440\u044b\u0435 - Stafit O\u00dc","og_description":"65% \u043f\u043e\u043b\u0438\u044d\u0441\u0442\u0435\u0440, 35% \u0445\u043b\u043e\u043f\u043e\u043a, 270 \u0433\/\u043c\u00b2. \u0423\u0441\u0438\u043b\u0435\u043d\u0438\u0435 DuPont Cordura: 100% \u043f\u043e\u043b\u0438\u044d\u0441\u0442\u0435\u0440. \u041a\u043e\u043c\u0444\u043e\u0440\u0442\u043d\u044b\u0435 \u0431\u0440\u044e\u043a\u0438 \u043f\u043e\u0432\u044b\u0448\u0435\u043d\u043d\u043e\u0439 \u0438\u0437\u043d\u043e\u0441\u043e\u0441\u0442\u043e\u0439\u043a\u043e\u0441\u0442\u0438; \u044d\u043b\u0430\u0441\u0442\u0438\u0447\u043d\u044b\u0439 \u043f\u043e\u044f\u0441; \u0443\u0441\u0438\u043b\u0438\u0442\u0435\u043b\u044c\u043d\u044b\u0435 \u043d\u0430\u043a\u043b\u0430\u0434\u043a\u0438 \u0438\u0437 \u043f\u043e\u043b\u0438\u044d\u0441\u0442\u0435\u0440\u0430 600D \u0432 \u043c\u0435\u0441\u0442\u0430\u0445, \u043d\u0430\u0438\u0431\u043e\u043b\u0435\u0435 \u043f\u043e\u0434\u0432\u0435\u0440\u0436\u0435\u043d\u043d\u044b\u0445 \u0438\u0437\u043d\u043e\u0441\u0443; \u0443\u0441\u0438\u043b\u0435\u043d\u043d\u044b\u0435 \u043a\u0430\u0440\u043c\u0430\u043d\u044b \u0434\u043b\u044f \u043d\u0430\u043a\u043e\u043b\u0435\u043d\u043d\u0438\u043a\u043e\u0432; \u043c\u043d\u043e\u0433\u043e\u0444\u0443\u043d\u043a\u0446\u0438\u043e\u043d\u0430\u043b\u044c\u043d\u044b\u0435 \u043a\u0430\u0440\u043c\u0430\u043d\u044b; \u043f\u0435\u0442\u043b\u044f \u0434\u043b\u044f \u0440\u0443\u0447\u043d\u043e\u0433\u043e \u0438\u043d\u0441\u0442\u0440\u0443\u043c\u0435\u043d\u0442\u0430.","og_url":"https:\/\/stafit.ee\/ru\/tovar\/\u0440\u0430\u0431\u043e\u0447\u0438\u0435-\u0431\u0440\u044e\u043a\u0438-emerton-\u0441\u0435\u0440\u044b\u0435\/","og_site_name":"Stafit O\u00dc","article_modified_time":"2026-04-08T15:29:36+00:00","og_image":[{"width":2000,"height":2000,"url":"https:\/\/stafit.ee\/wp-content\/uploads\/2022\/02\/Emerton-trousers-1.jpg","type":"image\/jpeg"}],"twitter_card":"summary_large_image","schema":{"@context":"https:\/\/schema.org","@graph":[{"@type":"WebPage","@id":"https:\/\/stafit.ee\/ru\/tovar\/%d1%80%d0%b0%d0%b1%d0%be%d1%87%d0%b8%d0%b5-%d0%b1%d1%80%d1%8e%d0%ba%d0%b8-emerton-%d1%81%d0%b5%d1%80%d1%8b%d0%b5\/","url":"https:\/\/stafit.ee\/ru\/tovar\/%d1%80%d0%b0%d0%b1%d0%be%d1%87%d0%b8%d0%b5-%d0%b1%d1%80%d1%8e%d0%ba%d0%b8-emerton-%d1%81%d0%b5%d1%80%d1%8b%d0%b5\/","name":"\u0420\u0430\u0431\u043e\u0447\u0438\u0435 \u0431\u0440\u044e\u043a\u0438 EMERTON \u0441\u0435\u0440\u044b\u0435 - Stafit O\u00dc","isPartOf":{"@id":"https:\/\/stafit.ee\/#website"},"primaryImageOfPage":{"@id":"https:\/\/stafit.ee\/ru\/tovar\/%d1%80%d0%b0%d0%b1%d0%be%d1%87%d0%b8%d0%b5-%d0%b1%d1%80%d1%8e%d0%ba%d0%b8-emerton-%d1%81%d0%b5%d1%80%d1%8b%d0%b5\/#primaryimage"},"image":{"@id":"https:\/\/stafit.ee\/ru\/tovar\/%d1%80%d0%b0%d0%b1%d0%be%d1%87%d0%b8%d0%b5-%d0%b1%d1%80%d1%8e%d0%ba%d0%b8-emerton-%d1%81%d0%b5%d1%80%d1%8b%d0%b5\/#primaryimage"},"thumbnailUrl":"https:\/\/stafit.ee\/wp-content\/uploads\/2022\/02\/Emerton-trousers-1.jpg","datePublished":"2022-02-10T02:06:16+00:00","dateModified":"2026-04-08T15:29:36+00:00","breadcrumb":{"@id":"https:\/\/stafit.ee\/ru\/tovar\/%d1%80%d0%b0%d0%b1%d0%be%d1%87%d0%b8%d0%b5-%d0%b1%d1%80%d1%8e%d0%ba%d0%b8-emerton-%d1%81%d0%b5%d1%80%d1%8b%d0%b5\/#breadcrumb"},"inLanguage":"ru-RU","potentialAction":[{"@type":"ReadAction","target":["https:\/\/stafit.ee\/ru\/tovar\/%d1%80%d0%b0%d0%b1%d0%be%d1%87%d0%b8%d0%b5-%d0%b1%d1%80%d1%8e%d0%ba%d0%b8-emerton-%d1%81%d0%b5%d1%80%d1%8b%d0%b5\/"]}]},{"@type":"ImageObject","inLanguage":"ru-RU","@id":"https:\/\/stafit.ee\/ru\/tovar\/%d1%80%d0%b0%d0%b1%d0%be%d1%87%d0%b8%d0%b5-%d0%b1%d1%80%d1%8e%d0%ba%d0%b8-emerton-%d1%81%d0%b5%d1%80%d1%8b%d0%b5\/#primaryimage","url":"https:\/\/stafit.ee\/wp-content\/uploads\/2022\/02\/Emerton-trousers-1.jpg","contentUrl":"https:\/\/stafit.ee\/wp-content\/uploads\/2022\/02\/Emerton-trousers-1.jpg","width":2000,"height":2000},{"@type":"BreadcrumbList","@id":"https:\/\/stafit.ee\/ru\/tovar\/%d1%80%d0%b0%d0%b1%d0%be%d1%87%d0%b8%d0%b5-%d0%b1%d1%80%d1%8e%d0%ba%d0%b8-emerton-%d1%81%d0%b5%d1%80%d1%8b%d0%b5\/#breadcrumb","itemListElement":[{"@type":"ListItem","position":1,"name":"Home","item":"https:\/\/stafit.ee\/ru\/"},{"@type":"ListItem","position":2,"name":"\u041c\u0430\u0433\u0430\u0437\u0438\u043d","item":"https:\/\/stafit.ee\/ru\/pood\/"},{"@type":"ListItem","position":3,"name":"\u0420\u0430\u0431\u043e\u0447\u0438\u0435 \u0431\u0440\u044e\u043a\u0438 EMERTON \u0441\u0435\u0440\u044b\u0435"}]},{"@type":"WebSite","@id":"https:\/\/stafit.ee\/#website","url":"https:\/\/stafit.ee\/","name":"Stafit O\u00dc","description":"T\u00f6\u00f6riete ja ohutusvahendite jae ja hulgim\u00fc\u00fck","potentialAction":[{"@type":"SearchAction","target":{"@type":"EntryPoint","urlTemplate":"https:\/\/stafit.ee\/?s={search_term_string}"},"query-input":{"@type":"PropertyValueSpecification","valueRequired":true,"valueName":"search_term_string"}}],"inLanguage":"ru-RU"}]}},"brands":[{"id":323,"name":"Cerva","slug":"cerva"}],"_links":{"self":[{"href":"https:\/\/stafit.ee\/ru\/wp-json\/wp\/v2\/product\/42636","targetHints":{"allow":["GET"]}}],"collection":[{"href":"https:\/\/stafit.ee\/ru\/wp-json\/wp\/v2\/product"}],"about":[{"href":"https:\/\/stafit.ee\/ru\/wp-json\/wp\/v2\/types\/product"}],"wp:featuredmedia":[{"embeddable":true,"href":"https:\/\/stafit.ee\/ru\/wp-json\/wp\/v2\/media\/42615"}],"wp:attachment":[{"href":"https:\/\/stafit.ee\/ru\/wp-json\/wp\/v2\/media?parent=42636"}],"wp:term":[{"taxonomy":"pwb-brand","embeddable":true,"href":"https:\/\/stafit.ee\/ru\/wp-json\/wp\/v2\/pwb-brand?post=42636"},{"taxonomy":"product_brand","embeddable":true,"href":"https:\/\/stafit.ee\/ru\/wp-json\/wp\/v2\/product_brand?post=42636"},{"taxonomy":"product_cat","embeddable":true,"href":"https:\/\/stafit.ee\/ru\/wp-json\/wp\/v2\/product_cat?post=42636"},{"taxonomy":"product_tag","embeddable":true,"href":"https:\/\/stafit.ee\/ru\/wp-json\/wp\/v2\/product_tag?post=42636"}],"curies":[{"name":"wp","href":"https:\/\/api.w.org\/{rel}","templated":true}]}}