{"id":39952,"date":"2022-01-17T04:01:55","date_gmt":"2022-01-17T02:01:55","guid":{"rendered":"https:\/\/stafit.ee\/toode\/%d1%85%d0%be%d0%b7%d1%8f%d0%b9%d1%81%d1%82%d0%b2%d0%b5%d0%bd%d0%bd%d1%8b%d0%b5-%d0%bf%d0%b5%d1%80%d1%87%d0%b0%d1%82%d0%ba%d0%b8-showa-%d0%bf%d0%b2%d1%85-%d0%b1%d0%b5%d0%bb%d1%8b%d0%b5\/"},"modified":"2026-04-08T18:18:20","modified_gmt":"2026-04-08T15:18:20","slug":"%d1%85%d0%be%d0%b7%d1%8f%d0%b9%d1%81%d1%82%d0%b2%d0%b5%d0%bd%d0%bd%d1%8b%d0%b5-%d0%bf%d0%b5%d1%80%d1%87%d0%b0%d1%82%d0%ba%d0%b8-showa-%d0%bf%d0%b2%d1%85-%d0%b1%d0%b5%d0%bb%d1%8b%d0%b5","status":"publish","type":"product","link":"https:\/\/stafit.ee\/ru\/tovar\/%d1%85%d0%be%d0%b7%d1%8f%d0%b9%d1%81%d1%82%d0%b2%d0%b5%d0%bd%d0%bd%d1%8b%d0%b5-%d0%bf%d0%b5%d1%80%d1%87%d0%b0%d1%82%d0%ba%d0%b8-showa-%d0%bf%d0%b2%d1%85-%d0%b1%d0%b5%d0%bb%d1%8b%d0%b5\/","title":{"rendered":"\u0425\u043e\u0437\u044f\u0439\u0441\u0442\u0432\u0435\u043d\u043d\u044b\u0435 \u043f\u0435\u0440\u0447\u0430\u0442\u043a\u0438 SHOWA \u041f\u0412\u0425 \u0431\u0435\u043b\u044b\u0435"},"content":{"rendered":"<div>\u0425\u043e\u0437\u044f\u0439\u0441\u0442\u0432\u0435\u043d\u043d\u044b\u0435 \u043f\u0435\u0440\u0447\u0430\u0442\u043a\u0438 SHOWA B0700 \u2013 \u0442\u043e\u043d\u043a\u0438\u0435 \u043f\u0435\u0440\u0447\u0430\u0442\u043a\u0438, \u0441\u043e\u0437\u0434\u0430\u044e\u0449\u0438\u0435 \u0432\u043f\u0435\u0447\u0430\u0442\u043b\u0435\u043d\u0438\u0435 \u00ab\u0432\u0442\u043e\u0440\u043e\u0439 \u043a\u043e\u0436\u0438\u00bb. \u042d\u043b\u0430\u0441\u0442\u0438\u0447\u043d\u044b\u0435 \u0441\u0435\u043d\u0441\u043e\u0440\u043d\u044b\u0435 \u043f\u0435\u0440\u0447\u0430\u0442\u043a\u0438 \u0431\u0435\u0437 \u043f\u0443\u0434\u0440\u044b \u0438\u0437 \u041f\u0412\u0425 \u0438\u043c\u0435\u044e\u0442 \u0448\u0435\u0440\u043e\u0445\u043e\u0432\u0430\u0442\u043e\u0441\u0442\u044c \u043d\u0430 \u043b\u0430\u0434\u043e\u043d\u044f\u0445 \u0438 \u043a\u043e\u043d\u0447\u0438\u043a\u0430\u0445 \u043f\u0430\u043b\u044c\u0446\u0435\u0432, \u0447\u0442\u043e\u0431\u044b \u043e\u0431\u0435\u0441\u043f\u0435\u0447\u0438\u0442\u044c \u043d\u0430\u0434\u0451\u0436\u043d\u043e\u0435 \u0441\u0446\u0435\u043f\u043b\u0435\u043d\u0438\u0435 \u0432 \u0441\u0443\u0445\u0438\u0445 \u0438 \u0432\u043b\u0430\u0436\u043d\u044b\u0445 \u0443\u0441\u043b\u043e\u0432\u0438\u044f\u0445. \u041f\u0435\u0440\u0447\u0430\u0442\u043a\u0438 \u0430\u043d\u0430\u0442\u043e\u043c\u0438\u0447\u0435\u0441\u043a\u043e\u0439 \u0444\u043e\u0440\u043c\u044b \u0443\u0441\u0442\u043e\u0439\u0447\u0438\u0432\u044b \u043a \u043a\u043e\u043d\u0442\u0430\u043a\u0442\u0443 \u0441 \u043e\u043f\u0440\u0435\u0434\u0435\u043b\u0451\u043d\u043d\u044b\u043c\u0438 \u0436\u0438\u0434\u043a\u0438\u043c\u0438 \u0445\u0438\u043c\u0438\u0447\u0435\u0441\u043a\u0438\u043c\u0438 \u0432\u0435\u0449\u0435\u0441\u0442\u0432\u0430\u043c\u0438. \u0414\u043b\u0438\u043d\u0430 \u043f\u0435\u0440\u0447\u0430\u0442\u043e\u043a 30 \u0441\u043c \u0438 \u0442\u043e\u043b\u0449\u0438\u043d\u0430 0,30 \u043c\u043c.<\/div>\n<div><\/div>\n<div>\u041e\u0431\u043b\u0430\u0441\u0442\u044c \u043f\u0440\u0438\u043c\u0435\u043d\u0435\u043d\u0438\u044f: \u043f\u043e\u0434\u0445\u043e\u0434\u044f\u0442 \u0434\u043b\u044f \u0438\u0441\u043f\u043e\u043b\u044c\u0437\u043e\u0432\u0430\u043d\u0438\u044f \u0432 \u0445\u0438\u043c\u0438\u0447\u0435\u0441\u043a\u0438\u0445 \u043b\u0430\u0431\u043e\u0440\u0430\u0442\u043e\u0440\u0438\u044f\u0445, \u043c\u0435\u0434\u0438\u0446\u0438\u043d\u0435 \u0438 \u0434\u043b\u044f \u043b\u0451\u0433\u043a\u043e\u0439 \u0443\u0431\u043e\u0440\u043a\u0438.<\/div>\n<div><\/div>\n<div>\u041a\u0430\u0442\u0435\u0433\u043e\u0440\u0438\u044f III<\/div>\n<div>EN420:2003 + A1:2009 &#8212; \u041e\u0431\u0449\u0438\u0435 \u0442\u0440\u0435\u0431\u043e\u0432\u0430\u043d\u0438\u044f \u043a \u0437\u0430\u0449\u0438\u0442\u043d\u044b\u043c \u043f\u0435\u0440\u0447\u0430\u0442\u043a\u0430\u043c.<\/div>\n<div>EN 388:2003 &#8212; \u0421\u0442\u0430\u043d\u0434\u0430\u0440\u0442 \u043c\u0435\u0445\u0430\u043d\u0438\u0447\u0435\u0441\u043a\u043e\u0439 \u043f\u0440\u043e\u0447\u043d\u043e\u0441\u0442\u0438: \u0443\u0441\u0442\u043e\u0439\u0447\u0438\u0432\u043e\u0441\u0442\u044c \u043a \u0438\u0441\u0442\u0438\u0440\u0430\u043d\u0438\u044e 2\/4, \u0443\u0441\u0442\u043e\u0439\u0447\u0438\u0432\u043e\u0441\u0442\u044c \u043a \u043f\u043e\u0440\u0435\u0437\u0430\u043c 0\/5, \u0443\u0441\u0442\u043e\u0439\u0447\u0438\u0432\u043e\u0441\u0442\u044c \u043a \u0440\u0430\u0437\u0440\u044b\u0432\u0430\u043c 0\/4, \u0443\u0441\u0442\u043e\u0439\u0447\u0438\u0432\u043e\u0441\u0442\u044c \u043a \u043f\u0440\u043e\u043a\u043e\u043b\u0430\u043c 0\/4.<\/div>\n<div>EN 374-2-3:2003 &#8212; \u0412\u043e \u0432\u0440\u0435\u043c\u044f \u0441\u0435\u0440\u0442\u0438\u0444\u0438\u043a\u0430\u0446\u0438\u0438 \u043f\u0435\u0440\u0447\u0430\u0442\u043a\u0438 \u0431\u044b\u043b\u0438 \u043f\u0440\u043e\u0442\u0435\u0441\u0442\u0438\u0440\u043e\u0432\u0430\u043d\u044b \u0441\u043e \u0441\u043b\u0435\u0434\u0443\u044e\u0449\u0438\u043c\u0438 \u0445\u0438\u043c\u0438\u0447\u0435\u0441\u043a\u0438\u043c\u0438 \u0432\u0435\u0449\u0435\u0441\u0442\u0432\u0430\u043c\u0438: \u0433\u0438\u0434\u0440\u043e\u043a\u0441\u0438\u0434 \u043d\u0430\u0442\u0440\u0438\u044f 40% (\u0432\u0440\u0435\u043c\u044f \u043f\u0440\u043e\u043d\u0438\u043a\u043d\u043e\u0432\u0435\u043d\u0438\u044f &gt; 480 \u043c\u0438\u043d\u0443\u0442), \u0441\u0435\u0440\u043d\u0430\u044f \u043a\u0438\u0441\u043b\u043e\u0442\u0430 (\u0432\u0440\u0435\u043c\u044f \u043f\u0440\u043e\u043d\u0438\u043a\u043d\u043e\u0432\u0435\u043d\u0438\u044f &gt; 10 \u043c\u0438\u043d\u0443\u0442).<\/div>\n","protected":false},"excerpt":{"rendered":"<p>\u0425\u043e\u0437\u044f\u0439\u0441\u0442\u0432\u0435\u043d\u043d\u044b\u0435 \u043f\u0435\u0440\u0447\u0430\u0442\u043a\u0438 SHOWA B0700 \u2013 \u0442\u043e\u043d\u043a\u0438\u0435 \u043f\u0435\u0440\u0447\u0430\u0442\u043a\u0438, \u0441\u043e\u0437\u0434\u0430\u044e\u0449\u0438\u0435 \u0432\u043f\u0435\u0447\u0430\u0442\u043b\u0435\u043d\u0438\u0435 \u00ab\u0432\u0442\u043e\u0440\u043e\u0439 \u043a\u043e\u0436\u0438\u00bb. \u042d\u043b\u0430\u0441\u0442\u0438\u0447\u043d\u044b\u0435 \u0441\u0435\u043d\u0441\u043e\u0440\u043d\u044b\u0435 \u043f\u0435\u0440\u0447\u0430\u0442\u043a\u0438 \u0431\u0435\u0437 \u043f\u0443\u0434\u0440\u044b \u0438\u0437 \u041f\u0412\u0425 \u0438\u043c\u0435\u044e\u0442 \u0448\u0435\u0440\u043e\u0445\u043e\u0432\u0430\u0442\u043e\u0441\u0442\u044c \u043d\u0430 \u043b\u0430\u0434\u043e\u043d\u044f\u0445 \u0438 \u043a\u043e\u043d\u0447\u0438\u043a\u0430\u0445 \u043f\u0430\u043b\u044c\u0446\u0435\u0432, \u0447\u0442\u043e\u0431\u044b \u043e\u0431\u0435\u0441\u043f\u0435\u0447\u0438\u0442\u044c \u043d\u0430\u0434\u0451\u0436\u043d\u043e\u0435 \u0441\u0446\u0435\u043f\u043b\u0435\u043d\u0438\u0435 \u0432 \u0441\u0443\u0445\u0438\u0445 \u0438 \u0432\u043b\u0430\u0436\u043d\u044b\u0445 \u0443\u0441\u043b\u043e\u0432\u0438\u044f\u0445. \u041f\u0435\u0440\u0447\u0430\u0442\u043a\u0438 \u0430\u043d\u0430\u0442\u043e\u043c\u0438\u0447\u0435\u0441\u043a\u043e\u0439 \u0444\u043e\u0440\u043c\u044b \u0443\u0441\u0442\u043e\u0439\u0447\u0438\u0432\u044b \u043a \u043a\u043e\u043d\u0442\u0430\u043a\u0442\u0443 \u0441 \u043e\u043f\u0440\u0435\u0434\u0435\u043b\u0451\u043d\u043d\u044b\u043c\u0438 \u0436\u0438\u0434\u043a\u0438\u043c\u0438 \u0445\u0438\u043c\u0438\u0447\u0435\u0441\u043a\u0438\u043c\u0438 \u0432\u0435\u0449\u0435\u0441\u0442\u0432\u0430\u043c\u0438. \u0414\u043b\u0438\u043d\u0430 \u043f\u0435\u0440\u0447\u0430\u0442\u043e\u043a 30 \u0441\u043c \u0438 \u0442\u043e\u043b\u0449\u0438\u043d\u0430 0,30 \u043c\u043c. \u041e\u0431\u043b\u0430\u0441\u0442\u044c \u043f\u0440\u0438\u043c\u0435\u043d\u0435\u043d\u0438\u044f:&#8230;<\/p>\n","protected":false},"featured_media":39946,"template":"","meta":[],"pwb-brand":[],"product_brand":[],"product_cat":[1046],"product_tag":[],"class_list":{"0":"post-39952","1":"product","2":"type-product","3":"status-publish","4":"has-post-thumbnail","6":"product_cat-1046","8":"first","9":"instock","10":"taxable","11":"shipping-taxable","12":"purchasable","13":"product-type-variable"},"yoast_head":"<!-- This site is optimized with the Yoast SEO plugin v27.0 - https:\/\/yoast.com\/product\/yoast-seo-wordpress\/ -->\n<title>\u0425\u043e\u0437\u044f\u0439\u0441\u0442\u0432\u0435\u043d\u043d\u044b\u0435 \u043f\u0435\u0440\u0447\u0430\u0442\u043a\u0438 SHOWA \u041f\u0412\u0425 \u0431\u0435\u043b\u044b\u0435 - Stafit O\u00dc<\/title>\n<meta name=\"robots\" content=\"index, follow, max-snippet:-1, max-image-preview:large, max-video-preview:-1\" \/>\n<link rel=\"canonical\" href=\"https:\/\/stafit.ee\/ru\/tovar\/\u0445\u043e\u0437\u044f\u0439\u0441\u0442\u0432\u0435\u043d\u043d\u044b\u0435-\u043f\u0435\u0440\u0447\u0430\u0442\u043a\u0438-showa-\u043f\u0432\u0445-\u0431\u0435\u043b\u044b\u0435\/\" \/>\n<meta property=\"og:locale\" content=\"ru_RU\" \/>\n<meta property=\"og:type\" content=\"article\" \/>\n<meta property=\"og:title\" content=\"\u0425\u043e\u0437\u044f\u0439\u0441\u0442\u0432\u0435\u043d\u043d\u044b\u0435 \u043f\u0435\u0440\u0447\u0430\u0442\u043a\u0438 SHOWA \u041f\u0412\u0425 \u0431\u0435\u043b\u044b\u0435 - Stafit O\u00dc\" \/>\n<meta property=\"og:description\" content=\"\u0425\u043e\u0437\u044f\u0439\u0441\u0442\u0432\u0435\u043d\u043d\u044b\u0435 \u043f\u0435\u0440\u0447\u0430\u0442\u043a\u0438 SHOWA B0700 \u2013 \u0442\u043e\u043d\u043a\u0438\u0435 \u043f\u0435\u0440\u0447\u0430\u0442\u043a\u0438, \u0441\u043e\u0437\u0434\u0430\u044e\u0449\u0438\u0435 \u0432\u043f\u0435\u0447\u0430\u0442\u043b\u0435\u043d\u0438\u0435 \u00ab\u0432\u0442\u043e\u0440\u043e\u0439 \u043a\u043e\u0436\u0438\u00bb. \u042d\u043b\u0430\u0441\u0442\u0438\u0447\u043d\u044b\u0435 \u0441\u0435\u043d\u0441\u043e\u0440\u043d\u044b\u0435 \u043f\u0435\u0440\u0447\u0430\u0442\u043a\u0438 \u0431\u0435\u0437 \u043f\u0443\u0434\u0440\u044b \u0438\u0437 \u041f\u0412\u0425 \u0438\u043c\u0435\u044e\u0442 \u0448\u0435\u0440\u043e\u0445\u043e\u0432\u0430\u0442\u043e\u0441\u0442\u044c \u043d\u0430 \u043b\u0430\u0434\u043e\u043d\u044f\u0445 \u0438 \u043a\u043e\u043d\u0447\u0438\u043a\u0430\u0445 \u043f\u0430\u043b\u044c\u0446\u0435\u0432, \u0447\u0442\u043e\u0431\u044b \u043e\u0431\u0435\u0441\u043f\u0435\u0447\u0438\u0442\u044c \u043d\u0430\u0434\u0451\u0436\u043d\u043e\u0435 \u0441\u0446\u0435\u043f\u043b\u0435\u043d\u0438\u0435 \u0432 \u0441\u0443\u0445\u0438\u0445 \u0438 \u0432\u043b\u0430\u0436\u043d\u044b\u0445 \u0443\u0441\u043b\u043e\u0432\u0438\u044f\u0445. \u041f\u0435\u0440\u0447\u0430\u0442\u043a\u0438 \u0430\u043d\u0430\u0442\u043e\u043c\u0438\u0447\u0435\u0441\u043a\u043e\u0439 \u0444\u043e\u0440\u043c\u044b \u0443\u0441\u0442\u043e\u0439\u0447\u0438\u0432\u044b \u043a \u043a\u043e\u043d\u0442\u0430\u043a\u0442\u0443 \u0441 \u043e\u043f\u0440\u0435\u0434\u0435\u043b\u0451\u043d\u043d\u044b\u043c\u0438 \u0436\u0438\u0434\u043a\u0438\u043c\u0438 \u0445\u0438\u043c\u0438\u0447\u0435\u0441\u043a\u0438\u043c\u0438 \u0432\u0435\u0449\u0435\u0441\u0442\u0432\u0430\u043c\u0438. \u0414\u043b\u0438\u043d\u0430 \u043f\u0435\u0440\u0447\u0430\u0442\u043e\u043a 30 \u0441\u043c \u0438 \u0442\u043e\u043b\u0449\u0438\u043d\u0430 0,30 \u043c\u043c. \u041e\u0431\u043b\u0430\u0441\u0442\u044c \u043f\u0440\u0438\u043c\u0435\u043d\u0435\u043d\u0438\u044f:...\" \/>\n<meta property=\"og:url\" content=\"https:\/\/stafit.ee\/ru\/tovar\/\u0445\u043e\u0437\u044f\u0439\u0441\u0442\u0432\u0435\u043d\u043d\u044b\u0435-\u043f\u0435\u0440\u0447\u0430\u0442\u043a\u0438-showa-\u043f\u0432\u0445-\u0431\u0435\u043b\u044b\u0435\/\" \/>\n<meta property=\"og:site_name\" content=\"Stafit O\u00dc\" \/>\n<meta property=\"article:modified_time\" content=\"2026-04-08T15:18:20+00:00\" \/>\n<meta property=\"og:image\" content=\"https:\/\/stafit.ee\/wp-content\/uploads\/2022\/01\/shb0700.jpg\" \/>\n\t<meta property=\"og:image:width\" content=\"1000\" \/>\n\t<meta property=\"og:image:height\" content=\"1000\" \/>\n\t<meta property=\"og:image:type\" content=\"image\/jpeg\" \/>\n<meta name=\"twitter:card\" content=\"summary_large_image\" \/>\n<script type=\"application\/ld+json\" class=\"yoast-schema-graph\">{\"@context\":\"https:\/\/schema.org\",\"@graph\":[{\"@type\":\"WebPage\",\"@id\":\"https:\/\/stafit.ee\/ru\/tovar\/%d1%85%d0%be%d0%b7%d1%8f%d0%b9%d1%81%d1%82%d0%b2%d0%b5%d0%bd%d0%bd%d1%8b%d0%b5-%d0%bf%d0%b5%d1%80%d1%87%d0%b0%d1%82%d0%ba%d0%b8-showa-%d0%bf%d0%b2%d1%85-%d0%b1%d0%b5%d0%bb%d1%8b%d0%b5\/\",\"url\":\"https:\/\/stafit.ee\/ru\/tovar\/%d1%85%d0%be%d0%b7%d1%8f%d0%b9%d1%81%d1%82%d0%b2%d0%b5%d0%bd%d0%bd%d1%8b%d0%b5-%d0%bf%d0%b5%d1%80%d1%87%d0%b0%d1%82%d0%ba%d0%b8-showa-%d0%bf%d0%b2%d1%85-%d0%b1%d0%b5%d0%bb%d1%8b%d0%b5\/\",\"name\":\"\u0425\u043e\u0437\u044f\u0439\u0441\u0442\u0432\u0435\u043d\u043d\u044b\u0435 \u043f\u0435\u0440\u0447\u0430\u0442\u043a\u0438 SHOWA \u041f\u0412\u0425 \u0431\u0435\u043b\u044b\u0435 - Stafit O\u00dc\",\"isPartOf\":{\"@id\":\"https:\/\/stafit.ee\/#website\"},\"primaryImageOfPage\":{\"@id\":\"https:\/\/stafit.ee\/ru\/tovar\/%d1%85%d0%be%d0%b7%d1%8f%d0%b9%d1%81%d1%82%d0%b2%d0%b5%d0%bd%d0%bd%d1%8b%d0%b5-%d0%bf%d0%b5%d1%80%d1%87%d0%b0%d1%82%d0%ba%d0%b8-showa-%d0%bf%d0%b2%d1%85-%d0%b1%d0%b5%d0%bb%d1%8b%d0%b5\/#primaryimage\"},\"image\":{\"@id\":\"https:\/\/stafit.ee\/ru\/tovar\/%d1%85%d0%be%d0%b7%d1%8f%d0%b9%d1%81%d1%82%d0%b2%d0%b5%d0%bd%d0%bd%d1%8b%d0%b5-%d0%bf%d0%b5%d1%80%d1%87%d0%b0%d1%82%d0%ba%d0%b8-showa-%d0%bf%d0%b2%d1%85-%d0%b1%d0%b5%d0%bb%d1%8b%d0%b5\/#primaryimage\"},\"thumbnailUrl\":\"https:\/\/stafit.ee\/wp-content\/uploads\/2022\/01\/shb0700.jpg\",\"datePublished\":\"2022-01-17T02:01:55+00:00\",\"dateModified\":\"2026-04-08T15:18:20+00:00\",\"breadcrumb\":{\"@id\":\"https:\/\/stafit.ee\/ru\/tovar\/%d1%85%d0%be%d0%b7%d1%8f%d0%b9%d1%81%d1%82%d0%b2%d0%b5%d0%bd%d0%bd%d1%8b%d0%b5-%d0%bf%d0%b5%d1%80%d1%87%d0%b0%d1%82%d0%ba%d0%b8-showa-%d0%bf%d0%b2%d1%85-%d0%b1%d0%b5%d0%bb%d1%8b%d0%b5\/#breadcrumb\"},\"inLanguage\":\"ru-RU\",\"potentialAction\":[{\"@type\":\"ReadAction\",\"target\":[\"https:\/\/stafit.ee\/ru\/tovar\/%d1%85%d0%be%d0%b7%d1%8f%d0%b9%d1%81%d1%82%d0%b2%d0%b5%d0%bd%d0%bd%d1%8b%d0%b5-%d0%bf%d0%b5%d1%80%d1%87%d0%b0%d1%82%d0%ba%d0%b8-showa-%d0%bf%d0%b2%d1%85-%d0%b1%d0%b5%d0%bb%d1%8b%d0%b5\/\"]}]},{\"@type\":\"ImageObject\",\"inLanguage\":\"ru-RU\",\"@id\":\"https:\/\/stafit.ee\/ru\/tovar\/%d1%85%d0%be%d0%b7%d1%8f%d0%b9%d1%81%d1%82%d0%b2%d0%b5%d0%bd%d0%bd%d1%8b%d0%b5-%d0%bf%d0%b5%d1%80%d1%87%d0%b0%d1%82%d0%ba%d0%b8-showa-%d0%bf%d0%b2%d1%85-%d0%b1%d0%b5%d0%bb%d1%8b%d0%b5\/#primaryimage\",\"url\":\"https:\/\/stafit.ee\/wp-content\/uploads\/2022\/01\/shb0700.jpg\",\"contentUrl\":\"https:\/\/stafit.ee\/wp-content\/uploads\/2022\/01\/shb0700.jpg\",\"width\":1000,\"height\":1000},{\"@type\":\"BreadcrumbList\",\"@id\":\"https:\/\/stafit.ee\/ru\/tovar\/%d1%85%d0%be%d0%b7%d1%8f%d0%b9%d1%81%d1%82%d0%b2%d0%b5%d0%bd%d0%bd%d1%8b%d0%b5-%d0%bf%d0%b5%d1%80%d1%87%d0%b0%d1%82%d0%ba%d0%b8-showa-%d0%bf%d0%b2%d1%85-%d0%b1%d0%b5%d0%bb%d1%8b%d0%b5\/#breadcrumb\",\"itemListElement\":[{\"@type\":\"ListItem\",\"position\":1,\"name\":\"Home\",\"item\":\"https:\/\/stafit.ee\/ru\/\"},{\"@type\":\"ListItem\",\"position\":2,\"name\":\"\u041c\u0430\u0433\u0430\u0437\u0438\u043d\",\"item\":\"https:\/\/stafit.ee\/ru\/pood\/\"},{\"@type\":\"ListItem\",\"position\":3,\"name\":\"\u0425\u043e\u0437\u044f\u0439\u0441\u0442\u0432\u0435\u043d\u043d\u044b\u0435 \u043f\u0435\u0440\u0447\u0430\u0442\u043a\u0438 SHOWA \u041f\u0412\u0425 \u0431\u0435\u043b\u044b\u0435\"}]},{\"@type\":\"WebSite\",\"@id\":\"https:\/\/stafit.ee\/#website\",\"url\":\"https:\/\/stafit.ee\/\",\"name\":\"Stafit O\u00dc\",\"description\":\"T\u00f6\u00f6riete ja ohutusvahendite jae ja hulgim\u00fc\u00fck\",\"potentialAction\":[{\"@type\":\"SearchAction\",\"target\":{\"@type\":\"EntryPoint\",\"urlTemplate\":\"https:\/\/stafit.ee\/?s={search_term_string}\"},\"query-input\":{\"@type\":\"PropertyValueSpecification\",\"valueRequired\":true,\"valueName\":\"search_term_string\"}}],\"inLanguage\":\"ru-RU\"}]}<\/script>\n<!-- \/ Yoast SEO plugin. -->","yoast_head_json":{"title":"\u0425\u043e\u0437\u044f\u0439\u0441\u0442\u0432\u0435\u043d\u043d\u044b\u0435 \u043f\u0435\u0440\u0447\u0430\u0442\u043a\u0438 SHOWA \u041f\u0412\u0425 \u0431\u0435\u043b\u044b\u0435 - Stafit O\u00dc","robots":{"index":"index","follow":"follow","max-snippet":"max-snippet:-1","max-image-preview":"max-image-preview:large","max-video-preview":"max-video-preview:-1"},"canonical":"https:\/\/stafit.ee\/ru\/tovar\/\u0445\u043e\u0437\u044f\u0439\u0441\u0442\u0432\u0435\u043d\u043d\u044b\u0435-\u043f\u0435\u0440\u0447\u0430\u0442\u043a\u0438-showa-\u043f\u0432\u0445-\u0431\u0435\u043b\u044b\u0435\/","og_locale":"ru_RU","og_type":"article","og_title":"\u0425\u043e\u0437\u044f\u0439\u0441\u0442\u0432\u0435\u043d\u043d\u044b\u0435 \u043f\u0435\u0440\u0447\u0430\u0442\u043a\u0438 SHOWA \u041f\u0412\u0425 \u0431\u0435\u043b\u044b\u0435 - Stafit O\u00dc","og_description":"\u0425\u043e\u0437\u044f\u0439\u0441\u0442\u0432\u0435\u043d\u043d\u044b\u0435 \u043f\u0435\u0440\u0447\u0430\u0442\u043a\u0438 SHOWA B0700 \u2013 \u0442\u043e\u043d\u043a\u0438\u0435 \u043f\u0435\u0440\u0447\u0430\u0442\u043a\u0438, \u0441\u043e\u0437\u0434\u0430\u044e\u0449\u0438\u0435 \u0432\u043f\u0435\u0447\u0430\u0442\u043b\u0435\u043d\u0438\u0435 \u00ab\u0432\u0442\u043e\u0440\u043e\u0439 \u043a\u043e\u0436\u0438\u00bb. \u042d\u043b\u0430\u0441\u0442\u0438\u0447\u043d\u044b\u0435 \u0441\u0435\u043d\u0441\u043e\u0440\u043d\u044b\u0435 \u043f\u0435\u0440\u0447\u0430\u0442\u043a\u0438 \u0431\u0435\u0437 \u043f\u0443\u0434\u0440\u044b \u0438\u0437 \u041f\u0412\u0425 \u0438\u043c\u0435\u044e\u0442 \u0448\u0435\u0440\u043e\u0445\u043e\u0432\u0430\u0442\u043e\u0441\u0442\u044c \u043d\u0430 \u043b\u0430\u0434\u043e\u043d\u044f\u0445 \u0438 \u043a\u043e\u043d\u0447\u0438\u043a\u0430\u0445 \u043f\u0430\u043b\u044c\u0446\u0435\u0432, \u0447\u0442\u043e\u0431\u044b \u043e\u0431\u0435\u0441\u043f\u0435\u0447\u0438\u0442\u044c \u043d\u0430\u0434\u0451\u0436\u043d\u043e\u0435 \u0441\u0446\u0435\u043f\u043b\u0435\u043d\u0438\u0435 \u0432 \u0441\u0443\u0445\u0438\u0445 \u0438 \u0432\u043b\u0430\u0436\u043d\u044b\u0445 \u0443\u0441\u043b\u043e\u0432\u0438\u044f\u0445. \u041f\u0435\u0440\u0447\u0430\u0442\u043a\u0438 \u0430\u043d\u0430\u0442\u043e\u043c\u0438\u0447\u0435\u0441\u043a\u043e\u0439 \u0444\u043e\u0440\u043c\u044b \u0443\u0441\u0442\u043e\u0439\u0447\u0438\u0432\u044b \u043a \u043a\u043e\u043d\u0442\u0430\u043a\u0442\u0443 \u0441 \u043e\u043f\u0440\u0435\u0434\u0435\u043b\u0451\u043d\u043d\u044b\u043c\u0438 \u0436\u0438\u0434\u043a\u0438\u043c\u0438 \u0445\u0438\u043c\u0438\u0447\u0435\u0441\u043a\u0438\u043c\u0438 \u0432\u0435\u0449\u0435\u0441\u0442\u0432\u0430\u043c\u0438. \u0414\u043b\u0438\u043d\u0430 \u043f\u0435\u0440\u0447\u0430\u0442\u043e\u043a 30 \u0441\u043c \u0438 \u0442\u043e\u043b\u0449\u0438\u043d\u0430 0,30 \u043c\u043c. \u041e\u0431\u043b\u0430\u0441\u0442\u044c \u043f\u0440\u0438\u043c\u0435\u043d\u0435\u043d\u0438\u044f:...","og_url":"https:\/\/stafit.ee\/ru\/tovar\/\u0445\u043e\u0437\u044f\u0439\u0441\u0442\u0432\u0435\u043d\u043d\u044b\u0435-\u043f\u0435\u0440\u0447\u0430\u0442\u043a\u0438-showa-\u043f\u0432\u0445-\u0431\u0435\u043b\u044b\u0435\/","og_site_name":"Stafit O\u00dc","article_modified_time":"2026-04-08T15:18:20+00:00","og_image":[{"width":1000,"height":1000,"url":"https:\/\/stafit.ee\/wp-content\/uploads\/2022\/01\/shb0700.jpg","type":"image\/jpeg"}],"twitter_card":"summary_large_image","schema":{"@context":"https:\/\/schema.org","@graph":[{"@type":"WebPage","@id":"https:\/\/stafit.ee\/ru\/tovar\/%d1%85%d0%be%d0%b7%d1%8f%d0%b9%d1%81%d1%82%d0%b2%d0%b5%d0%bd%d0%bd%d1%8b%d0%b5-%d0%bf%d0%b5%d1%80%d1%87%d0%b0%d1%82%d0%ba%d0%b8-showa-%d0%bf%d0%b2%d1%85-%d0%b1%d0%b5%d0%bb%d1%8b%d0%b5\/","url":"https:\/\/stafit.ee\/ru\/tovar\/%d1%85%d0%be%d0%b7%d1%8f%d0%b9%d1%81%d1%82%d0%b2%d0%b5%d0%bd%d0%bd%d1%8b%d0%b5-%d0%bf%d0%b5%d1%80%d1%87%d0%b0%d1%82%d0%ba%d0%b8-showa-%d0%bf%d0%b2%d1%85-%d0%b1%d0%b5%d0%bb%d1%8b%d0%b5\/","name":"\u0425\u043e\u0437\u044f\u0439\u0441\u0442\u0432\u0435\u043d\u043d\u044b\u0435 \u043f\u0435\u0440\u0447\u0430\u0442\u043a\u0438 SHOWA \u041f\u0412\u0425 \u0431\u0435\u043b\u044b\u0435 - Stafit O\u00dc","isPartOf":{"@id":"https:\/\/stafit.ee\/#website"},"primaryImageOfPage":{"@id":"https:\/\/stafit.ee\/ru\/tovar\/%d1%85%d0%be%d0%b7%d1%8f%d0%b9%d1%81%d1%82%d0%b2%d0%b5%d0%bd%d0%bd%d1%8b%d0%b5-%d0%bf%d0%b5%d1%80%d1%87%d0%b0%d1%82%d0%ba%d0%b8-showa-%d0%bf%d0%b2%d1%85-%d0%b1%d0%b5%d0%bb%d1%8b%d0%b5\/#primaryimage"},"image":{"@id":"https:\/\/stafit.ee\/ru\/tovar\/%d1%85%d0%be%d0%b7%d1%8f%d0%b9%d1%81%d1%82%d0%b2%d0%b5%d0%bd%d0%bd%d1%8b%d0%b5-%d0%bf%d0%b5%d1%80%d1%87%d0%b0%d1%82%d0%ba%d0%b8-showa-%d0%bf%d0%b2%d1%85-%d0%b1%d0%b5%d0%bb%d1%8b%d0%b5\/#primaryimage"},"thumbnailUrl":"https:\/\/stafit.ee\/wp-content\/uploads\/2022\/01\/shb0700.jpg","datePublished":"2022-01-17T02:01:55+00:00","dateModified":"2026-04-08T15:18:20+00:00","breadcrumb":{"@id":"https:\/\/stafit.ee\/ru\/tovar\/%d1%85%d0%be%d0%b7%d1%8f%d0%b9%d1%81%d1%82%d0%b2%d0%b5%d0%bd%d0%bd%d1%8b%d0%b5-%d0%bf%d0%b5%d1%80%d1%87%d0%b0%d1%82%d0%ba%d0%b8-showa-%d0%bf%d0%b2%d1%85-%d0%b1%d0%b5%d0%bb%d1%8b%d0%b5\/#breadcrumb"},"inLanguage":"ru-RU","potentialAction":[{"@type":"ReadAction","target":["https:\/\/stafit.ee\/ru\/tovar\/%d1%85%d0%be%d0%b7%d1%8f%d0%b9%d1%81%d1%82%d0%b2%d0%b5%d0%bd%d0%bd%d1%8b%d0%b5-%d0%bf%d0%b5%d1%80%d1%87%d0%b0%d1%82%d0%ba%d0%b8-showa-%d0%bf%d0%b2%d1%85-%d0%b1%d0%b5%d0%bb%d1%8b%d0%b5\/"]}]},{"@type":"ImageObject","inLanguage":"ru-RU","@id":"https:\/\/stafit.ee\/ru\/tovar\/%d1%85%d0%be%d0%b7%d1%8f%d0%b9%d1%81%d1%82%d0%b2%d0%b5%d0%bd%d0%bd%d1%8b%d0%b5-%d0%bf%d0%b5%d1%80%d1%87%d0%b0%d1%82%d0%ba%d0%b8-showa-%d0%bf%d0%b2%d1%85-%d0%b1%d0%b5%d0%bb%d1%8b%d0%b5\/#primaryimage","url":"https:\/\/stafit.ee\/wp-content\/uploads\/2022\/01\/shb0700.jpg","contentUrl":"https:\/\/stafit.ee\/wp-content\/uploads\/2022\/01\/shb0700.jpg","width":1000,"height":1000},{"@type":"BreadcrumbList","@id":"https:\/\/stafit.ee\/ru\/tovar\/%d1%85%d0%be%d0%b7%d1%8f%d0%b9%d1%81%d1%82%d0%b2%d0%b5%d0%bd%d0%bd%d1%8b%d0%b5-%d0%bf%d0%b5%d1%80%d1%87%d0%b0%d1%82%d0%ba%d0%b8-showa-%d0%bf%d0%b2%d1%85-%d0%b1%d0%b5%d0%bb%d1%8b%d0%b5\/#breadcrumb","itemListElement":[{"@type":"ListItem","position":1,"name":"Home","item":"https:\/\/stafit.ee\/ru\/"},{"@type":"ListItem","position":2,"name":"\u041c\u0430\u0433\u0430\u0437\u0438\u043d","item":"https:\/\/stafit.ee\/ru\/pood\/"},{"@type":"ListItem","position":3,"name":"\u0425\u043e\u0437\u044f\u0439\u0441\u0442\u0432\u0435\u043d\u043d\u044b\u0435 \u043f\u0435\u0440\u0447\u0430\u0442\u043a\u0438 SHOWA \u041f\u0412\u0425 \u0431\u0435\u043b\u044b\u0435"}]},{"@type":"WebSite","@id":"https:\/\/stafit.ee\/#website","url":"https:\/\/stafit.ee\/","name":"Stafit O\u00dc","description":"T\u00f6\u00f6riete ja ohutusvahendite jae ja hulgim\u00fc\u00fck","potentialAction":[{"@type":"SearchAction","target":{"@type":"EntryPoint","urlTemplate":"https:\/\/stafit.ee\/?s={search_term_string}"},"query-input":{"@type":"PropertyValueSpecification","valueRequired":true,"valueName":"search_term_string"}}],"inLanguage":"ru-RU"}]}},"brands":[],"_links":{"self":[{"href":"https:\/\/stafit.ee\/ru\/wp-json\/wp\/v2\/product\/39952","targetHints":{"allow":["GET"]}}],"collection":[{"href":"https:\/\/stafit.ee\/ru\/wp-json\/wp\/v2\/product"}],"about":[{"href":"https:\/\/stafit.ee\/ru\/wp-json\/wp\/v2\/types\/product"}],"wp:featuredmedia":[{"embeddable":true,"href":"https:\/\/stafit.ee\/ru\/wp-json\/wp\/v2\/media\/39946"}],"wp:attachment":[{"href":"https:\/\/stafit.ee\/ru\/wp-json\/wp\/v2\/media?parent=39952"}],"wp:term":[{"taxonomy":"pwb-brand","embeddable":true,"href":"https:\/\/stafit.ee\/ru\/wp-json\/wp\/v2\/pwb-brand?post=39952"},{"taxonomy":"product_brand","embeddable":true,"href":"https:\/\/stafit.ee\/ru\/wp-json\/wp\/v2\/product_brand?post=39952"},{"taxonomy":"product_cat","embeddable":true,"href":"https:\/\/stafit.ee\/ru\/wp-json\/wp\/v2\/product_cat?post=39952"},{"taxonomy":"product_tag","embeddable":true,"href":"https:\/\/stafit.ee\/ru\/wp-json\/wp\/v2\/product_tag?post=39952"}],"curies":[{"name":"wp","href":"https:\/\/api.w.org\/{rel}","templated":true}]}}