{"id":39448,"date":"2022-01-06T04:03:11","date_gmt":"2022-01-06T02:03:11","guid":{"rendered":"https:\/\/stafit.ee\/toode\/%d0%bb%d0%b0%d1%82%d0%b5%d0%ba%d1%81%d0%bd%d1%8b%d0%b5-%d0%bf%d0%b5%d1%80%d1%87%d0%b0%d1%82%d0%ba%d0%b8-%d1%81-%d1%8d%d0%bb%d0%b0%d1%81%d1%82%d0%b8%d1%87%d0%bd%d0%be%d0%b9-7032\/"},"modified":"2026-04-08T18:22:34","modified_gmt":"2026-04-08T15:22:34","slug":"%d0%bb%d0%b0%d1%82%d0%b5%d0%ba%d1%81%d0%bd%d1%8b%d0%b5-%d0%bf%d0%b5%d1%80%d1%87%d0%b0%d1%82%d0%ba%d0%b8-%d1%81-%d1%8d%d0%bb%d0%b0%d1%81%d1%82%d0%b8%d1%87%d0%bd%d0%be%d0%b9-7032","status":"publish","type":"product","link":"https:\/\/stafit.ee\/ru\/tovar\/%d0%bb%d0%b0%d1%82%d0%b5%d0%ba%d1%81%d0%bd%d1%8b%d0%b5-%d0%bf%d0%b5%d1%80%d1%87%d0%b0%d1%82%d0%ba%d0%b8-%d1%81-%d1%8d%d0%bb%d0%b0%d1%81%d1%82%d0%b8%d1%87%d0%bd%d0%be%d0%b9-7032\/","title":{"rendered":"\u041b\u0430\u0442\u0435\u043a\u0441\u043d\u044b\u0435 \u043f\u0435\u0440\u0447\u0430\u0442\u043a\u0438 \u0441 \u044d\u043b\u0430\u0441\u0442\u0438\u0447\u043d\u043e\u0439 \u043c\u0430\u043d\u0436\u0435\u0442\u043e\u0439"},"content":{"rendered":"<div>&#8212; \u0411\u0435\u0441\u0448\u043e\u0432\u043d\u044b\u0435 \u0442\u0440\u0438\u043a\u043e\u0442\u0430\u0436\u043d\u044b\u0435 \u043f\u0435\u0440\u0447\u0430\u0442\u043a\u0438 \u0438\u0437 \u0445\u043b\u043e\u043f\u043a\u0430 \u0438 \u043f\u043e\u043b\u0438\u044d\u0441\u0442\u0435\u0440\u0430 \u0441 \u0448\u0435\u0440\u043e\u0445\u043e\u0432\u0430\u0442\u044b\u043c \u043b\u0430\u0442\u0435\u043a\u0441\u043d\u044b\u043c \u043f\u043e\u043a\u0440\u044b\u0442\u0438\u0435\u043c \u043d\u0430 \u043b\u0430\u0434\u043e\u043d\u0438 \u0438 \u043f\u0430\u043b\u044c\u0446\u0430\u0445;<\/div>\n<div>&#8212; \u043f\u0435\u0440\u0447\u0430\u0442\u043a\u0430 \u043e\u0431\u0435\u0441\u043f\u0435\u0447\u0438\u0432\u0430\u0435\u0442 \u043e\u0442\u043b\u0438\u0447\u043d\u044b\u0439 \u0437\u0430\u0445\u0432\u0430\u0442 \u0432\u043e \u0432\u043b\u0430\u0436\u043d\u044b\u0445 \u0443\u0441\u043b\u043e\u0432\u0438\u044f\u0445;<\/div>\n<div>&#8212; \u0434\u044b\u0448\u0430\u0449\u0430\u044f \u0442\u044b\u043b\u044c\u043d\u0430\u044f \u0441\u0442\u043e\u0440\u043e\u043d\u0430 \u043f\u0435\u0440\u0447\u0430\u0442\u043a\u0438;<\/div>\n<div>&#8212; \u044d\u043b\u0430\u0441\u0442\u0438\u0447\u043d\u0430\u044f \u0442\u0440\u0438\u043a\u043e\u0442\u0430\u0436\u043d\u0430\u044f \u043c\u0430\u043d\u0436\u0435\u0442\u0430.<\/div>\n<div><\/div>\n<div>\u0420\u0430\u0431\u043e\u0447\u0438\u0435 \u043f\u0435\u0440\u0447\u0430\u0442\u043a\u0438 \u043f\u043e\u0434\u0445\u043e\u0434\u044f\u0442 \u0434\u043b\u044f \u0438\u0441\u043f\u043e\u043b\u044c\u0437\u043e\u0432\u0430\u043d\u0438\u044f \u0432 \u0442\u0430\u043a\u0438\u0445 \u0441\u0435\u043a\u0442\u043e\u0440\u0430\u0445 \u043a\u0430\u043a:<\/div>\n<div>\u2022 \u043f\u0440\u043e\u043c\u044b\u0448\u043b\u0435\u043d\u043d\u043e\u0441\u0442\u044c<\/div>\n<div>\u2022 \u0441\u0442\u0440\u043e\u0438\u0442\u0435\u043b\u044c\u0441\u0442\u0432\u043e<\/div>\n<div>\u2022 \u0441\u0430\u0434\u043e\u0432\u043e\u0434\u0441\u0442\u0432\u043e<\/div>\n<div>\u2022 \u043e\u0431\u0449\u0438\u0435 \u0440\u0430\u0431\u043e\u0442\u044b<\/div>\n<div>\u2022 \u043e\u0431\u0441\u043b\u0443\u0436\u0438\u0432\u0430\u043d\u0438\u0435<\/div>\n<div><\/div>\n<div>\u0421\u0435\u0440\u0442\u0438\u0444\u0438\u043a\u0430\u0442\u044b<\/div>\n<div>\u041a\u0410\u0422 II<\/div>\n<div>\u0441\u043e\u043e\u0442\u0432\u0435\u0442\u0441\u0442\u0432\u0443\u044e\u0442 \u0420\u0435\u0433\u043b\u0430\u043c\u0435\u043d\u0442\u0443 (\u0415\u0421) 2016\/425<\/div>\n<div>EN 420:2003+A1:2009: 5<\/div>\n<div>EN388:2016<\/div>\n<div>2: \u0441\u0442\u043e\u0439\u043a\u043e\u0441\u0442\u044c \u043a \u0438\u0441\u0442\u0438\u0440\u0430\u043d\u0438\u044e (\u043e\u0442 0 \u0434\u043e 4)<\/div>\n<div>2: \u0441\u0442\u043e\u0439\u043a\u043e\u0441\u0442\u044c \u043a \u043f\u043e\u0440\u0435\u0437\u0430\u043c Couptest (\u043e\u0442 0 \u0434\u043e 5)<\/div>\n<div>4: \u0441\u043e\u043f\u0440\u043e\u0442\u0438\u0432\u043b\u0435\u043d\u0438\u0435 \u0440\u0430\u0437\u0440\u044b\u0432\u0443 (\u043e\u0442 0 \u0434\u043e 4)<\/div>\n<div>3: \u0441\u0442\u043e\u0439\u043a\u043e\u0441\u0442\u044c \u043a \u043f\u0440\u043e\u043a\u043e\u043b\u0443 (\u043e\u0442 0 \u0434\u043e 4)<\/div>\n<div>X: \u0441\u0442\u043e\u0439\u043a\u043e\u0441\u0442\u044c \u043a \u043f\u043e\u0440\u0435\u0437\u0430\u043c ISO 13997 (\u043e\u0442 A \u0434\u043e F)<\/div>\n<div><\/div>\n<div>\u0426\u0435\u043d\u0430 \u0437\u0430 1 \u043f\u0430\u0440\u0443,<br \/>\n<span style=\"color: #ff0000;\">12 \u043f\u0430\u0440 \u0432 \u0443\u043f\u0430\u043a\u043e\u0432\u043a\u0435.<\/span><\/div>\n","protected":false},"excerpt":{"rendered":"<p>&#8212; \u0411\u0435\u0441\u0448\u043e\u0432\u043d\u044b\u0435 \u0442\u0440\u0438\u043a\u043e\u0442\u0430\u0436\u043d\u044b\u0435 \u043f\u0435\u0440\u0447\u0430\u0442\u043a\u0438 \u0438\u0437 \u0445\u043b\u043e\u043f\u043a\u0430 \u0438 \u043f\u043e\u043b\u0438\u044d\u0441\u0442\u0435\u0440\u0430 \u0441 \u0448\u0435\u0440\u043e\u0445\u043e\u0432\u0430\u0442\u044b\u043c \u043b\u0430\u0442\u0435\u043a\u0441\u043d\u044b\u043c \u043f\u043e\u043a\u0440\u044b\u0442\u0438\u0435\u043c \u043d\u0430 \u043b\u0430\u0434\u043e\u043d\u0438 \u0438 \u043f\u0430\u043b\u044c\u0446\u0430\u0445; &#8212; \u043f\u0435\u0440\u0447\u0430\u0442\u043a\u0430 \u043e\u0431\u0435\u0441\u043f\u0435\u0447\u0438\u0432\u0430\u0435\u0442 \u043e\u0442\u043b\u0438\u0447\u043d\u044b\u0439 \u0437\u0430\u0445\u0432\u0430\u0442 \u0432\u043e \u0432\u043b\u0430\u0436\u043d\u044b\u0445 \u0443\u0441\u043b\u043e\u0432\u0438\u044f\u0445; &#8212; \u0434\u044b\u0448\u0430\u0449\u0430\u044f \u0442\u044b\u043b\u044c\u043d\u0430\u044f \u0441\u0442\u043e\u0440\u043e\u043d\u0430 \u043f\u0435\u0440\u0447\u0430\u0442\u043a\u0438; &#8212; \u044d\u043b\u0430\u0441\u0442\u0438\u0447\u043d\u0430\u044f \u0442\u0440\u0438\u043a\u043e\u0442\u0430\u0436\u043d\u0430\u044f \u043c\u0430\u043d\u0436\u0435\u0442\u0430. \u0420\u0430\u0431\u043e\u0447\u0438\u0435 \u043f\u0435\u0440\u0447\u0430\u0442\u043a\u0438 \u043f\u043e\u0434\u0445\u043e\u0434\u044f\u0442 \u0434\u043b\u044f \u0438\u0441\u043f\u043e\u043b\u044c\u0437\u043e\u0432\u0430\u043d\u0438\u044f \u0432 \u0442\u0430\u043a\u0438\u0445 \u0441\u0435\u043a\u0442\u043e\u0440\u0430\u0445 \u043a\u0430\u043a: \u2022 \u043f\u0440\u043e\u043c\u044b\u0448\u043b\u0435\u043d\u043d\u043e\u0441\u0442\u044c \u2022 \u0441\u0442\u0440\u043e\u0438\u0442\u0435\u043b\u044c\u0441\u0442\u0432\u043e \u2022 \u0441\u0430\u0434\u043e\u0432\u043e\u0434\u0441\u0442\u0432\u043e \u2022 \u043e\u0431\u0449\u0438\u0435 \u0440\u0430\u0431\u043e\u0442\u044b \u2022 \u043e\u0431\u0441\u043b\u0443\u0436\u0438\u0432\u0430\u043d\u0438\u0435 \u0421\u0435\u0440\u0442\u0438\u0444\u0438\u043a\u0430\u0442\u044b \u041a\u0410\u0422&#8230;<\/p>\n","protected":false},"featured_media":39443,"template":"","meta":[],"pwb-brand":[],"product_brand":[],"product_cat":[1046],"product_tag":[],"class_list":{"0":"post-39448","1":"product","2":"type-product","3":"status-publish","4":"has-post-thumbnail","6":"product_cat-1046","8":"first","9":"instock","10":"taxable","11":"shipping-taxable","12":"purchasable","13":"product-type-variable"},"yoast_head":"<!-- This site is optimized with the Yoast SEO plugin v27.0 - https:\/\/yoast.com\/product\/yoast-seo-wordpress\/ -->\n<title>\u041b\u0430\u0442\u0435\u043a\u0441\u043d\u044b\u0435 \u043f\u0435\u0440\u0447\u0430\u0442\u043a\u0438 \u0441 \u044d\u043b\u0430\u0441\u0442\u0438\u0447\u043d\u043e\u0439 \u043c\u0430\u043d\u0436\u0435\u0442\u043e\u0439 - Stafit O\u00dc<\/title>\n<meta name=\"robots\" content=\"index, follow, max-snippet:-1, max-image-preview:large, max-video-preview:-1\" \/>\n<link rel=\"canonical\" href=\"https:\/\/stafit.ee\/ru\/tovar\/\u043b\u0430\u0442\u0435\u043a\u0441\u043d\u044b\u0435-\u043f\u0435\u0440\u0447\u0430\u0442\u043a\u0438-\u0441-\u044d\u043b\u0430\u0441\u0442\u0438\u0447\u043d\u043e\u0439-7032\/\" \/>\n<meta property=\"og:locale\" content=\"ru_RU\" \/>\n<meta property=\"og:type\" content=\"article\" \/>\n<meta property=\"og:title\" content=\"\u041b\u0430\u0442\u0435\u043a\u0441\u043d\u044b\u0435 \u043f\u0435\u0440\u0447\u0430\u0442\u043a\u0438 \u0441 \u044d\u043b\u0430\u0441\u0442\u0438\u0447\u043d\u043e\u0439 \u043c\u0430\u043d\u0436\u0435\u0442\u043e\u0439 - Stafit O\u00dc\" \/>\n<meta property=\"og:description\" content=\"&#8212; \u0411\u0435\u0441\u0448\u043e\u0432\u043d\u044b\u0435 \u0442\u0440\u0438\u043a\u043e\u0442\u0430\u0436\u043d\u044b\u0435 \u043f\u0435\u0440\u0447\u0430\u0442\u043a\u0438 \u0438\u0437 \u0445\u043b\u043e\u043f\u043a\u0430 \u0438 \u043f\u043e\u043b\u0438\u044d\u0441\u0442\u0435\u0440\u0430 \u0441 \u0448\u0435\u0440\u043e\u0445\u043e\u0432\u0430\u0442\u044b\u043c \u043b\u0430\u0442\u0435\u043a\u0441\u043d\u044b\u043c \u043f\u043e\u043a\u0440\u044b\u0442\u0438\u0435\u043c \u043d\u0430 \u043b\u0430\u0434\u043e\u043d\u0438 \u0438 \u043f\u0430\u043b\u044c\u0446\u0430\u0445; &#8212; \u043f\u0435\u0440\u0447\u0430\u0442\u043a\u0430 \u043e\u0431\u0435\u0441\u043f\u0435\u0447\u0438\u0432\u0430\u0435\u0442 \u043e\u0442\u043b\u0438\u0447\u043d\u044b\u0439 \u0437\u0430\u0445\u0432\u0430\u0442 \u0432\u043e \u0432\u043b\u0430\u0436\u043d\u044b\u0445 \u0443\u0441\u043b\u043e\u0432\u0438\u044f\u0445; &#8212; \u0434\u044b\u0448\u0430\u0449\u0430\u044f \u0442\u044b\u043b\u044c\u043d\u0430\u044f \u0441\u0442\u043e\u0440\u043e\u043d\u0430 \u043f\u0435\u0440\u0447\u0430\u0442\u043a\u0438; &#8212; \u044d\u043b\u0430\u0441\u0442\u0438\u0447\u043d\u0430\u044f \u0442\u0440\u0438\u043a\u043e\u0442\u0430\u0436\u043d\u0430\u044f \u043c\u0430\u043d\u0436\u0435\u0442\u0430. \u0420\u0430\u0431\u043e\u0447\u0438\u0435 \u043f\u0435\u0440\u0447\u0430\u0442\u043a\u0438 \u043f\u043e\u0434\u0445\u043e\u0434\u044f\u0442 \u0434\u043b\u044f \u0438\u0441\u043f\u043e\u043b\u044c\u0437\u043e\u0432\u0430\u043d\u0438\u044f \u0432 \u0442\u0430\u043a\u0438\u0445 \u0441\u0435\u043a\u0442\u043e\u0440\u0430\u0445 \u043a\u0430\u043a: \u2022 \u043f\u0440\u043e\u043c\u044b\u0448\u043b\u0435\u043d\u043d\u043e\u0441\u0442\u044c \u2022 \u0441\u0442\u0440\u043e\u0438\u0442\u0435\u043b\u044c\u0441\u0442\u0432\u043e \u2022 \u0441\u0430\u0434\u043e\u0432\u043e\u0434\u0441\u0442\u0432\u043e \u2022 \u043e\u0431\u0449\u0438\u0435 \u0440\u0430\u0431\u043e\u0442\u044b \u2022 \u043e\u0431\u0441\u043b\u0443\u0436\u0438\u0432\u0430\u043d\u0438\u0435 \u0421\u0435\u0440\u0442\u0438\u0444\u0438\u043a\u0430\u0442\u044b \u041a\u0410\u0422...\" \/>\n<meta property=\"og:url\" content=\"https:\/\/stafit.ee\/ru\/tovar\/\u043b\u0430\u0442\u0435\u043a\u0441\u043d\u044b\u0435-\u043f\u0435\u0440\u0447\u0430\u0442\u043a\u0438-\u0441-\u044d\u043b\u0430\u0441\u0442\u0438\u0447\u043d\u043e\u0439-7032\/\" \/>\n<meta property=\"og:site_name\" content=\"Stafit O\u00dc\" \/>\n<meta property=\"article:modified_time\" content=\"2026-04-08T15:22:34+00:00\" \/>\n<meta property=\"og:image\" content=\"https:\/\/stafit.ee\/wp-content\/uploads\/2022\/01\/7032.jpg\" \/>\n\t<meta property=\"og:image:width\" content=\"2000\" \/>\n\t<meta property=\"og:image:height\" content=\"2000\" \/>\n\t<meta property=\"og:image:type\" content=\"image\/jpeg\" \/>\n<meta name=\"twitter:card\" content=\"summary_large_image\" \/>\n<script type=\"application\/ld+json\" class=\"yoast-schema-graph\">{\"@context\":\"https:\/\/schema.org\",\"@graph\":[{\"@type\":\"WebPage\",\"@id\":\"https:\/\/stafit.ee\/ru\/tovar\/%d0%bb%d0%b0%d1%82%d0%b5%d0%ba%d1%81%d0%bd%d1%8b%d0%b5-%d0%bf%d0%b5%d1%80%d1%87%d0%b0%d1%82%d0%ba%d0%b8-%d1%81-%d1%8d%d0%bb%d0%b0%d1%81%d1%82%d0%b8%d1%87%d0%bd%d0%be%d0%b9-7032\/\",\"url\":\"https:\/\/stafit.ee\/ru\/tovar\/%d0%bb%d0%b0%d1%82%d0%b5%d0%ba%d1%81%d0%bd%d1%8b%d0%b5-%d0%bf%d0%b5%d1%80%d1%87%d0%b0%d1%82%d0%ba%d0%b8-%d1%81-%d1%8d%d0%bb%d0%b0%d1%81%d1%82%d0%b8%d1%87%d0%bd%d0%be%d0%b9-7032\/\",\"name\":\"\u041b\u0430\u0442\u0435\u043a\u0441\u043d\u044b\u0435 \u043f\u0435\u0440\u0447\u0430\u0442\u043a\u0438 \u0441 \u044d\u043b\u0430\u0441\u0442\u0438\u0447\u043d\u043e\u0439 \u043c\u0430\u043d\u0436\u0435\u0442\u043e\u0439 - Stafit O\u00dc\",\"isPartOf\":{\"@id\":\"https:\/\/stafit.ee\/#website\"},\"primaryImageOfPage\":{\"@id\":\"https:\/\/stafit.ee\/ru\/tovar\/%d0%bb%d0%b0%d1%82%d0%b5%d0%ba%d1%81%d0%bd%d1%8b%d0%b5-%d0%bf%d0%b5%d1%80%d1%87%d0%b0%d1%82%d0%ba%d0%b8-%d1%81-%d1%8d%d0%bb%d0%b0%d1%81%d1%82%d0%b8%d1%87%d0%bd%d0%be%d0%b9-7032\/#primaryimage\"},\"image\":{\"@id\":\"https:\/\/stafit.ee\/ru\/tovar\/%d0%bb%d0%b0%d1%82%d0%b5%d0%ba%d1%81%d0%bd%d1%8b%d0%b5-%d0%bf%d0%b5%d1%80%d1%87%d0%b0%d1%82%d0%ba%d0%b8-%d1%81-%d1%8d%d0%bb%d0%b0%d1%81%d1%82%d0%b8%d1%87%d0%bd%d0%be%d0%b9-7032\/#primaryimage\"},\"thumbnailUrl\":\"https:\/\/stafit.ee\/wp-content\/uploads\/2022\/01\/7032.jpg\",\"datePublished\":\"2022-01-06T02:03:11+00:00\",\"dateModified\":\"2026-04-08T15:22:34+00:00\",\"breadcrumb\":{\"@id\":\"https:\/\/stafit.ee\/ru\/tovar\/%d0%bb%d0%b0%d1%82%d0%b5%d0%ba%d1%81%d0%bd%d1%8b%d0%b5-%d0%bf%d0%b5%d1%80%d1%87%d0%b0%d1%82%d0%ba%d0%b8-%d1%81-%d1%8d%d0%bb%d0%b0%d1%81%d1%82%d0%b8%d1%87%d0%bd%d0%be%d0%b9-7032\/#breadcrumb\"},\"inLanguage\":\"ru-RU\",\"potentialAction\":[{\"@type\":\"ReadAction\",\"target\":[\"https:\/\/stafit.ee\/ru\/tovar\/%d0%bb%d0%b0%d1%82%d0%b5%d0%ba%d1%81%d0%bd%d1%8b%d0%b5-%d0%bf%d0%b5%d1%80%d1%87%d0%b0%d1%82%d0%ba%d0%b8-%d1%81-%d1%8d%d0%bb%d0%b0%d1%81%d1%82%d0%b8%d1%87%d0%bd%d0%be%d0%b9-7032\/\"]}]},{\"@type\":\"ImageObject\",\"inLanguage\":\"ru-RU\",\"@id\":\"https:\/\/stafit.ee\/ru\/tovar\/%d0%bb%d0%b0%d1%82%d0%b5%d0%ba%d1%81%d0%bd%d1%8b%d0%b5-%d0%bf%d0%b5%d1%80%d1%87%d0%b0%d1%82%d0%ba%d0%b8-%d1%81-%d1%8d%d0%bb%d0%b0%d1%81%d1%82%d0%b8%d1%87%d0%bd%d0%be%d0%b9-7032\/#primaryimage\",\"url\":\"https:\/\/stafit.ee\/wp-content\/uploads\/2022\/01\/7032.jpg\",\"contentUrl\":\"https:\/\/stafit.ee\/wp-content\/uploads\/2022\/01\/7032.jpg\",\"width\":2000,\"height\":2000},{\"@type\":\"BreadcrumbList\",\"@id\":\"https:\/\/stafit.ee\/ru\/tovar\/%d0%bb%d0%b0%d1%82%d0%b5%d0%ba%d1%81%d0%bd%d1%8b%d0%b5-%d0%bf%d0%b5%d1%80%d1%87%d0%b0%d1%82%d0%ba%d0%b8-%d1%81-%d1%8d%d0%bb%d0%b0%d1%81%d1%82%d0%b8%d1%87%d0%bd%d0%be%d0%b9-7032\/#breadcrumb\",\"itemListElement\":[{\"@type\":\"ListItem\",\"position\":1,\"name\":\"Home\",\"item\":\"https:\/\/stafit.ee\/ru\/\"},{\"@type\":\"ListItem\",\"position\":2,\"name\":\"\u041c\u0430\u0433\u0430\u0437\u0438\u043d\",\"item\":\"https:\/\/stafit.ee\/ru\/pood\/\"},{\"@type\":\"ListItem\",\"position\":3,\"name\":\"\u041b\u0430\u0442\u0435\u043a\u0441\u043d\u044b\u0435 \u043f\u0435\u0440\u0447\u0430\u0442\u043a\u0438 \u0441 \u044d\u043b\u0430\u0441\u0442\u0438\u0447\u043d\u043e\u0439 \u043c\u0430\u043d\u0436\u0435\u0442\u043e\u0439\"}]},{\"@type\":\"WebSite\",\"@id\":\"https:\/\/stafit.ee\/#website\",\"url\":\"https:\/\/stafit.ee\/\",\"name\":\"Stafit O\u00dc\",\"description\":\"T\u00f6\u00f6riete ja ohutusvahendite jae ja hulgim\u00fc\u00fck\",\"potentialAction\":[{\"@type\":\"SearchAction\",\"target\":{\"@type\":\"EntryPoint\",\"urlTemplate\":\"https:\/\/stafit.ee\/?s={search_term_string}\"},\"query-input\":{\"@type\":\"PropertyValueSpecification\",\"valueRequired\":true,\"valueName\":\"search_term_string\"}}],\"inLanguage\":\"ru-RU\"}]}<\/script>\n<!-- \/ Yoast SEO plugin. -->","yoast_head_json":{"title":"\u041b\u0430\u0442\u0435\u043a\u0441\u043d\u044b\u0435 \u043f\u0435\u0440\u0447\u0430\u0442\u043a\u0438 \u0441 \u044d\u043b\u0430\u0441\u0442\u0438\u0447\u043d\u043e\u0439 \u043c\u0430\u043d\u0436\u0435\u0442\u043e\u0439 - Stafit O\u00dc","robots":{"index":"index","follow":"follow","max-snippet":"max-snippet:-1","max-image-preview":"max-image-preview:large","max-video-preview":"max-video-preview:-1"},"canonical":"https:\/\/stafit.ee\/ru\/tovar\/\u043b\u0430\u0442\u0435\u043a\u0441\u043d\u044b\u0435-\u043f\u0435\u0440\u0447\u0430\u0442\u043a\u0438-\u0441-\u044d\u043b\u0430\u0441\u0442\u0438\u0447\u043d\u043e\u0439-7032\/","og_locale":"ru_RU","og_type":"article","og_title":"\u041b\u0430\u0442\u0435\u043a\u0441\u043d\u044b\u0435 \u043f\u0435\u0440\u0447\u0430\u0442\u043a\u0438 \u0441 \u044d\u043b\u0430\u0441\u0442\u0438\u0447\u043d\u043e\u0439 \u043c\u0430\u043d\u0436\u0435\u0442\u043e\u0439 - Stafit O\u00dc","og_description":"&#8212; \u0411\u0435\u0441\u0448\u043e\u0432\u043d\u044b\u0435 \u0442\u0440\u0438\u043a\u043e\u0442\u0430\u0436\u043d\u044b\u0435 \u043f\u0435\u0440\u0447\u0430\u0442\u043a\u0438 \u0438\u0437 \u0445\u043b\u043e\u043f\u043a\u0430 \u0438 \u043f\u043e\u043b\u0438\u044d\u0441\u0442\u0435\u0440\u0430 \u0441 \u0448\u0435\u0440\u043e\u0445\u043e\u0432\u0430\u0442\u044b\u043c \u043b\u0430\u0442\u0435\u043a\u0441\u043d\u044b\u043c \u043f\u043e\u043a\u0440\u044b\u0442\u0438\u0435\u043c \u043d\u0430 \u043b\u0430\u0434\u043e\u043d\u0438 \u0438 \u043f\u0430\u043b\u044c\u0446\u0430\u0445; &#8212; \u043f\u0435\u0440\u0447\u0430\u0442\u043a\u0430 \u043e\u0431\u0435\u0441\u043f\u0435\u0447\u0438\u0432\u0430\u0435\u0442 \u043e\u0442\u043b\u0438\u0447\u043d\u044b\u0439 \u0437\u0430\u0445\u0432\u0430\u0442 \u0432\u043e \u0432\u043b\u0430\u0436\u043d\u044b\u0445 \u0443\u0441\u043b\u043e\u0432\u0438\u044f\u0445; &#8212; \u0434\u044b\u0448\u0430\u0449\u0430\u044f \u0442\u044b\u043b\u044c\u043d\u0430\u044f \u0441\u0442\u043e\u0440\u043e\u043d\u0430 \u043f\u0435\u0440\u0447\u0430\u0442\u043a\u0438; &#8212; \u044d\u043b\u0430\u0441\u0442\u0438\u0447\u043d\u0430\u044f \u0442\u0440\u0438\u043a\u043e\u0442\u0430\u0436\u043d\u0430\u044f \u043c\u0430\u043d\u0436\u0435\u0442\u0430. \u0420\u0430\u0431\u043e\u0447\u0438\u0435 \u043f\u0435\u0440\u0447\u0430\u0442\u043a\u0438 \u043f\u043e\u0434\u0445\u043e\u0434\u044f\u0442 \u0434\u043b\u044f \u0438\u0441\u043f\u043e\u043b\u044c\u0437\u043e\u0432\u0430\u043d\u0438\u044f \u0432 \u0442\u0430\u043a\u0438\u0445 \u0441\u0435\u043a\u0442\u043e\u0440\u0430\u0445 \u043a\u0430\u043a: \u2022 \u043f\u0440\u043e\u043c\u044b\u0448\u043b\u0435\u043d\u043d\u043e\u0441\u0442\u044c \u2022 \u0441\u0442\u0440\u043e\u0438\u0442\u0435\u043b\u044c\u0441\u0442\u0432\u043e \u2022 \u0441\u0430\u0434\u043e\u0432\u043e\u0434\u0441\u0442\u0432\u043e \u2022 \u043e\u0431\u0449\u0438\u0435 \u0440\u0430\u0431\u043e\u0442\u044b \u2022 \u043e\u0431\u0441\u043b\u0443\u0436\u0438\u0432\u0430\u043d\u0438\u0435 \u0421\u0435\u0440\u0442\u0438\u0444\u0438\u043a\u0430\u0442\u044b \u041a\u0410\u0422...","og_url":"https:\/\/stafit.ee\/ru\/tovar\/\u043b\u0430\u0442\u0435\u043a\u0441\u043d\u044b\u0435-\u043f\u0435\u0440\u0447\u0430\u0442\u043a\u0438-\u0441-\u044d\u043b\u0430\u0441\u0442\u0438\u0447\u043d\u043e\u0439-7032\/","og_site_name":"Stafit O\u00dc","article_modified_time":"2026-04-08T15:22:34+00:00","og_image":[{"width":2000,"height":2000,"url":"https:\/\/stafit.ee\/wp-content\/uploads\/2022\/01\/7032.jpg","type":"image\/jpeg"}],"twitter_card":"summary_large_image","schema":{"@context":"https:\/\/schema.org","@graph":[{"@type":"WebPage","@id":"https:\/\/stafit.ee\/ru\/tovar\/%d0%bb%d0%b0%d1%82%d0%b5%d0%ba%d1%81%d0%bd%d1%8b%d0%b5-%d0%bf%d0%b5%d1%80%d1%87%d0%b0%d1%82%d0%ba%d0%b8-%d1%81-%d1%8d%d0%bb%d0%b0%d1%81%d1%82%d0%b8%d1%87%d0%bd%d0%be%d0%b9-7032\/","url":"https:\/\/stafit.ee\/ru\/tovar\/%d0%bb%d0%b0%d1%82%d0%b5%d0%ba%d1%81%d0%bd%d1%8b%d0%b5-%d0%bf%d0%b5%d1%80%d1%87%d0%b0%d1%82%d0%ba%d0%b8-%d1%81-%d1%8d%d0%bb%d0%b0%d1%81%d1%82%d0%b8%d1%87%d0%bd%d0%be%d0%b9-7032\/","name":"\u041b\u0430\u0442\u0435\u043a\u0441\u043d\u044b\u0435 \u043f\u0435\u0440\u0447\u0430\u0442\u043a\u0438 \u0441 \u044d\u043b\u0430\u0441\u0442\u0438\u0447\u043d\u043e\u0439 \u043c\u0430\u043d\u0436\u0435\u0442\u043e\u0439 - Stafit O\u00dc","isPartOf":{"@id":"https:\/\/stafit.ee\/#website"},"primaryImageOfPage":{"@id":"https:\/\/stafit.ee\/ru\/tovar\/%d0%bb%d0%b0%d1%82%d0%b5%d0%ba%d1%81%d0%bd%d1%8b%d0%b5-%d0%bf%d0%b5%d1%80%d1%87%d0%b0%d1%82%d0%ba%d0%b8-%d1%81-%d1%8d%d0%bb%d0%b0%d1%81%d1%82%d0%b8%d1%87%d0%bd%d0%be%d0%b9-7032\/#primaryimage"},"image":{"@id":"https:\/\/stafit.ee\/ru\/tovar\/%d0%bb%d0%b0%d1%82%d0%b5%d0%ba%d1%81%d0%bd%d1%8b%d0%b5-%d0%bf%d0%b5%d1%80%d1%87%d0%b0%d1%82%d0%ba%d0%b8-%d1%81-%d1%8d%d0%bb%d0%b0%d1%81%d1%82%d0%b8%d1%87%d0%bd%d0%be%d0%b9-7032\/#primaryimage"},"thumbnailUrl":"https:\/\/stafit.ee\/wp-content\/uploads\/2022\/01\/7032.jpg","datePublished":"2022-01-06T02:03:11+00:00","dateModified":"2026-04-08T15:22:34+00:00","breadcrumb":{"@id":"https:\/\/stafit.ee\/ru\/tovar\/%d0%bb%d0%b0%d1%82%d0%b5%d0%ba%d1%81%d0%bd%d1%8b%d0%b5-%d0%bf%d0%b5%d1%80%d1%87%d0%b0%d1%82%d0%ba%d0%b8-%d1%81-%d1%8d%d0%bb%d0%b0%d1%81%d1%82%d0%b8%d1%87%d0%bd%d0%be%d0%b9-7032\/#breadcrumb"},"inLanguage":"ru-RU","potentialAction":[{"@type":"ReadAction","target":["https:\/\/stafit.ee\/ru\/tovar\/%d0%bb%d0%b0%d1%82%d0%b5%d0%ba%d1%81%d0%bd%d1%8b%d0%b5-%d0%bf%d0%b5%d1%80%d1%87%d0%b0%d1%82%d0%ba%d0%b8-%d1%81-%d1%8d%d0%bb%d0%b0%d1%81%d1%82%d0%b8%d1%87%d0%bd%d0%be%d0%b9-7032\/"]}]},{"@type":"ImageObject","inLanguage":"ru-RU","@id":"https:\/\/stafit.ee\/ru\/tovar\/%d0%bb%d0%b0%d1%82%d0%b5%d0%ba%d1%81%d0%bd%d1%8b%d0%b5-%d0%bf%d0%b5%d1%80%d1%87%d0%b0%d1%82%d0%ba%d0%b8-%d1%81-%d1%8d%d0%bb%d0%b0%d1%81%d1%82%d0%b8%d1%87%d0%bd%d0%be%d0%b9-7032\/#primaryimage","url":"https:\/\/stafit.ee\/wp-content\/uploads\/2022\/01\/7032.jpg","contentUrl":"https:\/\/stafit.ee\/wp-content\/uploads\/2022\/01\/7032.jpg","width":2000,"height":2000},{"@type":"BreadcrumbList","@id":"https:\/\/stafit.ee\/ru\/tovar\/%d0%bb%d0%b0%d1%82%d0%b5%d0%ba%d1%81%d0%bd%d1%8b%d0%b5-%d0%bf%d0%b5%d1%80%d1%87%d0%b0%d1%82%d0%ba%d0%b8-%d1%81-%d1%8d%d0%bb%d0%b0%d1%81%d1%82%d0%b8%d1%87%d0%bd%d0%be%d0%b9-7032\/#breadcrumb","itemListElement":[{"@type":"ListItem","position":1,"name":"Home","item":"https:\/\/stafit.ee\/ru\/"},{"@type":"ListItem","position":2,"name":"\u041c\u0430\u0433\u0430\u0437\u0438\u043d","item":"https:\/\/stafit.ee\/ru\/pood\/"},{"@type":"ListItem","position":3,"name":"\u041b\u0430\u0442\u0435\u043a\u0441\u043d\u044b\u0435 \u043f\u0435\u0440\u0447\u0430\u0442\u043a\u0438 \u0441 \u044d\u043b\u0430\u0441\u0442\u0438\u0447\u043d\u043e\u0439 \u043c\u0430\u043d\u0436\u0435\u0442\u043e\u0439"}]},{"@type":"WebSite","@id":"https:\/\/stafit.ee\/#website","url":"https:\/\/stafit.ee\/","name":"Stafit O\u00dc","description":"T\u00f6\u00f6riete ja ohutusvahendite jae ja hulgim\u00fc\u00fck","potentialAction":[{"@type":"SearchAction","target":{"@type":"EntryPoint","urlTemplate":"https:\/\/stafit.ee\/?s={search_term_string}"},"query-input":{"@type":"PropertyValueSpecification","valueRequired":true,"valueName":"search_term_string"}}],"inLanguage":"ru-RU"}]}},"brands":[],"_links":{"self":[{"href":"https:\/\/stafit.ee\/ru\/wp-json\/wp\/v2\/product\/39448","targetHints":{"allow":["GET"]}}],"collection":[{"href":"https:\/\/stafit.ee\/ru\/wp-json\/wp\/v2\/product"}],"about":[{"href":"https:\/\/stafit.ee\/ru\/wp-json\/wp\/v2\/types\/product"}],"wp:featuredmedia":[{"embeddable":true,"href":"https:\/\/stafit.ee\/ru\/wp-json\/wp\/v2\/media\/39443"}],"wp:attachment":[{"href":"https:\/\/stafit.ee\/ru\/wp-json\/wp\/v2\/media?parent=39448"}],"wp:term":[{"taxonomy":"pwb-brand","embeddable":true,"href":"https:\/\/stafit.ee\/ru\/wp-json\/wp\/v2\/pwb-brand?post=39448"},{"taxonomy":"product_brand","embeddable":true,"href":"https:\/\/stafit.ee\/ru\/wp-json\/wp\/v2\/product_brand?post=39448"},{"taxonomy":"product_cat","embeddable":true,"href":"https:\/\/stafit.ee\/ru\/wp-json\/wp\/v2\/product_cat?post=39448"},{"taxonomy":"product_tag","embeddable":true,"href":"https:\/\/stafit.ee\/ru\/wp-json\/wp\/v2\/product_tag?post=39448"}],"curies":[{"name":"wp","href":"https:\/\/api.w.org\/{rel}","templated":true}]}}