{"id":35412,"date":"2021-11-10T18:01:05","date_gmt":"2021-11-10T16:01:05","guid":{"rendered":"https:\/\/stafit.ee\/toode\/%d0%b7%d0%b8%d0%bc%d0%bd%d0%b8%d0%b9-%d0%bf%d0%be%d0%bb%d1%83%d0%ba%d0%be%d0%bc%d0%b1%d0%b8%d0%bd%d0%b5%d0%b7%d0%be%d0%bd-%d1%81%d0%b2%d0%b0%d1%80%d1%89%d0%b8%d0%ba%d0%b0-wulkan\/"},"modified":"2026-04-08T18:17:38","modified_gmt":"2026-04-08T15:17:38","slug":"%d0%b7%d0%b8%d0%bc%d0%bd%d0%b8%d0%b9-%d0%bf%d0%be%d0%bb%d1%83%d0%ba%d0%be%d0%bc%d0%b1%d0%b8%d0%bd%d0%b5%d0%b7%d0%be%d0%bd-%d1%81%d0%b2%d0%b0%d1%80%d1%89%d0%b8%d0%ba%d0%b0-wulkan","status":"publish","type":"product","link":"https:\/\/stafit.ee\/ru\/tovar\/%d0%b7%d0%b8%d0%bc%d0%bd%d0%b8%d0%b9-%d0%bf%d0%be%d0%bb%d1%83%d0%ba%d0%be%d0%bc%d0%b1%d0%b8%d0%bd%d0%b5%d0%b7%d0%be%d0%bd-%d1%81%d0%b2%d0%b0%d1%80%d1%89%d0%b8%d0%ba%d0%b0-wulkan\/","title":{"rendered":"\u0417\u0438\u043c\u043d\u0438\u0439 \u043f\u043e\u043b\u0443\u043a\u043e\u043c\u0431\u0438\u043d\u0435\u0437\u043e\u043d \u0441\u0432\u0430\u0440\u0449\u0438\u043a\u0430 WULKAN"},"content":{"rendered":"<div>\u041c\u0430\u0442\u0435\u0440\u0438\u0430\u043b: 99% \u0445\u043b\u043e\u043f\u043e\u043a, 1% \u0443\u0433\u043b\u0435\u0440\u043e\u0434\u043d\u043e\u0435 \u0432\u043e\u043b\u043e\u043a\u043d\u043e, 330 \u0433\/\u043c\u00b2.<\/div>\n<div>\u0421\u043e\u043e\u0442\u0432\u0435\u0442\u0441\u0442\u0432\u0443\u0435\u0442 \u0442\u0440\u0435\u0431\u043e\u0432\u0430\u043d\u0438\u044f\u043c:<\/div>\n<div>&#8212; EN 1149-5:2018,<\/div>\n<div>&#8212; EN 342:2017,<\/div>\n<div>&#8212; EN ISO 11611:2015,<\/div>\n<div>&#8212; EN ISO 11612:2015.<\/div>\n<ul>\n<li>\u041d\u0430\u0433\u0440\u0443\u0434\u043d\u044b\u0439 \u043a\u0430\u0440\u043c\u0430\u043d \u0441 \u043e\u0442\u0434\u0435\u043b\u0435\u043d\u0438\u0435\u043c \u0434\u043b\u044f \u0440\u0443\u0447\u0435\u043a, \u0437\u0430\u043a\u0440\u044b\u0442\u044b\u0439 \u043a\u043b\u0430\u043f\u0430\u043d\u043e\u043c \u0438 \u043d\u0430 \u043b\u0438\u043f\u0443\u0447\u043a\u0435;<\/li>\n<li>\u0448\u0438\u0440\u0438\u043d\u043a\u0430 \u043d\u0430 \u043c\u043e\u043b\u043d\u0438\u0438;<\/li>\n<li>\u0448\u0438\u0440\u0438\u043d\u0430 \u043f\u043e\u044f\u0441\u0430 \u0440\u0435\u0433\u0443\u043b\u0438\u0440\u0443\u0435\u0442\u0441\u044f \u0441 \u043f\u043e\u043c\u043e\u0449\u044c\u044e \u043f\u0443\u0433\u043e\u0432\u0438\u0446 \u0438 \u043a\u043d\u043e\u043f\u043e\u043a;<\/li>\n<li>2 \u0431\u043e\u043a\u043e\u0432\u044b\u0445 \u043a\u0430\u0440\u043c\u0430\u043d\u0430;<\/li>\n<li>\u0443\u0441\u0438\u043b\u0435\u043d\u043d\u0430\u044f \u043e\u0431\u043b\u0430\u0441\u0442\u044c \u043a\u043e\u043b\u0435\u043d\u0435\u0439;<\/li>\n<li>\u0434\u0432\u043e\u0439\u043d\u043e\u0439 \u043a\u0430\u0440\u043c\u0430\u043d \u0434\u043b\u044f \u0440\u0443\u043b\u0435\u0442\u043a\u0438 \u043d\u0430 \u043f\u0440\u0430\u0432\u043e\u0439 \u0448\u0442\u0430\u043d\u0438\u043d\u0435;<\/li>\n<li>\u044d\u043b\u0430\u0441\u0442\u0438\u0447\u043d\u044b\u0435 \u0440\u0435\u0433\u0443\u043b\u0438\u0440\u0443\u0435\u043c\u044b\u0435 \u043b\u044f\u043c\u043a\u0438;<\/li>\n<li>\u0441\u044a\u0451\u043c\u043d\u044b\u0435 \u043f\u043b\u0430\u0441\u0442\u0438\u043a\u043e\u0432\u044b\u0435 \u043f\u0440\u044f\u0436\u043a\u0438 \u0434\u043b\u044f \u0440\u0435\u0433\u0443\u043b\u0438\u0440\u043e\u0432\u043a\u0438 \u0434\u043b\u0438\u043d\u044b \u043b\u044f\u043c\u043e\u043a;<\/li>\n<li>\u043e\u0433\u043d\u0435\u0441\u0442\u043e\u0439\u043a\u0438\u0439 \u0443\u0442\u0435\u043f\u043b\u0438\u0442\u0435\u043b\u044c 3M Thinsulate;<\/li>\n<li>\u043e\u0433\u043d\u0435\u0441\u0442\u043e\u0439\u043a\u0438\u0435 \u0448\u0432\u044b.<\/li>\n<\/ul>\n<div><\/div>\n","protected":false},"excerpt":{"rendered":"<p>\u041c\u0430\u0442\u0435\u0440\u0438\u0430\u043b: 99% \u0445\u043b\u043e\u043f\u043e\u043a, 1% \u0443\u0433\u043b\u0435\u0440\u043e\u0434\u043d\u043e\u0435 \u0432\u043e\u043b\u043e\u043a\u043d\u043e, 330 \u0433\/\u043c\u00b2. \u0421\u043e\u043e\u0442\u0432\u0435\u0442\u0441\u0442\u0432\u0443\u0435\u0442 \u0442\u0440\u0435\u0431\u043e\u0432\u0430\u043d\u0438\u044f\u043c: &#8212; EN 1149-5:2018, &#8212; EN 342:2017, &#8212; EN ISO 11611:2015, &#8212; EN ISO 11612:2015. \u041d\u0430\u0433\u0440\u0443\u0434\u043d\u044b\u0439 \u043a\u0430\u0440\u043c\u0430\u043d \u0441 \u043e\u0442\u0434\u0435\u043b\u0435\u043d\u0438\u0435\u043c \u0434\u043b\u044f \u0440\u0443\u0447\u0435\u043a, \u0437\u0430\u043a\u0440\u044b\u0442\u044b\u0439 \u043a\u043b\u0430\u043f\u0430\u043d\u043e\u043c \u0438 \u043d\u0430 \u043b\u0438\u043f\u0443\u0447\u043a\u0435; \u0448\u0438\u0440\u0438\u043d\u043a\u0430 \u043d\u0430 \u043c\u043e\u043b\u043d\u0438\u0438; \u0448\u0438\u0440\u0438\u043d\u0430 \u043f\u043e\u044f\u0441\u0430 \u0440\u0435\u0433\u0443\u043b\u0438\u0440\u0443\u0435\u0442\u0441\u044f \u0441 \u043f\u043e\u043c\u043e\u0449\u044c\u044e \u043f\u0443\u0433\u043e\u0432\u0438\u0446 \u0438 \u043a\u043d\u043e\u043f\u043e\u043a; 2 \u0431\u043e\u043a\u043e\u0432\u044b\u0445 \u043a\u0430\u0440\u043c\u0430\u043d\u0430; \u0443\u0441\u0438\u043b\u0435\u043d\u043d\u0430\u044f \u043e\u0431\u043b\u0430\u0441\u0442\u044c \u043a\u043e\u043b\u0435\u043d\u0435\u0439; \u0434\u0432\u043e\u0439\u043d\u043e\u0439 \u043a\u0430\u0440\u043c\u0430\u043d \u0434\u043b\u044f&#8230;<\/p>\n","protected":false},"featured_media":35404,"template":"","meta":[],"pwb-brand":[332],"product_brand":[],"product_cat":[833],"product_tag":[],"class_list":{"0":"post-35412","1":"product","2":"type-product","3":"status-publish","4":"has-post-thumbnail","6":"pwb-brand-sara-workwear","7":"product_cat-833","9":"first","10":"instock","11":"taxable","12":"shipping-taxable","13":"purchasable","14":"product-type-variable"},"yoast_head":"<!-- This site is optimized with the Yoast SEO plugin v27.0 - https:\/\/yoast.com\/product\/yoast-seo-wordpress\/ -->\n<title>\u0417\u0438\u043c\u043d\u0438\u0439 \u043f\u043e\u043b\u0443\u043a\u043e\u043c\u0431\u0438\u043d\u0435\u0437\u043e\u043d \u0441\u0432\u0430\u0440\u0449\u0438\u043a\u0430 WULKAN - Stafit O\u00dc<\/title>\n<meta name=\"robots\" content=\"index, follow, max-snippet:-1, max-image-preview:large, max-video-preview:-1\" \/>\n<link rel=\"canonical\" href=\"https:\/\/stafit.ee\/ru\/tovar\/\u0437\u0438\u043c\u043d\u0438\u0439-\u043f\u043e\u043b\u0443\u043a\u043e\u043c\u0431\u0438\u043d\u0435\u0437\u043e\u043d-\u0441\u0432\u0430\u0440\u0449\u0438\u043a\u0430-wulkan\/\" \/>\n<meta property=\"og:locale\" content=\"ru_RU\" \/>\n<meta property=\"og:type\" content=\"article\" \/>\n<meta property=\"og:title\" content=\"\u0417\u0438\u043c\u043d\u0438\u0439 \u043f\u043e\u043b\u0443\u043a\u043e\u043c\u0431\u0438\u043d\u0435\u0437\u043e\u043d \u0441\u0432\u0430\u0440\u0449\u0438\u043a\u0430 WULKAN - Stafit O\u00dc\" \/>\n<meta property=\"og:description\" content=\"\u041c\u0430\u0442\u0435\u0440\u0438\u0430\u043b: 99% \u0445\u043b\u043e\u043f\u043e\u043a, 1% \u0443\u0433\u043b\u0435\u0440\u043e\u0434\u043d\u043e\u0435 \u0432\u043e\u043b\u043e\u043a\u043d\u043e, 330 \u0433\/\u043c\u00b2. \u0421\u043e\u043e\u0442\u0432\u0435\u0442\u0441\u0442\u0432\u0443\u0435\u0442 \u0442\u0440\u0435\u0431\u043e\u0432\u0430\u043d\u0438\u044f\u043c: &#8212; EN 1149-5:2018, &#8212; EN 342:2017, &#8212; EN ISO 11611:2015, &#8212; EN ISO 11612:2015. \u041d\u0430\u0433\u0440\u0443\u0434\u043d\u044b\u0439 \u043a\u0430\u0440\u043c\u0430\u043d \u0441 \u043e\u0442\u0434\u0435\u043b\u0435\u043d\u0438\u0435\u043c \u0434\u043b\u044f \u0440\u0443\u0447\u0435\u043a, \u0437\u0430\u043a\u0440\u044b\u0442\u044b\u0439 \u043a\u043b\u0430\u043f\u0430\u043d\u043e\u043c \u0438 \u043d\u0430 \u043b\u0438\u043f\u0443\u0447\u043a\u0435; \u0448\u0438\u0440\u0438\u043d\u043a\u0430 \u043d\u0430 \u043c\u043e\u043b\u043d\u0438\u0438; \u0448\u0438\u0440\u0438\u043d\u0430 \u043f\u043e\u044f\u0441\u0430 \u0440\u0435\u0433\u0443\u043b\u0438\u0440\u0443\u0435\u0442\u0441\u044f \u0441 \u043f\u043e\u043c\u043e\u0449\u044c\u044e \u043f\u0443\u0433\u043e\u0432\u0438\u0446 \u0438 \u043a\u043d\u043e\u043f\u043e\u043a; 2 \u0431\u043e\u043a\u043e\u0432\u044b\u0445 \u043a\u0430\u0440\u043c\u0430\u043d\u0430; \u0443\u0441\u0438\u043b\u0435\u043d\u043d\u0430\u044f \u043e\u0431\u043b\u0430\u0441\u0442\u044c \u043a\u043e\u043b\u0435\u043d\u0435\u0439; \u0434\u0432\u043e\u0439\u043d\u043e\u0439 \u043a\u0430\u0440\u043c\u0430\u043d \u0434\u043b\u044f...\" \/>\n<meta property=\"og:url\" content=\"https:\/\/stafit.ee\/ru\/tovar\/\u0437\u0438\u043c\u043d\u0438\u0439-\u043f\u043e\u043b\u0443\u043a\u043e\u043c\u0431\u0438\u043d\u0435\u0437\u043e\u043d-\u0441\u0432\u0430\u0440\u0449\u0438\u043a\u0430-wulkan\/\" \/>\n<meta property=\"og:site_name\" content=\"Stafit O\u00dc\" \/>\n<meta property=\"article:modified_time\" content=\"2026-04-08T15:17:38+00:00\" \/>\n<meta property=\"og:image\" content=\"https:\/\/stafit.ee\/wp-content\/uploads\/2021\/11\/10-730.jpg\" \/>\n\t<meta property=\"og:image:width\" content=\"900\" \/>\n\t<meta property=\"og:image:height\" content=\"900\" \/>\n\t<meta property=\"og:image:type\" content=\"image\/jpeg\" \/>\n<meta name=\"twitter:card\" content=\"summary_large_image\" \/>\n<script type=\"application\/ld+json\" class=\"yoast-schema-graph\">{\"@context\":\"https:\/\/schema.org\",\"@graph\":[{\"@type\":\"WebPage\",\"@id\":\"https:\/\/stafit.ee\/ru\/tovar\/%d0%b7%d0%b8%d0%bc%d0%bd%d0%b8%d0%b9-%d0%bf%d0%be%d0%bb%d1%83%d0%ba%d0%be%d0%bc%d0%b1%d0%b8%d0%bd%d0%b5%d0%b7%d0%be%d0%bd-%d1%81%d0%b2%d0%b0%d1%80%d1%89%d0%b8%d0%ba%d0%b0-wulkan\/\",\"url\":\"https:\/\/stafit.ee\/ru\/tovar\/%d0%b7%d0%b8%d0%bc%d0%bd%d0%b8%d0%b9-%d0%bf%d0%be%d0%bb%d1%83%d0%ba%d0%be%d0%bc%d0%b1%d0%b8%d0%bd%d0%b5%d0%b7%d0%be%d0%bd-%d1%81%d0%b2%d0%b0%d1%80%d1%89%d0%b8%d0%ba%d0%b0-wulkan\/\",\"name\":\"\u0417\u0438\u043c\u043d\u0438\u0439 \u043f\u043e\u043b\u0443\u043a\u043e\u043c\u0431\u0438\u043d\u0435\u0437\u043e\u043d \u0441\u0432\u0430\u0440\u0449\u0438\u043a\u0430 WULKAN - Stafit O\u00dc\",\"isPartOf\":{\"@id\":\"https:\/\/stafit.ee\/#website\"},\"primaryImageOfPage\":{\"@id\":\"https:\/\/stafit.ee\/ru\/tovar\/%d0%b7%d0%b8%d0%bc%d0%bd%d0%b8%d0%b9-%d0%bf%d0%be%d0%bb%d1%83%d0%ba%d0%be%d0%bc%d0%b1%d0%b8%d0%bd%d0%b5%d0%b7%d0%be%d0%bd-%d1%81%d0%b2%d0%b0%d1%80%d1%89%d0%b8%d0%ba%d0%b0-wulkan\/#primaryimage\"},\"image\":{\"@id\":\"https:\/\/stafit.ee\/ru\/tovar\/%d0%b7%d0%b8%d0%bc%d0%bd%d0%b8%d0%b9-%d0%bf%d0%be%d0%bb%d1%83%d0%ba%d0%be%d0%bc%d0%b1%d0%b8%d0%bd%d0%b5%d0%b7%d0%be%d0%bd-%d1%81%d0%b2%d0%b0%d1%80%d1%89%d0%b8%d0%ba%d0%b0-wulkan\/#primaryimage\"},\"thumbnailUrl\":\"https:\/\/stafit.ee\/wp-content\/uploads\/2021\/11\/10-730.jpg\",\"datePublished\":\"2021-11-10T16:01:05+00:00\",\"dateModified\":\"2026-04-08T15:17:38+00:00\",\"breadcrumb\":{\"@id\":\"https:\/\/stafit.ee\/ru\/tovar\/%d0%b7%d0%b8%d0%bc%d0%bd%d0%b8%d0%b9-%d0%bf%d0%be%d0%bb%d1%83%d0%ba%d0%be%d0%bc%d0%b1%d0%b8%d0%bd%d0%b5%d0%b7%d0%be%d0%bd-%d1%81%d0%b2%d0%b0%d1%80%d1%89%d0%b8%d0%ba%d0%b0-wulkan\/#breadcrumb\"},\"inLanguage\":\"ru-RU\",\"potentialAction\":[{\"@type\":\"ReadAction\",\"target\":[\"https:\/\/stafit.ee\/ru\/tovar\/%d0%b7%d0%b8%d0%bc%d0%bd%d0%b8%d0%b9-%d0%bf%d0%be%d0%bb%d1%83%d0%ba%d0%be%d0%bc%d0%b1%d0%b8%d0%bd%d0%b5%d0%b7%d0%be%d0%bd-%d1%81%d0%b2%d0%b0%d1%80%d1%89%d0%b8%d0%ba%d0%b0-wulkan\/\"]}]},{\"@type\":\"ImageObject\",\"inLanguage\":\"ru-RU\",\"@id\":\"https:\/\/stafit.ee\/ru\/tovar\/%d0%b7%d0%b8%d0%bc%d0%bd%d0%b8%d0%b9-%d0%bf%d0%be%d0%bb%d1%83%d0%ba%d0%be%d0%bc%d0%b1%d0%b8%d0%bd%d0%b5%d0%b7%d0%be%d0%bd-%d1%81%d0%b2%d0%b0%d1%80%d1%89%d0%b8%d0%ba%d0%b0-wulkan\/#primaryimage\",\"url\":\"https:\/\/stafit.ee\/wp-content\/uploads\/2021\/11\/10-730.jpg\",\"contentUrl\":\"https:\/\/stafit.ee\/wp-content\/uploads\/2021\/11\/10-730.jpg\",\"width\":900,\"height\":900},{\"@type\":\"BreadcrumbList\",\"@id\":\"https:\/\/stafit.ee\/ru\/tovar\/%d0%b7%d0%b8%d0%bc%d0%bd%d0%b8%d0%b9-%d0%bf%d0%be%d0%bb%d1%83%d0%ba%d0%be%d0%bc%d0%b1%d0%b8%d0%bd%d0%b5%d0%b7%d0%be%d0%bd-%d1%81%d0%b2%d0%b0%d1%80%d1%89%d0%b8%d0%ba%d0%b0-wulkan\/#breadcrumb\",\"itemListElement\":[{\"@type\":\"ListItem\",\"position\":1,\"name\":\"Home\",\"item\":\"https:\/\/stafit.ee\/ru\/\"},{\"@type\":\"ListItem\",\"position\":2,\"name\":\"\u041c\u0430\u0433\u0430\u0437\u0438\u043d\",\"item\":\"https:\/\/stafit.ee\/ru\/pood\/\"},{\"@type\":\"ListItem\",\"position\":3,\"name\":\"\u0417\u0438\u043c\u043d\u0438\u0439 \u043f\u043e\u043b\u0443\u043a\u043e\u043c\u0431\u0438\u043d\u0435\u0437\u043e\u043d \u0441\u0432\u0430\u0440\u0449\u0438\u043a\u0430 WULKAN\"}]},{\"@type\":\"WebSite\",\"@id\":\"https:\/\/stafit.ee\/#website\",\"url\":\"https:\/\/stafit.ee\/\",\"name\":\"Stafit O\u00dc\",\"description\":\"T\u00f6\u00f6riete ja ohutusvahendite jae ja hulgim\u00fc\u00fck\",\"potentialAction\":[{\"@type\":\"SearchAction\",\"target\":{\"@type\":\"EntryPoint\",\"urlTemplate\":\"https:\/\/stafit.ee\/?s={search_term_string}\"},\"query-input\":{\"@type\":\"PropertyValueSpecification\",\"valueRequired\":true,\"valueName\":\"search_term_string\"}}],\"inLanguage\":\"ru-RU\"}]}<\/script>\n<!-- \/ Yoast SEO plugin. -->","yoast_head_json":{"title":"\u0417\u0438\u043c\u043d\u0438\u0439 \u043f\u043e\u043b\u0443\u043a\u043e\u043c\u0431\u0438\u043d\u0435\u0437\u043e\u043d \u0441\u0432\u0430\u0440\u0449\u0438\u043a\u0430 WULKAN - Stafit O\u00dc","robots":{"index":"index","follow":"follow","max-snippet":"max-snippet:-1","max-image-preview":"max-image-preview:large","max-video-preview":"max-video-preview:-1"},"canonical":"https:\/\/stafit.ee\/ru\/tovar\/\u0437\u0438\u043c\u043d\u0438\u0439-\u043f\u043e\u043b\u0443\u043a\u043e\u043c\u0431\u0438\u043d\u0435\u0437\u043e\u043d-\u0441\u0432\u0430\u0440\u0449\u0438\u043a\u0430-wulkan\/","og_locale":"ru_RU","og_type":"article","og_title":"\u0417\u0438\u043c\u043d\u0438\u0439 \u043f\u043e\u043b\u0443\u043a\u043e\u043c\u0431\u0438\u043d\u0435\u0437\u043e\u043d \u0441\u0432\u0430\u0440\u0449\u0438\u043a\u0430 WULKAN - Stafit O\u00dc","og_description":"\u041c\u0430\u0442\u0435\u0440\u0438\u0430\u043b: 99% \u0445\u043b\u043e\u043f\u043e\u043a, 1% \u0443\u0433\u043b\u0435\u0440\u043e\u0434\u043d\u043e\u0435 \u0432\u043e\u043b\u043e\u043a\u043d\u043e, 330 \u0433\/\u043c\u00b2. \u0421\u043e\u043e\u0442\u0432\u0435\u0442\u0441\u0442\u0432\u0443\u0435\u0442 \u0442\u0440\u0435\u0431\u043e\u0432\u0430\u043d\u0438\u044f\u043c: &#8212; EN 1149-5:2018, &#8212; EN 342:2017, &#8212; EN ISO 11611:2015, &#8212; EN ISO 11612:2015. \u041d\u0430\u0433\u0440\u0443\u0434\u043d\u044b\u0439 \u043a\u0430\u0440\u043c\u0430\u043d \u0441 \u043e\u0442\u0434\u0435\u043b\u0435\u043d\u0438\u0435\u043c \u0434\u043b\u044f \u0440\u0443\u0447\u0435\u043a, \u0437\u0430\u043a\u0440\u044b\u0442\u044b\u0439 \u043a\u043b\u0430\u043f\u0430\u043d\u043e\u043c \u0438 \u043d\u0430 \u043b\u0438\u043f\u0443\u0447\u043a\u0435; \u0448\u0438\u0440\u0438\u043d\u043a\u0430 \u043d\u0430 \u043c\u043e\u043b\u043d\u0438\u0438; \u0448\u0438\u0440\u0438\u043d\u0430 \u043f\u043e\u044f\u0441\u0430 \u0440\u0435\u0433\u0443\u043b\u0438\u0440\u0443\u0435\u0442\u0441\u044f \u0441 \u043f\u043e\u043c\u043e\u0449\u044c\u044e \u043f\u0443\u0433\u043e\u0432\u0438\u0446 \u0438 \u043a\u043d\u043e\u043f\u043e\u043a; 2 \u0431\u043e\u043a\u043e\u0432\u044b\u0445 \u043a\u0430\u0440\u043c\u0430\u043d\u0430; \u0443\u0441\u0438\u043b\u0435\u043d\u043d\u0430\u044f \u043e\u0431\u043b\u0430\u0441\u0442\u044c \u043a\u043e\u043b\u0435\u043d\u0435\u0439; \u0434\u0432\u043e\u0439\u043d\u043e\u0439 \u043a\u0430\u0440\u043c\u0430\u043d \u0434\u043b\u044f...","og_url":"https:\/\/stafit.ee\/ru\/tovar\/\u0437\u0438\u043c\u043d\u0438\u0439-\u043f\u043e\u043b\u0443\u043a\u043e\u043c\u0431\u0438\u043d\u0435\u0437\u043e\u043d-\u0441\u0432\u0430\u0440\u0449\u0438\u043a\u0430-wulkan\/","og_site_name":"Stafit O\u00dc","article_modified_time":"2026-04-08T15:17:38+00:00","og_image":[{"width":900,"height":900,"url":"https:\/\/stafit.ee\/wp-content\/uploads\/2021\/11\/10-730.jpg","type":"image\/jpeg"}],"twitter_card":"summary_large_image","schema":{"@context":"https:\/\/schema.org","@graph":[{"@type":"WebPage","@id":"https:\/\/stafit.ee\/ru\/tovar\/%d0%b7%d0%b8%d0%bc%d0%bd%d0%b8%d0%b9-%d0%bf%d0%be%d0%bb%d1%83%d0%ba%d0%be%d0%bc%d0%b1%d0%b8%d0%bd%d0%b5%d0%b7%d0%be%d0%bd-%d1%81%d0%b2%d0%b0%d1%80%d1%89%d0%b8%d0%ba%d0%b0-wulkan\/","url":"https:\/\/stafit.ee\/ru\/tovar\/%d0%b7%d0%b8%d0%bc%d0%bd%d0%b8%d0%b9-%d0%bf%d0%be%d0%bb%d1%83%d0%ba%d0%be%d0%bc%d0%b1%d0%b8%d0%bd%d0%b5%d0%b7%d0%be%d0%bd-%d1%81%d0%b2%d0%b0%d1%80%d1%89%d0%b8%d0%ba%d0%b0-wulkan\/","name":"\u0417\u0438\u043c\u043d\u0438\u0439 \u043f\u043e\u043b\u0443\u043a\u043e\u043c\u0431\u0438\u043d\u0435\u0437\u043e\u043d \u0441\u0432\u0430\u0440\u0449\u0438\u043a\u0430 WULKAN - Stafit O\u00dc","isPartOf":{"@id":"https:\/\/stafit.ee\/#website"},"primaryImageOfPage":{"@id":"https:\/\/stafit.ee\/ru\/tovar\/%d0%b7%d0%b8%d0%bc%d0%bd%d0%b8%d0%b9-%d0%bf%d0%be%d0%bb%d1%83%d0%ba%d0%be%d0%bc%d0%b1%d0%b8%d0%bd%d0%b5%d0%b7%d0%be%d0%bd-%d1%81%d0%b2%d0%b0%d1%80%d1%89%d0%b8%d0%ba%d0%b0-wulkan\/#primaryimage"},"image":{"@id":"https:\/\/stafit.ee\/ru\/tovar\/%d0%b7%d0%b8%d0%bc%d0%bd%d0%b8%d0%b9-%d0%bf%d0%be%d0%bb%d1%83%d0%ba%d0%be%d0%bc%d0%b1%d0%b8%d0%bd%d0%b5%d0%b7%d0%be%d0%bd-%d1%81%d0%b2%d0%b0%d1%80%d1%89%d0%b8%d0%ba%d0%b0-wulkan\/#primaryimage"},"thumbnailUrl":"https:\/\/stafit.ee\/wp-content\/uploads\/2021\/11\/10-730.jpg","datePublished":"2021-11-10T16:01:05+00:00","dateModified":"2026-04-08T15:17:38+00:00","breadcrumb":{"@id":"https:\/\/stafit.ee\/ru\/tovar\/%d0%b7%d0%b8%d0%bc%d0%bd%d0%b8%d0%b9-%d0%bf%d0%be%d0%bb%d1%83%d0%ba%d0%be%d0%bc%d0%b1%d0%b8%d0%bd%d0%b5%d0%b7%d0%be%d0%bd-%d1%81%d0%b2%d0%b0%d1%80%d1%89%d0%b8%d0%ba%d0%b0-wulkan\/#breadcrumb"},"inLanguage":"ru-RU","potentialAction":[{"@type":"ReadAction","target":["https:\/\/stafit.ee\/ru\/tovar\/%d0%b7%d0%b8%d0%bc%d0%bd%d0%b8%d0%b9-%d0%bf%d0%be%d0%bb%d1%83%d0%ba%d0%be%d0%bc%d0%b1%d0%b8%d0%bd%d0%b5%d0%b7%d0%be%d0%bd-%d1%81%d0%b2%d0%b0%d1%80%d1%89%d0%b8%d0%ba%d0%b0-wulkan\/"]}]},{"@type":"ImageObject","inLanguage":"ru-RU","@id":"https:\/\/stafit.ee\/ru\/tovar\/%d0%b7%d0%b8%d0%bc%d0%bd%d0%b8%d0%b9-%d0%bf%d0%be%d0%bb%d1%83%d0%ba%d0%be%d0%bc%d0%b1%d0%b8%d0%bd%d0%b5%d0%b7%d0%be%d0%bd-%d1%81%d0%b2%d0%b0%d1%80%d1%89%d0%b8%d0%ba%d0%b0-wulkan\/#primaryimage","url":"https:\/\/stafit.ee\/wp-content\/uploads\/2021\/11\/10-730.jpg","contentUrl":"https:\/\/stafit.ee\/wp-content\/uploads\/2021\/11\/10-730.jpg","width":900,"height":900},{"@type":"BreadcrumbList","@id":"https:\/\/stafit.ee\/ru\/tovar\/%d0%b7%d0%b8%d0%bc%d0%bd%d0%b8%d0%b9-%d0%bf%d0%be%d0%bb%d1%83%d0%ba%d0%be%d0%bc%d0%b1%d0%b8%d0%bd%d0%b5%d0%b7%d0%be%d0%bd-%d1%81%d0%b2%d0%b0%d1%80%d1%89%d0%b8%d0%ba%d0%b0-wulkan\/#breadcrumb","itemListElement":[{"@type":"ListItem","position":1,"name":"Home","item":"https:\/\/stafit.ee\/ru\/"},{"@type":"ListItem","position":2,"name":"\u041c\u0430\u0433\u0430\u0437\u0438\u043d","item":"https:\/\/stafit.ee\/ru\/pood\/"},{"@type":"ListItem","position":3,"name":"\u0417\u0438\u043c\u043d\u0438\u0439 \u043f\u043e\u043b\u0443\u043a\u043e\u043c\u0431\u0438\u043d\u0435\u0437\u043e\u043d \u0441\u0432\u0430\u0440\u0449\u0438\u043a\u0430 WULKAN"}]},{"@type":"WebSite","@id":"https:\/\/stafit.ee\/#website","url":"https:\/\/stafit.ee\/","name":"Stafit O\u00dc","description":"T\u00f6\u00f6riete ja ohutusvahendite jae ja hulgim\u00fc\u00fck","potentialAction":[{"@type":"SearchAction","target":{"@type":"EntryPoint","urlTemplate":"https:\/\/stafit.ee\/?s={search_term_string}"},"query-input":{"@type":"PropertyValueSpecification","valueRequired":true,"valueName":"search_term_string"}}],"inLanguage":"ru-RU"}]}},"brands":[{"id":332,"name":"Sara workwear","slug":"sara-workwear"}],"_links":{"self":[{"href":"https:\/\/stafit.ee\/ru\/wp-json\/wp\/v2\/product\/35412","targetHints":{"allow":["GET"]}}],"collection":[{"href":"https:\/\/stafit.ee\/ru\/wp-json\/wp\/v2\/product"}],"about":[{"href":"https:\/\/stafit.ee\/ru\/wp-json\/wp\/v2\/types\/product"}],"wp:featuredmedia":[{"embeddable":true,"href":"https:\/\/stafit.ee\/ru\/wp-json\/wp\/v2\/media\/35404"}],"wp:attachment":[{"href":"https:\/\/stafit.ee\/ru\/wp-json\/wp\/v2\/media?parent=35412"}],"wp:term":[{"taxonomy":"pwb-brand","embeddable":true,"href":"https:\/\/stafit.ee\/ru\/wp-json\/wp\/v2\/pwb-brand?post=35412"},{"taxonomy":"product_brand","embeddable":true,"href":"https:\/\/stafit.ee\/ru\/wp-json\/wp\/v2\/product_brand?post=35412"},{"taxonomy":"product_cat","embeddable":true,"href":"https:\/\/stafit.ee\/ru\/wp-json\/wp\/v2\/product_cat?post=35412"},{"taxonomy":"product_tag","embeddable":true,"href":"https:\/\/stafit.ee\/ru\/wp-json\/wp\/v2\/product_tag?post=35412"}],"curies":[{"name":"wp","href":"https:\/\/api.w.org\/{rel}","templated":true}]}}