{"id":33208,"date":"2021-09-23T17:02:17","date_gmt":"2021-09-23T14:02:17","guid":{"rendered":"https:\/\/stafit.ee\/toode\/%d0%ba%d0%b0%d1%80%d0%b0%d0%b1%d0%b8%d0%bd-%d1%81%d1%82%d0%b0%d0%bb%d1%8c%d0%bd%d0%be%d0%b9-kratos-23-kn\/"},"modified":"2026-04-08T18:25:47","modified_gmt":"2026-04-08T15:25:47","slug":"%d0%ba%d0%b0%d1%80%d0%b0%d0%b1%d0%b8%d0%bd-%d1%81%d1%82%d0%b0%d0%bb%d1%8c%d0%bd%d0%be%d0%b9-kratos-23-kn","status":"publish","type":"product","link":"https:\/\/stafit.ee\/ru\/tovar\/%d0%ba%d0%b0%d1%80%d0%b0%d0%b1%d0%b8%d0%bd-%d1%81%d1%82%d0%b0%d0%bb%d1%8c%d0%bd%d0%be%d0%b9-kratos-23-kn\/","title":{"rendered":"\u041a\u0430\u0440\u0430\u0431\u0438\u043d \u0441\u0442\u0430\u043b\u044c\u043d\u043e\u0439 Kratos 23 kN"},"content":{"rendered":"<ul>\n<li>\u041c\u0430\u0442\u0435\u0440\u0438\u0430\u043b: \u0441\u0442\u0430\u043b\u044c.<\/li>\n<li>\u0413\u043b\u0443\u0431\u0438\u043d\u0430 \u0440\u0430\u0441\u043a\u0440\u044b\u0442\u0438\u044f \u043a\u0430\u0440\u0430\u0431\u0438\u043d\u0430: 50.8 \u043c\u043c.<\/li>\n<li>\u041f\u0440\u043e\u0434\u043e\u043b\u044c\u043d\u0430\u044f \u0440\u0430\u0437\u0440\u044b\u0432\u043d\u0430\u044f \u043d\u0430\u0433\u0440\u0443\u0437\u043a\u0430: 23 \u043a\u041d.<\/li>\n<li>\u0421\u043e\u043e\u0442\u0432\u0435\u0442\u0441\u0442\u0432\u0443\u0435\u0442 \u0441\u0442\u0430\u043d\u0434\u0430\u0440\u0442\u0443 EN362:2004 \u043a\u043b\u0430\u0441\u0441 T.<\/li>\n<\/ul>\n","protected":false},"excerpt":{"rendered":"<p>\u041c\u0430\u0442\u0435\u0440\u0438\u0430\u043b: \u0441\u0442\u0430\u043b\u044c. \u0413\u043b\u0443\u0431\u0438\u043d\u0430 \u0440\u0430\u0441\u043a\u0440\u044b\u0442\u0438\u044f \u043a\u0430\u0440\u0430\u0431\u0438\u043d\u0430: 50.8 \u043c\u043c. \u041f\u0440\u043e\u0434\u043e\u043b\u044c\u043d\u0430\u044f \u0440\u0430\u0437\u0440\u044b\u0432\u043d\u0430\u044f \u043d\u0430\u0433\u0440\u0443\u0437\u043a\u0430: 23 \u043a\u041d. \u0421\u043e\u043e\u0442\u0432\u0435\u0442\u0441\u0442\u0432\u0443\u0435\u0442 \u0441\u0442\u0430\u043d\u0434\u0430\u0440\u0442\u0443 EN362:2004 \u043a\u043b\u0430\u0441\u0441 T.<\/p>\n","protected":false},"featured_media":33206,"template":"","meta":[],"pwb-brand":[],"product_brand":[],"product_cat":[1130],"product_tag":[],"class_list":{"0":"post-33208","1":"product","2":"type-product","3":"status-publish","4":"has-post-thumbnail","6":"product_cat-1130","8":"first","9":"instock","10":"taxable","11":"shipping-taxable","12":"purchasable","13":"product-type-simple"},"yoast_head":"<!-- This site is optimized with the Yoast SEO plugin v27.0 - https:\/\/yoast.com\/product\/yoast-seo-wordpress\/ -->\n<title>\u041a\u0430\u0440\u0430\u0431\u0438\u043d \u0441\u0442\u0430\u043b\u044c\u043d\u043e\u0439 Kratos 23 kN - Stafit O\u00dc<\/title>\n<meta name=\"robots\" content=\"index, follow, max-snippet:-1, max-image-preview:large, max-video-preview:-1\" \/>\n<link rel=\"canonical\" href=\"https:\/\/stafit.ee\/ru\/tovar\/\u043a\u0430\u0440\u0430\u0431\u0438\u043d-\u0441\u0442\u0430\u043b\u044c\u043d\u043e\u0439-kratos-23-kn\/\" \/>\n<meta property=\"og:locale\" content=\"ru_RU\" \/>\n<meta property=\"og:type\" content=\"article\" \/>\n<meta property=\"og:title\" content=\"\u041a\u0430\u0440\u0430\u0431\u0438\u043d \u0441\u0442\u0430\u043b\u044c\u043d\u043e\u0439 Kratos 23 kN - Stafit O\u00dc\" \/>\n<meta property=\"og:description\" content=\"\u041c\u0430\u0442\u0435\u0440\u0438\u0430\u043b: \u0441\u0442\u0430\u043b\u044c. \u0413\u043b\u0443\u0431\u0438\u043d\u0430 \u0440\u0430\u0441\u043a\u0440\u044b\u0442\u0438\u044f \u043a\u0430\u0440\u0430\u0431\u0438\u043d\u0430: 50.8 \u043c\u043c. \u041f\u0440\u043e\u0434\u043e\u043b\u044c\u043d\u0430\u044f \u0440\u0430\u0437\u0440\u044b\u0432\u043d\u0430\u044f \u043d\u0430\u0433\u0440\u0443\u0437\u043a\u0430: 23 \u043a\u041d. \u0421\u043e\u043e\u0442\u0432\u0435\u0442\u0441\u0442\u0432\u0443\u0435\u0442 \u0441\u0442\u0430\u043d\u0434\u0430\u0440\u0442\u0443 EN362:2004 \u043a\u043b\u0430\u0441\u0441 T.\" \/>\n<meta property=\"og:url\" content=\"https:\/\/stafit.ee\/ru\/tovar\/\u043a\u0430\u0440\u0430\u0431\u0438\u043d-\u0441\u0442\u0430\u043b\u044c\u043d\u043e\u0439-kratos-23-kn\/\" \/>\n<meta property=\"og:site_name\" content=\"Stafit O\u00dc\" \/>\n<meta property=\"article:modified_time\" content=\"2026-04-08T15:25:47+00:00\" \/>\n<meta property=\"og:image\" content=\"https:\/\/stafit.ee\/wp-content\/uploads\/2021\/09\/fa5020755-1.jpg\" \/>\n\t<meta property=\"og:image:width\" content=\"1200\" \/>\n\t<meta property=\"og:image:height\" content=\"1200\" \/>\n\t<meta property=\"og:image:type\" content=\"image\/jpeg\" \/>\n<meta name=\"twitter:card\" content=\"summary_large_image\" \/>\n<script type=\"application\/ld+json\" class=\"yoast-schema-graph\">{\"@context\":\"https:\/\/schema.org\",\"@graph\":[{\"@type\":\"WebPage\",\"@id\":\"https:\/\/stafit.ee\/ru\/tovar\/%d0%ba%d0%b0%d1%80%d0%b0%d0%b1%d0%b8%d0%bd-%d1%81%d1%82%d0%b0%d0%bb%d1%8c%d0%bd%d0%be%d0%b9-kratos-23-kn\/\",\"url\":\"https:\/\/stafit.ee\/ru\/tovar\/%d0%ba%d0%b0%d1%80%d0%b0%d0%b1%d0%b8%d0%bd-%d1%81%d1%82%d0%b0%d0%bb%d1%8c%d0%bd%d0%be%d0%b9-kratos-23-kn\/\",\"name\":\"\u041a\u0430\u0440\u0430\u0431\u0438\u043d \u0441\u0442\u0430\u043b\u044c\u043d\u043e\u0439 Kratos 23 kN - Stafit O\u00dc\",\"isPartOf\":{\"@id\":\"https:\/\/stafit.ee\/#website\"},\"primaryImageOfPage\":{\"@id\":\"https:\/\/stafit.ee\/ru\/tovar\/%d0%ba%d0%b0%d1%80%d0%b0%d0%b1%d0%b8%d0%bd-%d1%81%d1%82%d0%b0%d0%bb%d1%8c%d0%bd%d0%be%d0%b9-kratos-23-kn\/#primaryimage\"},\"image\":{\"@id\":\"https:\/\/stafit.ee\/ru\/tovar\/%d0%ba%d0%b0%d1%80%d0%b0%d0%b1%d0%b8%d0%bd-%d1%81%d1%82%d0%b0%d0%bb%d1%8c%d0%bd%d0%be%d0%b9-kratos-23-kn\/#primaryimage\"},\"thumbnailUrl\":\"https:\/\/stafit.ee\/wp-content\/uploads\/2021\/09\/fa5020755-1.jpg\",\"datePublished\":\"2021-09-23T14:02:17+00:00\",\"dateModified\":\"2026-04-08T15:25:47+00:00\",\"breadcrumb\":{\"@id\":\"https:\/\/stafit.ee\/ru\/tovar\/%d0%ba%d0%b0%d1%80%d0%b0%d0%b1%d0%b8%d0%bd-%d1%81%d1%82%d0%b0%d0%bb%d1%8c%d0%bd%d0%be%d0%b9-kratos-23-kn\/#breadcrumb\"},\"inLanguage\":\"ru-RU\",\"potentialAction\":[{\"@type\":\"ReadAction\",\"target\":[\"https:\/\/stafit.ee\/ru\/tovar\/%d0%ba%d0%b0%d1%80%d0%b0%d0%b1%d0%b8%d0%bd-%d1%81%d1%82%d0%b0%d0%bb%d1%8c%d0%bd%d0%be%d0%b9-kratos-23-kn\/\"]}]},{\"@type\":\"ImageObject\",\"inLanguage\":\"ru-RU\",\"@id\":\"https:\/\/stafit.ee\/ru\/tovar\/%d0%ba%d0%b0%d1%80%d0%b0%d0%b1%d0%b8%d0%bd-%d1%81%d1%82%d0%b0%d0%bb%d1%8c%d0%bd%d0%be%d0%b9-kratos-23-kn\/#primaryimage\",\"url\":\"https:\/\/stafit.ee\/wp-content\/uploads\/2021\/09\/fa5020755-1.jpg\",\"contentUrl\":\"https:\/\/stafit.ee\/wp-content\/uploads\/2021\/09\/fa5020755-1.jpg\",\"width\":1200,\"height\":1200},{\"@type\":\"BreadcrumbList\",\"@id\":\"https:\/\/stafit.ee\/ru\/tovar\/%d0%ba%d0%b0%d1%80%d0%b0%d0%b1%d0%b8%d0%bd-%d1%81%d1%82%d0%b0%d0%bb%d1%8c%d0%bd%d0%be%d0%b9-kratos-23-kn\/#breadcrumb\",\"itemListElement\":[{\"@type\":\"ListItem\",\"position\":1,\"name\":\"Home\",\"item\":\"https:\/\/stafit.ee\/ru\/\"},{\"@type\":\"ListItem\",\"position\":2,\"name\":\"\u041c\u0430\u0433\u0430\u0437\u0438\u043d\",\"item\":\"https:\/\/stafit.ee\/ru\/pood\/\"},{\"@type\":\"ListItem\",\"position\":3,\"name\":\"\u041a\u0430\u0440\u0430\u0431\u0438\u043d \u0441\u0442\u0430\u043b\u044c\u043d\u043e\u0439 Kratos 23 kN\"}]},{\"@type\":\"WebSite\",\"@id\":\"https:\/\/stafit.ee\/#website\",\"url\":\"https:\/\/stafit.ee\/\",\"name\":\"Stafit O\u00dc\",\"description\":\"T\u00f6\u00f6riete ja ohutusvahendite jae ja hulgim\u00fc\u00fck\",\"potentialAction\":[{\"@type\":\"SearchAction\",\"target\":{\"@type\":\"EntryPoint\",\"urlTemplate\":\"https:\/\/stafit.ee\/?s={search_term_string}\"},\"query-input\":{\"@type\":\"PropertyValueSpecification\",\"valueRequired\":true,\"valueName\":\"search_term_string\"}}],\"inLanguage\":\"ru-RU\"}]}<\/script>\n<!-- \/ Yoast SEO plugin. -->","yoast_head_json":{"title":"\u041a\u0430\u0440\u0430\u0431\u0438\u043d \u0441\u0442\u0430\u043b\u044c\u043d\u043e\u0439 Kratos 23 kN - Stafit O\u00dc","robots":{"index":"index","follow":"follow","max-snippet":"max-snippet:-1","max-image-preview":"max-image-preview:large","max-video-preview":"max-video-preview:-1"},"canonical":"https:\/\/stafit.ee\/ru\/tovar\/\u043a\u0430\u0440\u0430\u0431\u0438\u043d-\u0441\u0442\u0430\u043b\u044c\u043d\u043e\u0439-kratos-23-kn\/","og_locale":"ru_RU","og_type":"article","og_title":"\u041a\u0430\u0440\u0430\u0431\u0438\u043d \u0441\u0442\u0430\u043b\u044c\u043d\u043e\u0439 Kratos 23 kN - Stafit O\u00dc","og_description":"\u041c\u0430\u0442\u0435\u0440\u0438\u0430\u043b: \u0441\u0442\u0430\u043b\u044c. \u0413\u043b\u0443\u0431\u0438\u043d\u0430 \u0440\u0430\u0441\u043a\u0440\u044b\u0442\u0438\u044f \u043a\u0430\u0440\u0430\u0431\u0438\u043d\u0430: 50.8 \u043c\u043c. \u041f\u0440\u043e\u0434\u043e\u043b\u044c\u043d\u0430\u044f \u0440\u0430\u0437\u0440\u044b\u0432\u043d\u0430\u044f \u043d\u0430\u0433\u0440\u0443\u0437\u043a\u0430: 23 \u043a\u041d. \u0421\u043e\u043e\u0442\u0432\u0435\u0442\u0441\u0442\u0432\u0443\u0435\u0442 \u0441\u0442\u0430\u043d\u0434\u0430\u0440\u0442\u0443 EN362:2004 \u043a\u043b\u0430\u0441\u0441 T.","og_url":"https:\/\/stafit.ee\/ru\/tovar\/\u043a\u0430\u0440\u0430\u0431\u0438\u043d-\u0441\u0442\u0430\u043b\u044c\u043d\u043e\u0439-kratos-23-kn\/","og_site_name":"Stafit O\u00dc","article_modified_time":"2026-04-08T15:25:47+00:00","og_image":[{"width":1200,"height":1200,"url":"https:\/\/stafit.ee\/wp-content\/uploads\/2021\/09\/fa5020755-1.jpg","type":"image\/jpeg"}],"twitter_card":"summary_large_image","schema":{"@context":"https:\/\/schema.org","@graph":[{"@type":"WebPage","@id":"https:\/\/stafit.ee\/ru\/tovar\/%d0%ba%d0%b0%d1%80%d0%b0%d0%b1%d0%b8%d0%bd-%d1%81%d1%82%d0%b0%d0%bb%d1%8c%d0%bd%d0%be%d0%b9-kratos-23-kn\/","url":"https:\/\/stafit.ee\/ru\/tovar\/%d0%ba%d0%b0%d1%80%d0%b0%d0%b1%d0%b8%d0%bd-%d1%81%d1%82%d0%b0%d0%bb%d1%8c%d0%bd%d0%be%d0%b9-kratos-23-kn\/","name":"\u041a\u0430\u0440\u0430\u0431\u0438\u043d \u0441\u0442\u0430\u043b\u044c\u043d\u043e\u0439 Kratos 23 kN - Stafit O\u00dc","isPartOf":{"@id":"https:\/\/stafit.ee\/#website"},"primaryImageOfPage":{"@id":"https:\/\/stafit.ee\/ru\/tovar\/%d0%ba%d0%b0%d1%80%d0%b0%d0%b1%d0%b8%d0%bd-%d1%81%d1%82%d0%b0%d0%bb%d1%8c%d0%bd%d0%be%d0%b9-kratos-23-kn\/#primaryimage"},"image":{"@id":"https:\/\/stafit.ee\/ru\/tovar\/%d0%ba%d0%b0%d1%80%d0%b0%d0%b1%d0%b8%d0%bd-%d1%81%d1%82%d0%b0%d0%bb%d1%8c%d0%bd%d0%be%d0%b9-kratos-23-kn\/#primaryimage"},"thumbnailUrl":"https:\/\/stafit.ee\/wp-content\/uploads\/2021\/09\/fa5020755-1.jpg","datePublished":"2021-09-23T14:02:17+00:00","dateModified":"2026-04-08T15:25:47+00:00","breadcrumb":{"@id":"https:\/\/stafit.ee\/ru\/tovar\/%d0%ba%d0%b0%d1%80%d0%b0%d0%b1%d0%b8%d0%bd-%d1%81%d1%82%d0%b0%d0%bb%d1%8c%d0%bd%d0%be%d0%b9-kratos-23-kn\/#breadcrumb"},"inLanguage":"ru-RU","potentialAction":[{"@type":"ReadAction","target":["https:\/\/stafit.ee\/ru\/tovar\/%d0%ba%d0%b0%d1%80%d0%b0%d0%b1%d0%b8%d0%bd-%d1%81%d1%82%d0%b0%d0%bb%d1%8c%d0%bd%d0%be%d0%b9-kratos-23-kn\/"]}]},{"@type":"ImageObject","inLanguage":"ru-RU","@id":"https:\/\/stafit.ee\/ru\/tovar\/%d0%ba%d0%b0%d1%80%d0%b0%d0%b1%d0%b8%d0%bd-%d1%81%d1%82%d0%b0%d0%bb%d1%8c%d0%bd%d0%be%d0%b9-kratos-23-kn\/#primaryimage","url":"https:\/\/stafit.ee\/wp-content\/uploads\/2021\/09\/fa5020755-1.jpg","contentUrl":"https:\/\/stafit.ee\/wp-content\/uploads\/2021\/09\/fa5020755-1.jpg","width":1200,"height":1200},{"@type":"BreadcrumbList","@id":"https:\/\/stafit.ee\/ru\/tovar\/%d0%ba%d0%b0%d1%80%d0%b0%d0%b1%d0%b8%d0%bd-%d1%81%d1%82%d0%b0%d0%bb%d1%8c%d0%bd%d0%be%d0%b9-kratos-23-kn\/#breadcrumb","itemListElement":[{"@type":"ListItem","position":1,"name":"Home","item":"https:\/\/stafit.ee\/ru\/"},{"@type":"ListItem","position":2,"name":"\u041c\u0430\u0433\u0430\u0437\u0438\u043d","item":"https:\/\/stafit.ee\/ru\/pood\/"},{"@type":"ListItem","position":3,"name":"\u041a\u0430\u0440\u0430\u0431\u0438\u043d \u0441\u0442\u0430\u043b\u044c\u043d\u043e\u0439 Kratos 23 kN"}]},{"@type":"WebSite","@id":"https:\/\/stafit.ee\/#website","url":"https:\/\/stafit.ee\/","name":"Stafit O\u00dc","description":"T\u00f6\u00f6riete ja ohutusvahendite jae ja hulgim\u00fc\u00fck","potentialAction":[{"@type":"SearchAction","target":{"@type":"EntryPoint","urlTemplate":"https:\/\/stafit.ee\/?s={search_term_string}"},"query-input":{"@type":"PropertyValueSpecification","valueRequired":true,"valueName":"search_term_string"}}],"inLanguage":"ru-RU"}]}},"brands":[],"_links":{"self":[{"href":"https:\/\/stafit.ee\/ru\/wp-json\/wp\/v2\/product\/33208","targetHints":{"allow":["GET"]}}],"collection":[{"href":"https:\/\/stafit.ee\/ru\/wp-json\/wp\/v2\/product"}],"about":[{"href":"https:\/\/stafit.ee\/ru\/wp-json\/wp\/v2\/types\/product"}],"wp:featuredmedia":[{"embeddable":true,"href":"https:\/\/stafit.ee\/ru\/wp-json\/wp\/v2\/media\/33206"}],"wp:attachment":[{"href":"https:\/\/stafit.ee\/ru\/wp-json\/wp\/v2\/media?parent=33208"}],"wp:term":[{"taxonomy":"pwb-brand","embeddable":true,"href":"https:\/\/stafit.ee\/ru\/wp-json\/wp\/v2\/pwb-brand?post=33208"},{"taxonomy":"product_brand","embeddable":true,"href":"https:\/\/stafit.ee\/ru\/wp-json\/wp\/v2\/product_brand?post=33208"},{"taxonomy":"product_cat","embeddable":true,"href":"https:\/\/stafit.ee\/ru\/wp-json\/wp\/v2\/product_cat?post=33208"},{"taxonomy":"product_tag","embeddable":true,"href":"https:\/\/stafit.ee\/ru\/wp-json\/wp\/v2\/product_tag?post=33208"}],"curies":[{"name":"wp","href":"https:\/\/api.w.org\/{rel}","templated":true}]}}