{"id":33169,"date":"2021-09-23T16:00:50","date_gmt":"2021-09-23T13:00:50","guid":{"rendered":"https:\/\/stafit.ee\/toode\/%d1%81%d1%82%d1%80%d0%b0%d1%85%d0%be%d0%b2%d0%be%d1%87%d0%bd%d1%8b%d0%b9-%d1%81%d1%82%d1%80%d0%be%d0%bf-%d1%81-y-%d0%be%d0%b1%d1%80%d0%b0%d0%b7%d0%bd%d1%8b%d0%bc-fa3060015\/"},"modified":"2026-04-08T18:17:51","modified_gmt":"2026-04-08T15:17:51","slug":"%d1%81%d1%82%d1%80%d0%b0%d1%85%d0%be%d0%b2%d0%be%d1%87%d0%bd%d1%8b%d0%b9-%d1%81%d1%82%d1%80%d0%be%d0%bf-%d1%81-y-%d0%be%d0%b1%d1%80%d0%b0%d0%b7%d0%bd%d1%8b%d0%bc-fa3060015","status":"publish","type":"product","link":"https:\/\/stafit.ee\/ru\/tovar\/%d1%81%d1%82%d1%80%d0%b0%d1%85%d0%be%d0%b2%d0%be%d1%87%d0%bd%d1%8b%d0%b9-%d1%81%d1%82%d1%80%d0%be%d0%bf-%d1%81-y-%d0%be%d0%b1%d1%80%d0%b0%d0%b7%d0%bd%d1%8b%d0%bc-fa3060015\/","title":{"rendered":"\u0421\u0442\u0440\u0430\u0445\u043e\u0432\u043e\u0447\u043d\u044b\u0439 \u0441\u0442\u0440\u043e\u043f \u0441 Y-\u043e\u0431\u0440\u0430\u0437\u043d\u044b\u043c \u0430\u043c\u043e\u0440\u0442\u0438\u0437\u0430\u0442\u043e\u0440\u043e\u043c 1.5 \u043c KRATOS"},"content":{"rendered":"<ul>\n<li>\u0414\u043b\u0438\u043d\u0430: 1.5 \u043c.<\/li>\n<li>\u0412 \u043a\u043e\u043c\u043f\u043b\u0435\u043a\u0442\u0430\u0446\u0438\u044e \u0432\u0445\u043e\u0434\u044f\u0442 3 \u0441\u043e\u0435\u0434\u0438\u043d\u0438\u0442\u0435\u043b\u044f: 1 \u0437\u0430\u0432\u0438\u043d\u0447\u0438\u0432\u0430\u044e\u0449\u0438\u0439\u0441\u044f \u0441\u0442\u0430\u043b\u044c\u043d\u043e\u0439 \u043a\u0430\u0440\u0430\u0431\u0438\u043d \u0438 2 \u0441\u0442\u0430\u043b\u044c\u043d\u044b\u0445 \u043a\u0440\u044e\u043a\u0430-\u043a\u0430\u0440\u0430\u0431\u0438\u043d\u0430.<\/li>\n<li>\u0421\u043e\u043e\u0442\u0432\u0435\u0442\u0441\u0442\u0432\u0443\u0435\u0442 \u0441\u0442\u0430\u043d\u0434\u0430\u0440\u0442\u0443 EN 355:2002.<\/li>\n<li>\u041c\u0430\u0442\u0435\u0440\u0438\u0430\u043b \u0441\u0442\u0440\u043e\u043f: \u043f\u043e\u043b\u0438\u0430\u043c\u0438\u0434\u043d\u044b\u0439 \u043f\u043b\u0435\u0442\u0451\u043d\u044b\u0439 \u043a\u0430\u043d\u0430\u0442 \u0434\u0438\u0430\u043c\u0435\u0442\u0440\u043e\u043c 11 \u043c\u043c.<\/li>\n<li>\u0410\u043c\u043e\u0440\u0442\u0438\u0437\u0430\u0442\u043e\u0440: \u043b\u0435\u043d\u0442\u0430 \u0438\u0437 \u043f\u043e\u043b\u0438\u0430\u043c\u0438\u0434\u0430 44 \u043c\u043c, \u043e\u0433\u0440\u0430\u043d\u0438\u0447\u0438\u0432\u0430\u0435\u0442 \u043d\u0430\u0433\u0440\u0443\u0437\u043a\u0443 \u043d\u0430 \u043f\u043e\u043b\u044c\u0437\u043e\u0432\u0430\u0442\u0435\u043b\u044f \u0434\u043e 6 \u043a\u041d.<\/li>\n<li>\u0418\u043d\u0434\u0438\u043a\u0430\u0442\u043e\u0440 \u043f\u0430\u0434\u0435\u043d\u0438\u044f \u0441\u0438\u0433\u043d\u0430\u043b\u0438\u0437\u0438\u0440\u0443\u0435\u0442, \u043a\u043e\u0433\u0434\u0430 \u0441\u043b\u0435\u0434\u0443\u0435\u0442 \u0438\u0437\u044a\u044f\u0442\u044c \u0438\u0437\u0434\u0435\u043b\u0438\u0435 \u0438\u0437 \u044d\u043a\u0441\u043f\u043b\u0443\u0430\u0442\u0430\u0446\u0438\u0438.<\/li>\n<li>\u041c\u0430\u043a\u0441\u0438\u043c\u0430\u043b\u044c\u043d\u0430\u044f \u043d\u0430\u0433\u0440\u0443\u0437\u043a\u0430: 100 \u043a\u0433.<\/li>\n<\/ul>\n","protected":false},"excerpt":{"rendered":"<p>\u0414\u043b\u0438\u043d\u0430: 1.5 \u043c. \u0412 \u043a\u043e\u043c\u043f\u043b\u0435\u043a\u0442\u0430\u0446\u0438\u044e \u0432\u0445\u043e\u0434\u044f\u0442 3 \u0441\u043e\u0435\u0434\u0438\u043d\u0438\u0442\u0435\u043b\u044f: 1 \u0437\u0430\u0432\u0438\u043d\u0447\u0438\u0432\u0430\u044e\u0449\u0438\u0439\u0441\u044f \u0441\u0442\u0430\u043b\u044c\u043d\u043e\u0439 \u043a\u0430\u0440\u0430\u0431\u0438\u043d \u0438 2 \u0441\u0442\u0430\u043b\u044c\u043d\u044b\u0445 \u043a\u0440\u044e\u043a\u0430-\u043a\u0430\u0440\u0430\u0431\u0438\u043d\u0430. \u0421\u043e\u043e\u0442\u0432\u0435\u0442\u0441\u0442\u0432\u0443\u0435\u0442 \u0441\u0442\u0430\u043d\u0434\u0430\u0440\u0442\u0443 EN 355:2002. \u041c\u0430\u0442\u0435\u0440\u0438\u0430\u043b \u0441\u0442\u0440\u043e\u043f: \u043f\u043e\u043b\u0438\u0430\u043c\u0438\u0434\u043d\u044b\u0439 \u043f\u043b\u0435\u0442\u0451\u043d\u044b\u0439 \u043a\u0430\u043d\u0430\u0442 \u0434\u0438\u0430\u043c\u0435\u0442\u0440\u043e\u043c 11 \u043c\u043c. \u0410\u043c\u043e\u0440\u0442\u0438\u0437\u0430\u0442\u043e\u0440: \u043b\u0435\u043d\u0442\u0430 \u0438\u0437 \u043f\u043e\u043b\u0438\u0430\u043c\u0438\u0434\u0430 44 \u043c\u043c, \u043e\u0433\u0440\u0430\u043d\u0438\u0447\u0438\u0432\u0430\u0435\u0442 \u043d\u0430\u0433\u0440\u0443\u0437\u043a\u0443 \u043d\u0430 \u043f\u043e\u043b\u044c\u0437\u043e\u0432\u0430\u0442\u0435\u043b\u044f \u0434\u043e 6 \u043a\u041d. \u0418\u043d\u0434\u0438\u043a\u0430\u0442\u043e\u0440 \u043f\u0430\u0434\u0435\u043d\u0438\u044f \u0441\u0438\u0433\u043d\u0430\u043b\u0438\u0437\u0438\u0440\u0443\u0435\u0442, \u043a\u043e\u0433\u0434\u0430 \u0441\u043b\u0435\u0434\u0443\u0435\u0442 \u0438\u0437\u044a\u044f\u0442\u044c \u0438\u0437\u0434\u0435\u043b\u0438\u0435 \u0438\u0437 \u044d\u043a\u0441\u043f\u043b\u0443\u0430\u0442\u0430\u0446\u0438\u0438. \u041c\u0430\u043a\u0441\u0438\u043c\u0430\u043b\u044c\u043d\u0430\u044f \u043d\u0430\u0433\u0440\u0443\u0437\u043a\u0430: 100 \u043a\u0433.<\/p>\n","protected":false},"featured_media":33167,"template":"","meta":[],"pwb-brand":[],"product_brand":[],"product_cat":[1130],"product_tag":[],"class_list":{"0":"post-33169","1":"product","2":"type-product","3":"status-publish","4":"has-post-thumbnail","6":"product_cat-1130","8":"first","9":"instock","10":"taxable","11":"shipping-taxable","12":"purchasable","13":"product-type-simple"},"yoast_head":"<!-- This site is optimized with the Yoast SEO plugin v27.0 - https:\/\/yoast.com\/product\/yoast-seo-wordpress\/ -->\n<title>\u0421\u0442\u0440\u0430\u0445\u043e\u0432\u043e\u0447\u043d\u044b\u0439 \u0441\u0442\u0440\u043e\u043f \u0441 Y-\u043e\u0431\u0440\u0430\u0437\u043d\u044b\u043c \u0430\u043c\u043e\u0440\u0442\u0438\u0437\u0430\u0442\u043e\u0440\u043e\u043c 1.5 \u043c KRATOS - Stafit O\u00dc<\/title>\n<meta name=\"robots\" content=\"index, follow, max-snippet:-1, max-image-preview:large, max-video-preview:-1\" \/>\n<link rel=\"canonical\" href=\"https:\/\/stafit.ee\/ru\/tovar\/\u0441\u0442\u0440\u0430\u0445\u043e\u0432\u043e\u0447\u043d\u044b\u0439-\u0441\u0442\u0440\u043e\u043f-\u0441-y-\u043e\u0431\u0440\u0430\u0437\u043d\u044b\u043c-fa3060015\/\" \/>\n<meta property=\"og:locale\" content=\"ru_RU\" \/>\n<meta property=\"og:type\" content=\"article\" \/>\n<meta property=\"og:title\" content=\"\u0421\u0442\u0440\u0430\u0445\u043e\u0432\u043e\u0447\u043d\u044b\u0439 \u0441\u0442\u0440\u043e\u043f \u0441 Y-\u043e\u0431\u0440\u0430\u0437\u043d\u044b\u043c \u0430\u043c\u043e\u0440\u0442\u0438\u0437\u0430\u0442\u043e\u0440\u043e\u043c 1.5 \u043c KRATOS - Stafit O\u00dc\" \/>\n<meta property=\"og:description\" content=\"\u0414\u043b\u0438\u043d\u0430: 1.5 \u043c. \u0412 \u043a\u043e\u043c\u043f\u043b\u0435\u043a\u0442\u0430\u0446\u0438\u044e \u0432\u0445\u043e\u0434\u044f\u0442 3 \u0441\u043e\u0435\u0434\u0438\u043d\u0438\u0442\u0435\u043b\u044f: 1 \u0437\u0430\u0432\u0438\u043d\u0447\u0438\u0432\u0430\u044e\u0449\u0438\u0439\u0441\u044f \u0441\u0442\u0430\u043b\u044c\u043d\u043e\u0439 \u043a\u0430\u0440\u0430\u0431\u0438\u043d \u0438 2 \u0441\u0442\u0430\u043b\u044c\u043d\u044b\u0445 \u043a\u0440\u044e\u043a\u0430-\u043a\u0430\u0440\u0430\u0431\u0438\u043d\u0430. \u0421\u043e\u043e\u0442\u0432\u0435\u0442\u0441\u0442\u0432\u0443\u0435\u0442 \u0441\u0442\u0430\u043d\u0434\u0430\u0440\u0442\u0443 EN 355:2002. \u041c\u0430\u0442\u0435\u0440\u0438\u0430\u043b \u0441\u0442\u0440\u043e\u043f: \u043f\u043e\u043b\u0438\u0430\u043c\u0438\u0434\u043d\u044b\u0439 \u043f\u043b\u0435\u0442\u0451\u043d\u044b\u0439 \u043a\u0430\u043d\u0430\u0442 \u0434\u0438\u0430\u043c\u0435\u0442\u0440\u043e\u043c 11 \u043c\u043c. \u0410\u043c\u043e\u0440\u0442\u0438\u0437\u0430\u0442\u043e\u0440: \u043b\u0435\u043d\u0442\u0430 \u0438\u0437 \u043f\u043e\u043b\u0438\u0430\u043c\u0438\u0434\u0430 44 \u043c\u043c, \u043e\u0433\u0440\u0430\u043d\u0438\u0447\u0438\u0432\u0430\u0435\u0442 \u043d\u0430\u0433\u0440\u0443\u0437\u043a\u0443 \u043d\u0430 \u043f\u043e\u043b\u044c\u0437\u043e\u0432\u0430\u0442\u0435\u043b\u044f \u0434\u043e 6 \u043a\u041d. \u0418\u043d\u0434\u0438\u043a\u0430\u0442\u043e\u0440 \u043f\u0430\u0434\u0435\u043d\u0438\u044f \u0441\u0438\u0433\u043d\u0430\u043b\u0438\u0437\u0438\u0440\u0443\u0435\u0442, \u043a\u043e\u0433\u0434\u0430 \u0441\u043b\u0435\u0434\u0443\u0435\u0442 \u0438\u0437\u044a\u044f\u0442\u044c \u0438\u0437\u0434\u0435\u043b\u0438\u0435 \u0438\u0437 \u044d\u043a\u0441\u043f\u043b\u0443\u0430\u0442\u0430\u0446\u0438\u0438. \u041c\u0430\u043a\u0441\u0438\u043c\u0430\u043b\u044c\u043d\u0430\u044f \u043d\u0430\u0433\u0440\u0443\u0437\u043a\u0430: 100 \u043a\u0433.\" \/>\n<meta property=\"og:url\" content=\"https:\/\/stafit.ee\/ru\/tovar\/\u0441\u0442\u0440\u0430\u0445\u043e\u0432\u043e\u0447\u043d\u044b\u0439-\u0441\u0442\u0440\u043e\u043f-\u0441-y-\u043e\u0431\u0440\u0430\u0437\u043d\u044b\u043c-fa3060015\/\" \/>\n<meta property=\"og:site_name\" content=\"Stafit O\u00dc\" \/>\n<meta property=\"article:modified_time\" content=\"2026-04-08T15:17:51+00:00\" \/>\n<meta property=\"og:image\" content=\"https:\/\/stafit.ee\/wp-content\/uploads\/2021\/09\/fa3060015-1.jpg\" \/>\n\t<meta property=\"og:image:width\" content=\"1000\" \/>\n\t<meta property=\"og:image:height\" content=\"1000\" \/>\n\t<meta property=\"og:image:type\" content=\"image\/jpeg\" \/>\n<meta name=\"twitter:card\" content=\"summary_large_image\" \/>\n<script type=\"application\/ld+json\" class=\"yoast-schema-graph\">{\"@context\":\"https:\/\/schema.org\",\"@graph\":[{\"@type\":\"WebPage\",\"@id\":\"https:\/\/stafit.ee\/ru\/tovar\/%d1%81%d1%82%d1%80%d0%b0%d1%85%d0%be%d0%b2%d0%be%d1%87%d0%bd%d1%8b%d0%b9-%d1%81%d1%82%d1%80%d0%be%d0%bf-%d1%81-y-%d0%be%d0%b1%d1%80%d0%b0%d0%b7%d0%bd%d1%8b%d0%bc-fa3060015\/\",\"url\":\"https:\/\/stafit.ee\/ru\/tovar\/%d1%81%d1%82%d1%80%d0%b0%d1%85%d0%be%d0%b2%d0%be%d1%87%d0%bd%d1%8b%d0%b9-%d1%81%d1%82%d1%80%d0%be%d0%bf-%d1%81-y-%d0%be%d0%b1%d1%80%d0%b0%d0%b7%d0%bd%d1%8b%d0%bc-fa3060015\/\",\"name\":\"\u0421\u0442\u0440\u0430\u0445\u043e\u0432\u043e\u0447\u043d\u044b\u0439 \u0441\u0442\u0440\u043e\u043f \u0441 Y-\u043e\u0431\u0440\u0430\u0437\u043d\u044b\u043c \u0430\u043c\u043e\u0440\u0442\u0438\u0437\u0430\u0442\u043e\u0440\u043e\u043c 1.5 \u043c KRATOS - Stafit O\u00dc\",\"isPartOf\":{\"@id\":\"https:\/\/stafit.ee\/#website\"},\"primaryImageOfPage\":{\"@id\":\"https:\/\/stafit.ee\/ru\/tovar\/%d1%81%d1%82%d1%80%d0%b0%d1%85%d0%be%d0%b2%d0%be%d1%87%d0%bd%d1%8b%d0%b9-%d1%81%d1%82%d1%80%d0%be%d0%bf-%d1%81-y-%d0%be%d0%b1%d1%80%d0%b0%d0%b7%d0%bd%d1%8b%d0%bc-fa3060015\/#primaryimage\"},\"image\":{\"@id\":\"https:\/\/stafit.ee\/ru\/tovar\/%d1%81%d1%82%d1%80%d0%b0%d1%85%d0%be%d0%b2%d0%be%d1%87%d0%bd%d1%8b%d0%b9-%d1%81%d1%82%d1%80%d0%be%d0%bf-%d1%81-y-%d0%be%d0%b1%d1%80%d0%b0%d0%b7%d0%bd%d1%8b%d0%bc-fa3060015\/#primaryimage\"},\"thumbnailUrl\":\"https:\/\/stafit.ee\/wp-content\/uploads\/2021\/09\/fa3060015-1.jpg\",\"datePublished\":\"2021-09-23T13:00:50+00:00\",\"dateModified\":\"2026-04-08T15:17:51+00:00\",\"breadcrumb\":{\"@id\":\"https:\/\/stafit.ee\/ru\/tovar\/%d1%81%d1%82%d1%80%d0%b0%d1%85%d0%be%d0%b2%d0%be%d1%87%d0%bd%d1%8b%d0%b9-%d1%81%d1%82%d1%80%d0%be%d0%bf-%d1%81-y-%d0%be%d0%b1%d1%80%d0%b0%d0%b7%d0%bd%d1%8b%d0%bc-fa3060015\/#breadcrumb\"},\"inLanguage\":\"ru-RU\",\"potentialAction\":[{\"@type\":\"ReadAction\",\"target\":[\"https:\/\/stafit.ee\/ru\/tovar\/%d1%81%d1%82%d1%80%d0%b0%d1%85%d0%be%d0%b2%d0%be%d1%87%d0%bd%d1%8b%d0%b9-%d1%81%d1%82%d1%80%d0%be%d0%bf-%d1%81-y-%d0%be%d0%b1%d1%80%d0%b0%d0%b7%d0%bd%d1%8b%d0%bc-fa3060015\/\"]}]},{\"@type\":\"ImageObject\",\"inLanguage\":\"ru-RU\",\"@id\":\"https:\/\/stafit.ee\/ru\/tovar\/%d1%81%d1%82%d1%80%d0%b0%d1%85%d0%be%d0%b2%d0%be%d1%87%d0%bd%d1%8b%d0%b9-%d1%81%d1%82%d1%80%d0%be%d0%bf-%d1%81-y-%d0%be%d0%b1%d1%80%d0%b0%d0%b7%d0%bd%d1%8b%d0%bc-fa3060015\/#primaryimage\",\"url\":\"https:\/\/stafit.ee\/wp-content\/uploads\/2021\/09\/fa3060015-1.jpg\",\"contentUrl\":\"https:\/\/stafit.ee\/wp-content\/uploads\/2021\/09\/fa3060015-1.jpg\",\"width\":1000,\"height\":1000},{\"@type\":\"BreadcrumbList\",\"@id\":\"https:\/\/stafit.ee\/ru\/tovar\/%d1%81%d1%82%d1%80%d0%b0%d1%85%d0%be%d0%b2%d0%be%d1%87%d0%bd%d1%8b%d0%b9-%d1%81%d1%82%d1%80%d0%be%d0%bf-%d1%81-y-%d0%be%d0%b1%d1%80%d0%b0%d0%b7%d0%bd%d1%8b%d0%bc-fa3060015\/#breadcrumb\",\"itemListElement\":[{\"@type\":\"ListItem\",\"position\":1,\"name\":\"Home\",\"item\":\"https:\/\/stafit.ee\/ru\/\"},{\"@type\":\"ListItem\",\"position\":2,\"name\":\"\u041c\u0430\u0433\u0430\u0437\u0438\u043d\",\"item\":\"https:\/\/stafit.ee\/ru\/pood\/\"},{\"@type\":\"ListItem\",\"position\":3,\"name\":\"\u0421\u0442\u0440\u0430\u0445\u043e\u0432\u043e\u0447\u043d\u044b\u0439 \u0441\u0442\u0440\u043e\u043f \u0441 Y-\u043e\u0431\u0440\u0430\u0437\u043d\u044b\u043c \u0430\u043c\u043e\u0440\u0442\u0438\u0437\u0430\u0442\u043e\u0440\u043e\u043c 1.5 \u043c KRATOS\"}]},{\"@type\":\"WebSite\",\"@id\":\"https:\/\/stafit.ee\/#website\",\"url\":\"https:\/\/stafit.ee\/\",\"name\":\"Stafit O\u00dc\",\"description\":\"T\u00f6\u00f6riete ja ohutusvahendite jae ja hulgim\u00fc\u00fck\",\"potentialAction\":[{\"@type\":\"SearchAction\",\"target\":{\"@type\":\"EntryPoint\",\"urlTemplate\":\"https:\/\/stafit.ee\/?s={search_term_string}\"},\"query-input\":{\"@type\":\"PropertyValueSpecification\",\"valueRequired\":true,\"valueName\":\"search_term_string\"}}],\"inLanguage\":\"ru-RU\"}]}<\/script>\n<!-- \/ Yoast SEO plugin. -->","yoast_head_json":{"title":"\u0421\u0442\u0440\u0430\u0445\u043e\u0432\u043e\u0447\u043d\u044b\u0439 \u0441\u0442\u0440\u043e\u043f \u0441 Y-\u043e\u0431\u0440\u0430\u0437\u043d\u044b\u043c \u0430\u043c\u043e\u0440\u0442\u0438\u0437\u0430\u0442\u043e\u0440\u043e\u043c 1.5 \u043c KRATOS - Stafit O\u00dc","robots":{"index":"index","follow":"follow","max-snippet":"max-snippet:-1","max-image-preview":"max-image-preview:large","max-video-preview":"max-video-preview:-1"},"canonical":"https:\/\/stafit.ee\/ru\/tovar\/\u0441\u0442\u0440\u0430\u0445\u043e\u0432\u043e\u0447\u043d\u044b\u0439-\u0441\u0442\u0440\u043e\u043f-\u0441-y-\u043e\u0431\u0440\u0430\u0437\u043d\u044b\u043c-fa3060015\/","og_locale":"ru_RU","og_type":"article","og_title":"\u0421\u0442\u0440\u0430\u0445\u043e\u0432\u043e\u0447\u043d\u044b\u0439 \u0441\u0442\u0440\u043e\u043f \u0441 Y-\u043e\u0431\u0440\u0430\u0437\u043d\u044b\u043c \u0430\u043c\u043e\u0440\u0442\u0438\u0437\u0430\u0442\u043e\u0440\u043e\u043c 1.5 \u043c KRATOS - Stafit O\u00dc","og_description":"\u0414\u043b\u0438\u043d\u0430: 1.5 \u043c. \u0412 \u043a\u043e\u043c\u043f\u043b\u0435\u043a\u0442\u0430\u0446\u0438\u044e \u0432\u0445\u043e\u0434\u044f\u0442 3 \u0441\u043e\u0435\u0434\u0438\u043d\u0438\u0442\u0435\u043b\u044f: 1 \u0437\u0430\u0432\u0438\u043d\u0447\u0438\u0432\u0430\u044e\u0449\u0438\u0439\u0441\u044f \u0441\u0442\u0430\u043b\u044c\u043d\u043e\u0439 \u043a\u0430\u0440\u0430\u0431\u0438\u043d \u0438 2 \u0441\u0442\u0430\u043b\u044c\u043d\u044b\u0445 \u043a\u0440\u044e\u043a\u0430-\u043a\u0430\u0440\u0430\u0431\u0438\u043d\u0430. \u0421\u043e\u043e\u0442\u0432\u0435\u0442\u0441\u0442\u0432\u0443\u0435\u0442 \u0441\u0442\u0430\u043d\u0434\u0430\u0440\u0442\u0443 EN 355:2002. \u041c\u0430\u0442\u0435\u0440\u0438\u0430\u043b \u0441\u0442\u0440\u043e\u043f: \u043f\u043e\u043b\u0438\u0430\u043c\u0438\u0434\u043d\u044b\u0439 \u043f\u043b\u0435\u0442\u0451\u043d\u044b\u0439 \u043a\u0430\u043d\u0430\u0442 \u0434\u0438\u0430\u043c\u0435\u0442\u0440\u043e\u043c 11 \u043c\u043c. \u0410\u043c\u043e\u0440\u0442\u0438\u0437\u0430\u0442\u043e\u0440: \u043b\u0435\u043d\u0442\u0430 \u0438\u0437 \u043f\u043e\u043b\u0438\u0430\u043c\u0438\u0434\u0430 44 \u043c\u043c, \u043e\u0433\u0440\u0430\u043d\u0438\u0447\u0438\u0432\u0430\u0435\u0442 \u043d\u0430\u0433\u0440\u0443\u0437\u043a\u0443 \u043d\u0430 \u043f\u043e\u043b\u044c\u0437\u043e\u0432\u0430\u0442\u0435\u043b\u044f \u0434\u043e 6 \u043a\u041d. \u0418\u043d\u0434\u0438\u043a\u0430\u0442\u043e\u0440 \u043f\u0430\u0434\u0435\u043d\u0438\u044f \u0441\u0438\u0433\u043d\u0430\u043b\u0438\u0437\u0438\u0440\u0443\u0435\u0442, \u043a\u043e\u0433\u0434\u0430 \u0441\u043b\u0435\u0434\u0443\u0435\u0442 \u0438\u0437\u044a\u044f\u0442\u044c \u0438\u0437\u0434\u0435\u043b\u0438\u0435 \u0438\u0437 \u044d\u043a\u0441\u043f\u043b\u0443\u0430\u0442\u0430\u0446\u0438\u0438. \u041c\u0430\u043a\u0441\u0438\u043c\u0430\u043b\u044c\u043d\u0430\u044f \u043d\u0430\u0433\u0440\u0443\u0437\u043a\u0430: 100 \u043a\u0433.","og_url":"https:\/\/stafit.ee\/ru\/tovar\/\u0441\u0442\u0440\u0430\u0445\u043e\u0432\u043e\u0447\u043d\u044b\u0439-\u0441\u0442\u0440\u043e\u043f-\u0441-y-\u043e\u0431\u0440\u0430\u0437\u043d\u044b\u043c-fa3060015\/","og_site_name":"Stafit O\u00dc","article_modified_time":"2026-04-08T15:17:51+00:00","og_image":[{"width":1000,"height":1000,"url":"https:\/\/stafit.ee\/wp-content\/uploads\/2021\/09\/fa3060015-1.jpg","type":"image\/jpeg"}],"twitter_card":"summary_large_image","schema":{"@context":"https:\/\/schema.org","@graph":[{"@type":"WebPage","@id":"https:\/\/stafit.ee\/ru\/tovar\/%d1%81%d1%82%d1%80%d0%b0%d1%85%d0%be%d0%b2%d0%be%d1%87%d0%bd%d1%8b%d0%b9-%d1%81%d1%82%d1%80%d0%be%d0%bf-%d1%81-y-%d0%be%d0%b1%d1%80%d0%b0%d0%b7%d0%bd%d1%8b%d0%bc-fa3060015\/","url":"https:\/\/stafit.ee\/ru\/tovar\/%d1%81%d1%82%d1%80%d0%b0%d1%85%d0%be%d0%b2%d0%be%d1%87%d0%bd%d1%8b%d0%b9-%d1%81%d1%82%d1%80%d0%be%d0%bf-%d1%81-y-%d0%be%d0%b1%d1%80%d0%b0%d0%b7%d0%bd%d1%8b%d0%bc-fa3060015\/","name":"\u0421\u0442\u0440\u0430\u0445\u043e\u0432\u043e\u0447\u043d\u044b\u0439 \u0441\u0442\u0440\u043e\u043f \u0441 Y-\u043e\u0431\u0440\u0430\u0437\u043d\u044b\u043c \u0430\u043c\u043e\u0440\u0442\u0438\u0437\u0430\u0442\u043e\u0440\u043e\u043c 1.5 \u043c KRATOS - Stafit O\u00dc","isPartOf":{"@id":"https:\/\/stafit.ee\/#website"},"primaryImageOfPage":{"@id":"https:\/\/stafit.ee\/ru\/tovar\/%d1%81%d1%82%d1%80%d0%b0%d1%85%d0%be%d0%b2%d0%be%d1%87%d0%bd%d1%8b%d0%b9-%d1%81%d1%82%d1%80%d0%be%d0%bf-%d1%81-y-%d0%be%d0%b1%d1%80%d0%b0%d0%b7%d0%bd%d1%8b%d0%bc-fa3060015\/#primaryimage"},"image":{"@id":"https:\/\/stafit.ee\/ru\/tovar\/%d1%81%d1%82%d1%80%d0%b0%d1%85%d0%be%d0%b2%d0%be%d1%87%d0%bd%d1%8b%d0%b9-%d1%81%d1%82%d1%80%d0%be%d0%bf-%d1%81-y-%d0%be%d0%b1%d1%80%d0%b0%d0%b7%d0%bd%d1%8b%d0%bc-fa3060015\/#primaryimage"},"thumbnailUrl":"https:\/\/stafit.ee\/wp-content\/uploads\/2021\/09\/fa3060015-1.jpg","datePublished":"2021-09-23T13:00:50+00:00","dateModified":"2026-04-08T15:17:51+00:00","breadcrumb":{"@id":"https:\/\/stafit.ee\/ru\/tovar\/%d1%81%d1%82%d1%80%d0%b0%d1%85%d0%be%d0%b2%d0%be%d1%87%d0%bd%d1%8b%d0%b9-%d1%81%d1%82%d1%80%d0%be%d0%bf-%d1%81-y-%d0%be%d0%b1%d1%80%d0%b0%d0%b7%d0%bd%d1%8b%d0%bc-fa3060015\/#breadcrumb"},"inLanguage":"ru-RU","potentialAction":[{"@type":"ReadAction","target":["https:\/\/stafit.ee\/ru\/tovar\/%d1%81%d1%82%d1%80%d0%b0%d1%85%d0%be%d0%b2%d0%be%d1%87%d0%bd%d1%8b%d0%b9-%d1%81%d1%82%d1%80%d0%be%d0%bf-%d1%81-y-%d0%be%d0%b1%d1%80%d0%b0%d0%b7%d0%bd%d1%8b%d0%bc-fa3060015\/"]}]},{"@type":"ImageObject","inLanguage":"ru-RU","@id":"https:\/\/stafit.ee\/ru\/tovar\/%d1%81%d1%82%d1%80%d0%b0%d1%85%d0%be%d0%b2%d0%be%d1%87%d0%bd%d1%8b%d0%b9-%d1%81%d1%82%d1%80%d0%be%d0%bf-%d1%81-y-%d0%be%d0%b1%d1%80%d0%b0%d0%b7%d0%bd%d1%8b%d0%bc-fa3060015\/#primaryimage","url":"https:\/\/stafit.ee\/wp-content\/uploads\/2021\/09\/fa3060015-1.jpg","contentUrl":"https:\/\/stafit.ee\/wp-content\/uploads\/2021\/09\/fa3060015-1.jpg","width":1000,"height":1000},{"@type":"BreadcrumbList","@id":"https:\/\/stafit.ee\/ru\/tovar\/%d1%81%d1%82%d1%80%d0%b0%d1%85%d0%be%d0%b2%d0%be%d1%87%d0%bd%d1%8b%d0%b9-%d1%81%d1%82%d1%80%d0%be%d0%bf-%d1%81-y-%d0%be%d0%b1%d1%80%d0%b0%d0%b7%d0%bd%d1%8b%d0%bc-fa3060015\/#breadcrumb","itemListElement":[{"@type":"ListItem","position":1,"name":"Home","item":"https:\/\/stafit.ee\/ru\/"},{"@type":"ListItem","position":2,"name":"\u041c\u0430\u0433\u0430\u0437\u0438\u043d","item":"https:\/\/stafit.ee\/ru\/pood\/"},{"@type":"ListItem","position":3,"name":"\u0421\u0442\u0440\u0430\u0445\u043e\u0432\u043e\u0447\u043d\u044b\u0439 \u0441\u0442\u0440\u043e\u043f \u0441 Y-\u043e\u0431\u0440\u0430\u0437\u043d\u044b\u043c \u0430\u043c\u043e\u0440\u0442\u0438\u0437\u0430\u0442\u043e\u0440\u043e\u043c 1.5 \u043c KRATOS"}]},{"@type":"WebSite","@id":"https:\/\/stafit.ee\/#website","url":"https:\/\/stafit.ee\/","name":"Stafit O\u00dc","description":"T\u00f6\u00f6riete ja ohutusvahendite jae ja hulgim\u00fc\u00fck","potentialAction":[{"@type":"SearchAction","target":{"@type":"EntryPoint","urlTemplate":"https:\/\/stafit.ee\/?s={search_term_string}"},"query-input":{"@type":"PropertyValueSpecification","valueRequired":true,"valueName":"search_term_string"}}],"inLanguage":"ru-RU"}]}},"brands":[],"_links":{"self":[{"href":"https:\/\/stafit.ee\/ru\/wp-json\/wp\/v2\/product\/33169","targetHints":{"allow":["GET"]}}],"collection":[{"href":"https:\/\/stafit.ee\/ru\/wp-json\/wp\/v2\/product"}],"about":[{"href":"https:\/\/stafit.ee\/ru\/wp-json\/wp\/v2\/types\/product"}],"wp:featuredmedia":[{"embeddable":true,"href":"https:\/\/stafit.ee\/ru\/wp-json\/wp\/v2\/media\/33167"}],"wp:attachment":[{"href":"https:\/\/stafit.ee\/ru\/wp-json\/wp\/v2\/media?parent=33169"}],"wp:term":[{"taxonomy":"pwb-brand","embeddable":true,"href":"https:\/\/stafit.ee\/ru\/wp-json\/wp\/v2\/pwb-brand?post=33169"},{"taxonomy":"product_brand","embeddable":true,"href":"https:\/\/stafit.ee\/ru\/wp-json\/wp\/v2\/product_brand?post=33169"},{"taxonomy":"product_cat","embeddable":true,"href":"https:\/\/stafit.ee\/ru\/wp-json\/wp\/v2\/product_cat?post=33169"},{"taxonomy":"product_tag","embeddable":true,"href":"https:\/\/stafit.ee\/ru\/wp-json\/wp\/v2\/product_tag?post=33169"}],"curies":[{"name":"wp","href":"https:\/\/api.w.org\/{rel}","templated":true}]}}