{"id":33049,"date":"2021-09-20T17:01:13","date_gmt":"2021-09-20T14:01:13","guid":{"rendered":"https:\/\/stafit.ee\/toode\/%d0%bd%d0%be%d1%81%d0%ba%d0%b8-neurum-camou\/"},"modified":"2026-04-08T18:22:13","modified_gmt":"2026-04-08T15:22:13","slug":"%d0%bd%d0%be%d1%81%d0%ba%d0%b8-neurum-camou","status":"publish","type":"product","link":"https:\/\/stafit.ee\/ru\/tovar\/%d0%bd%d0%be%d1%81%d0%ba%d0%b8-neurum-camou\/","title":{"rendered":"\u041d\u043e\u0441\u043a\u0438 NEURUM CAMOU"},"content":{"rendered":"<ul>\n<li>45% \u043f\u043e\u043b\u0438\u044d\u0441\u0442\u0435\u0440, 40% \u0445\u043b\u043e\u043f\u043e\u043a, 12% \u043f\u043e\u043b\u0438\u0430\u043c\u0438\u0434 (\u043d\u0435\u0439\u043b\u043e\u043d), 3% \u044d\u043b\u0430\u0441\u0442\u0430\u043d.<\/li>\n<li>\u0423\u043d\u0438\u0432\u0435\u0440\u0441\u0430\u043b\u044c\u043d\u044b\u0435 \u043d\u043e\u0441\u043a\u0438 \u0438\u0437 \u043a\u0430\u0447\u0435\u0441\u0442\u0432\u0435\u043d\u043d\u043e\u0433\u043e \u0444\u0443\u043d\u043a\u0446\u0438\u043e\u043d\u0430\u043b\u044c\u043d\u043e\u0433\u043e \u043c\u0430\u0442\u0435\u0440\u0438\u0430\u043b\u0430;<\/li>\n<li>\u043e\u0431\u0435\u0441\u043f\u0435\u0447\u0438\u0432\u0430\u044e\u0442 \u043a\u043e\u043c\u0444\u043e\u0440\u0442 \u043f\u0440\u0438 \u043a\u0430\u0436\u0434\u043e\u0434\u043d\u0435\u0432\u043d\u043e\u043c \u043d\u043e\u0448\u0435\u043d\u0438\u0438 \u0431\u043b\u0430\u0433\u043e\u0434\u0430\u0440\u044f \u0440\u0435\u0433\u0443\u043b\u0438\u0440\u043e\u0432\u0430\u043d\u0438\u044e \u0442\u0435\u043c\u043f\u0435\u0440\u0430\u0442\u0443\u0440\u044b;<\/li>\n<li>\u043f\u043e\u0434\u0445\u043e\u0434\u044f\u0442 \u043a\u0430\u043a \u0434\u043b\u044f \u0432\u044b\u043f\u043e\u043b\u043d\u0435\u043d\u0438\u044f \u0442\u044f\u0436\u0435\u043b\u044b\u0445 \u0440\u0430\u0431\u043e\u0442, \u0442\u0430\u043a \u0438 \u0434\u043b\u044f \u043f\u0440\u043e\u0432\u0435\u0434\u0435\u043d\u0438\u044f \u0434\u043e\u0441\u0443\u0433\u0430;<\/li>\n<li>\u043f\u0440\u0438\u0432\u043b\u0435\u043a\u0430\u0442\u0435\u043b\u044c\u043d\u044b\u0439 \u043a\u0430\u043c\u0443\u0444\u043b\u044f\u0436\u043d\u044b\u0439 \u0434\u0438\u0437\u0430\u0439\u043d NEURUM.<\/li>\n<\/ul>\n","protected":false},"excerpt":{"rendered":"<p>45% \u043f\u043e\u043b\u0438\u044d\u0441\u0442\u0435\u0440, 40% \u0445\u043b\u043e\u043f\u043e\u043a, 12% \u043f\u043e\u043b\u0438\u0430\u043c\u0438\u0434 (\u043d\u0435\u0439\u043b\u043e\u043d), 3% \u044d\u043b\u0430\u0441\u0442\u0430\u043d. \u0423\u043d\u0438\u0432\u0435\u0440\u0441\u0430\u043b\u044c\u043d\u044b\u0435 \u043d\u043e\u0441\u043a\u0438 \u0438\u0437 \u043a\u0430\u0447\u0435\u0441\u0442\u0432\u0435\u043d\u043d\u043e\u0433\u043e \u0444\u0443\u043d\u043a\u0446\u0438\u043e\u043d\u0430\u043b\u044c\u043d\u043e\u0433\u043e \u043c\u0430\u0442\u0435\u0440\u0438\u0430\u043b\u0430; \u043e\u0431\u0435\u0441\u043f\u0435\u0447\u0438\u0432\u0430\u044e\u0442 \u043a\u043e\u043c\u0444\u043e\u0440\u0442 \u043f\u0440\u0438 \u043a\u0430\u0436\u0434\u043e\u0434\u043d\u0435\u0432\u043d\u043e\u043c \u043d\u043e\u0448\u0435\u043d\u0438\u0438 \u0431\u043b\u0430\u0433\u043e\u0434\u0430\u0440\u044f \u0440\u0435\u0433\u0443\u043b\u0438\u0440\u043e\u0432\u0430\u043d\u0438\u044e \u0442\u0435\u043c\u043f\u0435\u0440\u0430\u0442\u0443\u0440\u044b; \u043f\u043e\u0434\u0445\u043e\u0434\u044f\u0442 \u043a\u0430\u043a \u0434\u043b\u044f \u0432\u044b\u043f\u043e\u043b\u043d\u0435\u043d\u0438\u044f \u0442\u044f\u0436\u0435\u043b\u044b\u0445 \u0440\u0430\u0431\u043e\u0442, \u0442\u0430\u043a \u0438 \u0434\u043b\u044f \u043f\u0440\u043e\u0432\u0435\u0434\u0435\u043d\u0438\u044f \u0434\u043e\u0441\u0443\u0433\u0430; \u043f\u0440\u0438\u0432\u043b\u0435\u043a\u0430\u0442\u0435\u043b\u044c\u043d\u044b\u0439 \u043a\u0430\u043c\u0443\u0444\u043b\u044f\u0436\u043d\u044b\u0439 \u0434\u0438\u0437\u0430\u0439\u043d NEURUM.<\/p>\n","protected":false},"featured_media":33044,"template":"","meta":[],"pwb-brand":[],"product_brand":[],"product_cat":[1066],"product_tag":[],"class_list":{"0":"post-33049","1":"product","2":"type-product","3":"status-publish","4":"has-post-thumbnail","6":"product_cat-1066","8":"first","9":"instock","10":"taxable","11":"shipping-taxable","12":"purchasable","13":"product-type-variable"},"yoast_head":"<!-- This site is optimized with the Yoast SEO plugin v27.0 - https:\/\/yoast.com\/product\/yoast-seo-wordpress\/ -->\n<title>\u041d\u043e\u0441\u043a\u0438 NEURUM CAMOU - Stafit O\u00dc<\/title>\n<meta name=\"robots\" content=\"index, follow, max-snippet:-1, max-image-preview:large, max-video-preview:-1\" \/>\n<link rel=\"canonical\" href=\"https:\/\/stafit.ee\/ru\/tovar\/\u043d\u043e\u0441\u043a\u0438-neurum-camou\/\" \/>\n<meta property=\"og:locale\" content=\"ru_RU\" \/>\n<meta property=\"og:type\" content=\"article\" \/>\n<meta property=\"og:title\" content=\"\u041d\u043e\u0441\u043a\u0438 NEURUM CAMOU - Stafit O\u00dc\" \/>\n<meta property=\"og:description\" content=\"45% \u043f\u043e\u043b\u0438\u044d\u0441\u0442\u0435\u0440, 40% \u0445\u043b\u043e\u043f\u043e\u043a, 12% \u043f\u043e\u043b\u0438\u0430\u043c\u0438\u0434 (\u043d\u0435\u0439\u043b\u043e\u043d), 3% \u044d\u043b\u0430\u0441\u0442\u0430\u043d. \u0423\u043d\u0438\u0432\u0435\u0440\u0441\u0430\u043b\u044c\u043d\u044b\u0435 \u043d\u043e\u0441\u043a\u0438 \u0438\u0437 \u043a\u0430\u0447\u0435\u0441\u0442\u0432\u0435\u043d\u043d\u043e\u0433\u043e \u0444\u0443\u043d\u043a\u0446\u0438\u043e\u043d\u0430\u043b\u044c\u043d\u043e\u0433\u043e \u043c\u0430\u0442\u0435\u0440\u0438\u0430\u043b\u0430; \u043e\u0431\u0435\u0441\u043f\u0435\u0447\u0438\u0432\u0430\u044e\u0442 \u043a\u043e\u043c\u0444\u043e\u0440\u0442 \u043f\u0440\u0438 \u043a\u0430\u0436\u0434\u043e\u0434\u043d\u0435\u0432\u043d\u043e\u043c \u043d\u043e\u0448\u0435\u043d\u0438\u0438 \u0431\u043b\u0430\u0433\u043e\u0434\u0430\u0440\u044f \u0440\u0435\u0433\u0443\u043b\u0438\u0440\u043e\u0432\u0430\u043d\u0438\u044e \u0442\u0435\u043c\u043f\u0435\u0440\u0430\u0442\u0443\u0440\u044b; \u043f\u043e\u0434\u0445\u043e\u0434\u044f\u0442 \u043a\u0430\u043a \u0434\u043b\u044f \u0432\u044b\u043f\u043e\u043b\u043d\u0435\u043d\u0438\u044f \u0442\u044f\u0436\u0435\u043b\u044b\u0445 \u0440\u0430\u0431\u043e\u0442, \u0442\u0430\u043a \u0438 \u0434\u043b\u044f \u043f\u0440\u043e\u0432\u0435\u0434\u0435\u043d\u0438\u044f \u0434\u043e\u0441\u0443\u0433\u0430; \u043f\u0440\u0438\u0432\u043b\u0435\u043a\u0430\u0442\u0435\u043b\u044c\u043d\u044b\u0439 \u043a\u0430\u043c\u0443\u0444\u043b\u044f\u0436\u043d\u044b\u0439 \u0434\u0438\u0437\u0430\u0439\u043d NEURUM.\" \/>\n<meta property=\"og:url\" content=\"https:\/\/stafit.ee\/ru\/tovar\/\u043d\u043e\u0441\u043a\u0438-neurum-camou\/\" \/>\n<meta property=\"og:site_name\" content=\"Stafit O\u00dc\" \/>\n<meta property=\"article:modified_time\" content=\"2026-04-08T15:22:13+00:00\" \/>\n<meta property=\"og:image\" content=\"https:\/\/stafit.ee\/wp-content\/uploads\/2021\/09\/03160061617.jpg\" \/>\n\t<meta property=\"og:image:width\" content=\"700\" \/>\n\t<meta property=\"og:image:height\" content=\"700\" \/>\n\t<meta property=\"og:image:type\" content=\"image\/jpeg\" \/>\n<meta name=\"twitter:card\" content=\"summary_large_image\" \/>\n<script type=\"application\/ld+json\" class=\"yoast-schema-graph\">{\"@context\":\"https:\/\/schema.org\",\"@graph\":[{\"@type\":\"WebPage\",\"@id\":\"https:\/\/stafit.ee\/ru\/tovar\/%d0%bd%d0%be%d1%81%d0%ba%d0%b8-neurum-camou\/\",\"url\":\"https:\/\/stafit.ee\/ru\/tovar\/%d0%bd%d0%be%d1%81%d0%ba%d0%b8-neurum-camou\/\",\"name\":\"\u041d\u043e\u0441\u043a\u0438 NEURUM CAMOU - Stafit O\u00dc\",\"isPartOf\":{\"@id\":\"https:\/\/stafit.ee\/#website\"},\"primaryImageOfPage\":{\"@id\":\"https:\/\/stafit.ee\/ru\/tovar\/%d0%bd%d0%be%d1%81%d0%ba%d0%b8-neurum-camou\/#primaryimage\"},\"image\":{\"@id\":\"https:\/\/stafit.ee\/ru\/tovar\/%d0%bd%d0%be%d1%81%d0%ba%d0%b8-neurum-camou\/#primaryimage\"},\"thumbnailUrl\":\"https:\/\/stafit.ee\/wp-content\/uploads\/2021\/09\/03160061617.jpg\",\"datePublished\":\"2021-09-20T14:01:13+00:00\",\"dateModified\":\"2026-04-08T15:22:13+00:00\",\"breadcrumb\":{\"@id\":\"https:\/\/stafit.ee\/ru\/tovar\/%d0%bd%d0%be%d1%81%d0%ba%d0%b8-neurum-camou\/#breadcrumb\"},\"inLanguage\":\"ru-RU\",\"potentialAction\":[{\"@type\":\"ReadAction\",\"target\":[\"https:\/\/stafit.ee\/ru\/tovar\/%d0%bd%d0%be%d1%81%d0%ba%d0%b8-neurum-camou\/\"]}]},{\"@type\":\"ImageObject\",\"inLanguage\":\"ru-RU\",\"@id\":\"https:\/\/stafit.ee\/ru\/tovar\/%d0%bd%d0%be%d1%81%d0%ba%d0%b8-neurum-camou\/#primaryimage\",\"url\":\"https:\/\/stafit.ee\/wp-content\/uploads\/2021\/09\/03160061617.jpg\",\"contentUrl\":\"https:\/\/stafit.ee\/wp-content\/uploads\/2021\/09\/03160061617.jpg\",\"width\":700,\"height\":700},{\"@type\":\"BreadcrumbList\",\"@id\":\"https:\/\/stafit.ee\/ru\/tovar\/%d0%bd%d0%be%d1%81%d0%ba%d0%b8-neurum-camou\/#breadcrumb\",\"itemListElement\":[{\"@type\":\"ListItem\",\"position\":1,\"name\":\"Home\",\"item\":\"https:\/\/stafit.ee\/ru\/\"},{\"@type\":\"ListItem\",\"position\":2,\"name\":\"\u041c\u0430\u0433\u0430\u0437\u0438\u043d\",\"item\":\"https:\/\/stafit.ee\/ru\/pood\/\"},{\"@type\":\"ListItem\",\"position\":3,\"name\":\"\u041d\u043e\u0441\u043a\u0438 NEURUM CAMOU\"}]},{\"@type\":\"WebSite\",\"@id\":\"https:\/\/stafit.ee\/#website\",\"url\":\"https:\/\/stafit.ee\/\",\"name\":\"Stafit O\u00dc\",\"description\":\"T\u00f6\u00f6riete ja ohutusvahendite jae ja hulgim\u00fc\u00fck\",\"potentialAction\":[{\"@type\":\"SearchAction\",\"target\":{\"@type\":\"EntryPoint\",\"urlTemplate\":\"https:\/\/stafit.ee\/?s={search_term_string}\"},\"query-input\":{\"@type\":\"PropertyValueSpecification\",\"valueRequired\":true,\"valueName\":\"search_term_string\"}}],\"inLanguage\":\"ru-RU\"}]}<\/script>\n<!-- \/ Yoast SEO plugin. -->","yoast_head_json":{"title":"\u041d\u043e\u0441\u043a\u0438 NEURUM CAMOU - Stafit O\u00dc","robots":{"index":"index","follow":"follow","max-snippet":"max-snippet:-1","max-image-preview":"max-image-preview:large","max-video-preview":"max-video-preview:-1"},"canonical":"https:\/\/stafit.ee\/ru\/tovar\/\u043d\u043e\u0441\u043a\u0438-neurum-camou\/","og_locale":"ru_RU","og_type":"article","og_title":"\u041d\u043e\u0441\u043a\u0438 NEURUM CAMOU - Stafit O\u00dc","og_description":"45% \u043f\u043e\u043b\u0438\u044d\u0441\u0442\u0435\u0440, 40% \u0445\u043b\u043e\u043f\u043e\u043a, 12% \u043f\u043e\u043b\u0438\u0430\u043c\u0438\u0434 (\u043d\u0435\u0439\u043b\u043e\u043d), 3% \u044d\u043b\u0430\u0441\u0442\u0430\u043d. \u0423\u043d\u0438\u0432\u0435\u0440\u0441\u0430\u043b\u044c\u043d\u044b\u0435 \u043d\u043e\u0441\u043a\u0438 \u0438\u0437 \u043a\u0430\u0447\u0435\u0441\u0442\u0432\u0435\u043d\u043d\u043e\u0433\u043e \u0444\u0443\u043d\u043a\u0446\u0438\u043e\u043d\u0430\u043b\u044c\u043d\u043e\u0433\u043e \u043c\u0430\u0442\u0435\u0440\u0438\u0430\u043b\u0430; \u043e\u0431\u0435\u0441\u043f\u0435\u0447\u0438\u0432\u0430\u044e\u0442 \u043a\u043e\u043c\u0444\u043e\u0440\u0442 \u043f\u0440\u0438 \u043a\u0430\u0436\u0434\u043e\u0434\u043d\u0435\u0432\u043d\u043e\u043c \u043d\u043e\u0448\u0435\u043d\u0438\u0438 \u0431\u043b\u0430\u0433\u043e\u0434\u0430\u0440\u044f \u0440\u0435\u0433\u0443\u043b\u0438\u0440\u043e\u0432\u0430\u043d\u0438\u044e \u0442\u0435\u043c\u043f\u0435\u0440\u0430\u0442\u0443\u0440\u044b; \u043f\u043e\u0434\u0445\u043e\u0434\u044f\u0442 \u043a\u0430\u043a \u0434\u043b\u044f \u0432\u044b\u043f\u043e\u043b\u043d\u0435\u043d\u0438\u044f \u0442\u044f\u0436\u0435\u043b\u044b\u0445 \u0440\u0430\u0431\u043e\u0442, \u0442\u0430\u043a \u0438 \u0434\u043b\u044f \u043f\u0440\u043e\u0432\u0435\u0434\u0435\u043d\u0438\u044f \u0434\u043e\u0441\u0443\u0433\u0430; \u043f\u0440\u0438\u0432\u043b\u0435\u043a\u0430\u0442\u0435\u043b\u044c\u043d\u044b\u0439 \u043a\u0430\u043c\u0443\u0444\u043b\u044f\u0436\u043d\u044b\u0439 \u0434\u0438\u0437\u0430\u0439\u043d NEURUM.","og_url":"https:\/\/stafit.ee\/ru\/tovar\/\u043d\u043e\u0441\u043a\u0438-neurum-camou\/","og_site_name":"Stafit O\u00dc","article_modified_time":"2026-04-08T15:22:13+00:00","og_image":[{"width":700,"height":700,"url":"https:\/\/stafit.ee\/wp-content\/uploads\/2021\/09\/03160061617.jpg","type":"image\/jpeg"}],"twitter_card":"summary_large_image","schema":{"@context":"https:\/\/schema.org","@graph":[{"@type":"WebPage","@id":"https:\/\/stafit.ee\/ru\/tovar\/%d0%bd%d0%be%d1%81%d0%ba%d0%b8-neurum-camou\/","url":"https:\/\/stafit.ee\/ru\/tovar\/%d0%bd%d0%be%d1%81%d0%ba%d0%b8-neurum-camou\/","name":"\u041d\u043e\u0441\u043a\u0438 NEURUM CAMOU - Stafit O\u00dc","isPartOf":{"@id":"https:\/\/stafit.ee\/#website"},"primaryImageOfPage":{"@id":"https:\/\/stafit.ee\/ru\/tovar\/%d0%bd%d0%be%d1%81%d0%ba%d0%b8-neurum-camou\/#primaryimage"},"image":{"@id":"https:\/\/stafit.ee\/ru\/tovar\/%d0%bd%d0%be%d1%81%d0%ba%d0%b8-neurum-camou\/#primaryimage"},"thumbnailUrl":"https:\/\/stafit.ee\/wp-content\/uploads\/2021\/09\/03160061617.jpg","datePublished":"2021-09-20T14:01:13+00:00","dateModified":"2026-04-08T15:22:13+00:00","breadcrumb":{"@id":"https:\/\/stafit.ee\/ru\/tovar\/%d0%bd%d0%be%d1%81%d0%ba%d0%b8-neurum-camou\/#breadcrumb"},"inLanguage":"ru-RU","potentialAction":[{"@type":"ReadAction","target":["https:\/\/stafit.ee\/ru\/tovar\/%d0%bd%d0%be%d1%81%d0%ba%d0%b8-neurum-camou\/"]}]},{"@type":"ImageObject","inLanguage":"ru-RU","@id":"https:\/\/stafit.ee\/ru\/tovar\/%d0%bd%d0%be%d1%81%d0%ba%d0%b8-neurum-camou\/#primaryimage","url":"https:\/\/stafit.ee\/wp-content\/uploads\/2021\/09\/03160061617.jpg","contentUrl":"https:\/\/stafit.ee\/wp-content\/uploads\/2021\/09\/03160061617.jpg","width":700,"height":700},{"@type":"BreadcrumbList","@id":"https:\/\/stafit.ee\/ru\/tovar\/%d0%bd%d0%be%d1%81%d0%ba%d0%b8-neurum-camou\/#breadcrumb","itemListElement":[{"@type":"ListItem","position":1,"name":"Home","item":"https:\/\/stafit.ee\/ru\/"},{"@type":"ListItem","position":2,"name":"\u041c\u0430\u0433\u0430\u0437\u0438\u043d","item":"https:\/\/stafit.ee\/ru\/pood\/"},{"@type":"ListItem","position":3,"name":"\u041d\u043e\u0441\u043a\u0438 NEURUM CAMOU"}]},{"@type":"WebSite","@id":"https:\/\/stafit.ee\/#website","url":"https:\/\/stafit.ee\/","name":"Stafit O\u00dc","description":"T\u00f6\u00f6riete ja ohutusvahendite jae ja hulgim\u00fc\u00fck","potentialAction":[{"@type":"SearchAction","target":{"@type":"EntryPoint","urlTemplate":"https:\/\/stafit.ee\/?s={search_term_string}"},"query-input":{"@type":"PropertyValueSpecification","valueRequired":true,"valueName":"search_term_string"}}],"inLanguage":"ru-RU"}]}},"brands":[],"_links":{"self":[{"href":"https:\/\/stafit.ee\/ru\/wp-json\/wp\/v2\/product\/33049","targetHints":{"allow":["GET"]}}],"collection":[{"href":"https:\/\/stafit.ee\/ru\/wp-json\/wp\/v2\/product"}],"about":[{"href":"https:\/\/stafit.ee\/ru\/wp-json\/wp\/v2\/types\/product"}],"wp:featuredmedia":[{"embeddable":true,"href":"https:\/\/stafit.ee\/ru\/wp-json\/wp\/v2\/media\/33044"}],"wp:attachment":[{"href":"https:\/\/stafit.ee\/ru\/wp-json\/wp\/v2\/media?parent=33049"}],"wp:term":[{"taxonomy":"pwb-brand","embeddable":true,"href":"https:\/\/stafit.ee\/ru\/wp-json\/wp\/v2\/pwb-brand?post=33049"},{"taxonomy":"product_brand","embeddable":true,"href":"https:\/\/stafit.ee\/ru\/wp-json\/wp\/v2\/product_brand?post=33049"},{"taxonomy":"product_cat","embeddable":true,"href":"https:\/\/stafit.ee\/ru\/wp-json\/wp\/v2\/product_cat?post=33049"},{"taxonomy":"product_tag","embeddable":true,"href":"https:\/\/stafit.ee\/ru\/wp-json\/wp\/v2\/product_tag?post=33049"}],"curies":[{"name":"wp","href":"https:\/\/api.w.org\/{rel}","templated":true}]}}