{"id":32865,"date":"2021-09-13T16:01:46","date_gmt":"2021-09-13T13:01:46","guid":{"rendered":"https:\/\/stafit.ee\/toode\/%d1%82%d1%91%d0%bf%d0%bb%d1%8b%d0%b5-%d1%80%d0%b0%d0%b1%d0%be%d1%87%d0%b8%d0%b5-%d0%bf%d0%b5%d1%80%d1%87%d0%b0%d1%82%d0%ba%d0%b8-showa-thermo\/"},"modified":"2026-04-08T18:22:55","modified_gmt":"2026-04-08T15:22:55","slug":"%d1%82%d1%91%d0%bf%d0%bb%d1%8b%d0%b5-%d1%80%d0%b0%d0%b1%d0%be%d1%87%d0%b8%d0%b5-%d0%bf%d0%b5%d1%80%d1%87%d0%b0%d1%82%d0%ba%d0%b8-showa-thermo","status":"publish","type":"product","link":"https:\/\/stafit.ee\/ru\/tovar\/%d1%82%d1%91%d0%bf%d0%bb%d1%8b%d0%b5-%d1%80%d0%b0%d0%b1%d0%be%d1%87%d0%b8%d0%b5-%d0%bf%d0%b5%d1%80%d1%87%d0%b0%d1%82%d0%ba%d0%b8-showa-thermo\/","title":{"rendered":"\u0422\u0451\u043f\u043b\u044b\u0435 \u0440\u0430\u0431\u043e\u0447\u0438\u0435 \u043f\u0435\u0440\u0447\u0430\u0442\u043a\u0438 SHOWA Thermo \u0441 \u043b\u0430\u0442\u0435\u043a\u0441\u043d\u044b\u043c \u043f\u043e\u043a\u0440\u044b\u0442\u0438\u0435\u043c"},"content":{"rendered":"<p>\u0418\u0437\u043d\u043e\u0441\u043e\u0441\u0442\u043e\u0439\u043a\u0438\u0435 \u0440\u0430\u0431\u043e\u0447\u0438\u0435 \u043f\u0435\u0440\u0447\u0430\u0442\u043a\u0438 \u0441 \u0442\u0451\u043f\u043b\u043e\u0439 \u043f\u043e\u0434\u043a\u043b\u0430\u0434\u043a\u043e\u0439. \u042d\u043b\u0430\u0441\u0442\u0438\u0447\u043d\u044b\u0435 \u043f\u0435\u0440\u0447\u0430\u0442\u043a\u0438 \u0431\u0435\u0437 \u0448\u0432\u043e\u0432. \u0410\u043d\u0442\u0438\u0431\u0430\u043a\u0442\u0435\u0440\u0438\u0430\u043b\u044c\u043d\u044b\u0435. \u041b\u0430\u0442\u0435\u043a\u0441\u043d\u043e\u0435 \u0441\u0442\u0440\u0443\u043a\u0442\u0443\u0440\u0438\u0440\u043e\u0432\u0430\u043d\u043d\u043e\u0435 \u043f\u043e\u043a\u0440\u044b\u0442\u0438\u0435 \u043d\u0430 \u043b\u0430\u0434\u043e\u043d\u043d\u043e\u0439 \u0447\u0430\u0441\u0442\u0438 \u043e\u0431\u0435\u0441\u043f\u0435\u0447\u0438\u0432\u0430\u0435\u0442 \u043e\u0442\u043b\u0438\u0447\u043d\u043e\u0435 \u0441\u0446\u0435\u043f\u043b\u0435\u043d\u0438\u0435 \u0432 \u0441\u0443\u0445\u0438\u0445 \u0438 \u0432\u043b\u0430\u0436\u043d\u044b\u0445 \u0443\u0441\u043b\u043e\u0432\u0438\u044f\u0445. \u0414\u044b\u0448\u0430\u0449\u0430\u044f \u0442\u044b\u043b\u044c\u043d\u0430\u044f \u0441\u0442\u043e\u0440\u043e\u043d\u0430 \u043b\u0430\u0434\u043e\u043d\u0438. \u041f\u043e\u0434\u0445\u043e\u0434\u0438\u0442 \u043a\u0430\u043a \u0437\u0430\u0449\u0438\u0442\u0430 \u043f\u0440\u0438 \u043d\u0438\u0437\u043a\u0438\u0445 \u0442\u0435\u043c\u043f\u0435\u0440\u0430\u0442\u0443\u0440\u0430\u0445 (\u0432 \u0445\u043e\u043b\u043e\u0434\u043d\u044b\u0445 \u043f\u043e\u043c\u0435\u0449\u0435\u043d\u0438\u044f\u0445, \u0432 \u043b\u0435\u0441\u0443, \u043d\u0430 \u0440\u044b\u0431\u0430\u043b\u043a\u0435, \u0432 \u043f\u0438\u0449\u0435\u0432\u043e\u0439 \u043f\u0440\u043e\u043c\u044b\u0448\u043b\u0435\u043d\u043d\u043e\u0441\u0442\u0438).<\/p>\n<p>\u041c\u0430\u0442\u0435\u0440\u0438\u0430\u043b: \u043b\u0430\u0442\u0435\u043a\u0441, \u0430\u043a\u0440\u0438\u043b\/\u043f\u043e\u043b\u0438\u044d\u0441\u0442\u0435\u0440\/\u0445\u043b\u043e\u043f\u043e\u043a.<\/p>\n<p>\u0421\u043e\u043e\u0442\u0432\u0435\u0442\u0441\u0442\u0432\u0443\u044e\u0442 \u0441\u0442\u0430\u043d\u0434\u0430\u0440\u0442\u0430\u043c: EN 388: 2003, EN 511: 2006.<\/p>\n<p>\u0421\u0444\u0435\u0440\u044b \u0438\u0441\u043f\u043e\u043b\u044c\u0437\u043e\u0432\u0430\u043d\u0438\u044f: \u0438\u0441\u043f\u043e\u043b\u044c\u0437\u0443\u044e\u0442\u0441\u044f \u043f\u0440\u0438 \u043f\u0440\u043e\u0432\u0435\u0434\u0435\u043d\u0438\u0438 \u0440\u0430\u0437\u043b\u0438\u0447\u043d\u044b\u0445 \u0440\u0430\u0431\u043e\u0442, \u0430 \u0442\u0430\u043a\u0436\u0435 \u0432 \u0441\u043b\u0443\u0447\u0430\u044f\u0445, \u043a\u043e\u0433\u0434\u0430 \u043f\u0440\u0438\u0445\u043e\u0434\u0438\u0442\u0441\u044f \u043a\u043e\u043d\u0442\u0430\u043a\u0442\u0438\u0440\u043e\u0432\u0430\u0442\u044c \u0441 \u0445\u043e\u043b\u043e\u0434\u043d\u044b\u043c\u0438 \u043f\u0440\u0435\u0434\u043c\u0435\u0442\u0430\u043c\u0438 (\u0448\u043b\u0430\u043d\u0433\u0438 \u0441 \u0445\u043e\u043b\u043e\u0434\u043d\u043e\u0439 \u0432\u043e\u0434\u043e\u0439, \u043c\u0435\u0442\u0430\u043b\u043b\u0438\u0447\u0435\u0441\u043a\u0438\u0435 \u0442\u0440\u0443\u0431\u044b \u0438 \u0442.\u0434.); \u0432 \u043d\u0435\u0444\u0442\u044f\u043d\u043e\u0439 \u0438 \u043f\u0438\u0449\u0435\u0432\u043e\u0439 \u043f\u0440\u043e\u043c\u044b\u0448\u043b\u0435\u043d\u043d\u043e\u0441\u0442\u0438, \u0432 \u0440\u044b\u0431\u043e\u043b\u043e\u0432\u0441\u0442\u0432\u0435, \u0432 \u043b\u0435\u0441\u043d\u043e\u043c \u0445\u043e\u0437\u044f\u0439\u0441\u0442\u0432\u0435.<\/p>\n<p>\u0426\u0435\u043d\u0430 \u0437\u0430 1 \u043f\u0430\u0440\u0443,<br \/>\n<span style=\"color: #ff0000;\">10 \u043f\u0430\u0440 \u0432 \u0443\u043f\u0430\u043a\u043e\u0432\u043a\u0435.<\/span><\/p>\n","protected":false},"excerpt":{"rendered":"<p>\u0418\u0437\u043d\u043e\u0441\u043e\u0441\u0442\u043e\u0439\u043a\u0438\u0435 \u0440\u0430\u0431\u043e\u0447\u0438\u0435 \u043f\u0435\u0440\u0447\u0430\u0442\u043a\u0438 \u0441 \u0442\u0451\u043f\u043b\u043e\u0439 \u043f\u043e\u0434\u043a\u043b\u0430\u0434\u043a\u043e\u0439. \u042d\u043b\u0430\u0441\u0442\u0438\u0447\u043d\u044b\u0435 \u043f\u0435\u0440\u0447\u0430\u0442\u043a\u0438 \u0431\u0435\u0437 \u0448\u0432\u043e\u0432. \u0410\u043d\u0442\u0438\u0431\u0430\u043a\u0442\u0435\u0440\u0438\u0430\u043b\u044c\u043d\u044b\u0435. \u041b\u0430\u0442\u0435\u043a\u0441\u043d\u043e\u0435 \u0441\u0442\u0440\u0443\u043a\u0442\u0443\u0440\u0438\u0440\u043e\u0432\u0430\u043d\u043d\u043e\u0435 \u043f\u043e\u043a\u0440\u044b\u0442\u0438\u0435 \u043d\u0430 \u043b\u0430\u0434\u043e\u043d\u043d\u043e\u0439 \u0447\u0430\u0441\u0442\u0438 \u043e\u0431\u0435\u0441\u043f\u0435\u0447\u0438\u0432\u0430\u0435\u0442 \u043e\u0442\u043b\u0438\u0447\u043d\u043e\u0435 \u0441\u0446\u0435\u043f\u043b\u0435\u043d\u0438\u0435 \u0432 \u0441\u0443\u0445\u0438\u0445 \u0438 \u0432\u043b\u0430\u0436\u043d\u044b\u0445 \u0443\u0441\u043b\u043e\u0432\u0438\u044f\u0445. \u0414\u044b\u0448\u0430\u0449\u0430\u044f \u0442\u044b\u043b\u044c\u043d\u0430\u044f \u0441\u0442\u043e\u0440\u043e\u043d\u0430 \u043b\u0430\u0434\u043e\u043d\u0438. \u041f\u043e\u0434\u0445\u043e\u0434\u0438\u0442 \u043a\u0430\u043a \u0437\u0430\u0449\u0438\u0442\u0430 \u043f\u0440\u0438 \u043d\u0438\u0437\u043a\u0438\u0445 \u0442\u0435\u043c\u043f\u0435\u0440\u0430\u0442\u0443\u0440\u0430\u0445 (\u0432 \u0445\u043e\u043b\u043e\u0434\u043d\u044b\u0445 \u043f\u043e\u043c\u0435\u0449\u0435\u043d\u0438\u044f\u0445, \u0432 \u043b\u0435\u0441\u0443, \u043d\u0430 \u0440\u044b\u0431\u0430\u043b\u043a\u0435, \u0432 \u043f\u0438\u0449\u0435\u0432\u043e\u0439 \u043f\u0440\u043e\u043c\u044b\u0448\u043b\u0435\u043d\u043d\u043e\u0441\u0442\u0438). \u041c\u0430\u0442\u0435\u0440\u0438\u0430\u043b: \u043b\u0430\u0442\u0435\u043a\u0441, \u0430\u043a\u0440\u0438\u043b\/\u043f\u043e\u043b\u0438\u044d\u0441\u0442\u0435\u0440\/\u0445\u043b\u043e\u043f\u043e\u043a. \u0421\u043e\u043e\u0442\u0432\u0435\u0442\u0441\u0442\u0432\u0443\u044e\u0442 \u0441\u0442\u0430\u043d\u0434\u0430\u0440\u0442\u0430\u043c: EN 388: 2003, EN 511:&#8230;<\/p>\n","protected":false},"featured_media":32860,"template":"","meta":[],"pwb-brand":[],"product_brand":[],"product_cat":[954],"product_tag":[],"class_list":{"0":"post-32865","1":"product","2":"type-product","3":"status-publish","4":"has-post-thumbnail","6":"product_cat-954","8":"first","9":"outofstock","10":"taxable","11":"shipping-taxable","12":"product-type-variable"},"yoast_head":"<!-- This site is optimized with the Yoast SEO plugin v27.0 - https:\/\/yoast.com\/product\/yoast-seo-wordpress\/ -->\n<title>\u0422\u0451\u043f\u043b\u044b\u0435 \u0440\u0430\u0431\u043e\u0447\u0438\u0435 \u043f\u0435\u0440\u0447\u0430\u0442\u043a\u0438 SHOWA Thermo \u0441 \u043b\u0430\u0442\u0435\u043a\u0441\u043d\u044b\u043c \u043f\u043e\u043a\u0440\u044b\u0442\u0438\u0435\u043c - Stafit O\u00dc<\/title>\n<meta name=\"robots\" content=\"index, follow, max-snippet:-1, max-image-preview:large, max-video-preview:-1\" \/>\n<link rel=\"canonical\" href=\"https:\/\/stafit.ee\/ru\/tovar\/\u0442\u0451\u043f\u043b\u044b\u0435-\u0440\u0430\u0431\u043e\u0447\u0438\u0435-\u043f\u0435\u0440\u0447\u0430\u0442\u043a\u0438-showa-thermo\/\" \/>\n<meta property=\"og:locale\" content=\"ru_RU\" \/>\n<meta property=\"og:type\" content=\"article\" \/>\n<meta property=\"og:title\" content=\"\u0422\u0451\u043f\u043b\u044b\u0435 \u0440\u0430\u0431\u043e\u0447\u0438\u0435 \u043f\u0435\u0440\u0447\u0430\u0442\u043a\u0438 SHOWA Thermo \u0441 \u043b\u0430\u0442\u0435\u043a\u0441\u043d\u044b\u043c \u043f\u043e\u043a\u0440\u044b\u0442\u0438\u0435\u043c - Stafit O\u00dc\" \/>\n<meta property=\"og:description\" content=\"\u0418\u0437\u043d\u043e\u0441\u043e\u0441\u0442\u043e\u0439\u043a\u0438\u0435 \u0440\u0430\u0431\u043e\u0447\u0438\u0435 \u043f\u0435\u0440\u0447\u0430\u0442\u043a\u0438 \u0441 \u0442\u0451\u043f\u043b\u043e\u0439 \u043f\u043e\u0434\u043a\u043b\u0430\u0434\u043a\u043e\u0439. \u042d\u043b\u0430\u0441\u0442\u0438\u0447\u043d\u044b\u0435 \u043f\u0435\u0440\u0447\u0430\u0442\u043a\u0438 \u0431\u0435\u0437 \u0448\u0432\u043e\u0432. \u0410\u043d\u0442\u0438\u0431\u0430\u043a\u0442\u0435\u0440\u0438\u0430\u043b\u044c\u043d\u044b\u0435. \u041b\u0430\u0442\u0435\u043a\u0441\u043d\u043e\u0435 \u0441\u0442\u0440\u0443\u043a\u0442\u0443\u0440\u0438\u0440\u043e\u0432\u0430\u043d\u043d\u043e\u0435 \u043f\u043e\u043a\u0440\u044b\u0442\u0438\u0435 \u043d\u0430 \u043b\u0430\u0434\u043e\u043d\u043d\u043e\u0439 \u0447\u0430\u0441\u0442\u0438 \u043e\u0431\u0435\u0441\u043f\u0435\u0447\u0438\u0432\u0430\u0435\u0442 \u043e\u0442\u043b\u0438\u0447\u043d\u043e\u0435 \u0441\u0446\u0435\u043f\u043b\u0435\u043d\u0438\u0435 \u0432 \u0441\u0443\u0445\u0438\u0445 \u0438 \u0432\u043b\u0430\u0436\u043d\u044b\u0445 \u0443\u0441\u043b\u043e\u0432\u0438\u044f\u0445. \u0414\u044b\u0448\u0430\u0449\u0430\u044f \u0442\u044b\u043b\u044c\u043d\u0430\u044f \u0441\u0442\u043e\u0440\u043e\u043d\u0430 \u043b\u0430\u0434\u043e\u043d\u0438. \u041f\u043e\u0434\u0445\u043e\u0434\u0438\u0442 \u043a\u0430\u043a \u0437\u0430\u0449\u0438\u0442\u0430 \u043f\u0440\u0438 \u043d\u0438\u0437\u043a\u0438\u0445 \u0442\u0435\u043c\u043f\u0435\u0440\u0430\u0442\u0443\u0440\u0430\u0445 (\u0432 \u0445\u043e\u043b\u043e\u0434\u043d\u044b\u0445 \u043f\u043e\u043c\u0435\u0449\u0435\u043d\u0438\u044f\u0445, \u0432 \u043b\u0435\u0441\u0443, \u043d\u0430 \u0440\u044b\u0431\u0430\u043b\u043a\u0435, \u0432 \u043f\u0438\u0449\u0435\u0432\u043e\u0439 \u043f\u0440\u043e\u043c\u044b\u0448\u043b\u0435\u043d\u043d\u043e\u0441\u0442\u0438). \u041c\u0430\u0442\u0435\u0440\u0438\u0430\u043b: \u043b\u0430\u0442\u0435\u043a\u0441, \u0430\u043a\u0440\u0438\u043b\/\u043f\u043e\u043b\u0438\u044d\u0441\u0442\u0435\u0440\/\u0445\u043b\u043e\u043f\u043e\u043a. \u0421\u043e\u043e\u0442\u0432\u0435\u0442\u0441\u0442\u0432\u0443\u044e\u0442 \u0441\u0442\u0430\u043d\u0434\u0430\u0440\u0442\u0430\u043c: EN 388: 2003, EN 511:...\" \/>\n<meta property=\"og:url\" content=\"https:\/\/stafit.ee\/ru\/tovar\/\u0442\u0451\u043f\u043b\u044b\u0435-\u0440\u0430\u0431\u043e\u0447\u0438\u0435-\u043f\u0435\u0440\u0447\u0430\u0442\u043a\u0438-showa-thermo\/\" \/>\n<meta property=\"og:site_name\" content=\"Stafit O\u00dc\" \/>\n<meta property=\"article:modified_time\" content=\"2026-04-08T15:22:55+00:00\" \/>\n<meta property=\"og:image\" content=\"https:\/\/stafit.ee\/wp-content\/uploads\/2021\/09\/SH451-1.jpg\" \/>\n\t<meta property=\"og:image:width\" content=\"650\" \/>\n\t<meta property=\"og:image:height\" content=\"650\" \/>\n\t<meta property=\"og:image:type\" content=\"image\/jpeg\" \/>\n<meta name=\"twitter:card\" content=\"summary_large_image\" \/>\n<script type=\"application\/ld+json\" class=\"yoast-schema-graph\">{\"@context\":\"https:\/\/schema.org\",\"@graph\":[{\"@type\":\"WebPage\",\"@id\":\"https:\/\/stafit.ee\/ru\/tovar\/%d1%82%d1%91%d0%bf%d0%bb%d1%8b%d0%b5-%d1%80%d0%b0%d0%b1%d0%be%d1%87%d0%b8%d0%b5-%d0%bf%d0%b5%d1%80%d1%87%d0%b0%d1%82%d0%ba%d0%b8-showa-thermo\/\",\"url\":\"https:\/\/stafit.ee\/ru\/tovar\/%d1%82%d1%91%d0%bf%d0%bb%d1%8b%d0%b5-%d1%80%d0%b0%d0%b1%d0%be%d1%87%d0%b8%d0%b5-%d0%bf%d0%b5%d1%80%d1%87%d0%b0%d1%82%d0%ba%d0%b8-showa-thermo\/\",\"name\":\"\u0422\u0451\u043f\u043b\u044b\u0435 \u0440\u0430\u0431\u043e\u0447\u0438\u0435 \u043f\u0435\u0440\u0447\u0430\u0442\u043a\u0438 SHOWA Thermo \u0441 \u043b\u0430\u0442\u0435\u043a\u0441\u043d\u044b\u043c \u043f\u043e\u043a\u0440\u044b\u0442\u0438\u0435\u043c - Stafit O\u00dc\",\"isPartOf\":{\"@id\":\"https:\/\/stafit.ee\/#website\"},\"primaryImageOfPage\":{\"@id\":\"https:\/\/stafit.ee\/ru\/tovar\/%d1%82%d1%91%d0%bf%d0%bb%d1%8b%d0%b5-%d1%80%d0%b0%d0%b1%d0%be%d1%87%d0%b8%d0%b5-%d0%bf%d0%b5%d1%80%d1%87%d0%b0%d1%82%d0%ba%d0%b8-showa-thermo\/#primaryimage\"},\"image\":{\"@id\":\"https:\/\/stafit.ee\/ru\/tovar\/%d1%82%d1%91%d0%bf%d0%bb%d1%8b%d0%b5-%d1%80%d0%b0%d0%b1%d0%be%d1%87%d0%b8%d0%b5-%d0%bf%d0%b5%d1%80%d1%87%d0%b0%d1%82%d0%ba%d0%b8-showa-thermo\/#primaryimage\"},\"thumbnailUrl\":\"https:\/\/stafit.ee\/wp-content\/uploads\/2021\/09\/SH451-1.jpg\",\"datePublished\":\"2021-09-13T13:01:46+00:00\",\"dateModified\":\"2026-04-08T15:22:55+00:00\",\"breadcrumb\":{\"@id\":\"https:\/\/stafit.ee\/ru\/tovar\/%d1%82%d1%91%d0%bf%d0%bb%d1%8b%d0%b5-%d1%80%d0%b0%d0%b1%d0%be%d1%87%d0%b8%d0%b5-%d0%bf%d0%b5%d1%80%d1%87%d0%b0%d1%82%d0%ba%d0%b8-showa-thermo\/#breadcrumb\"},\"inLanguage\":\"ru-RU\",\"potentialAction\":[{\"@type\":\"ReadAction\",\"target\":[\"https:\/\/stafit.ee\/ru\/tovar\/%d1%82%d1%91%d0%bf%d0%bb%d1%8b%d0%b5-%d1%80%d0%b0%d0%b1%d0%be%d1%87%d0%b8%d0%b5-%d0%bf%d0%b5%d1%80%d1%87%d0%b0%d1%82%d0%ba%d0%b8-showa-thermo\/\"]}]},{\"@type\":\"ImageObject\",\"inLanguage\":\"ru-RU\",\"@id\":\"https:\/\/stafit.ee\/ru\/tovar\/%d1%82%d1%91%d0%bf%d0%bb%d1%8b%d0%b5-%d1%80%d0%b0%d0%b1%d0%be%d1%87%d0%b8%d0%b5-%d0%bf%d0%b5%d1%80%d1%87%d0%b0%d1%82%d0%ba%d0%b8-showa-thermo\/#primaryimage\",\"url\":\"https:\/\/stafit.ee\/wp-content\/uploads\/2021\/09\/SH451-1.jpg\",\"contentUrl\":\"https:\/\/stafit.ee\/wp-content\/uploads\/2021\/09\/SH451-1.jpg\",\"width\":650,\"height\":650},{\"@type\":\"BreadcrumbList\",\"@id\":\"https:\/\/stafit.ee\/ru\/tovar\/%d1%82%d1%91%d0%bf%d0%bb%d1%8b%d0%b5-%d1%80%d0%b0%d0%b1%d0%be%d1%87%d0%b8%d0%b5-%d0%bf%d0%b5%d1%80%d1%87%d0%b0%d1%82%d0%ba%d0%b8-showa-thermo\/#breadcrumb\",\"itemListElement\":[{\"@type\":\"ListItem\",\"position\":1,\"name\":\"Home\",\"item\":\"https:\/\/stafit.ee\/ru\/\"},{\"@type\":\"ListItem\",\"position\":2,\"name\":\"\u041c\u0430\u0433\u0430\u0437\u0438\u043d\",\"item\":\"https:\/\/stafit.ee\/ru\/pood\/\"},{\"@type\":\"ListItem\",\"position\":3,\"name\":\"\u0422\u0451\u043f\u043b\u044b\u0435 \u0440\u0430\u0431\u043e\u0447\u0438\u0435 \u043f\u0435\u0440\u0447\u0430\u0442\u043a\u0438 SHOWA Thermo \u0441 \u043b\u0430\u0442\u0435\u043a\u0441\u043d\u044b\u043c \u043f\u043e\u043a\u0440\u044b\u0442\u0438\u0435\u043c\"}]},{\"@type\":\"WebSite\",\"@id\":\"https:\/\/stafit.ee\/#website\",\"url\":\"https:\/\/stafit.ee\/\",\"name\":\"Stafit O\u00dc\",\"description\":\"T\u00f6\u00f6riete ja ohutusvahendite jae ja hulgim\u00fc\u00fck\",\"potentialAction\":[{\"@type\":\"SearchAction\",\"target\":{\"@type\":\"EntryPoint\",\"urlTemplate\":\"https:\/\/stafit.ee\/?s={search_term_string}\"},\"query-input\":{\"@type\":\"PropertyValueSpecification\",\"valueRequired\":true,\"valueName\":\"search_term_string\"}}],\"inLanguage\":\"ru-RU\"}]}<\/script>\n<!-- \/ Yoast SEO plugin. -->","yoast_head_json":{"title":"\u0422\u0451\u043f\u043b\u044b\u0435 \u0440\u0430\u0431\u043e\u0447\u0438\u0435 \u043f\u0435\u0440\u0447\u0430\u0442\u043a\u0438 SHOWA Thermo \u0441 \u043b\u0430\u0442\u0435\u043a\u0441\u043d\u044b\u043c \u043f\u043e\u043a\u0440\u044b\u0442\u0438\u0435\u043c - Stafit O\u00dc","robots":{"index":"index","follow":"follow","max-snippet":"max-snippet:-1","max-image-preview":"max-image-preview:large","max-video-preview":"max-video-preview:-1"},"canonical":"https:\/\/stafit.ee\/ru\/tovar\/\u0442\u0451\u043f\u043b\u044b\u0435-\u0440\u0430\u0431\u043e\u0447\u0438\u0435-\u043f\u0435\u0440\u0447\u0430\u0442\u043a\u0438-showa-thermo\/","og_locale":"ru_RU","og_type":"article","og_title":"\u0422\u0451\u043f\u043b\u044b\u0435 \u0440\u0430\u0431\u043e\u0447\u0438\u0435 \u043f\u0435\u0440\u0447\u0430\u0442\u043a\u0438 SHOWA Thermo \u0441 \u043b\u0430\u0442\u0435\u043a\u0441\u043d\u044b\u043c \u043f\u043e\u043a\u0440\u044b\u0442\u0438\u0435\u043c - Stafit O\u00dc","og_description":"\u0418\u0437\u043d\u043e\u0441\u043e\u0441\u0442\u043e\u0439\u043a\u0438\u0435 \u0440\u0430\u0431\u043e\u0447\u0438\u0435 \u043f\u0435\u0440\u0447\u0430\u0442\u043a\u0438 \u0441 \u0442\u0451\u043f\u043b\u043e\u0439 \u043f\u043e\u0434\u043a\u043b\u0430\u0434\u043a\u043e\u0439. \u042d\u043b\u0430\u0441\u0442\u0438\u0447\u043d\u044b\u0435 \u043f\u0435\u0440\u0447\u0430\u0442\u043a\u0438 \u0431\u0435\u0437 \u0448\u0432\u043e\u0432. \u0410\u043d\u0442\u0438\u0431\u0430\u043a\u0442\u0435\u0440\u0438\u0430\u043b\u044c\u043d\u044b\u0435. \u041b\u0430\u0442\u0435\u043a\u0441\u043d\u043e\u0435 \u0441\u0442\u0440\u0443\u043a\u0442\u0443\u0440\u0438\u0440\u043e\u0432\u0430\u043d\u043d\u043e\u0435 \u043f\u043e\u043a\u0440\u044b\u0442\u0438\u0435 \u043d\u0430 \u043b\u0430\u0434\u043e\u043d\u043d\u043e\u0439 \u0447\u0430\u0441\u0442\u0438 \u043e\u0431\u0435\u0441\u043f\u0435\u0447\u0438\u0432\u0430\u0435\u0442 \u043e\u0442\u043b\u0438\u0447\u043d\u043e\u0435 \u0441\u0446\u0435\u043f\u043b\u0435\u043d\u0438\u0435 \u0432 \u0441\u0443\u0445\u0438\u0445 \u0438 \u0432\u043b\u0430\u0436\u043d\u044b\u0445 \u0443\u0441\u043b\u043e\u0432\u0438\u044f\u0445. \u0414\u044b\u0448\u0430\u0449\u0430\u044f \u0442\u044b\u043b\u044c\u043d\u0430\u044f \u0441\u0442\u043e\u0440\u043e\u043d\u0430 \u043b\u0430\u0434\u043e\u043d\u0438. \u041f\u043e\u0434\u0445\u043e\u0434\u0438\u0442 \u043a\u0430\u043a \u0437\u0430\u0449\u0438\u0442\u0430 \u043f\u0440\u0438 \u043d\u0438\u0437\u043a\u0438\u0445 \u0442\u0435\u043c\u043f\u0435\u0440\u0430\u0442\u0443\u0440\u0430\u0445 (\u0432 \u0445\u043e\u043b\u043e\u0434\u043d\u044b\u0445 \u043f\u043e\u043c\u0435\u0449\u0435\u043d\u0438\u044f\u0445, \u0432 \u043b\u0435\u0441\u0443, \u043d\u0430 \u0440\u044b\u0431\u0430\u043b\u043a\u0435, \u0432 \u043f\u0438\u0449\u0435\u0432\u043e\u0439 \u043f\u0440\u043e\u043c\u044b\u0448\u043b\u0435\u043d\u043d\u043e\u0441\u0442\u0438). \u041c\u0430\u0442\u0435\u0440\u0438\u0430\u043b: \u043b\u0430\u0442\u0435\u043a\u0441, \u0430\u043a\u0440\u0438\u043b\/\u043f\u043e\u043b\u0438\u044d\u0441\u0442\u0435\u0440\/\u0445\u043b\u043e\u043f\u043e\u043a. \u0421\u043e\u043e\u0442\u0432\u0435\u0442\u0441\u0442\u0432\u0443\u044e\u0442 \u0441\u0442\u0430\u043d\u0434\u0430\u0440\u0442\u0430\u043c: EN 388: 2003, EN 511:...","og_url":"https:\/\/stafit.ee\/ru\/tovar\/\u0442\u0451\u043f\u043b\u044b\u0435-\u0440\u0430\u0431\u043e\u0447\u0438\u0435-\u043f\u0435\u0440\u0447\u0430\u0442\u043a\u0438-showa-thermo\/","og_site_name":"Stafit O\u00dc","article_modified_time":"2026-04-08T15:22:55+00:00","og_image":[{"width":650,"height":650,"url":"https:\/\/stafit.ee\/wp-content\/uploads\/2021\/09\/SH451-1.jpg","type":"image\/jpeg"}],"twitter_card":"summary_large_image","schema":{"@context":"https:\/\/schema.org","@graph":[{"@type":"WebPage","@id":"https:\/\/stafit.ee\/ru\/tovar\/%d1%82%d1%91%d0%bf%d0%bb%d1%8b%d0%b5-%d1%80%d0%b0%d0%b1%d0%be%d1%87%d0%b8%d0%b5-%d0%bf%d0%b5%d1%80%d1%87%d0%b0%d1%82%d0%ba%d0%b8-showa-thermo\/","url":"https:\/\/stafit.ee\/ru\/tovar\/%d1%82%d1%91%d0%bf%d0%bb%d1%8b%d0%b5-%d1%80%d0%b0%d0%b1%d0%be%d1%87%d0%b8%d0%b5-%d0%bf%d0%b5%d1%80%d1%87%d0%b0%d1%82%d0%ba%d0%b8-showa-thermo\/","name":"\u0422\u0451\u043f\u043b\u044b\u0435 \u0440\u0430\u0431\u043e\u0447\u0438\u0435 \u043f\u0435\u0440\u0447\u0430\u0442\u043a\u0438 SHOWA Thermo \u0441 \u043b\u0430\u0442\u0435\u043a\u0441\u043d\u044b\u043c \u043f\u043e\u043a\u0440\u044b\u0442\u0438\u0435\u043c - Stafit O\u00dc","isPartOf":{"@id":"https:\/\/stafit.ee\/#website"},"primaryImageOfPage":{"@id":"https:\/\/stafit.ee\/ru\/tovar\/%d1%82%d1%91%d0%bf%d0%bb%d1%8b%d0%b5-%d1%80%d0%b0%d0%b1%d0%be%d1%87%d0%b8%d0%b5-%d0%bf%d0%b5%d1%80%d1%87%d0%b0%d1%82%d0%ba%d0%b8-showa-thermo\/#primaryimage"},"image":{"@id":"https:\/\/stafit.ee\/ru\/tovar\/%d1%82%d1%91%d0%bf%d0%bb%d1%8b%d0%b5-%d1%80%d0%b0%d0%b1%d0%be%d1%87%d0%b8%d0%b5-%d0%bf%d0%b5%d1%80%d1%87%d0%b0%d1%82%d0%ba%d0%b8-showa-thermo\/#primaryimage"},"thumbnailUrl":"https:\/\/stafit.ee\/wp-content\/uploads\/2021\/09\/SH451-1.jpg","datePublished":"2021-09-13T13:01:46+00:00","dateModified":"2026-04-08T15:22:55+00:00","breadcrumb":{"@id":"https:\/\/stafit.ee\/ru\/tovar\/%d1%82%d1%91%d0%bf%d0%bb%d1%8b%d0%b5-%d1%80%d0%b0%d0%b1%d0%be%d1%87%d0%b8%d0%b5-%d0%bf%d0%b5%d1%80%d1%87%d0%b0%d1%82%d0%ba%d0%b8-showa-thermo\/#breadcrumb"},"inLanguage":"ru-RU","potentialAction":[{"@type":"ReadAction","target":["https:\/\/stafit.ee\/ru\/tovar\/%d1%82%d1%91%d0%bf%d0%bb%d1%8b%d0%b5-%d1%80%d0%b0%d0%b1%d0%be%d1%87%d0%b8%d0%b5-%d0%bf%d0%b5%d1%80%d1%87%d0%b0%d1%82%d0%ba%d0%b8-showa-thermo\/"]}]},{"@type":"ImageObject","inLanguage":"ru-RU","@id":"https:\/\/stafit.ee\/ru\/tovar\/%d1%82%d1%91%d0%bf%d0%bb%d1%8b%d0%b5-%d1%80%d0%b0%d0%b1%d0%be%d1%87%d0%b8%d0%b5-%d0%bf%d0%b5%d1%80%d1%87%d0%b0%d1%82%d0%ba%d0%b8-showa-thermo\/#primaryimage","url":"https:\/\/stafit.ee\/wp-content\/uploads\/2021\/09\/SH451-1.jpg","contentUrl":"https:\/\/stafit.ee\/wp-content\/uploads\/2021\/09\/SH451-1.jpg","width":650,"height":650},{"@type":"BreadcrumbList","@id":"https:\/\/stafit.ee\/ru\/tovar\/%d1%82%d1%91%d0%bf%d0%bb%d1%8b%d0%b5-%d1%80%d0%b0%d0%b1%d0%be%d1%87%d0%b8%d0%b5-%d0%bf%d0%b5%d1%80%d1%87%d0%b0%d1%82%d0%ba%d0%b8-showa-thermo\/#breadcrumb","itemListElement":[{"@type":"ListItem","position":1,"name":"Home","item":"https:\/\/stafit.ee\/ru\/"},{"@type":"ListItem","position":2,"name":"\u041c\u0430\u0433\u0430\u0437\u0438\u043d","item":"https:\/\/stafit.ee\/ru\/pood\/"},{"@type":"ListItem","position":3,"name":"\u0422\u0451\u043f\u043b\u044b\u0435 \u0440\u0430\u0431\u043e\u0447\u0438\u0435 \u043f\u0435\u0440\u0447\u0430\u0442\u043a\u0438 SHOWA Thermo \u0441 \u043b\u0430\u0442\u0435\u043a\u0441\u043d\u044b\u043c \u043f\u043e\u043a\u0440\u044b\u0442\u0438\u0435\u043c"}]},{"@type":"WebSite","@id":"https:\/\/stafit.ee\/#website","url":"https:\/\/stafit.ee\/","name":"Stafit O\u00dc","description":"T\u00f6\u00f6riete ja ohutusvahendite jae ja hulgim\u00fc\u00fck","potentialAction":[{"@type":"SearchAction","target":{"@type":"EntryPoint","urlTemplate":"https:\/\/stafit.ee\/?s={search_term_string}"},"query-input":{"@type":"PropertyValueSpecification","valueRequired":true,"valueName":"search_term_string"}}],"inLanguage":"ru-RU"}]}},"brands":[],"_links":{"self":[{"href":"https:\/\/stafit.ee\/ru\/wp-json\/wp\/v2\/product\/32865","targetHints":{"allow":["GET"]}}],"collection":[{"href":"https:\/\/stafit.ee\/ru\/wp-json\/wp\/v2\/product"}],"about":[{"href":"https:\/\/stafit.ee\/ru\/wp-json\/wp\/v2\/types\/product"}],"wp:featuredmedia":[{"embeddable":true,"href":"https:\/\/stafit.ee\/ru\/wp-json\/wp\/v2\/media\/32860"}],"wp:attachment":[{"href":"https:\/\/stafit.ee\/ru\/wp-json\/wp\/v2\/media?parent=32865"}],"wp:term":[{"taxonomy":"pwb-brand","embeddable":true,"href":"https:\/\/stafit.ee\/ru\/wp-json\/wp\/v2\/pwb-brand?post=32865"},{"taxonomy":"product_brand","embeddable":true,"href":"https:\/\/stafit.ee\/ru\/wp-json\/wp\/v2\/product_brand?post=32865"},{"taxonomy":"product_cat","embeddable":true,"href":"https:\/\/stafit.ee\/ru\/wp-json\/wp\/v2\/product_cat?post=32865"},{"taxonomy":"product_tag","embeddable":true,"href":"https:\/\/stafit.ee\/ru\/wp-json\/wp\/v2\/product_tag?post=32865"}],"curies":[{"name":"wp","href":"https:\/\/api.w.org\/{rel}","templated":true}]}}