{"id":28545,"date":"2021-07-20T13:00:36","date_gmt":"2021-07-20T10:00:36","guid":{"rendered":"https:\/\/stafit.ee\/toode\/%d0%b4%d0%b5%d0%b7%d0%b8%d0%bd%d1%84%d0%b8%d1%86%d0%b8%d1%80%d1%83%d1%8e%d1%89%d0%b8%d0%b9-%d0%b3%d0%b5%d0%bb%d1%8c-plum-85-75-%d0%bc%d0%bb\/"},"modified":"2026-04-08T18:14:39","modified_gmt":"2026-04-08T15:14:39","slug":"%d0%b4%d0%b5%d0%b7%d0%b8%d0%bd%d1%84%d0%b8%d1%86%d0%b8%d1%80%d1%83%d1%8e%d1%89%d0%b8%d0%b9-%d0%b3%d0%b5%d0%bb%d1%8c-plum-85-75-%d0%bc%d0%bb","status":"publish","type":"product","link":"https:\/\/stafit.ee\/ru\/tovar\/%d0%b4%d0%b5%d0%b7%d0%b8%d0%bd%d1%84%d0%b8%d1%86%d0%b8%d1%80%d1%83%d1%8e%d1%89%d0%b8%d0%b9-%d0%b3%d0%b5%d0%bb%d1%8c-plum-85-75-%d0%bc%d0%bb\/","title":{"rendered":"\u0414\u0435\u0437\u0438\u043d\u0444\u0438\u0446\u0438\u0440\u0443\u044e\u0449\u0438\u0439 \u0433\u0435\u043b\u044c Plum 85% 75 \u043c\u043b"},"content":{"rendered":"<ul>\n<li>\u0413\u0435\u043b\u044c \u043d\u0430 \u0441\u043f\u0438\u0440\u0442\u043e\u0432\u043e\u0439 \u043e\u0441\u043d\u043e\u0432\u0435 \u0434\u043b\u044f \u0434\u0435\u0437\u0438\u043d\u0444\u0435\u043a\u0446\u0438\u0438 \u0440\u0443\u043a.<\/li>\n<li>\u0421\u043e\u0434\u0435\u0440\u0436\u0438\u0442 85% \u044d\u0442\u0430\u043d\u043e\u043b\u0430, \u0434\u0435\u043d\u0430\u0442\u0443\u0440\u0438\u0440\u043e\u0432\u0430\u043d\u043d\u043e\u0433\u043e 6% \u0438\u0437\u043e\u043f\u0440\u043e\u043f\u0438\u043b\u043e\u0432\u044b\u043c \u0441\u043f\u0438\u0440\u0442\u043e\u043c (\u0418\u041f\u0421).<\/li>\n<li>\u042d\u0444\u0444\u0435\u043a\u0442\u0438\u0432\u043d\u043e \u0443\u043c\u0435\u043d\u044c\u0448\u0430\u0435\u0442 \u043a\u043e\u043b\u0438\u0447\u0435\u0441\u0442\u0432\u043e \u0431\u0430\u043a\u0442\u0435\u0440\u0438\u0439 \u0438 \u0432\u0438\u0440\u0443\u0441\u043e\u0432 \u043d\u0430 \u0440\u0443\u043a\u0430\u0445 \u0438 \u0441\u0432\u043e\u0434\u0438\u0442 \u043a \u043c\u0438\u043d\u0438\u043c\u0443\u043c\u0443 \u0440\u0438\u0441\u043a \u0440\u0430\u0441\u043f\u0440\u043e\u0441\u0442\u0440\u0430\u043d\u0435\u043d\u0438\u044f \u0438\u043d\u0444\u0435\u043a\u0446\u0438\u0438.<\/li>\n<li>\u0421\u043e\u0434\u0435\u0440\u0436\u0438\u0442 \u0433\u043b\u0438\u0446\u0435\u0440\u0438\u043d, \u0431\u043b\u0430\u0433\u043e\u0434\u0430\u0440\u044f \u043a\u043e\u0442\u043e\u0440\u044b\u043c\u0443 \u043d\u0435 \u0441\u043e\u0445\u043d\u0435\u0442 \u043a\u043e\u0436\u0430 \u0440\u0443\u043a.<\/li>\n<li>\u0421\u043e\u043e\u0442\u0432\u0435\u0442\u0441\u0442\u0432\u0443\u0435\u0442 \u0441\u0442\u0430\u043d\u0434\u0430\u0440\u0442\u0430\u043c: EN 1500:2013, EN 14476:2013+A1:2015.<\/li>\n<li>\u041f\u0440\u043e\u0442\u0435\u0441\u0442\u0438\u0440\u043e\u0432\u0430\u043d \u0434\u0435\u0440\u043c\u0430\u0442\u043e\u043b\u043e\u0433\u0430\u043c\u0438.<\/li>\n<li>\u041d\u0430\u043d\u0435\u0441\u0442\u0438 \u043d\u0430 \u0447\u0438\u0441\u0442\u044b\u0435 \u0441\u0443\u0445\u0438\u0435 \u0440\u0443\u043a\u0438 2-3 \u043c\u043b \u0434\u0435\u0437\u0438\u043d\u0444\u0438\u0446\u0438\u0440\u0443\u044e\u0449\u0435\u0433\u043e \u0441\u0440\u0435\u0434\u0441\u0442\u0432\u0430, \u0432\u0442\u0438\u0440\u0430\u0442\u044c \u0432 \u0440\u0443\u043a\u0438 \u0432 \u0442\u0435\u0447\u0435\u043d\u0438\u0435 30 \u0441\u0435\u043a\u0443\u043d\u0434.<\/li>\n<\/ul>\n","protected":false},"excerpt":{"rendered":"<p>\u0413\u0435\u043b\u044c \u043d\u0430 \u0441\u043f\u0438\u0440\u0442\u043e\u0432\u043e\u0439 \u043e\u0441\u043d\u043e\u0432\u0435 \u0434\u043b\u044f \u0434\u0435\u0437\u0438\u043d\u0444\u0435\u043a\u0446\u0438\u0438 \u0440\u0443\u043a. \u0421\u043e\u0434\u0435\u0440\u0436\u0438\u0442 85% \u044d\u0442\u0430\u043d\u043e\u043b\u0430, \u0434\u0435\u043d\u0430\u0442\u0443\u0440\u0438\u0440\u043e\u0432\u0430\u043d\u043d\u043e\u0433\u043e 6% \u0438\u0437\u043e\u043f\u0440\u043e\u043f\u0438\u043b\u043e\u0432\u044b\u043c \u0441\u043f\u0438\u0440\u0442\u043e\u043c (\u0418\u041f\u0421). \u042d\u0444\u0444\u0435\u043a\u0442\u0438\u0432\u043d\u043e \u0443\u043c\u0435\u043d\u044c\u0448\u0430\u0435\u0442 \u043a\u043e\u043b\u0438\u0447\u0435\u0441\u0442\u0432\u043e \u0431\u0430\u043a\u0442\u0435\u0440\u0438\u0439 \u0438 \u0432\u0438\u0440\u0443\u0441\u043e\u0432 \u043d\u0430 \u0440\u0443\u043a\u0430\u0445 \u0438 \u0441\u0432\u043e\u0434\u0438\u0442 \u043a \u043c\u0438\u043d\u0438\u043c\u0443\u043c\u0443 \u0440\u0438\u0441\u043a \u0440\u0430\u0441\u043f\u0440\u043e\u0441\u0442\u0440\u0430\u043d\u0435\u043d\u0438\u044f \u0438\u043d\u0444\u0435\u043a\u0446\u0438\u0438. \u0421\u043e\u0434\u0435\u0440\u0436\u0438\u0442 \u0433\u043b\u0438\u0446\u0435\u0440\u0438\u043d, \u0431\u043b\u0430\u0433\u043e\u0434\u0430\u0440\u044f \u043a\u043e\u0442\u043e\u0440\u044b\u043c\u0443 \u043d\u0435 \u0441\u043e\u0445\u043d\u0435\u0442 \u043a\u043e\u0436\u0430 \u0440\u0443\u043a. \u0421\u043e\u043e\u0442\u0432\u0435\u0442\u0441\u0442\u0432\u0443\u0435\u0442 \u0441\u0442\u0430\u043d\u0434\u0430\u0440\u0442\u0430\u043c: EN 1500:2013, EN 14476:2013+A1:2015. \u041f\u0440\u043e\u0442\u0435\u0441\u0442\u0438\u0440\u043e\u0432\u0430\u043d \u0434\u0435\u0440\u043c\u0430\u0442\u043e\u043b\u043e\u0433\u0430\u043c\u0438. \u041d\u0430\u043d\u0435\u0441\u0442\u0438 \u043d\u0430 \u0447\u0438\u0441\u0442\u044b\u0435 \u0441\u0443\u0445\u0438\u0435 \u0440\u0443\u043a\u0438 2-3 \u043c\u043b \u0434\u0435\u0437\u0438\u043d\u0444\u0438\u0446\u0438\u0440\u0443\u044e\u0449\u0435\u0433\u043e \u0441\u0440\u0435\u0434\u0441\u0442\u0432\u0430,&#8230;<\/p>\n","protected":false},"featured_media":28543,"template":"","meta":[],"pwb-brand":[],"product_brand":[],"product_cat":[818],"product_tag":[],"class_list":{"0":"post-28545","1":"product","2":"type-product","3":"status-publish","4":"has-post-thumbnail","6":"product_cat-----ru","8":"first","9":"instock","10":"taxable","11":"shipping-taxable","12":"purchasable","13":"product-type-simple"},"yoast_head":"<!-- This site is optimized with the Yoast SEO plugin v27.0 - https:\/\/yoast.com\/product\/yoast-seo-wordpress\/ -->\n<title>\u0414\u0435\u0437\u0438\u043d\u0444\u0438\u0446\u0438\u0440\u0443\u044e\u0449\u0438\u0439 \u0433\u0435\u043b\u044c Plum 85% 75 \u043c\u043b - Stafit O\u00dc<\/title>\n<meta name=\"robots\" content=\"index, follow, max-snippet:-1, max-image-preview:large, max-video-preview:-1\" \/>\n<link rel=\"canonical\" href=\"https:\/\/stafit.ee\/ru\/tovar\/\u0434\u0435\u0437\u0438\u043d\u0444\u0438\u0446\u0438\u0440\u0443\u044e\u0449\u0438\u0439-\u0433\u0435\u043b\u044c-plum-85-75-\u043c\u043b\/\" \/>\n<meta property=\"og:locale\" content=\"ru_RU\" \/>\n<meta property=\"og:type\" content=\"article\" \/>\n<meta property=\"og:title\" content=\"\u0414\u0435\u0437\u0438\u043d\u0444\u0438\u0446\u0438\u0440\u0443\u044e\u0449\u0438\u0439 \u0433\u0435\u043b\u044c Plum 85% 75 \u043c\u043b - Stafit O\u00dc\" \/>\n<meta property=\"og:description\" content=\"\u0413\u0435\u043b\u044c \u043d\u0430 \u0441\u043f\u0438\u0440\u0442\u043e\u0432\u043e\u0439 \u043e\u0441\u043d\u043e\u0432\u0435 \u0434\u043b\u044f \u0434\u0435\u0437\u0438\u043d\u0444\u0435\u043a\u0446\u0438\u0438 \u0440\u0443\u043a. \u0421\u043e\u0434\u0435\u0440\u0436\u0438\u0442 85% \u044d\u0442\u0430\u043d\u043e\u043b\u0430, \u0434\u0435\u043d\u0430\u0442\u0443\u0440\u0438\u0440\u043e\u0432\u0430\u043d\u043d\u043e\u0433\u043e 6% \u0438\u0437\u043e\u043f\u0440\u043e\u043f\u0438\u043b\u043e\u0432\u044b\u043c \u0441\u043f\u0438\u0440\u0442\u043e\u043c (\u0418\u041f\u0421). \u042d\u0444\u0444\u0435\u043a\u0442\u0438\u0432\u043d\u043e \u0443\u043c\u0435\u043d\u044c\u0448\u0430\u0435\u0442 \u043a\u043e\u043b\u0438\u0447\u0435\u0441\u0442\u0432\u043e \u0431\u0430\u043a\u0442\u0435\u0440\u0438\u0439 \u0438 \u0432\u0438\u0440\u0443\u0441\u043e\u0432 \u043d\u0430 \u0440\u0443\u043a\u0430\u0445 \u0438 \u0441\u0432\u043e\u0434\u0438\u0442 \u043a \u043c\u0438\u043d\u0438\u043c\u0443\u043c\u0443 \u0440\u0438\u0441\u043a \u0440\u0430\u0441\u043f\u0440\u043e\u0441\u0442\u0440\u0430\u043d\u0435\u043d\u0438\u044f \u0438\u043d\u0444\u0435\u043a\u0446\u0438\u0438. \u0421\u043e\u0434\u0435\u0440\u0436\u0438\u0442 \u0433\u043b\u0438\u0446\u0435\u0440\u0438\u043d, \u0431\u043b\u0430\u0433\u043e\u0434\u0430\u0440\u044f \u043a\u043e\u0442\u043e\u0440\u044b\u043c\u0443 \u043d\u0435 \u0441\u043e\u0445\u043d\u0435\u0442 \u043a\u043e\u0436\u0430 \u0440\u0443\u043a. \u0421\u043e\u043e\u0442\u0432\u0435\u0442\u0441\u0442\u0432\u0443\u0435\u0442 \u0441\u0442\u0430\u043d\u0434\u0430\u0440\u0442\u0430\u043c: EN 1500:2013, EN 14476:2013+A1:2015. \u041f\u0440\u043e\u0442\u0435\u0441\u0442\u0438\u0440\u043e\u0432\u0430\u043d \u0434\u0435\u0440\u043c\u0430\u0442\u043e\u043b\u043e\u0433\u0430\u043c\u0438. \u041d\u0430\u043d\u0435\u0441\u0442\u0438 \u043d\u0430 \u0447\u0438\u0441\u0442\u044b\u0435 \u0441\u0443\u0445\u0438\u0435 \u0440\u0443\u043a\u0438 2-3 \u043c\u043b \u0434\u0435\u0437\u0438\u043d\u0444\u0438\u0446\u0438\u0440\u0443\u044e\u0449\u0435\u0433\u043e \u0441\u0440\u0435\u0434\u0441\u0442\u0432\u0430,...\" \/>\n<meta property=\"og:url\" content=\"https:\/\/stafit.ee\/ru\/tovar\/\u0434\u0435\u0437\u0438\u043d\u0444\u0438\u0446\u0438\u0440\u0443\u044e\u0449\u0438\u0439-\u0433\u0435\u043b\u044c-plum-85-75-\u043c\u043b\/\" \/>\n<meta property=\"og:site_name\" content=\"Stafit O\u00dc\" \/>\n<meta property=\"article:modified_time\" content=\"2026-04-08T15:14:39+00:00\" \/>\n<meta property=\"og:image\" content=\"https:\/\/stafit.ee\/wp-content\/uploads\/2021\/07\/3952.jpg\" \/>\n\t<meta property=\"og:image:width\" content=\"400\" \/>\n\t<meta property=\"og:image:height\" content=\"400\" \/>\n\t<meta property=\"og:image:type\" content=\"image\/jpeg\" \/>\n<meta name=\"twitter:card\" content=\"summary_large_image\" \/>\n<script type=\"application\/ld+json\" class=\"yoast-schema-graph\">{\"@context\":\"https:\/\/schema.org\",\"@graph\":[{\"@type\":\"WebPage\",\"@id\":\"https:\/\/stafit.ee\/ru\/tovar\/%d0%b4%d0%b5%d0%b7%d0%b8%d0%bd%d1%84%d0%b8%d1%86%d0%b8%d1%80%d1%83%d1%8e%d1%89%d0%b8%d0%b9-%d0%b3%d0%b5%d0%bb%d1%8c-plum-85-75-%d0%bc%d0%bb\/\",\"url\":\"https:\/\/stafit.ee\/ru\/tovar\/%d0%b4%d0%b5%d0%b7%d0%b8%d0%bd%d1%84%d0%b8%d1%86%d0%b8%d1%80%d1%83%d1%8e%d1%89%d0%b8%d0%b9-%d0%b3%d0%b5%d0%bb%d1%8c-plum-85-75-%d0%bc%d0%bb\/\",\"name\":\"\u0414\u0435\u0437\u0438\u043d\u0444\u0438\u0446\u0438\u0440\u0443\u044e\u0449\u0438\u0439 \u0433\u0435\u043b\u044c Plum 85% 75 \u043c\u043b - Stafit O\u00dc\",\"isPartOf\":{\"@id\":\"https:\/\/stafit.ee\/#website\"},\"primaryImageOfPage\":{\"@id\":\"https:\/\/stafit.ee\/ru\/tovar\/%d0%b4%d0%b5%d0%b7%d0%b8%d0%bd%d1%84%d0%b8%d1%86%d0%b8%d1%80%d1%83%d1%8e%d1%89%d0%b8%d0%b9-%d0%b3%d0%b5%d0%bb%d1%8c-plum-85-75-%d0%bc%d0%bb\/#primaryimage\"},\"image\":{\"@id\":\"https:\/\/stafit.ee\/ru\/tovar\/%d0%b4%d0%b5%d0%b7%d0%b8%d0%bd%d1%84%d0%b8%d1%86%d0%b8%d1%80%d1%83%d1%8e%d1%89%d0%b8%d0%b9-%d0%b3%d0%b5%d0%bb%d1%8c-plum-85-75-%d0%bc%d0%bb\/#primaryimage\"},\"thumbnailUrl\":\"https:\/\/stafit.ee\/wp-content\/uploads\/2021\/07\/3952.jpg\",\"datePublished\":\"2021-07-20T10:00:36+00:00\",\"dateModified\":\"2026-04-08T15:14:39+00:00\",\"breadcrumb\":{\"@id\":\"https:\/\/stafit.ee\/ru\/tovar\/%d0%b4%d0%b5%d0%b7%d0%b8%d0%bd%d1%84%d0%b8%d1%86%d0%b8%d1%80%d1%83%d1%8e%d1%89%d0%b8%d0%b9-%d0%b3%d0%b5%d0%bb%d1%8c-plum-85-75-%d0%bc%d0%bb\/#breadcrumb\"},\"inLanguage\":\"ru-RU\",\"potentialAction\":[{\"@type\":\"ReadAction\",\"target\":[\"https:\/\/stafit.ee\/ru\/tovar\/%d0%b4%d0%b5%d0%b7%d0%b8%d0%bd%d1%84%d0%b8%d1%86%d0%b8%d1%80%d1%83%d1%8e%d1%89%d0%b8%d0%b9-%d0%b3%d0%b5%d0%bb%d1%8c-plum-85-75-%d0%bc%d0%bb\/\"]}]},{\"@type\":\"ImageObject\",\"inLanguage\":\"ru-RU\",\"@id\":\"https:\/\/stafit.ee\/ru\/tovar\/%d0%b4%d0%b5%d0%b7%d0%b8%d0%bd%d1%84%d0%b8%d1%86%d0%b8%d1%80%d1%83%d1%8e%d1%89%d0%b8%d0%b9-%d0%b3%d0%b5%d0%bb%d1%8c-plum-85-75-%d0%bc%d0%bb\/#primaryimage\",\"url\":\"https:\/\/stafit.ee\/wp-content\/uploads\/2021\/07\/3952.jpg\",\"contentUrl\":\"https:\/\/stafit.ee\/wp-content\/uploads\/2021\/07\/3952.jpg\",\"width\":400,\"height\":400},{\"@type\":\"BreadcrumbList\",\"@id\":\"https:\/\/stafit.ee\/ru\/tovar\/%d0%b4%d0%b5%d0%b7%d0%b8%d0%bd%d1%84%d0%b8%d1%86%d0%b8%d1%80%d1%83%d1%8e%d1%89%d0%b8%d0%b9-%d0%b3%d0%b5%d0%bb%d1%8c-plum-85-75-%d0%bc%d0%bb\/#breadcrumb\",\"itemListElement\":[{\"@type\":\"ListItem\",\"position\":1,\"name\":\"Home\",\"item\":\"https:\/\/stafit.ee\/ru\/\"},{\"@type\":\"ListItem\",\"position\":2,\"name\":\"\u041c\u0430\u0433\u0430\u0437\u0438\u043d\",\"item\":\"https:\/\/stafit.ee\/ru\/pood\/\"},{\"@type\":\"ListItem\",\"position\":3,\"name\":\"\u0414\u0435\u0437\u0438\u043d\u0444\u0438\u0446\u0438\u0440\u0443\u044e\u0449\u0438\u0439 \u0433\u0435\u043b\u044c Plum 85% 75 \u043c\u043b\"}]},{\"@type\":\"WebSite\",\"@id\":\"https:\/\/stafit.ee\/#website\",\"url\":\"https:\/\/stafit.ee\/\",\"name\":\"Stafit O\u00dc\",\"description\":\"T\u00f6\u00f6riete ja ohutusvahendite jae ja hulgim\u00fc\u00fck\",\"potentialAction\":[{\"@type\":\"SearchAction\",\"target\":{\"@type\":\"EntryPoint\",\"urlTemplate\":\"https:\/\/stafit.ee\/?s={search_term_string}\"},\"query-input\":{\"@type\":\"PropertyValueSpecification\",\"valueRequired\":true,\"valueName\":\"search_term_string\"}}],\"inLanguage\":\"ru-RU\"}]}<\/script>\n<!-- \/ Yoast SEO plugin. -->","yoast_head_json":{"title":"\u0414\u0435\u0437\u0438\u043d\u0444\u0438\u0446\u0438\u0440\u0443\u044e\u0449\u0438\u0439 \u0433\u0435\u043b\u044c Plum 85% 75 \u043c\u043b - Stafit O\u00dc","robots":{"index":"index","follow":"follow","max-snippet":"max-snippet:-1","max-image-preview":"max-image-preview:large","max-video-preview":"max-video-preview:-1"},"canonical":"https:\/\/stafit.ee\/ru\/tovar\/\u0434\u0435\u0437\u0438\u043d\u0444\u0438\u0446\u0438\u0440\u0443\u044e\u0449\u0438\u0439-\u0433\u0435\u043b\u044c-plum-85-75-\u043c\u043b\/","og_locale":"ru_RU","og_type":"article","og_title":"\u0414\u0435\u0437\u0438\u043d\u0444\u0438\u0446\u0438\u0440\u0443\u044e\u0449\u0438\u0439 \u0433\u0435\u043b\u044c Plum 85% 75 \u043c\u043b - Stafit O\u00dc","og_description":"\u0413\u0435\u043b\u044c \u043d\u0430 \u0441\u043f\u0438\u0440\u0442\u043e\u0432\u043e\u0439 \u043e\u0441\u043d\u043e\u0432\u0435 \u0434\u043b\u044f \u0434\u0435\u0437\u0438\u043d\u0444\u0435\u043a\u0446\u0438\u0438 \u0440\u0443\u043a. \u0421\u043e\u0434\u0435\u0440\u0436\u0438\u0442 85% \u044d\u0442\u0430\u043d\u043e\u043b\u0430, \u0434\u0435\u043d\u0430\u0442\u0443\u0440\u0438\u0440\u043e\u0432\u0430\u043d\u043d\u043e\u0433\u043e 6% \u0438\u0437\u043e\u043f\u0440\u043e\u043f\u0438\u043b\u043e\u0432\u044b\u043c \u0441\u043f\u0438\u0440\u0442\u043e\u043c (\u0418\u041f\u0421). \u042d\u0444\u0444\u0435\u043a\u0442\u0438\u0432\u043d\u043e \u0443\u043c\u0435\u043d\u044c\u0448\u0430\u0435\u0442 \u043a\u043e\u043b\u0438\u0447\u0435\u0441\u0442\u0432\u043e \u0431\u0430\u043a\u0442\u0435\u0440\u0438\u0439 \u0438 \u0432\u0438\u0440\u0443\u0441\u043e\u0432 \u043d\u0430 \u0440\u0443\u043a\u0430\u0445 \u0438 \u0441\u0432\u043e\u0434\u0438\u0442 \u043a \u043c\u0438\u043d\u0438\u043c\u0443\u043c\u0443 \u0440\u0438\u0441\u043a \u0440\u0430\u0441\u043f\u0440\u043e\u0441\u0442\u0440\u0430\u043d\u0435\u043d\u0438\u044f \u0438\u043d\u0444\u0435\u043a\u0446\u0438\u0438. \u0421\u043e\u0434\u0435\u0440\u0436\u0438\u0442 \u0433\u043b\u0438\u0446\u0435\u0440\u0438\u043d, \u0431\u043b\u0430\u0433\u043e\u0434\u0430\u0440\u044f \u043a\u043e\u0442\u043e\u0440\u044b\u043c\u0443 \u043d\u0435 \u0441\u043e\u0445\u043d\u0435\u0442 \u043a\u043e\u0436\u0430 \u0440\u0443\u043a. \u0421\u043e\u043e\u0442\u0432\u0435\u0442\u0441\u0442\u0432\u0443\u0435\u0442 \u0441\u0442\u0430\u043d\u0434\u0430\u0440\u0442\u0430\u043c: EN 1500:2013, EN 14476:2013+A1:2015. \u041f\u0440\u043e\u0442\u0435\u0441\u0442\u0438\u0440\u043e\u0432\u0430\u043d \u0434\u0435\u0440\u043c\u0430\u0442\u043e\u043b\u043e\u0433\u0430\u043c\u0438. \u041d\u0430\u043d\u0435\u0441\u0442\u0438 \u043d\u0430 \u0447\u0438\u0441\u0442\u044b\u0435 \u0441\u0443\u0445\u0438\u0435 \u0440\u0443\u043a\u0438 2-3 \u043c\u043b \u0434\u0435\u0437\u0438\u043d\u0444\u0438\u0446\u0438\u0440\u0443\u044e\u0449\u0435\u0433\u043e \u0441\u0440\u0435\u0434\u0441\u0442\u0432\u0430,...","og_url":"https:\/\/stafit.ee\/ru\/tovar\/\u0434\u0435\u0437\u0438\u043d\u0444\u0438\u0446\u0438\u0440\u0443\u044e\u0449\u0438\u0439-\u0433\u0435\u043b\u044c-plum-85-75-\u043c\u043b\/","og_site_name":"Stafit O\u00dc","article_modified_time":"2026-04-08T15:14:39+00:00","og_image":[{"width":400,"height":400,"url":"https:\/\/stafit.ee\/wp-content\/uploads\/2021\/07\/3952.jpg","type":"image\/jpeg"}],"twitter_card":"summary_large_image","schema":{"@context":"https:\/\/schema.org","@graph":[{"@type":"WebPage","@id":"https:\/\/stafit.ee\/ru\/tovar\/%d0%b4%d0%b5%d0%b7%d0%b8%d0%bd%d1%84%d0%b8%d1%86%d0%b8%d1%80%d1%83%d1%8e%d1%89%d0%b8%d0%b9-%d0%b3%d0%b5%d0%bb%d1%8c-plum-85-75-%d0%bc%d0%bb\/","url":"https:\/\/stafit.ee\/ru\/tovar\/%d0%b4%d0%b5%d0%b7%d0%b8%d0%bd%d1%84%d0%b8%d1%86%d0%b8%d1%80%d1%83%d1%8e%d1%89%d0%b8%d0%b9-%d0%b3%d0%b5%d0%bb%d1%8c-plum-85-75-%d0%bc%d0%bb\/","name":"\u0414\u0435\u0437\u0438\u043d\u0444\u0438\u0446\u0438\u0440\u0443\u044e\u0449\u0438\u0439 \u0433\u0435\u043b\u044c Plum 85% 75 \u043c\u043b - Stafit O\u00dc","isPartOf":{"@id":"https:\/\/stafit.ee\/#website"},"primaryImageOfPage":{"@id":"https:\/\/stafit.ee\/ru\/tovar\/%d0%b4%d0%b5%d0%b7%d0%b8%d0%bd%d1%84%d0%b8%d1%86%d0%b8%d1%80%d1%83%d1%8e%d1%89%d0%b8%d0%b9-%d0%b3%d0%b5%d0%bb%d1%8c-plum-85-75-%d0%bc%d0%bb\/#primaryimage"},"image":{"@id":"https:\/\/stafit.ee\/ru\/tovar\/%d0%b4%d0%b5%d0%b7%d0%b8%d0%bd%d1%84%d0%b8%d1%86%d0%b8%d1%80%d1%83%d1%8e%d1%89%d0%b8%d0%b9-%d0%b3%d0%b5%d0%bb%d1%8c-plum-85-75-%d0%bc%d0%bb\/#primaryimage"},"thumbnailUrl":"https:\/\/stafit.ee\/wp-content\/uploads\/2021\/07\/3952.jpg","datePublished":"2021-07-20T10:00:36+00:00","dateModified":"2026-04-08T15:14:39+00:00","breadcrumb":{"@id":"https:\/\/stafit.ee\/ru\/tovar\/%d0%b4%d0%b5%d0%b7%d0%b8%d0%bd%d1%84%d0%b8%d1%86%d0%b8%d1%80%d1%83%d1%8e%d1%89%d0%b8%d0%b9-%d0%b3%d0%b5%d0%bb%d1%8c-plum-85-75-%d0%bc%d0%bb\/#breadcrumb"},"inLanguage":"ru-RU","potentialAction":[{"@type":"ReadAction","target":["https:\/\/stafit.ee\/ru\/tovar\/%d0%b4%d0%b5%d0%b7%d0%b8%d0%bd%d1%84%d0%b8%d1%86%d0%b8%d1%80%d1%83%d1%8e%d1%89%d0%b8%d0%b9-%d0%b3%d0%b5%d0%bb%d1%8c-plum-85-75-%d0%bc%d0%bb\/"]}]},{"@type":"ImageObject","inLanguage":"ru-RU","@id":"https:\/\/stafit.ee\/ru\/tovar\/%d0%b4%d0%b5%d0%b7%d0%b8%d0%bd%d1%84%d0%b8%d1%86%d0%b8%d1%80%d1%83%d1%8e%d1%89%d0%b8%d0%b9-%d0%b3%d0%b5%d0%bb%d1%8c-plum-85-75-%d0%bc%d0%bb\/#primaryimage","url":"https:\/\/stafit.ee\/wp-content\/uploads\/2021\/07\/3952.jpg","contentUrl":"https:\/\/stafit.ee\/wp-content\/uploads\/2021\/07\/3952.jpg","width":400,"height":400},{"@type":"BreadcrumbList","@id":"https:\/\/stafit.ee\/ru\/tovar\/%d0%b4%d0%b5%d0%b7%d0%b8%d0%bd%d1%84%d0%b8%d1%86%d0%b8%d1%80%d1%83%d1%8e%d1%89%d0%b8%d0%b9-%d0%b3%d0%b5%d0%bb%d1%8c-plum-85-75-%d0%bc%d0%bb\/#breadcrumb","itemListElement":[{"@type":"ListItem","position":1,"name":"Home","item":"https:\/\/stafit.ee\/ru\/"},{"@type":"ListItem","position":2,"name":"\u041c\u0430\u0433\u0430\u0437\u0438\u043d","item":"https:\/\/stafit.ee\/ru\/pood\/"},{"@type":"ListItem","position":3,"name":"\u0414\u0435\u0437\u0438\u043d\u0444\u0438\u0446\u0438\u0440\u0443\u044e\u0449\u0438\u0439 \u0433\u0435\u043b\u044c Plum 85% 75 \u043c\u043b"}]},{"@type":"WebSite","@id":"https:\/\/stafit.ee\/#website","url":"https:\/\/stafit.ee\/","name":"Stafit O\u00dc","description":"T\u00f6\u00f6riete ja ohutusvahendite jae ja hulgim\u00fc\u00fck","potentialAction":[{"@type":"SearchAction","target":{"@type":"EntryPoint","urlTemplate":"https:\/\/stafit.ee\/?s={search_term_string}"},"query-input":{"@type":"PropertyValueSpecification","valueRequired":true,"valueName":"search_term_string"}}],"inLanguage":"ru-RU"}]}},"brands":[],"_links":{"self":[{"href":"https:\/\/stafit.ee\/ru\/wp-json\/wp\/v2\/product\/28545","targetHints":{"allow":["GET"]}}],"collection":[{"href":"https:\/\/stafit.ee\/ru\/wp-json\/wp\/v2\/product"}],"about":[{"href":"https:\/\/stafit.ee\/ru\/wp-json\/wp\/v2\/types\/product"}],"wp:featuredmedia":[{"embeddable":true,"href":"https:\/\/stafit.ee\/ru\/wp-json\/wp\/v2\/media\/28543"}],"wp:attachment":[{"href":"https:\/\/stafit.ee\/ru\/wp-json\/wp\/v2\/media?parent=28545"}],"wp:term":[{"taxonomy":"pwb-brand","embeddable":true,"href":"https:\/\/stafit.ee\/ru\/wp-json\/wp\/v2\/pwb-brand?post=28545"},{"taxonomy":"product_brand","embeddable":true,"href":"https:\/\/stafit.ee\/ru\/wp-json\/wp\/v2\/product_brand?post=28545"},{"taxonomy":"product_cat","embeddable":true,"href":"https:\/\/stafit.ee\/ru\/wp-json\/wp\/v2\/product_cat?post=28545"},{"taxonomy":"product_tag","embeddable":true,"href":"https:\/\/stafit.ee\/ru\/wp-json\/wp\/v2\/product_tag?post=28545"}],"curies":[{"name":"wp","href":"https:\/\/api.w.org\/{rel}","templated":true}]}}